{"id":91045,"date":"2023-08-30T05:10:14","date_gmt":"2023-08-30T05:10:14","guid":{"rendered":"https:\/\/bobimarket.pl\/index.php\/produkt\/skrzynka-uciosowa-plastikowa-wielokatowa-2\/"},"modified":"2025-02-27T15:38:41","modified_gmt":"2025-02-27T15:38:41","slug":"skrzynka-uciosowa-plastikowa-wielokatowa-2","status":"publish","type":"product","link":"https:\/\/bobimarket.pl\/index.php\/produkt\/skrzynka-uciosowa-plastikowa-wielokatowa-2\/","title":{"rendered":"SKRZYNKA UCIOSOWA PLASTIKOWA WIELOK\u0104TOWA 2&#8243;"},"content":{"rendered":"<section class=\"section\">\n<div class=\"item item-6\">\n<section class=\"image-item\">\n            <img decoding=\"async\" src=\"https:\/\/upload.cdn.baselinker.com\/products\/14476\/f99e5d1916def86075b8ddd87eda0ab8.jpg\" \/><br \/>\n        <\/section>\n<\/p><\/div>\n<div class=\"item item-6\">\n<section class=\"text-item\">\n<h2>SKRZYNKA UCIOSOWA PLASTIKOWA WIELOK\u0104TOWA 2&#8243;<\/h2>\n<p><b>Informacje og\u00f3lne:<\/b><\/p>\n<ul>\n<li>Szeroko\u015b\u0107: <b>8,5 cm<\/b><\/li>\n<li>D\u0142ugo\u015b\u0107: <b>23,5 cm<\/b><\/li>\n<li>Wysoko\u015b\u0107: <b>7 cm<\/b><\/li>\n<li>Materia\u0142:<b> tworzywo <\/b><\/li>\n<li>Skrzynka do ci\u0119cia pod k\u0105tem: 22,5\u2070, 45\u2070, 90\u2070<\/li>\n<\/ul>\n<p><b>Wymiary wewn\u0119trzne skrzynki: <\/b><\/p>\n<ul>\n<li><b>D\u0142ugo\u015b\u0107:23,2 cm <\/b><\/li>\n<li><b>Szeroko\u015b\u0107: 5,2 cm <\/b><\/li>\n<li><b>Wysoko\u015b\u0107: 5,5 cm <\/b><\/li>\n<\/ul>\n<\/section><\/div>\n<\/section>\n<section class=\"section\">\n<div class=\"item item-6\">\n<section class=\"image-item\">\n            <img decoding=\"async\" src=\"https:\/\/upload.cdn.baselinker.com\/products\/14476\/f99e5d1916def86075b8ddd87eda0ab8.jpg\" \/><br \/>\n        <\/section>\n<\/p><\/div>\n<div class=\"item item-6\">\n<section class=\"text-item\">\n<h2>Solidna skrzynka uciosowa wielok\u0105towa!<\/h2>\n<p>Skrzynka uciosowa przeznaczona do ci\u0119cia drewna. Narz\u0119dzie u\u0142atwi prac\u0119 ka\u017cdemu majsterkowiczowi. Skrzynk\u0119 wykonano z wytrzyma\u0142ego tworzywa, co b\u0119dzie owocowa\u0142o d\u0142ugim okresem u\u017cytkowania.<\/p>\n<ul>\n<li>U\u0142atwi przyci\u0119cie listew i innych drewnianych element\u00f3w pod odpowiednim k\u0105tem. Wykonaj ci\u0119cie pod wybranymi k\u0105tami: 22,5\u2070, 45\u2070, 90\u2070.<\/li>\n<li>Gwarantuje sprawn\u0105 i szybk\u0105 prac\u0119. Ci\u0119cie b\u0119dzie precyzyjnie wykonane.<\/li>\n<\/ul>\n<\/section><\/div>\n<\/section>\n<section class=\"section\">\n<div class=\"item item-6\">\n<section class=\"image-item\">\n            <img decoding=\"async\" src=\"https:\/\/upload.cdn.baselinker.com\/products\/14476\/f99e5d1916def86075b8ddd87eda0ab8.jpg\" \/><br \/>\n        <\/section>\n<\/p><\/div>\n<div class=\"item item-6\">\n<section class=\"text-item\">\n<h2>Zastosowanie:<\/h2>\n<p>Skrzynka uciosowa umo\u017cliwia wykonanie precyzyjnego ci\u0119cia pod wybranym k\u0105tem. Nadaje si\u0119 do obr\u00f3bki drewna i materia\u0142\u00f3w drewnopodobnych. Przyda si\u0119 podczas prac remontowych, budowlanych lub dekoratorskich. Najcz\u0119\u015bciej u\u017cywa si\u0119 jej z r\u0119czn\u0105 pi\u0142k\u0105.<\/p>\n<p><b>\u2705 Jak to dzia\u0142a ? Wykonaj ci\u0119cie w dw\u00f3ch prostych krokach.<\/b><\/p>\n<ol>\n<li>Umie\u015b\u0107 element, kt\u00f3ry b\u0119dzie przycinany w odpowiednim miejscu skrzynki.<\/li>\n<li>Ci\u0119cie wykonaj wzd\u0142u\u017c szczeliny, kt\u00f3ra odpowiada wybranemu katowi ci\u0119cia.<\/li>\n<\/ol>\n<\/section><\/div>\n<\/section>\n","protected":false},"excerpt":{"rendered":"<p>SKRZYNKA UCIOSOWA PLASTIKOWA WIELOK\u0104TOWA 2&#8243; Informacje og\u00f3lne: Szeroko\u015b\u0107: 8,5 cm D\u0142ugo\u015b\u0107: 23,5 cm Wysoko\u015b\u0107: 7 cm Materia\u0142: tworzywo Skrzynka do ci\u0119cia pod k\u0105tem: 22,5\u2070, 45\u2070, 90\u2070 Wymiary wewn\u0119trzne skrzynki: D\u0142ugo\u015b\u0107:23,2 cm Szeroko\u015b\u0107: 5,2 cm Wysoko\u015b\u0107: 5,5 cm Solidna skrzynka uciosowa wielok\u0105towa! Skrzynka uciosowa przeznaczona do ci\u0119cia drewna. Narz\u0119dzie u\u0142atwi prac\u0119 ka\u017cdemu majsterkowiczowi. Skrzynk\u0119 wykonano z<br \/><a class=\"more-link\" href=\"https:\/\/bobimarket.pl\/index.php\/produkt\/skrzynka-uciosowa-plastikowa-wielokatowa-2\/\"><br \/>\n        Czytaj wi\u0119cej<span class=\"screen-reader-text\"> &#8222;SKRZYNKA UCIOSOWA PLASTIKOWA WIELOK\u0104TOWA 2&#8243;&#8221;<\/span><\/a><\/p>\n","protected":false},"featured_media":91044,"template":"","meta":[],"product_cat":[8318],"product_tag":[],"yoast_head":"<!-- This site is optimized with the Yoast SEO plugin v21.0 - https:\/\/yoast.com\/wordpress\/plugins\/seo\/ -->\n<title>SKRZYNKA UCIOSOWA PLASTIKOWA WIELOK\u0104TOWA 2&quot; - BOBIMARKET.pl - Remontuj i urz\u0105dzaj z nami<\/title>\n<meta name=\"robots\" content=\"index, follow, max-snippet:-1, max-image-preview:large, max-video-preview:-1\" \/>\n<link rel=\"canonical\" href=\"https:\/\/bobimarket.pl\/index.php\/produkt\/skrzynka-uciosowa-plastikowa-wielokatowa-2\/\" \/>\n<meta property=\"og:locale\" content=\"pl_PL\" \/>\n<meta property=\"og:type\" content=\"article\" \/>\n<meta property=\"og:title\" content=\"SKRZYNKA UCIOSOWA PLASTIKOWA WIELOK\u0104TOWA 2&quot; - BOBIMARKET.pl - Remontuj i urz\u0105dzaj z nami\" \/>\n<meta property=\"og:description\" content=\"SKRZYNKA UCIOSOWA PLASTIKOWA WIELOK\u0104TOWA 2&#8243; Informacje og\u00f3lne: Szeroko\u015b\u0107: 8,5 cm D\u0142ugo\u015b\u0107: 23,5 cm Wysoko\u015b\u0107: 7 cm Materia\u0142: tworzywo Skrzynka do ci\u0119cia pod k\u0105tem: 22,5\u2070, 45\u2070, 90\u2070 Wymiary wewn\u0119trzne skrzynki: D\u0142ugo\u015b\u0107:23,2 cm Szeroko\u015b\u0107: 5,2 cm Wysoko\u015b\u0107: 5,5 cm Solidna skrzynka uciosowa wielok\u0105towa! Skrzynka uciosowa przeznaczona do ci\u0119cia drewna. Narz\u0119dzie u\u0142atwi prac\u0119 ka\u017cdemu majsterkowiczowi. Skrzynk\u0119 wykonano z     Czytaj wi\u0119cej &quot;SKRZYNKA UCIOSOWA PLASTIKOWA WIELOK\u0104TOWA 2&#8243;&quot;\" \/>\n<meta property=\"og:url\" content=\"https:\/\/bobimarket.pl\/index.php\/produkt\/skrzynka-uciosowa-plastikowa-wielokatowa-2\/\" \/>\n<meta property=\"og:site_name\" content=\"BOBIMARKET.pl - Remontuj i urz\u0105dzaj z nami\" \/>\n<meta property=\"article:modified_time\" content=\"2025-02-27T15:38:41+00:00\" \/>\n<meta property=\"og:image\" content=\"https:\/\/upload.cdn.baselinker.com\/products\/14476\/f99e5d1916def86075b8ddd87eda0ab8.jpg\" \/>\n<meta name=\"twitter:card\" content=\"summary_large_image\" \/>\n<meta name=\"twitter:label1\" content=\"Szacowany czas czytania\" \/>\n\t<meta name=\"twitter:data1\" content=\"1 minuta\" \/>\n<script type=\"application\/ld+json\" class=\"yoast-schema-graph\">{\"@context\":\"https:\/\/schema.org\",\"@graph\":[{\"@type\":\"WebPage\",\"@id\":\"https:\/\/bobimarket.pl\/index.php\/produkt\/skrzynka-uciosowa-plastikowa-wielokatowa-2\/\",\"url\":\"https:\/\/bobimarket.pl\/index.php\/produkt\/skrzynka-uciosowa-plastikowa-wielokatowa-2\/\",\"name\":\"SKRZYNKA UCIOSOWA PLASTIKOWA WIELOK\u0104TOWA 2\\\" - BOBIMARKET.pl - Remontuj i urz\u0105dzaj z nami\",\"isPartOf\":{\"@id\":\"https:\/\/bobimarket.pl\/#website\"},\"datePublished\":\"2023-08-30T05:10:14+00:00\",\"dateModified\":\"2025-02-27T15:38:41+00:00\",\"breadcrumb\":{\"@id\":\"https:\/\/bobimarket.pl\/index.php\/produkt\/skrzynka-uciosowa-plastikowa-wielokatowa-2\/#breadcrumb\"},\"inLanguage\":\"pl-PL\",\"potentialAction\":[{\"@type\":\"ReadAction\",\"target\":[\"https:\/\/bobimarket.pl\/index.php\/produkt\/skrzynka-uciosowa-plastikowa-wielokatowa-2\/\"]}]},{\"@type\":\"BreadcrumbList\",\"@id\":\"https:\/\/bobimarket.pl\/index.php\/produkt\/skrzynka-uciosowa-plastikowa-wielokatowa-2\/#breadcrumb\",\"itemListElement\":[{\"@type\":\"ListItem\",\"position\":1,\"name\":\"Strona g\u0142\u00f3wna\",\"item\":\"https:\/\/bobimarket.pl\/\"},{\"@type\":\"ListItem\",\"position\":2,\"name\":\"Sklep\",\"item\":\"https:\/\/bobimarket.pl\/index.php\/shop\/\"},{\"@type\":\"ListItem\",\"position\":3,\"name\":\"SKRZYNKA UCIOSOWA PLASTIKOWA WIELOK\u0104TOWA 2&#8243;\"}]},{\"@type\":\"WebSite\",\"@id\":\"https:\/\/bobimarket.pl\/#website\",\"url\":\"https:\/\/bobimarket.pl\/\",\"name\":\"BOBIMARKET.pl - Remontuj i urz\u0105dzaj z nami\",\"description\":\"Remontuj i urz\u0105dzaj z nami\",\"publisher\":{\"@id\":\"https:\/\/bobimarket.pl\/#organization\"},\"potentialAction\":[{\"@type\":\"SearchAction\",\"target\":{\"@type\":\"EntryPoint\",\"urlTemplate\":\"https:\/\/bobimarket.pl\/?s={search_term_string}\"},\"query-input\":\"required name=search_term_string\"}],\"inLanguage\":\"pl-PL\"},{\"@type\":\"Organization\",\"@id\":\"https:\/\/bobimarket.pl\/#organization\",\"name\":\"BOBIMARKET.pl\",\"url\":\"https:\/\/bobimarket.pl\/\",\"logo\":{\"@type\":\"ImageObject\",\"inLanguage\":\"pl-PL\",\"@id\":\"https:\/\/bobimarket.pl\/#\/schema\/logo\/image\/\",\"url\":\"https:\/\/bobimarket.pl\/wp-content\/uploads\/2021\/11\/slogan.png\",\"contentUrl\":\"https:\/\/bobimarket.pl\/wp-content\/uploads\/2021\/11\/slogan.png\",\"width\":2000,\"height\":384,\"caption\":\"BOBIMARKET.pl\"},\"image\":{\"@id\":\"https:\/\/bobimarket.pl\/#\/schema\/logo\/image\/\"}}]}<\/script>\n<!-- \/ Yoast SEO plugin. -->","yoast_head_json":{"title":"SKRZYNKA UCIOSOWA PLASTIKOWA WIELOK\u0104TOWA 2\" - BOBIMARKET.pl - Remontuj i urz\u0105dzaj z nami","robots":{"index":"index","follow":"follow","max-snippet":"max-snippet:-1","max-image-preview":"max-image-preview:large","max-video-preview":"max-video-preview:-1"},"canonical":"https:\/\/bobimarket.pl\/index.php\/produkt\/skrzynka-uciosowa-plastikowa-wielokatowa-2\/","og_locale":"pl_PL","og_type":"article","og_title":"SKRZYNKA UCIOSOWA PLASTIKOWA WIELOK\u0104TOWA 2\" - BOBIMARKET.pl - Remontuj i urz\u0105dzaj z nami","og_description":"SKRZYNKA UCIOSOWA PLASTIKOWA WIELOK\u0104TOWA 2&#8243; Informacje og\u00f3lne: Szeroko\u015b\u0107: 8,5 cm D\u0142ugo\u015b\u0107: 23,5 cm Wysoko\u015b\u0107: 7 cm Materia\u0142: tworzywo Skrzynka do ci\u0119cia pod k\u0105tem: 22,5\u2070, 45\u2070, 90\u2070 Wymiary wewn\u0119trzne skrzynki: D\u0142ugo\u015b\u0107:23,2 cm Szeroko\u015b\u0107: 5,2 cm Wysoko\u015b\u0107: 5,5 cm Solidna skrzynka uciosowa wielok\u0105towa! Skrzynka uciosowa przeznaczona do ci\u0119cia drewna. Narz\u0119dzie u\u0142atwi prac\u0119 ka\u017cdemu majsterkowiczowi. Skrzynk\u0119 wykonano z     Czytaj wi\u0119cej \"SKRZYNKA UCIOSOWA PLASTIKOWA WIELOK\u0104TOWA 2&#8243;\"","og_url":"https:\/\/bobimarket.pl\/index.php\/produkt\/skrzynka-uciosowa-plastikowa-wielokatowa-2\/","og_site_name":"BOBIMARKET.pl - Remontuj i urz\u0105dzaj z nami","article_modified_time":"2025-02-27T15:38:41+00:00","og_image":[{"url":"https:\/\/upload.cdn.baselinker.com\/products\/14476\/f99e5d1916def86075b8ddd87eda0ab8.jpg"}],"twitter_card":"summary_large_image","twitter_misc":{"Szacowany czas czytania":"1 minuta"},"schema":{"@context":"https:\/\/schema.org","@graph":[{"@type":"WebPage","@id":"https:\/\/bobimarket.pl\/index.php\/produkt\/skrzynka-uciosowa-plastikowa-wielokatowa-2\/","url":"https:\/\/bobimarket.pl\/index.php\/produkt\/skrzynka-uciosowa-plastikowa-wielokatowa-2\/","name":"SKRZYNKA UCIOSOWA PLASTIKOWA WIELOK\u0104TOWA 2\" - BOBIMARKET.pl - Remontuj i urz\u0105dzaj z nami","isPartOf":{"@id":"https:\/\/bobimarket.pl\/#website"},"datePublished":"2023-08-30T05:10:14+00:00","dateModified":"2025-02-27T15:38:41+00:00","breadcrumb":{"@id":"https:\/\/bobimarket.pl\/index.php\/produkt\/skrzynka-uciosowa-plastikowa-wielokatowa-2\/#breadcrumb"},"inLanguage":"pl-PL","potentialAction":[{"@type":"ReadAction","target":["https:\/\/bobimarket.pl\/index.php\/produkt\/skrzynka-uciosowa-plastikowa-wielokatowa-2\/"]}]},{"@type":"BreadcrumbList","@id":"https:\/\/bobimarket.pl\/index.php\/produkt\/skrzynka-uciosowa-plastikowa-wielokatowa-2\/#breadcrumb","itemListElement":[{"@type":"ListItem","position":1,"name":"Strona g\u0142\u00f3wna","item":"https:\/\/bobimarket.pl\/"},{"@type":"ListItem","position":2,"name":"Sklep","item":"https:\/\/bobimarket.pl\/index.php\/shop\/"},{"@type":"ListItem","position":3,"name":"SKRZYNKA UCIOSOWA PLASTIKOWA WIELOK\u0104TOWA 2&#8243;"}]},{"@type":"WebSite","@id":"https:\/\/bobimarket.pl\/#website","url":"https:\/\/bobimarket.pl\/","name":"BOBIMARKET.pl - Remontuj i urz\u0105dzaj z nami","description":"Remontuj i urz\u0105dzaj z nami","publisher":{"@id":"https:\/\/bobimarket.pl\/#organization"},"potentialAction":[{"@type":"SearchAction","target":{"@type":"EntryPoint","urlTemplate":"https:\/\/bobimarket.pl\/?s={search_term_string}"},"query-input":"required name=search_term_string"}],"inLanguage":"pl-PL"},{"@type":"Organization","@id":"https:\/\/bobimarket.pl\/#organization","name":"BOBIMARKET.pl","url":"https:\/\/bobimarket.pl\/","logo":{"@type":"ImageObject","inLanguage":"pl-PL","@id":"https:\/\/bobimarket.pl\/#\/schema\/logo\/image\/","url":"https:\/\/bobimarket.pl\/wp-content\/uploads\/2021\/11\/slogan.png","contentUrl":"https:\/\/bobimarket.pl\/wp-content\/uploads\/2021\/11\/slogan.png","width":2000,"height":384,"caption":"BOBIMARKET.pl"},"image":{"@id":"https:\/\/bobimarket.pl\/#\/schema\/logo\/image\/"}}]}},"_links":{"self":[{"href":"https:\/\/bobimarket.pl\/index.php\/wp-json\/wp\/v2\/product\/91045"}],"collection":[{"href":"https:\/\/bobimarket.pl\/index.php\/wp-json\/wp\/v2\/product"}],"about":[{"href":"https:\/\/bobimarket.pl\/index.php\/wp-json\/wp\/v2\/types\/product"}],"wp:featuredmedia":[{"embeddable":true,"href":"https:\/\/bobimarket.pl\/index.php\/wp-json\/wp\/v2\/media\/91044"}],"wp:attachment":[{"href":"https:\/\/bobimarket.pl\/index.php\/wp-json\/wp\/v2\/media?parent=91045"}],"wp:term":[{"taxonomy":"product_cat","embeddable":true,"href":"https:\/\/bobimarket.pl\/index.php\/wp-json\/wp\/v2\/product_cat?post=91045"},{"taxonomy":"product_tag","embeddable":true,"href":"https:\/\/bobimarket.pl\/index.php\/wp-json\/wp\/v2\/product_tag?post=91045"}],"curies":[{"name":"wp","href":"https:\/\/api.w.org\/{rel}","templated":true}]}}