{"id":91058,"date":"2023-08-30T05:11:04","date_gmt":"2023-08-30T05:11:04","guid":{"rendered":"https:\/\/bobimarket.pl\/index.php\/produkt\/klucze-imbusowe-hex-szesciokatne-2-10mm-imbus-8el\/"},"modified":"2025-02-27T15:38:56","modified_gmt":"2025-02-27T15:38:56","slug":"klucze-imbusowe-hex-szesciokatne-2-10mm-imbus-8el","status":"publish","type":"product","link":"https:\/\/bobimarket.pl\/index.php\/produkt\/klucze-imbusowe-hex-szesciokatne-2-10mm-imbus-8el\/","title":{"rendered":"KLUCZE IMBUSOWE HEX SZE\u015aCIOK\u0104TNE 2-10MM IMBUS 8el."},"content":{"rendered":"<section class=\"section\">\n<div class=\"item item-6\">\n<section class=\"image-item\">\n            <img decoding=\"async\" src=\"https:\/\/upload.cdn.baselinker.com\/products\/14476\/069893d3533fbcbfc95833d56c75d016.jpg\" \/><br \/>\n        <\/section>\n<\/p><\/div>\n<div class=\"item item-6\">\n<section class=\"text-item\">\n<h2>KLUCZE IMBUSOWE HEX SZE\u015aCIOK\u0104TNE 2-10MM IMBUS 8el.<\/h2>\n<p><b>\u2705 Dane techniczne:<\/b><\/p>\n<ul>\n<li>rodzaj: klucze sze\u015bciok\u0105tne<\/li>\n<li>Materia\u0142: stal w\u0119glowa<\/li>\n<\/ul>\n<p>Komplet sk\u0142ada si\u0119 z 8 element\u00f3w w r\u00f3\u017cnych rozmiarach. W zestawie znajduj\u0105 si\u0119 klucze:<\/p>\n<ul>\n<li>2 mm<\/li>\n<li>2,5mm<\/li>\n<li>3 mm<\/li>\n<li>4 mm<\/li>\n<li>5 mm<\/li>\n<li>6 mm<\/li>\n<li>8 mm<\/li>\n<li>10 mm<\/li>\n<\/ul>\n<\/section><\/div>\n<\/section>\n<section class=\"section\">\n<div class=\"item item-6\">\n<section class=\"image-item\">\n            <img decoding=\"async\" src=\"https:\/\/upload.cdn.baselinker.com\/products\/14476\/1e3d35898e171521fd42976f3c6a6fb7.jpg\" \/><br \/>\n        <\/section>\n<\/p><\/div>\n<div class=\"item item-6\">\n<section class=\"text-item\">\n<p>Podstawowy <b>zestaw kluczy imbusowych<\/b>, kt\u00f3re znajd\u0105 swoje praktyczne zastosowanie w \u015bci\u0105ganiu i mocowaniu element\u00f3w \u0142\u0105cz\u0105cych. Klucze wykonane ze <b>stali narz\u0119dziowej w\u0119glowej,<\/b> charakteryzuj\u0105 si\u0119 wytrzyma\u0142o\u015bci\u0105. Solidnie wykonane.<\/p>\n<ul>\n<li>Klucz <b>zawieszone na k\u00f3\u0142ku<\/b>, co zapobiega gubieniu si\u0119 poszczeg\u00f3lnych element\u00f3w zestawu i u\u0142awia ich u\u017cywanie.\u00a0<\/li>\n<li>Jedna z <b>ko\u0144c\u00f3wek przygi\u0119ta pod k\u0105tem<\/b> prostym, u\u0142atwia prac\u0119 w trudno dost\u0119pnych miejscach.<\/li>\n<li>Przydatny podczas wykonywania precyzyjnych prac z drobnymi elementami.<\/li>\n<\/ul>\n<\/section><\/div>\n<\/section>\n<section class=\"section\">\n<div class=\"item item-6\">\n<section class=\"image-item\">\n            <img decoding=\"async\" src=\"https:\/\/upload.cdn.baselinker.com\/products\/14476\/245f1cee7395cc3eaa72c23614b2e37e.jpg\" \/><br \/>\n        <\/section>\n<\/p><\/div>\n<div class=\"item item-6\">\n<section class=\"text-item\">\n<p><b>\u2705<\/b><b> Zastosowanie<\/b>:<\/p>\n<p>Klucz sze\u015bciok\u0105tny to jeden z najpopularniejszych rodzaj\u00f3w kluczy, s\u0142u\u017c\u0105cy do \u015bci\u0105gania i mocowania element\u00f3w \u0142\u0105cz\u0105cych oraz<b> do odkr\u0119canie lub dokr\u0119cania \u015brub.<\/b><\/p>\n<ul>\n<li>Klucz przyda si\u0119 ka\u017cdemu majsterkowiczowi i u\u0142atwi\u0105 prace w warsztacie. Sprawdzi si\u0119 r\u00f3wnie\u017c podczas wykonywania drobnych pracach domowych.<\/li>\n<\/ul>\n<\/section><\/div>\n<\/section>\n","protected":false},"excerpt":{"rendered":"<p>KLUCZE IMBUSOWE HEX SZE\u015aCIOK\u0104TNE 2-10MM IMBUS 8el. \u2705 Dane techniczne: rodzaj: klucze sze\u015bciok\u0105tne Materia\u0142: stal w\u0119glowa Komplet sk\u0142ada si\u0119 z 8 element\u00f3w w r\u00f3\u017cnych rozmiarach. W zestawie znajduj\u0105 si\u0119 klucze: 2 mm 2,5mm 3 mm 4 mm 5 mm 6 mm 8 mm 10 mm Podstawowy zestaw kluczy imbusowych, kt\u00f3re znajd\u0105 swoje praktyczne zastosowanie w<br \/><a class=\"more-link\" href=\"https:\/\/bobimarket.pl\/index.php\/produkt\/klucze-imbusowe-hex-szesciokatne-2-10mm-imbus-8el\/\"><br \/>\n        Czytaj wi\u0119cej<span class=\"screen-reader-text\"> &#8222;KLUCZE IMBUSOWE HEX SZE\u015aCIOK\u0104TNE 2-10MM IMBUS 8el.&#8221;<\/span><\/a><\/p>\n","protected":false},"featured_media":91055,"template":"","meta":[],"product_cat":[8142],"product_tag":[],"yoast_head":"<!-- This site is optimized with the Yoast SEO plugin v21.0 - https:\/\/yoast.com\/wordpress\/plugins\/seo\/ -->\n<title>KLUCZE IMBUSOWE HEX SZE\u015aCIOK\u0104TNE 2-10MM IMBUS 8el. - BOBIMARKET.pl - Remontuj i urz\u0105dzaj z nami<\/title>\n<meta name=\"robots\" content=\"index, follow, max-snippet:-1, max-image-preview:large, max-video-preview:-1\" \/>\n<link rel=\"canonical\" href=\"https:\/\/bobimarket.pl\/index.php\/produkt\/klucze-imbusowe-hex-szesciokatne-2-10mm-imbus-8el\/\" \/>\n<meta property=\"og:locale\" content=\"pl_PL\" \/>\n<meta property=\"og:type\" content=\"article\" \/>\n<meta property=\"og:title\" content=\"KLUCZE IMBUSOWE HEX SZE\u015aCIOK\u0104TNE 2-10MM IMBUS 8el. - BOBIMARKET.pl - Remontuj i urz\u0105dzaj z nami\" \/>\n<meta property=\"og:description\" content=\"KLUCZE IMBUSOWE HEX SZE\u015aCIOK\u0104TNE 2-10MM IMBUS 8el. \u2705 Dane techniczne: rodzaj: klucze sze\u015bciok\u0105tne Materia\u0142: stal w\u0119glowa Komplet sk\u0142ada si\u0119 z 8 element\u00f3w w r\u00f3\u017cnych rozmiarach. W zestawie znajduj\u0105 si\u0119 klucze: 2 mm 2,5mm 3 mm 4 mm 5 mm 6 mm 8 mm 10 mm Podstawowy zestaw kluczy imbusowych, kt\u00f3re znajd\u0105 swoje praktyczne zastosowanie w     Czytaj wi\u0119cej &quot;KLUCZE IMBUSOWE HEX SZE\u015aCIOK\u0104TNE 2-10MM IMBUS 8el.&quot;\" \/>\n<meta property=\"og:url\" content=\"https:\/\/bobimarket.pl\/index.php\/produkt\/klucze-imbusowe-hex-szesciokatne-2-10mm-imbus-8el\/\" \/>\n<meta property=\"og:site_name\" content=\"BOBIMARKET.pl - Remontuj i urz\u0105dzaj z nami\" \/>\n<meta property=\"article:modified_time\" content=\"2025-02-27T15:38:56+00:00\" \/>\n<meta property=\"og:image\" content=\"https:\/\/upload.cdn.baselinker.com\/products\/14476\/069893d3533fbcbfc95833d56c75d016.jpg\" \/>\n<meta name=\"twitter:card\" content=\"summary_large_image\" \/>\n<meta name=\"twitter:label1\" content=\"Szacowany czas czytania\" \/>\n\t<meta name=\"twitter:data1\" content=\"1 minuta\" \/>\n<script type=\"application\/ld+json\" class=\"yoast-schema-graph\">{\"@context\":\"https:\/\/schema.org\",\"@graph\":[{\"@type\":\"WebPage\",\"@id\":\"https:\/\/bobimarket.pl\/index.php\/produkt\/klucze-imbusowe-hex-szesciokatne-2-10mm-imbus-8el\/\",\"url\":\"https:\/\/bobimarket.pl\/index.php\/produkt\/klucze-imbusowe-hex-szesciokatne-2-10mm-imbus-8el\/\",\"name\":\"KLUCZE IMBUSOWE HEX SZE\u015aCIOK\u0104TNE 2-10MM IMBUS 8el. - BOBIMARKET.pl - Remontuj i urz\u0105dzaj z nami\",\"isPartOf\":{\"@id\":\"https:\/\/bobimarket.pl\/#website\"},\"datePublished\":\"2023-08-30T05:11:04+00:00\",\"dateModified\":\"2025-02-27T15:38:56+00:00\",\"breadcrumb\":{\"@id\":\"https:\/\/bobimarket.pl\/index.php\/produkt\/klucze-imbusowe-hex-szesciokatne-2-10mm-imbus-8el\/#breadcrumb\"},\"inLanguage\":\"pl-PL\",\"potentialAction\":[{\"@type\":\"ReadAction\",\"target\":[\"https:\/\/bobimarket.pl\/index.php\/produkt\/klucze-imbusowe-hex-szesciokatne-2-10mm-imbus-8el\/\"]}]},{\"@type\":\"BreadcrumbList\",\"@id\":\"https:\/\/bobimarket.pl\/index.php\/produkt\/klucze-imbusowe-hex-szesciokatne-2-10mm-imbus-8el\/#breadcrumb\",\"itemListElement\":[{\"@type\":\"ListItem\",\"position\":1,\"name\":\"Strona g\u0142\u00f3wna\",\"item\":\"https:\/\/bobimarket.pl\/\"},{\"@type\":\"ListItem\",\"position\":2,\"name\":\"Sklep\",\"item\":\"https:\/\/bobimarket.pl\/index.php\/shop\/\"},{\"@type\":\"ListItem\",\"position\":3,\"name\":\"KLUCZE IMBUSOWE HEX SZE\u015aCIOK\u0104TNE 2-10MM IMBUS 8el.\"}]},{\"@type\":\"WebSite\",\"@id\":\"https:\/\/bobimarket.pl\/#website\",\"url\":\"https:\/\/bobimarket.pl\/\",\"name\":\"BOBIMARKET.pl - Remontuj i urz\u0105dzaj z nami\",\"description\":\"Remontuj i urz\u0105dzaj z nami\",\"publisher\":{\"@id\":\"https:\/\/bobimarket.pl\/#organization\"},\"potentialAction\":[{\"@type\":\"SearchAction\",\"target\":{\"@type\":\"EntryPoint\",\"urlTemplate\":\"https:\/\/bobimarket.pl\/?s={search_term_string}\"},\"query-input\":\"required name=search_term_string\"}],\"inLanguage\":\"pl-PL\"},{\"@type\":\"Organization\",\"@id\":\"https:\/\/bobimarket.pl\/#organization\",\"name\":\"BOBIMARKET.pl\",\"url\":\"https:\/\/bobimarket.pl\/\",\"logo\":{\"@type\":\"ImageObject\",\"inLanguage\":\"pl-PL\",\"@id\":\"https:\/\/bobimarket.pl\/#\/schema\/logo\/image\/\",\"url\":\"https:\/\/bobimarket.pl\/wp-content\/uploads\/2021\/11\/slogan.png\",\"contentUrl\":\"https:\/\/bobimarket.pl\/wp-content\/uploads\/2021\/11\/slogan.png\",\"width\":2000,\"height\":384,\"caption\":\"BOBIMARKET.pl\"},\"image\":{\"@id\":\"https:\/\/bobimarket.pl\/#\/schema\/logo\/image\/\"}}]}<\/script>\n<!-- \/ Yoast SEO plugin. -->","yoast_head_json":{"title":"KLUCZE IMBUSOWE HEX SZE\u015aCIOK\u0104TNE 2-10MM IMBUS 8el. - BOBIMARKET.pl - Remontuj i urz\u0105dzaj z nami","robots":{"index":"index","follow":"follow","max-snippet":"max-snippet:-1","max-image-preview":"max-image-preview:large","max-video-preview":"max-video-preview:-1"},"canonical":"https:\/\/bobimarket.pl\/index.php\/produkt\/klucze-imbusowe-hex-szesciokatne-2-10mm-imbus-8el\/","og_locale":"pl_PL","og_type":"article","og_title":"KLUCZE IMBUSOWE HEX SZE\u015aCIOK\u0104TNE 2-10MM IMBUS 8el. - BOBIMARKET.pl - Remontuj i urz\u0105dzaj z nami","og_description":"KLUCZE IMBUSOWE HEX SZE\u015aCIOK\u0104TNE 2-10MM IMBUS 8el. \u2705 Dane techniczne: rodzaj: klucze sze\u015bciok\u0105tne Materia\u0142: stal w\u0119glowa Komplet sk\u0142ada si\u0119 z 8 element\u00f3w w r\u00f3\u017cnych rozmiarach. W zestawie znajduj\u0105 si\u0119 klucze: 2 mm 2,5mm 3 mm 4 mm 5 mm 6 mm 8 mm 10 mm Podstawowy zestaw kluczy imbusowych, kt\u00f3re znajd\u0105 swoje praktyczne zastosowanie w     Czytaj wi\u0119cej \"KLUCZE IMBUSOWE HEX SZE\u015aCIOK\u0104TNE 2-10MM IMBUS 8el.\"","og_url":"https:\/\/bobimarket.pl\/index.php\/produkt\/klucze-imbusowe-hex-szesciokatne-2-10mm-imbus-8el\/","og_site_name":"BOBIMARKET.pl - Remontuj i urz\u0105dzaj z nami","article_modified_time":"2025-02-27T15:38:56+00:00","og_image":[{"url":"https:\/\/upload.cdn.baselinker.com\/products\/14476\/069893d3533fbcbfc95833d56c75d016.jpg"}],"twitter_card":"summary_large_image","twitter_misc":{"Szacowany czas czytania":"1 minuta"},"schema":{"@context":"https:\/\/schema.org","@graph":[{"@type":"WebPage","@id":"https:\/\/bobimarket.pl\/index.php\/produkt\/klucze-imbusowe-hex-szesciokatne-2-10mm-imbus-8el\/","url":"https:\/\/bobimarket.pl\/index.php\/produkt\/klucze-imbusowe-hex-szesciokatne-2-10mm-imbus-8el\/","name":"KLUCZE IMBUSOWE HEX SZE\u015aCIOK\u0104TNE 2-10MM IMBUS 8el. - BOBIMARKET.pl - Remontuj i urz\u0105dzaj z nami","isPartOf":{"@id":"https:\/\/bobimarket.pl\/#website"},"datePublished":"2023-08-30T05:11:04+00:00","dateModified":"2025-02-27T15:38:56+00:00","breadcrumb":{"@id":"https:\/\/bobimarket.pl\/index.php\/produkt\/klucze-imbusowe-hex-szesciokatne-2-10mm-imbus-8el\/#breadcrumb"},"inLanguage":"pl-PL","potentialAction":[{"@type":"ReadAction","target":["https:\/\/bobimarket.pl\/index.php\/produkt\/klucze-imbusowe-hex-szesciokatne-2-10mm-imbus-8el\/"]}]},{"@type":"BreadcrumbList","@id":"https:\/\/bobimarket.pl\/index.php\/produkt\/klucze-imbusowe-hex-szesciokatne-2-10mm-imbus-8el\/#breadcrumb","itemListElement":[{"@type":"ListItem","position":1,"name":"Strona g\u0142\u00f3wna","item":"https:\/\/bobimarket.pl\/"},{"@type":"ListItem","position":2,"name":"Sklep","item":"https:\/\/bobimarket.pl\/index.php\/shop\/"},{"@type":"ListItem","position":3,"name":"KLUCZE IMBUSOWE HEX SZE\u015aCIOK\u0104TNE 2-10MM IMBUS 8el."}]},{"@type":"WebSite","@id":"https:\/\/bobimarket.pl\/#website","url":"https:\/\/bobimarket.pl\/","name":"BOBIMARKET.pl - Remontuj i urz\u0105dzaj z nami","description":"Remontuj i urz\u0105dzaj z nami","publisher":{"@id":"https:\/\/bobimarket.pl\/#organization"},"potentialAction":[{"@type":"SearchAction","target":{"@type":"EntryPoint","urlTemplate":"https:\/\/bobimarket.pl\/?s={search_term_string}"},"query-input":"required name=search_term_string"}],"inLanguage":"pl-PL"},{"@type":"Organization","@id":"https:\/\/bobimarket.pl\/#organization","name":"BOBIMARKET.pl","url":"https:\/\/bobimarket.pl\/","logo":{"@type":"ImageObject","inLanguage":"pl-PL","@id":"https:\/\/bobimarket.pl\/#\/schema\/logo\/image\/","url":"https:\/\/bobimarket.pl\/wp-content\/uploads\/2021\/11\/slogan.png","contentUrl":"https:\/\/bobimarket.pl\/wp-content\/uploads\/2021\/11\/slogan.png","width":2000,"height":384,"caption":"BOBIMARKET.pl"},"image":{"@id":"https:\/\/bobimarket.pl\/#\/schema\/logo\/image\/"}}]}},"_links":{"self":[{"href":"https:\/\/bobimarket.pl\/index.php\/wp-json\/wp\/v2\/product\/91058"}],"collection":[{"href":"https:\/\/bobimarket.pl\/index.php\/wp-json\/wp\/v2\/product"}],"about":[{"href":"https:\/\/bobimarket.pl\/index.php\/wp-json\/wp\/v2\/types\/product"}],"wp:featuredmedia":[{"embeddable":true,"href":"https:\/\/bobimarket.pl\/index.php\/wp-json\/wp\/v2\/media\/91055"}],"wp:attachment":[{"href":"https:\/\/bobimarket.pl\/index.php\/wp-json\/wp\/v2\/media?parent=91058"}],"wp:term":[{"taxonomy":"product_cat","embeddable":true,"href":"https:\/\/bobimarket.pl\/index.php\/wp-json\/wp\/v2\/product_cat?post=91058"},{"taxonomy":"product_tag","embeddable":true,"href":"https:\/\/bobimarket.pl\/index.php\/wp-json\/wp\/v2\/product_tag?post=91058"}],"curies":[{"name":"wp","href":"https:\/\/api.w.org\/{rel}","templated":true}]}}