{"id":91081,"date":"2023-08-30T05:12:30","date_gmt":"2023-08-30T05:12:30","guid":{"rendered":"https:\/\/bobimarket.pl\/index.php\/produkt\/poziomica-torpedo-3-libelle-z-magnesem-230mm\/"},"modified":"2025-02-27T15:39:11","modified_gmt":"2025-02-27T15:39:11","slug":"poziomica-torpedo-3-libelle-z-magnesem-230mm","status":"publish","type":"product","link":"https:\/\/bobimarket.pl\/index.php\/produkt\/poziomica-torpedo-3-libelle-z-magnesem-230mm\/","title":{"rendered":"POZIOMICA TORPEDO 3 LIBELLE Z MAGNESEM 230mm"},"content":{"rendered":"<section class=\"section\">\n<div class=\"item item-6\">\n<section class=\"image-item\">\n            <img decoding=\"async\" src=\"https:\/\/upload.cdn.baselinker.com\/products\/14476\/896cb92332003a12706b361f9f5e4c19.jpg\" \/><br \/>\n        <\/section>\n<\/p><\/div>\n<div class=\"item item-6\">\n<section class=\"text-item\">\n<h2>POZIOMICA TORPEDO 3 LIBELLE Z MAGNESEM 230mm<\/h2>\n<p><b>Dane techniczne:<\/b><\/p>\n<ul>\n<li>D\u0142ugo\u015b\u0107: <b>23 cm<\/b><\/li>\n<li>3 libele: <b>45 stopni, pion, poziom<\/b><\/li>\n<li>Rodzaj libelli: <b> p\u0119cherzykowa <\/b><\/li>\n<li>Materia\u0142: <b>tworzywo sztuczne <\/b><\/li>\n<li>Wyposa\u017cona w <b>magnes<\/b><\/li>\n<\/ul>\n<\/section><\/div>\n<\/section>\n<section class=\"section\">\n<div class=\"item item-6\">\n<section class=\"image-item\">\n            <img decoding=\"async\" src=\"https:\/\/upload.cdn.baselinker.com\/products\/14476\/be996c4a38bc9e7bc0f6ebeef727338f.jpg\" \/><br \/>\n        <\/section>\n<\/p><\/div>\n<div class=\"item item-6\">\n<section class=\"text-item\">\n<h2>Przydatny narz\u0119dzie na placu budowy!<\/h2>\n<p>Praktyczna poziomica o d\u0142ugo\u015bci 230 mm, jej podstawowym zadaniem jest wyznaczanie i <b>przenoszenie poziomu lub pionu na dowoln\u0105 powierzchni\u0119.<\/b><\/p>\n<ul>\n<li>Poziomica wykonana z solidnego i wytrzyma\u0142ego tworzywa sztucznego, co b\u0119dzie owocowa\u0142o d\u0142ugim okresem u\u017cytkowania.<\/li>\n<li>Niewielkie rozmiary sprawiaj\u0105, \u017ce mo\u017cna j\u0105 \u0142atwo transportowa\u0107. Z \u0142atwo\u015bci\u0105 zmie\u015bci si\u0119 w skrzynce narz\u0119dziowej lub w kieszonce w pasie z narz\u0119dziami. Zawsze b\u0119dzie dost\u0119pna pod r\u0119k\u0105.<\/li>\n<\/ul>\n<\/section><\/div>\n<\/section>\n<section class=\"section\">\n<div class=\"item item-6\">\n<section class=\"image-item\">\n            <img decoding=\"async\" src=\"https:\/\/upload.cdn.baselinker.com\/products\/14476\/3c3d563ec65be00566374295c5cd49ec.jpg\" \/><br \/>\n        <\/section>\n<\/p><\/div>\n<div class=\"item item-6\">\n<section class=\"text-item\">\n<p>\u2705 Wyposa\u017cona w 3 libele wyznaczaj\u0105ce pion, poziom i 45<b>\u00b0. <\/b><\/p>\n<p>\u2705 Wyposa\u017cona w du\u017cy magnes, u\u0142atwiaj\u0105cy pomiary na metalowych p\u0142aszczyznach.\u00a0<\/p>\n<p>\u2705 Zaokr\u0105glone boki amortyzuj\u0105 ewentualne uderzenia w \u015bcian\u0119. Zapobiegaj\u0105 r\u00f3wnie\u017c zarysowaniom na \u015bcianach itp.<\/p>\n<p>\u2705 Wygodna w u\u017cytkowaniu. Po\u0142o\u017cenie libeli jest widocze z pioni i poziomu.<\/p>\n<\/section><\/div>\n<\/section>\n<section class=\"section\">\n<div class=\"item item-6\">\n<section class=\"image-item\">\n            <img decoding=\"async\" src=\"https:\/\/upload.cdn.baselinker.com\/products\/14476\/141bb3bbc5343dab85cb42626542a6fb.jpg\" \/><br \/>\n        <\/section>\n<\/p><\/div>\n<div class=\"item item-6\">\n<section class=\"text-item\">\n<p>\u2705 <b>Zastosowanie:<\/b><\/p>\n<p>Poziomica jest przydatna w budownictwie oraz podczas wszelkich prac remontowych lub majsterkowaniu.<\/p>\n<ul>\n<li>Pozwala na precyzyjne wyznaczenie poziom\u00f3w p\u0142aszczyzn.<\/li>\n<li>Stosowana jest przy r\u00f3\u017cnego rodzaju pomiarach.<\/li>\n<li>Pomocna podczas wieszania obraz\u00f3w, monta\u017cu szafek lub malowania.<\/li>\n<li>Nadaje si\u0119 do wyznaczania punkt\u00f3w elektrycznych.<\/li>\n<\/ul>\n<\/section><\/div>\n<\/section>\n<section class=\"section\">\n<div class=\"item item-6\">\n<section class=\"image-item\">\n            <img decoding=\"async\" src=\"https:\/\/upload.cdn.baselinker.com\/products\/14476\/896cb92332003a12706b361f9f5e4c19.jpg\" \/><br \/>\n        <\/section>\n<\/p><\/div>\n<div class=\"item item-6\">\n<section class=\"image-item\">\n            <img decoding=\"async\" src=\"https:\/\/upload.cdn.baselinker.com\/products\/14476\/be996c4a38bc9e7bc0f6ebeef727338f.jpg\" \/><br \/>\n        <\/section>\n<\/p><\/div>\n<\/section>\n","protected":false},"excerpt":{"rendered":"<p>POZIOMICA TORPEDO 3 LIBELLE Z MAGNESEM 230mm Dane techniczne: D\u0142ugo\u015b\u0107: 23 cm 3 libele: 45 stopni, pion, poziom Rodzaj libelli: p\u0119cherzykowa Materia\u0142: tworzywo sztuczne Wyposa\u017cona w magnes Przydatny narz\u0119dzie na placu budowy! Praktyczna poziomica o d\u0142ugo\u015bci 230 mm, jej podstawowym zadaniem jest wyznaczanie i przenoszenie poziomu lub pionu na dowoln\u0105 powierzchni\u0119. Poziomica wykonana z solidnego<br \/><a class=\"more-link\" href=\"https:\/\/bobimarket.pl\/index.php\/produkt\/poziomica-torpedo-3-libelle-z-magnesem-230mm\/\"><br \/>\n        Czytaj wi\u0119cej<span class=\"screen-reader-text\"> &#8222;POZIOMICA TORPEDO 3 LIBELLE Z MAGNESEM 230mm&#8221;<\/span><\/a><\/p>\n","protected":false},"featured_media":91072,"template":"","meta":[],"product_cat":[8255],"product_tag":[],"yoast_head":"<!-- This site is optimized with the Yoast SEO plugin v21.0 - https:\/\/yoast.com\/wordpress\/plugins\/seo\/ -->\n<title>POZIOMICA TORPEDO 3 LIBELLE Z MAGNESEM 230mm - BOBIMARKET.pl - Remontuj i urz\u0105dzaj z nami<\/title>\n<meta name=\"robots\" content=\"index, follow, max-snippet:-1, max-image-preview:large, max-video-preview:-1\" \/>\n<link rel=\"canonical\" href=\"https:\/\/bobimarket.pl\/index.php\/produkt\/poziomica-torpedo-3-libelle-z-magnesem-230mm\/\" \/>\n<meta property=\"og:locale\" content=\"pl_PL\" \/>\n<meta property=\"og:type\" content=\"article\" \/>\n<meta property=\"og:title\" content=\"POZIOMICA TORPEDO 3 LIBELLE Z MAGNESEM 230mm - BOBIMARKET.pl - Remontuj i urz\u0105dzaj z nami\" \/>\n<meta property=\"og:description\" content=\"POZIOMICA TORPEDO 3 LIBELLE Z MAGNESEM 230mm Dane techniczne: D\u0142ugo\u015b\u0107: 23 cm 3 libele: 45 stopni, pion, poziom Rodzaj libelli: p\u0119cherzykowa Materia\u0142: tworzywo sztuczne Wyposa\u017cona w magnes Przydatny narz\u0119dzie na placu budowy! Praktyczna poziomica o d\u0142ugo\u015bci 230 mm, jej podstawowym zadaniem jest wyznaczanie i przenoszenie poziomu lub pionu na dowoln\u0105 powierzchni\u0119. Poziomica wykonana z solidnego     Czytaj wi\u0119cej &quot;POZIOMICA TORPEDO 3 LIBELLE Z MAGNESEM 230mm&quot;\" \/>\n<meta property=\"og:url\" content=\"https:\/\/bobimarket.pl\/index.php\/produkt\/poziomica-torpedo-3-libelle-z-magnesem-230mm\/\" \/>\n<meta property=\"og:site_name\" content=\"BOBIMARKET.pl - Remontuj i urz\u0105dzaj z nami\" \/>\n<meta property=\"article:modified_time\" content=\"2025-02-27T15:39:11+00:00\" \/>\n<meta property=\"og:image\" content=\"https:\/\/upload.cdn.baselinker.com\/products\/14476\/896cb92332003a12706b361f9f5e4c19.jpg\" \/>\n<meta name=\"twitter:card\" content=\"summary_large_image\" \/>\n<meta name=\"twitter:label1\" content=\"Szacowany czas czytania\" \/>\n\t<meta name=\"twitter:data1\" content=\"1 minuta\" \/>\n<script type=\"application\/ld+json\" class=\"yoast-schema-graph\">{\"@context\":\"https:\/\/schema.org\",\"@graph\":[{\"@type\":\"WebPage\",\"@id\":\"https:\/\/bobimarket.pl\/index.php\/produkt\/poziomica-torpedo-3-libelle-z-magnesem-230mm\/\",\"url\":\"https:\/\/bobimarket.pl\/index.php\/produkt\/poziomica-torpedo-3-libelle-z-magnesem-230mm\/\",\"name\":\"POZIOMICA TORPEDO 3 LIBELLE Z MAGNESEM 230mm - BOBIMARKET.pl - Remontuj i urz\u0105dzaj z nami\",\"isPartOf\":{\"@id\":\"https:\/\/bobimarket.pl\/#website\"},\"datePublished\":\"2023-08-30T05:12:30+00:00\",\"dateModified\":\"2025-02-27T15:39:11+00:00\",\"breadcrumb\":{\"@id\":\"https:\/\/bobimarket.pl\/index.php\/produkt\/poziomica-torpedo-3-libelle-z-magnesem-230mm\/#breadcrumb\"},\"inLanguage\":\"pl-PL\",\"potentialAction\":[{\"@type\":\"ReadAction\",\"target\":[\"https:\/\/bobimarket.pl\/index.php\/produkt\/poziomica-torpedo-3-libelle-z-magnesem-230mm\/\"]}]},{\"@type\":\"BreadcrumbList\",\"@id\":\"https:\/\/bobimarket.pl\/index.php\/produkt\/poziomica-torpedo-3-libelle-z-magnesem-230mm\/#breadcrumb\",\"itemListElement\":[{\"@type\":\"ListItem\",\"position\":1,\"name\":\"Strona g\u0142\u00f3wna\",\"item\":\"https:\/\/bobimarket.pl\/\"},{\"@type\":\"ListItem\",\"position\":2,\"name\":\"Sklep\",\"item\":\"https:\/\/bobimarket.pl\/index.php\/shop\/\"},{\"@type\":\"ListItem\",\"position\":3,\"name\":\"POZIOMICA TORPEDO 3 LIBELLE Z MAGNESEM 230mm\"}]},{\"@type\":\"WebSite\",\"@id\":\"https:\/\/bobimarket.pl\/#website\",\"url\":\"https:\/\/bobimarket.pl\/\",\"name\":\"BOBIMARKET.pl - Remontuj i urz\u0105dzaj z nami\",\"description\":\"Remontuj i urz\u0105dzaj z nami\",\"publisher\":{\"@id\":\"https:\/\/bobimarket.pl\/#organization\"},\"potentialAction\":[{\"@type\":\"SearchAction\",\"target\":{\"@type\":\"EntryPoint\",\"urlTemplate\":\"https:\/\/bobimarket.pl\/?s={search_term_string}\"},\"query-input\":\"required name=search_term_string\"}],\"inLanguage\":\"pl-PL\"},{\"@type\":\"Organization\",\"@id\":\"https:\/\/bobimarket.pl\/#organization\",\"name\":\"BOBIMARKET.pl\",\"url\":\"https:\/\/bobimarket.pl\/\",\"logo\":{\"@type\":\"ImageObject\",\"inLanguage\":\"pl-PL\",\"@id\":\"https:\/\/bobimarket.pl\/#\/schema\/logo\/image\/\",\"url\":\"https:\/\/bobimarket.pl\/wp-content\/uploads\/2021\/11\/slogan.png\",\"contentUrl\":\"https:\/\/bobimarket.pl\/wp-content\/uploads\/2021\/11\/slogan.png\",\"width\":2000,\"height\":384,\"caption\":\"BOBIMARKET.pl\"},\"image\":{\"@id\":\"https:\/\/bobimarket.pl\/#\/schema\/logo\/image\/\"}}]}<\/script>\n<!-- \/ Yoast SEO plugin. -->","yoast_head_json":{"title":"POZIOMICA TORPEDO 3 LIBELLE Z MAGNESEM 230mm - BOBIMARKET.pl - Remontuj i urz\u0105dzaj z nami","robots":{"index":"index","follow":"follow","max-snippet":"max-snippet:-1","max-image-preview":"max-image-preview:large","max-video-preview":"max-video-preview:-1"},"canonical":"https:\/\/bobimarket.pl\/index.php\/produkt\/poziomica-torpedo-3-libelle-z-magnesem-230mm\/","og_locale":"pl_PL","og_type":"article","og_title":"POZIOMICA TORPEDO 3 LIBELLE Z MAGNESEM 230mm - BOBIMARKET.pl - Remontuj i urz\u0105dzaj z nami","og_description":"POZIOMICA TORPEDO 3 LIBELLE Z MAGNESEM 230mm Dane techniczne: D\u0142ugo\u015b\u0107: 23 cm 3 libele: 45 stopni, pion, poziom Rodzaj libelli: p\u0119cherzykowa Materia\u0142: tworzywo sztuczne Wyposa\u017cona w magnes Przydatny narz\u0119dzie na placu budowy! Praktyczna poziomica o d\u0142ugo\u015bci 230 mm, jej podstawowym zadaniem jest wyznaczanie i przenoszenie poziomu lub pionu na dowoln\u0105 powierzchni\u0119. Poziomica wykonana z solidnego     Czytaj wi\u0119cej \"POZIOMICA TORPEDO 3 LIBELLE Z MAGNESEM 230mm\"","og_url":"https:\/\/bobimarket.pl\/index.php\/produkt\/poziomica-torpedo-3-libelle-z-magnesem-230mm\/","og_site_name":"BOBIMARKET.pl - Remontuj i urz\u0105dzaj z nami","article_modified_time":"2025-02-27T15:39:11+00:00","og_image":[{"url":"https:\/\/upload.cdn.baselinker.com\/products\/14476\/896cb92332003a12706b361f9f5e4c19.jpg"}],"twitter_card":"summary_large_image","twitter_misc":{"Szacowany czas czytania":"1 minuta"},"schema":{"@context":"https:\/\/schema.org","@graph":[{"@type":"WebPage","@id":"https:\/\/bobimarket.pl\/index.php\/produkt\/poziomica-torpedo-3-libelle-z-magnesem-230mm\/","url":"https:\/\/bobimarket.pl\/index.php\/produkt\/poziomica-torpedo-3-libelle-z-magnesem-230mm\/","name":"POZIOMICA TORPEDO 3 LIBELLE Z MAGNESEM 230mm - BOBIMARKET.pl - Remontuj i urz\u0105dzaj z nami","isPartOf":{"@id":"https:\/\/bobimarket.pl\/#website"},"datePublished":"2023-08-30T05:12:30+00:00","dateModified":"2025-02-27T15:39:11+00:00","breadcrumb":{"@id":"https:\/\/bobimarket.pl\/index.php\/produkt\/poziomica-torpedo-3-libelle-z-magnesem-230mm\/#breadcrumb"},"inLanguage":"pl-PL","potentialAction":[{"@type":"ReadAction","target":["https:\/\/bobimarket.pl\/index.php\/produkt\/poziomica-torpedo-3-libelle-z-magnesem-230mm\/"]}]},{"@type":"BreadcrumbList","@id":"https:\/\/bobimarket.pl\/index.php\/produkt\/poziomica-torpedo-3-libelle-z-magnesem-230mm\/#breadcrumb","itemListElement":[{"@type":"ListItem","position":1,"name":"Strona g\u0142\u00f3wna","item":"https:\/\/bobimarket.pl\/"},{"@type":"ListItem","position":2,"name":"Sklep","item":"https:\/\/bobimarket.pl\/index.php\/shop\/"},{"@type":"ListItem","position":3,"name":"POZIOMICA TORPEDO 3 LIBELLE Z MAGNESEM 230mm"}]},{"@type":"WebSite","@id":"https:\/\/bobimarket.pl\/#website","url":"https:\/\/bobimarket.pl\/","name":"BOBIMARKET.pl - Remontuj i urz\u0105dzaj z nami","description":"Remontuj i urz\u0105dzaj z nami","publisher":{"@id":"https:\/\/bobimarket.pl\/#organization"},"potentialAction":[{"@type":"SearchAction","target":{"@type":"EntryPoint","urlTemplate":"https:\/\/bobimarket.pl\/?s={search_term_string}"},"query-input":"required name=search_term_string"}],"inLanguage":"pl-PL"},{"@type":"Organization","@id":"https:\/\/bobimarket.pl\/#organization","name":"BOBIMARKET.pl","url":"https:\/\/bobimarket.pl\/","logo":{"@type":"ImageObject","inLanguage":"pl-PL","@id":"https:\/\/bobimarket.pl\/#\/schema\/logo\/image\/","url":"https:\/\/bobimarket.pl\/wp-content\/uploads\/2021\/11\/slogan.png","contentUrl":"https:\/\/bobimarket.pl\/wp-content\/uploads\/2021\/11\/slogan.png","width":2000,"height":384,"caption":"BOBIMARKET.pl"},"image":{"@id":"https:\/\/bobimarket.pl\/#\/schema\/logo\/image\/"}}]}},"_links":{"self":[{"href":"https:\/\/bobimarket.pl\/index.php\/wp-json\/wp\/v2\/product\/91081"}],"collection":[{"href":"https:\/\/bobimarket.pl\/index.php\/wp-json\/wp\/v2\/product"}],"about":[{"href":"https:\/\/bobimarket.pl\/index.php\/wp-json\/wp\/v2\/types\/product"}],"wp:featuredmedia":[{"embeddable":true,"href":"https:\/\/bobimarket.pl\/index.php\/wp-json\/wp\/v2\/media\/91072"}],"wp:attachment":[{"href":"https:\/\/bobimarket.pl\/index.php\/wp-json\/wp\/v2\/media?parent=91081"}],"wp:term":[{"taxonomy":"product_cat","embeddable":true,"href":"https:\/\/bobimarket.pl\/index.php\/wp-json\/wp\/v2\/product_cat?post=91081"},{"taxonomy":"product_tag","embeddable":true,"href":"https:\/\/bobimarket.pl\/index.php\/wp-json\/wp\/v2\/product_tag?post=91081"}],"curies":[{"name":"wp","href":"https:\/\/api.w.org\/{rel}","templated":true}]}}