{"id":91133,"date":"2023-08-30T05:14:53","date_gmt":"2023-08-30T05:14:53","guid":{"rendered":"https:\/\/bobimarket.pl\/index.php\/produkt\/zaslepka-nakretka-do-butli-turysty-3-8-mosiadz\/"},"modified":"2025-02-27T15:40:41","modified_gmt":"2025-02-27T15:40:41","slug":"zaslepka-nakretka-do-butli-turysty-3-8-mosiadz","status":"publish","type":"product","link":"https:\/\/bobimarket.pl\/index.php\/produkt\/zaslepka-nakretka-do-butli-turysty-3-8-mosiadz\/","title":{"rendered":"ZA\u015aLEPKA NAKR\u0118TKA DO BUTLI TURYSTY. 3\/8&#8242; MOSI\u0104DZ"},"content":{"rendered":"<section class=\"section\">\n<div class=\"item item-6\">\n<section class=\"image-item\">\n            <img decoding=\"async\" src=\"https:\/\/upload.cdn.baselinker.com\/products\/14476\/8989b2a92a487e7d54cc90e5c4e35d0f.jpg\" \/><br \/>\n        <\/section>\n<\/p><\/div>\n<div class=\"item item-6\">\n<section class=\"text-item\">\n<h2>ZA\u015aLEPKA NAKR\u0118TKA DO BUTLI TURYSTY. 3\/8&#8242; MOSI\u0104DZ<\/h2>\n<p><b>Informacje og\u00f3lne:<\/b><\/p>\n<ul>\n<li>\u015arednica gwintu: <b>3\/8&#8243;<\/b><\/li>\n<li>Materia\u0142: <b>mosi\u0105dz<\/b><\/li>\n<li>Rodzaj: <b>za\u015blepka do butli turystycznej<\/b><\/li>\n<\/ul>\n<\/section><\/div>\n<\/section>\n<section class=\"section\">\n<div class=\"item item-6\">\n<section class=\"image-item\">\n            <img decoding=\"async\" src=\"https:\/\/upload.cdn.baselinker.com\/products\/14476\/8989b2a92a487e7d54cc90e5c4e35d0f.jpg\" \/><br \/>\n        <\/section>\n<\/p><\/div>\n<div class=\"item item-6\">\n<section class=\"text-item\">\n<h2>Niewielki, ale bardzo praktyczny gad\u017cet!<\/h2>\n<p>Wielofunkcyjna za\u015blepka przeznaczona do monta\u017cu w<b> butlach turystycznych<\/b>. Wykonana z mosi\u0105dzu, co b\u0119dzie owocowa\u0142o d\u0142ugim okresem u\u017cytkowania.<\/p>\n<ul>\n<li>Za\u015blepka jest bardzo \u0142atwa w monta\u017cu. Nie potrzebujesz \u017cadnych dodatkowych narz\u0119dzi.<\/li>\n<\/ul>\n<\/section><\/div>\n<\/section>\n<section class=\"section\">\n<div class=\"item item-6\">\n<section class=\"image-item\">\n            <img decoding=\"async\" src=\"https:\/\/upload.cdn.baselinker.com\/products\/14476\/8989b2a92a487e7d54cc90e5c4e35d0f.jpg\" \/><br \/>\n        <\/section>\n<\/p><\/div>\n<div class=\"item item-6\">\n<section class=\"text-item\">\n<p><b>\u2705 Zastosowanie:<\/b><\/p>\n<p>Za\u015blepka zamontowana przy butli turystycznej zwi\u0119ksza nasze bezpiecze\u0144stwo. Nakr\u0119tka spe\u0142nia wiele funkcji:<\/p>\n<ul>\n<li>Zapobiega ulatnianiu si\u0119 gazu do pomieszcze\u0144.<\/li>\n<li>Chroni przed dostaniem si\u0119 zabrudze\u0144 do butli.<\/li>\n<li>Podnosi bezpiecze\u0144stwo podczas transportu butli.<\/li>\n<\/ul>\n<\/section><\/div>\n<\/section>\n","protected":false},"excerpt":{"rendered":"<p>ZA\u015aLEPKA NAKR\u0118TKA DO BUTLI TURYSTY. 3\/8&#8242; MOSI\u0104DZ Informacje og\u00f3lne: \u015arednica gwintu: 3\/8&#8243; Materia\u0142: mosi\u0105dz Rodzaj: za\u015blepka do butli turystycznej Niewielki, ale bardzo praktyczny gad\u017cet! Wielofunkcyjna za\u015blepka przeznaczona do monta\u017cu w butlach turystycznych. Wykonana z mosi\u0105dzu, co b\u0119dzie owocowa\u0142o d\u0142ugim okresem u\u017cytkowania. Za\u015blepka jest bardzo \u0142atwa w monta\u017cu. Nie potrzebujesz \u017cadnych dodatkowych narz\u0119dzi. \u2705 Zastosowanie: Za\u015blepka<br \/><a class=\"more-link\" href=\"https:\/\/bobimarket.pl\/index.php\/produkt\/zaslepka-nakretka-do-butli-turysty-3-8-mosiadz\/\"><br \/>\n        Czytaj wi\u0119cej<span class=\"screen-reader-text\"> &#8222;ZA\u015aLEPKA NAKR\u0118TKA DO BUTLI TURYSTY. 3\/8&#8242; MOSI\u0104DZ&#8221;<\/span><\/a><\/p>\n","protected":false},"featured_media":91132,"template":"","meta":[],"product_cat":[8153],"product_tag":[],"yoast_head":"<!-- This site is optimized with the Yoast SEO plugin v21.0 - https:\/\/yoast.com\/wordpress\/plugins\/seo\/ -->\n<title>ZA\u015aLEPKA NAKR\u0118TKA DO BUTLI TURYSTY. 3\/8&#039; MOSI\u0104DZ - BOBIMARKET.pl - Remontuj i urz\u0105dzaj z nami<\/title>\n<meta name=\"robots\" content=\"index, follow, max-snippet:-1, max-image-preview:large, max-video-preview:-1\" \/>\n<link rel=\"canonical\" href=\"https:\/\/bobimarket.pl\/index.php\/produkt\/zaslepka-nakretka-do-butli-turysty-3-8-mosiadz\/\" \/>\n<meta property=\"og:locale\" content=\"pl_PL\" \/>\n<meta property=\"og:type\" content=\"article\" \/>\n<meta property=\"og:title\" content=\"ZA\u015aLEPKA NAKR\u0118TKA DO BUTLI TURYSTY. 3\/8&#039; MOSI\u0104DZ - BOBIMARKET.pl - Remontuj i urz\u0105dzaj z nami\" \/>\n<meta property=\"og:description\" content=\"ZA\u015aLEPKA NAKR\u0118TKA DO BUTLI TURYSTY. 3\/8&#8242; MOSI\u0104DZ Informacje og\u00f3lne: \u015arednica gwintu: 3\/8&#8243; Materia\u0142: mosi\u0105dz Rodzaj: za\u015blepka do butli turystycznej Niewielki, ale bardzo praktyczny gad\u017cet! Wielofunkcyjna za\u015blepka przeznaczona do monta\u017cu w butlach turystycznych. Wykonana z mosi\u0105dzu, co b\u0119dzie owocowa\u0142o d\u0142ugim okresem u\u017cytkowania. Za\u015blepka jest bardzo \u0142atwa w monta\u017cu. Nie potrzebujesz \u017cadnych dodatkowych narz\u0119dzi. \u2705 Zastosowanie: Za\u015blepka     Czytaj wi\u0119cej &quot;ZA\u015aLEPKA NAKR\u0118TKA DO BUTLI TURYSTY. 3\/8&#8242; MOSI\u0104DZ&quot;\" \/>\n<meta property=\"og:url\" content=\"https:\/\/bobimarket.pl\/index.php\/produkt\/zaslepka-nakretka-do-butli-turysty-3-8-mosiadz\/\" \/>\n<meta property=\"og:site_name\" content=\"BOBIMARKET.pl - Remontuj i urz\u0105dzaj z nami\" \/>\n<meta property=\"article:modified_time\" content=\"2025-02-27T15:40:41+00:00\" \/>\n<meta property=\"og:image\" content=\"https:\/\/upload.cdn.baselinker.com\/products\/14476\/8989b2a92a487e7d54cc90e5c4e35d0f.jpg\" \/>\n<meta name=\"twitter:card\" content=\"summary_large_image\" \/>\n<meta name=\"twitter:label1\" content=\"Szacowany czas czytania\" \/>\n\t<meta name=\"twitter:data1\" content=\"1 minuta\" \/>\n<script type=\"application\/ld+json\" class=\"yoast-schema-graph\">{\"@context\":\"https:\/\/schema.org\",\"@graph\":[{\"@type\":\"WebPage\",\"@id\":\"https:\/\/bobimarket.pl\/index.php\/produkt\/zaslepka-nakretka-do-butli-turysty-3-8-mosiadz\/\",\"url\":\"https:\/\/bobimarket.pl\/index.php\/produkt\/zaslepka-nakretka-do-butli-turysty-3-8-mosiadz\/\",\"name\":\"ZA\u015aLEPKA NAKR\u0118TKA DO BUTLI TURYSTY. 3\/8' MOSI\u0104DZ - BOBIMARKET.pl - Remontuj i urz\u0105dzaj z nami\",\"isPartOf\":{\"@id\":\"https:\/\/bobimarket.pl\/#website\"},\"datePublished\":\"2023-08-30T05:14:53+00:00\",\"dateModified\":\"2025-02-27T15:40:41+00:00\",\"breadcrumb\":{\"@id\":\"https:\/\/bobimarket.pl\/index.php\/produkt\/zaslepka-nakretka-do-butli-turysty-3-8-mosiadz\/#breadcrumb\"},\"inLanguage\":\"pl-PL\",\"potentialAction\":[{\"@type\":\"ReadAction\",\"target\":[\"https:\/\/bobimarket.pl\/index.php\/produkt\/zaslepka-nakretka-do-butli-turysty-3-8-mosiadz\/\"]}]},{\"@type\":\"BreadcrumbList\",\"@id\":\"https:\/\/bobimarket.pl\/index.php\/produkt\/zaslepka-nakretka-do-butli-turysty-3-8-mosiadz\/#breadcrumb\",\"itemListElement\":[{\"@type\":\"ListItem\",\"position\":1,\"name\":\"Strona g\u0142\u00f3wna\",\"item\":\"https:\/\/bobimarket.pl\/\"},{\"@type\":\"ListItem\",\"position\":2,\"name\":\"Sklep\",\"item\":\"https:\/\/bobimarket.pl\/index.php\/shop\/\"},{\"@type\":\"ListItem\",\"position\":3,\"name\":\"ZA\u015aLEPKA NAKR\u0118TKA DO BUTLI TURYSTY. 3\/8&#8242; MOSI\u0104DZ\"}]},{\"@type\":\"WebSite\",\"@id\":\"https:\/\/bobimarket.pl\/#website\",\"url\":\"https:\/\/bobimarket.pl\/\",\"name\":\"BOBIMARKET.pl - Remontuj i urz\u0105dzaj z nami\",\"description\":\"Remontuj i urz\u0105dzaj z nami\",\"publisher\":{\"@id\":\"https:\/\/bobimarket.pl\/#organization\"},\"potentialAction\":[{\"@type\":\"SearchAction\",\"target\":{\"@type\":\"EntryPoint\",\"urlTemplate\":\"https:\/\/bobimarket.pl\/?s={search_term_string}\"},\"query-input\":\"required name=search_term_string\"}],\"inLanguage\":\"pl-PL\"},{\"@type\":\"Organization\",\"@id\":\"https:\/\/bobimarket.pl\/#organization\",\"name\":\"BOBIMARKET.pl\",\"url\":\"https:\/\/bobimarket.pl\/\",\"logo\":{\"@type\":\"ImageObject\",\"inLanguage\":\"pl-PL\",\"@id\":\"https:\/\/bobimarket.pl\/#\/schema\/logo\/image\/\",\"url\":\"https:\/\/bobimarket.pl\/wp-content\/uploads\/2021\/11\/slogan.png\",\"contentUrl\":\"https:\/\/bobimarket.pl\/wp-content\/uploads\/2021\/11\/slogan.png\",\"width\":2000,\"height\":384,\"caption\":\"BOBIMARKET.pl\"},\"image\":{\"@id\":\"https:\/\/bobimarket.pl\/#\/schema\/logo\/image\/\"}}]}<\/script>\n<!-- \/ Yoast SEO plugin. -->","yoast_head_json":{"title":"ZA\u015aLEPKA NAKR\u0118TKA DO BUTLI TURYSTY. 3\/8' MOSI\u0104DZ - BOBIMARKET.pl - Remontuj i urz\u0105dzaj z nami","robots":{"index":"index","follow":"follow","max-snippet":"max-snippet:-1","max-image-preview":"max-image-preview:large","max-video-preview":"max-video-preview:-1"},"canonical":"https:\/\/bobimarket.pl\/index.php\/produkt\/zaslepka-nakretka-do-butli-turysty-3-8-mosiadz\/","og_locale":"pl_PL","og_type":"article","og_title":"ZA\u015aLEPKA NAKR\u0118TKA DO BUTLI TURYSTY. 3\/8' MOSI\u0104DZ - BOBIMARKET.pl - Remontuj i urz\u0105dzaj z nami","og_description":"ZA\u015aLEPKA NAKR\u0118TKA DO BUTLI TURYSTY. 3\/8&#8242; MOSI\u0104DZ Informacje og\u00f3lne: \u015arednica gwintu: 3\/8&#8243; Materia\u0142: mosi\u0105dz Rodzaj: za\u015blepka do butli turystycznej Niewielki, ale bardzo praktyczny gad\u017cet! Wielofunkcyjna za\u015blepka przeznaczona do monta\u017cu w butlach turystycznych. Wykonana z mosi\u0105dzu, co b\u0119dzie owocowa\u0142o d\u0142ugim okresem u\u017cytkowania. Za\u015blepka jest bardzo \u0142atwa w monta\u017cu. Nie potrzebujesz \u017cadnych dodatkowych narz\u0119dzi. \u2705 Zastosowanie: Za\u015blepka     Czytaj wi\u0119cej \"ZA\u015aLEPKA NAKR\u0118TKA DO BUTLI TURYSTY. 3\/8&#8242; MOSI\u0104DZ\"","og_url":"https:\/\/bobimarket.pl\/index.php\/produkt\/zaslepka-nakretka-do-butli-turysty-3-8-mosiadz\/","og_site_name":"BOBIMARKET.pl - Remontuj i urz\u0105dzaj z nami","article_modified_time":"2025-02-27T15:40:41+00:00","og_image":[{"url":"https:\/\/upload.cdn.baselinker.com\/products\/14476\/8989b2a92a487e7d54cc90e5c4e35d0f.jpg"}],"twitter_card":"summary_large_image","twitter_misc":{"Szacowany czas czytania":"1 minuta"},"schema":{"@context":"https:\/\/schema.org","@graph":[{"@type":"WebPage","@id":"https:\/\/bobimarket.pl\/index.php\/produkt\/zaslepka-nakretka-do-butli-turysty-3-8-mosiadz\/","url":"https:\/\/bobimarket.pl\/index.php\/produkt\/zaslepka-nakretka-do-butli-turysty-3-8-mosiadz\/","name":"ZA\u015aLEPKA NAKR\u0118TKA DO BUTLI TURYSTY. 3\/8' MOSI\u0104DZ - BOBIMARKET.pl - Remontuj i urz\u0105dzaj z nami","isPartOf":{"@id":"https:\/\/bobimarket.pl\/#website"},"datePublished":"2023-08-30T05:14:53+00:00","dateModified":"2025-02-27T15:40:41+00:00","breadcrumb":{"@id":"https:\/\/bobimarket.pl\/index.php\/produkt\/zaslepka-nakretka-do-butli-turysty-3-8-mosiadz\/#breadcrumb"},"inLanguage":"pl-PL","potentialAction":[{"@type":"ReadAction","target":["https:\/\/bobimarket.pl\/index.php\/produkt\/zaslepka-nakretka-do-butli-turysty-3-8-mosiadz\/"]}]},{"@type":"BreadcrumbList","@id":"https:\/\/bobimarket.pl\/index.php\/produkt\/zaslepka-nakretka-do-butli-turysty-3-8-mosiadz\/#breadcrumb","itemListElement":[{"@type":"ListItem","position":1,"name":"Strona g\u0142\u00f3wna","item":"https:\/\/bobimarket.pl\/"},{"@type":"ListItem","position":2,"name":"Sklep","item":"https:\/\/bobimarket.pl\/index.php\/shop\/"},{"@type":"ListItem","position":3,"name":"ZA\u015aLEPKA NAKR\u0118TKA DO BUTLI TURYSTY. 3\/8&#8242; MOSI\u0104DZ"}]},{"@type":"WebSite","@id":"https:\/\/bobimarket.pl\/#website","url":"https:\/\/bobimarket.pl\/","name":"BOBIMARKET.pl - Remontuj i urz\u0105dzaj z nami","description":"Remontuj i urz\u0105dzaj z nami","publisher":{"@id":"https:\/\/bobimarket.pl\/#organization"},"potentialAction":[{"@type":"SearchAction","target":{"@type":"EntryPoint","urlTemplate":"https:\/\/bobimarket.pl\/?s={search_term_string}"},"query-input":"required name=search_term_string"}],"inLanguage":"pl-PL"},{"@type":"Organization","@id":"https:\/\/bobimarket.pl\/#organization","name":"BOBIMARKET.pl","url":"https:\/\/bobimarket.pl\/","logo":{"@type":"ImageObject","inLanguage":"pl-PL","@id":"https:\/\/bobimarket.pl\/#\/schema\/logo\/image\/","url":"https:\/\/bobimarket.pl\/wp-content\/uploads\/2021\/11\/slogan.png","contentUrl":"https:\/\/bobimarket.pl\/wp-content\/uploads\/2021\/11\/slogan.png","width":2000,"height":384,"caption":"BOBIMARKET.pl"},"image":{"@id":"https:\/\/bobimarket.pl\/#\/schema\/logo\/image\/"}}]}},"_links":{"self":[{"href":"https:\/\/bobimarket.pl\/index.php\/wp-json\/wp\/v2\/product\/91133"}],"collection":[{"href":"https:\/\/bobimarket.pl\/index.php\/wp-json\/wp\/v2\/product"}],"about":[{"href":"https:\/\/bobimarket.pl\/index.php\/wp-json\/wp\/v2\/types\/product"}],"wp:featuredmedia":[{"embeddable":true,"href":"https:\/\/bobimarket.pl\/index.php\/wp-json\/wp\/v2\/media\/91132"}],"wp:attachment":[{"href":"https:\/\/bobimarket.pl\/index.php\/wp-json\/wp\/v2\/media?parent=91133"}],"wp:term":[{"taxonomy":"product_cat","embeddable":true,"href":"https:\/\/bobimarket.pl\/index.php\/wp-json\/wp\/v2\/product_cat?post=91133"},{"taxonomy":"product_tag","embeddable":true,"href":"https:\/\/bobimarket.pl\/index.php\/wp-json\/wp\/v2\/product_tag?post=91133"}],"curies":[{"name":"wp","href":"https:\/\/api.w.org\/{rel}","templated":true}]}}