{"id":91158,"date":"2023-08-30T05:16:31","date_gmt":"2023-08-30T05:16:31","guid":{"rendered":"https:\/\/bobimarket.pl\/index.php\/produkt\/pistolet-do-pianki-pian-piany-montazowej-metalowy-3\/"},"modified":"2025-02-27T15:40:59","modified_gmt":"2025-02-27T15:40:59","slug":"pistolet-do-pianki-pian-piany-montazowej-metalowy-3","status":"publish","type":"product","link":"https:\/\/bobimarket.pl\/index.php\/produkt\/pistolet-do-pianki-pian-piany-montazowej-metalowy-3\/","title":{"rendered":"PISTOLET DO PIANKI PIAN PIANY MONTA\u017bOWEJ METALOWY"},"content":{"rendered":"<section class=\"section\">\n<div class=\"item item-6\">\n<section class=\"image-item\">\n            <img decoding=\"async\" src=\"https:\/\/upload.cdn.baselinker.com\/products\/14476\/411a7aedbb0e0d01d9fb25c0de9e701f.jpg\" \/><br \/>\n        <\/section>\n<\/p><\/div>\n<div class=\"item item-6\">\n<section class=\"text-item\">\n<h2>PISTOLET DO PIANKI PIAN PIANY MONTA\u017bOWEJ METALOWY<\/h2>\n<p><b>Informacje og\u00f3lne: <\/b><\/p>\n<ul>\n<li>D\u0142ugo\u015b\u0107: <b>15,5 cm<\/b><\/li>\n<li>R\u0105czka: <b>metalowa<\/b><\/li>\n<li>Korpus: <b>tworzywo<\/b><\/li>\n<li>Zastosowanie: <b>do aplikacji piany monta\u017cowej w\u0119\u017cykowej PU<\/b><\/li>\n<\/ul>\n<\/section><\/div>\n<\/section>\n<section class=\"section\">\n<div class=\"item item-6\">\n<section class=\"image-item\">\n            <img decoding=\"async\" src=\"https:\/\/upload.cdn.baselinker.com\/products\/14476\/bc2ffb6d6d2ddd7b08e57d9cad72475c.jpg\" \/><br \/>\n        <\/section>\n<\/p><\/div>\n<div class=\"item item-6\">\n<section class=\"text-item\">\n<p><b>Przyrz\u0105d do aplikacji pianki, kt\u00f3ry u\u0142atwi Twoj\u0105 prac\u0119! <\/b><\/p>\n<p>Narz\u0119dzie przeznaczone jest do piany monta\u017cowej w\u0119\u017cykowej PU. Jest to ta\u0144sza alternatywa dla tradycyjnych pistolet\u00f3w do piany monta\u017cowej<\/p>\n<ul>\n<li>Solidna konstrukcja zapewnia \u017cywotno\u015b\u0107 narz\u0119dzia.<\/li>\n<li>Do zestawu do\u0142\u0105czone dwie plastikowe rurki.<\/li>\n<li>Konstrukcja r\u0119koje\u015b\u0107 zapewnia komfort pracy.<\/li>\n<li>Przyrz\u0105d jest \u0142atwy w monta\u017cu<\/li>\n<\/ul>\n<p><b>\u2705<\/b><b> Zastosowanie:<\/b><\/p>\n<p>Pistolet wykorzystywane jest g\u0142\u00f3wnie podczas prac budowlanych i instalacyjnych. Przeznaczony do wykonywania takich prac jak:<\/p>\n<ul>\n<li>uszczelnianie<\/li>\n<li>izolacja<\/li>\n<li>monta\u017c okien i drzwi<\/li>\n<li>wype\u0142nianie szczelin.<\/li>\n<\/ul>\n<\/section><\/div>\n<\/section>\n","protected":false},"excerpt":{"rendered":"<p>PISTOLET DO PIANKI PIAN PIANY MONTA\u017bOWEJ METALOWY Informacje og\u00f3lne: D\u0142ugo\u015b\u0107: 15,5 cm R\u0105czka: metalowa Korpus: tworzywo Zastosowanie: do aplikacji piany monta\u017cowej w\u0119\u017cykowej PU Przyrz\u0105d do aplikacji pianki, kt\u00f3ry u\u0142atwi Twoj\u0105 prac\u0119! Narz\u0119dzie przeznaczone jest do piany monta\u017cowej w\u0119\u017cykowej PU. Jest to ta\u0144sza alternatywa dla tradycyjnych pistolet\u00f3w do piany monta\u017cowej Solidna konstrukcja zapewnia \u017cywotno\u015b\u0107 narz\u0119dzia. Do<br \/><a class=\"more-link\" href=\"https:\/\/bobimarket.pl\/index.php\/produkt\/pistolet-do-pianki-pian-piany-montazowej-metalowy-3\/\"><br \/>\n        Czytaj wi\u0119cej<span class=\"screen-reader-text\"> &#8222;PISTOLET DO PIANKI PIAN PIANY MONTA\u017bOWEJ METALOWY&#8221;<\/span><\/a><\/p>\n","protected":false},"featured_media":91154,"template":"","meta":[],"product_cat":[8299],"product_tag":[],"yoast_head":"<!-- This site is optimized with the Yoast SEO plugin v21.0 - https:\/\/yoast.com\/wordpress\/plugins\/seo\/ -->\n<title>PISTOLET DO PIANKI PIAN PIANY MONTA\u017bOWEJ METALOWY - BOBIMARKET.pl - Remontuj i urz\u0105dzaj z nami<\/title>\n<meta name=\"robots\" content=\"index, follow, max-snippet:-1, max-image-preview:large, max-video-preview:-1\" \/>\n<link rel=\"canonical\" href=\"https:\/\/bobimarket.pl\/index.php\/produkt\/pistolet-do-pianki-pian-piany-montazowej-metalowy-3\/\" \/>\n<meta property=\"og:locale\" content=\"pl_PL\" \/>\n<meta property=\"og:type\" content=\"article\" \/>\n<meta property=\"og:title\" content=\"PISTOLET DO PIANKI PIAN PIANY MONTA\u017bOWEJ METALOWY - BOBIMARKET.pl - Remontuj i urz\u0105dzaj z nami\" \/>\n<meta property=\"og:description\" content=\"PISTOLET DO PIANKI PIAN PIANY MONTA\u017bOWEJ METALOWY Informacje og\u00f3lne: D\u0142ugo\u015b\u0107: 15,5 cm R\u0105czka: metalowa Korpus: tworzywo Zastosowanie: do aplikacji piany monta\u017cowej w\u0119\u017cykowej PU Przyrz\u0105d do aplikacji pianki, kt\u00f3ry u\u0142atwi Twoj\u0105 prac\u0119! Narz\u0119dzie przeznaczone jest do piany monta\u017cowej w\u0119\u017cykowej PU. Jest to ta\u0144sza alternatywa dla tradycyjnych pistolet\u00f3w do piany monta\u017cowej Solidna konstrukcja zapewnia \u017cywotno\u015b\u0107 narz\u0119dzia. Do     Czytaj wi\u0119cej &quot;PISTOLET DO PIANKI PIAN PIANY MONTA\u017bOWEJ METALOWY&quot;\" \/>\n<meta property=\"og:url\" content=\"https:\/\/bobimarket.pl\/index.php\/produkt\/pistolet-do-pianki-pian-piany-montazowej-metalowy-3\/\" \/>\n<meta property=\"og:site_name\" content=\"BOBIMARKET.pl - Remontuj i urz\u0105dzaj z nami\" \/>\n<meta property=\"article:modified_time\" content=\"2025-02-27T15:40:59+00:00\" \/>\n<meta property=\"og:image\" content=\"https:\/\/upload.cdn.baselinker.com\/products\/14476\/411a7aedbb0e0d01d9fb25c0de9e701f.jpg\" \/>\n<meta name=\"twitter:card\" content=\"summary_large_image\" \/>\n<meta name=\"twitter:label1\" content=\"Szacowany czas czytania\" \/>\n\t<meta name=\"twitter:data1\" content=\"1 minuta\" \/>\n<script type=\"application\/ld+json\" class=\"yoast-schema-graph\">{\"@context\":\"https:\/\/schema.org\",\"@graph\":[{\"@type\":\"WebPage\",\"@id\":\"https:\/\/bobimarket.pl\/index.php\/produkt\/pistolet-do-pianki-pian-piany-montazowej-metalowy-3\/\",\"url\":\"https:\/\/bobimarket.pl\/index.php\/produkt\/pistolet-do-pianki-pian-piany-montazowej-metalowy-3\/\",\"name\":\"PISTOLET DO PIANKI PIAN PIANY MONTA\u017bOWEJ METALOWY - BOBIMARKET.pl - Remontuj i urz\u0105dzaj z nami\",\"isPartOf\":{\"@id\":\"https:\/\/bobimarket.pl\/#website\"},\"datePublished\":\"2023-08-30T05:16:31+00:00\",\"dateModified\":\"2025-02-27T15:40:59+00:00\",\"breadcrumb\":{\"@id\":\"https:\/\/bobimarket.pl\/index.php\/produkt\/pistolet-do-pianki-pian-piany-montazowej-metalowy-3\/#breadcrumb\"},\"inLanguage\":\"pl-PL\",\"potentialAction\":[{\"@type\":\"ReadAction\",\"target\":[\"https:\/\/bobimarket.pl\/index.php\/produkt\/pistolet-do-pianki-pian-piany-montazowej-metalowy-3\/\"]}]},{\"@type\":\"BreadcrumbList\",\"@id\":\"https:\/\/bobimarket.pl\/index.php\/produkt\/pistolet-do-pianki-pian-piany-montazowej-metalowy-3\/#breadcrumb\",\"itemListElement\":[{\"@type\":\"ListItem\",\"position\":1,\"name\":\"Strona g\u0142\u00f3wna\",\"item\":\"https:\/\/bobimarket.pl\/\"},{\"@type\":\"ListItem\",\"position\":2,\"name\":\"Sklep\",\"item\":\"https:\/\/bobimarket.pl\/index.php\/shop\/\"},{\"@type\":\"ListItem\",\"position\":3,\"name\":\"PISTOLET DO PIANKI PIAN PIANY MONTA\u017bOWEJ METALOWY\"}]},{\"@type\":\"WebSite\",\"@id\":\"https:\/\/bobimarket.pl\/#website\",\"url\":\"https:\/\/bobimarket.pl\/\",\"name\":\"BOBIMARKET.pl - Remontuj i urz\u0105dzaj z nami\",\"description\":\"Remontuj i urz\u0105dzaj z nami\",\"publisher\":{\"@id\":\"https:\/\/bobimarket.pl\/#organization\"},\"potentialAction\":[{\"@type\":\"SearchAction\",\"target\":{\"@type\":\"EntryPoint\",\"urlTemplate\":\"https:\/\/bobimarket.pl\/?s={search_term_string}\"},\"query-input\":\"required name=search_term_string\"}],\"inLanguage\":\"pl-PL\"},{\"@type\":\"Organization\",\"@id\":\"https:\/\/bobimarket.pl\/#organization\",\"name\":\"BOBIMARKET.pl\",\"url\":\"https:\/\/bobimarket.pl\/\",\"logo\":{\"@type\":\"ImageObject\",\"inLanguage\":\"pl-PL\",\"@id\":\"https:\/\/bobimarket.pl\/#\/schema\/logo\/image\/\",\"url\":\"https:\/\/bobimarket.pl\/wp-content\/uploads\/2021\/11\/slogan.png\",\"contentUrl\":\"https:\/\/bobimarket.pl\/wp-content\/uploads\/2021\/11\/slogan.png\",\"width\":2000,\"height\":384,\"caption\":\"BOBIMARKET.pl\"},\"image\":{\"@id\":\"https:\/\/bobimarket.pl\/#\/schema\/logo\/image\/\"}}]}<\/script>\n<!-- \/ Yoast SEO plugin. -->","yoast_head_json":{"title":"PISTOLET DO PIANKI PIAN PIANY MONTA\u017bOWEJ METALOWY - BOBIMARKET.pl - Remontuj i urz\u0105dzaj z nami","robots":{"index":"index","follow":"follow","max-snippet":"max-snippet:-1","max-image-preview":"max-image-preview:large","max-video-preview":"max-video-preview:-1"},"canonical":"https:\/\/bobimarket.pl\/index.php\/produkt\/pistolet-do-pianki-pian-piany-montazowej-metalowy-3\/","og_locale":"pl_PL","og_type":"article","og_title":"PISTOLET DO PIANKI PIAN PIANY MONTA\u017bOWEJ METALOWY - BOBIMARKET.pl - Remontuj i urz\u0105dzaj z nami","og_description":"PISTOLET DO PIANKI PIAN PIANY MONTA\u017bOWEJ METALOWY Informacje og\u00f3lne: D\u0142ugo\u015b\u0107: 15,5 cm R\u0105czka: metalowa Korpus: tworzywo Zastosowanie: do aplikacji piany monta\u017cowej w\u0119\u017cykowej PU Przyrz\u0105d do aplikacji pianki, kt\u00f3ry u\u0142atwi Twoj\u0105 prac\u0119! Narz\u0119dzie przeznaczone jest do piany monta\u017cowej w\u0119\u017cykowej PU. Jest to ta\u0144sza alternatywa dla tradycyjnych pistolet\u00f3w do piany monta\u017cowej Solidna konstrukcja zapewnia \u017cywotno\u015b\u0107 narz\u0119dzia. Do     Czytaj wi\u0119cej \"PISTOLET DO PIANKI PIAN PIANY MONTA\u017bOWEJ METALOWY\"","og_url":"https:\/\/bobimarket.pl\/index.php\/produkt\/pistolet-do-pianki-pian-piany-montazowej-metalowy-3\/","og_site_name":"BOBIMARKET.pl - Remontuj i urz\u0105dzaj z nami","article_modified_time":"2025-02-27T15:40:59+00:00","og_image":[{"url":"https:\/\/upload.cdn.baselinker.com\/products\/14476\/411a7aedbb0e0d01d9fb25c0de9e701f.jpg"}],"twitter_card":"summary_large_image","twitter_misc":{"Szacowany czas czytania":"1 minuta"},"schema":{"@context":"https:\/\/schema.org","@graph":[{"@type":"WebPage","@id":"https:\/\/bobimarket.pl\/index.php\/produkt\/pistolet-do-pianki-pian-piany-montazowej-metalowy-3\/","url":"https:\/\/bobimarket.pl\/index.php\/produkt\/pistolet-do-pianki-pian-piany-montazowej-metalowy-3\/","name":"PISTOLET DO PIANKI PIAN PIANY MONTA\u017bOWEJ METALOWY - BOBIMARKET.pl - Remontuj i urz\u0105dzaj z nami","isPartOf":{"@id":"https:\/\/bobimarket.pl\/#website"},"datePublished":"2023-08-30T05:16:31+00:00","dateModified":"2025-02-27T15:40:59+00:00","breadcrumb":{"@id":"https:\/\/bobimarket.pl\/index.php\/produkt\/pistolet-do-pianki-pian-piany-montazowej-metalowy-3\/#breadcrumb"},"inLanguage":"pl-PL","potentialAction":[{"@type":"ReadAction","target":["https:\/\/bobimarket.pl\/index.php\/produkt\/pistolet-do-pianki-pian-piany-montazowej-metalowy-3\/"]}]},{"@type":"BreadcrumbList","@id":"https:\/\/bobimarket.pl\/index.php\/produkt\/pistolet-do-pianki-pian-piany-montazowej-metalowy-3\/#breadcrumb","itemListElement":[{"@type":"ListItem","position":1,"name":"Strona g\u0142\u00f3wna","item":"https:\/\/bobimarket.pl\/"},{"@type":"ListItem","position":2,"name":"Sklep","item":"https:\/\/bobimarket.pl\/index.php\/shop\/"},{"@type":"ListItem","position":3,"name":"PISTOLET DO PIANKI PIAN PIANY MONTA\u017bOWEJ METALOWY"}]},{"@type":"WebSite","@id":"https:\/\/bobimarket.pl\/#website","url":"https:\/\/bobimarket.pl\/","name":"BOBIMARKET.pl - Remontuj i urz\u0105dzaj z nami","description":"Remontuj i urz\u0105dzaj z nami","publisher":{"@id":"https:\/\/bobimarket.pl\/#organization"},"potentialAction":[{"@type":"SearchAction","target":{"@type":"EntryPoint","urlTemplate":"https:\/\/bobimarket.pl\/?s={search_term_string}"},"query-input":"required name=search_term_string"}],"inLanguage":"pl-PL"},{"@type":"Organization","@id":"https:\/\/bobimarket.pl\/#organization","name":"BOBIMARKET.pl","url":"https:\/\/bobimarket.pl\/","logo":{"@type":"ImageObject","inLanguage":"pl-PL","@id":"https:\/\/bobimarket.pl\/#\/schema\/logo\/image\/","url":"https:\/\/bobimarket.pl\/wp-content\/uploads\/2021\/11\/slogan.png","contentUrl":"https:\/\/bobimarket.pl\/wp-content\/uploads\/2021\/11\/slogan.png","width":2000,"height":384,"caption":"BOBIMARKET.pl"},"image":{"@id":"https:\/\/bobimarket.pl\/#\/schema\/logo\/image\/"}}]}},"_links":{"self":[{"href":"https:\/\/bobimarket.pl\/index.php\/wp-json\/wp\/v2\/product\/91158"}],"collection":[{"href":"https:\/\/bobimarket.pl\/index.php\/wp-json\/wp\/v2\/product"}],"about":[{"href":"https:\/\/bobimarket.pl\/index.php\/wp-json\/wp\/v2\/types\/product"}],"wp:featuredmedia":[{"embeddable":true,"href":"https:\/\/bobimarket.pl\/index.php\/wp-json\/wp\/v2\/media\/91154"}],"wp:attachment":[{"href":"https:\/\/bobimarket.pl\/index.php\/wp-json\/wp\/v2\/media?parent=91158"}],"wp:term":[{"taxonomy":"product_cat","embeddable":true,"href":"https:\/\/bobimarket.pl\/index.php\/wp-json\/wp\/v2\/product_cat?post=91158"},{"taxonomy":"product_tag","embeddable":true,"href":"https:\/\/bobimarket.pl\/index.php\/wp-json\/wp\/v2\/product_tag?post=91158"}],"curies":[{"name":"wp","href":"https:\/\/api.w.org\/{rel}","templated":true}]}}