{"id":91162,"date":"2023-08-30T05:16:41","date_gmt":"2023-08-30T05:16:41","guid":{"rendered":"https:\/\/bobimarket.pl\/index.php\/produkt\/obcinaki-nozyce-do-rur-pcv-3-36mm-pex-pe-pp\/"},"modified":"2025-10-08T03:59:17","modified_gmt":"2025-10-08T03:59:17","slug":"obcinaki-nozyce-do-rur-pcv-3-36mm-pex-pe-pp","status":"publish","type":"product","link":"https:\/\/bobimarket.pl\/index.php\/produkt\/obcinaki-nozyce-do-rur-pcv-3-36mm-pex-pe-pp\/","title":{"rendered":"OBCINAKI NO\u017bYCE DO RUR PCV 3-36mm PEX PE PP"},"content":{"rendered":"<section class=\"section\">\n<div class=\"item item-6\">\n<section class=\"image-item\">\n            <img decoding=\"async\" src=\"\"><br \/>\n        <\/section>\n<\/p><\/div>\n<div class=\"item item-6\">\n<section class=\"text-item\">\n<h2>OBCINAKI NO\u017bYCE DO RUR PCV 3-36mm PEX PE PP<\/h2>\n<p><b>Informacje og\u00f3lne<\/b><\/p>\n<ul>\n<li>D\u0142ugo\u015b\u0107 ca\u0142kowita:<b> 230 mm<\/b><\/li>\n<li>Zakres pracy: <b>3-36mm<\/b><\/li>\n<li>Ostrze:<b> stal nierdzewna, HRC 55<\/b><\/li>\n<li>Przeznaczenie: <b>do rur z tworzyw sztucznych<\/b><\/li>\n<\/ul>\n<\/section><\/div>\n<\/section>\n<section class=\"section\">\n<div class=\"item item-6\">\n<section class=\"image-item\">\n            <img decoding=\"async\" src=\"\"><br \/>\n        <\/section>\n<\/p><\/div>\n<div class=\"item item-6\">\n<section class=\"text-item\">\n<p><b>Praktyczny element wyposa\u017cenia skrzynki narz\u0119dziowej!<\/b><\/p>\n<p>Solidne szczypce nastawne do rur o \u015brednicy od 3 do 36 mm.\u00a0Ostrze narz\u0119dzia zosta\u0142y wykonane ze stali INOX, a r\u0105czki z aluminium.\u00a0Narz\u0119dzie jest solidnie wykonane i wytrzymale.\u00a0<\/p>\n<ul>\n<li><b>Wyprofilowane r\u0105czki<\/b> zapewnia pewny chwyt. Narz\u0119dzie nie wy\u015blizguje si\u0119 z r\u0119ki i pewnie trzyma si\u0119 d\u0142oni.<\/li>\n<li>Dodatkowo posiadaj\u0105 <b>blokad\u0119<\/b> zwi\u0119kszaj\u0105ca bezpiecze\u0144stwo przechowywania szczypiec.\u00a0<\/li>\n<\/ul>\n<\/section><\/div>\n<\/section>\n<section class=\"section\">\n<div class=\"item item-6\">\n<section class=\"image-item\">\n            <img decoding=\"async\" src=\"\"><br \/>\n        <\/section>\n<\/p><\/div>\n<div class=\"item item-6\">\n<section class=\"text-item\">\n<h2>Zastosowanie:<\/h2>\n<p><b>\u2705 <\/b>Szczypce sprawdz\u0105 si\u0119 podczas prac hydraulicznych lub monterskich. Narz\u0119dzie przyda si\u0119 r\u00f3wnie\u017c elektrykom i majsterkowiczom.<\/p>\n<ul>\n<li><b>Wyprofilowane szcz\u0119ki<\/b> zapewniaj\u0105 pewny chwyt i zapewniaj\u0105 komfort pracy.<\/li>\n<li>Dziewi\u0119ciostopniowy posuw ostrza zapobiega deformacji ci\u0119tych rur.<\/li>\n<\/ul>\n<p>\u2705 No\u017cyce s\u0105 przeznaczane do rur: PEX, PP-R, PE-RT, PE, PB, wodnych, rur gazowych, rur urz\u0105dze\u0144 elektrycznych oraz innych rur z tworzyw sztucznych.<\/p>\n<\/section><\/div>\n<\/section>\n","protected":false},"excerpt":{"rendered":"<p>OBCINAKI NO\u017bYCE DO RUR PCV 3-36mm PEX PE PP Informacje og\u00f3lne D\u0142ugo\u015b\u0107 ca\u0142kowita: 230 mm Zakres pracy: 3-36mm Ostrze: stal nierdzewna, HRC 55 Przeznaczenie: do rur z tworzyw sztucznych Praktyczny element wyposa\u017cenia skrzynki narz\u0119dziowej! Solidne szczypce nastawne do rur o \u015brednicy od 3 do 36 mm.\u00a0Ostrze narz\u0119dzia zosta\u0142y wykonane ze stali INOX, a r\u0105czki z<br \/><a class=\"more-link\" href=\"https:\/\/bobimarket.pl\/index.php\/produkt\/obcinaki-nozyce-do-rur-pcv-3-36mm-pex-pe-pp\/\"><br \/>\n        Czytaj wi\u0119cej<span class=\"screen-reader-text\"> &#8222;OBCINAKI NO\u017bYCE DO RUR PCV 3-36mm PEX PE PP&#8221;<\/span><\/a><\/p>\n","protected":false},"featured_media":91159,"template":"","meta":[],"product_cat":[8161],"product_tag":[],"yoast_head":"<!-- This site is optimized with the Yoast SEO plugin v21.0 - https:\/\/yoast.com\/wordpress\/plugins\/seo\/ -->\n<title>OBCINAKI NO\u017bYCE DO RUR PCV 3-36mm PEX PE PP - BOBIMARKET.pl - Remontuj i urz\u0105dzaj z nami<\/title>\n<meta name=\"robots\" content=\"index, follow, max-snippet:-1, max-image-preview:large, max-video-preview:-1\" \/>\n<link rel=\"canonical\" href=\"https:\/\/bobimarket.pl\/index.php\/produkt\/obcinaki-nozyce-do-rur-pcv-3-36mm-pex-pe-pp\/\" \/>\n<meta property=\"og:locale\" content=\"pl_PL\" \/>\n<meta property=\"og:type\" content=\"article\" \/>\n<meta property=\"og:title\" content=\"OBCINAKI NO\u017bYCE DO RUR PCV 3-36mm PEX PE PP - BOBIMARKET.pl - Remontuj i urz\u0105dzaj z nami\" \/>\n<meta property=\"og:description\" content=\"OBCINAKI NO\u017bYCE DO RUR PCV 3-36mm PEX PE PP Informacje og\u00f3lne D\u0142ugo\u015b\u0107 ca\u0142kowita: 230 mm Zakres pracy: 3-36mm Ostrze: stal nierdzewna, HRC 55 Przeznaczenie: do rur z tworzyw sztucznych Praktyczny element wyposa\u017cenia skrzynki narz\u0119dziowej! Solidne szczypce nastawne do rur o \u015brednicy od 3 do 36 mm.\u00a0Ostrze narz\u0119dzia zosta\u0142y wykonane ze stali INOX, a r\u0105czki z     Czytaj wi\u0119cej &quot;OBCINAKI NO\u017bYCE DO RUR PCV 3-36mm PEX PE PP&quot;\" \/>\n<meta property=\"og:url\" content=\"https:\/\/bobimarket.pl\/index.php\/produkt\/obcinaki-nozyce-do-rur-pcv-3-36mm-pex-pe-pp\/\" \/>\n<meta property=\"og:site_name\" content=\"BOBIMARKET.pl - Remontuj i urz\u0105dzaj z nami\" \/>\n<meta property=\"article:modified_time\" content=\"2025-10-08T03:59:17+00:00\" \/>\n<meta property=\"og:image\" content=\"https:\/\/bobimarket.pl\/wp-content\/uploads\/2021\/11\/slogan.png\" \/>\n\t<meta property=\"og:image:width\" content=\"2000\" \/>\n\t<meta property=\"og:image:height\" content=\"384\" \/>\n\t<meta property=\"og:image:type\" content=\"image\/png\" \/>\n<meta name=\"twitter:card\" content=\"summary_large_image\" \/>\n<meta name=\"twitter:label1\" content=\"Szacowany czas czytania\" \/>\n\t<meta name=\"twitter:data1\" content=\"1 minuta\" \/>\n<script type=\"application\/ld+json\" class=\"yoast-schema-graph\">{\"@context\":\"https:\/\/schema.org\",\"@graph\":[{\"@type\":\"WebPage\",\"@id\":\"https:\/\/bobimarket.pl\/index.php\/produkt\/obcinaki-nozyce-do-rur-pcv-3-36mm-pex-pe-pp\/\",\"url\":\"https:\/\/bobimarket.pl\/index.php\/produkt\/obcinaki-nozyce-do-rur-pcv-3-36mm-pex-pe-pp\/\",\"name\":\"OBCINAKI NO\u017bYCE DO RUR PCV 3-36mm PEX PE PP - BOBIMARKET.pl - Remontuj i urz\u0105dzaj z nami\",\"isPartOf\":{\"@id\":\"https:\/\/bobimarket.pl\/#website\"},\"datePublished\":\"2023-08-30T05:16:41+00:00\",\"dateModified\":\"2025-10-08T03:59:17+00:00\",\"breadcrumb\":{\"@id\":\"https:\/\/bobimarket.pl\/index.php\/produkt\/obcinaki-nozyce-do-rur-pcv-3-36mm-pex-pe-pp\/#breadcrumb\"},\"inLanguage\":\"pl-PL\",\"potentialAction\":[{\"@type\":\"ReadAction\",\"target\":[\"https:\/\/bobimarket.pl\/index.php\/produkt\/obcinaki-nozyce-do-rur-pcv-3-36mm-pex-pe-pp\/\"]}]},{\"@type\":\"BreadcrumbList\",\"@id\":\"https:\/\/bobimarket.pl\/index.php\/produkt\/obcinaki-nozyce-do-rur-pcv-3-36mm-pex-pe-pp\/#breadcrumb\",\"itemListElement\":[{\"@type\":\"ListItem\",\"position\":1,\"name\":\"Strona g\u0142\u00f3wna\",\"item\":\"https:\/\/bobimarket.pl\/\"},{\"@type\":\"ListItem\",\"position\":2,\"name\":\"Sklep\",\"item\":\"https:\/\/bobimarket.pl\/index.php\/shop\/\"},{\"@type\":\"ListItem\",\"position\":3,\"name\":\"OBCINAKI NO\u017bYCE DO RUR PCV 3-36mm PEX PE PP\"}]},{\"@type\":\"WebSite\",\"@id\":\"https:\/\/bobimarket.pl\/#website\",\"url\":\"https:\/\/bobimarket.pl\/\",\"name\":\"BOBIMARKET.pl - Remontuj i urz\u0105dzaj z nami\",\"description\":\"Remontuj i urz\u0105dzaj z nami\",\"publisher\":{\"@id\":\"https:\/\/bobimarket.pl\/#organization\"},\"potentialAction\":[{\"@type\":\"SearchAction\",\"target\":{\"@type\":\"EntryPoint\",\"urlTemplate\":\"https:\/\/bobimarket.pl\/?s={search_term_string}\"},\"query-input\":\"required name=search_term_string\"}],\"inLanguage\":\"pl-PL\"},{\"@type\":\"Organization\",\"@id\":\"https:\/\/bobimarket.pl\/#organization\",\"name\":\"BOBIMARKET.pl\",\"url\":\"https:\/\/bobimarket.pl\/\",\"logo\":{\"@type\":\"ImageObject\",\"inLanguage\":\"pl-PL\",\"@id\":\"https:\/\/bobimarket.pl\/#\/schema\/logo\/image\/\",\"url\":\"https:\/\/bobimarket.pl\/wp-content\/uploads\/2021\/11\/slogan.png\",\"contentUrl\":\"https:\/\/bobimarket.pl\/wp-content\/uploads\/2021\/11\/slogan.png\",\"width\":2000,\"height\":384,\"caption\":\"BOBIMARKET.pl\"},\"image\":{\"@id\":\"https:\/\/bobimarket.pl\/#\/schema\/logo\/image\/\"}}]}<\/script>\n<!-- \/ Yoast SEO plugin. -->","yoast_head_json":{"title":"OBCINAKI NO\u017bYCE DO RUR PCV 3-36mm PEX PE PP - BOBIMARKET.pl - Remontuj i urz\u0105dzaj z nami","robots":{"index":"index","follow":"follow","max-snippet":"max-snippet:-1","max-image-preview":"max-image-preview:large","max-video-preview":"max-video-preview:-1"},"canonical":"https:\/\/bobimarket.pl\/index.php\/produkt\/obcinaki-nozyce-do-rur-pcv-3-36mm-pex-pe-pp\/","og_locale":"pl_PL","og_type":"article","og_title":"OBCINAKI NO\u017bYCE DO RUR PCV 3-36mm PEX PE PP - BOBIMARKET.pl - Remontuj i urz\u0105dzaj z nami","og_description":"OBCINAKI NO\u017bYCE DO RUR PCV 3-36mm PEX PE PP Informacje og\u00f3lne D\u0142ugo\u015b\u0107 ca\u0142kowita: 230 mm Zakres pracy: 3-36mm Ostrze: stal nierdzewna, HRC 55 Przeznaczenie: do rur z tworzyw sztucznych Praktyczny element wyposa\u017cenia skrzynki narz\u0119dziowej! Solidne szczypce nastawne do rur o \u015brednicy od 3 do 36 mm.\u00a0Ostrze narz\u0119dzia zosta\u0142y wykonane ze stali INOX, a r\u0105czki z     Czytaj wi\u0119cej \"OBCINAKI NO\u017bYCE DO RUR PCV 3-36mm PEX PE PP\"","og_url":"https:\/\/bobimarket.pl\/index.php\/produkt\/obcinaki-nozyce-do-rur-pcv-3-36mm-pex-pe-pp\/","og_site_name":"BOBIMARKET.pl - Remontuj i urz\u0105dzaj z nami","article_modified_time":"2025-10-08T03:59:17+00:00","og_image":[{"width":2000,"height":384,"url":"https:\/\/bobimarket.pl\/wp-content\/uploads\/2021\/11\/slogan.png","type":"image\/png"}],"twitter_card":"summary_large_image","twitter_misc":{"Szacowany czas czytania":"1 minuta"},"schema":{"@context":"https:\/\/schema.org","@graph":[{"@type":"WebPage","@id":"https:\/\/bobimarket.pl\/index.php\/produkt\/obcinaki-nozyce-do-rur-pcv-3-36mm-pex-pe-pp\/","url":"https:\/\/bobimarket.pl\/index.php\/produkt\/obcinaki-nozyce-do-rur-pcv-3-36mm-pex-pe-pp\/","name":"OBCINAKI NO\u017bYCE DO RUR PCV 3-36mm PEX PE PP - BOBIMARKET.pl - Remontuj i urz\u0105dzaj z nami","isPartOf":{"@id":"https:\/\/bobimarket.pl\/#website"},"datePublished":"2023-08-30T05:16:41+00:00","dateModified":"2025-10-08T03:59:17+00:00","breadcrumb":{"@id":"https:\/\/bobimarket.pl\/index.php\/produkt\/obcinaki-nozyce-do-rur-pcv-3-36mm-pex-pe-pp\/#breadcrumb"},"inLanguage":"pl-PL","potentialAction":[{"@type":"ReadAction","target":["https:\/\/bobimarket.pl\/index.php\/produkt\/obcinaki-nozyce-do-rur-pcv-3-36mm-pex-pe-pp\/"]}]},{"@type":"BreadcrumbList","@id":"https:\/\/bobimarket.pl\/index.php\/produkt\/obcinaki-nozyce-do-rur-pcv-3-36mm-pex-pe-pp\/#breadcrumb","itemListElement":[{"@type":"ListItem","position":1,"name":"Strona g\u0142\u00f3wna","item":"https:\/\/bobimarket.pl\/"},{"@type":"ListItem","position":2,"name":"Sklep","item":"https:\/\/bobimarket.pl\/index.php\/shop\/"},{"@type":"ListItem","position":3,"name":"OBCINAKI NO\u017bYCE DO RUR PCV 3-36mm PEX PE PP"}]},{"@type":"WebSite","@id":"https:\/\/bobimarket.pl\/#website","url":"https:\/\/bobimarket.pl\/","name":"BOBIMARKET.pl - Remontuj i urz\u0105dzaj z nami","description":"Remontuj i urz\u0105dzaj z nami","publisher":{"@id":"https:\/\/bobimarket.pl\/#organization"},"potentialAction":[{"@type":"SearchAction","target":{"@type":"EntryPoint","urlTemplate":"https:\/\/bobimarket.pl\/?s={search_term_string}"},"query-input":"required name=search_term_string"}],"inLanguage":"pl-PL"},{"@type":"Organization","@id":"https:\/\/bobimarket.pl\/#organization","name":"BOBIMARKET.pl","url":"https:\/\/bobimarket.pl\/","logo":{"@type":"ImageObject","inLanguage":"pl-PL","@id":"https:\/\/bobimarket.pl\/#\/schema\/logo\/image\/","url":"https:\/\/bobimarket.pl\/wp-content\/uploads\/2021\/11\/slogan.png","contentUrl":"https:\/\/bobimarket.pl\/wp-content\/uploads\/2021\/11\/slogan.png","width":2000,"height":384,"caption":"BOBIMARKET.pl"},"image":{"@id":"https:\/\/bobimarket.pl\/#\/schema\/logo\/image\/"}}]}},"_links":{"self":[{"href":"https:\/\/bobimarket.pl\/index.php\/wp-json\/wp\/v2\/product\/91162"}],"collection":[{"href":"https:\/\/bobimarket.pl\/index.php\/wp-json\/wp\/v2\/product"}],"about":[{"href":"https:\/\/bobimarket.pl\/index.php\/wp-json\/wp\/v2\/types\/product"}],"wp:featuredmedia":[{"embeddable":true,"href":"https:\/\/bobimarket.pl\/index.php\/wp-json\/wp\/v2\/media\/91159"}],"wp:attachment":[{"href":"https:\/\/bobimarket.pl\/index.php\/wp-json\/wp\/v2\/media?parent=91162"}],"wp:term":[{"taxonomy":"product_cat","embeddable":true,"href":"https:\/\/bobimarket.pl\/index.php\/wp-json\/wp\/v2\/product_cat?post=91162"},{"taxonomy":"product_tag","embeddable":true,"href":"https:\/\/bobimarket.pl\/index.php\/wp-json\/wp\/v2\/product_tag?post=91162"}],"curies":[{"name":"wp","href":"https:\/\/api.w.org\/{rel}","templated":true}]}}