{"id":91210,"date":"2023-08-30T05:20:38","date_gmt":"2023-08-30T05:20:38","guid":{"rendered":"https:\/\/bobimarket.pl\/index.php\/produkt\/pila-noz-pilka-reczna-do-plyt-gips-karton-gk-7tpi\/"},"modified":"2025-02-27T15:41:39","modified_gmt":"2025-02-27T15:41:39","slug":"pila-noz-pilka-reczna-do-plyt-gips-karton-gk-7tpi","status":"publish","type":"product","link":"https:\/\/bobimarket.pl\/index.php\/produkt\/pila-noz-pilka-reczna-do-plyt-gips-karton-gk-7tpi\/","title":{"rendered":"PI\u0141A N\u00d3\u017b PI\u0141KA R\u0118CZNA DO P\u0141YT GIPS KARTON GK 7TPI"},"content":{"rendered":"<section class=\"section\">\n<div class=\"item item-6\">\n<section class=\"image-item\">\n            <img decoding=\"async\" src=\"https:\/\/upload.cdn.baselinker.com\/products\/14476\/39ad3faedc54952f40c32162cc1cc267.jpg\" \/><br \/>\n        <\/section>\n<\/p><\/div>\n<div class=\"item item-6\">\n<section class=\"text-item\">\n<h2>PI\u0141A N\u00d3\u017b PI\u0141KA R\u0118CZNA DO P\u0141YT GIPS KARTON GK 7TPI<\/h2>\n<p><b>Informacje og\u00f3lne:<\/b><\/p>\n<ul>\n<li>D\u0142ugo\u015b\u0107 ostrza: <b>150 mm<\/b><\/li>\n<li><b>D\u0142ugo\u015b\u0107 ca\u0142kowita: 320\u00a0 mm<\/b><\/li>\n<li>Ilo\u015b\u0107 z\u0119b\u00f3w: <b>7 z\u0119b\u00f3w \/ cal (7TPI)<\/b><\/li>\n<li><b>Teflonowe wyko\u0144czenie<\/b> (lepsze szybsze ci\u0119cie)<\/li>\n<li>Uchwyt dwukompozytowy<\/li>\n<li>Z\u0105b tr\u00f3jstronnie ostrzony<\/li>\n<\/ul>\n<\/section><\/div>\n<\/section>\n<section class=\"section\">\n<div class=\"item item-6\">\n<section class=\"image-item\">\n            <img decoding=\"async\" src=\"https:\/\/upload.cdn.baselinker.com\/products\/14476\/818860463c2e4f84dc1abbf3411df2ee.jpg\" \/><br \/>\n        <\/section>\n<\/p><\/div>\n<div class=\"item item-6\">\n<section class=\"text-item\">\n<h2>Nieoceniony pomocnik przy pracach z p\u0142ytami gipsowo-kartonowym!<\/h2>\n<p>Pi\u0142a r\u0119czna przeznaczona przeznaczona do obr\u00f3bki popularnych p\u0142yt G\/K. Narz\u0119dzie wykonane z wytrzyma\u0142ych i trwa\u0142ych materia\u0142\u00f3w, co b\u0119dzie owocowa\u0142o d\u0142ugim okresem u\u017cytkowania.<\/p>\n<ul>\n<li>Potr\u00f3jnie ostrzone ostrza o specjalnym kszta\u0142cie pozwalaj\u0105 na szybkie i pewne prowadzenie narz\u0119dzia.<\/li>\n<li>Wygodny uchwyt wykonany z tworzywa dwukompozytowego sprawi, \u017ce narz\u0119dzie dobrze i pewnie le\u017ca\u0142y w r\u0119ce.<\/li>\n<li>Pi\u0142a <b>pokryta teflonem PTFE<\/b> co spowalnia tempo t\u0119pienie si\u0119 z\u0119b\u00f3w.<\/li>\n<\/ul>\n<\/section><\/div>\n<\/section>\n<section class=\"section\">\n<div class=\"item item-6\">\n<section class=\"image-item\">\n            <img decoding=\"async\" src=\"https:\/\/upload.cdn.baselinker.com\/products\/14476\/39ad3faedc54952f40c32162cc1cc267.jpg\" \/><br \/>\n        <\/section>\n<\/p><\/div>\n<div class=\"item item-6\">\n<section class=\"text-item\">\n<p><b>\u2705 Zastosowanie: <\/b><\/p>\n<p>Idealne rozmieszczeniu z\u0119b\u00f3w sprawia, \u017ce pi\u0142a nadaje si\u0119 do szybkiego i sprawnego ci\u0119cia p\u0142yt G-K. Zaostrzona ko\u0144c\u00f3wka pi\u0142ki u\u0142atwia przebijanie si\u0119 przez p\u0142yty.<\/p>\n<\/section><\/div>\n<\/section>\n","protected":false},"excerpt":{"rendered":"<p>PI\u0141A N\u00d3\u017b PI\u0141KA R\u0118CZNA DO P\u0141YT GIPS KARTON GK 7TPI Informacje og\u00f3lne: D\u0142ugo\u015b\u0107 ostrza: 150 mm D\u0142ugo\u015b\u0107 ca\u0142kowita: 320\u00a0 mm Ilo\u015b\u0107 z\u0119b\u00f3w: 7 z\u0119b\u00f3w \/ cal (7TPI) Teflonowe wyko\u0144czenie (lepsze szybsze ci\u0119cie) Uchwyt dwukompozytowy Z\u0105b tr\u00f3jstronnie ostrzony Nieoceniony pomocnik przy pracach z p\u0142ytami gipsowo-kartonowym! Pi\u0142a r\u0119czna przeznaczona przeznaczona do obr\u00f3bki popularnych p\u0142yt G\/K. Narz\u0119dzie wykonane<br \/><a class=\"more-link\" href=\"https:\/\/bobimarket.pl\/index.php\/produkt\/pila-noz-pilka-reczna-do-plyt-gips-karton-gk-7tpi\/\"><br \/>\n        Czytaj wi\u0119cej<span class=\"screen-reader-text\"> &#8222;PI\u0141A N\u00d3\u017b PI\u0141KA R\u0118CZNA DO P\u0141YT GIPS KARTON GK 7TPI&#8221;<\/span><\/a><\/p>\n","protected":false},"featured_media":91206,"template":"","meta":[],"product_cat":[8211],"product_tag":[],"yoast_head":"<!-- This site is optimized with the Yoast SEO plugin v21.0 - https:\/\/yoast.com\/wordpress\/plugins\/seo\/ -->\n<title>PI\u0141A N\u00d3\u017b PI\u0141KA R\u0118CZNA DO P\u0141YT GIPS KARTON GK 7TPI - BOBIMARKET.pl - Remontuj i urz\u0105dzaj z nami<\/title>\n<meta name=\"robots\" content=\"index, follow, max-snippet:-1, max-image-preview:large, max-video-preview:-1\" \/>\n<link rel=\"canonical\" href=\"https:\/\/bobimarket.pl\/index.php\/produkt\/pila-noz-pilka-reczna-do-plyt-gips-karton-gk-7tpi\/\" \/>\n<meta property=\"og:locale\" content=\"pl_PL\" \/>\n<meta property=\"og:type\" content=\"article\" \/>\n<meta property=\"og:title\" content=\"PI\u0141A N\u00d3\u017b PI\u0141KA R\u0118CZNA DO P\u0141YT GIPS KARTON GK 7TPI - BOBIMARKET.pl - Remontuj i urz\u0105dzaj z nami\" \/>\n<meta property=\"og:description\" content=\"PI\u0141A N\u00d3\u017b PI\u0141KA R\u0118CZNA DO P\u0141YT GIPS KARTON GK 7TPI Informacje og\u00f3lne: D\u0142ugo\u015b\u0107 ostrza: 150 mm D\u0142ugo\u015b\u0107 ca\u0142kowita: 320\u00a0 mm Ilo\u015b\u0107 z\u0119b\u00f3w: 7 z\u0119b\u00f3w \/ cal (7TPI) Teflonowe wyko\u0144czenie (lepsze szybsze ci\u0119cie) Uchwyt dwukompozytowy Z\u0105b tr\u00f3jstronnie ostrzony Nieoceniony pomocnik przy pracach z p\u0142ytami gipsowo-kartonowym! Pi\u0142a r\u0119czna przeznaczona przeznaczona do obr\u00f3bki popularnych p\u0142yt G\/K. Narz\u0119dzie wykonane     Czytaj wi\u0119cej &quot;PI\u0141A N\u00d3\u017b PI\u0141KA R\u0118CZNA DO P\u0141YT GIPS KARTON GK 7TPI&quot;\" \/>\n<meta property=\"og:url\" content=\"https:\/\/bobimarket.pl\/index.php\/produkt\/pila-noz-pilka-reczna-do-plyt-gips-karton-gk-7tpi\/\" \/>\n<meta property=\"og:site_name\" content=\"BOBIMARKET.pl - Remontuj i urz\u0105dzaj z nami\" \/>\n<meta property=\"article:modified_time\" content=\"2025-02-27T15:41:39+00:00\" \/>\n<meta property=\"og:image\" content=\"https:\/\/upload.cdn.baselinker.com\/products\/14476\/39ad3faedc54952f40c32162cc1cc267.jpg\" \/>\n<meta name=\"twitter:card\" content=\"summary_large_image\" \/>\n<meta name=\"twitter:label1\" content=\"Szacowany czas czytania\" \/>\n\t<meta name=\"twitter:data1\" content=\"1 minuta\" \/>\n<script type=\"application\/ld+json\" class=\"yoast-schema-graph\">{\"@context\":\"https:\/\/schema.org\",\"@graph\":[{\"@type\":\"WebPage\",\"@id\":\"https:\/\/bobimarket.pl\/index.php\/produkt\/pila-noz-pilka-reczna-do-plyt-gips-karton-gk-7tpi\/\",\"url\":\"https:\/\/bobimarket.pl\/index.php\/produkt\/pila-noz-pilka-reczna-do-plyt-gips-karton-gk-7tpi\/\",\"name\":\"PI\u0141A N\u00d3\u017b PI\u0141KA R\u0118CZNA DO P\u0141YT GIPS KARTON GK 7TPI - BOBIMARKET.pl - Remontuj i urz\u0105dzaj z nami\",\"isPartOf\":{\"@id\":\"https:\/\/bobimarket.pl\/#website\"},\"datePublished\":\"2023-08-30T05:20:38+00:00\",\"dateModified\":\"2025-02-27T15:41:39+00:00\",\"breadcrumb\":{\"@id\":\"https:\/\/bobimarket.pl\/index.php\/produkt\/pila-noz-pilka-reczna-do-plyt-gips-karton-gk-7tpi\/#breadcrumb\"},\"inLanguage\":\"pl-PL\",\"potentialAction\":[{\"@type\":\"ReadAction\",\"target\":[\"https:\/\/bobimarket.pl\/index.php\/produkt\/pila-noz-pilka-reczna-do-plyt-gips-karton-gk-7tpi\/\"]}]},{\"@type\":\"BreadcrumbList\",\"@id\":\"https:\/\/bobimarket.pl\/index.php\/produkt\/pila-noz-pilka-reczna-do-plyt-gips-karton-gk-7tpi\/#breadcrumb\",\"itemListElement\":[{\"@type\":\"ListItem\",\"position\":1,\"name\":\"Strona g\u0142\u00f3wna\",\"item\":\"https:\/\/bobimarket.pl\/\"},{\"@type\":\"ListItem\",\"position\":2,\"name\":\"Sklep\",\"item\":\"https:\/\/bobimarket.pl\/index.php\/shop\/\"},{\"@type\":\"ListItem\",\"position\":3,\"name\":\"PI\u0141A N\u00d3\u017b PI\u0141KA R\u0118CZNA DO P\u0141YT GIPS KARTON GK 7TPI\"}]},{\"@type\":\"WebSite\",\"@id\":\"https:\/\/bobimarket.pl\/#website\",\"url\":\"https:\/\/bobimarket.pl\/\",\"name\":\"BOBIMARKET.pl - Remontuj i urz\u0105dzaj z nami\",\"description\":\"Remontuj i urz\u0105dzaj z nami\",\"publisher\":{\"@id\":\"https:\/\/bobimarket.pl\/#organization\"},\"potentialAction\":[{\"@type\":\"SearchAction\",\"target\":{\"@type\":\"EntryPoint\",\"urlTemplate\":\"https:\/\/bobimarket.pl\/?s={search_term_string}\"},\"query-input\":\"required name=search_term_string\"}],\"inLanguage\":\"pl-PL\"},{\"@type\":\"Organization\",\"@id\":\"https:\/\/bobimarket.pl\/#organization\",\"name\":\"BOBIMARKET.pl\",\"url\":\"https:\/\/bobimarket.pl\/\",\"logo\":{\"@type\":\"ImageObject\",\"inLanguage\":\"pl-PL\",\"@id\":\"https:\/\/bobimarket.pl\/#\/schema\/logo\/image\/\",\"url\":\"https:\/\/bobimarket.pl\/wp-content\/uploads\/2021\/11\/slogan.png\",\"contentUrl\":\"https:\/\/bobimarket.pl\/wp-content\/uploads\/2021\/11\/slogan.png\",\"width\":2000,\"height\":384,\"caption\":\"BOBIMARKET.pl\"},\"image\":{\"@id\":\"https:\/\/bobimarket.pl\/#\/schema\/logo\/image\/\"}}]}<\/script>\n<!-- \/ Yoast SEO plugin. -->","yoast_head_json":{"title":"PI\u0141A N\u00d3\u017b PI\u0141KA R\u0118CZNA DO P\u0141YT GIPS KARTON GK 7TPI - BOBIMARKET.pl - Remontuj i urz\u0105dzaj z nami","robots":{"index":"index","follow":"follow","max-snippet":"max-snippet:-1","max-image-preview":"max-image-preview:large","max-video-preview":"max-video-preview:-1"},"canonical":"https:\/\/bobimarket.pl\/index.php\/produkt\/pila-noz-pilka-reczna-do-plyt-gips-karton-gk-7tpi\/","og_locale":"pl_PL","og_type":"article","og_title":"PI\u0141A N\u00d3\u017b PI\u0141KA R\u0118CZNA DO P\u0141YT GIPS KARTON GK 7TPI - BOBIMARKET.pl - Remontuj i urz\u0105dzaj z nami","og_description":"PI\u0141A N\u00d3\u017b PI\u0141KA R\u0118CZNA DO P\u0141YT GIPS KARTON GK 7TPI Informacje og\u00f3lne: D\u0142ugo\u015b\u0107 ostrza: 150 mm D\u0142ugo\u015b\u0107 ca\u0142kowita: 320\u00a0 mm Ilo\u015b\u0107 z\u0119b\u00f3w: 7 z\u0119b\u00f3w \/ cal (7TPI) Teflonowe wyko\u0144czenie (lepsze szybsze ci\u0119cie) Uchwyt dwukompozytowy Z\u0105b tr\u00f3jstronnie ostrzony Nieoceniony pomocnik przy pracach z p\u0142ytami gipsowo-kartonowym! Pi\u0142a r\u0119czna przeznaczona przeznaczona do obr\u00f3bki popularnych p\u0142yt G\/K. Narz\u0119dzie wykonane     Czytaj wi\u0119cej \"PI\u0141A N\u00d3\u017b PI\u0141KA R\u0118CZNA DO P\u0141YT GIPS KARTON GK 7TPI\"","og_url":"https:\/\/bobimarket.pl\/index.php\/produkt\/pila-noz-pilka-reczna-do-plyt-gips-karton-gk-7tpi\/","og_site_name":"BOBIMARKET.pl - Remontuj i urz\u0105dzaj z nami","article_modified_time":"2025-02-27T15:41:39+00:00","og_image":[{"url":"https:\/\/upload.cdn.baselinker.com\/products\/14476\/39ad3faedc54952f40c32162cc1cc267.jpg"}],"twitter_card":"summary_large_image","twitter_misc":{"Szacowany czas czytania":"1 minuta"},"schema":{"@context":"https:\/\/schema.org","@graph":[{"@type":"WebPage","@id":"https:\/\/bobimarket.pl\/index.php\/produkt\/pila-noz-pilka-reczna-do-plyt-gips-karton-gk-7tpi\/","url":"https:\/\/bobimarket.pl\/index.php\/produkt\/pila-noz-pilka-reczna-do-plyt-gips-karton-gk-7tpi\/","name":"PI\u0141A N\u00d3\u017b PI\u0141KA R\u0118CZNA DO P\u0141YT GIPS KARTON GK 7TPI - BOBIMARKET.pl - Remontuj i urz\u0105dzaj z nami","isPartOf":{"@id":"https:\/\/bobimarket.pl\/#website"},"datePublished":"2023-08-30T05:20:38+00:00","dateModified":"2025-02-27T15:41:39+00:00","breadcrumb":{"@id":"https:\/\/bobimarket.pl\/index.php\/produkt\/pila-noz-pilka-reczna-do-plyt-gips-karton-gk-7tpi\/#breadcrumb"},"inLanguage":"pl-PL","potentialAction":[{"@type":"ReadAction","target":["https:\/\/bobimarket.pl\/index.php\/produkt\/pila-noz-pilka-reczna-do-plyt-gips-karton-gk-7tpi\/"]}]},{"@type":"BreadcrumbList","@id":"https:\/\/bobimarket.pl\/index.php\/produkt\/pila-noz-pilka-reczna-do-plyt-gips-karton-gk-7tpi\/#breadcrumb","itemListElement":[{"@type":"ListItem","position":1,"name":"Strona g\u0142\u00f3wna","item":"https:\/\/bobimarket.pl\/"},{"@type":"ListItem","position":2,"name":"Sklep","item":"https:\/\/bobimarket.pl\/index.php\/shop\/"},{"@type":"ListItem","position":3,"name":"PI\u0141A N\u00d3\u017b PI\u0141KA R\u0118CZNA DO P\u0141YT GIPS KARTON GK 7TPI"}]},{"@type":"WebSite","@id":"https:\/\/bobimarket.pl\/#website","url":"https:\/\/bobimarket.pl\/","name":"BOBIMARKET.pl - Remontuj i urz\u0105dzaj z nami","description":"Remontuj i urz\u0105dzaj z nami","publisher":{"@id":"https:\/\/bobimarket.pl\/#organization"},"potentialAction":[{"@type":"SearchAction","target":{"@type":"EntryPoint","urlTemplate":"https:\/\/bobimarket.pl\/?s={search_term_string}"},"query-input":"required name=search_term_string"}],"inLanguage":"pl-PL"},{"@type":"Organization","@id":"https:\/\/bobimarket.pl\/#organization","name":"BOBIMARKET.pl","url":"https:\/\/bobimarket.pl\/","logo":{"@type":"ImageObject","inLanguage":"pl-PL","@id":"https:\/\/bobimarket.pl\/#\/schema\/logo\/image\/","url":"https:\/\/bobimarket.pl\/wp-content\/uploads\/2021\/11\/slogan.png","contentUrl":"https:\/\/bobimarket.pl\/wp-content\/uploads\/2021\/11\/slogan.png","width":2000,"height":384,"caption":"BOBIMARKET.pl"},"image":{"@id":"https:\/\/bobimarket.pl\/#\/schema\/logo\/image\/"}}]}},"_links":{"self":[{"href":"https:\/\/bobimarket.pl\/index.php\/wp-json\/wp\/v2\/product\/91210"}],"collection":[{"href":"https:\/\/bobimarket.pl\/index.php\/wp-json\/wp\/v2\/product"}],"about":[{"href":"https:\/\/bobimarket.pl\/index.php\/wp-json\/wp\/v2\/types\/product"}],"wp:featuredmedia":[{"embeddable":true,"href":"https:\/\/bobimarket.pl\/index.php\/wp-json\/wp\/v2\/media\/91206"}],"wp:attachment":[{"href":"https:\/\/bobimarket.pl\/index.php\/wp-json\/wp\/v2\/media?parent=91210"}],"wp:term":[{"taxonomy":"product_cat","embeddable":true,"href":"https:\/\/bobimarket.pl\/index.php\/wp-json\/wp\/v2\/product_cat?post=91210"},{"taxonomy":"product_tag","embeddable":true,"href":"https:\/\/bobimarket.pl\/index.php\/wp-json\/wp\/v2\/product_tag?post=91210"}],"curies":[{"name":"wp","href":"https:\/\/api.w.org\/{rel}","templated":true}]}}