{"id":91260,"date":"2023-08-30T05:23:59","date_gmt":"2023-08-30T05:23:59","guid":{"rendered":"https:\/\/bobimarket.pl\/index.php\/produkt\/reduktor-do-gazu-butli-propan-butan-11kg\/"},"modified":"2025-02-27T15:42:09","modified_gmt":"2025-02-27T15:42:09","slug":"reduktor-do-gazu-butli-propan-butan-11kg","status":"publish","type":"product","link":"https:\/\/bobimarket.pl\/index.php\/produkt\/reduktor-do-gazu-butli-propan-butan-11kg\/","title":{"rendered":"REDUKTOR DO GAZU BUTLI PROPAN BUTAN 11KG"},"content":{"rendered":"<section class=\"section\">\n<div class=\"item item-6\">\n<section class=\"image-item\">\n            <img decoding=\"async\" src=\"https:\/\/upload.cdn.baselinker.com\/products\/14476\/9fee6a751467ba2344b356cdbc2d033c.jpg\" \/><br \/>\n        <\/section>\n<\/p><\/div>\n<div class=\"item item-6\">\n<section class=\"text-item\">\n<h2>REDUKTOR DO GAZU BUTLI PROPAN BUTAN 11KG<\/h2>\n<p><b>Informacje og\u00f3lne:<\/b><\/p>\n<ul>\n<li>Ci\u015bnienie:\u00a0<b>37 mbar<\/b><\/li>\n<li>Przy\u0142\u0105cze na wej\u015bciu:\u00a0<b>21,7 x 1,814<\/b><\/li>\n<li>Przy\u0142\u0105cze na wej\u015bciu: <b>kr\u00f3ciec na w\u0119\u017cyk f 9 mm<\/b><\/li>\n<li>Maksymalny przep\u0142yw:\u00a0<b>1,5 kg\/h<\/b><\/li>\n<\/ul>\n<\/section><\/div>\n<\/section>\n<section class=\"section\">\n<div class=\"item item-6\">\n<section class=\"image-item\">\n            <img decoding=\"async\" src=\"https:\/\/upload.cdn.baselinker.com\/products\/14476\/9fee6a751467ba2344b356cdbc2d033c.jpg\" \/><br \/>\n        <\/section>\n<\/p><\/div>\n<div class=\"item item-6\">\n<section class=\"text-item\">\n<h2>Przydatny reduktor do gazu propan-butan!<\/h2>\n<p>Wykorzystywany do zasilania urz\u0105dze\u0144 gazowych z butli wyposa\u017conej w zaw\u00f3r z r\u0119cznym otwieraniem i zamykaniem. Stosowany jest do\u00a0 ka\u017cdego rodzaju butli\u00a0o normalnej zawarto\u015bci gazu do 11 kg.<\/p>\n<ul>\n<li>Przy\u0142\u0105cze na wej\u015bciu:\u00a0<b>21,7 x 1,814<\/b><\/li>\n<li>Przy\u0142\u0105cze na wej\u015bciu: <b>kr\u00f3ciec na w\u0119\u017cyk f 9 mm<\/b><\/li>\n<\/ul>\n<\/section><\/div>\n<\/section>\n","protected":false},"excerpt":{"rendered":"<p>REDUKTOR DO GAZU BUTLI PROPAN BUTAN 11KG Informacje og\u00f3lne: Ci\u015bnienie:\u00a037 mbar Przy\u0142\u0105cze na wej\u015bciu:\u00a021,7 x 1,814 Przy\u0142\u0105cze na wej\u015bciu: kr\u00f3ciec na w\u0119\u017cyk f 9 mm Maksymalny przep\u0142yw:\u00a01,5 kg\/h Przydatny reduktor do gazu propan-butan! Wykorzystywany do zasilania urz\u0105dze\u0144 gazowych z butli wyposa\u017conej w zaw\u00f3r z r\u0119cznym otwieraniem i zamykaniem. Stosowany jest do\u00a0 ka\u017cdego rodzaju butli\u00a0o normalnej<br \/><a class=\"more-link\" href=\"https:\/\/bobimarket.pl\/index.php\/produkt\/reduktor-do-gazu-butli-propan-butan-11kg\/\"><br \/>\n        Czytaj wi\u0119cej<span class=\"screen-reader-text\"> &#8222;REDUKTOR DO GAZU BUTLI PROPAN BUTAN 11KG&#8221;<\/span><\/a><\/p>\n","protected":false},"featured_media":91259,"template":"","meta":[],"product_cat":[8211],"product_tag":[],"yoast_head":"<!-- This site is optimized with the Yoast SEO plugin v21.0 - https:\/\/yoast.com\/wordpress\/plugins\/seo\/ -->\n<title>REDUKTOR DO GAZU BUTLI PROPAN BUTAN 11KG - BOBIMARKET.pl - Remontuj i urz\u0105dzaj z nami<\/title>\n<meta name=\"robots\" content=\"index, follow, max-snippet:-1, max-image-preview:large, max-video-preview:-1\" \/>\n<link rel=\"canonical\" href=\"https:\/\/bobimarket.pl\/index.php\/produkt\/reduktor-do-gazu-butli-propan-butan-11kg\/\" \/>\n<meta property=\"og:locale\" content=\"pl_PL\" \/>\n<meta property=\"og:type\" content=\"article\" \/>\n<meta property=\"og:title\" content=\"REDUKTOR DO GAZU BUTLI PROPAN BUTAN 11KG - BOBIMARKET.pl - Remontuj i urz\u0105dzaj z nami\" \/>\n<meta property=\"og:description\" content=\"REDUKTOR DO GAZU BUTLI PROPAN BUTAN 11KG Informacje og\u00f3lne: Ci\u015bnienie:\u00a037 mbar Przy\u0142\u0105cze na wej\u015bciu:\u00a021,7 x 1,814 Przy\u0142\u0105cze na wej\u015bciu: kr\u00f3ciec na w\u0119\u017cyk f 9 mm Maksymalny przep\u0142yw:\u00a01,5 kg\/h Przydatny reduktor do gazu propan-butan! Wykorzystywany do zasilania urz\u0105dze\u0144 gazowych z butli wyposa\u017conej w zaw\u00f3r z r\u0119cznym otwieraniem i zamykaniem. Stosowany jest do\u00a0 ka\u017cdego rodzaju butli\u00a0o normalnej     Czytaj wi\u0119cej &quot;REDUKTOR DO GAZU BUTLI PROPAN BUTAN 11KG&quot;\" \/>\n<meta property=\"og:url\" content=\"https:\/\/bobimarket.pl\/index.php\/produkt\/reduktor-do-gazu-butli-propan-butan-11kg\/\" \/>\n<meta property=\"og:site_name\" content=\"BOBIMARKET.pl - Remontuj i urz\u0105dzaj z nami\" \/>\n<meta property=\"article:modified_time\" content=\"2025-02-27T15:42:09+00:00\" \/>\n<meta property=\"og:image\" content=\"https:\/\/upload.cdn.baselinker.com\/products\/14476\/9fee6a751467ba2344b356cdbc2d033c.jpg\" \/>\n<meta name=\"twitter:card\" content=\"summary_large_image\" \/>\n<script type=\"application\/ld+json\" class=\"yoast-schema-graph\">{\"@context\":\"https:\/\/schema.org\",\"@graph\":[{\"@type\":\"WebPage\",\"@id\":\"https:\/\/bobimarket.pl\/index.php\/produkt\/reduktor-do-gazu-butli-propan-butan-11kg\/\",\"url\":\"https:\/\/bobimarket.pl\/index.php\/produkt\/reduktor-do-gazu-butli-propan-butan-11kg\/\",\"name\":\"REDUKTOR DO GAZU BUTLI PROPAN BUTAN 11KG - BOBIMARKET.pl - Remontuj i urz\u0105dzaj z nami\",\"isPartOf\":{\"@id\":\"https:\/\/bobimarket.pl\/#website\"},\"datePublished\":\"2023-08-30T05:23:59+00:00\",\"dateModified\":\"2025-02-27T15:42:09+00:00\",\"breadcrumb\":{\"@id\":\"https:\/\/bobimarket.pl\/index.php\/produkt\/reduktor-do-gazu-butli-propan-butan-11kg\/#breadcrumb\"},\"inLanguage\":\"pl-PL\",\"potentialAction\":[{\"@type\":\"ReadAction\",\"target\":[\"https:\/\/bobimarket.pl\/index.php\/produkt\/reduktor-do-gazu-butli-propan-butan-11kg\/\"]}]},{\"@type\":\"BreadcrumbList\",\"@id\":\"https:\/\/bobimarket.pl\/index.php\/produkt\/reduktor-do-gazu-butli-propan-butan-11kg\/#breadcrumb\",\"itemListElement\":[{\"@type\":\"ListItem\",\"position\":1,\"name\":\"Strona g\u0142\u00f3wna\",\"item\":\"https:\/\/bobimarket.pl\/\"},{\"@type\":\"ListItem\",\"position\":2,\"name\":\"Sklep\",\"item\":\"https:\/\/bobimarket.pl\/index.php\/shop\/\"},{\"@type\":\"ListItem\",\"position\":3,\"name\":\"REDUKTOR DO GAZU BUTLI PROPAN BUTAN 11KG\"}]},{\"@type\":\"WebSite\",\"@id\":\"https:\/\/bobimarket.pl\/#website\",\"url\":\"https:\/\/bobimarket.pl\/\",\"name\":\"BOBIMARKET.pl - Remontuj i urz\u0105dzaj z nami\",\"description\":\"Remontuj i urz\u0105dzaj z nami\",\"publisher\":{\"@id\":\"https:\/\/bobimarket.pl\/#organization\"},\"potentialAction\":[{\"@type\":\"SearchAction\",\"target\":{\"@type\":\"EntryPoint\",\"urlTemplate\":\"https:\/\/bobimarket.pl\/?s={search_term_string}\"},\"query-input\":\"required name=search_term_string\"}],\"inLanguage\":\"pl-PL\"},{\"@type\":\"Organization\",\"@id\":\"https:\/\/bobimarket.pl\/#organization\",\"name\":\"BOBIMARKET.pl\",\"url\":\"https:\/\/bobimarket.pl\/\",\"logo\":{\"@type\":\"ImageObject\",\"inLanguage\":\"pl-PL\",\"@id\":\"https:\/\/bobimarket.pl\/#\/schema\/logo\/image\/\",\"url\":\"https:\/\/bobimarket.pl\/wp-content\/uploads\/2021\/11\/slogan.png\",\"contentUrl\":\"https:\/\/bobimarket.pl\/wp-content\/uploads\/2021\/11\/slogan.png\",\"width\":2000,\"height\":384,\"caption\":\"BOBIMARKET.pl\"},\"image\":{\"@id\":\"https:\/\/bobimarket.pl\/#\/schema\/logo\/image\/\"}}]}<\/script>\n<!-- \/ Yoast SEO plugin. -->","yoast_head_json":{"title":"REDUKTOR DO GAZU BUTLI PROPAN BUTAN 11KG - BOBIMARKET.pl - Remontuj i urz\u0105dzaj z nami","robots":{"index":"index","follow":"follow","max-snippet":"max-snippet:-1","max-image-preview":"max-image-preview:large","max-video-preview":"max-video-preview:-1"},"canonical":"https:\/\/bobimarket.pl\/index.php\/produkt\/reduktor-do-gazu-butli-propan-butan-11kg\/","og_locale":"pl_PL","og_type":"article","og_title":"REDUKTOR DO GAZU BUTLI PROPAN BUTAN 11KG - BOBIMARKET.pl - Remontuj i urz\u0105dzaj z nami","og_description":"REDUKTOR DO GAZU BUTLI PROPAN BUTAN 11KG Informacje og\u00f3lne: Ci\u015bnienie:\u00a037 mbar Przy\u0142\u0105cze na wej\u015bciu:\u00a021,7 x 1,814 Przy\u0142\u0105cze na wej\u015bciu: kr\u00f3ciec na w\u0119\u017cyk f 9 mm Maksymalny przep\u0142yw:\u00a01,5 kg\/h Przydatny reduktor do gazu propan-butan! Wykorzystywany do zasilania urz\u0105dze\u0144 gazowych z butli wyposa\u017conej w zaw\u00f3r z r\u0119cznym otwieraniem i zamykaniem. Stosowany jest do\u00a0 ka\u017cdego rodzaju butli\u00a0o normalnej     Czytaj wi\u0119cej \"REDUKTOR DO GAZU BUTLI PROPAN BUTAN 11KG\"","og_url":"https:\/\/bobimarket.pl\/index.php\/produkt\/reduktor-do-gazu-butli-propan-butan-11kg\/","og_site_name":"BOBIMARKET.pl - Remontuj i urz\u0105dzaj z nami","article_modified_time":"2025-02-27T15:42:09+00:00","og_image":[{"url":"https:\/\/upload.cdn.baselinker.com\/products\/14476\/9fee6a751467ba2344b356cdbc2d033c.jpg"}],"twitter_card":"summary_large_image","schema":{"@context":"https:\/\/schema.org","@graph":[{"@type":"WebPage","@id":"https:\/\/bobimarket.pl\/index.php\/produkt\/reduktor-do-gazu-butli-propan-butan-11kg\/","url":"https:\/\/bobimarket.pl\/index.php\/produkt\/reduktor-do-gazu-butli-propan-butan-11kg\/","name":"REDUKTOR DO GAZU BUTLI PROPAN BUTAN 11KG - BOBIMARKET.pl - Remontuj i urz\u0105dzaj z nami","isPartOf":{"@id":"https:\/\/bobimarket.pl\/#website"},"datePublished":"2023-08-30T05:23:59+00:00","dateModified":"2025-02-27T15:42:09+00:00","breadcrumb":{"@id":"https:\/\/bobimarket.pl\/index.php\/produkt\/reduktor-do-gazu-butli-propan-butan-11kg\/#breadcrumb"},"inLanguage":"pl-PL","potentialAction":[{"@type":"ReadAction","target":["https:\/\/bobimarket.pl\/index.php\/produkt\/reduktor-do-gazu-butli-propan-butan-11kg\/"]}]},{"@type":"BreadcrumbList","@id":"https:\/\/bobimarket.pl\/index.php\/produkt\/reduktor-do-gazu-butli-propan-butan-11kg\/#breadcrumb","itemListElement":[{"@type":"ListItem","position":1,"name":"Strona g\u0142\u00f3wna","item":"https:\/\/bobimarket.pl\/"},{"@type":"ListItem","position":2,"name":"Sklep","item":"https:\/\/bobimarket.pl\/index.php\/shop\/"},{"@type":"ListItem","position":3,"name":"REDUKTOR DO GAZU BUTLI PROPAN BUTAN 11KG"}]},{"@type":"WebSite","@id":"https:\/\/bobimarket.pl\/#website","url":"https:\/\/bobimarket.pl\/","name":"BOBIMARKET.pl - Remontuj i urz\u0105dzaj z nami","description":"Remontuj i urz\u0105dzaj z nami","publisher":{"@id":"https:\/\/bobimarket.pl\/#organization"},"potentialAction":[{"@type":"SearchAction","target":{"@type":"EntryPoint","urlTemplate":"https:\/\/bobimarket.pl\/?s={search_term_string}"},"query-input":"required name=search_term_string"}],"inLanguage":"pl-PL"},{"@type":"Organization","@id":"https:\/\/bobimarket.pl\/#organization","name":"BOBIMARKET.pl","url":"https:\/\/bobimarket.pl\/","logo":{"@type":"ImageObject","inLanguage":"pl-PL","@id":"https:\/\/bobimarket.pl\/#\/schema\/logo\/image\/","url":"https:\/\/bobimarket.pl\/wp-content\/uploads\/2021\/11\/slogan.png","contentUrl":"https:\/\/bobimarket.pl\/wp-content\/uploads\/2021\/11\/slogan.png","width":2000,"height":384,"caption":"BOBIMARKET.pl"},"image":{"@id":"https:\/\/bobimarket.pl\/#\/schema\/logo\/image\/"}}]}},"_links":{"self":[{"href":"https:\/\/bobimarket.pl\/index.php\/wp-json\/wp\/v2\/product\/91260"}],"collection":[{"href":"https:\/\/bobimarket.pl\/index.php\/wp-json\/wp\/v2\/product"}],"about":[{"href":"https:\/\/bobimarket.pl\/index.php\/wp-json\/wp\/v2\/types\/product"}],"wp:featuredmedia":[{"embeddable":true,"href":"https:\/\/bobimarket.pl\/index.php\/wp-json\/wp\/v2\/media\/91259"}],"wp:attachment":[{"href":"https:\/\/bobimarket.pl\/index.php\/wp-json\/wp\/v2\/media?parent=91260"}],"wp:term":[{"taxonomy":"product_cat","embeddable":true,"href":"https:\/\/bobimarket.pl\/index.php\/wp-json\/wp\/v2\/product_cat?post=91260"},{"taxonomy":"product_tag","embeddable":true,"href":"https:\/\/bobimarket.pl\/index.php\/wp-json\/wp\/v2\/product_tag?post=91260"}],"curies":[{"name":"wp","href":"https:\/\/api.w.org\/{rel}","templated":true}]}}