{"id":91262,"date":"2023-08-30T05:24:05","date_gmt":"2023-08-30T05:24:05","guid":{"rendered":"https:\/\/bobimarket.pl\/index.php\/produkt\/reduktor-gazowy-redukcja-cisnienia-05-4-bar\/"},"modified":"2025-02-27T15:42:13","modified_gmt":"2025-02-27T15:42:13","slug":"reduktor-gazowy-redukcja-cisnienia-05-4-bar","status":"publish","type":"product","link":"https:\/\/bobimarket.pl\/index.php\/produkt\/reduktor-gazowy-redukcja-cisnienia-05-4-bar\/","title":{"rendered":"REDUKTOR GAZOWY REDUKCJA CI\u015aNIENIA 0,5-4 BAR"},"content":{"rendered":"<section class=\"section\">\n<div class=\"item item-6\">\n<section class=\"image-item\">\n            <img decoding=\"async\" src=\"https:\/\/upload.cdn.baselinker.com\/products\/14476\/f1a22174ab5750b1a20a1499ded7327b.jpg\" \/><br \/>\n        <\/section>\n<\/p><\/div>\n<div class=\"item item-6\">\n<section class=\"text-item\">\n<h2>REDUKTOR GAZOWY REDUKCJA CI\u015aNIENIA 0,5-4 BAR<\/h2>\n<p><b>Informacje og\u00f3lne:<\/b><\/p>\n<ul>\n<li>Przy\u0142\u0105cze 21,8 x 1,14L<\/li>\n<li>Wyj\u015bcie: GZ 3\/8&#8243; LH<\/li>\n<li>Zu\u017cucie 8 kg\/h<\/li>\n<li>Reduktor z mo\u017cliwo\u015bci\u0105 regulacji cisnienia gazu 0,5-4 bar<\/li>\n<\/ul>\n<\/section><\/div>\n<\/section>\n<section class=\"section\">\n<div class=\"item item-6\">\n<section class=\"image-item\">\n            <img decoding=\"async\" src=\"https:\/\/upload.cdn.baselinker.com\/products\/14476\/f1a22174ab5750b1a20a1499ded7327b.jpg\" \/><br \/>\n        <\/section>\n<\/p><\/div>\n<div class=\"item item-6\">\n<section class=\"text-item\">\n<h2>Praktyczny reduktor gazowy propan-buta!<\/h2>\n<p>Z jego pomoc\u0105 dopasujesz parametry do swoich potrzeb. Reduktor umo\u017cliwa regulacj\u0119 ci\u015bnienia w zakresie 0,5-4 bar. Odpowiedni do pracy z <b>gazem typu propan-butan.<\/b><\/p>\n<ul>\n<li>Skutecznie <b>zmniejszenie zu\u017cycia gazu<\/b> podczas spawania i lutowania.<\/li>\n<li>Pozwala natychmiast uzyska\u0107 <b>stabilny p\u0142omie\u0144.<\/b><\/li>\n<li>Umo\u017cliwia <b>optymalizacj\u0119 koszt\u00f3w.<\/b><\/li>\n<\/ul>\n<\/section><\/div>\n<\/section>\n","protected":false},"excerpt":{"rendered":"<p>REDUKTOR GAZOWY REDUKCJA CI\u015aNIENIA 0,5-4 BAR Informacje og\u00f3lne: Przy\u0142\u0105cze 21,8 x 1,14L Wyj\u015bcie: GZ 3\/8&#8243; LH Zu\u017cucie 8 kg\/h Reduktor z mo\u017cliwo\u015bci\u0105 regulacji cisnienia gazu 0,5-4 bar Praktyczny reduktor gazowy propan-buta! Z jego pomoc\u0105 dopasujesz parametry do swoich potrzeb. Reduktor umo\u017cliwa regulacj\u0119 ci\u015bnienia w zakresie 0,5-4 bar. Odpowiedni do pracy z gazem typu propan-butan. Skutecznie<br \/><a class=\"more-link\" href=\"https:\/\/bobimarket.pl\/index.php\/produkt\/reduktor-gazowy-redukcja-cisnienia-05-4-bar\/\"><br \/>\n        Czytaj wi\u0119cej<span class=\"screen-reader-text\"> &#8222;REDUKTOR GAZOWY REDUKCJA CI\u015aNIENIA 0,5-4 BAR&#8221;<\/span><\/a><\/p>\n","protected":false},"featured_media":91261,"template":"","meta":[],"product_cat":[8118],"product_tag":[],"yoast_head":"<!-- This site is optimized with the Yoast SEO plugin v21.0 - https:\/\/yoast.com\/wordpress\/plugins\/seo\/ -->\n<title>REDUKTOR GAZOWY REDUKCJA CI\u015aNIENIA 0,5-4 BAR - BOBIMARKET.pl - Remontuj i urz\u0105dzaj z nami<\/title>\n<meta name=\"robots\" content=\"index, follow, max-snippet:-1, max-image-preview:large, max-video-preview:-1\" \/>\n<link rel=\"canonical\" href=\"https:\/\/bobimarket.pl\/index.php\/produkt\/reduktor-gazowy-redukcja-cisnienia-05-4-bar\/\" \/>\n<meta property=\"og:locale\" content=\"pl_PL\" \/>\n<meta property=\"og:type\" content=\"article\" \/>\n<meta property=\"og:title\" content=\"REDUKTOR GAZOWY REDUKCJA CI\u015aNIENIA 0,5-4 BAR - BOBIMARKET.pl - Remontuj i urz\u0105dzaj z nami\" \/>\n<meta property=\"og:description\" content=\"REDUKTOR GAZOWY REDUKCJA CI\u015aNIENIA 0,5-4 BAR Informacje og\u00f3lne: Przy\u0142\u0105cze 21,8 x 1,14L Wyj\u015bcie: GZ 3\/8&#8243; LH Zu\u017cucie 8 kg\/h Reduktor z mo\u017cliwo\u015bci\u0105 regulacji cisnienia gazu 0,5-4 bar Praktyczny reduktor gazowy propan-buta! Z jego pomoc\u0105 dopasujesz parametry do swoich potrzeb. Reduktor umo\u017cliwa regulacj\u0119 ci\u015bnienia w zakresie 0,5-4 bar. Odpowiedni do pracy z gazem typu propan-butan. Skutecznie     Czytaj wi\u0119cej &quot;REDUKTOR GAZOWY REDUKCJA CI\u015aNIENIA 0,5-4 BAR&quot;\" \/>\n<meta property=\"og:url\" content=\"https:\/\/bobimarket.pl\/index.php\/produkt\/reduktor-gazowy-redukcja-cisnienia-05-4-bar\/\" \/>\n<meta property=\"og:site_name\" content=\"BOBIMARKET.pl - Remontuj i urz\u0105dzaj z nami\" \/>\n<meta property=\"article:modified_time\" content=\"2025-02-27T15:42:13+00:00\" \/>\n<meta property=\"og:image\" content=\"https:\/\/upload.cdn.baselinker.com\/products\/14476\/f1a22174ab5750b1a20a1499ded7327b.jpg\" \/>\n<meta name=\"twitter:card\" content=\"summary_large_image\" \/>\n<script type=\"application\/ld+json\" class=\"yoast-schema-graph\">{\"@context\":\"https:\/\/schema.org\",\"@graph\":[{\"@type\":\"WebPage\",\"@id\":\"https:\/\/bobimarket.pl\/index.php\/produkt\/reduktor-gazowy-redukcja-cisnienia-05-4-bar\/\",\"url\":\"https:\/\/bobimarket.pl\/index.php\/produkt\/reduktor-gazowy-redukcja-cisnienia-05-4-bar\/\",\"name\":\"REDUKTOR GAZOWY REDUKCJA CI\u015aNIENIA 0,5-4 BAR - BOBIMARKET.pl - Remontuj i urz\u0105dzaj z nami\",\"isPartOf\":{\"@id\":\"https:\/\/bobimarket.pl\/#website\"},\"datePublished\":\"2023-08-30T05:24:05+00:00\",\"dateModified\":\"2025-02-27T15:42:13+00:00\",\"breadcrumb\":{\"@id\":\"https:\/\/bobimarket.pl\/index.php\/produkt\/reduktor-gazowy-redukcja-cisnienia-05-4-bar\/#breadcrumb\"},\"inLanguage\":\"pl-PL\",\"potentialAction\":[{\"@type\":\"ReadAction\",\"target\":[\"https:\/\/bobimarket.pl\/index.php\/produkt\/reduktor-gazowy-redukcja-cisnienia-05-4-bar\/\"]}]},{\"@type\":\"BreadcrumbList\",\"@id\":\"https:\/\/bobimarket.pl\/index.php\/produkt\/reduktor-gazowy-redukcja-cisnienia-05-4-bar\/#breadcrumb\",\"itemListElement\":[{\"@type\":\"ListItem\",\"position\":1,\"name\":\"Strona g\u0142\u00f3wna\",\"item\":\"https:\/\/bobimarket.pl\/\"},{\"@type\":\"ListItem\",\"position\":2,\"name\":\"Sklep\",\"item\":\"https:\/\/bobimarket.pl\/index.php\/shop\/\"},{\"@type\":\"ListItem\",\"position\":3,\"name\":\"REDUKTOR GAZOWY REDUKCJA CI\u015aNIENIA 0,5-4 BAR\"}]},{\"@type\":\"WebSite\",\"@id\":\"https:\/\/bobimarket.pl\/#website\",\"url\":\"https:\/\/bobimarket.pl\/\",\"name\":\"BOBIMARKET.pl - Remontuj i urz\u0105dzaj z nami\",\"description\":\"Remontuj i urz\u0105dzaj z nami\",\"publisher\":{\"@id\":\"https:\/\/bobimarket.pl\/#organization\"},\"potentialAction\":[{\"@type\":\"SearchAction\",\"target\":{\"@type\":\"EntryPoint\",\"urlTemplate\":\"https:\/\/bobimarket.pl\/?s={search_term_string}\"},\"query-input\":\"required name=search_term_string\"}],\"inLanguage\":\"pl-PL\"},{\"@type\":\"Organization\",\"@id\":\"https:\/\/bobimarket.pl\/#organization\",\"name\":\"BOBIMARKET.pl\",\"url\":\"https:\/\/bobimarket.pl\/\",\"logo\":{\"@type\":\"ImageObject\",\"inLanguage\":\"pl-PL\",\"@id\":\"https:\/\/bobimarket.pl\/#\/schema\/logo\/image\/\",\"url\":\"https:\/\/bobimarket.pl\/wp-content\/uploads\/2021\/11\/slogan.png\",\"contentUrl\":\"https:\/\/bobimarket.pl\/wp-content\/uploads\/2021\/11\/slogan.png\",\"width\":2000,\"height\":384,\"caption\":\"BOBIMARKET.pl\"},\"image\":{\"@id\":\"https:\/\/bobimarket.pl\/#\/schema\/logo\/image\/\"}}]}<\/script>\n<!-- \/ Yoast SEO plugin. -->","yoast_head_json":{"title":"REDUKTOR GAZOWY REDUKCJA CI\u015aNIENIA 0,5-4 BAR - BOBIMARKET.pl - Remontuj i urz\u0105dzaj z nami","robots":{"index":"index","follow":"follow","max-snippet":"max-snippet:-1","max-image-preview":"max-image-preview:large","max-video-preview":"max-video-preview:-1"},"canonical":"https:\/\/bobimarket.pl\/index.php\/produkt\/reduktor-gazowy-redukcja-cisnienia-05-4-bar\/","og_locale":"pl_PL","og_type":"article","og_title":"REDUKTOR GAZOWY REDUKCJA CI\u015aNIENIA 0,5-4 BAR - BOBIMARKET.pl - Remontuj i urz\u0105dzaj z nami","og_description":"REDUKTOR GAZOWY REDUKCJA CI\u015aNIENIA 0,5-4 BAR Informacje og\u00f3lne: Przy\u0142\u0105cze 21,8 x 1,14L Wyj\u015bcie: GZ 3\/8&#8243; LH Zu\u017cucie 8 kg\/h Reduktor z mo\u017cliwo\u015bci\u0105 regulacji cisnienia gazu 0,5-4 bar Praktyczny reduktor gazowy propan-buta! Z jego pomoc\u0105 dopasujesz parametry do swoich potrzeb. Reduktor umo\u017cliwa regulacj\u0119 ci\u015bnienia w zakresie 0,5-4 bar. Odpowiedni do pracy z gazem typu propan-butan. Skutecznie     Czytaj wi\u0119cej \"REDUKTOR GAZOWY REDUKCJA CI\u015aNIENIA 0,5-4 BAR\"","og_url":"https:\/\/bobimarket.pl\/index.php\/produkt\/reduktor-gazowy-redukcja-cisnienia-05-4-bar\/","og_site_name":"BOBIMARKET.pl - Remontuj i urz\u0105dzaj z nami","article_modified_time":"2025-02-27T15:42:13+00:00","og_image":[{"url":"https:\/\/upload.cdn.baselinker.com\/products\/14476\/f1a22174ab5750b1a20a1499ded7327b.jpg"}],"twitter_card":"summary_large_image","schema":{"@context":"https:\/\/schema.org","@graph":[{"@type":"WebPage","@id":"https:\/\/bobimarket.pl\/index.php\/produkt\/reduktor-gazowy-redukcja-cisnienia-05-4-bar\/","url":"https:\/\/bobimarket.pl\/index.php\/produkt\/reduktor-gazowy-redukcja-cisnienia-05-4-bar\/","name":"REDUKTOR GAZOWY REDUKCJA CI\u015aNIENIA 0,5-4 BAR - BOBIMARKET.pl - Remontuj i urz\u0105dzaj z nami","isPartOf":{"@id":"https:\/\/bobimarket.pl\/#website"},"datePublished":"2023-08-30T05:24:05+00:00","dateModified":"2025-02-27T15:42:13+00:00","breadcrumb":{"@id":"https:\/\/bobimarket.pl\/index.php\/produkt\/reduktor-gazowy-redukcja-cisnienia-05-4-bar\/#breadcrumb"},"inLanguage":"pl-PL","potentialAction":[{"@type":"ReadAction","target":["https:\/\/bobimarket.pl\/index.php\/produkt\/reduktor-gazowy-redukcja-cisnienia-05-4-bar\/"]}]},{"@type":"BreadcrumbList","@id":"https:\/\/bobimarket.pl\/index.php\/produkt\/reduktor-gazowy-redukcja-cisnienia-05-4-bar\/#breadcrumb","itemListElement":[{"@type":"ListItem","position":1,"name":"Strona g\u0142\u00f3wna","item":"https:\/\/bobimarket.pl\/"},{"@type":"ListItem","position":2,"name":"Sklep","item":"https:\/\/bobimarket.pl\/index.php\/shop\/"},{"@type":"ListItem","position":3,"name":"REDUKTOR GAZOWY REDUKCJA CI\u015aNIENIA 0,5-4 BAR"}]},{"@type":"WebSite","@id":"https:\/\/bobimarket.pl\/#website","url":"https:\/\/bobimarket.pl\/","name":"BOBIMARKET.pl - Remontuj i urz\u0105dzaj z nami","description":"Remontuj i urz\u0105dzaj z nami","publisher":{"@id":"https:\/\/bobimarket.pl\/#organization"},"potentialAction":[{"@type":"SearchAction","target":{"@type":"EntryPoint","urlTemplate":"https:\/\/bobimarket.pl\/?s={search_term_string}"},"query-input":"required name=search_term_string"}],"inLanguage":"pl-PL"},{"@type":"Organization","@id":"https:\/\/bobimarket.pl\/#organization","name":"BOBIMARKET.pl","url":"https:\/\/bobimarket.pl\/","logo":{"@type":"ImageObject","inLanguage":"pl-PL","@id":"https:\/\/bobimarket.pl\/#\/schema\/logo\/image\/","url":"https:\/\/bobimarket.pl\/wp-content\/uploads\/2021\/11\/slogan.png","contentUrl":"https:\/\/bobimarket.pl\/wp-content\/uploads\/2021\/11\/slogan.png","width":2000,"height":384,"caption":"BOBIMARKET.pl"},"image":{"@id":"https:\/\/bobimarket.pl\/#\/schema\/logo\/image\/"}}]}},"_links":{"self":[{"href":"https:\/\/bobimarket.pl\/index.php\/wp-json\/wp\/v2\/product\/91262"}],"collection":[{"href":"https:\/\/bobimarket.pl\/index.php\/wp-json\/wp\/v2\/product"}],"about":[{"href":"https:\/\/bobimarket.pl\/index.php\/wp-json\/wp\/v2\/types\/product"}],"wp:featuredmedia":[{"embeddable":true,"href":"https:\/\/bobimarket.pl\/index.php\/wp-json\/wp\/v2\/media\/91261"}],"wp:attachment":[{"href":"https:\/\/bobimarket.pl\/index.php\/wp-json\/wp\/v2\/media?parent=91262"}],"wp:term":[{"taxonomy":"product_cat","embeddable":true,"href":"https:\/\/bobimarket.pl\/index.php\/wp-json\/wp\/v2\/product_cat?post=91262"},{"taxonomy":"product_tag","embeddable":true,"href":"https:\/\/bobimarket.pl\/index.php\/wp-json\/wp\/v2\/product_tag?post=91262"}],"curies":[{"name":"wp","href":"https:\/\/api.w.org\/{rel}","templated":true}]}}