{"id":91353,"date":"2023-08-30T05:32:39","date_gmt":"2023-08-30T05:32:39","guid":{"rendered":"https:\/\/bobimarket.pl\/index.php\/produkt\/miara-zwijana-metrowka-tasma-wlokno-szkalne-30m\/"},"modified":"2025-02-27T15:42:20","modified_gmt":"2025-02-27T15:42:20","slug":"miara-zwijana-metrowka-tasma-wlokno-szkalne-30m","status":"publish","type":"product","link":"https:\/\/bobimarket.pl\/index.php\/produkt\/miara-zwijana-metrowka-tasma-wlokno-szkalne-30m\/","title":{"rendered":"MIARA ZWIJANA METR\u00d3WKA TA\u015aMA W\u0141\u00d3KNO SZKALNE 30M"},"content":{"rendered":"<section class=\"section\">\n<div class=\"item item-6\">\n<section class=\"image-item\">\n            <img decoding=\"async\" src=\"https:\/\/upload.cdn.baselinker.com\/products\/14476\/b507163f0455edf5fdcee09486f09f98.jpg\" \/><br \/>\n        <\/section>\n<\/p><\/div>\n<div class=\"item item-6\">\n<section class=\"text-item\">\n<h2>MIARA ZWIJANA METR\u00d3WKA TA\u015aMA W\u0141\u00d3KNO SZKALNE 30M<\/h2>\n<p><b>Dane techniczne:<\/b><\/p>\n<ul>\n<li>D\u0142ugo\u015b\u0107: 3<b>0 m<\/b><\/li>\n<li>Szeroko\u015b\u0107: <b>13 mm<\/b><\/li>\n<li>Materia\u0142: <b>tworzywo, w\u0142\u00f3kno szklane <\/b><\/li>\n<\/ul>\n<\/section><\/div>\n<\/section>\n<section class=\"section\">\n<div class=\"item item-6\">\n<section class=\"image-item\">\n            <img decoding=\"async\" src=\"https:\/\/upload.cdn.baselinker.com\/products\/14476\/b507163f0455edf5fdcee09486f09f98.jpg\" \/><br \/>\n        <\/section>\n<\/p><\/div>\n<div class=\"item item-6\">\n<section class=\"text-item\">\n<p>Praktyczna miara o d\u0142ugo\u015bci 3<b>0 metr\u00f3w. <\/b>Ta\u015bma jest\u00a0zwini\u0119ta na wytrzyma\u0142ej rolce i zamkni\u0119ta w\u00a0lekkiej i odpornej obudowie wykonanej z tworzywa.<\/p>\n<p>\u00a0\u2705 Zwijana miara ma wiele zalet:<\/p>\n<ul>\n<li>Posiada dok\u0142adn\u0105 i czyteln\u0105 podzia\u0142k\u0119 nadrukowan\u0105 po obu stronach miary.<\/li>\n<li>Ma bia\u0142y kolor i nie odbija promieni s\u0142onecznych\u00a0 co u\u0142atwia odczyt pomiaru.<\/li>\n<li>Wyposa\u017cona w szybki mechanizm zwijania ta\u015bmy.<\/li>\n<li>Ma niewielki rozmiar i zajmuje ma\u0142o miejsca.<\/li>\n<li>Specjalny uchwyt u\u0142atwi jej trzymanie, ta\u015bma nie wy\u015blizguje si\u0119 z r\u0105k.<\/li>\n<\/ul>\n<\/section><\/div>\n<\/section>\n","protected":false},"excerpt":{"rendered":"<p>MIARA ZWIJANA METR\u00d3WKA TA\u015aMA W\u0141\u00d3KNO SZKALNE 30M Dane techniczne: D\u0142ugo\u015b\u0107: 30 m Szeroko\u015b\u0107: 13 mm Materia\u0142: tworzywo, w\u0142\u00f3kno szklane Praktyczna miara o d\u0142ugo\u015bci 30 metr\u00f3w. Ta\u015bma jest\u00a0zwini\u0119ta na wytrzyma\u0142ej rolce i zamkni\u0119ta w\u00a0lekkiej i odpornej obudowie wykonanej z tworzywa. \u00a0\u2705 Zwijana miara ma wiele zalet: Posiada dok\u0142adn\u0105 i czyteln\u0105 podzia\u0142k\u0119 nadrukowan\u0105 po obu stronach miary.<br \/><a class=\"more-link\" href=\"https:\/\/bobimarket.pl\/index.php\/produkt\/miara-zwijana-metrowka-tasma-wlokno-szkalne-30m\/\"><br \/>\n        Czytaj wi\u0119cej<span class=\"screen-reader-text\"> &#8222;MIARA ZWIJANA METR\u00d3WKA TA\u015aMA W\u0141\u00d3KNO SZKALNE 30M&#8221;<\/span><\/a><\/p>\n","protected":false},"featured_media":91352,"template":"","meta":[],"product_cat":[8078],"product_tag":[],"yoast_head":"<!-- This site is optimized with the Yoast SEO plugin v21.0 - https:\/\/yoast.com\/wordpress\/plugins\/seo\/ -->\n<title>MIARA ZWIJANA METR\u00d3WKA TA\u015aMA W\u0141\u00d3KNO SZKALNE 30M - BOBIMARKET.pl - Remontuj i urz\u0105dzaj z nami<\/title>\n<meta name=\"robots\" content=\"index, follow, max-snippet:-1, max-image-preview:large, max-video-preview:-1\" \/>\n<link rel=\"canonical\" href=\"https:\/\/bobimarket.pl\/index.php\/produkt\/miara-zwijana-metrowka-tasma-wlokno-szkalne-30m\/\" \/>\n<meta property=\"og:locale\" content=\"pl_PL\" \/>\n<meta property=\"og:type\" content=\"article\" \/>\n<meta property=\"og:title\" content=\"MIARA ZWIJANA METR\u00d3WKA TA\u015aMA W\u0141\u00d3KNO SZKALNE 30M - BOBIMARKET.pl - Remontuj i urz\u0105dzaj z nami\" \/>\n<meta property=\"og:description\" content=\"MIARA ZWIJANA METR\u00d3WKA TA\u015aMA W\u0141\u00d3KNO SZKALNE 30M Dane techniczne: D\u0142ugo\u015b\u0107: 30 m Szeroko\u015b\u0107: 13 mm Materia\u0142: tworzywo, w\u0142\u00f3kno szklane Praktyczna miara o d\u0142ugo\u015bci 30 metr\u00f3w. Ta\u015bma jest\u00a0zwini\u0119ta na wytrzyma\u0142ej rolce i zamkni\u0119ta w\u00a0lekkiej i odpornej obudowie wykonanej z tworzywa. \u00a0\u2705 Zwijana miara ma wiele zalet: Posiada dok\u0142adn\u0105 i czyteln\u0105 podzia\u0142k\u0119 nadrukowan\u0105 po obu stronach miary.     Czytaj wi\u0119cej &quot;MIARA ZWIJANA METR\u00d3WKA TA\u015aMA W\u0141\u00d3KNO SZKALNE 30M&quot;\" \/>\n<meta property=\"og:url\" content=\"https:\/\/bobimarket.pl\/index.php\/produkt\/miara-zwijana-metrowka-tasma-wlokno-szkalne-30m\/\" \/>\n<meta property=\"og:site_name\" content=\"BOBIMARKET.pl - Remontuj i urz\u0105dzaj z nami\" \/>\n<meta property=\"article:modified_time\" content=\"2025-02-27T15:42:20+00:00\" \/>\n<meta property=\"og:image\" content=\"https:\/\/upload.cdn.baselinker.com\/products\/14476\/b507163f0455edf5fdcee09486f09f98.jpg\" \/>\n<meta name=\"twitter:card\" content=\"summary_large_image\" \/>\n<meta name=\"twitter:label1\" content=\"Szacowany czas czytania\" \/>\n\t<meta name=\"twitter:data1\" content=\"1 minuta\" \/>\n<script type=\"application\/ld+json\" class=\"yoast-schema-graph\">{\"@context\":\"https:\/\/schema.org\",\"@graph\":[{\"@type\":\"WebPage\",\"@id\":\"https:\/\/bobimarket.pl\/index.php\/produkt\/miara-zwijana-metrowka-tasma-wlokno-szkalne-30m\/\",\"url\":\"https:\/\/bobimarket.pl\/index.php\/produkt\/miara-zwijana-metrowka-tasma-wlokno-szkalne-30m\/\",\"name\":\"MIARA ZWIJANA METR\u00d3WKA TA\u015aMA W\u0141\u00d3KNO SZKALNE 30M - BOBIMARKET.pl - Remontuj i urz\u0105dzaj z nami\",\"isPartOf\":{\"@id\":\"https:\/\/bobimarket.pl\/#website\"},\"datePublished\":\"2023-08-30T05:32:39+00:00\",\"dateModified\":\"2025-02-27T15:42:20+00:00\",\"breadcrumb\":{\"@id\":\"https:\/\/bobimarket.pl\/index.php\/produkt\/miara-zwijana-metrowka-tasma-wlokno-szkalne-30m\/#breadcrumb\"},\"inLanguage\":\"pl-PL\",\"potentialAction\":[{\"@type\":\"ReadAction\",\"target\":[\"https:\/\/bobimarket.pl\/index.php\/produkt\/miara-zwijana-metrowka-tasma-wlokno-szkalne-30m\/\"]}]},{\"@type\":\"BreadcrumbList\",\"@id\":\"https:\/\/bobimarket.pl\/index.php\/produkt\/miara-zwijana-metrowka-tasma-wlokno-szkalne-30m\/#breadcrumb\",\"itemListElement\":[{\"@type\":\"ListItem\",\"position\":1,\"name\":\"Strona g\u0142\u00f3wna\",\"item\":\"https:\/\/bobimarket.pl\/\"},{\"@type\":\"ListItem\",\"position\":2,\"name\":\"Sklep\",\"item\":\"https:\/\/bobimarket.pl\/index.php\/shop\/\"},{\"@type\":\"ListItem\",\"position\":3,\"name\":\"MIARA ZWIJANA METR\u00d3WKA TA\u015aMA W\u0141\u00d3KNO SZKALNE 30M\"}]},{\"@type\":\"WebSite\",\"@id\":\"https:\/\/bobimarket.pl\/#website\",\"url\":\"https:\/\/bobimarket.pl\/\",\"name\":\"BOBIMARKET.pl - Remontuj i urz\u0105dzaj z nami\",\"description\":\"Remontuj i urz\u0105dzaj z nami\",\"publisher\":{\"@id\":\"https:\/\/bobimarket.pl\/#organization\"},\"potentialAction\":[{\"@type\":\"SearchAction\",\"target\":{\"@type\":\"EntryPoint\",\"urlTemplate\":\"https:\/\/bobimarket.pl\/?s={search_term_string}\"},\"query-input\":\"required name=search_term_string\"}],\"inLanguage\":\"pl-PL\"},{\"@type\":\"Organization\",\"@id\":\"https:\/\/bobimarket.pl\/#organization\",\"name\":\"BOBIMARKET.pl\",\"url\":\"https:\/\/bobimarket.pl\/\",\"logo\":{\"@type\":\"ImageObject\",\"inLanguage\":\"pl-PL\",\"@id\":\"https:\/\/bobimarket.pl\/#\/schema\/logo\/image\/\",\"url\":\"https:\/\/bobimarket.pl\/wp-content\/uploads\/2021\/11\/slogan.png\",\"contentUrl\":\"https:\/\/bobimarket.pl\/wp-content\/uploads\/2021\/11\/slogan.png\",\"width\":2000,\"height\":384,\"caption\":\"BOBIMARKET.pl\"},\"image\":{\"@id\":\"https:\/\/bobimarket.pl\/#\/schema\/logo\/image\/\"}}]}<\/script>\n<!-- \/ Yoast SEO plugin. -->","yoast_head_json":{"title":"MIARA ZWIJANA METR\u00d3WKA TA\u015aMA W\u0141\u00d3KNO SZKALNE 30M - BOBIMARKET.pl - Remontuj i urz\u0105dzaj z nami","robots":{"index":"index","follow":"follow","max-snippet":"max-snippet:-1","max-image-preview":"max-image-preview:large","max-video-preview":"max-video-preview:-1"},"canonical":"https:\/\/bobimarket.pl\/index.php\/produkt\/miara-zwijana-metrowka-tasma-wlokno-szkalne-30m\/","og_locale":"pl_PL","og_type":"article","og_title":"MIARA ZWIJANA METR\u00d3WKA TA\u015aMA W\u0141\u00d3KNO SZKALNE 30M - BOBIMARKET.pl - Remontuj i urz\u0105dzaj z nami","og_description":"MIARA ZWIJANA METR\u00d3WKA TA\u015aMA W\u0141\u00d3KNO SZKALNE 30M Dane techniczne: D\u0142ugo\u015b\u0107: 30 m Szeroko\u015b\u0107: 13 mm Materia\u0142: tworzywo, w\u0142\u00f3kno szklane Praktyczna miara o d\u0142ugo\u015bci 30 metr\u00f3w. Ta\u015bma jest\u00a0zwini\u0119ta na wytrzyma\u0142ej rolce i zamkni\u0119ta w\u00a0lekkiej i odpornej obudowie wykonanej z tworzywa. \u00a0\u2705 Zwijana miara ma wiele zalet: Posiada dok\u0142adn\u0105 i czyteln\u0105 podzia\u0142k\u0119 nadrukowan\u0105 po obu stronach miary.     Czytaj wi\u0119cej \"MIARA ZWIJANA METR\u00d3WKA TA\u015aMA W\u0141\u00d3KNO SZKALNE 30M\"","og_url":"https:\/\/bobimarket.pl\/index.php\/produkt\/miara-zwijana-metrowka-tasma-wlokno-szkalne-30m\/","og_site_name":"BOBIMARKET.pl - Remontuj i urz\u0105dzaj z nami","article_modified_time":"2025-02-27T15:42:20+00:00","og_image":[{"url":"https:\/\/upload.cdn.baselinker.com\/products\/14476\/b507163f0455edf5fdcee09486f09f98.jpg"}],"twitter_card":"summary_large_image","twitter_misc":{"Szacowany czas czytania":"1 minuta"},"schema":{"@context":"https:\/\/schema.org","@graph":[{"@type":"WebPage","@id":"https:\/\/bobimarket.pl\/index.php\/produkt\/miara-zwijana-metrowka-tasma-wlokno-szkalne-30m\/","url":"https:\/\/bobimarket.pl\/index.php\/produkt\/miara-zwijana-metrowka-tasma-wlokno-szkalne-30m\/","name":"MIARA ZWIJANA METR\u00d3WKA TA\u015aMA W\u0141\u00d3KNO SZKALNE 30M - BOBIMARKET.pl - Remontuj i urz\u0105dzaj z nami","isPartOf":{"@id":"https:\/\/bobimarket.pl\/#website"},"datePublished":"2023-08-30T05:32:39+00:00","dateModified":"2025-02-27T15:42:20+00:00","breadcrumb":{"@id":"https:\/\/bobimarket.pl\/index.php\/produkt\/miara-zwijana-metrowka-tasma-wlokno-szkalne-30m\/#breadcrumb"},"inLanguage":"pl-PL","potentialAction":[{"@type":"ReadAction","target":["https:\/\/bobimarket.pl\/index.php\/produkt\/miara-zwijana-metrowka-tasma-wlokno-szkalne-30m\/"]}]},{"@type":"BreadcrumbList","@id":"https:\/\/bobimarket.pl\/index.php\/produkt\/miara-zwijana-metrowka-tasma-wlokno-szkalne-30m\/#breadcrumb","itemListElement":[{"@type":"ListItem","position":1,"name":"Strona g\u0142\u00f3wna","item":"https:\/\/bobimarket.pl\/"},{"@type":"ListItem","position":2,"name":"Sklep","item":"https:\/\/bobimarket.pl\/index.php\/shop\/"},{"@type":"ListItem","position":3,"name":"MIARA ZWIJANA METR\u00d3WKA TA\u015aMA W\u0141\u00d3KNO SZKALNE 30M"}]},{"@type":"WebSite","@id":"https:\/\/bobimarket.pl\/#website","url":"https:\/\/bobimarket.pl\/","name":"BOBIMARKET.pl - Remontuj i urz\u0105dzaj z nami","description":"Remontuj i urz\u0105dzaj z nami","publisher":{"@id":"https:\/\/bobimarket.pl\/#organization"},"potentialAction":[{"@type":"SearchAction","target":{"@type":"EntryPoint","urlTemplate":"https:\/\/bobimarket.pl\/?s={search_term_string}"},"query-input":"required name=search_term_string"}],"inLanguage":"pl-PL"},{"@type":"Organization","@id":"https:\/\/bobimarket.pl\/#organization","name":"BOBIMARKET.pl","url":"https:\/\/bobimarket.pl\/","logo":{"@type":"ImageObject","inLanguage":"pl-PL","@id":"https:\/\/bobimarket.pl\/#\/schema\/logo\/image\/","url":"https:\/\/bobimarket.pl\/wp-content\/uploads\/2021\/11\/slogan.png","contentUrl":"https:\/\/bobimarket.pl\/wp-content\/uploads\/2021\/11\/slogan.png","width":2000,"height":384,"caption":"BOBIMARKET.pl"},"image":{"@id":"https:\/\/bobimarket.pl\/#\/schema\/logo\/image\/"}}]}},"_links":{"self":[{"href":"https:\/\/bobimarket.pl\/index.php\/wp-json\/wp\/v2\/product\/91353"}],"collection":[{"href":"https:\/\/bobimarket.pl\/index.php\/wp-json\/wp\/v2\/product"}],"about":[{"href":"https:\/\/bobimarket.pl\/index.php\/wp-json\/wp\/v2\/types\/product"}],"wp:featuredmedia":[{"embeddable":true,"href":"https:\/\/bobimarket.pl\/index.php\/wp-json\/wp\/v2\/media\/91352"}],"wp:attachment":[{"href":"https:\/\/bobimarket.pl\/index.php\/wp-json\/wp\/v2\/media?parent=91353"}],"wp:term":[{"taxonomy":"product_cat","embeddable":true,"href":"https:\/\/bobimarket.pl\/index.php\/wp-json\/wp\/v2\/product_cat?post=91353"},{"taxonomy":"product_tag","embeddable":true,"href":"https:\/\/bobimarket.pl\/index.php\/wp-json\/wp\/v2\/product_tag?post=91353"}],"curies":[{"name":"wp","href":"https:\/\/api.w.org\/{rel}","templated":true}]}}