{"id":91364,"date":"2023-08-30T05:33:06","date_gmt":"2023-08-30T05:33:06","guid":{"rendered":"https:\/\/bobimarket.pl\/index.php\/produkt\/zestaw-brzeszczot-do-wyrzynarki-drewno-metal-pcv-5szt\/"},"modified":"2025-02-27T15:42:32","modified_gmt":"2025-02-27T15:42:32","slug":"zestaw-brzeszczot-do-wyrzynarki-drewno-metal-pcv-5szt","status":"publish","type":"product","link":"https:\/\/bobimarket.pl\/index.php\/produkt\/zestaw-brzeszczot-do-wyrzynarki-drewno-metal-pcv-5szt\/","title":{"rendered":"ZESTAW BRZESZCZOT DO WYRZYNARKI  DREWNO METAL PCV 5szt"},"content":{"rendered":"<section class=\"section\">\n<div class=\"item item-6\">\n<section class=\"image-item\">\n            <img decoding=\"async\" src=\"https:\/\/upload.cdn.baselinker.com\/products\/14476\/992dca22c3c8ac4eb05ec2459c53f53d.jpg\" \/><br \/>\n        <\/section>\n<\/p><\/div>\n<div class=\"item item-6\">\n<section class=\"text-item\">\n<h2>ZESTAW BRZESZCZOT DO WYRZYNARKI\u00a0 DREWNO METAL PCV 5szt<\/h2>\n<p><b>Dane techniczne:<\/b><\/p>\n<ul>\n<li>Typ uchwytu:<b> \u02ddT\u02dd<\/b><\/li>\n<li>Materia\u0142 brzeszczot\u00f3w do metalu:<b> HSS<\/b><\/li>\n<li>Materia\u0142 brzeszczot\u00f3w do drewna:<b> HCS<\/b><\/li>\n<li>Przeznaczenie: drewno,\u00a0 metal, PCV<\/li>\n<li>Liczba w zestawie:<b> 5\u00a0szt.<\/b><\/li>\n<\/ul>\n<p><b>Komplet sk\u0142ada si\u0119 z 5 brzeszczot\u00f3w o r\u00f3\u017cnych parametrach technicznych.\u00a0<\/b><\/p>\n<ul>\n<li>Brzeszczot <b>JU-AJT-2106<\/b> 6 TPI<\/li>\n<li>Brzeszczot <b>JU-AJT-2101<\/b> 10 TPI<\/li>\n<li>Brzeszczot <b>JU-AJT-2104<\/b> 21 TPI<\/li>\n<li>Brzeszczot <b>JU-AJT-2209<\/b> 21 TPI<\/li>\n<li>Brzeszczot J<b>U-AJT-2115<\/b>\u00a0 12 TPI<\/li>\n<\/ul>\n<\/section><\/div>\n<\/section>\n<section class=\"section\">\n<div class=\"item item-6\">\n<section class=\"image-item\">\n            <img decoding=\"async\" src=\"https:\/\/upload.cdn.baselinker.com\/products\/14476\/ff20a285bd1ce39465ae8143c8c97bf9.jpg\" \/><br \/>\n        <\/section>\n<\/p><\/div>\n<div class=\"item item-6\">\n<section class=\"text-item\">\n<p>Brzeszczoty do wyrzynarek o uniwersalnym zastosowaniu. Brzeszczoty do drewna wykonane s\u0105 ze stali wysokow\u0119glowej, natomiast brzeszczoty do metalu wykonane z stali narz\u0119dziowej. Wyposa\u017cony w popularny <b>uchwyt typu &#8222;T&#8221;<\/b> umo\u017cliwiaj\u0105cy ci\u0119cie za pomoc\u0105 wyrzynarek wi\u0119kszo\u015bci producent\u00f3w dost\u0119pnych na rynku.<\/p>\n<ul>\n<li>Ka\u017cdy z brzeszczot\u00f3w jest odpowiednio opisany co u\u0142atwia korzystanie z narz\u0119dzia!<\/li>\n<\/ul>\n<\/section><\/div>\n<\/section>\n<section class=\"section\">\n<div class=\"item item-6\">\n<section class=\"image-item\">\n            <img decoding=\"async\" src=\"https:\/\/upload.cdn.baselinker.com\/products\/14476\/992dca22c3c8ac4eb05ec2459c53f53d.jpg\" \/><br \/>\n        <\/section>\n<\/p><\/div>\n<div class=\"item item-6\">\n<section class=\"text-item\">\n<p>\u2705<b> Brzeszczot JU-AJT-2101<\/b> przeznaczonydo ci\u0119cia do drewna, p\u0142yty wi\u00f3rowej, sklejki oraz PVC<\/p>\n<ul>\n<li>D\u0142ugo\u015b\u0107 ca\u0142kowita: 100 mm<\/li>\n<li>D\u0142ugo\u015b\u0107 robocza: 75 mm<\/li>\n<li>Ilo\u015b\u0107 z\u0119b\u00f3w (rozstaw): 10TPI (10 z\u0119b\u00f3w\/cal)<\/li>\n<li>Typ: T101B<\/li>\n<\/ul>\n<p>\u2705<b> Brzeszczot JU-AJT-2106<\/b> stosowany do ci\u0119cia do drewna, p\u0142yty wi\u00f3rowej oraz sklejki.<\/p>\n<ul>\n<li>D\u0142ugo\u015b\u0107 ca\u0142kowita: 100 mm<\/li>\n<li>D\u0142ugo\u015b\u0107 robocza: 75 mm<\/li>\n<li>Ilo\u015b\u0107 z\u0119b\u00f3w (rozstaw): 6TPI (6 z\u0119b\u00f3w\/cal)<\/li>\n<li>Typ: T101B<\/li>\n<\/ul>\n<p>\u2705Brzeszczot <b>JU-AJT-2104<\/b> do ci\u0119cia do drewna, p\u0142yty wi\u00f3rowej, sklejki oraz PVC.<\/p>\n<ul>\n<li>D\u0142ugo\u015b\u0107 ca\u0142kowita: 75 mm<\/li>\n<li>D\u0142ugo\u015b\u0107 robocza: 50 mm<\/li>\n<li>Ilo\u015b\u0107 z\u0119b\u00f3w (rozstaw): 21TPI (21 z\u0119b\u00f3w\/cal)<\/li>\n<li>Typ: T101B<\/li>\n<\/ul>\n<p>\u2705<b> Brzeszczot JU-AJT-2209<\/b> stosowany do ci\u0119cia metalu.<\/p>\n<ul>\n<li>D\u0142ugo\u015b\u0107 ca\u0142kowita: 75 mm<\/li>\n<li>D\u0142ugo\u015b\u0107 robocza: 50 mm<\/li>\n<li>Ilo\u015b\u0107 z\u0119b\u00f3w (rozstaw): 21 TPI (21 z\u0119b\u00f3w\/cal)<\/li>\n<li>Typ: T101B<\/li>\n<\/ul>\n<p>\u2705<b> Brzeszczot JU-AJT-2115<\/b> do ci\u0119cia drewna, p\u0142yty wi\u00f3rowej, sklejki oraz PVC<\/p>\n<ul>\n<li>D\u0142ugo\u015b\u0107 ca\u0142kowita: 75 mm<\/li>\n<li>D\u0142ugo\u015b\u0107 robocza: 50 mm<\/li>\n<li>Ilo\u015b\u0107 z\u0119b\u00f3w (rozstaw): 12TPI (12 z\u0119b\u00f3w\/cal)<\/li>\n<li>Typ: T101B<\/li>\n<\/ul>\n<\/section><\/div>\n<\/section>\n","protected":false},"excerpt":{"rendered":"<p>ZESTAW BRZESZCZOT DO WYRZYNARKI\u00a0 DREWNO METAL PCV 5szt Dane techniczne: Typ uchwytu: \u02ddT\u02dd Materia\u0142 brzeszczot\u00f3w do metalu: HSS Materia\u0142 brzeszczot\u00f3w do drewna: HCS Przeznaczenie: drewno,\u00a0 metal, PCV Liczba w zestawie: 5\u00a0szt. Komplet sk\u0142ada si\u0119 z 5 brzeszczot\u00f3w o r\u00f3\u017cnych parametrach technicznych.\u00a0 Brzeszczot JU-AJT-2106 6 TPI Brzeszczot JU-AJT-2101 10 TPI Brzeszczot JU-AJT-2104 21 TPI Brzeszczot JU-AJT-2209<br \/><a class=\"more-link\" href=\"https:\/\/bobimarket.pl\/index.php\/produkt\/zestaw-brzeszczot-do-wyrzynarki-drewno-metal-pcv-5szt\/\"><br \/>\n        Czytaj wi\u0119cej<span class=\"screen-reader-text\"> &#8222;ZESTAW BRZESZCZOT DO WYRZYNARKI  DREWNO METAL PCV 5szt&#8221;<\/span><\/a><\/p>\n","protected":false},"featured_media":91362,"template":"","meta":[],"product_cat":[8165],"product_tag":[],"yoast_head":"<!-- This site is optimized with the Yoast SEO plugin v21.0 - https:\/\/yoast.com\/wordpress\/plugins\/seo\/ -->\n<title>ZESTAW BRZESZCZOT DO WYRZYNARKI DREWNO METAL PCV 5szt - BOBIMARKET.pl - Remontuj i urz\u0105dzaj z nami<\/title>\n<meta name=\"robots\" content=\"index, follow, max-snippet:-1, max-image-preview:large, max-video-preview:-1\" \/>\n<link rel=\"canonical\" href=\"https:\/\/bobimarket.pl\/index.php\/produkt\/zestaw-brzeszczot-do-wyrzynarki-drewno-metal-pcv-5szt\/\" \/>\n<meta property=\"og:locale\" content=\"pl_PL\" \/>\n<meta property=\"og:type\" content=\"article\" \/>\n<meta property=\"og:title\" content=\"ZESTAW BRZESZCZOT DO WYRZYNARKI DREWNO METAL PCV 5szt - BOBIMARKET.pl - Remontuj i urz\u0105dzaj z nami\" \/>\n<meta property=\"og:description\" content=\"ZESTAW BRZESZCZOT DO WYRZYNARKI\u00a0 DREWNO METAL PCV 5szt Dane techniczne: Typ uchwytu: \u02ddT\u02dd Materia\u0142 brzeszczot\u00f3w do metalu: HSS Materia\u0142 brzeszczot\u00f3w do drewna: HCS Przeznaczenie: drewno,\u00a0 metal, PCV Liczba w zestawie: 5\u00a0szt. Komplet sk\u0142ada si\u0119 z 5 brzeszczot\u00f3w o r\u00f3\u017cnych parametrach technicznych.\u00a0 Brzeszczot JU-AJT-2106 6 TPI Brzeszczot JU-AJT-2101 10 TPI Brzeszczot JU-AJT-2104 21 TPI Brzeszczot JU-AJT-2209     Czytaj wi\u0119cej &quot;ZESTAW BRZESZCZOT DO WYRZYNARKI DREWNO METAL PCV 5szt&quot;\" \/>\n<meta property=\"og:url\" content=\"https:\/\/bobimarket.pl\/index.php\/produkt\/zestaw-brzeszczot-do-wyrzynarki-drewno-metal-pcv-5szt\/\" \/>\n<meta property=\"og:site_name\" content=\"BOBIMARKET.pl - Remontuj i urz\u0105dzaj z nami\" \/>\n<meta property=\"article:modified_time\" content=\"2025-02-27T15:42:32+00:00\" \/>\n<meta property=\"og:image\" content=\"https:\/\/upload.cdn.baselinker.com\/products\/14476\/992dca22c3c8ac4eb05ec2459c53f53d.jpg\" \/>\n<meta name=\"twitter:card\" content=\"summary_large_image\" \/>\n<meta name=\"twitter:label1\" content=\"Szacowany czas czytania\" \/>\n\t<meta name=\"twitter:data1\" content=\"1 minuta\" \/>\n<script type=\"application\/ld+json\" class=\"yoast-schema-graph\">{\"@context\":\"https:\/\/schema.org\",\"@graph\":[{\"@type\":\"WebPage\",\"@id\":\"https:\/\/bobimarket.pl\/index.php\/produkt\/zestaw-brzeszczot-do-wyrzynarki-drewno-metal-pcv-5szt\/\",\"url\":\"https:\/\/bobimarket.pl\/index.php\/produkt\/zestaw-brzeszczot-do-wyrzynarki-drewno-metal-pcv-5szt\/\",\"name\":\"ZESTAW BRZESZCZOT DO WYRZYNARKI DREWNO METAL PCV 5szt - BOBIMARKET.pl - Remontuj i urz\u0105dzaj z nami\",\"isPartOf\":{\"@id\":\"https:\/\/bobimarket.pl\/#website\"},\"datePublished\":\"2023-08-30T05:33:06+00:00\",\"dateModified\":\"2025-02-27T15:42:32+00:00\",\"breadcrumb\":{\"@id\":\"https:\/\/bobimarket.pl\/index.php\/produkt\/zestaw-brzeszczot-do-wyrzynarki-drewno-metal-pcv-5szt\/#breadcrumb\"},\"inLanguage\":\"pl-PL\",\"potentialAction\":[{\"@type\":\"ReadAction\",\"target\":[\"https:\/\/bobimarket.pl\/index.php\/produkt\/zestaw-brzeszczot-do-wyrzynarki-drewno-metal-pcv-5szt\/\"]}]},{\"@type\":\"BreadcrumbList\",\"@id\":\"https:\/\/bobimarket.pl\/index.php\/produkt\/zestaw-brzeszczot-do-wyrzynarki-drewno-metal-pcv-5szt\/#breadcrumb\",\"itemListElement\":[{\"@type\":\"ListItem\",\"position\":1,\"name\":\"Strona g\u0142\u00f3wna\",\"item\":\"https:\/\/bobimarket.pl\/\"},{\"@type\":\"ListItem\",\"position\":2,\"name\":\"Sklep\",\"item\":\"https:\/\/bobimarket.pl\/index.php\/shop\/\"},{\"@type\":\"ListItem\",\"position\":3,\"name\":\"ZESTAW BRZESZCZOT DO WYRZYNARKI DREWNO METAL PCV 5szt\"}]},{\"@type\":\"WebSite\",\"@id\":\"https:\/\/bobimarket.pl\/#website\",\"url\":\"https:\/\/bobimarket.pl\/\",\"name\":\"BOBIMARKET.pl - Remontuj i urz\u0105dzaj z nami\",\"description\":\"Remontuj i urz\u0105dzaj z nami\",\"publisher\":{\"@id\":\"https:\/\/bobimarket.pl\/#organization\"},\"potentialAction\":[{\"@type\":\"SearchAction\",\"target\":{\"@type\":\"EntryPoint\",\"urlTemplate\":\"https:\/\/bobimarket.pl\/?s={search_term_string}\"},\"query-input\":\"required name=search_term_string\"}],\"inLanguage\":\"pl-PL\"},{\"@type\":\"Organization\",\"@id\":\"https:\/\/bobimarket.pl\/#organization\",\"name\":\"BOBIMARKET.pl\",\"url\":\"https:\/\/bobimarket.pl\/\",\"logo\":{\"@type\":\"ImageObject\",\"inLanguage\":\"pl-PL\",\"@id\":\"https:\/\/bobimarket.pl\/#\/schema\/logo\/image\/\",\"url\":\"https:\/\/bobimarket.pl\/wp-content\/uploads\/2021\/11\/slogan.png\",\"contentUrl\":\"https:\/\/bobimarket.pl\/wp-content\/uploads\/2021\/11\/slogan.png\",\"width\":2000,\"height\":384,\"caption\":\"BOBIMARKET.pl\"},\"image\":{\"@id\":\"https:\/\/bobimarket.pl\/#\/schema\/logo\/image\/\"}}]}<\/script>\n<!-- \/ Yoast SEO plugin. -->","yoast_head_json":{"title":"ZESTAW BRZESZCZOT DO WYRZYNARKI DREWNO METAL PCV 5szt - BOBIMARKET.pl - Remontuj i urz\u0105dzaj z nami","robots":{"index":"index","follow":"follow","max-snippet":"max-snippet:-1","max-image-preview":"max-image-preview:large","max-video-preview":"max-video-preview:-1"},"canonical":"https:\/\/bobimarket.pl\/index.php\/produkt\/zestaw-brzeszczot-do-wyrzynarki-drewno-metal-pcv-5szt\/","og_locale":"pl_PL","og_type":"article","og_title":"ZESTAW BRZESZCZOT DO WYRZYNARKI DREWNO METAL PCV 5szt - BOBIMARKET.pl - Remontuj i urz\u0105dzaj z nami","og_description":"ZESTAW BRZESZCZOT DO WYRZYNARKI\u00a0 DREWNO METAL PCV 5szt Dane techniczne: Typ uchwytu: \u02ddT\u02dd Materia\u0142 brzeszczot\u00f3w do metalu: HSS Materia\u0142 brzeszczot\u00f3w do drewna: HCS Przeznaczenie: drewno,\u00a0 metal, PCV Liczba w zestawie: 5\u00a0szt. Komplet sk\u0142ada si\u0119 z 5 brzeszczot\u00f3w o r\u00f3\u017cnych parametrach technicznych.\u00a0 Brzeszczot JU-AJT-2106 6 TPI Brzeszczot JU-AJT-2101 10 TPI Brzeszczot JU-AJT-2104 21 TPI Brzeszczot JU-AJT-2209     Czytaj wi\u0119cej \"ZESTAW BRZESZCZOT DO WYRZYNARKI DREWNO METAL PCV 5szt\"","og_url":"https:\/\/bobimarket.pl\/index.php\/produkt\/zestaw-brzeszczot-do-wyrzynarki-drewno-metal-pcv-5szt\/","og_site_name":"BOBIMARKET.pl - Remontuj i urz\u0105dzaj z nami","article_modified_time":"2025-02-27T15:42:32+00:00","og_image":[{"url":"https:\/\/upload.cdn.baselinker.com\/products\/14476\/992dca22c3c8ac4eb05ec2459c53f53d.jpg"}],"twitter_card":"summary_large_image","twitter_misc":{"Szacowany czas czytania":"1 minuta"},"schema":{"@context":"https:\/\/schema.org","@graph":[{"@type":"WebPage","@id":"https:\/\/bobimarket.pl\/index.php\/produkt\/zestaw-brzeszczot-do-wyrzynarki-drewno-metal-pcv-5szt\/","url":"https:\/\/bobimarket.pl\/index.php\/produkt\/zestaw-brzeszczot-do-wyrzynarki-drewno-metal-pcv-5szt\/","name":"ZESTAW BRZESZCZOT DO WYRZYNARKI DREWNO METAL PCV 5szt - BOBIMARKET.pl - Remontuj i urz\u0105dzaj z nami","isPartOf":{"@id":"https:\/\/bobimarket.pl\/#website"},"datePublished":"2023-08-30T05:33:06+00:00","dateModified":"2025-02-27T15:42:32+00:00","breadcrumb":{"@id":"https:\/\/bobimarket.pl\/index.php\/produkt\/zestaw-brzeszczot-do-wyrzynarki-drewno-metal-pcv-5szt\/#breadcrumb"},"inLanguage":"pl-PL","potentialAction":[{"@type":"ReadAction","target":["https:\/\/bobimarket.pl\/index.php\/produkt\/zestaw-brzeszczot-do-wyrzynarki-drewno-metal-pcv-5szt\/"]}]},{"@type":"BreadcrumbList","@id":"https:\/\/bobimarket.pl\/index.php\/produkt\/zestaw-brzeszczot-do-wyrzynarki-drewno-metal-pcv-5szt\/#breadcrumb","itemListElement":[{"@type":"ListItem","position":1,"name":"Strona g\u0142\u00f3wna","item":"https:\/\/bobimarket.pl\/"},{"@type":"ListItem","position":2,"name":"Sklep","item":"https:\/\/bobimarket.pl\/index.php\/shop\/"},{"@type":"ListItem","position":3,"name":"ZESTAW BRZESZCZOT DO WYRZYNARKI DREWNO METAL PCV 5szt"}]},{"@type":"WebSite","@id":"https:\/\/bobimarket.pl\/#website","url":"https:\/\/bobimarket.pl\/","name":"BOBIMARKET.pl - Remontuj i urz\u0105dzaj z nami","description":"Remontuj i urz\u0105dzaj z nami","publisher":{"@id":"https:\/\/bobimarket.pl\/#organization"},"potentialAction":[{"@type":"SearchAction","target":{"@type":"EntryPoint","urlTemplate":"https:\/\/bobimarket.pl\/?s={search_term_string}"},"query-input":"required name=search_term_string"}],"inLanguage":"pl-PL"},{"@type":"Organization","@id":"https:\/\/bobimarket.pl\/#organization","name":"BOBIMARKET.pl","url":"https:\/\/bobimarket.pl\/","logo":{"@type":"ImageObject","inLanguage":"pl-PL","@id":"https:\/\/bobimarket.pl\/#\/schema\/logo\/image\/","url":"https:\/\/bobimarket.pl\/wp-content\/uploads\/2021\/11\/slogan.png","contentUrl":"https:\/\/bobimarket.pl\/wp-content\/uploads\/2021\/11\/slogan.png","width":2000,"height":384,"caption":"BOBIMARKET.pl"},"image":{"@id":"https:\/\/bobimarket.pl\/#\/schema\/logo\/image\/"}}]}},"_links":{"self":[{"href":"https:\/\/bobimarket.pl\/index.php\/wp-json\/wp\/v2\/product\/91364"}],"collection":[{"href":"https:\/\/bobimarket.pl\/index.php\/wp-json\/wp\/v2\/product"}],"about":[{"href":"https:\/\/bobimarket.pl\/index.php\/wp-json\/wp\/v2\/types\/product"}],"wp:featuredmedia":[{"embeddable":true,"href":"https:\/\/bobimarket.pl\/index.php\/wp-json\/wp\/v2\/media\/91362"}],"wp:attachment":[{"href":"https:\/\/bobimarket.pl\/index.php\/wp-json\/wp\/v2\/media?parent=91364"}],"wp:term":[{"taxonomy":"product_cat","embeddable":true,"href":"https:\/\/bobimarket.pl\/index.php\/wp-json\/wp\/v2\/product_cat?post=91364"},{"taxonomy":"product_tag","embeddable":true,"href":"https:\/\/bobimarket.pl\/index.php\/wp-json\/wp\/v2\/product_tag?post=91364"}],"curies":[{"name":"wp","href":"https:\/\/api.w.org\/{rel}","templated":true}]}}