{"id":91403,"date":"2023-08-30T05:35:34","date_gmt":"2023-08-30T05:35:34","guid":{"rendered":"https:\/\/bobimarket.pl\/index.php\/produkt\/scisk-zacisk-uchwyt-szybkozaciskowy-stolarski-600\/"},"modified":"2025-02-27T15:42:55","modified_gmt":"2025-02-27T15:42:55","slug":"scisk-zacisk-uchwyt-szybkozaciskowy-stolarski-600","status":"publish","type":"product","link":"https:\/\/bobimarket.pl\/index.php\/produkt\/scisk-zacisk-uchwyt-szybkozaciskowy-stolarski-600\/","title":{"rendered":"\u015aCISK ZACISK UCHWYT SZYBKOZACISKOWY STOLARSKI 600"},"content":{"rendered":"<section class=\"section\">\n<div class=\"item item-6\">\n<section class=\"image-item\">\n            <img decoding=\"async\" src=\"https:\/\/upload.cdn.baselinker.com\/products\/14476\/17697f6e6b91846883ff3b0fd39bc829.jpg\" \/><br \/>\n        <\/section>\n<\/p><\/div>\n<div class=\"item item-6\">\n<section class=\"text-item\">\n<h2>\u015aCISK ZACISK UCHWYT SZYBKOZACISKOWY STOLARSKI 600<\/h2>\n<p><b>Dane techniczne:<\/b><\/p>\n<ul>\n<li>Materia\u0142: <b>tworzywo\/stal<\/b><\/li>\n<li>Rozmiar: <b>600<\/b><\/li>\n<li>Rodzaj: <b>stolarski szybkozaciskowy<\/b><\/li>\n<li>Marka: <b>Drel<\/b><\/li>\n<\/ul>\n<\/section><\/div>\n<\/section>\n<section class=\"section\">\n<div class=\"item item-6\">\n<section class=\"image-item\">\n            <img decoding=\"async\" src=\"https:\/\/upload.cdn.baselinker.com\/products\/14476\/3335b027e7dd947e5b9530c09e29aa23.jpg\" \/><br \/>\n        <\/section>\n<\/p><\/div>\n<div class=\"item item-6\">\n<section class=\"text-item\">\n<p><b>Przydatne narz\u0119dzie, kt\u00f3re u\u0142atwi Twoj\u0105 prac\u0119!<\/b><\/p>\n<p>Praktyczny <b>\u015bcisk stolarski szybkozaciskowy<\/b>.\u00a0 Nowoczesna konstrukcja pozwala na obs\u0142ug\u0119 narz\u0119dzia jedna r\u0119k\u0105, co znacznie wp\u0142ywa na komfort wykonywanej pracy. Dodatkowo wyposa\u017cony w\u00a0 wygodna r\u0105czk\u0119 zapewniaj\u0105c\u0105 mocny i pewny chwyt.<\/p>\n<ul>\n<li>Szyna g\u0142\u00f3wna wykonana ze<b> mocnej stali<\/b>, co b\u0119dzie owocowa\u0142o d\u0142ugim okresem u\u017cytkowania.\u00a0<\/li>\n<\/ul>\n<ul>\n<li>Elementy dociskowe szcz\u0119k wyposa\u017cone w <b>specjalne nak\u0142adki chroni\u0105ce<\/b> materia\u0142 przed zagnieceniem.<\/li>\n<\/ul>\n<\/section><\/div>\n<\/section>\n<section class=\"section\">\n<div class=\"item item-6\">\n<section class=\"image-item\">\n            <img decoding=\"async\" src=\"https:\/\/upload.cdn.baselinker.com\/products\/14476\/db1ea8ec7e5caaecf170164aebc804cd.jpg\" \/><br \/>\n        <\/section>\n<\/p><\/div>\n<div class=\"item item-6\">\n<section class=\"text-item\">\n<p><b>Przydatne narz\u0119dzie, kt\u00f3re u\u0142atwi Twoj\u0105 prac\u0119!<\/b><\/p>\n<p>Praktyczny <b>\u015bcisk stolarski szybkozaciskowy<\/b>.\u00a0 Nowoczesna konstrukcja pozwala na obs\u0142ug\u0119 narz\u0119dzia jedna r\u0119k\u0105, co znacznie wp\u0142ywa na komfort wykonywanej pracy. Dodatkowo wyposa\u017cony w\u00a0 wygodna r\u0105czk\u0119 zapewniaj\u0105c\u0105 mocny i pewny chwyt.<\/p>\n<ul>\n<li>Szyna g\u0142\u00f3wna wykonana ze<b> mocnej stali<\/b>, co b\u0119dzie owocowa\u0142o d\u0142ugim okresem u\u017cytkowania.\u00a0<\/li>\n<\/ul>\n<ul>\n<li>Elementy dociskowe szcz\u0119k wyposa\u017cone w <b>specjalne nak\u0142adki chroni\u0105ce<\/b> materia\u0142 przed zagnieceniem.<\/li>\n<\/ul>\n<\/section><\/div>\n<\/section>\n<section class=\"section\">\n<div class=\"item item-6\">\n<section class=\"image-item\">\n            <img decoding=\"async\" src=\"https:\/\/upload.cdn.baselinker.com\/products\/14476\/6fc786406ddc12ff56c976ab0c20bd71.jpg\" \/><br \/>\n        <\/section>\n<\/p><\/div>\n<div class=\"item item-6\">\n<section class=\"text-item\">\n<p><b>\u2705<\/b><b> Zastosowanie:<\/b><\/p>\n<p>\u015acisk b\u0119dzie pomocny podczas produkcji \u00a0w produkcji mebli lub w przemy\u015ble opakowa\u0144. Przestawianie szcz\u0119k umo\u017cliwia \u015bciskanie lub rozpieranie.<\/p>\n<ul>\n<li>\u015acisk pozwoli na skuteczne unieruchomienie ro\u017cnych element\u00f3w i przedmiot\u00f3w.<\/li>\n<\/ul>\n<ul>\n<li>Sprawdzi si\u0119 podczas prac wymagaj\u0105cych z\u0142\u0105czenia ze sob\u0105 dw\u00f3ch powierzchni na czas klejenia.<\/li>\n<li>\u00a0U\u0142atwia przykr\u0119canie czy montowanie.<\/li>\n<\/ul>\n<\/section><\/div>\n<\/section>\n<section class=\"section\">\n<div class=\"item item-12\">\n<section class=\"image-item\">\n            <img decoding=\"async\" src=\"https:\/\/upload.cdn.baselinker.com\/products\/14476\/90f23d089701fc356fa024e54c2695c0.jpg\" \/><br \/>\n        <\/section>\n<\/p><\/div>\n<\/section>\n","protected":false},"excerpt":{"rendered":"<p>\u015aCISK ZACISK UCHWYT SZYBKOZACISKOWY STOLARSKI 600 Dane techniczne: Materia\u0142: tworzywo\/stal Rozmiar: 600 Rodzaj: stolarski szybkozaciskowy Marka: Drel Przydatne narz\u0119dzie, kt\u00f3re u\u0142atwi Twoj\u0105 prac\u0119! Praktyczny \u015bcisk stolarski szybkozaciskowy.\u00a0 Nowoczesna konstrukcja pozwala na obs\u0142ug\u0119 narz\u0119dzia jedna r\u0119k\u0105, co znacznie wp\u0142ywa na komfort wykonywanej pracy. Dodatkowo wyposa\u017cony w\u00a0 wygodna r\u0105czk\u0119 zapewniaj\u0105c\u0105 mocny i pewny chwyt. Szyna g\u0142\u00f3wna wykonana<br \/><a class=\"more-link\" href=\"https:\/\/bobimarket.pl\/index.php\/produkt\/scisk-zacisk-uchwyt-szybkozaciskowy-stolarski-600\/\"><br \/>\n        Czytaj wi\u0119cej<span class=\"screen-reader-text\"> &#8222;\u015aCISK ZACISK UCHWYT SZYBKOZACISKOWY STOLARSKI 600&#8221;<\/span><\/a><\/p>\n","protected":false},"featured_media":91396,"template":"","meta":[],"product_cat":[8114],"product_tag":[],"yoast_head":"<!-- This site is optimized with the Yoast SEO plugin v21.0 - https:\/\/yoast.com\/wordpress\/plugins\/seo\/ -->\n<title>\u015aCISK ZACISK UCHWYT SZYBKOZACISKOWY STOLARSKI 600 - BOBIMARKET.pl - Remontuj i urz\u0105dzaj z nami<\/title>\n<meta name=\"robots\" content=\"index, follow, max-snippet:-1, max-image-preview:large, max-video-preview:-1\" \/>\n<link rel=\"canonical\" href=\"https:\/\/bobimarket.pl\/index.php\/produkt\/scisk-zacisk-uchwyt-szybkozaciskowy-stolarski-600\/\" \/>\n<meta property=\"og:locale\" content=\"pl_PL\" \/>\n<meta property=\"og:type\" content=\"article\" \/>\n<meta property=\"og:title\" content=\"\u015aCISK ZACISK UCHWYT SZYBKOZACISKOWY STOLARSKI 600 - BOBIMARKET.pl - Remontuj i urz\u0105dzaj z nami\" \/>\n<meta property=\"og:description\" content=\"\u015aCISK ZACISK UCHWYT SZYBKOZACISKOWY STOLARSKI 600 Dane techniczne: Materia\u0142: tworzywo\/stal Rozmiar: 600 Rodzaj: stolarski szybkozaciskowy Marka: Drel Przydatne narz\u0119dzie, kt\u00f3re u\u0142atwi Twoj\u0105 prac\u0119! Praktyczny \u015bcisk stolarski szybkozaciskowy.\u00a0 Nowoczesna konstrukcja pozwala na obs\u0142ug\u0119 narz\u0119dzia jedna r\u0119k\u0105, co znacznie wp\u0142ywa na komfort wykonywanej pracy. Dodatkowo wyposa\u017cony w\u00a0 wygodna r\u0105czk\u0119 zapewniaj\u0105c\u0105 mocny i pewny chwyt. Szyna g\u0142\u00f3wna wykonana     Czytaj wi\u0119cej &quot;\u015aCISK ZACISK UCHWYT SZYBKOZACISKOWY STOLARSKI 600&quot;\" \/>\n<meta property=\"og:url\" content=\"https:\/\/bobimarket.pl\/index.php\/produkt\/scisk-zacisk-uchwyt-szybkozaciskowy-stolarski-600\/\" \/>\n<meta property=\"og:site_name\" content=\"BOBIMARKET.pl - Remontuj i urz\u0105dzaj z nami\" \/>\n<meta property=\"article:modified_time\" content=\"2025-02-27T15:42:55+00:00\" \/>\n<meta property=\"og:image\" content=\"https:\/\/upload.cdn.baselinker.com\/products\/14476\/17697f6e6b91846883ff3b0fd39bc829.jpg\" \/>\n<meta name=\"twitter:card\" content=\"summary_large_image\" \/>\n<meta name=\"twitter:label1\" content=\"Szacowany czas czytania\" \/>\n\t<meta name=\"twitter:data1\" content=\"1 minuta\" \/>\n<script type=\"application\/ld+json\" class=\"yoast-schema-graph\">{\"@context\":\"https:\/\/schema.org\",\"@graph\":[{\"@type\":\"WebPage\",\"@id\":\"https:\/\/bobimarket.pl\/index.php\/produkt\/scisk-zacisk-uchwyt-szybkozaciskowy-stolarski-600\/\",\"url\":\"https:\/\/bobimarket.pl\/index.php\/produkt\/scisk-zacisk-uchwyt-szybkozaciskowy-stolarski-600\/\",\"name\":\"\u015aCISK ZACISK UCHWYT SZYBKOZACISKOWY STOLARSKI 600 - BOBIMARKET.pl - Remontuj i urz\u0105dzaj z nami\",\"isPartOf\":{\"@id\":\"https:\/\/bobimarket.pl\/#website\"},\"datePublished\":\"2023-08-30T05:35:34+00:00\",\"dateModified\":\"2025-02-27T15:42:55+00:00\",\"breadcrumb\":{\"@id\":\"https:\/\/bobimarket.pl\/index.php\/produkt\/scisk-zacisk-uchwyt-szybkozaciskowy-stolarski-600\/#breadcrumb\"},\"inLanguage\":\"pl-PL\",\"potentialAction\":[{\"@type\":\"ReadAction\",\"target\":[\"https:\/\/bobimarket.pl\/index.php\/produkt\/scisk-zacisk-uchwyt-szybkozaciskowy-stolarski-600\/\"]}]},{\"@type\":\"BreadcrumbList\",\"@id\":\"https:\/\/bobimarket.pl\/index.php\/produkt\/scisk-zacisk-uchwyt-szybkozaciskowy-stolarski-600\/#breadcrumb\",\"itemListElement\":[{\"@type\":\"ListItem\",\"position\":1,\"name\":\"Strona g\u0142\u00f3wna\",\"item\":\"https:\/\/bobimarket.pl\/\"},{\"@type\":\"ListItem\",\"position\":2,\"name\":\"Sklep\",\"item\":\"https:\/\/bobimarket.pl\/index.php\/shop\/\"},{\"@type\":\"ListItem\",\"position\":3,\"name\":\"\u015aCISK ZACISK UCHWYT SZYBKOZACISKOWY STOLARSKI 600\"}]},{\"@type\":\"WebSite\",\"@id\":\"https:\/\/bobimarket.pl\/#website\",\"url\":\"https:\/\/bobimarket.pl\/\",\"name\":\"BOBIMARKET.pl - Remontuj i urz\u0105dzaj z nami\",\"description\":\"Remontuj i urz\u0105dzaj z nami\",\"publisher\":{\"@id\":\"https:\/\/bobimarket.pl\/#organization\"},\"potentialAction\":[{\"@type\":\"SearchAction\",\"target\":{\"@type\":\"EntryPoint\",\"urlTemplate\":\"https:\/\/bobimarket.pl\/?s={search_term_string}\"},\"query-input\":\"required name=search_term_string\"}],\"inLanguage\":\"pl-PL\"},{\"@type\":\"Organization\",\"@id\":\"https:\/\/bobimarket.pl\/#organization\",\"name\":\"BOBIMARKET.pl\",\"url\":\"https:\/\/bobimarket.pl\/\",\"logo\":{\"@type\":\"ImageObject\",\"inLanguage\":\"pl-PL\",\"@id\":\"https:\/\/bobimarket.pl\/#\/schema\/logo\/image\/\",\"url\":\"https:\/\/bobimarket.pl\/wp-content\/uploads\/2021\/11\/slogan.png\",\"contentUrl\":\"https:\/\/bobimarket.pl\/wp-content\/uploads\/2021\/11\/slogan.png\",\"width\":2000,\"height\":384,\"caption\":\"BOBIMARKET.pl\"},\"image\":{\"@id\":\"https:\/\/bobimarket.pl\/#\/schema\/logo\/image\/\"}}]}<\/script>\n<!-- \/ Yoast SEO plugin. -->","yoast_head_json":{"title":"\u015aCISK ZACISK UCHWYT SZYBKOZACISKOWY STOLARSKI 600 - BOBIMARKET.pl - Remontuj i urz\u0105dzaj z nami","robots":{"index":"index","follow":"follow","max-snippet":"max-snippet:-1","max-image-preview":"max-image-preview:large","max-video-preview":"max-video-preview:-1"},"canonical":"https:\/\/bobimarket.pl\/index.php\/produkt\/scisk-zacisk-uchwyt-szybkozaciskowy-stolarski-600\/","og_locale":"pl_PL","og_type":"article","og_title":"\u015aCISK ZACISK UCHWYT SZYBKOZACISKOWY STOLARSKI 600 - BOBIMARKET.pl - Remontuj i urz\u0105dzaj z nami","og_description":"\u015aCISK ZACISK UCHWYT SZYBKOZACISKOWY STOLARSKI 600 Dane techniczne: Materia\u0142: tworzywo\/stal Rozmiar: 600 Rodzaj: stolarski szybkozaciskowy Marka: Drel Przydatne narz\u0119dzie, kt\u00f3re u\u0142atwi Twoj\u0105 prac\u0119! Praktyczny \u015bcisk stolarski szybkozaciskowy.\u00a0 Nowoczesna konstrukcja pozwala na obs\u0142ug\u0119 narz\u0119dzia jedna r\u0119k\u0105, co znacznie wp\u0142ywa na komfort wykonywanej pracy. Dodatkowo wyposa\u017cony w\u00a0 wygodna r\u0105czk\u0119 zapewniaj\u0105c\u0105 mocny i pewny chwyt. Szyna g\u0142\u00f3wna wykonana     Czytaj wi\u0119cej \"\u015aCISK ZACISK UCHWYT SZYBKOZACISKOWY STOLARSKI 600\"","og_url":"https:\/\/bobimarket.pl\/index.php\/produkt\/scisk-zacisk-uchwyt-szybkozaciskowy-stolarski-600\/","og_site_name":"BOBIMARKET.pl - Remontuj i urz\u0105dzaj z nami","article_modified_time":"2025-02-27T15:42:55+00:00","og_image":[{"url":"https:\/\/upload.cdn.baselinker.com\/products\/14476\/17697f6e6b91846883ff3b0fd39bc829.jpg"}],"twitter_card":"summary_large_image","twitter_misc":{"Szacowany czas czytania":"1 minuta"},"schema":{"@context":"https:\/\/schema.org","@graph":[{"@type":"WebPage","@id":"https:\/\/bobimarket.pl\/index.php\/produkt\/scisk-zacisk-uchwyt-szybkozaciskowy-stolarski-600\/","url":"https:\/\/bobimarket.pl\/index.php\/produkt\/scisk-zacisk-uchwyt-szybkozaciskowy-stolarski-600\/","name":"\u015aCISK ZACISK UCHWYT SZYBKOZACISKOWY STOLARSKI 600 - BOBIMARKET.pl - Remontuj i urz\u0105dzaj z nami","isPartOf":{"@id":"https:\/\/bobimarket.pl\/#website"},"datePublished":"2023-08-30T05:35:34+00:00","dateModified":"2025-02-27T15:42:55+00:00","breadcrumb":{"@id":"https:\/\/bobimarket.pl\/index.php\/produkt\/scisk-zacisk-uchwyt-szybkozaciskowy-stolarski-600\/#breadcrumb"},"inLanguage":"pl-PL","potentialAction":[{"@type":"ReadAction","target":["https:\/\/bobimarket.pl\/index.php\/produkt\/scisk-zacisk-uchwyt-szybkozaciskowy-stolarski-600\/"]}]},{"@type":"BreadcrumbList","@id":"https:\/\/bobimarket.pl\/index.php\/produkt\/scisk-zacisk-uchwyt-szybkozaciskowy-stolarski-600\/#breadcrumb","itemListElement":[{"@type":"ListItem","position":1,"name":"Strona g\u0142\u00f3wna","item":"https:\/\/bobimarket.pl\/"},{"@type":"ListItem","position":2,"name":"Sklep","item":"https:\/\/bobimarket.pl\/index.php\/shop\/"},{"@type":"ListItem","position":3,"name":"\u015aCISK ZACISK UCHWYT SZYBKOZACISKOWY STOLARSKI 600"}]},{"@type":"WebSite","@id":"https:\/\/bobimarket.pl\/#website","url":"https:\/\/bobimarket.pl\/","name":"BOBIMARKET.pl - Remontuj i urz\u0105dzaj z nami","description":"Remontuj i urz\u0105dzaj z nami","publisher":{"@id":"https:\/\/bobimarket.pl\/#organization"},"potentialAction":[{"@type":"SearchAction","target":{"@type":"EntryPoint","urlTemplate":"https:\/\/bobimarket.pl\/?s={search_term_string}"},"query-input":"required name=search_term_string"}],"inLanguage":"pl-PL"},{"@type":"Organization","@id":"https:\/\/bobimarket.pl\/#organization","name":"BOBIMARKET.pl","url":"https:\/\/bobimarket.pl\/","logo":{"@type":"ImageObject","inLanguage":"pl-PL","@id":"https:\/\/bobimarket.pl\/#\/schema\/logo\/image\/","url":"https:\/\/bobimarket.pl\/wp-content\/uploads\/2021\/11\/slogan.png","contentUrl":"https:\/\/bobimarket.pl\/wp-content\/uploads\/2021\/11\/slogan.png","width":2000,"height":384,"caption":"BOBIMARKET.pl"},"image":{"@id":"https:\/\/bobimarket.pl\/#\/schema\/logo\/image\/"}}]}},"_links":{"self":[{"href":"https:\/\/bobimarket.pl\/index.php\/wp-json\/wp\/v2\/product\/91403"}],"collection":[{"href":"https:\/\/bobimarket.pl\/index.php\/wp-json\/wp\/v2\/product"}],"about":[{"href":"https:\/\/bobimarket.pl\/index.php\/wp-json\/wp\/v2\/types\/product"}],"wp:featuredmedia":[{"embeddable":true,"href":"https:\/\/bobimarket.pl\/index.php\/wp-json\/wp\/v2\/media\/91396"}],"wp:attachment":[{"href":"https:\/\/bobimarket.pl\/index.php\/wp-json\/wp\/v2\/media?parent=91403"}],"wp:term":[{"taxonomy":"product_cat","embeddable":true,"href":"https:\/\/bobimarket.pl\/index.php\/wp-json\/wp\/v2\/product_cat?post=91403"},{"taxonomy":"product_tag","embeddable":true,"href":"https:\/\/bobimarket.pl\/index.php\/wp-json\/wp\/v2\/product_tag?post=91403"}],"curies":[{"name":"wp","href":"https:\/\/api.w.org\/{rel}","templated":true}]}}