{"id":91508,"date":"2023-08-30T05:43:21","date_gmt":"2023-08-30T05:43:21","guid":{"rendered":"https:\/\/bobimarket.pl\/index.php\/produkt\/koszulki-rurki-termokurczliwe-zestaw-rurek-127szt\/"},"modified":"2025-02-27T15:43:17","modified_gmt":"2025-02-27T15:43:17","slug":"koszulki-rurki-termokurczliwe-zestaw-rurek-127szt","status":"publish","type":"product","link":"https:\/\/bobimarket.pl\/index.php\/produkt\/koszulki-rurki-termokurczliwe-zestaw-rurek-127szt\/","title":{"rendered":"KOSZULKI RURKI TERMOKURCZLIWE ZESTAW RUREK  127SZT"},"content":{"rendered":"<section class=\"section\">\n<div class=\"item item-12\">\n<section class=\"text-item\">\n<h2>KOSZULKI RURKI TERMOKURCZLIWE ZESTAW RUREK\u00a0 127 SZT<\/h2>\n<p><b>Informacje og\u00f3lne: <\/b><\/p>\n<ul>\n<li>Ilo\u015b\u0107 sztuk w zestawie:<b> 127 szt. <\/b><\/li>\n<li>Rodzaj:<b> koszulki termokurczliwe <\/b><\/li>\n<\/ul>\n<p><b>\u015arednica wewn\u0119trzna w mm:<\/b><\/p>\n<ul>\n<li>2,0 x 40 &#8211; 30 szt.<\/li>\n<li>2,5 x 40 &#8211; 25 szt.<\/li>\n<li>3,5 x 40 &#8211; 20 szt.<\/li>\n<li>5,0 x 40 &#8211; 20 szt.<\/li>\n<li>7,0 x 80 &#8211; 16 szt.<\/li>\n<li>10,0 x 80 &#8211; 8 szt.<\/li>\n<li>13,0 x 85 &#8211; 8 szt.<\/li>\n<\/ul>\n<\/section><\/div>\n<\/section>\n<section class=\"section\">\n<div class=\"item item-12\">\n<section class=\"image-item\">\n            <img decoding=\"async\" src=\"https:\/\/upload.cdn.baselinker.com\/products\/14476\/53d0cbd8ee19128e7b1e04923516572a.jpg\" \/><br \/>\n        <\/section>\n<\/p><\/div>\n<\/section>\n<section class=\"section\">\n<div class=\"item item-12\">\n<section class=\"text-item\">\n<p>Zestaw 127 szt. koszulek termokurczliwych w r\u00f3\u017cnych rozmiarach. Rurki doskonale sprawdz\u0105 si\u0119 podczas prac domowych, warsztatowych i produkcyjnych.<\/p>\n<ul>\n<li>Zalet\u0105 koszulek termokurczliwych jest to, \u017ce <b>przyjmuj\u0105 kszta\u0142t przedmiot<\/b>, na kt\u00f3rym s\u0105 obkurczane.<\/li>\n<\/ul>\n<ul>\n<li><b>\u0141atwe w monta\u017cu<\/b> \u2013 wystarczy po\u0142\u0105czy\u0107 przewody, na\u0142o\u017cy\u0107 na nie rurk\u0119 i podgrza\u0107. Koszulka zmniejszy swoj\u0105 obj\u0119to\u015b\u0107 o maksymalnie po\u0142ow\u0119 swojej obj\u0119to\u015bci.<\/li>\n<\/ul>\n<\/section><\/div>\n<\/section>\n<section class=\"section\">\n<div class=\"item item-12\">\n<section class=\"image-item\">\n            <img decoding=\"async\" src=\"https:\/\/upload.cdn.baselinker.com\/products\/14476\/51818136d8f04879b43a7de5e7754290.jpg\" \/><br \/>\n        <\/section>\n<\/p><\/div>\n<\/section>\n<section class=\"section\">\n<div class=\"item item-12\">\n<section class=\"text-item\">\n<p>\u2705 Zestaw umieszczono w <b>por\u0119cznym ogranizerze.<\/b> Poszczeg\u00f3lne rozmiary rurek umieszczono w osobnych przegr\u00f3dkach.<\/p>\n<ul>\n<li><b>Szczelnie zamykane<\/b> pude\u0142ko zapobiega gubieniu si\u0119 poszczeg\u00f3lnych element\u00f3w zestawu.<\/li>\n<li>Ponadto u\u0142atwia <b>utrzymanie porz\u0105dku<\/b> w warsztacie oraz pozwala na swobodne przenoszenie ca\u0142ego kompletu.<\/li>\n<\/ul>\n<\/section><\/div>\n<\/section>\n<section class=\"section\">\n<div class=\"item item-12\">\n<section class=\"image-item\">\n            <img decoding=\"async\" src=\"https:\/\/upload.cdn.baselinker.com\/products\/14476\/53d0cbd8ee19128e7b1e04923516572a.jpg\" \/><br \/>\n        <\/section>\n<\/p><\/div>\n<\/section>\n<section class=\"section\">\n<div class=\"item item-12\">\n<section class=\"text-item\">\n<p>\u2705 <b>Zastosowanie:<\/b><\/p>\n<p>Zestaw zawiera 127 szt. koszulek w r\u00f3\u017cnych rozmiarach, dzi\u0119ki czemu z \u0142atwo\u015bci\u0105 b\u0119dziesz m\u00f3g\u0142 wybra\u0107 t\u0105, kt\u00f3ra najlepiej odpowiada rodzajowi wykonywanych prac.<\/p>\n<ul>\n<li>Koszulki tworz\u0105 szczelnie przylegaj\u0105c\u0105 warstw\u0119 i wykorzystywane s\u0105 do izolacji kabli czy wi\u0105zek przewod\u00f3w elektrycznych.<\/li>\n<li>Sprawdza si\u0119 r\u00f3wnie\u017c do ochrony przed wilgoci\u0105.<\/li>\n<\/ul>\n<\/section><\/div>\n<\/section>\n","protected":false},"excerpt":{"rendered":"<p>KOSZULKI RURKI TERMOKURCZLIWE ZESTAW RUREK\u00a0 127 SZT Informacje og\u00f3lne: Ilo\u015b\u0107 sztuk w zestawie: 127 szt. Rodzaj: koszulki termokurczliwe \u015arednica wewn\u0119trzna w mm: 2,0 x 40 &#8211; 30 szt. 2,5 x 40 &#8211; 25 szt. 3,5 x 40 &#8211; 20 szt. 5,0 x 40 &#8211; 20 szt. 7,0 x 80 &#8211; 16 szt. 10,0 x 80<br \/><a class=\"more-link\" href=\"https:\/\/bobimarket.pl\/index.php\/produkt\/koszulki-rurki-termokurczliwe-zestaw-rurek-127szt\/\"><br \/>\n        Czytaj wi\u0119cej<span class=\"screen-reader-text\"> &#8222;KOSZULKI RURKI TERMOKURCZLIWE ZESTAW RUREK  127SZT&#8221;<\/span><\/a><\/p>\n","protected":false},"featured_media":91505,"template":"","meta":[],"product_cat":[8172],"product_tag":[],"yoast_head":"<!-- This site is optimized with the Yoast SEO plugin v21.0 - https:\/\/yoast.com\/wordpress\/plugins\/seo\/ -->\n<title>KOSZULKI RURKI TERMOKURCZLIWE ZESTAW RUREK 127SZT - BOBIMARKET.pl - Remontuj i urz\u0105dzaj z nami<\/title>\n<meta name=\"robots\" content=\"index, follow, max-snippet:-1, max-image-preview:large, max-video-preview:-1\" \/>\n<link rel=\"canonical\" href=\"https:\/\/bobimarket.pl\/index.php\/produkt\/koszulki-rurki-termokurczliwe-zestaw-rurek-127szt\/\" \/>\n<meta property=\"og:locale\" content=\"pl_PL\" \/>\n<meta property=\"og:type\" content=\"article\" \/>\n<meta property=\"og:title\" content=\"KOSZULKI RURKI TERMOKURCZLIWE ZESTAW RUREK 127SZT - BOBIMARKET.pl - Remontuj i urz\u0105dzaj z nami\" \/>\n<meta property=\"og:description\" content=\"KOSZULKI RURKI TERMOKURCZLIWE ZESTAW RUREK\u00a0 127 SZT Informacje og\u00f3lne: Ilo\u015b\u0107 sztuk w zestawie: 127 szt. Rodzaj: koszulki termokurczliwe \u015arednica wewn\u0119trzna w mm: 2,0 x 40 &#8211; 30 szt. 2,5 x 40 &#8211; 25 szt. 3,5 x 40 &#8211; 20 szt. 5,0 x 40 &#8211; 20 szt. 7,0 x 80 &#8211; 16 szt. 10,0 x 80     Czytaj wi\u0119cej &quot;KOSZULKI RURKI TERMOKURCZLIWE ZESTAW RUREK 127SZT&quot;\" \/>\n<meta property=\"og:url\" content=\"https:\/\/bobimarket.pl\/index.php\/produkt\/koszulki-rurki-termokurczliwe-zestaw-rurek-127szt\/\" \/>\n<meta property=\"og:site_name\" content=\"BOBIMARKET.pl - Remontuj i urz\u0105dzaj z nami\" \/>\n<meta property=\"article:modified_time\" content=\"2025-02-27T15:43:17+00:00\" \/>\n<meta property=\"og:image\" content=\"https:\/\/upload.cdn.baselinker.com\/products\/14476\/53d0cbd8ee19128e7b1e04923516572a.jpg\" \/>\n<meta name=\"twitter:card\" content=\"summary_large_image\" \/>\n<meta name=\"twitter:label1\" content=\"Szacowany czas czytania\" \/>\n\t<meta name=\"twitter:data1\" content=\"1 minuta\" \/>\n<script type=\"application\/ld+json\" class=\"yoast-schema-graph\">{\"@context\":\"https:\/\/schema.org\",\"@graph\":[{\"@type\":\"WebPage\",\"@id\":\"https:\/\/bobimarket.pl\/index.php\/produkt\/koszulki-rurki-termokurczliwe-zestaw-rurek-127szt\/\",\"url\":\"https:\/\/bobimarket.pl\/index.php\/produkt\/koszulki-rurki-termokurczliwe-zestaw-rurek-127szt\/\",\"name\":\"KOSZULKI RURKI TERMOKURCZLIWE ZESTAW RUREK 127SZT - BOBIMARKET.pl - Remontuj i urz\u0105dzaj z nami\",\"isPartOf\":{\"@id\":\"https:\/\/bobimarket.pl\/#website\"},\"datePublished\":\"2023-08-30T05:43:21+00:00\",\"dateModified\":\"2025-02-27T15:43:17+00:00\",\"breadcrumb\":{\"@id\":\"https:\/\/bobimarket.pl\/index.php\/produkt\/koszulki-rurki-termokurczliwe-zestaw-rurek-127szt\/#breadcrumb\"},\"inLanguage\":\"pl-PL\",\"potentialAction\":[{\"@type\":\"ReadAction\",\"target\":[\"https:\/\/bobimarket.pl\/index.php\/produkt\/koszulki-rurki-termokurczliwe-zestaw-rurek-127szt\/\"]}]},{\"@type\":\"BreadcrumbList\",\"@id\":\"https:\/\/bobimarket.pl\/index.php\/produkt\/koszulki-rurki-termokurczliwe-zestaw-rurek-127szt\/#breadcrumb\",\"itemListElement\":[{\"@type\":\"ListItem\",\"position\":1,\"name\":\"Strona g\u0142\u00f3wna\",\"item\":\"https:\/\/bobimarket.pl\/\"},{\"@type\":\"ListItem\",\"position\":2,\"name\":\"Sklep\",\"item\":\"https:\/\/bobimarket.pl\/index.php\/shop\/\"},{\"@type\":\"ListItem\",\"position\":3,\"name\":\"KOSZULKI RURKI TERMOKURCZLIWE ZESTAW RUREK 127SZT\"}]},{\"@type\":\"WebSite\",\"@id\":\"https:\/\/bobimarket.pl\/#website\",\"url\":\"https:\/\/bobimarket.pl\/\",\"name\":\"BOBIMARKET.pl - Remontuj i urz\u0105dzaj z nami\",\"description\":\"Remontuj i urz\u0105dzaj z nami\",\"publisher\":{\"@id\":\"https:\/\/bobimarket.pl\/#organization\"},\"potentialAction\":[{\"@type\":\"SearchAction\",\"target\":{\"@type\":\"EntryPoint\",\"urlTemplate\":\"https:\/\/bobimarket.pl\/?s={search_term_string}\"},\"query-input\":\"required name=search_term_string\"}],\"inLanguage\":\"pl-PL\"},{\"@type\":\"Organization\",\"@id\":\"https:\/\/bobimarket.pl\/#organization\",\"name\":\"BOBIMARKET.pl\",\"url\":\"https:\/\/bobimarket.pl\/\",\"logo\":{\"@type\":\"ImageObject\",\"inLanguage\":\"pl-PL\",\"@id\":\"https:\/\/bobimarket.pl\/#\/schema\/logo\/image\/\",\"url\":\"https:\/\/bobimarket.pl\/wp-content\/uploads\/2021\/11\/slogan.png\",\"contentUrl\":\"https:\/\/bobimarket.pl\/wp-content\/uploads\/2021\/11\/slogan.png\",\"width\":2000,\"height\":384,\"caption\":\"BOBIMARKET.pl\"},\"image\":{\"@id\":\"https:\/\/bobimarket.pl\/#\/schema\/logo\/image\/\"}}]}<\/script>\n<!-- \/ Yoast SEO plugin. -->","yoast_head_json":{"title":"KOSZULKI RURKI TERMOKURCZLIWE ZESTAW RUREK 127SZT - BOBIMARKET.pl - Remontuj i urz\u0105dzaj z nami","robots":{"index":"index","follow":"follow","max-snippet":"max-snippet:-1","max-image-preview":"max-image-preview:large","max-video-preview":"max-video-preview:-1"},"canonical":"https:\/\/bobimarket.pl\/index.php\/produkt\/koszulki-rurki-termokurczliwe-zestaw-rurek-127szt\/","og_locale":"pl_PL","og_type":"article","og_title":"KOSZULKI RURKI TERMOKURCZLIWE ZESTAW RUREK 127SZT - BOBIMARKET.pl - Remontuj i urz\u0105dzaj z nami","og_description":"KOSZULKI RURKI TERMOKURCZLIWE ZESTAW RUREK\u00a0 127 SZT Informacje og\u00f3lne: Ilo\u015b\u0107 sztuk w zestawie: 127 szt. Rodzaj: koszulki termokurczliwe \u015arednica wewn\u0119trzna w mm: 2,0 x 40 &#8211; 30 szt. 2,5 x 40 &#8211; 25 szt. 3,5 x 40 &#8211; 20 szt. 5,0 x 40 &#8211; 20 szt. 7,0 x 80 &#8211; 16 szt. 10,0 x 80     Czytaj wi\u0119cej \"KOSZULKI RURKI TERMOKURCZLIWE ZESTAW RUREK 127SZT\"","og_url":"https:\/\/bobimarket.pl\/index.php\/produkt\/koszulki-rurki-termokurczliwe-zestaw-rurek-127szt\/","og_site_name":"BOBIMARKET.pl - Remontuj i urz\u0105dzaj z nami","article_modified_time":"2025-02-27T15:43:17+00:00","og_image":[{"url":"https:\/\/upload.cdn.baselinker.com\/products\/14476\/53d0cbd8ee19128e7b1e04923516572a.jpg"}],"twitter_card":"summary_large_image","twitter_misc":{"Szacowany czas czytania":"1 minuta"},"schema":{"@context":"https:\/\/schema.org","@graph":[{"@type":"WebPage","@id":"https:\/\/bobimarket.pl\/index.php\/produkt\/koszulki-rurki-termokurczliwe-zestaw-rurek-127szt\/","url":"https:\/\/bobimarket.pl\/index.php\/produkt\/koszulki-rurki-termokurczliwe-zestaw-rurek-127szt\/","name":"KOSZULKI RURKI TERMOKURCZLIWE ZESTAW RUREK 127SZT - BOBIMARKET.pl - Remontuj i urz\u0105dzaj z nami","isPartOf":{"@id":"https:\/\/bobimarket.pl\/#website"},"datePublished":"2023-08-30T05:43:21+00:00","dateModified":"2025-02-27T15:43:17+00:00","breadcrumb":{"@id":"https:\/\/bobimarket.pl\/index.php\/produkt\/koszulki-rurki-termokurczliwe-zestaw-rurek-127szt\/#breadcrumb"},"inLanguage":"pl-PL","potentialAction":[{"@type":"ReadAction","target":["https:\/\/bobimarket.pl\/index.php\/produkt\/koszulki-rurki-termokurczliwe-zestaw-rurek-127szt\/"]}]},{"@type":"BreadcrumbList","@id":"https:\/\/bobimarket.pl\/index.php\/produkt\/koszulki-rurki-termokurczliwe-zestaw-rurek-127szt\/#breadcrumb","itemListElement":[{"@type":"ListItem","position":1,"name":"Strona g\u0142\u00f3wna","item":"https:\/\/bobimarket.pl\/"},{"@type":"ListItem","position":2,"name":"Sklep","item":"https:\/\/bobimarket.pl\/index.php\/shop\/"},{"@type":"ListItem","position":3,"name":"KOSZULKI RURKI TERMOKURCZLIWE ZESTAW RUREK 127SZT"}]},{"@type":"WebSite","@id":"https:\/\/bobimarket.pl\/#website","url":"https:\/\/bobimarket.pl\/","name":"BOBIMARKET.pl - Remontuj i urz\u0105dzaj z nami","description":"Remontuj i urz\u0105dzaj z nami","publisher":{"@id":"https:\/\/bobimarket.pl\/#organization"},"potentialAction":[{"@type":"SearchAction","target":{"@type":"EntryPoint","urlTemplate":"https:\/\/bobimarket.pl\/?s={search_term_string}"},"query-input":"required name=search_term_string"}],"inLanguage":"pl-PL"},{"@type":"Organization","@id":"https:\/\/bobimarket.pl\/#organization","name":"BOBIMARKET.pl","url":"https:\/\/bobimarket.pl\/","logo":{"@type":"ImageObject","inLanguage":"pl-PL","@id":"https:\/\/bobimarket.pl\/#\/schema\/logo\/image\/","url":"https:\/\/bobimarket.pl\/wp-content\/uploads\/2021\/11\/slogan.png","contentUrl":"https:\/\/bobimarket.pl\/wp-content\/uploads\/2021\/11\/slogan.png","width":2000,"height":384,"caption":"BOBIMARKET.pl"},"image":{"@id":"https:\/\/bobimarket.pl\/#\/schema\/logo\/image\/"}}]}},"_links":{"self":[{"href":"https:\/\/bobimarket.pl\/index.php\/wp-json\/wp\/v2\/product\/91508"}],"collection":[{"href":"https:\/\/bobimarket.pl\/index.php\/wp-json\/wp\/v2\/product"}],"about":[{"href":"https:\/\/bobimarket.pl\/index.php\/wp-json\/wp\/v2\/types\/product"}],"wp:featuredmedia":[{"embeddable":true,"href":"https:\/\/bobimarket.pl\/index.php\/wp-json\/wp\/v2\/media\/91505"}],"wp:attachment":[{"href":"https:\/\/bobimarket.pl\/index.php\/wp-json\/wp\/v2\/media?parent=91508"}],"wp:term":[{"taxonomy":"product_cat","embeddable":true,"href":"https:\/\/bobimarket.pl\/index.php\/wp-json\/wp\/v2\/product_cat?post=91508"},{"taxonomy":"product_tag","embeddable":true,"href":"https:\/\/bobimarket.pl\/index.php\/wp-json\/wp\/v2\/product_tag?post=91508"}],"curies":[{"name":"wp","href":"https:\/\/api.w.org\/{rel}","templated":true}]}}