{"id":91646,"date":"2023-08-30T05:53:19","date_gmt":"2023-08-30T05:53:19","guid":{"rendered":"https:\/\/bobimarket.pl\/index.php\/produkt\/siekiera-ciesielska-z-klinem-do-drewna-toporek-2000g\/"},"modified":"2025-02-27T16:45:54","modified_gmt":"2025-02-27T16:45:54","slug":"siekiera-ciesielska-z-klinem-do-drewna-toporek-2000g","status":"publish","type":"product","link":"https:\/\/bobimarket.pl\/index.php\/produkt\/siekiera-ciesielska-z-klinem-do-drewna-toporek-2000g\/","title":{"rendered":"SIEKIERA CIESIELSKA Z KLINEM DO DREWNA TOPOREK 2000g"},"content":{"rendered":"<section class=\"section\">\n<div class=\"item item-6\">\n<section class=\"image-item\">\n            <img decoding=\"async\" src=\"https:\/\/upload.cdn.baselinker.com\/products\/14476\/35b9c4ec6962e8a1ac76833dac27c898.jpg\" \/><br \/>\n        <\/section>\n<\/p><\/div>\n<div class=\"item item-6\">\n<section class=\"text-item\">\n<h2>SIEKIERA CIESIELSKA Z KLINEM DO DREWNA TOPOREK 2000g<\/h2>\n<p><b>Informacje og\u00f3lne:<\/b><\/p>\n<ul>\n<li>Waga:<b> 2000 g<\/b><\/li>\n<li>Trzonek z drewna hikorowego<\/li>\n<li>Toporzysko wykonane zgodnie z norm\u0105: DIN 5131<\/li>\n<li>Trzon wykonany zgodnie z norm\u0105 DIN 7294B<\/li>\n<li>Twardo\u015b\u0107 53HRC<\/li>\n<li>Typ niemiecki<\/li>\n<\/ul>\n<p><b>DO SIEKIERY DO\u0141\u0104CZONO PLASTIKOW\u0104 OS\u0141ON\u0118 NA OSTRZE!<\/b><\/p>\n<\/section><\/div>\n<\/section>\n<section class=\"section\">\n<div class=\"item item-6\">\n<section class=\"image-item\">\n            <img decoding=\"async\" src=\"https:\/\/upload.cdn.baselinker.com\/products\/14476\/9b2f3316313d4919ec7fcf0955cae5e1.jpg\" \/><br \/>\n        <\/section>\n<\/p><\/div>\n<div class=\"item item-6\">\n<section class=\"text-item\">\n<h1>Niezb\u0119dny pomocnik przy pracach w ogrodzie, dzia\u0142ce lub w warsztacie!<\/h1>\n<p>Solidna siekiera<b> roz\u0142upuj\u0105ca z klinem 2000 g<\/b>, kt\u00f3ra doskonale nada si\u0119 do prac w ogrodzie lub na dzia\u0142ce.\u00a0 Wykonana z wytrzyma\u0142ych materia\u0142\u00f3w, co b\u0119dzie owocowa\u0142o d\u0142ugim okresem u\u017cytkowania.<\/p>\n<ul>\n<li><b>Obuch<\/b> siekiery z tej serii strefowo hartowany.<\/li>\n<li><b>Ostrze<\/b> jest odkuwane, a nast\u0119pnie szlifowane i lakierowane w celu zabezpieczenia przed korozj\u0105.<\/li>\n<li>D\u0142ugie <b>zespolone w\u0142\u00f3kna<\/b> zapobiegaj\u0105 niekontrolowanemu obluzowaniu obucha.<\/li>\n<li><b>Trzon<\/b> wykonany z <b>drewna hikorowego<\/b>. D\u0142ugow\u0142\u00f3knista struktura drewna t\u0142umi drgania i wibracje, za\u015b u\u0142o\u017cone ciasno mi\u0119dzy sob\u0105 s\u0142oje daj\u0105 wysok\u0105 3-krotn\u0105 wytrzyma\u0142o\u015b\u0107 na zginanie i z\u0142amania.<\/li>\n<li>Toporzysko wykonane zgodnie z norm\u0105: <b>DIN 5131<\/b>. Trzon wykonany zgodnie z norm\u0105 <b>DIN 7294B<\/b>.<\/li>\n<\/ul>\n<\/section><\/div>\n<\/section>\n<section class=\"section\">\n<div class=\"item item-6\">\n<section class=\"image-item\">\n            <img decoding=\"async\" src=\"https:\/\/upload.cdn.baselinker.com\/products\/14476\/f2dfb397b455c90d4473112a9cadf091.jpg\" \/><br \/>\n        <\/section>\n<\/p><\/div>\n<div class=\"item item-6\">\n<section class=\"text-item\">\n<p><b>\u2705 ZASTOSOWANIE<\/b>:<\/p>\n<p>Produkt najdzie swoje zastosowanie w ka\u017cdym gospodarstwie domowym. Znakomita przy <b>prostych pracach ciesielskich<\/b>, okazuje si\u0119 te\u017c niezast\u0105piona przy <b>r\u0105bania drewna<\/b> opa\u0142owego, <b>obcinaniu s\u0119k\u00f3w czy ga\u0142\u0119zi.<\/b><\/p>\n<ul>\n<li>Trzonek charakteryzuje si\u0119 ergonomicznym kszta\u0142t, kt\u00f3ry wp\u0142ywa na pewny chwyt narz\u0119dzia.<\/li>\n<li>Ostrze na d\u0142ugo zachowuje ostro\u015b\u0107 i pozwala na przeprowadzenie prac w szybki i komfortowy spos\u00f3b.<\/li>\n<\/ul>\n<\/section><\/div>\n<\/section>\n","protected":false},"excerpt":{"rendered":"<p>SIEKIERA CIESIELSKA Z KLINEM DO DREWNA TOPOREK 2000g Informacje og\u00f3lne: Waga: 2000 g Trzonek z drewna hikorowego Toporzysko wykonane zgodnie z norm\u0105: DIN 5131 Trzon wykonany zgodnie z norm\u0105 DIN 7294B Twardo\u015b\u0107 53HRC Typ niemiecki DO SIEKIERY DO\u0141\u0104CZONO PLASTIKOW\u0104 OS\u0141ON\u0118 NA OSTRZE! Niezb\u0119dny pomocnik przy pracach w ogrodzie, dzia\u0142ce lub w warsztacie! Solidna siekiera roz\u0142upuj\u0105ca<br \/><a class=\"more-link\" href=\"https:\/\/bobimarket.pl\/index.php\/produkt\/siekiera-ciesielska-z-klinem-do-drewna-toporek-2000g\/\"><br \/>\n        Czytaj wi\u0119cej<span class=\"screen-reader-text\"> &#8222;SIEKIERA CIESIELSKA Z KLINEM DO DREWNA TOPOREK 2000g&#8221;<\/span><\/a><\/p>\n","protected":false},"featured_media":91643,"template":"","meta":[],"product_cat":[8251],"product_tag":[],"yoast_head":"<!-- This site is optimized with the Yoast SEO plugin v21.0 - https:\/\/yoast.com\/wordpress\/plugins\/seo\/ -->\n<title>SIEKIERA CIESIELSKA Z KLINEM DO DREWNA TOPOREK 2000g - BOBIMARKET.pl - Remontuj i urz\u0105dzaj z nami<\/title>\n<meta name=\"robots\" content=\"index, follow, max-snippet:-1, max-image-preview:large, max-video-preview:-1\" \/>\n<link rel=\"canonical\" href=\"https:\/\/bobimarket.pl\/index.php\/produkt\/siekiera-ciesielska-z-klinem-do-drewna-toporek-2000g\/\" \/>\n<meta property=\"og:locale\" content=\"pl_PL\" \/>\n<meta property=\"og:type\" content=\"article\" \/>\n<meta property=\"og:title\" content=\"SIEKIERA CIESIELSKA Z KLINEM DO DREWNA TOPOREK 2000g - BOBIMARKET.pl - Remontuj i urz\u0105dzaj z nami\" \/>\n<meta property=\"og:description\" content=\"SIEKIERA CIESIELSKA Z KLINEM DO DREWNA TOPOREK 2000g Informacje og\u00f3lne: Waga: 2000 g Trzonek z drewna hikorowego Toporzysko wykonane zgodnie z norm\u0105: DIN 5131 Trzon wykonany zgodnie z norm\u0105 DIN 7294B Twardo\u015b\u0107 53HRC Typ niemiecki DO SIEKIERY DO\u0141\u0104CZONO PLASTIKOW\u0104 OS\u0141ON\u0118 NA OSTRZE! Niezb\u0119dny pomocnik przy pracach w ogrodzie, dzia\u0142ce lub w warsztacie! Solidna siekiera roz\u0142upuj\u0105ca     Czytaj wi\u0119cej &quot;SIEKIERA CIESIELSKA Z KLINEM DO DREWNA TOPOREK 2000g&quot;\" \/>\n<meta property=\"og:url\" content=\"https:\/\/bobimarket.pl\/index.php\/produkt\/siekiera-ciesielska-z-klinem-do-drewna-toporek-2000g\/\" \/>\n<meta property=\"og:site_name\" content=\"BOBIMARKET.pl - Remontuj i urz\u0105dzaj z nami\" \/>\n<meta property=\"article:modified_time\" content=\"2025-02-27T16:45:54+00:00\" \/>\n<meta property=\"og:image\" content=\"https:\/\/upload.cdn.baselinker.com\/products\/14476\/35b9c4ec6962e8a1ac76833dac27c898.jpg\" \/>\n<meta name=\"twitter:card\" content=\"summary_large_image\" \/>\n<meta name=\"twitter:label1\" content=\"Szacowany czas czytania\" \/>\n\t<meta name=\"twitter:data1\" content=\"1 minuta\" \/>\n<script type=\"application\/ld+json\" class=\"yoast-schema-graph\">{\"@context\":\"https:\/\/schema.org\",\"@graph\":[{\"@type\":\"WebPage\",\"@id\":\"https:\/\/bobimarket.pl\/index.php\/produkt\/siekiera-ciesielska-z-klinem-do-drewna-toporek-2000g\/\",\"url\":\"https:\/\/bobimarket.pl\/index.php\/produkt\/siekiera-ciesielska-z-klinem-do-drewna-toporek-2000g\/\",\"name\":\"SIEKIERA CIESIELSKA Z KLINEM DO DREWNA TOPOREK 2000g - BOBIMARKET.pl - Remontuj i urz\u0105dzaj z nami\",\"isPartOf\":{\"@id\":\"https:\/\/bobimarket.pl\/#website\"},\"datePublished\":\"2023-08-30T05:53:19+00:00\",\"dateModified\":\"2025-02-27T16:45:54+00:00\",\"breadcrumb\":{\"@id\":\"https:\/\/bobimarket.pl\/index.php\/produkt\/siekiera-ciesielska-z-klinem-do-drewna-toporek-2000g\/#breadcrumb\"},\"inLanguage\":\"pl-PL\",\"potentialAction\":[{\"@type\":\"ReadAction\",\"target\":[\"https:\/\/bobimarket.pl\/index.php\/produkt\/siekiera-ciesielska-z-klinem-do-drewna-toporek-2000g\/\"]}]},{\"@type\":\"BreadcrumbList\",\"@id\":\"https:\/\/bobimarket.pl\/index.php\/produkt\/siekiera-ciesielska-z-klinem-do-drewna-toporek-2000g\/#breadcrumb\",\"itemListElement\":[{\"@type\":\"ListItem\",\"position\":1,\"name\":\"Strona g\u0142\u00f3wna\",\"item\":\"https:\/\/bobimarket.pl\/\"},{\"@type\":\"ListItem\",\"position\":2,\"name\":\"Sklep\",\"item\":\"https:\/\/bobimarket.pl\/index.php\/shop\/\"},{\"@type\":\"ListItem\",\"position\":3,\"name\":\"SIEKIERA CIESIELSKA Z KLINEM DO DREWNA TOPOREK 2000g\"}]},{\"@type\":\"WebSite\",\"@id\":\"https:\/\/bobimarket.pl\/#website\",\"url\":\"https:\/\/bobimarket.pl\/\",\"name\":\"BOBIMARKET.pl - Remontuj i urz\u0105dzaj z nami\",\"description\":\"Remontuj i urz\u0105dzaj z nami\",\"publisher\":{\"@id\":\"https:\/\/bobimarket.pl\/#organization\"},\"potentialAction\":[{\"@type\":\"SearchAction\",\"target\":{\"@type\":\"EntryPoint\",\"urlTemplate\":\"https:\/\/bobimarket.pl\/?s={search_term_string}\"},\"query-input\":\"required name=search_term_string\"}],\"inLanguage\":\"pl-PL\"},{\"@type\":\"Organization\",\"@id\":\"https:\/\/bobimarket.pl\/#organization\",\"name\":\"BOBIMARKET.pl\",\"url\":\"https:\/\/bobimarket.pl\/\",\"logo\":{\"@type\":\"ImageObject\",\"inLanguage\":\"pl-PL\",\"@id\":\"https:\/\/bobimarket.pl\/#\/schema\/logo\/image\/\",\"url\":\"https:\/\/bobimarket.pl\/wp-content\/uploads\/2021\/11\/slogan.png\",\"contentUrl\":\"https:\/\/bobimarket.pl\/wp-content\/uploads\/2021\/11\/slogan.png\",\"width\":2000,\"height\":384,\"caption\":\"BOBIMARKET.pl\"},\"image\":{\"@id\":\"https:\/\/bobimarket.pl\/#\/schema\/logo\/image\/\"}}]}<\/script>\n<!-- \/ Yoast SEO plugin. -->","yoast_head_json":{"title":"SIEKIERA CIESIELSKA Z KLINEM DO DREWNA TOPOREK 2000g - BOBIMARKET.pl - Remontuj i urz\u0105dzaj z nami","robots":{"index":"index","follow":"follow","max-snippet":"max-snippet:-1","max-image-preview":"max-image-preview:large","max-video-preview":"max-video-preview:-1"},"canonical":"https:\/\/bobimarket.pl\/index.php\/produkt\/siekiera-ciesielska-z-klinem-do-drewna-toporek-2000g\/","og_locale":"pl_PL","og_type":"article","og_title":"SIEKIERA CIESIELSKA Z KLINEM DO DREWNA TOPOREK 2000g - BOBIMARKET.pl - Remontuj i urz\u0105dzaj z nami","og_description":"SIEKIERA CIESIELSKA Z KLINEM DO DREWNA TOPOREK 2000g Informacje og\u00f3lne: Waga: 2000 g Trzonek z drewna hikorowego Toporzysko wykonane zgodnie z norm\u0105: DIN 5131 Trzon wykonany zgodnie z norm\u0105 DIN 7294B Twardo\u015b\u0107 53HRC Typ niemiecki DO SIEKIERY DO\u0141\u0104CZONO PLASTIKOW\u0104 OS\u0141ON\u0118 NA OSTRZE! Niezb\u0119dny pomocnik przy pracach w ogrodzie, dzia\u0142ce lub w warsztacie! Solidna siekiera roz\u0142upuj\u0105ca     Czytaj wi\u0119cej \"SIEKIERA CIESIELSKA Z KLINEM DO DREWNA TOPOREK 2000g\"","og_url":"https:\/\/bobimarket.pl\/index.php\/produkt\/siekiera-ciesielska-z-klinem-do-drewna-toporek-2000g\/","og_site_name":"BOBIMARKET.pl - Remontuj i urz\u0105dzaj z nami","article_modified_time":"2025-02-27T16:45:54+00:00","og_image":[{"url":"https:\/\/upload.cdn.baselinker.com\/products\/14476\/35b9c4ec6962e8a1ac76833dac27c898.jpg"}],"twitter_card":"summary_large_image","twitter_misc":{"Szacowany czas czytania":"1 minuta"},"schema":{"@context":"https:\/\/schema.org","@graph":[{"@type":"WebPage","@id":"https:\/\/bobimarket.pl\/index.php\/produkt\/siekiera-ciesielska-z-klinem-do-drewna-toporek-2000g\/","url":"https:\/\/bobimarket.pl\/index.php\/produkt\/siekiera-ciesielska-z-klinem-do-drewna-toporek-2000g\/","name":"SIEKIERA CIESIELSKA Z KLINEM DO DREWNA TOPOREK 2000g - BOBIMARKET.pl - Remontuj i urz\u0105dzaj z nami","isPartOf":{"@id":"https:\/\/bobimarket.pl\/#website"},"datePublished":"2023-08-30T05:53:19+00:00","dateModified":"2025-02-27T16:45:54+00:00","breadcrumb":{"@id":"https:\/\/bobimarket.pl\/index.php\/produkt\/siekiera-ciesielska-z-klinem-do-drewna-toporek-2000g\/#breadcrumb"},"inLanguage":"pl-PL","potentialAction":[{"@type":"ReadAction","target":["https:\/\/bobimarket.pl\/index.php\/produkt\/siekiera-ciesielska-z-klinem-do-drewna-toporek-2000g\/"]}]},{"@type":"BreadcrumbList","@id":"https:\/\/bobimarket.pl\/index.php\/produkt\/siekiera-ciesielska-z-klinem-do-drewna-toporek-2000g\/#breadcrumb","itemListElement":[{"@type":"ListItem","position":1,"name":"Strona g\u0142\u00f3wna","item":"https:\/\/bobimarket.pl\/"},{"@type":"ListItem","position":2,"name":"Sklep","item":"https:\/\/bobimarket.pl\/index.php\/shop\/"},{"@type":"ListItem","position":3,"name":"SIEKIERA CIESIELSKA Z KLINEM DO DREWNA TOPOREK 2000g"}]},{"@type":"WebSite","@id":"https:\/\/bobimarket.pl\/#website","url":"https:\/\/bobimarket.pl\/","name":"BOBIMARKET.pl - Remontuj i urz\u0105dzaj z nami","description":"Remontuj i urz\u0105dzaj z nami","publisher":{"@id":"https:\/\/bobimarket.pl\/#organization"},"potentialAction":[{"@type":"SearchAction","target":{"@type":"EntryPoint","urlTemplate":"https:\/\/bobimarket.pl\/?s={search_term_string}"},"query-input":"required name=search_term_string"}],"inLanguage":"pl-PL"},{"@type":"Organization","@id":"https:\/\/bobimarket.pl\/#organization","name":"BOBIMARKET.pl","url":"https:\/\/bobimarket.pl\/","logo":{"@type":"ImageObject","inLanguage":"pl-PL","@id":"https:\/\/bobimarket.pl\/#\/schema\/logo\/image\/","url":"https:\/\/bobimarket.pl\/wp-content\/uploads\/2021\/11\/slogan.png","contentUrl":"https:\/\/bobimarket.pl\/wp-content\/uploads\/2021\/11\/slogan.png","width":2000,"height":384,"caption":"BOBIMARKET.pl"},"image":{"@id":"https:\/\/bobimarket.pl\/#\/schema\/logo\/image\/"}}]}},"_links":{"self":[{"href":"https:\/\/bobimarket.pl\/index.php\/wp-json\/wp\/v2\/product\/91646"}],"collection":[{"href":"https:\/\/bobimarket.pl\/index.php\/wp-json\/wp\/v2\/product"}],"about":[{"href":"https:\/\/bobimarket.pl\/index.php\/wp-json\/wp\/v2\/types\/product"}],"wp:featuredmedia":[{"embeddable":true,"href":"https:\/\/bobimarket.pl\/index.php\/wp-json\/wp\/v2\/media\/91643"}],"wp:attachment":[{"href":"https:\/\/bobimarket.pl\/index.php\/wp-json\/wp\/v2\/media?parent=91646"}],"wp:term":[{"taxonomy":"product_cat","embeddable":true,"href":"https:\/\/bobimarket.pl\/index.php\/wp-json\/wp\/v2\/product_cat?post=91646"},{"taxonomy":"product_tag","embeddable":true,"href":"https:\/\/bobimarket.pl\/index.php\/wp-json\/wp\/v2\/product_tag?post=91646"}],"curies":[{"name":"wp","href":"https:\/\/api.w.org\/{rel}","templated":true}]}}