{"id":91654,"date":"2023-08-30T05:53:39","date_gmt":"2023-08-30T05:53:39","guid":{"rendered":"https:\/\/bobimarket.pl\/index.php\/produkt\/pila-platnica-do-drewna-drzewa-pilka-400mm-7tpi-ptfe\/"},"modified":"2025-02-27T15:43:48","modified_gmt":"2025-02-27T15:43:48","slug":"pila-platnica-do-drewna-drzewa-pilka-400mm-7tpi-ptfe","status":"publish","type":"product","link":"https:\/\/bobimarket.pl\/index.php\/produkt\/pila-platnica-do-drewna-drzewa-pilka-400mm-7tpi-ptfe\/","title":{"rendered":"PI\u0141A P\u0141ATNICA DO DREWNA DRZEWA PI\u0141KA 400MM 7TPI PTFE"},"content":{"rendered":"<section class=\"section\">\n<div class=\"item item-6\">\n<section class=\"image-item\">\n            <img decoding=\"async\" src=\"https:\/\/upload.cdn.baselinker.com\/products\/14476\/6c1d88e909ef7651a2be1ba1f06d9236.jpg\" \/><br \/>\n        <\/section>\n<\/p><\/div>\n<div class=\"item item-6\">\n<section class=\"text-item\">\n<h2>PI\u0141A P\u0141ATNICA DO DREWNA DRZEWA PI\u0141KA 400 MM 7TPI PTFE<\/h2>\n<p><b>Informacje og\u00f3lne:<\/b><\/p>\n<ul>\n<li>D\u0142ugo\u015b\u0107 ostrza: <b>400 mm<\/b><\/li>\n<li>7 z\u0119b\u00f3w \/ cal (7TPI)<\/li>\n<li>Z\u0119by: nowy typ z\u0119ba aligator<\/li>\n<li>Z\u0105b tr\u00f3jstronnie ostrzony<\/li>\n<li><b>Teflonowe wyko\u0144czenie<\/b> (lepsze szybsze ci\u0119cie)<\/li>\n<li>Uchwyt dwukompozytowy<\/li>\n<li>Narysowana na ostrzu miara<\/li>\n<li>Plastikowa ochrona na ostrze<\/li>\n<\/ul>\n<\/section><\/div>\n<\/section>\n<section class=\"section\">\n<div class=\"item item-6\">\n<section class=\"image-item\">\n            <img decoding=\"async\" src=\"https:\/\/upload.cdn.baselinker.com\/products\/14476\/af8e75c3e520c7841d679d8741b6389e.jpg\" \/><br \/>\n        <\/section>\n<\/p><\/div>\n<div class=\"item item-6\">\n<section class=\"text-item\">\n<p>Wysokiej jako\u015bci pi\u0142a r\u0119czna p\u0142atnica przeznaczona\u00a0 do ci\u0119cia drewna oraz materia\u0142\u00f3w drewnopodobnych. Wykonana z wytrzyma\u0142ych\u00a0 materia\u0142\u00f3w, co b\u0119dzie gwarantowa\u0107 d\u0142ugi okres u\u017cytkowania. To przydatne wyposa\u017cenie przydomowego warsztatu.<\/p>\n<ul>\n<li>Ostrze wykonane z wysokiej jako\u015bci stali.<b> Z\u0119by charakteryzuj\u0105 si\u0119 nowym typem ostrza &#8211; aligator. <\/b><\/li>\n<li>U\u017cyte do produkcji materia\u0142y zapewniaj\u0105 du\u017c\u0105<b> spr\u0119\u017cysto\u015bci cz\u0119\u015bci pracuj\u0105cej.<\/b><\/li>\n<li>Pi\u0142a <b>pokryta teflonem PTFE<\/b> co spowalnia tempo t\u0119pienie si\u0119 z\u0119b\u00f3w.<\/li>\n<\/ul>\n<\/section><\/div>\n<\/section>\n<section class=\"section\">\n<div class=\"item item-6\">\n<section class=\"image-item\">\n            <img decoding=\"async\" src=\"https:\/\/upload.cdn.baselinker.com\/products\/14476\/6c1d88e909ef7651a2be1ba1f06d9236.jpg\" \/><br \/>\n        <\/section>\n<\/p><\/div>\n<div class=\"item item-6\">\n<section class=\"text-item\">\n<p>\u2705 Ergonomicznydwukompozytowy uchwyt wykonany z tworzywa zapewnia komfort pracy.<\/p>\n<p>\u2705 Pi\u0142a posiada otw\u00f3r, kt\u00f3ry s\u0142u\u017cy do powieszeniu pi\u0142y np. na haku.<\/p>\n<p>\u2705 Praca ni\u0105 b\u0119dzie przebiega\u0142a szybko i bez wi\u0119kszego wysi\u0142ku.<\/p>\n<\/section><\/div>\n<\/section>\n<section class=\"section\">\n<div class=\"item item-6\">\n<section class=\"image-item\">\n            <img decoding=\"async\" src=\"https:\/\/upload.cdn.baselinker.com\/products\/14476\/6c1d88e909ef7651a2be1ba1f06d9236.jpg\" \/><br \/>\n        <\/section>\n<\/p><\/div>\n<div class=\"item item-6\">\n<section class=\"text-item\">\n<p><b>\u2705 Zastosowanie:\u00a0<\/b><\/p>\n<p>Idealne rozmieszczeniu z\u0119b\u00f3w sprawia, \u017ce pi\u0142a nadaje si\u0119 do ci\u0119cia suchego jak i mokrego drewna oraz innych materia\u0142\u00f3w drewnopodobnych.<\/p>\n<\/section><\/div>\n<\/section>\n","protected":false},"excerpt":{"rendered":"<p>PI\u0141A P\u0141ATNICA DO DREWNA DRZEWA PI\u0141KA 400 MM 7TPI PTFE Informacje og\u00f3lne: D\u0142ugo\u015b\u0107 ostrza: 400 mm 7 z\u0119b\u00f3w \/ cal (7TPI) Z\u0119by: nowy typ z\u0119ba aligator Z\u0105b tr\u00f3jstronnie ostrzony Teflonowe wyko\u0144czenie (lepsze szybsze ci\u0119cie) Uchwyt dwukompozytowy Narysowana na ostrzu miara Plastikowa ochrona na ostrze Wysokiej jako\u015bci pi\u0142a r\u0119czna p\u0142atnica przeznaczona\u00a0 do ci\u0119cia drewna oraz materia\u0142\u00f3w<br \/><a class=\"more-link\" href=\"https:\/\/bobimarket.pl\/index.php\/produkt\/pila-platnica-do-drewna-drzewa-pilka-400mm-7tpi-ptfe\/\"><br \/>\n        Czytaj wi\u0119cej<span class=\"screen-reader-text\"> &#8222;PI\u0141A P\u0141ATNICA DO DREWNA DRZEWA PI\u0141KA 400MM 7TPI PTFE&#8221;<\/span><\/a><\/p>\n","protected":false},"featured_media":91651,"template":"","meta":[],"product_cat":[8190],"product_tag":[],"yoast_head":"<!-- This site is optimized with the Yoast SEO plugin v21.0 - https:\/\/yoast.com\/wordpress\/plugins\/seo\/ -->\n<title>PI\u0141A P\u0141ATNICA DO DREWNA DRZEWA PI\u0141KA 400MM 7TPI PTFE - BOBIMARKET.pl - Remontuj i urz\u0105dzaj z nami<\/title>\n<meta name=\"robots\" content=\"index, follow, max-snippet:-1, max-image-preview:large, max-video-preview:-1\" \/>\n<link rel=\"canonical\" href=\"https:\/\/bobimarket.pl\/index.php\/produkt\/pila-platnica-do-drewna-drzewa-pilka-400mm-7tpi-ptfe\/\" \/>\n<meta property=\"og:locale\" content=\"pl_PL\" \/>\n<meta property=\"og:type\" content=\"article\" \/>\n<meta property=\"og:title\" content=\"PI\u0141A P\u0141ATNICA DO DREWNA DRZEWA PI\u0141KA 400MM 7TPI PTFE - BOBIMARKET.pl - Remontuj i urz\u0105dzaj z nami\" \/>\n<meta property=\"og:description\" content=\"PI\u0141A P\u0141ATNICA DO DREWNA DRZEWA PI\u0141KA 400 MM 7TPI PTFE Informacje og\u00f3lne: D\u0142ugo\u015b\u0107 ostrza: 400 mm 7 z\u0119b\u00f3w \/ cal (7TPI) Z\u0119by: nowy typ z\u0119ba aligator Z\u0105b tr\u00f3jstronnie ostrzony Teflonowe wyko\u0144czenie (lepsze szybsze ci\u0119cie) Uchwyt dwukompozytowy Narysowana na ostrzu miara Plastikowa ochrona na ostrze Wysokiej jako\u015bci pi\u0142a r\u0119czna p\u0142atnica przeznaczona\u00a0 do ci\u0119cia drewna oraz materia\u0142\u00f3w     Czytaj wi\u0119cej &quot;PI\u0141A P\u0141ATNICA DO DREWNA DRZEWA PI\u0141KA 400MM 7TPI PTFE&quot;\" \/>\n<meta property=\"og:url\" content=\"https:\/\/bobimarket.pl\/index.php\/produkt\/pila-platnica-do-drewna-drzewa-pilka-400mm-7tpi-ptfe\/\" \/>\n<meta property=\"og:site_name\" content=\"BOBIMARKET.pl - Remontuj i urz\u0105dzaj z nami\" \/>\n<meta property=\"article:modified_time\" content=\"2025-02-27T15:43:48+00:00\" \/>\n<meta property=\"og:image\" content=\"https:\/\/upload.cdn.baselinker.com\/products\/14476\/6c1d88e909ef7651a2be1ba1f06d9236.jpg\" \/>\n<meta name=\"twitter:card\" content=\"summary_large_image\" \/>\n<meta name=\"twitter:label1\" content=\"Szacowany czas czytania\" \/>\n\t<meta name=\"twitter:data1\" content=\"1 minuta\" \/>\n<script type=\"application\/ld+json\" class=\"yoast-schema-graph\">{\"@context\":\"https:\/\/schema.org\",\"@graph\":[{\"@type\":\"WebPage\",\"@id\":\"https:\/\/bobimarket.pl\/index.php\/produkt\/pila-platnica-do-drewna-drzewa-pilka-400mm-7tpi-ptfe\/\",\"url\":\"https:\/\/bobimarket.pl\/index.php\/produkt\/pila-platnica-do-drewna-drzewa-pilka-400mm-7tpi-ptfe\/\",\"name\":\"PI\u0141A P\u0141ATNICA DO DREWNA DRZEWA PI\u0141KA 400MM 7TPI PTFE - BOBIMARKET.pl - Remontuj i urz\u0105dzaj z nami\",\"isPartOf\":{\"@id\":\"https:\/\/bobimarket.pl\/#website\"},\"datePublished\":\"2023-08-30T05:53:39+00:00\",\"dateModified\":\"2025-02-27T15:43:48+00:00\",\"breadcrumb\":{\"@id\":\"https:\/\/bobimarket.pl\/index.php\/produkt\/pila-platnica-do-drewna-drzewa-pilka-400mm-7tpi-ptfe\/#breadcrumb\"},\"inLanguage\":\"pl-PL\",\"potentialAction\":[{\"@type\":\"ReadAction\",\"target\":[\"https:\/\/bobimarket.pl\/index.php\/produkt\/pila-platnica-do-drewna-drzewa-pilka-400mm-7tpi-ptfe\/\"]}]},{\"@type\":\"BreadcrumbList\",\"@id\":\"https:\/\/bobimarket.pl\/index.php\/produkt\/pila-platnica-do-drewna-drzewa-pilka-400mm-7tpi-ptfe\/#breadcrumb\",\"itemListElement\":[{\"@type\":\"ListItem\",\"position\":1,\"name\":\"Strona g\u0142\u00f3wna\",\"item\":\"https:\/\/bobimarket.pl\/\"},{\"@type\":\"ListItem\",\"position\":2,\"name\":\"Sklep\",\"item\":\"https:\/\/bobimarket.pl\/index.php\/shop\/\"},{\"@type\":\"ListItem\",\"position\":3,\"name\":\"PI\u0141A P\u0141ATNICA DO DREWNA DRZEWA PI\u0141KA 400MM 7TPI PTFE\"}]},{\"@type\":\"WebSite\",\"@id\":\"https:\/\/bobimarket.pl\/#website\",\"url\":\"https:\/\/bobimarket.pl\/\",\"name\":\"BOBIMARKET.pl - Remontuj i urz\u0105dzaj z nami\",\"description\":\"Remontuj i urz\u0105dzaj z nami\",\"publisher\":{\"@id\":\"https:\/\/bobimarket.pl\/#organization\"},\"potentialAction\":[{\"@type\":\"SearchAction\",\"target\":{\"@type\":\"EntryPoint\",\"urlTemplate\":\"https:\/\/bobimarket.pl\/?s={search_term_string}\"},\"query-input\":\"required name=search_term_string\"}],\"inLanguage\":\"pl-PL\"},{\"@type\":\"Organization\",\"@id\":\"https:\/\/bobimarket.pl\/#organization\",\"name\":\"BOBIMARKET.pl\",\"url\":\"https:\/\/bobimarket.pl\/\",\"logo\":{\"@type\":\"ImageObject\",\"inLanguage\":\"pl-PL\",\"@id\":\"https:\/\/bobimarket.pl\/#\/schema\/logo\/image\/\",\"url\":\"https:\/\/bobimarket.pl\/wp-content\/uploads\/2021\/11\/slogan.png\",\"contentUrl\":\"https:\/\/bobimarket.pl\/wp-content\/uploads\/2021\/11\/slogan.png\",\"width\":2000,\"height\":384,\"caption\":\"BOBIMARKET.pl\"},\"image\":{\"@id\":\"https:\/\/bobimarket.pl\/#\/schema\/logo\/image\/\"}}]}<\/script>\n<!-- \/ Yoast SEO plugin. -->","yoast_head_json":{"title":"PI\u0141A P\u0141ATNICA DO DREWNA DRZEWA PI\u0141KA 400MM 7TPI PTFE - BOBIMARKET.pl - Remontuj i urz\u0105dzaj z nami","robots":{"index":"index","follow":"follow","max-snippet":"max-snippet:-1","max-image-preview":"max-image-preview:large","max-video-preview":"max-video-preview:-1"},"canonical":"https:\/\/bobimarket.pl\/index.php\/produkt\/pila-platnica-do-drewna-drzewa-pilka-400mm-7tpi-ptfe\/","og_locale":"pl_PL","og_type":"article","og_title":"PI\u0141A P\u0141ATNICA DO DREWNA DRZEWA PI\u0141KA 400MM 7TPI PTFE - BOBIMARKET.pl - Remontuj i urz\u0105dzaj z nami","og_description":"PI\u0141A P\u0141ATNICA DO DREWNA DRZEWA PI\u0141KA 400 MM 7TPI PTFE Informacje og\u00f3lne: D\u0142ugo\u015b\u0107 ostrza: 400 mm 7 z\u0119b\u00f3w \/ cal (7TPI) Z\u0119by: nowy typ z\u0119ba aligator Z\u0105b tr\u00f3jstronnie ostrzony Teflonowe wyko\u0144czenie (lepsze szybsze ci\u0119cie) Uchwyt dwukompozytowy Narysowana na ostrzu miara Plastikowa ochrona na ostrze Wysokiej jako\u015bci pi\u0142a r\u0119czna p\u0142atnica przeznaczona\u00a0 do ci\u0119cia drewna oraz materia\u0142\u00f3w     Czytaj wi\u0119cej \"PI\u0141A P\u0141ATNICA DO DREWNA DRZEWA PI\u0141KA 400MM 7TPI PTFE\"","og_url":"https:\/\/bobimarket.pl\/index.php\/produkt\/pila-platnica-do-drewna-drzewa-pilka-400mm-7tpi-ptfe\/","og_site_name":"BOBIMARKET.pl - Remontuj i urz\u0105dzaj z nami","article_modified_time":"2025-02-27T15:43:48+00:00","og_image":[{"url":"https:\/\/upload.cdn.baselinker.com\/products\/14476\/6c1d88e909ef7651a2be1ba1f06d9236.jpg"}],"twitter_card":"summary_large_image","twitter_misc":{"Szacowany czas czytania":"1 minuta"},"schema":{"@context":"https:\/\/schema.org","@graph":[{"@type":"WebPage","@id":"https:\/\/bobimarket.pl\/index.php\/produkt\/pila-platnica-do-drewna-drzewa-pilka-400mm-7tpi-ptfe\/","url":"https:\/\/bobimarket.pl\/index.php\/produkt\/pila-platnica-do-drewna-drzewa-pilka-400mm-7tpi-ptfe\/","name":"PI\u0141A P\u0141ATNICA DO DREWNA DRZEWA PI\u0141KA 400MM 7TPI PTFE - BOBIMARKET.pl - Remontuj i urz\u0105dzaj z nami","isPartOf":{"@id":"https:\/\/bobimarket.pl\/#website"},"datePublished":"2023-08-30T05:53:39+00:00","dateModified":"2025-02-27T15:43:48+00:00","breadcrumb":{"@id":"https:\/\/bobimarket.pl\/index.php\/produkt\/pila-platnica-do-drewna-drzewa-pilka-400mm-7tpi-ptfe\/#breadcrumb"},"inLanguage":"pl-PL","potentialAction":[{"@type":"ReadAction","target":["https:\/\/bobimarket.pl\/index.php\/produkt\/pila-platnica-do-drewna-drzewa-pilka-400mm-7tpi-ptfe\/"]}]},{"@type":"BreadcrumbList","@id":"https:\/\/bobimarket.pl\/index.php\/produkt\/pila-platnica-do-drewna-drzewa-pilka-400mm-7tpi-ptfe\/#breadcrumb","itemListElement":[{"@type":"ListItem","position":1,"name":"Strona g\u0142\u00f3wna","item":"https:\/\/bobimarket.pl\/"},{"@type":"ListItem","position":2,"name":"Sklep","item":"https:\/\/bobimarket.pl\/index.php\/shop\/"},{"@type":"ListItem","position":3,"name":"PI\u0141A P\u0141ATNICA DO DREWNA DRZEWA PI\u0141KA 400MM 7TPI PTFE"}]},{"@type":"WebSite","@id":"https:\/\/bobimarket.pl\/#website","url":"https:\/\/bobimarket.pl\/","name":"BOBIMARKET.pl - Remontuj i urz\u0105dzaj z nami","description":"Remontuj i urz\u0105dzaj z nami","publisher":{"@id":"https:\/\/bobimarket.pl\/#organization"},"potentialAction":[{"@type":"SearchAction","target":{"@type":"EntryPoint","urlTemplate":"https:\/\/bobimarket.pl\/?s={search_term_string}"},"query-input":"required name=search_term_string"}],"inLanguage":"pl-PL"},{"@type":"Organization","@id":"https:\/\/bobimarket.pl\/#organization","name":"BOBIMARKET.pl","url":"https:\/\/bobimarket.pl\/","logo":{"@type":"ImageObject","inLanguage":"pl-PL","@id":"https:\/\/bobimarket.pl\/#\/schema\/logo\/image\/","url":"https:\/\/bobimarket.pl\/wp-content\/uploads\/2021\/11\/slogan.png","contentUrl":"https:\/\/bobimarket.pl\/wp-content\/uploads\/2021\/11\/slogan.png","width":2000,"height":384,"caption":"BOBIMARKET.pl"},"image":{"@id":"https:\/\/bobimarket.pl\/#\/schema\/logo\/image\/"}}]}},"_links":{"self":[{"href":"https:\/\/bobimarket.pl\/index.php\/wp-json\/wp\/v2\/product\/91654"}],"collection":[{"href":"https:\/\/bobimarket.pl\/index.php\/wp-json\/wp\/v2\/product"}],"about":[{"href":"https:\/\/bobimarket.pl\/index.php\/wp-json\/wp\/v2\/types\/product"}],"wp:featuredmedia":[{"embeddable":true,"href":"https:\/\/bobimarket.pl\/index.php\/wp-json\/wp\/v2\/media\/91651"}],"wp:attachment":[{"href":"https:\/\/bobimarket.pl\/index.php\/wp-json\/wp\/v2\/media?parent=91654"}],"wp:term":[{"taxonomy":"product_cat","embeddable":true,"href":"https:\/\/bobimarket.pl\/index.php\/wp-json\/wp\/v2\/product_cat?post=91654"},{"taxonomy":"product_tag","embeddable":true,"href":"https:\/\/bobimarket.pl\/index.php\/wp-json\/wp\/v2\/product_tag?post=91654"}],"curies":[{"name":"wp","href":"https:\/\/api.w.org\/{rel}","templated":true}]}}