{"id":91773,"date":"2023-08-30T06:02:59","date_gmt":"2023-08-30T06:02:59","guid":{"rendered":"https:\/\/bobimarket.pl\/index.php\/produkt\/klin-kliny-do-siekiery-siekier-mlotka-mlotkow-nr-5\/"},"modified":"2025-02-27T15:44:47","modified_gmt":"2025-02-27T15:44:47","slug":"klin-kliny-do-siekiery-siekier-mlotka-mlotkow-nr-5","status":"publish","type":"product","link":"https:\/\/bobimarket.pl\/index.php\/produkt\/klin-kliny-do-siekiery-siekier-mlotka-mlotkow-nr-5\/","title":{"rendered":"KLIN KLINY DO SIEKIERY SIEKIER M\u0141OTKA M\u0141OTK\u00d3W NR 5"},"content":{"rendered":"<section class=\"section\">\n<div class=\"item item-12\">\n<section class=\"text-item\">\n<h2>KLIN KLINY DO SIEKIERY SIEKIER M\u0141OTKA M\u0141OTK\u00d3W NR 5<\/h2>\n<p><b>Dane techniczne:<\/b><\/p>\n<ul>\n<li>Rodzaj:<b> nr 5<\/b><\/li>\n<li>Szeroko\u015b\u0107: <b>34 mm<\/b><\/li>\n<li>Wysoko\u015b\u0107: <b>35 mm<\/b><\/li>\n<li>Grubo\u015b\u0107: +\/- <b>5 mm<\/b><\/li>\n<li>Materia\u0142: stal<\/li>\n<\/ul>\n<h2>Komplet zawiera 3 sztuki klin\u00f3w!<\/h2>\n<\/section><\/div>\n<\/section>\n<section class=\"section\">\n<div class=\"item item-12\">\n<section class=\"image-item\">\n            <img decoding=\"async\" src=\"https:\/\/upload.cdn.baselinker.com\/products\/14476\/35c4087959e176ebc373a2e794e5e6a9.jpg\" \/><br \/>\n        <\/section>\n<\/p><\/div>\n<\/section>\n<section class=\"section\">\n<div class=\"item item-12\">\n<section class=\"text-item\">\n<h2>Niewielki, ale przydatny element wyposa\u017cenia warsztatu!<\/h2>\n<p>Solidny klin wykonany z metalu. Klin idealnie nadaje si\u0119 do oprawiania <b>m\u0142otk\u00f3w i siekier<\/b> na drewnianych trzonach.<\/p>\n<ul>\n<li>Specjalne wypustki w czterech p\u0142aszczyznach gwarantuj\u0105 <b>mocne osadzenie klina w trzonie<\/b>.<\/li>\n<li>Zestaw zawiera 3 sztuki klin\u00f3w.<\/li>\n<\/ul>\n<\/section><\/div>\n<\/section>\n<section class=\"section\">\n<div class=\"item item-6\">\n<section class=\"image-item\">\n            <img decoding=\"async\" src=\"https:\/\/upload.cdn.baselinker.com\/products\/14476\/66fe763ec700f10f63842efc3d7926de.jpg\" \/><br \/>\n        <\/section>\n<\/p><\/div>\n<div class=\"item item-6\">\n<section class=\"image-item\">\n            <img decoding=\"async\" src=\"https:\/\/upload.cdn.baselinker.com\/products\/14476\/26a15166995b9eb12fcfe92feede0caa.jpg\" \/><br \/>\n        <\/section>\n<\/p><\/div>\n<\/section>\n","protected":false},"excerpt":{"rendered":"<p>KLIN KLINY DO SIEKIERY SIEKIER M\u0141OTKA M\u0141OTK\u00d3W NR 5 Dane techniczne: Rodzaj: nr 5 Szeroko\u015b\u0107: 34 mm Wysoko\u015b\u0107: 35 mm Grubo\u015b\u0107: +\/- 5 mm Materia\u0142: stal Komplet zawiera 3 sztuki klin\u00f3w! Niewielki, ale przydatny element wyposa\u017cenia warsztatu! Solidny klin wykonany z metalu. Klin idealnie nadaje si\u0119 do oprawiania m\u0142otk\u00f3w i siekier na drewnianych trzonach. Specjalne<br \/><a class=\"more-link\" href=\"https:\/\/bobimarket.pl\/index.php\/produkt\/klin-kliny-do-siekiery-siekier-mlotka-mlotkow-nr-5\/\"><br \/>\n        Czytaj wi\u0119cej<span class=\"screen-reader-text\"> &#8222;KLIN KLINY DO SIEKIERY SIEKIER M\u0141OTKA M\u0141OTK\u00d3W NR 5&#8221;<\/span><\/a><\/p>\n","protected":false},"featured_media":91770,"template":"","meta":[],"product_cat":[8211],"product_tag":[],"yoast_head":"<!-- This site is optimized with the Yoast SEO plugin v21.0 - https:\/\/yoast.com\/wordpress\/plugins\/seo\/ -->\n<title>KLIN KLINY DO SIEKIERY SIEKIER M\u0141OTKA M\u0141OTK\u00d3W NR 5 - BOBIMARKET.pl - Remontuj i urz\u0105dzaj z nami<\/title>\n<meta name=\"robots\" content=\"index, follow, max-snippet:-1, max-image-preview:large, max-video-preview:-1\" \/>\n<link rel=\"canonical\" href=\"https:\/\/bobimarket.pl\/index.php\/produkt\/klin-kliny-do-siekiery-siekier-mlotka-mlotkow-nr-5\/\" \/>\n<meta property=\"og:locale\" content=\"pl_PL\" \/>\n<meta property=\"og:type\" content=\"article\" \/>\n<meta property=\"og:title\" content=\"KLIN KLINY DO SIEKIERY SIEKIER M\u0141OTKA M\u0141OTK\u00d3W NR 5 - BOBIMARKET.pl - Remontuj i urz\u0105dzaj z nami\" \/>\n<meta property=\"og:description\" content=\"KLIN KLINY DO SIEKIERY SIEKIER M\u0141OTKA M\u0141OTK\u00d3W NR 5 Dane techniczne: Rodzaj: nr 5 Szeroko\u015b\u0107: 34 mm Wysoko\u015b\u0107: 35 mm Grubo\u015b\u0107: +\/- 5 mm Materia\u0142: stal Komplet zawiera 3 sztuki klin\u00f3w! Niewielki, ale przydatny element wyposa\u017cenia warsztatu! Solidny klin wykonany z metalu. Klin idealnie nadaje si\u0119 do oprawiania m\u0142otk\u00f3w i siekier na drewnianych trzonach. Specjalne     Czytaj wi\u0119cej &quot;KLIN KLINY DO SIEKIERY SIEKIER M\u0141OTKA M\u0141OTK\u00d3W NR 5&quot;\" \/>\n<meta property=\"og:url\" content=\"https:\/\/bobimarket.pl\/index.php\/produkt\/klin-kliny-do-siekiery-siekier-mlotka-mlotkow-nr-5\/\" \/>\n<meta property=\"og:site_name\" content=\"BOBIMARKET.pl - Remontuj i urz\u0105dzaj z nami\" \/>\n<meta property=\"article:modified_time\" content=\"2025-02-27T15:44:47+00:00\" \/>\n<meta property=\"og:image\" content=\"https:\/\/upload.cdn.baselinker.com\/products\/14476\/35c4087959e176ebc373a2e794e5e6a9.jpg\" \/>\n<meta name=\"twitter:card\" content=\"summary_large_image\" \/>\n<script type=\"application\/ld+json\" class=\"yoast-schema-graph\">{\"@context\":\"https:\/\/schema.org\",\"@graph\":[{\"@type\":\"WebPage\",\"@id\":\"https:\/\/bobimarket.pl\/index.php\/produkt\/klin-kliny-do-siekiery-siekier-mlotka-mlotkow-nr-5\/\",\"url\":\"https:\/\/bobimarket.pl\/index.php\/produkt\/klin-kliny-do-siekiery-siekier-mlotka-mlotkow-nr-5\/\",\"name\":\"KLIN KLINY DO SIEKIERY SIEKIER M\u0141OTKA M\u0141OTK\u00d3W NR 5 - BOBIMARKET.pl - Remontuj i urz\u0105dzaj z nami\",\"isPartOf\":{\"@id\":\"https:\/\/bobimarket.pl\/#website\"},\"datePublished\":\"2023-08-30T06:02:59+00:00\",\"dateModified\":\"2025-02-27T15:44:47+00:00\",\"breadcrumb\":{\"@id\":\"https:\/\/bobimarket.pl\/index.php\/produkt\/klin-kliny-do-siekiery-siekier-mlotka-mlotkow-nr-5\/#breadcrumb\"},\"inLanguage\":\"pl-PL\",\"potentialAction\":[{\"@type\":\"ReadAction\",\"target\":[\"https:\/\/bobimarket.pl\/index.php\/produkt\/klin-kliny-do-siekiery-siekier-mlotka-mlotkow-nr-5\/\"]}]},{\"@type\":\"BreadcrumbList\",\"@id\":\"https:\/\/bobimarket.pl\/index.php\/produkt\/klin-kliny-do-siekiery-siekier-mlotka-mlotkow-nr-5\/#breadcrumb\",\"itemListElement\":[{\"@type\":\"ListItem\",\"position\":1,\"name\":\"Strona g\u0142\u00f3wna\",\"item\":\"https:\/\/bobimarket.pl\/\"},{\"@type\":\"ListItem\",\"position\":2,\"name\":\"Sklep\",\"item\":\"https:\/\/bobimarket.pl\/index.php\/shop\/\"},{\"@type\":\"ListItem\",\"position\":3,\"name\":\"KLIN KLINY DO SIEKIERY SIEKIER M\u0141OTKA M\u0141OTK\u00d3W NR 5\"}]},{\"@type\":\"WebSite\",\"@id\":\"https:\/\/bobimarket.pl\/#website\",\"url\":\"https:\/\/bobimarket.pl\/\",\"name\":\"BOBIMARKET.pl - Remontuj i urz\u0105dzaj z nami\",\"description\":\"Remontuj i urz\u0105dzaj z nami\",\"publisher\":{\"@id\":\"https:\/\/bobimarket.pl\/#organization\"},\"potentialAction\":[{\"@type\":\"SearchAction\",\"target\":{\"@type\":\"EntryPoint\",\"urlTemplate\":\"https:\/\/bobimarket.pl\/?s={search_term_string}\"},\"query-input\":\"required name=search_term_string\"}],\"inLanguage\":\"pl-PL\"},{\"@type\":\"Organization\",\"@id\":\"https:\/\/bobimarket.pl\/#organization\",\"name\":\"BOBIMARKET.pl\",\"url\":\"https:\/\/bobimarket.pl\/\",\"logo\":{\"@type\":\"ImageObject\",\"inLanguage\":\"pl-PL\",\"@id\":\"https:\/\/bobimarket.pl\/#\/schema\/logo\/image\/\",\"url\":\"https:\/\/bobimarket.pl\/wp-content\/uploads\/2021\/11\/slogan.png\",\"contentUrl\":\"https:\/\/bobimarket.pl\/wp-content\/uploads\/2021\/11\/slogan.png\",\"width\":2000,\"height\":384,\"caption\":\"BOBIMARKET.pl\"},\"image\":{\"@id\":\"https:\/\/bobimarket.pl\/#\/schema\/logo\/image\/\"}}]}<\/script>\n<!-- \/ Yoast SEO plugin. -->","yoast_head_json":{"title":"KLIN KLINY DO SIEKIERY SIEKIER M\u0141OTKA M\u0141OTK\u00d3W NR 5 - BOBIMARKET.pl - Remontuj i urz\u0105dzaj z nami","robots":{"index":"index","follow":"follow","max-snippet":"max-snippet:-1","max-image-preview":"max-image-preview:large","max-video-preview":"max-video-preview:-1"},"canonical":"https:\/\/bobimarket.pl\/index.php\/produkt\/klin-kliny-do-siekiery-siekier-mlotka-mlotkow-nr-5\/","og_locale":"pl_PL","og_type":"article","og_title":"KLIN KLINY DO SIEKIERY SIEKIER M\u0141OTKA M\u0141OTK\u00d3W NR 5 - BOBIMARKET.pl - Remontuj i urz\u0105dzaj z nami","og_description":"KLIN KLINY DO SIEKIERY SIEKIER M\u0141OTKA M\u0141OTK\u00d3W NR 5 Dane techniczne: Rodzaj: nr 5 Szeroko\u015b\u0107: 34 mm Wysoko\u015b\u0107: 35 mm Grubo\u015b\u0107: +\/- 5 mm Materia\u0142: stal Komplet zawiera 3 sztuki klin\u00f3w! Niewielki, ale przydatny element wyposa\u017cenia warsztatu! Solidny klin wykonany z metalu. Klin idealnie nadaje si\u0119 do oprawiania m\u0142otk\u00f3w i siekier na drewnianych trzonach. Specjalne     Czytaj wi\u0119cej \"KLIN KLINY DO SIEKIERY SIEKIER M\u0141OTKA M\u0141OTK\u00d3W NR 5\"","og_url":"https:\/\/bobimarket.pl\/index.php\/produkt\/klin-kliny-do-siekiery-siekier-mlotka-mlotkow-nr-5\/","og_site_name":"BOBIMARKET.pl - Remontuj i urz\u0105dzaj z nami","article_modified_time":"2025-02-27T15:44:47+00:00","og_image":[{"url":"https:\/\/upload.cdn.baselinker.com\/products\/14476\/35c4087959e176ebc373a2e794e5e6a9.jpg"}],"twitter_card":"summary_large_image","schema":{"@context":"https:\/\/schema.org","@graph":[{"@type":"WebPage","@id":"https:\/\/bobimarket.pl\/index.php\/produkt\/klin-kliny-do-siekiery-siekier-mlotka-mlotkow-nr-5\/","url":"https:\/\/bobimarket.pl\/index.php\/produkt\/klin-kliny-do-siekiery-siekier-mlotka-mlotkow-nr-5\/","name":"KLIN KLINY DO SIEKIERY SIEKIER M\u0141OTKA M\u0141OTK\u00d3W NR 5 - BOBIMARKET.pl - Remontuj i urz\u0105dzaj z nami","isPartOf":{"@id":"https:\/\/bobimarket.pl\/#website"},"datePublished":"2023-08-30T06:02:59+00:00","dateModified":"2025-02-27T15:44:47+00:00","breadcrumb":{"@id":"https:\/\/bobimarket.pl\/index.php\/produkt\/klin-kliny-do-siekiery-siekier-mlotka-mlotkow-nr-5\/#breadcrumb"},"inLanguage":"pl-PL","potentialAction":[{"@type":"ReadAction","target":["https:\/\/bobimarket.pl\/index.php\/produkt\/klin-kliny-do-siekiery-siekier-mlotka-mlotkow-nr-5\/"]}]},{"@type":"BreadcrumbList","@id":"https:\/\/bobimarket.pl\/index.php\/produkt\/klin-kliny-do-siekiery-siekier-mlotka-mlotkow-nr-5\/#breadcrumb","itemListElement":[{"@type":"ListItem","position":1,"name":"Strona g\u0142\u00f3wna","item":"https:\/\/bobimarket.pl\/"},{"@type":"ListItem","position":2,"name":"Sklep","item":"https:\/\/bobimarket.pl\/index.php\/shop\/"},{"@type":"ListItem","position":3,"name":"KLIN KLINY DO SIEKIERY SIEKIER M\u0141OTKA M\u0141OTK\u00d3W NR 5"}]},{"@type":"WebSite","@id":"https:\/\/bobimarket.pl\/#website","url":"https:\/\/bobimarket.pl\/","name":"BOBIMARKET.pl - Remontuj i urz\u0105dzaj z nami","description":"Remontuj i urz\u0105dzaj z nami","publisher":{"@id":"https:\/\/bobimarket.pl\/#organization"},"potentialAction":[{"@type":"SearchAction","target":{"@type":"EntryPoint","urlTemplate":"https:\/\/bobimarket.pl\/?s={search_term_string}"},"query-input":"required name=search_term_string"}],"inLanguage":"pl-PL"},{"@type":"Organization","@id":"https:\/\/bobimarket.pl\/#organization","name":"BOBIMARKET.pl","url":"https:\/\/bobimarket.pl\/","logo":{"@type":"ImageObject","inLanguage":"pl-PL","@id":"https:\/\/bobimarket.pl\/#\/schema\/logo\/image\/","url":"https:\/\/bobimarket.pl\/wp-content\/uploads\/2021\/11\/slogan.png","contentUrl":"https:\/\/bobimarket.pl\/wp-content\/uploads\/2021\/11\/slogan.png","width":2000,"height":384,"caption":"BOBIMARKET.pl"},"image":{"@id":"https:\/\/bobimarket.pl\/#\/schema\/logo\/image\/"}}]}},"_links":{"self":[{"href":"https:\/\/bobimarket.pl\/index.php\/wp-json\/wp\/v2\/product\/91773"}],"collection":[{"href":"https:\/\/bobimarket.pl\/index.php\/wp-json\/wp\/v2\/product"}],"about":[{"href":"https:\/\/bobimarket.pl\/index.php\/wp-json\/wp\/v2\/types\/product"}],"wp:featuredmedia":[{"embeddable":true,"href":"https:\/\/bobimarket.pl\/index.php\/wp-json\/wp\/v2\/media\/91770"}],"wp:attachment":[{"href":"https:\/\/bobimarket.pl\/index.php\/wp-json\/wp\/v2\/media?parent=91773"}],"wp:term":[{"taxonomy":"product_cat","embeddable":true,"href":"https:\/\/bobimarket.pl\/index.php\/wp-json\/wp\/v2\/product_cat?post=91773"},{"taxonomy":"product_tag","embeddable":true,"href":"https:\/\/bobimarket.pl\/index.php\/wp-json\/wp\/v2\/product_tag?post=91773"}],"curies":[{"name":"wp","href":"https:\/\/api.w.org\/{rel}","templated":true}]}}