{"id":91803,"date":"2023-08-30T06:04:49","date_gmt":"2023-08-30T06:04:49","guid":{"rendered":"https:\/\/bobimarket.pl\/index.php\/produkt\/kostka-klocek-gabka-scierna-gabki-gr-120-twarda-2\/"},"modified":"2025-02-27T15:45:10","modified_gmt":"2025-02-27T15:45:10","slug":"kostka-klocek-gabka-scierna-gabki-gr-120-twarda-2","status":"publish","type":"product","link":"https:\/\/bobimarket.pl\/index.php\/produkt\/kostka-klocek-gabka-scierna-gabki-gr-120-twarda-2\/","title":{"rendered":"KOSTKA KLOCEK G\u0104BKA \u015aCIERNA G\u0104BKI GR 120 TWARDA"},"content":{"rendered":"<section class=\"section\">\n<div class=\"item item-12\">\n<section class=\"text-item\">\n<h2>KOSTKA KLOCEK G\u0104BKA \u015aCIERNA G\u0104BKI GR 120 TWARDA<\/h2>\n<p><b>Dane techniczne:<\/b><\/p>\n<ul>\n<li>Wysoko\u015b\u0107: <b>25 mm<\/b><\/li>\n<li>Szeroko\u015b\u0107: <b>70 mm<\/b><\/li>\n<li>D\u0142ugo\u015b\u0107: <b>100 mm<\/b><\/li>\n<li>Granulacja: <b>150<\/b><\/li>\n<\/ul>\n<p><b>Czterostronna twarda g\u0105bka stosowana do \u015bcierania drewna, metalu, farb, gipsu itp.<\/b><\/p>\n<\/section><\/div>\n<\/section>\n<section class=\"section\">\n<div class=\"item item-12\">\n<section class=\"image-item\">\n            <img decoding=\"async\" src=\"https:\/\/upload.cdn.baselinker.com\/products\/14476\/650b7748787e539e6d4f1320fb7cdf8e.jpg\" \/><br \/>\n        <\/section>\n<\/p><\/div>\n<\/section>\n<section class=\"section\">\n<div class=\"item item-12\">\n<section class=\"text-item\">\n<h2>Bardzo praktyczne rozwi\u0105zanie przy szlifowaniu!<\/h2>\n<p>G\u0105bka \u015bcierna przeznaczona <b>do obr\u00f3bki r\u00f3\u017cnego rodzaju materia\u0142\u00f3w<\/b>. Znajdzie swoje zastosowanie w przemy\u015ble, stolarstwie lub podczas prac remontowych i budowlanych.<\/p>\n<ul>\n<li><b>Podk\u0142ad piankowy g\u0105bki<\/b> u\u0142atwia prac\u0119 z materia\u0142ami o nieregularnym kszta\u0142cie.<\/li>\n<li>Kostka jest pokryta <b>materia\u0142em \u015bciernym z czterech stron<\/b>, co u\u0142atwia obr\u00f3bk\u0119 k\u0105t\u00f3w wewn\u0119trznych.<\/li>\n<li>Ziarno mocowane jest bezpo\u015brednio do podk\u0142adu.<\/li>\n<\/ul>\n<\/section><\/div>\n<\/section>\n<section class=\"section\">\n<div class=\"item item-12\">\n<section class=\"image-item\">\n            <img decoding=\"async\" src=\"https:\/\/upload.cdn.baselinker.com\/products\/14476\/650b7748787e539e6d4f1320fb7cdf8e.jpg\" \/><br \/>\n        <\/section>\n<\/p><\/div>\n<\/section>\n<section class=\"section\">\n<div class=\"item item-12\">\n<section class=\"text-item\">\n<h2>Czy\u015bci, poleruje, wyg\u0142adza i matuje!<\/h2>\n<p>Doskonale nadaje si\u0119 <b>do szlifowania r\u0119cznego r\u00f3\u017cnego rodzaju materia\u0142\u00f3w. <\/b>Czy\u015bci, poleruje, wyg\u0142adza i matuje. Mo\u017ce by\u0107 stosowana do obr\u00f3bki materia\u0142\u00f3w takich jak:<\/p>\n<ul>\n<li>metal,<\/li>\n<li>drewno,<\/li>\n<li>farby,<\/li>\n<li>g\u0142adzie,<\/li>\n<li>tworzywa sztuczne itp.<\/li>\n<\/ul>\n<p><b>W ofercie r\u00f3\u017cne gradacje do wyboru! Dobierz odpowiedni\u0105 gradacj\u0119 przydatn\u0105 podczas wst\u0119pnego i ko\u0144cowego szlifowania materia\u0142\u00f3w.<\/b><\/p>\n<\/section><\/div>\n<\/section>\n<section class=\"section\">\n<div class=\"item item-12\">\n<section class=\"image-item\">\n            <img decoding=\"async\" src=\"https:\/\/upload.cdn.baselinker.com\/products\/14476\/650b7748787e539e6d4f1320fb7cdf8e.jpg\" \/><br \/>\n        <\/section>\n<\/p><\/div>\n<\/section>\n","protected":false},"excerpt":{"rendered":"<p>KOSTKA KLOCEK G\u0104BKA \u015aCIERNA G\u0104BKI GR 120 TWARDA Dane techniczne: Wysoko\u015b\u0107: 25 mm Szeroko\u015b\u0107: 70 mm D\u0142ugo\u015b\u0107: 100 mm Granulacja: 150 Czterostronna twarda g\u0105bka stosowana do \u015bcierania drewna, metalu, farb, gipsu itp. Bardzo praktyczne rozwi\u0105zanie przy szlifowaniu! G\u0105bka \u015bcierna przeznaczona do obr\u00f3bki r\u00f3\u017cnego rodzaju materia\u0142\u00f3w. Znajdzie swoje zastosowanie w przemy\u015ble, stolarstwie lub podczas prac remontowych<br \/><a class=\"more-link\" href=\"https:\/\/bobimarket.pl\/index.php\/produkt\/kostka-klocek-gabka-scierna-gabki-gr-120-twarda-2\/\"><br \/>\n        Czytaj wi\u0119cej<span class=\"screen-reader-text\"> &#8222;KOSTKA KLOCEK G\u0104BKA \u015aCIERNA G\u0104BKI GR 120 TWARDA&#8221;<\/span><\/a><\/p>\n","protected":false},"featured_media":91798,"template":"","meta":[],"product_cat":[8273],"product_tag":[],"yoast_head":"<!-- This site is optimized with the Yoast SEO plugin v21.0 - https:\/\/yoast.com\/wordpress\/plugins\/seo\/ -->\n<title>KOSTKA KLOCEK G\u0104BKA \u015aCIERNA G\u0104BKI GR 120 TWARDA - BOBIMARKET.pl - Remontuj i urz\u0105dzaj z nami<\/title>\n<meta name=\"robots\" content=\"index, follow, max-snippet:-1, max-image-preview:large, max-video-preview:-1\" \/>\n<link rel=\"canonical\" href=\"https:\/\/bobimarket.pl\/index.php\/produkt\/kostka-klocek-gabka-scierna-gabki-gr-120-twarda-2\/\" \/>\n<meta property=\"og:locale\" content=\"pl_PL\" \/>\n<meta property=\"og:type\" content=\"article\" \/>\n<meta property=\"og:title\" content=\"KOSTKA KLOCEK G\u0104BKA \u015aCIERNA G\u0104BKI GR 120 TWARDA - BOBIMARKET.pl - Remontuj i urz\u0105dzaj z nami\" \/>\n<meta property=\"og:description\" content=\"KOSTKA KLOCEK G\u0104BKA \u015aCIERNA G\u0104BKI GR 120 TWARDA Dane techniczne: Wysoko\u015b\u0107: 25 mm Szeroko\u015b\u0107: 70 mm D\u0142ugo\u015b\u0107: 100 mm Granulacja: 150 Czterostronna twarda g\u0105bka stosowana do \u015bcierania drewna, metalu, farb, gipsu itp. Bardzo praktyczne rozwi\u0105zanie przy szlifowaniu! G\u0105bka \u015bcierna przeznaczona do obr\u00f3bki r\u00f3\u017cnego rodzaju materia\u0142\u00f3w. Znajdzie swoje zastosowanie w przemy\u015ble, stolarstwie lub podczas prac remontowych     Czytaj wi\u0119cej &quot;KOSTKA KLOCEK G\u0104BKA \u015aCIERNA G\u0104BKI GR 120 TWARDA&quot;\" \/>\n<meta property=\"og:url\" content=\"https:\/\/bobimarket.pl\/index.php\/produkt\/kostka-klocek-gabka-scierna-gabki-gr-120-twarda-2\/\" \/>\n<meta property=\"og:site_name\" content=\"BOBIMARKET.pl - Remontuj i urz\u0105dzaj z nami\" \/>\n<meta property=\"article:modified_time\" content=\"2025-02-27T15:45:10+00:00\" \/>\n<meta property=\"og:image\" content=\"https:\/\/upload.cdn.baselinker.com\/products\/14476\/650b7748787e539e6d4f1320fb7cdf8e.jpg\" \/>\n<meta name=\"twitter:card\" content=\"summary_large_image\" \/>\n<meta name=\"twitter:label1\" content=\"Szacowany czas czytania\" \/>\n\t<meta name=\"twitter:data1\" content=\"1 minuta\" \/>\n<script type=\"application\/ld+json\" class=\"yoast-schema-graph\">{\"@context\":\"https:\/\/schema.org\",\"@graph\":[{\"@type\":\"WebPage\",\"@id\":\"https:\/\/bobimarket.pl\/index.php\/produkt\/kostka-klocek-gabka-scierna-gabki-gr-120-twarda-2\/\",\"url\":\"https:\/\/bobimarket.pl\/index.php\/produkt\/kostka-klocek-gabka-scierna-gabki-gr-120-twarda-2\/\",\"name\":\"KOSTKA KLOCEK G\u0104BKA \u015aCIERNA G\u0104BKI GR 120 TWARDA - BOBIMARKET.pl - Remontuj i urz\u0105dzaj z nami\",\"isPartOf\":{\"@id\":\"https:\/\/bobimarket.pl\/#website\"},\"datePublished\":\"2023-08-30T06:04:49+00:00\",\"dateModified\":\"2025-02-27T15:45:10+00:00\",\"breadcrumb\":{\"@id\":\"https:\/\/bobimarket.pl\/index.php\/produkt\/kostka-klocek-gabka-scierna-gabki-gr-120-twarda-2\/#breadcrumb\"},\"inLanguage\":\"pl-PL\",\"potentialAction\":[{\"@type\":\"ReadAction\",\"target\":[\"https:\/\/bobimarket.pl\/index.php\/produkt\/kostka-klocek-gabka-scierna-gabki-gr-120-twarda-2\/\"]}]},{\"@type\":\"BreadcrumbList\",\"@id\":\"https:\/\/bobimarket.pl\/index.php\/produkt\/kostka-klocek-gabka-scierna-gabki-gr-120-twarda-2\/#breadcrumb\",\"itemListElement\":[{\"@type\":\"ListItem\",\"position\":1,\"name\":\"Strona g\u0142\u00f3wna\",\"item\":\"https:\/\/bobimarket.pl\/\"},{\"@type\":\"ListItem\",\"position\":2,\"name\":\"Sklep\",\"item\":\"https:\/\/bobimarket.pl\/index.php\/shop\/\"},{\"@type\":\"ListItem\",\"position\":3,\"name\":\"KOSTKA KLOCEK G\u0104BKA \u015aCIERNA G\u0104BKI GR 120 TWARDA\"}]},{\"@type\":\"WebSite\",\"@id\":\"https:\/\/bobimarket.pl\/#website\",\"url\":\"https:\/\/bobimarket.pl\/\",\"name\":\"BOBIMARKET.pl - Remontuj i urz\u0105dzaj z nami\",\"description\":\"Remontuj i urz\u0105dzaj z nami\",\"publisher\":{\"@id\":\"https:\/\/bobimarket.pl\/#organization\"},\"potentialAction\":[{\"@type\":\"SearchAction\",\"target\":{\"@type\":\"EntryPoint\",\"urlTemplate\":\"https:\/\/bobimarket.pl\/?s={search_term_string}\"},\"query-input\":\"required name=search_term_string\"}],\"inLanguage\":\"pl-PL\"},{\"@type\":\"Organization\",\"@id\":\"https:\/\/bobimarket.pl\/#organization\",\"name\":\"BOBIMARKET.pl\",\"url\":\"https:\/\/bobimarket.pl\/\",\"logo\":{\"@type\":\"ImageObject\",\"inLanguage\":\"pl-PL\",\"@id\":\"https:\/\/bobimarket.pl\/#\/schema\/logo\/image\/\",\"url\":\"https:\/\/bobimarket.pl\/wp-content\/uploads\/2021\/11\/slogan.png\",\"contentUrl\":\"https:\/\/bobimarket.pl\/wp-content\/uploads\/2021\/11\/slogan.png\",\"width\":2000,\"height\":384,\"caption\":\"BOBIMARKET.pl\"},\"image\":{\"@id\":\"https:\/\/bobimarket.pl\/#\/schema\/logo\/image\/\"}}]}<\/script>\n<!-- \/ Yoast SEO plugin. -->","yoast_head_json":{"title":"KOSTKA KLOCEK G\u0104BKA \u015aCIERNA G\u0104BKI GR 120 TWARDA - BOBIMARKET.pl - Remontuj i urz\u0105dzaj z nami","robots":{"index":"index","follow":"follow","max-snippet":"max-snippet:-1","max-image-preview":"max-image-preview:large","max-video-preview":"max-video-preview:-1"},"canonical":"https:\/\/bobimarket.pl\/index.php\/produkt\/kostka-klocek-gabka-scierna-gabki-gr-120-twarda-2\/","og_locale":"pl_PL","og_type":"article","og_title":"KOSTKA KLOCEK G\u0104BKA \u015aCIERNA G\u0104BKI GR 120 TWARDA - BOBIMARKET.pl - Remontuj i urz\u0105dzaj z nami","og_description":"KOSTKA KLOCEK G\u0104BKA \u015aCIERNA G\u0104BKI GR 120 TWARDA Dane techniczne: Wysoko\u015b\u0107: 25 mm Szeroko\u015b\u0107: 70 mm D\u0142ugo\u015b\u0107: 100 mm Granulacja: 150 Czterostronna twarda g\u0105bka stosowana do \u015bcierania drewna, metalu, farb, gipsu itp. Bardzo praktyczne rozwi\u0105zanie przy szlifowaniu! G\u0105bka \u015bcierna przeznaczona do obr\u00f3bki r\u00f3\u017cnego rodzaju materia\u0142\u00f3w. Znajdzie swoje zastosowanie w przemy\u015ble, stolarstwie lub podczas prac remontowych     Czytaj wi\u0119cej \"KOSTKA KLOCEK G\u0104BKA \u015aCIERNA G\u0104BKI GR 120 TWARDA\"","og_url":"https:\/\/bobimarket.pl\/index.php\/produkt\/kostka-klocek-gabka-scierna-gabki-gr-120-twarda-2\/","og_site_name":"BOBIMARKET.pl - Remontuj i urz\u0105dzaj z nami","article_modified_time":"2025-02-27T15:45:10+00:00","og_image":[{"url":"https:\/\/upload.cdn.baselinker.com\/products\/14476\/650b7748787e539e6d4f1320fb7cdf8e.jpg"}],"twitter_card":"summary_large_image","twitter_misc":{"Szacowany czas czytania":"1 minuta"},"schema":{"@context":"https:\/\/schema.org","@graph":[{"@type":"WebPage","@id":"https:\/\/bobimarket.pl\/index.php\/produkt\/kostka-klocek-gabka-scierna-gabki-gr-120-twarda-2\/","url":"https:\/\/bobimarket.pl\/index.php\/produkt\/kostka-klocek-gabka-scierna-gabki-gr-120-twarda-2\/","name":"KOSTKA KLOCEK G\u0104BKA \u015aCIERNA G\u0104BKI GR 120 TWARDA - BOBIMARKET.pl - Remontuj i urz\u0105dzaj z nami","isPartOf":{"@id":"https:\/\/bobimarket.pl\/#website"},"datePublished":"2023-08-30T06:04:49+00:00","dateModified":"2025-02-27T15:45:10+00:00","breadcrumb":{"@id":"https:\/\/bobimarket.pl\/index.php\/produkt\/kostka-klocek-gabka-scierna-gabki-gr-120-twarda-2\/#breadcrumb"},"inLanguage":"pl-PL","potentialAction":[{"@type":"ReadAction","target":["https:\/\/bobimarket.pl\/index.php\/produkt\/kostka-klocek-gabka-scierna-gabki-gr-120-twarda-2\/"]}]},{"@type":"BreadcrumbList","@id":"https:\/\/bobimarket.pl\/index.php\/produkt\/kostka-klocek-gabka-scierna-gabki-gr-120-twarda-2\/#breadcrumb","itemListElement":[{"@type":"ListItem","position":1,"name":"Strona g\u0142\u00f3wna","item":"https:\/\/bobimarket.pl\/"},{"@type":"ListItem","position":2,"name":"Sklep","item":"https:\/\/bobimarket.pl\/index.php\/shop\/"},{"@type":"ListItem","position":3,"name":"KOSTKA KLOCEK G\u0104BKA \u015aCIERNA G\u0104BKI GR 120 TWARDA"}]},{"@type":"WebSite","@id":"https:\/\/bobimarket.pl\/#website","url":"https:\/\/bobimarket.pl\/","name":"BOBIMARKET.pl - Remontuj i urz\u0105dzaj z nami","description":"Remontuj i urz\u0105dzaj z nami","publisher":{"@id":"https:\/\/bobimarket.pl\/#organization"},"potentialAction":[{"@type":"SearchAction","target":{"@type":"EntryPoint","urlTemplate":"https:\/\/bobimarket.pl\/?s={search_term_string}"},"query-input":"required name=search_term_string"}],"inLanguage":"pl-PL"},{"@type":"Organization","@id":"https:\/\/bobimarket.pl\/#organization","name":"BOBIMARKET.pl","url":"https:\/\/bobimarket.pl\/","logo":{"@type":"ImageObject","inLanguage":"pl-PL","@id":"https:\/\/bobimarket.pl\/#\/schema\/logo\/image\/","url":"https:\/\/bobimarket.pl\/wp-content\/uploads\/2021\/11\/slogan.png","contentUrl":"https:\/\/bobimarket.pl\/wp-content\/uploads\/2021\/11\/slogan.png","width":2000,"height":384,"caption":"BOBIMARKET.pl"},"image":{"@id":"https:\/\/bobimarket.pl\/#\/schema\/logo\/image\/"}}]}},"_links":{"self":[{"href":"https:\/\/bobimarket.pl\/index.php\/wp-json\/wp\/v2\/product\/91803"}],"collection":[{"href":"https:\/\/bobimarket.pl\/index.php\/wp-json\/wp\/v2\/product"}],"about":[{"href":"https:\/\/bobimarket.pl\/index.php\/wp-json\/wp\/v2\/types\/product"}],"wp:featuredmedia":[{"embeddable":true,"href":"https:\/\/bobimarket.pl\/index.php\/wp-json\/wp\/v2\/media\/91798"}],"wp:attachment":[{"href":"https:\/\/bobimarket.pl\/index.php\/wp-json\/wp\/v2\/media?parent=91803"}],"wp:term":[{"taxonomy":"product_cat","embeddable":true,"href":"https:\/\/bobimarket.pl\/index.php\/wp-json\/wp\/v2\/product_cat?post=91803"},{"taxonomy":"product_tag","embeddable":true,"href":"https:\/\/bobimarket.pl\/index.php\/wp-json\/wp\/v2\/product_tag?post=91803"}],"curies":[{"name":"wp","href":"https:\/\/api.w.org\/{rel}","templated":true}]}}