{"id":92012,"date":"2023-08-30T06:14:58","date_gmt":"2023-08-30T06:14:58","guid":{"rendered":"https:\/\/bobimarket.pl\/index.php\/produkt\/wiertlo-do-metalu-tytanowe-hss-tin-115-mm\/"},"modified":"2025-02-27T15:47:46","modified_gmt":"2025-02-27T15:47:46","slug":"wiertlo-do-metalu-tytanowe-hss-tin-115-mm","status":"publish","type":"product","link":"https:\/\/bobimarket.pl\/index.php\/produkt\/wiertlo-do-metalu-tytanowe-hss-tin-115-mm\/","title":{"rendered":"WIERT\u0141O DO METALU TYTANOWE HSS-TIN 11,5 mm"},"content":{"rendered":"<section class=\"section\">\n<div class=\"item item-12\">\n<section class=\"text-item\">\n<h2>WIERT\u0141O DO METALU TYTANOWE HSS-TIN 11,5 mm<\/h2>\n<p><b>Dane techniczne:\u00a0\u00a0<\/b><\/p>\n<ul>\n<li>\u015arednica wiert\u0142a:<b> 11,5 mm<\/b><\/li>\n<li>D\u0142ugo\u015b\u0107 ca\u0142kowita:<b> 142 mm<\/b><\/li>\n<li>D\u0142ugo\u015b\u0107 robocza:<b> 94 mm<\/b><\/li>\n<li>Materia\u0142:\u00a0<b>stal szybkotn\u0105ca<\/b><\/li>\n<li>Typ mocowania: <b>uchwyt cylindryczny\u00a0<\/b><\/li>\n<li>K\u0105t wierzcho\u0142ka: <b>135\u00b0<\/b><\/li>\n<li>Zgodne z norm\u0105 DIN-338<\/li>\n<\/ul>\n<\/section><\/div>\n<\/section>\n<section class=\"section\">\n<div class=\"item item-12\">\n<section class=\"image-item\">\n            <img decoding=\"async\" src=\"https:\/\/upload.cdn.baselinker.com\/products\/14476\/5f6d709498447cbe7532f71dfb9a4454.jpg\" \/><br \/>\n        <\/section>\n<\/p><\/div>\n<\/section>\n<section class=\"section\">\n<div class=\"item item-12\">\n<section class=\"text-item\">\n<p>Wiert\u0142o do metalu spiralne prawoskr\u0119tne. Wykonane\u00a0ze <b>stali szybkotn\u0105cej <\/b>podw\u00f3jnie szlifowane. K\u0105t wierzcho\u0142ka wynosi 135\u00b0. Wyposa\u017cone w <b>uchwyt cylindryczny<\/b> odpowiadaj\u0105cy \u015brednicy wiert\u0142a. Szlif prosty bez korekty \u015bcinu, nadaj\u0105cy si\u0119 do ostrzenia r\u0119cznego.\u00a0<\/p>\n<ul>\n<li>Powierzchnia wiert\u0142a jest pokryta <b>warstw\u0105 azotku tytanu<\/b>, co wp\u0142ywa na zmniejszenie niebezpiecze\u0144stwo przywierania wi\u00f3r\u00f3w do wiert\u0142a oraz zwi\u0119ksza wydajno\u015b\u0107 wiercenia.<\/li>\n<li>Zastosowana <b>metody szlifowania<\/b> wiert\u0142a poprawia dok\u0142adno\u015bci wykonania otwor\u00f3w.<\/li>\n<\/ul>\n<\/section><\/div>\n<\/section>\n<section class=\"section\">\n<div class=\"item item-12\">\n<section class=\"image-item\">\n            <img decoding=\"async\" src=\"https:\/\/upload.cdn.baselinker.com\/products\/14476\/4cefebb385cec391ec1f4fe93bf6291c.jpg\" \/><br \/>\n        <\/section>\n<\/p><\/div>\n<\/section>\n<section class=\"section\">\n<div class=\"item item-12\">\n<section class=\"text-item\">\n<p><b>\u2705\u00a0Zastosowanie:\u00a0<\/b><\/p>\n<p>Sprawdz\u0105 si\u0119 u profesjonalist\u00f3w i\u00a0 majsterkowicz\u00f3w w przydomowych warsztatach. Wiert\u0142a nadaj\u0105 si\u0119 do pracy z wszelkimi materia\u0142ami stalowymi. Stosowany do wiercenia w:<\/p>\n<ul>\n<li>stali,<\/li>\n<li>stali nierdzewnej,<\/li>\n<li>metalach kolorowych<\/li>\n<li>i wiele innych.<\/li>\n<\/ul>\n<\/section><\/div>\n<\/section>\n<section class=\"section\">\n<div class=\"item item-6\">\n<section class=\"image-item\">\n            <img decoding=\"async\" src=\"https:\/\/upload.cdn.baselinker.com\/products\/14476\/f1e708c11241f791d56b478ce2af52eb.jpg\" \/><br \/>\n        <\/section>\n<\/p><\/div>\n<div class=\"item item-6\">\n<section class=\"image-item\">\n            <img decoding=\"async\" src=\"https:\/\/upload.cdn.baselinker.com\/products\/14476\/8149d7f91a18ad9ad9a059c0d124b87d.jpg\" \/><br \/>\n        <\/section>\n<\/p><\/div>\n<\/section>\n","protected":false},"excerpt":{"rendered":"<p>WIERT\u0141O DO METALU TYTANOWE HSS-TIN 11,5 mm Dane techniczne:\u00a0\u00a0 \u015arednica wiert\u0142a: 11,5 mm D\u0142ugo\u015b\u0107 ca\u0142kowita: 142 mm D\u0142ugo\u015b\u0107 robocza: 94 mm Materia\u0142:\u00a0stal szybkotn\u0105ca Typ mocowania: uchwyt cylindryczny\u00a0 K\u0105t wierzcho\u0142ka: 135\u00b0 Zgodne z norm\u0105 DIN-338 Wiert\u0142o do metalu spiralne prawoskr\u0119tne. Wykonane\u00a0ze stali szybkotn\u0105cej podw\u00f3jnie szlifowane. K\u0105t wierzcho\u0142ka wynosi 135\u00b0. Wyposa\u017cone w uchwyt cylindryczny odpowiadaj\u0105cy \u015brednicy wiert\u0142a.<br \/><a class=\"more-link\" href=\"https:\/\/bobimarket.pl\/index.php\/produkt\/wiertlo-do-metalu-tytanowe-hss-tin-115-mm\/\"><br \/>\n        Czytaj wi\u0119cej<span class=\"screen-reader-text\"> &#8222;WIERT\u0141O DO METALU TYTANOWE HSS-TIN 11,5 mm&#8221;<\/span><\/a><\/p>\n","protected":false},"featured_media":92007,"template":"","meta":[],"product_cat":[8108],"product_tag":[],"yoast_head":"<!-- This site is optimized with the Yoast SEO plugin v21.0 - https:\/\/yoast.com\/wordpress\/plugins\/seo\/ -->\n<title>WIERT\u0141O DO METALU TYTANOWE HSS-TIN 11,5 mm - BOBIMARKET.pl - Remontuj i urz\u0105dzaj z nami<\/title>\n<meta name=\"robots\" content=\"index, follow, max-snippet:-1, max-image-preview:large, max-video-preview:-1\" \/>\n<link rel=\"canonical\" href=\"https:\/\/bobimarket.pl\/index.php\/produkt\/wiertlo-do-metalu-tytanowe-hss-tin-115-mm\/\" \/>\n<meta property=\"og:locale\" content=\"pl_PL\" \/>\n<meta property=\"og:type\" content=\"article\" \/>\n<meta property=\"og:title\" content=\"WIERT\u0141O DO METALU TYTANOWE HSS-TIN 11,5 mm - BOBIMARKET.pl - Remontuj i urz\u0105dzaj z nami\" \/>\n<meta property=\"og:description\" content=\"WIERT\u0141O DO METALU TYTANOWE HSS-TIN 11,5 mm Dane techniczne:\u00a0\u00a0 \u015arednica wiert\u0142a: 11,5 mm D\u0142ugo\u015b\u0107 ca\u0142kowita: 142 mm D\u0142ugo\u015b\u0107 robocza: 94 mm Materia\u0142:\u00a0stal szybkotn\u0105ca Typ mocowania: uchwyt cylindryczny\u00a0 K\u0105t wierzcho\u0142ka: 135\u00b0 Zgodne z norm\u0105 DIN-338 Wiert\u0142o do metalu spiralne prawoskr\u0119tne. Wykonane\u00a0ze stali szybkotn\u0105cej podw\u00f3jnie szlifowane. K\u0105t wierzcho\u0142ka wynosi 135\u00b0. Wyposa\u017cone w uchwyt cylindryczny odpowiadaj\u0105cy \u015brednicy wiert\u0142a.     Czytaj wi\u0119cej &quot;WIERT\u0141O DO METALU TYTANOWE HSS-TIN 11,5 mm&quot;\" \/>\n<meta property=\"og:url\" content=\"https:\/\/bobimarket.pl\/index.php\/produkt\/wiertlo-do-metalu-tytanowe-hss-tin-115-mm\/\" \/>\n<meta property=\"og:site_name\" content=\"BOBIMARKET.pl - Remontuj i urz\u0105dzaj z nami\" \/>\n<meta property=\"article:modified_time\" content=\"2025-02-27T15:47:46+00:00\" \/>\n<meta property=\"og:image\" content=\"https:\/\/upload.cdn.baselinker.com\/products\/14476\/5f6d709498447cbe7532f71dfb9a4454.jpg\" \/>\n<meta name=\"twitter:card\" content=\"summary_large_image\" \/>\n<meta name=\"twitter:label1\" content=\"Szacowany czas czytania\" \/>\n\t<meta name=\"twitter:data1\" content=\"1 minuta\" \/>\n<script type=\"application\/ld+json\" class=\"yoast-schema-graph\">{\"@context\":\"https:\/\/schema.org\",\"@graph\":[{\"@type\":\"WebPage\",\"@id\":\"https:\/\/bobimarket.pl\/index.php\/produkt\/wiertlo-do-metalu-tytanowe-hss-tin-115-mm\/\",\"url\":\"https:\/\/bobimarket.pl\/index.php\/produkt\/wiertlo-do-metalu-tytanowe-hss-tin-115-mm\/\",\"name\":\"WIERT\u0141O DO METALU TYTANOWE HSS-TIN 11,5 mm - BOBIMARKET.pl - Remontuj i urz\u0105dzaj z nami\",\"isPartOf\":{\"@id\":\"https:\/\/bobimarket.pl\/#website\"},\"datePublished\":\"2023-08-30T06:14:58+00:00\",\"dateModified\":\"2025-02-27T15:47:46+00:00\",\"breadcrumb\":{\"@id\":\"https:\/\/bobimarket.pl\/index.php\/produkt\/wiertlo-do-metalu-tytanowe-hss-tin-115-mm\/#breadcrumb\"},\"inLanguage\":\"pl-PL\",\"potentialAction\":[{\"@type\":\"ReadAction\",\"target\":[\"https:\/\/bobimarket.pl\/index.php\/produkt\/wiertlo-do-metalu-tytanowe-hss-tin-115-mm\/\"]}]},{\"@type\":\"BreadcrumbList\",\"@id\":\"https:\/\/bobimarket.pl\/index.php\/produkt\/wiertlo-do-metalu-tytanowe-hss-tin-115-mm\/#breadcrumb\",\"itemListElement\":[{\"@type\":\"ListItem\",\"position\":1,\"name\":\"Strona g\u0142\u00f3wna\",\"item\":\"https:\/\/bobimarket.pl\/\"},{\"@type\":\"ListItem\",\"position\":2,\"name\":\"Sklep\",\"item\":\"https:\/\/bobimarket.pl\/index.php\/shop\/\"},{\"@type\":\"ListItem\",\"position\":3,\"name\":\"WIERT\u0141O DO METALU TYTANOWE HSS-TIN 11,5 mm\"}]},{\"@type\":\"WebSite\",\"@id\":\"https:\/\/bobimarket.pl\/#website\",\"url\":\"https:\/\/bobimarket.pl\/\",\"name\":\"BOBIMARKET.pl - Remontuj i urz\u0105dzaj z nami\",\"description\":\"Remontuj i urz\u0105dzaj z nami\",\"publisher\":{\"@id\":\"https:\/\/bobimarket.pl\/#organization\"},\"potentialAction\":[{\"@type\":\"SearchAction\",\"target\":{\"@type\":\"EntryPoint\",\"urlTemplate\":\"https:\/\/bobimarket.pl\/?s={search_term_string}\"},\"query-input\":\"required name=search_term_string\"}],\"inLanguage\":\"pl-PL\"},{\"@type\":\"Organization\",\"@id\":\"https:\/\/bobimarket.pl\/#organization\",\"name\":\"BOBIMARKET.pl\",\"url\":\"https:\/\/bobimarket.pl\/\",\"logo\":{\"@type\":\"ImageObject\",\"inLanguage\":\"pl-PL\",\"@id\":\"https:\/\/bobimarket.pl\/#\/schema\/logo\/image\/\",\"url\":\"https:\/\/bobimarket.pl\/wp-content\/uploads\/2021\/11\/slogan.png\",\"contentUrl\":\"https:\/\/bobimarket.pl\/wp-content\/uploads\/2021\/11\/slogan.png\",\"width\":2000,\"height\":384,\"caption\":\"BOBIMARKET.pl\"},\"image\":{\"@id\":\"https:\/\/bobimarket.pl\/#\/schema\/logo\/image\/\"}}]}<\/script>\n<!-- \/ Yoast SEO plugin. -->","yoast_head_json":{"title":"WIERT\u0141O DO METALU TYTANOWE HSS-TIN 11,5 mm - BOBIMARKET.pl - Remontuj i urz\u0105dzaj z nami","robots":{"index":"index","follow":"follow","max-snippet":"max-snippet:-1","max-image-preview":"max-image-preview:large","max-video-preview":"max-video-preview:-1"},"canonical":"https:\/\/bobimarket.pl\/index.php\/produkt\/wiertlo-do-metalu-tytanowe-hss-tin-115-mm\/","og_locale":"pl_PL","og_type":"article","og_title":"WIERT\u0141O DO METALU TYTANOWE HSS-TIN 11,5 mm - BOBIMARKET.pl - Remontuj i urz\u0105dzaj z nami","og_description":"WIERT\u0141O DO METALU TYTANOWE HSS-TIN 11,5 mm Dane techniczne:\u00a0\u00a0 \u015arednica wiert\u0142a: 11,5 mm D\u0142ugo\u015b\u0107 ca\u0142kowita: 142 mm D\u0142ugo\u015b\u0107 robocza: 94 mm Materia\u0142:\u00a0stal szybkotn\u0105ca Typ mocowania: uchwyt cylindryczny\u00a0 K\u0105t wierzcho\u0142ka: 135\u00b0 Zgodne z norm\u0105 DIN-338 Wiert\u0142o do metalu spiralne prawoskr\u0119tne. Wykonane\u00a0ze stali szybkotn\u0105cej podw\u00f3jnie szlifowane. K\u0105t wierzcho\u0142ka wynosi 135\u00b0. Wyposa\u017cone w uchwyt cylindryczny odpowiadaj\u0105cy \u015brednicy wiert\u0142a.     Czytaj wi\u0119cej \"WIERT\u0141O DO METALU TYTANOWE HSS-TIN 11,5 mm\"","og_url":"https:\/\/bobimarket.pl\/index.php\/produkt\/wiertlo-do-metalu-tytanowe-hss-tin-115-mm\/","og_site_name":"BOBIMARKET.pl - Remontuj i urz\u0105dzaj z nami","article_modified_time":"2025-02-27T15:47:46+00:00","og_image":[{"url":"https:\/\/upload.cdn.baselinker.com\/products\/14476\/5f6d709498447cbe7532f71dfb9a4454.jpg"}],"twitter_card":"summary_large_image","twitter_misc":{"Szacowany czas czytania":"1 minuta"},"schema":{"@context":"https:\/\/schema.org","@graph":[{"@type":"WebPage","@id":"https:\/\/bobimarket.pl\/index.php\/produkt\/wiertlo-do-metalu-tytanowe-hss-tin-115-mm\/","url":"https:\/\/bobimarket.pl\/index.php\/produkt\/wiertlo-do-metalu-tytanowe-hss-tin-115-mm\/","name":"WIERT\u0141O DO METALU TYTANOWE HSS-TIN 11,5 mm - BOBIMARKET.pl - Remontuj i urz\u0105dzaj z nami","isPartOf":{"@id":"https:\/\/bobimarket.pl\/#website"},"datePublished":"2023-08-30T06:14:58+00:00","dateModified":"2025-02-27T15:47:46+00:00","breadcrumb":{"@id":"https:\/\/bobimarket.pl\/index.php\/produkt\/wiertlo-do-metalu-tytanowe-hss-tin-115-mm\/#breadcrumb"},"inLanguage":"pl-PL","potentialAction":[{"@type":"ReadAction","target":["https:\/\/bobimarket.pl\/index.php\/produkt\/wiertlo-do-metalu-tytanowe-hss-tin-115-mm\/"]}]},{"@type":"BreadcrumbList","@id":"https:\/\/bobimarket.pl\/index.php\/produkt\/wiertlo-do-metalu-tytanowe-hss-tin-115-mm\/#breadcrumb","itemListElement":[{"@type":"ListItem","position":1,"name":"Strona g\u0142\u00f3wna","item":"https:\/\/bobimarket.pl\/"},{"@type":"ListItem","position":2,"name":"Sklep","item":"https:\/\/bobimarket.pl\/index.php\/shop\/"},{"@type":"ListItem","position":3,"name":"WIERT\u0141O DO METALU TYTANOWE HSS-TIN 11,5 mm"}]},{"@type":"WebSite","@id":"https:\/\/bobimarket.pl\/#website","url":"https:\/\/bobimarket.pl\/","name":"BOBIMARKET.pl - Remontuj i urz\u0105dzaj z nami","description":"Remontuj i urz\u0105dzaj z nami","publisher":{"@id":"https:\/\/bobimarket.pl\/#organization"},"potentialAction":[{"@type":"SearchAction","target":{"@type":"EntryPoint","urlTemplate":"https:\/\/bobimarket.pl\/?s={search_term_string}"},"query-input":"required name=search_term_string"}],"inLanguage":"pl-PL"},{"@type":"Organization","@id":"https:\/\/bobimarket.pl\/#organization","name":"BOBIMARKET.pl","url":"https:\/\/bobimarket.pl\/","logo":{"@type":"ImageObject","inLanguage":"pl-PL","@id":"https:\/\/bobimarket.pl\/#\/schema\/logo\/image\/","url":"https:\/\/bobimarket.pl\/wp-content\/uploads\/2021\/11\/slogan.png","contentUrl":"https:\/\/bobimarket.pl\/wp-content\/uploads\/2021\/11\/slogan.png","width":2000,"height":384,"caption":"BOBIMARKET.pl"},"image":{"@id":"https:\/\/bobimarket.pl\/#\/schema\/logo\/image\/"}}]}},"_links":{"self":[{"href":"https:\/\/bobimarket.pl\/index.php\/wp-json\/wp\/v2\/product\/92012"}],"collection":[{"href":"https:\/\/bobimarket.pl\/index.php\/wp-json\/wp\/v2\/product"}],"about":[{"href":"https:\/\/bobimarket.pl\/index.php\/wp-json\/wp\/v2\/types\/product"}],"wp:featuredmedia":[{"embeddable":true,"href":"https:\/\/bobimarket.pl\/index.php\/wp-json\/wp\/v2\/media\/92007"}],"wp:attachment":[{"href":"https:\/\/bobimarket.pl\/index.php\/wp-json\/wp\/v2\/media?parent=92012"}],"wp:term":[{"taxonomy":"product_cat","embeddable":true,"href":"https:\/\/bobimarket.pl\/index.php\/wp-json\/wp\/v2\/product_cat?post=92012"},{"taxonomy":"product_tag","embeddable":true,"href":"https:\/\/bobimarket.pl\/index.php\/wp-json\/wp\/v2\/product_tag?post=92012"}],"curies":[{"name":"wp","href":"https:\/\/api.w.org\/{rel}","templated":true}]}}