{"id":92035,"date":"2023-08-30T06:15:55","date_gmt":"2023-08-30T06:15:55","guid":{"rendered":"https:\/\/bobimarket.pl\/index.php\/produkt\/zestaw-nakretki-metryczne-szesciokatne-146-szt\/"},"modified":"2025-02-27T15:48:01","modified_gmt":"2025-02-27T15:48:01","slug":"zestaw-nakretki-metryczne-szesciokatne-146-szt","status":"publish","type":"product","link":"https:\/\/bobimarket.pl\/index.php\/produkt\/zestaw-nakretki-metryczne-szesciokatne-146-szt\/","title":{"rendered":"ZESTAW NAKR\u0118TKI METRYCZNE SZE\u015aCIOK\u0104TNE 146 szt."},"content":{"rendered":"<section class=\"section\">\n<div class=\"item item-12\">\n<section class=\"text-item\">\n<h2>ZESTAW NAKR\u0118TKI METRYCZNE Z ZABEZPIECZENIEM 146 szt.<\/h2>\n<p><b>Informacje og\u00f3lne:<\/b><\/p>\n<ul>\n<li>Rodzaj:<b> nakr\u0119tki z zabezpieczeniem <\/b><\/li>\n<li>Rodzaj gwintu: metryczne<\/li>\n<li>Ilo\u015b\u0107 sztuk:<b> 146 sztuk <\/b><\/li>\n<li>Materia\u0142:<b> stal ocynkowana<\/b><\/li>\n<\/ul>\n<p><b>Komplet zawiera: <\/b><\/p>\n<ul>\n<li>M4 x 35 sztuk<\/li>\n<li>M5 x 35 sztuk<\/li>\n<li>M6 x 25 sztuk<\/li>\n<li>M8 x 25 sztuk<\/li>\n<li>M10 x 16 sztuk<\/li>\n<li>M15 x 10 sztuk<\/li>\n<\/ul>\n<\/section><\/div>\n<\/section>\n<section class=\"section\">\n<div class=\"item item-12\">\n<section class=\"image-item\">\n            <img decoding=\"async\" src=\"https:\/\/upload.cdn.baselinker.com\/products\/14476\/ca5c220d5ca8cd983e734dac4f03cdf3.jpg\" \/><br \/>\n        <\/section>\n<\/p><\/div>\n<\/section>\n<section class=\"section\">\n<div class=\"item item-12\">\n<section class=\"text-item\">\n<p><b>\u2705 Praktyczna i funkcjonalna nakr\u0119tka, kt\u00f3ra u\u0142atwi Twoje \u017cycie!<\/b><\/p>\n<p>Popularna nakr\u0119tka metryczna z zabezpieczeniem. Odporna na dzia\u0142anie zmiennych warunk\u00f3w atmosferycznych, wykonana z solidnych materia\u0142\u00f3w. komplet zawiera rozmiary M4, M5, M6, M8, M10, M12.<\/p>\n<ul>\n<li><b>Wszechstronne zastosowanie<\/b>, w bardzo zr\u00f3\u017cnicowanych miejscach. Przydadz\u0105 si\u0119 podczas majsterkowania,. Sprawdz\u0105 si\u0119 w u\u017cytku profesjonalnym przy produkcj\u0119 maszyn i urz\u0105dze\u0144 lub wznoszenie z\u0142o\u017conych budowli.<\/li>\n<\/ul>\n<\/section><\/div>\n<\/section>\n<section class=\"section\">\n<div class=\"item item-12\">\n<section class=\"image-item\">\n            <img decoding=\"async\" src=\"https:\/\/upload.cdn.baselinker.com\/products\/14476\/23c6d063f1fecfa33419978751fadc04.jpg\" \/><br \/>\n        <\/section>\n<\/p><\/div>\n<\/section>\n<section class=\"section\">\n<div class=\"item item-12\">\n<section class=\"text-item\">\n<p><b>\u2705 Ca\u0142o\u015b\u0107 umieszczono w wygodnym opakowaniu typu &#8222;sortownik&#8221;. <\/b><\/p>\n<ul>\n<li>Szczelnie zamykane pude\u0142ko zapobiega gubieniu si\u0119 poszczeg\u00f3lnych element\u00f3w zestawu.<\/li>\n<li>Ponadto u\u0142atwia utrzymanie porz\u0105dku w warsztacie oraz pozwala na swobodne przenoszenie ca\u0142ego kompletu.<\/li>\n<\/ul>\n<p><b>\u2705 Zawarto\u015b\u0107 zestawu: <\/b><\/p>\n<ul>\n<li>M4 x 35 sztuk<\/li>\n<li>M5 x 35 sztuk<\/li>\n<li>M6 x 25 sztuk<\/li>\n<li>M8 x 25 sztuk<\/li>\n<li>M10 x 16 sztuk<\/li>\n<li>M15 x 10 sztuk<\/li>\n<\/ul>\n<\/section><\/div>\n<\/section>\n","protected":false},"excerpt":{"rendered":"<p>ZESTAW NAKR\u0118TKI METRYCZNE Z ZABEZPIECZENIEM 146 szt. Informacje og\u00f3lne: Rodzaj: nakr\u0119tki z zabezpieczeniem Rodzaj gwintu: metryczne Ilo\u015b\u0107 sztuk: 146 sztuk Materia\u0142: stal ocynkowana Komplet zawiera: M4 x 35 sztuk M5 x 35 sztuk M6 x 25 sztuk M8 x 25 sztuk M10 x 16 sztuk M15 x 10 sztuk \u2705 Praktyczna i funkcjonalna nakr\u0119tka, kt\u00f3ra<br \/><a class=\"more-link\" href=\"https:\/\/bobimarket.pl\/index.php\/produkt\/zestaw-nakretki-metryczne-szesciokatne-146-szt\/\"><br \/>\n        Czytaj wi\u0119cej<span class=\"screen-reader-text\"> &#8222;ZESTAW NAKR\u0118TKI METRYCZNE SZE\u015aCIOK\u0104TNE 146 szt.&#8221;<\/span><\/a><\/p>\n","protected":false},"featured_media":92031,"template":"","meta":[],"product_cat":[8289],"product_tag":[],"yoast_head":"<!-- This site is optimized with the Yoast SEO plugin v21.0 - https:\/\/yoast.com\/wordpress\/plugins\/seo\/ -->\n<title>ZESTAW NAKR\u0118TKI METRYCZNE SZE\u015aCIOK\u0104TNE 146 szt. - BOBIMARKET.pl - Remontuj i urz\u0105dzaj z nami<\/title>\n<meta name=\"robots\" content=\"index, follow, max-snippet:-1, max-image-preview:large, max-video-preview:-1\" \/>\n<link rel=\"canonical\" href=\"https:\/\/bobimarket.pl\/index.php\/produkt\/zestaw-nakretki-metryczne-szesciokatne-146-szt\/\" \/>\n<meta property=\"og:locale\" content=\"pl_PL\" \/>\n<meta property=\"og:type\" content=\"article\" \/>\n<meta property=\"og:title\" content=\"ZESTAW NAKR\u0118TKI METRYCZNE SZE\u015aCIOK\u0104TNE 146 szt. - BOBIMARKET.pl - Remontuj i urz\u0105dzaj z nami\" \/>\n<meta property=\"og:description\" content=\"ZESTAW NAKR\u0118TKI METRYCZNE Z ZABEZPIECZENIEM 146 szt. Informacje og\u00f3lne: Rodzaj: nakr\u0119tki z zabezpieczeniem Rodzaj gwintu: metryczne Ilo\u015b\u0107 sztuk: 146 sztuk Materia\u0142: stal ocynkowana Komplet zawiera: M4 x 35 sztuk M5 x 35 sztuk M6 x 25 sztuk M8 x 25 sztuk M10 x 16 sztuk M15 x 10 sztuk \u2705 Praktyczna i funkcjonalna nakr\u0119tka, kt\u00f3ra     Czytaj wi\u0119cej &quot;ZESTAW NAKR\u0118TKI METRYCZNE SZE\u015aCIOK\u0104TNE 146 szt.&quot;\" \/>\n<meta property=\"og:url\" content=\"https:\/\/bobimarket.pl\/index.php\/produkt\/zestaw-nakretki-metryczne-szesciokatne-146-szt\/\" \/>\n<meta property=\"og:site_name\" content=\"BOBIMARKET.pl - Remontuj i urz\u0105dzaj z nami\" \/>\n<meta property=\"article:modified_time\" content=\"2025-02-27T15:48:01+00:00\" \/>\n<meta property=\"og:image\" content=\"https:\/\/upload.cdn.baselinker.com\/products\/14476\/ca5c220d5ca8cd983e734dac4f03cdf3.jpg\" \/>\n<meta name=\"twitter:card\" content=\"summary_large_image\" \/>\n<meta name=\"twitter:label1\" content=\"Szacowany czas czytania\" \/>\n\t<meta name=\"twitter:data1\" content=\"1 minuta\" \/>\n<script type=\"application\/ld+json\" class=\"yoast-schema-graph\">{\"@context\":\"https:\/\/schema.org\",\"@graph\":[{\"@type\":\"WebPage\",\"@id\":\"https:\/\/bobimarket.pl\/index.php\/produkt\/zestaw-nakretki-metryczne-szesciokatne-146-szt\/\",\"url\":\"https:\/\/bobimarket.pl\/index.php\/produkt\/zestaw-nakretki-metryczne-szesciokatne-146-szt\/\",\"name\":\"ZESTAW NAKR\u0118TKI METRYCZNE SZE\u015aCIOK\u0104TNE 146 szt. - BOBIMARKET.pl - Remontuj i urz\u0105dzaj z nami\",\"isPartOf\":{\"@id\":\"https:\/\/bobimarket.pl\/#website\"},\"datePublished\":\"2023-08-30T06:15:55+00:00\",\"dateModified\":\"2025-02-27T15:48:01+00:00\",\"breadcrumb\":{\"@id\":\"https:\/\/bobimarket.pl\/index.php\/produkt\/zestaw-nakretki-metryczne-szesciokatne-146-szt\/#breadcrumb\"},\"inLanguage\":\"pl-PL\",\"potentialAction\":[{\"@type\":\"ReadAction\",\"target\":[\"https:\/\/bobimarket.pl\/index.php\/produkt\/zestaw-nakretki-metryczne-szesciokatne-146-szt\/\"]}]},{\"@type\":\"BreadcrumbList\",\"@id\":\"https:\/\/bobimarket.pl\/index.php\/produkt\/zestaw-nakretki-metryczne-szesciokatne-146-szt\/#breadcrumb\",\"itemListElement\":[{\"@type\":\"ListItem\",\"position\":1,\"name\":\"Strona g\u0142\u00f3wna\",\"item\":\"https:\/\/bobimarket.pl\/\"},{\"@type\":\"ListItem\",\"position\":2,\"name\":\"Sklep\",\"item\":\"https:\/\/bobimarket.pl\/index.php\/shop\/\"},{\"@type\":\"ListItem\",\"position\":3,\"name\":\"ZESTAW NAKR\u0118TKI METRYCZNE SZE\u015aCIOK\u0104TNE 146 szt.\"}]},{\"@type\":\"WebSite\",\"@id\":\"https:\/\/bobimarket.pl\/#website\",\"url\":\"https:\/\/bobimarket.pl\/\",\"name\":\"BOBIMARKET.pl - Remontuj i urz\u0105dzaj z nami\",\"description\":\"Remontuj i urz\u0105dzaj z nami\",\"publisher\":{\"@id\":\"https:\/\/bobimarket.pl\/#organization\"},\"potentialAction\":[{\"@type\":\"SearchAction\",\"target\":{\"@type\":\"EntryPoint\",\"urlTemplate\":\"https:\/\/bobimarket.pl\/?s={search_term_string}\"},\"query-input\":\"required name=search_term_string\"}],\"inLanguage\":\"pl-PL\"},{\"@type\":\"Organization\",\"@id\":\"https:\/\/bobimarket.pl\/#organization\",\"name\":\"BOBIMARKET.pl\",\"url\":\"https:\/\/bobimarket.pl\/\",\"logo\":{\"@type\":\"ImageObject\",\"inLanguage\":\"pl-PL\",\"@id\":\"https:\/\/bobimarket.pl\/#\/schema\/logo\/image\/\",\"url\":\"https:\/\/bobimarket.pl\/wp-content\/uploads\/2021\/11\/slogan.png\",\"contentUrl\":\"https:\/\/bobimarket.pl\/wp-content\/uploads\/2021\/11\/slogan.png\",\"width\":2000,\"height\":384,\"caption\":\"BOBIMARKET.pl\"},\"image\":{\"@id\":\"https:\/\/bobimarket.pl\/#\/schema\/logo\/image\/\"}}]}<\/script>\n<!-- \/ Yoast SEO plugin. -->","yoast_head_json":{"title":"ZESTAW NAKR\u0118TKI METRYCZNE SZE\u015aCIOK\u0104TNE 146 szt. - BOBIMARKET.pl - Remontuj i urz\u0105dzaj z nami","robots":{"index":"index","follow":"follow","max-snippet":"max-snippet:-1","max-image-preview":"max-image-preview:large","max-video-preview":"max-video-preview:-1"},"canonical":"https:\/\/bobimarket.pl\/index.php\/produkt\/zestaw-nakretki-metryczne-szesciokatne-146-szt\/","og_locale":"pl_PL","og_type":"article","og_title":"ZESTAW NAKR\u0118TKI METRYCZNE SZE\u015aCIOK\u0104TNE 146 szt. - BOBIMARKET.pl - Remontuj i urz\u0105dzaj z nami","og_description":"ZESTAW NAKR\u0118TKI METRYCZNE Z ZABEZPIECZENIEM 146 szt. Informacje og\u00f3lne: Rodzaj: nakr\u0119tki z zabezpieczeniem Rodzaj gwintu: metryczne Ilo\u015b\u0107 sztuk: 146 sztuk Materia\u0142: stal ocynkowana Komplet zawiera: M4 x 35 sztuk M5 x 35 sztuk M6 x 25 sztuk M8 x 25 sztuk M10 x 16 sztuk M15 x 10 sztuk \u2705 Praktyczna i funkcjonalna nakr\u0119tka, kt\u00f3ra     Czytaj wi\u0119cej \"ZESTAW NAKR\u0118TKI METRYCZNE SZE\u015aCIOK\u0104TNE 146 szt.\"","og_url":"https:\/\/bobimarket.pl\/index.php\/produkt\/zestaw-nakretki-metryczne-szesciokatne-146-szt\/","og_site_name":"BOBIMARKET.pl - Remontuj i urz\u0105dzaj z nami","article_modified_time":"2025-02-27T15:48:01+00:00","og_image":[{"url":"https:\/\/upload.cdn.baselinker.com\/products\/14476\/ca5c220d5ca8cd983e734dac4f03cdf3.jpg"}],"twitter_card":"summary_large_image","twitter_misc":{"Szacowany czas czytania":"1 minuta"},"schema":{"@context":"https:\/\/schema.org","@graph":[{"@type":"WebPage","@id":"https:\/\/bobimarket.pl\/index.php\/produkt\/zestaw-nakretki-metryczne-szesciokatne-146-szt\/","url":"https:\/\/bobimarket.pl\/index.php\/produkt\/zestaw-nakretki-metryczne-szesciokatne-146-szt\/","name":"ZESTAW NAKR\u0118TKI METRYCZNE SZE\u015aCIOK\u0104TNE 146 szt. - BOBIMARKET.pl - Remontuj i urz\u0105dzaj z nami","isPartOf":{"@id":"https:\/\/bobimarket.pl\/#website"},"datePublished":"2023-08-30T06:15:55+00:00","dateModified":"2025-02-27T15:48:01+00:00","breadcrumb":{"@id":"https:\/\/bobimarket.pl\/index.php\/produkt\/zestaw-nakretki-metryczne-szesciokatne-146-szt\/#breadcrumb"},"inLanguage":"pl-PL","potentialAction":[{"@type":"ReadAction","target":["https:\/\/bobimarket.pl\/index.php\/produkt\/zestaw-nakretki-metryczne-szesciokatne-146-szt\/"]}]},{"@type":"BreadcrumbList","@id":"https:\/\/bobimarket.pl\/index.php\/produkt\/zestaw-nakretki-metryczne-szesciokatne-146-szt\/#breadcrumb","itemListElement":[{"@type":"ListItem","position":1,"name":"Strona g\u0142\u00f3wna","item":"https:\/\/bobimarket.pl\/"},{"@type":"ListItem","position":2,"name":"Sklep","item":"https:\/\/bobimarket.pl\/index.php\/shop\/"},{"@type":"ListItem","position":3,"name":"ZESTAW NAKR\u0118TKI METRYCZNE SZE\u015aCIOK\u0104TNE 146 szt."}]},{"@type":"WebSite","@id":"https:\/\/bobimarket.pl\/#website","url":"https:\/\/bobimarket.pl\/","name":"BOBIMARKET.pl - Remontuj i urz\u0105dzaj z nami","description":"Remontuj i urz\u0105dzaj z nami","publisher":{"@id":"https:\/\/bobimarket.pl\/#organization"},"potentialAction":[{"@type":"SearchAction","target":{"@type":"EntryPoint","urlTemplate":"https:\/\/bobimarket.pl\/?s={search_term_string}"},"query-input":"required name=search_term_string"}],"inLanguage":"pl-PL"},{"@type":"Organization","@id":"https:\/\/bobimarket.pl\/#organization","name":"BOBIMARKET.pl","url":"https:\/\/bobimarket.pl\/","logo":{"@type":"ImageObject","inLanguage":"pl-PL","@id":"https:\/\/bobimarket.pl\/#\/schema\/logo\/image\/","url":"https:\/\/bobimarket.pl\/wp-content\/uploads\/2021\/11\/slogan.png","contentUrl":"https:\/\/bobimarket.pl\/wp-content\/uploads\/2021\/11\/slogan.png","width":2000,"height":384,"caption":"BOBIMARKET.pl"},"image":{"@id":"https:\/\/bobimarket.pl\/#\/schema\/logo\/image\/"}}]}},"_links":{"self":[{"href":"https:\/\/bobimarket.pl\/index.php\/wp-json\/wp\/v2\/product\/92035"}],"collection":[{"href":"https:\/\/bobimarket.pl\/index.php\/wp-json\/wp\/v2\/product"}],"about":[{"href":"https:\/\/bobimarket.pl\/index.php\/wp-json\/wp\/v2\/types\/product"}],"wp:featuredmedia":[{"embeddable":true,"href":"https:\/\/bobimarket.pl\/index.php\/wp-json\/wp\/v2\/media\/92031"}],"wp:attachment":[{"href":"https:\/\/bobimarket.pl\/index.php\/wp-json\/wp\/v2\/media?parent=92035"}],"wp:term":[{"taxonomy":"product_cat","embeddable":true,"href":"https:\/\/bobimarket.pl\/index.php\/wp-json\/wp\/v2\/product_cat?post=92035"},{"taxonomy":"product_tag","embeddable":true,"href":"https:\/\/bobimarket.pl\/index.php\/wp-json\/wp\/v2\/product_tag?post=92035"}],"curies":[{"name":"wp","href":"https:\/\/api.w.org\/{rel}","templated":true}]}}