{"id":92061,"date":"2023-08-30T06:17:43","date_gmt":"2023-08-30T06:17:43","guid":{"rendered":"https:\/\/bobimarket.pl\/index.php\/produkt\/wiertlo-do-betonu-wkretarki-hex-quick-change-4mm\/"},"modified":"2025-02-27T15:48:25","modified_gmt":"2025-02-27T15:48:25","slug":"wiertlo-do-betonu-wkretarki-hex-quick-change-4mm","status":"publish","type":"product","link":"https:\/\/bobimarket.pl\/index.php\/produkt\/wiertlo-do-betonu-wkretarki-hex-quick-change-4mm\/","title":{"rendered":"WIERT\u0141O DO BETONU WKR\u0118TARKI HEX QUICK CHANGE 4mm"},"content":{"rendered":"<section class=\"section\">\n<div class=\"item item-12\">\n<section class=\"text-item\">\n<h2>WIERT\u0141O DO BETONU WKR\u0118TARKI HEX QUICK CHANGE 4mm<\/h2>\n<p><b>Dane techniczne:\u00a0\u00a0<\/b><\/p>\n<ul>\n<li>\u015arednica wiert\u0142a: <b>4 mm<\/b><\/li>\n<li>D\u0142ugo\u015b\u0107 ca\u0142kowita:<b> 75 mm<\/b><\/li>\n<li><b>D\u0142ugo\u015b\u0107 robocza: 28 mm <\/b><\/li>\n<li>Typ mocowania:<b> HEX 1\/4&#8221; (6,3mm)<\/b><\/li>\n<li>Do wiercenia udarowego<\/li>\n<\/ul>\n<\/section><\/div>\n<\/section>\n<section class=\"section\">\n<div class=\"item item-12\">\n<section class=\"image-item\">\n            <img decoding=\"async\" src=\"https:\/\/upload.cdn.baselinker.com\/products\/14476\/89a1b7df2bd42f293b2cab0b5a2e1777.jpg\" \/><br \/>\n        <\/section>\n<\/p><\/div>\n<\/section>\n<section class=\"section\">\n<div class=\"item item-12\">\n<section class=\"text-item\">\n<h2>Niezast\u0105piony element ka\u017cdej skrzynki narz\u0119dziowej!<\/h2>\n<p>Wiert\u0142o do betonu wyposa\u017cone w <b>uchwyt HEX, <\/b>kt\u00f3ry zapobiega obracaniu w uchwycie wiertarskim. Wiert\u0142o b\u0119dzie pasowa\u0142o do wi\u0119kszo\u015bci dost\u0119pnych na rynku wiertarek. Przeznaczone jest do obr\u00f3bki betonu i innych podobnych materia\u0142\u00f3w.<\/p>\n<ul>\n<li>Ko\u0144c\u00f3wka wiert\u0142a wykonana z w\u0119glika spiekanego, charakteryzuje si\u0119 <b>wysok\u0105 wydajno\u015bci\u0105.<\/b><\/li>\n<li>Odpowiednia <b>geometria spirali<\/b> powoduje szybsze odprowadzanie urobku.<\/li>\n<li>Wiert\u0142o wykonane z jednego elementu (<b>monobloc<\/b>), dzi\u0119ki temu uzyskujemy wi\u0119ksz\u0105 \u017cywotno\u015b\u0107.<\/li>\n<li>Szybka wymiana wiert\u0142a, dzi\u0119ki ko\u0144c\u00f3wce<b> QUICK CHANGE.<\/b><\/li>\n<\/ul>\n<\/section><\/div>\n<\/section>\n<section class=\"section\">\n<div class=\"item item-12\">\n<section class=\"image-item\">\n            <img decoding=\"async\" src=\"https:\/\/upload.cdn.baselinker.com\/products\/14476\/5cfefd015c3b983107b79de97af5434c.jpg\" \/><br \/>\n        <\/section>\n<\/p><\/div>\n<\/section>\n<section class=\"section\">\n<div class=\"item item-12\">\n<section class=\"text-item\">\n<p><b>\u2705\u00a0Zastosowanie:\u00a0<\/b><\/p>\n<p>Wiert\u0142o przeznaczone jest do obr\u00f3bki betonu i innych podobnych materia\u0142\u00f3w tj.\u00a0<\/p>\n<ul>\n<li>ceg\u0142a,<\/li>\n<li>elementy ceramicznych<\/li>\n<li>gazobeton.\u00a0<\/li>\n<\/ul>\n<\/section><\/div>\n<\/section>\n","protected":false},"excerpt":{"rendered":"<p>WIERT\u0141O DO BETONU WKR\u0118TARKI HEX QUICK CHANGE 4mm Dane techniczne:\u00a0\u00a0 \u015arednica wiert\u0142a: 4 mm D\u0142ugo\u015b\u0107 ca\u0142kowita: 75 mm D\u0142ugo\u015b\u0107 robocza: 28 mm Typ mocowania: HEX 1\/4&#8221; (6,3mm) Do wiercenia udarowego Niezast\u0105piony element ka\u017cdej skrzynki narz\u0119dziowej! Wiert\u0142o do betonu wyposa\u017cone w uchwyt HEX, kt\u00f3ry zapobiega obracaniu w uchwycie wiertarskim. Wiert\u0142o b\u0119dzie pasowa\u0142o do wi\u0119kszo\u015bci dost\u0119pnych na<br \/><a class=\"more-link\" href=\"https:\/\/bobimarket.pl\/index.php\/produkt\/wiertlo-do-betonu-wkretarki-hex-quick-change-4mm\/\"><br \/>\n        Czytaj wi\u0119cej<span class=\"screen-reader-text\"> &#8222;WIERT\u0141O DO BETONU WKR\u0118TARKI HEX QUICK CHANGE 4mm&#8221;<\/span><\/a><\/p>\n","protected":false},"featured_media":92058,"template":"","meta":[],"product_cat":[8108],"product_tag":[],"yoast_head":"<!-- This site is optimized with the Yoast SEO plugin v21.0 - https:\/\/yoast.com\/wordpress\/plugins\/seo\/ -->\n<title>WIERT\u0141O DO BETONU WKR\u0118TARKI HEX QUICK CHANGE 4mm - BOBIMARKET.pl - Remontuj i urz\u0105dzaj z nami<\/title>\n<meta name=\"robots\" content=\"index, follow, max-snippet:-1, max-image-preview:large, max-video-preview:-1\" \/>\n<link rel=\"canonical\" href=\"https:\/\/bobimarket.pl\/index.php\/produkt\/wiertlo-do-betonu-wkretarki-hex-quick-change-4mm\/\" \/>\n<meta property=\"og:locale\" content=\"pl_PL\" \/>\n<meta property=\"og:type\" content=\"article\" \/>\n<meta property=\"og:title\" content=\"WIERT\u0141O DO BETONU WKR\u0118TARKI HEX QUICK CHANGE 4mm - BOBIMARKET.pl - Remontuj i urz\u0105dzaj z nami\" \/>\n<meta property=\"og:description\" content=\"WIERT\u0141O DO BETONU WKR\u0118TARKI HEX QUICK CHANGE 4mm Dane techniczne:\u00a0\u00a0 \u015arednica wiert\u0142a: 4 mm D\u0142ugo\u015b\u0107 ca\u0142kowita: 75 mm D\u0142ugo\u015b\u0107 robocza: 28 mm Typ mocowania: HEX 1\/4&#8221; (6,3mm) Do wiercenia udarowego Niezast\u0105piony element ka\u017cdej skrzynki narz\u0119dziowej! Wiert\u0142o do betonu wyposa\u017cone w uchwyt HEX, kt\u00f3ry zapobiega obracaniu w uchwycie wiertarskim. Wiert\u0142o b\u0119dzie pasowa\u0142o do wi\u0119kszo\u015bci dost\u0119pnych na     Czytaj wi\u0119cej &quot;WIERT\u0141O DO BETONU WKR\u0118TARKI HEX QUICK CHANGE 4mm&quot;\" \/>\n<meta property=\"og:url\" content=\"https:\/\/bobimarket.pl\/index.php\/produkt\/wiertlo-do-betonu-wkretarki-hex-quick-change-4mm\/\" \/>\n<meta property=\"og:site_name\" content=\"BOBIMARKET.pl - Remontuj i urz\u0105dzaj z nami\" \/>\n<meta property=\"article:modified_time\" content=\"2025-02-27T15:48:25+00:00\" \/>\n<meta property=\"og:image\" content=\"https:\/\/upload.cdn.baselinker.com\/products\/14476\/89a1b7df2bd42f293b2cab0b5a2e1777.jpg\" \/>\n<meta name=\"twitter:card\" content=\"summary_large_image\" \/>\n<meta name=\"twitter:label1\" content=\"Szacowany czas czytania\" \/>\n\t<meta name=\"twitter:data1\" content=\"1 minuta\" \/>\n<script type=\"application\/ld+json\" class=\"yoast-schema-graph\">{\"@context\":\"https:\/\/schema.org\",\"@graph\":[{\"@type\":\"WebPage\",\"@id\":\"https:\/\/bobimarket.pl\/index.php\/produkt\/wiertlo-do-betonu-wkretarki-hex-quick-change-4mm\/\",\"url\":\"https:\/\/bobimarket.pl\/index.php\/produkt\/wiertlo-do-betonu-wkretarki-hex-quick-change-4mm\/\",\"name\":\"WIERT\u0141O DO BETONU WKR\u0118TARKI HEX QUICK CHANGE 4mm - BOBIMARKET.pl - Remontuj i urz\u0105dzaj z nami\",\"isPartOf\":{\"@id\":\"https:\/\/bobimarket.pl\/#website\"},\"datePublished\":\"2023-08-30T06:17:43+00:00\",\"dateModified\":\"2025-02-27T15:48:25+00:00\",\"breadcrumb\":{\"@id\":\"https:\/\/bobimarket.pl\/index.php\/produkt\/wiertlo-do-betonu-wkretarki-hex-quick-change-4mm\/#breadcrumb\"},\"inLanguage\":\"pl-PL\",\"potentialAction\":[{\"@type\":\"ReadAction\",\"target\":[\"https:\/\/bobimarket.pl\/index.php\/produkt\/wiertlo-do-betonu-wkretarki-hex-quick-change-4mm\/\"]}]},{\"@type\":\"BreadcrumbList\",\"@id\":\"https:\/\/bobimarket.pl\/index.php\/produkt\/wiertlo-do-betonu-wkretarki-hex-quick-change-4mm\/#breadcrumb\",\"itemListElement\":[{\"@type\":\"ListItem\",\"position\":1,\"name\":\"Strona g\u0142\u00f3wna\",\"item\":\"https:\/\/bobimarket.pl\/\"},{\"@type\":\"ListItem\",\"position\":2,\"name\":\"Sklep\",\"item\":\"https:\/\/bobimarket.pl\/index.php\/shop\/\"},{\"@type\":\"ListItem\",\"position\":3,\"name\":\"WIERT\u0141O DO BETONU WKR\u0118TARKI HEX QUICK CHANGE 4mm\"}]},{\"@type\":\"WebSite\",\"@id\":\"https:\/\/bobimarket.pl\/#website\",\"url\":\"https:\/\/bobimarket.pl\/\",\"name\":\"BOBIMARKET.pl - Remontuj i urz\u0105dzaj z nami\",\"description\":\"Remontuj i urz\u0105dzaj z nami\",\"publisher\":{\"@id\":\"https:\/\/bobimarket.pl\/#organization\"},\"potentialAction\":[{\"@type\":\"SearchAction\",\"target\":{\"@type\":\"EntryPoint\",\"urlTemplate\":\"https:\/\/bobimarket.pl\/?s={search_term_string}\"},\"query-input\":\"required name=search_term_string\"}],\"inLanguage\":\"pl-PL\"},{\"@type\":\"Organization\",\"@id\":\"https:\/\/bobimarket.pl\/#organization\",\"name\":\"BOBIMARKET.pl\",\"url\":\"https:\/\/bobimarket.pl\/\",\"logo\":{\"@type\":\"ImageObject\",\"inLanguage\":\"pl-PL\",\"@id\":\"https:\/\/bobimarket.pl\/#\/schema\/logo\/image\/\",\"url\":\"https:\/\/bobimarket.pl\/wp-content\/uploads\/2021\/11\/slogan.png\",\"contentUrl\":\"https:\/\/bobimarket.pl\/wp-content\/uploads\/2021\/11\/slogan.png\",\"width\":2000,\"height\":384,\"caption\":\"BOBIMARKET.pl\"},\"image\":{\"@id\":\"https:\/\/bobimarket.pl\/#\/schema\/logo\/image\/\"}}]}<\/script>\n<!-- \/ Yoast SEO plugin. -->","yoast_head_json":{"title":"WIERT\u0141O DO BETONU WKR\u0118TARKI HEX QUICK CHANGE 4mm - BOBIMARKET.pl - Remontuj i urz\u0105dzaj z nami","robots":{"index":"index","follow":"follow","max-snippet":"max-snippet:-1","max-image-preview":"max-image-preview:large","max-video-preview":"max-video-preview:-1"},"canonical":"https:\/\/bobimarket.pl\/index.php\/produkt\/wiertlo-do-betonu-wkretarki-hex-quick-change-4mm\/","og_locale":"pl_PL","og_type":"article","og_title":"WIERT\u0141O DO BETONU WKR\u0118TARKI HEX QUICK CHANGE 4mm - BOBIMARKET.pl - Remontuj i urz\u0105dzaj z nami","og_description":"WIERT\u0141O DO BETONU WKR\u0118TARKI HEX QUICK CHANGE 4mm Dane techniczne:\u00a0\u00a0 \u015arednica wiert\u0142a: 4 mm D\u0142ugo\u015b\u0107 ca\u0142kowita: 75 mm D\u0142ugo\u015b\u0107 robocza: 28 mm Typ mocowania: HEX 1\/4&#8221; (6,3mm) Do wiercenia udarowego Niezast\u0105piony element ka\u017cdej skrzynki narz\u0119dziowej! Wiert\u0142o do betonu wyposa\u017cone w uchwyt HEX, kt\u00f3ry zapobiega obracaniu w uchwycie wiertarskim. Wiert\u0142o b\u0119dzie pasowa\u0142o do wi\u0119kszo\u015bci dost\u0119pnych na     Czytaj wi\u0119cej \"WIERT\u0141O DO BETONU WKR\u0118TARKI HEX QUICK CHANGE 4mm\"","og_url":"https:\/\/bobimarket.pl\/index.php\/produkt\/wiertlo-do-betonu-wkretarki-hex-quick-change-4mm\/","og_site_name":"BOBIMARKET.pl - Remontuj i urz\u0105dzaj z nami","article_modified_time":"2025-02-27T15:48:25+00:00","og_image":[{"url":"https:\/\/upload.cdn.baselinker.com\/products\/14476\/89a1b7df2bd42f293b2cab0b5a2e1777.jpg"}],"twitter_card":"summary_large_image","twitter_misc":{"Szacowany czas czytania":"1 minuta"},"schema":{"@context":"https:\/\/schema.org","@graph":[{"@type":"WebPage","@id":"https:\/\/bobimarket.pl\/index.php\/produkt\/wiertlo-do-betonu-wkretarki-hex-quick-change-4mm\/","url":"https:\/\/bobimarket.pl\/index.php\/produkt\/wiertlo-do-betonu-wkretarki-hex-quick-change-4mm\/","name":"WIERT\u0141O DO BETONU WKR\u0118TARKI HEX QUICK CHANGE 4mm - BOBIMARKET.pl - Remontuj i urz\u0105dzaj z nami","isPartOf":{"@id":"https:\/\/bobimarket.pl\/#website"},"datePublished":"2023-08-30T06:17:43+00:00","dateModified":"2025-02-27T15:48:25+00:00","breadcrumb":{"@id":"https:\/\/bobimarket.pl\/index.php\/produkt\/wiertlo-do-betonu-wkretarki-hex-quick-change-4mm\/#breadcrumb"},"inLanguage":"pl-PL","potentialAction":[{"@type":"ReadAction","target":["https:\/\/bobimarket.pl\/index.php\/produkt\/wiertlo-do-betonu-wkretarki-hex-quick-change-4mm\/"]}]},{"@type":"BreadcrumbList","@id":"https:\/\/bobimarket.pl\/index.php\/produkt\/wiertlo-do-betonu-wkretarki-hex-quick-change-4mm\/#breadcrumb","itemListElement":[{"@type":"ListItem","position":1,"name":"Strona g\u0142\u00f3wna","item":"https:\/\/bobimarket.pl\/"},{"@type":"ListItem","position":2,"name":"Sklep","item":"https:\/\/bobimarket.pl\/index.php\/shop\/"},{"@type":"ListItem","position":3,"name":"WIERT\u0141O DO BETONU WKR\u0118TARKI HEX QUICK CHANGE 4mm"}]},{"@type":"WebSite","@id":"https:\/\/bobimarket.pl\/#website","url":"https:\/\/bobimarket.pl\/","name":"BOBIMARKET.pl - Remontuj i urz\u0105dzaj z nami","description":"Remontuj i urz\u0105dzaj z nami","publisher":{"@id":"https:\/\/bobimarket.pl\/#organization"},"potentialAction":[{"@type":"SearchAction","target":{"@type":"EntryPoint","urlTemplate":"https:\/\/bobimarket.pl\/?s={search_term_string}"},"query-input":"required name=search_term_string"}],"inLanguage":"pl-PL"},{"@type":"Organization","@id":"https:\/\/bobimarket.pl\/#organization","name":"BOBIMARKET.pl","url":"https:\/\/bobimarket.pl\/","logo":{"@type":"ImageObject","inLanguage":"pl-PL","@id":"https:\/\/bobimarket.pl\/#\/schema\/logo\/image\/","url":"https:\/\/bobimarket.pl\/wp-content\/uploads\/2021\/11\/slogan.png","contentUrl":"https:\/\/bobimarket.pl\/wp-content\/uploads\/2021\/11\/slogan.png","width":2000,"height":384,"caption":"BOBIMARKET.pl"},"image":{"@id":"https:\/\/bobimarket.pl\/#\/schema\/logo\/image\/"}}]}},"_links":{"self":[{"href":"https:\/\/bobimarket.pl\/index.php\/wp-json\/wp\/v2\/product\/92061"}],"collection":[{"href":"https:\/\/bobimarket.pl\/index.php\/wp-json\/wp\/v2\/product"}],"about":[{"href":"https:\/\/bobimarket.pl\/index.php\/wp-json\/wp\/v2\/types\/product"}],"wp:featuredmedia":[{"embeddable":true,"href":"https:\/\/bobimarket.pl\/index.php\/wp-json\/wp\/v2\/media\/92058"}],"wp:attachment":[{"href":"https:\/\/bobimarket.pl\/index.php\/wp-json\/wp\/v2\/media?parent=92061"}],"wp:term":[{"taxonomy":"product_cat","embeddable":true,"href":"https:\/\/bobimarket.pl\/index.php\/wp-json\/wp\/v2\/product_cat?post=92061"},{"taxonomy":"product_tag","embeddable":true,"href":"https:\/\/bobimarket.pl\/index.php\/wp-json\/wp\/v2\/product_tag?post=92061"}],"curies":[{"name":"wp","href":"https:\/\/api.w.org\/{rel}","templated":true}]}}