{"id":92127,"date":"2023-08-30T06:20:52","date_gmt":"2023-08-30T06:20:52","guid":{"rendered":"https:\/\/bobimarket.pl\/index.php\/produkt\/wiertlo-do-wkretarki-metalu-hex-quick-change-65mm\/"},"modified":"2025-02-27T15:50:07","modified_gmt":"2025-02-27T15:50:07","slug":"wiertlo-do-wkretarki-metalu-hex-quick-change-65mm","status":"publish","type":"product","link":"https:\/\/bobimarket.pl\/index.php\/produkt\/wiertlo-do-wkretarki-metalu-hex-quick-change-65mm\/","title":{"rendered":"WIERT\u0141O DO WKR\u0118TARKI METALU HEX QUICK CHANGE 6,5mm"},"content":{"rendered":"<section class=\"section\">\n<div class=\"item item-12\">\n<section class=\"text-item\">\n<h2>WIERT\u0141O DO WKR\u0118TARKI METALU HEX QUICK CHANGE 6,5mm<\/h2>\n<p><b>Dane techniczne:\u00a0\u00a0<\/b><\/p>\n<ul>\n<li>\u015arednica wiert\u0142a:<b> 6,5 mm<\/b><\/li>\n<li>D\u0142ugo\u015b\u0107 ca\u0142kowita:<b> 121 mm<\/b><\/li>\n<li>D\u0142ugo\u015b\u0107 robocza:<b> 63 mm<\/b><\/li>\n<li>Materia\u0142: HSS ( <b>stal szybkotn\u0105ca)<\/b><\/li>\n<li>Typ mocowania: <b>HEX 1\/4&#8243;<\/b><\/li>\n<li>K\u0105t wierzcho\u0142ka: <b>118\u00b0<\/b><\/li>\n<li><b>Szlifowane<\/b><\/li>\n<\/ul>\n<\/section><\/div>\n<\/section>\n<section class=\"section\">\n<div class=\"item item-12\">\n<section class=\"image-item\">\n            <img decoding=\"async\" src=\"https:\/\/upload.cdn.baselinker.com\/products\/14476\/7150da3735132133a5b80aa90122434d.jpg\" \/><br \/>\n        <\/section>\n<\/p><\/div>\n<\/section>\n<section class=\"section\">\n<div class=\"item item-12\">\n<section class=\"text-item\">\n<p>Wiert\u0142o do metalu wykonane ze stopowej stali narz\u0119dziowej. Wyposa\u017cone w <b>uchwyt sze\u015bciok\u0105tny<\/b>, kt\u00f3ry zapobiega obracani w uchwycie wiertarskim. Wiert\u0142o b\u0119dzie pasowa\u0142o do wi\u0119kszo\u015bci dost\u0119pnych na rynku wiertarek. Przeznaczone jest do obr\u00f3bki metalu<\/p>\n<ul>\n<li>Szybka wymiana wiert\u0142a, dzi\u0119ki ko\u0144c\u00f3wce<b> QUICK CHANGE.<\/b><\/li>\n<li>K\u0105t wierzcho\u0142ka wynosi 118\u00b0.<\/li>\n<\/ul>\n<p><b>\u2705\u00a0Zastosowanie:\u00a0<\/b><\/p>\n<p>Wiert\u0142o przeznaczone do obr\u00f3bki stali stopowych i w\u0119glowych o zwi\u0119kszonej twardo\u015bci tj.\u00a0<\/p>\n<ul>\n<li>\u017celiwo ci\u0105gliwe,<\/li>\n<li>spieki \u017celaza,<\/li>\n<li>metale nie\u017celazne<\/li>\n<li>utwardzone tworzywa sztuczne.\u00a0<\/li>\n<\/ul>\n<\/section><\/div>\n<\/section>\n<section class=\"section\">\n<div class=\"item item-12\">\n<section class=\"image-item\">\n            <img decoding=\"async\" src=\"https:\/\/upload.cdn.baselinker.com\/products\/14476\/7150da3735132133a5b80aa90122434d.jpg\" \/><br \/>\n        <\/section>\n<\/p><\/div>\n<\/section>\n","protected":false},"excerpt":{"rendered":"<p>WIERT\u0141O DO WKR\u0118TARKI METALU HEX QUICK CHANGE 6,5mm Dane techniczne:\u00a0\u00a0 \u015arednica wiert\u0142a: 6,5 mm D\u0142ugo\u015b\u0107 ca\u0142kowita: 121 mm D\u0142ugo\u015b\u0107 robocza: 63 mm Materia\u0142: HSS ( stal szybkotn\u0105ca) Typ mocowania: HEX 1\/4&#8243; K\u0105t wierzcho\u0142ka: 118\u00b0 Szlifowane Wiert\u0142o do metalu wykonane ze stopowej stali narz\u0119dziowej. Wyposa\u017cone w uchwyt sze\u015bciok\u0105tny, kt\u00f3ry zapobiega obracani w uchwycie wiertarskim. Wiert\u0142o b\u0119dzie<br \/><a class=\"more-link\" href=\"https:\/\/bobimarket.pl\/index.php\/produkt\/wiertlo-do-wkretarki-metalu-hex-quick-change-65mm\/\"><br \/>\n        Czytaj wi\u0119cej<span class=\"screen-reader-text\"> &#8222;WIERT\u0141O DO WKR\u0118TARKI METALU HEX QUICK CHANGE 6,5mm&#8221;<\/span><\/a><\/p>\n","protected":false},"featured_media":92126,"template":"","meta":[],"product_cat":[8108],"product_tag":[],"yoast_head":"<!-- This site is optimized with the Yoast SEO plugin v21.0 - https:\/\/yoast.com\/wordpress\/plugins\/seo\/ -->\n<title>WIERT\u0141O DO WKR\u0118TARKI METALU HEX QUICK CHANGE 6,5mm - BOBIMARKET.pl - Remontuj i urz\u0105dzaj z nami<\/title>\n<meta name=\"robots\" content=\"index, follow, max-snippet:-1, max-image-preview:large, max-video-preview:-1\" \/>\n<link rel=\"canonical\" href=\"https:\/\/bobimarket.pl\/index.php\/produkt\/wiertlo-do-wkretarki-metalu-hex-quick-change-65mm\/\" \/>\n<meta property=\"og:locale\" content=\"pl_PL\" \/>\n<meta property=\"og:type\" content=\"article\" \/>\n<meta property=\"og:title\" content=\"WIERT\u0141O DO WKR\u0118TARKI METALU HEX QUICK CHANGE 6,5mm - BOBIMARKET.pl - Remontuj i urz\u0105dzaj z nami\" \/>\n<meta property=\"og:description\" content=\"WIERT\u0141O DO WKR\u0118TARKI METALU HEX QUICK CHANGE 6,5mm Dane techniczne:\u00a0\u00a0 \u015arednica wiert\u0142a: 6,5 mm D\u0142ugo\u015b\u0107 ca\u0142kowita: 121 mm D\u0142ugo\u015b\u0107 robocza: 63 mm Materia\u0142: HSS ( stal szybkotn\u0105ca) Typ mocowania: HEX 1\/4&#8243; K\u0105t wierzcho\u0142ka: 118\u00b0 Szlifowane Wiert\u0142o do metalu wykonane ze stopowej stali narz\u0119dziowej. Wyposa\u017cone w uchwyt sze\u015bciok\u0105tny, kt\u00f3ry zapobiega obracani w uchwycie wiertarskim. Wiert\u0142o b\u0119dzie     Czytaj wi\u0119cej &quot;WIERT\u0141O DO WKR\u0118TARKI METALU HEX QUICK CHANGE 6,5mm&quot;\" \/>\n<meta property=\"og:url\" content=\"https:\/\/bobimarket.pl\/index.php\/produkt\/wiertlo-do-wkretarki-metalu-hex-quick-change-65mm\/\" \/>\n<meta property=\"og:site_name\" content=\"BOBIMARKET.pl - Remontuj i urz\u0105dzaj z nami\" \/>\n<meta property=\"article:modified_time\" content=\"2025-02-27T15:50:07+00:00\" \/>\n<meta property=\"og:image\" content=\"https:\/\/upload.cdn.baselinker.com\/products\/14476\/7150da3735132133a5b80aa90122434d.jpg\" \/>\n<meta name=\"twitter:card\" content=\"summary_large_image\" \/>\n<meta name=\"twitter:label1\" content=\"Szacowany czas czytania\" \/>\n\t<meta name=\"twitter:data1\" content=\"1 minuta\" \/>\n<script type=\"application\/ld+json\" class=\"yoast-schema-graph\">{\"@context\":\"https:\/\/schema.org\",\"@graph\":[{\"@type\":\"WebPage\",\"@id\":\"https:\/\/bobimarket.pl\/index.php\/produkt\/wiertlo-do-wkretarki-metalu-hex-quick-change-65mm\/\",\"url\":\"https:\/\/bobimarket.pl\/index.php\/produkt\/wiertlo-do-wkretarki-metalu-hex-quick-change-65mm\/\",\"name\":\"WIERT\u0141O DO WKR\u0118TARKI METALU HEX QUICK CHANGE 6,5mm - BOBIMARKET.pl - Remontuj i urz\u0105dzaj z nami\",\"isPartOf\":{\"@id\":\"https:\/\/bobimarket.pl\/#website\"},\"datePublished\":\"2023-08-30T06:20:52+00:00\",\"dateModified\":\"2025-02-27T15:50:07+00:00\",\"breadcrumb\":{\"@id\":\"https:\/\/bobimarket.pl\/index.php\/produkt\/wiertlo-do-wkretarki-metalu-hex-quick-change-65mm\/#breadcrumb\"},\"inLanguage\":\"pl-PL\",\"potentialAction\":[{\"@type\":\"ReadAction\",\"target\":[\"https:\/\/bobimarket.pl\/index.php\/produkt\/wiertlo-do-wkretarki-metalu-hex-quick-change-65mm\/\"]}]},{\"@type\":\"BreadcrumbList\",\"@id\":\"https:\/\/bobimarket.pl\/index.php\/produkt\/wiertlo-do-wkretarki-metalu-hex-quick-change-65mm\/#breadcrumb\",\"itemListElement\":[{\"@type\":\"ListItem\",\"position\":1,\"name\":\"Strona g\u0142\u00f3wna\",\"item\":\"https:\/\/bobimarket.pl\/\"},{\"@type\":\"ListItem\",\"position\":2,\"name\":\"Sklep\",\"item\":\"https:\/\/bobimarket.pl\/index.php\/shop\/\"},{\"@type\":\"ListItem\",\"position\":3,\"name\":\"WIERT\u0141O DO WKR\u0118TARKI METALU HEX QUICK CHANGE 6,5mm\"}]},{\"@type\":\"WebSite\",\"@id\":\"https:\/\/bobimarket.pl\/#website\",\"url\":\"https:\/\/bobimarket.pl\/\",\"name\":\"BOBIMARKET.pl - Remontuj i urz\u0105dzaj z nami\",\"description\":\"Remontuj i urz\u0105dzaj z nami\",\"publisher\":{\"@id\":\"https:\/\/bobimarket.pl\/#organization\"},\"potentialAction\":[{\"@type\":\"SearchAction\",\"target\":{\"@type\":\"EntryPoint\",\"urlTemplate\":\"https:\/\/bobimarket.pl\/?s={search_term_string}\"},\"query-input\":\"required name=search_term_string\"}],\"inLanguage\":\"pl-PL\"},{\"@type\":\"Organization\",\"@id\":\"https:\/\/bobimarket.pl\/#organization\",\"name\":\"BOBIMARKET.pl\",\"url\":\"https:\/\/bobimarket.pl\/\",\"logo\":{\"@type\":\"ImageObject\",\"inLanguage\":\"pl-PL\",\"@id\":\"https:\/\/bobimarket.pl\/#\/schema\/logo\/image\/\",\"url\":\"https:\/\/bobimarket.pl\/wp-content\/uploads\/2021\/11\/slogan.png\",\"contentUrl\":\"https:\/\/bobimarket.pl\/wp-content\/uploads\/2021\/11\/slogan.png\",\"width\":2000,\"height\":384,\"caption\":\"BOBIMARKET.pl\"},\"image\":{\"@id\":\"https:\/\/bobimarket.pl\/#\/schema\/logo\/image\/\"}}]}<\/script>\n<!-- \/ Yoast SEO plugin. -->","yoast_head_json":{"title":"WIERT\u0141O DO WKR\u0118TARKI METALU HEX QUICK CHANGE 6,5mm - BOBIMARKET.pl - Remontuj i urz\u0105dzaj z nami","robots":{"index":"index","follow":"follow","max-snippet":"max-snippet:-1","max-image-preview":"max-image-preview:large","max-video-preview":"max-video-preview:-1"},"canonical":"https:\/\/bobimarket.pl\/index.php\/produkt\/wiertlo-do-wkretarki-metalu-hex-quick-change-65mm\/","og_locale":"pl_PL","og_type":"article","og_title":"WIERT\u0141O DO WKR\u0118TARKI METALU HEX QUICK CHANGE 6,5mm - BOBIMARKET.pl - Remontuj i urz\u0105dzaj z nami","og_description":"WIERT\u0141O DO WKR\u0118TARKI METALU HEX QUICK CHANGE 6,5mm Dane techniczne:\u00a0\u00a0 \u015arednica wiert\u0142a: 6,5 mm D\u0142ugo\u015b\u0107 ca\u0142kowita: 121 mm D\u0142ugo\u015b\u0107 robocza: 63 mm Materia\u0142: HSS ( stal szybkotn\u0105ca) Typ mocowania: HEX 1\/4&#8243; K\u0105t wierzcho\u0142ka: 118\u00b0 Szlifowane Wiert\u0142o do metalu wykonane ze stopowej stali narz\u0119dziowej. Wyposa\u017cone w uchwyt sze\u015bciok\u0105tny, kt\u00f3ry zapobiega obracani w uchwycie wiertarskim. Wiert\u0142o b\u0119dzie     Czytaj wi\u0119cej \"WIERT\u0141O DO WKR\u0118TARKI METALU HEX QUICK CHANGE 6,5mm\"","og_url":"https:\/\/bobimarket.pl\/index.php\/produkt\/wiertlo-do-wkretarki-metalu-hex-quick-change-65mm\/","og_site_name":"BOBIMARKET.pl - Remontuj i urz\u0105dzaj z nami","article_modified_time":"2025-02-27T15:50:07+00:00","og_image":[{"url":"https:\/\/upload.cdn.baselinker.com\/products\/14476\/7150da3735132133a5b80aa90122434d.jpg"}],"twitter_card":"summary_large_image","twitter_misc":{"Szacowany czas czytania":"1 minuta"},"schema":{"@context":"https:\/\/schema.org","@graph":[{"@type":"WebPage","@id":"https:\/\/bobimarket.pl\/index.php\/produkt\/wiertlo-do-wkretarki-metalu-hex-quick-change-65mm\/","url":"https:\/\/bobimarket.pl\/index.php\/produkt\/wiertlo-do-wkretarki-metalu-hex-quick-change-65mm\/","name":"WIERT\u0141O DO WKR\u0118TARKI METALU HEX QUICK CHANGE 6,5mm - BOBIMARKET.pl - Remontuj i urz\u0105dzaj z nami","isPartOf":{"@id":"https:\/\/bobimarket.pl\/#website"},"datePublished":"2023-08-30T06:20:52+00:00","dateModified":"2025-02-27T15:50:07+00:00","breadcrumb":{"@id":"https:\/\/bobimarket.pl\/index.php\/produkt\/wiertlo-do-wkretarki-metalu-hex-quick-change-65mm\/#breadcrumb"},"inLanguage":"pl-PL","potentialAction":[{"@type":"ReadAction","target":["https:\/\/bobimarket.pl\/index.php\/produkt\/wiertlo-do-wkretarki-metalu-hex-quick-change-65mm\/"]}]},{"@type":"BreadcrumbList","@id":"https:\/\/bobimarket.pl\/index.php\/produkt\/wiertlo-do-wkretarki-metalu-hex-quick-change-65mm\/#breadcrumb","itemListElement":[{"@type":"ListItem","position":1,"name":"Strona g\u0142\u00f3wna","item":"https:\/\/bobimarket.pl\/"},{"@type":"ListItem","position":2,"name":"Sklep","item":"https:\/\/bobimarket.pl\/index.php\/shop\/"},{"@type":"ListItem","position":3,"name":"WIERT\u0141O DO WKR\u0118TARKI METALU HEX QUICK CHANGE 6,5mm"}]},{"@type":"WebSite","@id":"https:\/\/bobimarket.pl\/#website","url":"https:\/\/bobimarket.pl\/","name":"BOBIMARKET.pl - Remontuj i urz\u0105dzaj z nami","description":"Remontuj i urz\u0105dzaj z nami","publisher":{"@id":"https:\/\/bobimarket.pl\/#organization"},"potentialAction":[{"@type":"SearchAction","target":{"@type":"EntryPoint","urlTemplate":"https:\/\/bobimarket.pl\/?s={search_term_string}"},"query-input":"required name=search_term_string"}],"inLanguage":"pl-PL"},{"@type":"Organization","@id":"https:\/\/bobimarket.pl\/#organization","name":"BOBIMARKET.pl","url":"https:\/\/bobimarket.pl\/","logo":{"@type":"ImageObject","inLanguage":"pl-PL","@id":"https:\/\/bobimarket.pl\/#\/schema\/logo\/image\/","url":"https:\/\/bobimarket.pl\/wp-content\/uploads\/2021\/11\/slogan.png","contentUrl":"https:\/\/bobimarket.pl\/wp-content\/uploads\/2021\/11\/slogan.png","width":2000,"height":384,"caption":"BOBIMARKET.pl"},"image":{"@id":"https:\/\/bobimarket.pl\/#\/schema\/logo\/image\/"}}]}},"_links":{"self":[{"href":"https:\/\/bobimarket.pl\/index.php\/wp-json\/wp\/v2\/product\/92127"}],"collection":[{"href":"https:\/\/bobimarket.pl\/index.php\/wp-json\/wp\/v2\/product"}],"about":[{"href":"https:\/\/bobimarket.pl\/index.php\/wp-json\/wp\/v2\/types\/product"}],"wp:featuredmedia":[{"embeddable":true,"href":"https:\/\/bobimarket.pl\/index.php\/wp-json\/wp\/v2\/media\/92126"}],"wp:attachment":[{"href":"https:\/\/bobimarket.pl\/index.php\/wp-json\/wp\/v2\/media?parent=92127"}],"wp:term":[{"taxonomy":"product_cat","embeddable":true,"href":"https:\/\/bobimarket.pl\/index.php\/wp-json\/wp\/v2\/product_cat?post=92127"},{"taxonomy":"product_tag","embeddable":true,"href":"https:\/\/bobimarket.pl\/index.php\/wp-json\/wp\/v2\/product_tag?post=92127"}],"curies":[{"name":"wp","href":"https:\/\/api.w.org\/{rel}","templated":true}]}}