{"id":92363,"date":"2023-08-30T06:34:07","date_gmt":"2023-08-30T06:34:07","guid":{"rendered":"https:\/\/bobimarket.pl\/index.php\/produkt\/klin-do-drewna-rozlupujac-do-rozlupywania-2kg-2\/"},"modified":"2025-02-27T15:53:35","modified_gmt":"2025-02-27T15:53:35","slug":"klin-do-drewna-rozlupujac-do-rozlupywania-2kg-2","status":"publish","type":"product","link":"https:\/\/bobimarket.pl\/index.php\/produkt\/klin-do-drewna-rozlupujac-do-rozlupywania-2kg-2\/","title":{"rendered":"KLIN DO DREWNA ROZ\u0141UPUJ\u0104C DO ROZ\u0141UPYWANIA 2kg"},"content":{"rendered":"<section class=\"section\">\n<div class=\"item item-12\">\n<section class=\"text-item\">\n<h2>KLIN DO DREWNA ROZ\u0141UPUJ\u0104C DO ROZ\u0141UPYWANIA 2kg\u00a0<\/h2>\n<p><b>Dane techniczne:<\/b><\/p>\n<ul>\n<li>Rodzaj:<b>\u00a0 do roz\u0142upywania, skr\u0119tny\u00a0<\/b><\/li>\n<li>Materia\u0142:<b> stal\u00a0<\/b><\/li>\n<li>Ostrze: <b>stali hartowana<\/b><\/li>\n<li><b>Wymiary: 20,5 cm x 7 cm x 6 cm\u00a0<\/b><\/li>\n<li>Waga:<b> 2 kg<\/b><\/li>\n<\/ul>\n<\/section><\/div>\n<\/section>\n<section class=\"section\">\n<div class=\"item item-12\">\n<section class=\"image-item\">\n            <img decoding=\"async\" src=\"https:\/\/upload.cdn.baselinker.com\/products\/14476\/5b67a00265a5daa08061d3c014175dbc.jpg\" \/><br \/>\n        <\/section>\n<\/p><\/div>\n<\/section>\n<section class=\"section\">\n<div class=\"item item-12\">\n<section class=\"text-item\">\n<h2>Niewielki, ale przydatny element!<\/h2>\n<p>Skr\u0119tny klin roz\u0142upuj\u0105cy o wadze 2 kg.\u00a0Niezb\u0119dny w gospodarstwach domowych do przygotowywania drewna na opa\u0142.\u00a0\u00a0Klin zosta\u0142 <b>wykonany ze stali<\/b>, a jego ostrze jest dodatkowo hartowane. Pozwala na szybsze i efektywniejsze rozszczepianie drewna.<\/p>\n<ul>\n<li><b>Powierzchnia z dodatkowymi wy\u017c\u0142obieniami<\/b> zapobiegaj\u0105cymi cofaniu klina przy wbijaniu.<\/li>\n<li><b>Skr\u0119cona budowa<\/b> pozwala na \u0142atwiejsze, szybsze roz\u0142upywanie twardszych gatunk\u00f3w drewna.<\/li>\n<li><b>Por\u0119czny<\/b> i\u00a0\u0142atwy do zamocowania w szczelinie<\/li>\n<\/ul>\n<p><b>\u2705\u00a0<\/b><b>Zastosowanie:<\/b> Do efektywnego roz\u0142upywania k\u0142\u00f3d, pie\u0144k\u00f3w drewnianych.\u00a0<\/p>\n<\/section><\/div>\n<\/section>\n<section class=\"section\">\n<div class=\"item item-12\">\n<section class=\"image-item\">\n            <img decoding=\"async\" src=\"https:\/\/upload.cdn.baselinker.com\/products\/14476\/89f10cc5dd4a9d35ce4c30345a5c3063.jpg\" \/><br \/>\n        <\/section>\n<\/p><\/div>\n<\/section>\n","protected":false},"excerpt":{"rendered":"<p>KLIN DO DREWNA ROZ\u0141UPUJ\u0104C DO ROZ\u0141UPYWANIA 2kg\u00a0 Dane techniczne: Rodzaj:\u00a0 do roz\u0142upywania, skr\u0119tny\u00a0 Materia\u0142: stal\u00a0 Ostrze: stali hartowana Wymiary: 20,5 cm x 7 cm x 6 cm\u00a0 Waga: 2 kg Niewielki, ale przydatny element! Skr\u0119tny klin roz\u0142upuj\u0105cy o wadze 2 kg.\u00a0Niezb\u0119dny w gospodarstwach domowych do przygotowywania drewna na opa\u0142.\u00a0\u00a0Klin zosta\u0142 wykonany ze stali, a jego<br \/><a class=\"more-link\" href=\"https:\/\/bobimarket.pl\/index.php\/produkt\/klin-do-drewna-rozlupujac-do-rozlupywania-2kg-2\/\"><br \/>\n        Czytaj wi\u0119cej<span class=\"screen-reader-text\"> &#8222;KLIN DO DREWNA ROZ\u0141UPUJ\u0104C DO ROZ\u0141UPYWANIA 2kg&#8221;<\/span><\/a><\/p>\n","protected":false},"featured_media":92361,"template":"","meta":[],"product_cat":[8211],"product_tag":[],"yoast_head":"<!-- This site is optimized with the Yoast SEO plugin v21.0 - https:\/\/yoast.com\/wordpress\/plugins\/seo\/ -->\n<title>KLIN DO DREWNA ROZ\u0141UPUJ\u0104C DO ROZ\u0141UPYWANIA 2kg - BOBIMARKET.pl - Remontuj i urz\u0105dzaj z nami<\/title>\n<meta name=\"robots\" content=\"index, follow, max-snippet:-1, max-image-preview:large, max-video-preview:-1\" \/>\n<link rel=\"canonical\" href=\"https:\/\/bobimarket.pl\/index.php\/produkt\/klin-do-drewna-rozlupujac-do-rozlupywania-2kg-2\/\" \/>\n<meta property=\"og:locale\" content=\"pl_PL\" \/>\n<meta property=\"og:type\" content=\"article\" \/>\n<meta property=\"og:title\" content=\"KLIN DO DREWNA ROZ\u0141UPUJ\u0104C DO ROZ\u0141UPYWANIA 2kg - BOBIMARKET.pl - Remontuj i urz\u0105dzaj z nami\" \/>\n<meta property=\"og:description\" content=\"KLIN DO DREWNA ROZ\u0141UPUJ\u0104C DO ROZ\u0141UPYWANIA 2kg\u00a0 Dane techniczne: Rodzaj:\u00a0 do roz\u0142upywania, skr\u0119tny\u00a0 Materia\u0142: stal\u00a0 Ostrze: stali hartowana Wymiary: 20,5 cm x 7 cm x 6 cm\u00a0 Waga: 2 kg Niewielki, ale przydatny element! Skr\u0119tny klin roz\u0142upuj\u0105cy o wadze 2 kg.\u00a0Niezb\u0119dny w gospodarstwach domowych do przygotowywania drewna na opa\u0142.\u00a0\u00a0Klin zosta\u0142 wykonany ze stali, a jego     Czytaj wi\u0119cej &quot;KLIN DO DREWNA ROZ\u0141UPUJ\u0104C DO ROZ\u0141UPYWANIA 2kg&quot;\" \/>\n<meta property=\"og:url\" content=\"https:\/\/bobimarket.pl\/index.php\/produkt\/klin-do-drewna-rozlupujac-do-rozlupywania-2kg-2\/\" \/>\n<meta property=\"og:site_name\" content=\"BOBIMARKET.pl - Remontuj i urz\u0105dzaj z nami\" \/>\n<meta property=\"article:modified_time\" content=\"2025-02-27T15:53:35+00:00\" \/>\n<meta property=\"og:image\" content=\"https:\/\/upload.cdn.baselinker.com\/products\/14476\/5b67a00265a5daa08061d3c014175dbc.jpg\" \/>\n<meta name=\"twitter:card\" content=\"summary_large_image\" \/>\n<meta name=\"twitter:label1\" content=\"Szacowany czas czytania\" \/>\n\t<meta name=\"twitter:data1\" content=\"1 minuta\" \/>\n<script type=\"application\/ld+json\" class=\"yoast-schema-graph\">{\"@context\":\"https:\/\/schema.org\",\"@graph\":[{\"@type\":\"WebPage\",\"@id\":\"https:\/\/bobimarket.pl\/index.php\/produkt\/klin-do-drewna-rozlupujac-do-rozlupywania-2kg-2\/\",\"url\":\"https:\/\/bobimarket.pl\/index.php\/produkt\/klin-do-drewna-rozlupujac-do-rozlupywania-2kg-2\/\",\"name\":\"KLIN DO DREWNA ROZ\u0141UPUJ\u0104C DO ROZ\u0141UPYWANIA 2kg - BOBIMARKET.pl - Remontuj i urz\u0105dzaj z nami\",\"isPartOf\":{\"@id\":\"https:\/\/bobimarket.pl\/#website\"},\"datePublished\":\"2023-08-30T06:34:07+00:00\",\"dateModified\":\"2025-02-27T15:53:35+00:00\",\"breadcrumb\":{\"@id\":\"https:\/\/bobimarket.pl\/index.php\/produkt\/klin-do-drewna-rozlupujac-do-rozlupywania-2kg-2\/#breadcrumb\"},\"inLanguage\":\"pl-PL\",\"potentialAction\":[{\"@type\":\"ReadAction\",\"target\":[\"https:\/\/bobimarket.pl\/index.php\/produkt\/klin-do-drewna-rozlupujac-do-rozlupywania-2kg-2\/\"]}]},{\"@type\":\"BreadcrumbList\",\"@id\":\"https:\/\/bobimarket.pl\/index.php\/produkt\/klin-do-drewna-rozlupujac-do-rozlupywania-2kg-2\/#breadcrumb\",\"itemListElement\":[{\"@type\":\"ListItem\",\"position\":1,\"name\":\"Strona g\u0142\u00f3wna\",\"item\":\"https:\/\/bobimarket.pl\/\"},{\"@type\":\"ListItem\",\"position\":2,\"name\":\"Sklep\",\"item\":\"https:\/\/bobimarket.pl\/index.php\/shop\/\"},{\"@type\":\"ListItem\",\"position\":3,\"name\":\"KLIN DO DREWNA ROZ\u0141UPUJ\u0104C DO ROZ\u0141UPYWANIA 2kg\"}]},{\"@type\":\"WebSite\",\"@id\":\"https:\/\/bobimarket.pl\/#website\",\"url\":\"https:\/\/bobimarket.pl\/\",\"name\":\"BOBIMARKET.pl - Remontuj i urz\u0105dzaj z nami\",\"description\":\"Remontuj i urz\u0105dzaj z nami\",\"publisher\":{\"@id\":\"https:\/\/bobimarket.pl\/#organization\"},\"potentialAction\":[{\"@type\":\"SearchAction\",\"target\":{\"@type\":\"EntryPoint\",\"urlTemplate\":\"https:\/\/bobimarket.pl\/?s={search_term_string}\"},\"query-input\":\"required name=search_term_string\"}],\"inLanguage\":\"pl-PL\"},{\"@type\":\"Organization\",\"@id\":\"https:\/\/bobimarket.pl\/#organization\",\"name\":\"BOBIMARKET.pl\",\"url\":\"https:\/\/bobimarket.pl\/\",\"logo\":{\"@type\":\"ImageObject\",\"inLanguage\":\"pl-PL\",\"@id\":\"https:\/\/bobimarket.pl\/#\/schema\/logo\/image\/\",\"url\":\"https:\/\/bobimarket.pl\/wp-content\/uploads\/2021\/11\/slogan.png\",\"contentUrl\":\"https:\/\/bobimarket.pl\/wp-content\/uploads\/2021\/11\/slogan.png\",\"width\":2000,\"height\":384,\"caption\":\"BOBIMARKET.pl\"},\"image\":{\"@id\":\"https:\/\/bobimarket.pl\/#\/schema\/logo\/image\/\"}}]}<\/script>\n<!-- \/ Yoast SEO plugin. -->","yoast_head_json":{"title":"KLIN DO DREWNA ROZ\u0141UPUJ\u0104C DO ROZ\u0141UPYWANIA 2kg - BOBIMARKET.pl - Remontuj i urz\u0105dzaj z nami","robots":{"index":"index","follow":"follow","max-snippet":"max-snippet:-1","max-image-preview":"max-image-preview:large","max-video-preview":"max-video-preview:-1"},"canonical":"https:\/\/bobimarket.pl\/index.php\/produkt\/klin-do-drewna-rozlupujac-do-rozlupywania-2kg-2\/","og_locale":"pl_PL","og_type":"article","og_title":"KLIN DO DREWNA ROZ\u0141UPUJ\u0104C DO ROZ\u0141UPYWANIA 2kg - BOBIMARKET.pl - Remontuj i urz\u0105dzaj z nami","og_description":"KLIN DO DREWNA ROZ\u0141UPUJ\u0104C DO ROZ\u0141UPYWANIA 2kg\u00a0 Dane techniczne: Rodzaj:\u00a0 do roz\u0142upywania, skr\u0119tny\u00a0 Materia\u0142: stal\u00a0 Ostrze: stali hartowana Wymiary: 20,5 cm x 7 cm x 6 cm\u00a0 Waga: 2 kg Niewielki, ale przydatny element! Skr\u0119tny klin roz\u0142upuj\u0105cy o wadze 2 kg.\u00a0Niezb\u0119dny w gospodarstwach domowych do przygotowywania drewna na opa\u0142.\u00a0\u00a0Klin zosta\u0142 wykonany ze stali, a jego     Czytaj wi\u0119cej \"KLIN DO DREWNA ROZ\u0141UPUJ\u0104C DO ROZ\u0141UPYWANIA 2kg\"","og_url":"https:\/\/bobimarket.pl\/index.php\/produkt\/klin-do-drewna-rozlupujac-do-rozlupywania-2kg-2\/","og_site_name":"BOBIMARKET.pl - Remontuj i urz\u0105dzaj z nami","article_modified_time":"2025-02-27T15:53:35+00:00","og_image":[{"url":"https:\/\/upload.cdn.baselinker.com\/products\/14476\/5b67a00265a5daa08061d3c014175dbc.jpg"}],"twitter_card":"summary_large_image","twitter_misc":{"Szacowany czas czytania":"1 minuta"},"schema":{"@context":"https:\/\/schema.org","@graph":[{"@type":"WebPage","@id":"https:\/\/bobimarket.pl\/index.php\/produkt\/klin-do-drewna-rozlupujac-do-rozlupywania-2kg-2\/","url":"https:\/\/bobimarket.pl\/index.php\/produkt\/klin-do-drewna-rozlupujac-do-rozlupywania-2kg-2\/","name":"KLIN DO DREWNA ROZ\u0141UPUJ\u0104C DO ROZ\u0141UPYWANIA 2kg - BOBIMARKET.pl - Remontuj i urz\u0105dzaj z nami","isPartOf":{"@id":"https:\/\/bobimarket.pl\/#website"},"datePublished":"2023-08-30T06:34:07+00:00","dateModified":"2025-02-27T15:53:35+00:00","breadcrumb":{"@id":"https:\/\/bobimarket.pl\/index.php\/produkt\/klin-do-drewna-rozlupujac-do-rozlupywania-2kg-2\/#breadcrumb"},"inLanguage":"pl-PL","potentialAction":[{"@type":"ReadAction","target":["https:\/\/bobimarket.pl\/index.php\/produkt\/klin-do-drewna-rozlupujac-do-rozlupywania-2kg-2\/"]}]},{"@type":"BreadcrumbList","@id":"https:\/\/bobimarket.pl\/index.php\/produkt\/klin-do-drewna-rozlupujac-do-rozlupywania-2kg-2\/#breadcrumb","itemListElement":[{"@type":"ListItem","position":1,"name":"Strona g\u0142\u00f3wna","item":"https:\/\/bobimarket.pl\/"},{"@type":"ListItem","position":2,"name":"Sklep","item":"https:\/\/bobimarket.pl\/index.php\/shop\/"},{"@type":"ListItem","position":3,"name":"KLIN DO DREWNA ROZ\u0141UPUJ\u0104C DO ROZ\u0141UPYWANIA 2kg"}]},{"@type":"WebSite","@id":"https:\/\/bobimarket.pl\/#website","url":"https:\/\/bobimarket.pl\/","name":"BOBIMARKET.pl - Remontuj i urz\u0105dzaj z nami","description":"Remontuj i urz\u0105dzaj z nami","publisher":{"@id":"https:\/\/bobimarket.pl\/#organization"},"potentialAction":[{"@type":"SearchAction","target":{"@type":"EntryPoint","urlTemplate":"https:\/\/bobimarket.pl\/?s={search_term_string}"},"query-input":"required name=search_term_string"}],"inLanguage":"pl-PL"},{"@type":"Organization","@id":"https:\/\/bobimarket.pl\/#organization","name":"BOBIMARKET.pl","url":"https:\/\/bobimarket.pl\/","logo":{"@type":"ImageObject","inLanguage":"pl-PL","@id":"https:\/\/bobimarket.pl\/#\/schema\/logo\/image\/","url":"https:\/\/bobimarket.pl\/wp-content\/uploads\/2021\/11\/slogan.png","contentUrl":"https:\/\/bobimarket.pl\/wp-content\/uploads\/2021\/11\/slogan.png","width":2000,"height":384,"caption":"BOBIMARKET.pl"},"image":{"@id":"https:\/\/bobimarket.pl\/#\/schema\/logo\/image\/"}}]}},"_links":{"self":[{"href":"https:\/\/bobimarket.pl\/index.php\/wp-json\/wp\/v2\/product\/92363"}],"collection":[{"href":"https:\/\/bobimarket.pl\/index.php\/wp-json\/wp\/v2\/product"}],"about":[{"href":"https:\/\/bobimarket.pl\/index.php\/wp-json\/wp\/v2\/types\/product"}],"wp:featuredmedia":[{"embeddable":true,"href":"https:\/\/bobimarket.pl\/index.php\/wp-json\/wp\/v2\/media\/92361"}],"wp:attachment":[{"href":"https:\/\/bobimarket.pl\/index.php\/wp-json\/wp\/v2\/media?parent=92363"}],"wp:term":[{"taxonomy":"product_cat","embeddable":true,"href":"https:\/\/bobimarket.pl\/index.php\/wp-json\/wp\/v2\/product_cat?post=92363"},{"taxonomy":"product_tag","embeddable":true,"href":"https:\/\/bobimarket.pl\/index.php\/wp-json\/wp\/v2\/product_tag?post=92363"}],"curies":[{"name":"wp","href":"https:\/\/api.w.org\/{rel}","templated":true}]}}