{"id":92391,"date":"2023-08-30T06:35:32","date_gmt":"2023-08-30T06:35:32","guid":{"rendered":"https:\/\/bobimarket.pl\/index.php\/produkt\/kamizelka-odblaskowa-dla-dzieci-ostrzegawcza\/"},"modified":"2025-02-27T15:54:06","modified_gmt":"2025-02-27T15:54:06","slug":"kamizelka-odblaskowa-dla-dzieci-ostrzegawcza","status":"publish","type":"product","link":"https:\/\/bobimarket.pl\/index.php\/produkt\/kamizelka-odblaskowa-dla-dzieci-ostrzegawcza\/","title":{"rendered":"KAMIZELKA ODBLASKOWA DLA DZIECI OSTRZEGAWCZA"},"content":{"rendered":"<section class=\"section\">\n<div class=\"item item-12\">\n<section class=\"text-item\">\n<h2>KAMIZELKA ODBLASKOWA DLA DZIECI OSTRZEGAWCZA<\/h2>\n<p><b>Informacje og\u00f3lne:<\/b><\/p>\n<ul>\n<li>Rodzaj: <b>kamizelka ostrzegawcza\u00a0<\/b><\/li>\n<li>Rozmiar: 40 x 48cm<\/li>\n<li>Kolor: \u017c\u00f3lta\u00a0<\/li>\n<li>Dwa pasy odblaskowe\u00a0<\/li>\n<li>CE, EN1150<\/li>\n<\/ul>\n<\/section><\/div>\n<\/section>\n<section class=\"section\">\n<div class=\"item item-12\">\n<section class=\"image-item\">\n            <img decoding=\"async\" src=\"https:\/\/upload.cdn.baselinker.com\/products\/14476\/bc0cba7775c56002f621cada0753674b.jpg\" \/><br \/>\n        <\/section>\n<\/p><\/div>\n<\/section>\n<section class=\"section\">\n<div class=\"item item-12\">\n<section class=\"text-item\">\n<h2>Zadbaj o bezpiecze\u0144stwo\u00a0dziecka!<\/h2>\n<p>Klasyczna kamizelka z odblaskowymi pasami. Kamizelka jest wk\u0142adana przez g\u0142ow\u0119, a po bokach ma rozci\u0105gliwe ta\u015bmy, kt\u00f3re u\u0142atwiaj\u0105 jej dopasowanie. Dwa poziomy pas\u00f3w odblaskowych, z przodu i z ty\u0142u torsu zapewniaj\u0105 skuteczno\u015b\u0107 &#8211; noszenie kamizelki, przede wszystkim po zmroku znacznie podnosi bezpiecze\u0144stwo na drodze.<\/p>\n<ul>\n<li>Odblaskowa kamizelka pozwala zachowa\u0107 bezpiecze\u0144stwo na drodze. Sprawia, \u017ce dziecko jest widoczne na drodze.<\/li>\n<li>\u0141atwo si\u0119 zak\u0142ada i nie kr\u0119puje ruch\u00f3w. Nie b\u0119dzie si\u0119 rozpina\u0107.\u00a0<\/li>\n<li>Zajmuje ma\u0142o miejsca &#8211; dziecko mo\u017ce mie\u0107 j\u0105 zawsze przy sobie w plecaku i zak\u0142ada\u0107, gdy jest potrzebna.\u00a0<\/li>\n<\/ul>\n<h2>PAMI\u0118TAJ!\u00a0<\/h2>\n<p>Kamizelka odblaskowa znacznie poprawia bezpiecze\u0144stwo. Pieszy jest\u00a0widoczny ju\u017c z 130\u2013150m, dzi\u0119ki czemu kierowca ma <b>5 razy wi\u0119cej czasu na reakcj\u0119.<\/b><\/p>\n<\/section><\/div>\n<\/section>\n<section class=\"section\">\n<div class=\"item item-12\">\n<section class=\"image-item\">\n            <img decoding=\"async\" src=\"https:\/\/upload.cdn.baselinker.com\/products\/14476\/bc0cba7775c56002f621cada0753674b.jpg\" \/><br \/>\n        <\/section>\n<\/p><\/div>\n<\/section>\n","protected":false},"excerpt":{"rendered":"<p>KAMIZELKA ODBLASKOWA DLA DZIECI OSTRZEGAWCZA Informacje og\u00f3lne: Rodzaj: kamizelka ostrzegawcza\u00a0 Rozmiar: 40 x 48cm Kolor: \u017c\u00f3lta\u00a0 Dwa pasy odblaskowe\u00a0 CE, EN1150 Zadbaj o bezpiecze\u0144stwo\u00a0dziecka! Klasyczna kamizelka z odblaskowymi pasami. Kamizelka jest wk\u0142adana przez g\u0142ow\u0119, a po bokach ma rozci\u0105gliwe ta\u015bmy, kt\u00f3re u\u0142atwiaj\u0105 jej dopasowanie. Dwa poziomy pas\u00f3w odblaskowych, z przodu i z ty\u0142u torsu zapewniaj\u0105<br \/><a class=\"more-link\" href=\"https:\/\/bobimarket.pl\/index.php\/produkt\/kamizelka-odblaskowa-dla-dzieci-ostrzegawcza\/\"><br \/>\n        Czytaj wi\u0119cej<span class=\"screen-reader-text\"> &#8222;KAMIZELKA ODBLASKOWA DLA DZIECI OSTRZEGAWCZA&#8221;<\/span><\/a><\/p>\n","protected":false},"featured_media":92390,"template":"","meta":[],"product_cat":[8372],"product_tag":[],"yoast_head":"<!-- This site is optimized with the Yoast SEO plugin v21.0 - https:\/\/yoast.com\/wordpress\/plugins\/seo\/ -->\n<title>KAMIZELKA ODBLASKOWA DLA DZIECI OSTRZEGAWCZA - BOBIMARKET.pl - Remontuj i urz\u0105dzaj z nami<\/title>\n<meta name=\"robots\" content=\"index, follow, max-snippet:-1, max-image-preview:large, max-video-preview:-1\" \/>\n<link rel=\"canonical\" href=\"https:\/\/bobimarket.pl\/index.php\/produkt\/kamizelka-odblaskowa-dla-dzieci-ostrzegawcza\/\" \/>\n<meta property=\"og:locale\" content=\"pl_PL\" \/>\n<meta property=\"og:type\" content=\"article\" \/>\n<meta property=\"og:title\" content=\"KAMIZELKA ODBLASKOWA DLA DZIECI OSTRZEGAWCZA - BOBIMARKET.pl - Remontuj i urz\u0105dzaj z nami\" \/>\n<meta property=\"og:description\" content=\"KAMIZELKA ODBLASKOWA DLA DZIECI OSTRZEGAWCZA Informacje og\u00f3lne: Rodzaj: kamizelka ostrzegawcza\u00a0 Rozmiar: 40 x 48cm Kolor: \u017c\u00f3lta\u00a0 Dwa pasy odblaskowe\u00a0 CE, EN1150 Zadbaj o bezpiecze\u0144stwo\u00a0dziecka! Klasyczna kamizelka z odblaskowymi pasami. Kamizelka jest wk\u0142adana przez g\u0142ow\u0119, a po bokach ma rozci\u0105gliwe ta\u015bmy, kt\u00f3re u\u0142atwiaj\u0105 jej dopasowanie. Dwa poziomy pas\u00f3w odblaskowych, z przodu i z ty\u0142u torsu zapewniaj\u0105     Czytaj wi\u0119cej &quot;KAMIZELKA ODBLASKOWA DLA DZIECI OSTRZEGAWCZA&quot;\" \/>\n<meta property=\"og:url\" content=\"https:\/\/bobimarket.pl\/index.php\/produkt\/kamizelka-odblaskowa-dla-dzieci-ostrzegawcza\/\" \/>\n<meta property=\"og:site_name\" content=\"BOBIMARKET.pl - Remontuj i urz\u0105dzaj z nami\" \/>\n<meta property=\"article:modified_time\" content=\"2025-02-27T15:54:06+00:00\" \/>\n<meta property=\"og:image\" content=\"https:\/\/upload.cdn.baselinker.com\/products\/14476\/bc0cba7775c56002f621cada0753674b.jpg\" \/>\n<meta name=\"twitter:card\" content=\"summary_large_image\" \/>\n<meta name=\"twitter:label1\" content=\"Szacowany czas czytania\" \/>\n\t<meta name=\"twitter:data1\" content=\"1 minuta\" \/>\n<script type=\"application\/ld+json\" class=\"yoast-schema-graph\">{\"@context\":\"https:\/\/schema.org\",\"@graph\":[{\"@type\":\"WebPage\",\"@id\":\"https:\/\/bobimarket.pl\/index.php\/produkt\/kamizelka-odblaskowa-dla-dzieci-ostrzegawcza\/\",\"url\":\"https:\/\/bobimarket.pl\/index.php\/produkt\/kamizelka-odblaskowa-dla-dzieci-ostrzegawcza\/\",\"name\":\"KAMIZELKA ODBLASKOWA DLA DZIECI OSTRZEGAWCZA - BOBIMARKET.pl - Remontuj i urz\u0105dzaj z nami\",\"isPartOf\":{\"@id\":\"https:\/\/bobimarket.pl\/#website\"},\"datePublished\":\"2023-08-30T06:35:32+00:00\",\"dateModified\":\"2025-02-27T15:54:06+00:00\",\"breadcrumb\":{\"@id\":\"https:\/\/bobimarket.pl\/index.php\/produkt\/kamizelka-odblaskowa-dla-dzieci-ostrzegawcza\/#breadcrumb\"},\"inLanguage\":\"pl-PL\",\"potentialAction\":[{\"@type\":\"ReadAction\",\"target\":[\"https:\/\/bobimarket.pl\/index.php\/produkt\/kamizelka-odblaskowa-dla-dzieci-ostrzegawcza\/\"]}]},{\"@type\":\"BreadcrumbList\",\"@id\":\"https:\/\/bobimarket.pl\/index.php\/produkt\/kamizelka-odblaskowa-dla-dzieci-ostrzegawcza\/#breadcrumb\",\"itemListElement\":[{\"@type\":\"ListItem\",\"position\":1,\"name\":\"Strona g\u0142\u00f3wna\",\"item\":\"https:\/\/bobimarket.pl\/\"},{\"@type\":\"ListItem\",\"position\":2,\"name\":\"Sklep\",\"item\":\"https:\/\/bobimarket.pl\/index.php\/shop\/\"},{\"@type\":\"ListItem\",\"position\":3,\"name\":\"KAMIZELKA ODBLASKOWA DLA DZIECI OSTRZEGAWCZA\"}]},{\"@type\":\"WebSite\",\"@id\":\"https:\/\/bobimarket.pl\/#website\",\"url\":\"https:\/\/bobimarket.pl\/\",\"name\":\"BOBIMARKET.pl - Remontuj i urz\u0105dzaj z nami\",\"description\":\"Remontuj i urz\u0105dzaj z nami\",\"publisher\":{\"@id\":\"https:\/\/bobimarket.pl\/#organization\"},\"potentialAction\":[{\"@type\":\"SearchAction\",\"target\":{\"@type\":\"EntryPoint\",\"urlTemplate\":\"https:\/\/bobimarket.pl\/?s={search_term_string}\"},\"query-input\":\"required name=search_term_string\"}],\"inLanguage\":\"pl-PL\"},{\"@type\":\"Organization\",\"@id\":\"https:\/\/bobimarket.pl\/#organization\",\"name\":\"BOBIMARKET.pl\",\"url\":\"https:\/\/bobimarket.pl\/\",\"logo\":{\"@type\":\"ImageObject\",\"inLanguage\":\"pl-PL\",\"@id\":\"https:\/\/bobimarket.pl\/#\/schema\/logo\/image\/\",\"url\":\"https:\/\/bobimarket.pl\/wp-content\/uploads\/2021\/11\/slogan.png\",\"contentUrl\":\"https:\/\/bobimarket.pl\/wp-content\/uploads\/2021\/11\/slogan.png\",\"width\":2000,\"height\":384,\"caption\":\"BOBIMARKET.pl\"},\"image\":{\"@id\":\"https:\/\/bobimarket.pl\/#\/schema\/logo\/image\/\"}}]}<\/script>\n<!-- \/ Yoast SEO plugin. -->","yoast_head_json":{"title":"KAMIZELKA ODBLASKOWA DLA DZIECI OSTRZEGAWCZA - BOBIMARKET.pl - Remontuj i urz\u0105dzaj z nami","robots":{"index":"index","follow":"follow","max-snippet":"max-snippet:-1","max-image-preview":"max-image-preview:large","max-video-preview":"max-video-preview:-1"},"canonical":"https:\/\/bobimarket.pl\/index.php\/produkt\/kamizelka-odblaskowa-dla-dzieci-ostrzegawcza\/","og_locale":"pl_PL","og_type":"article","og_title":"KAMIZELKA ODBLASKOWA DLA DZIECI OSTRZEGAWCZA - BOBIMARKET.pl - Remontuj i urz\u0105dzaj z nami","og_description":"KAMIZELKA ODBLASKOWA DLA DZIECI OSTRZEGAWCZA Informacje og\u00f3lne: Rodzaj: kamizelka ostrzegawcza\u00a0 Rozmiar: 40 x 48cm Kolor: \u017c\u00f3lta\u00a0 Dwa pasy odblaskowe\u00a0 CE, EN1150 Zadbaj o bezpiecze\u0144stwo\u00a0dziecka! Klasyczna kamizelka z odblaskowymi pasami. Kamizelka jest wk\u0142adana przez g\u0142ow\u0119, a po bokach ma rozci\u0105gliwe ta\u015bmy, kt\u00f3re u\u0142atwiaj\u0105 jej dopasowanie. Dwa poziomy pas\u00f3w odblaskowych, z przodu i z ty\u0142u torsu zapewniaj\u0105     Czytaj wi\u0119cej \"KAMIZELKA ODBLASKOWA DLA DZIECI OSTRZEGAWCZA\"","og_url":"https:\/\/bobimarket.pl\/index.php\/produkt\/kamizelka-odblaskowa-dla-dzieci-ostrzegawcza\/","og_site_name":"BOBIMARKET.pl - Remontuj i urz\u0105dzaj z nami","article_modified_time":"2025-02-27T15:54:06+00:00","og_image":[{"url":"https:\/\/upload.cdn.baselinker.com\/products\/14476\/bc0cba7775c56002f621cada0753674b.jpg"}],"twitter_card":"summary_large_image","twitter_misc":{"Szacowany czas czytania":"1 minuta"},"schema":{"@context":"https:\/\/schema.org","@graph":[{"@type":"WebPage","@id":"https:\/\/bobimarket.pl\/index.php\/produkt\/kamizelka-odblaskowa-dla-dzieci-ostrzegawcza\/","url":"https:\/\/bobimarket.pl\/index.php\/produkt\/kamizelka-odblaskowa-dla-dzieci-ostrzegawcza\/","name":"KAMIZELKA ODBLASKOWA DLA DZIECI OSTRZEGAWCZA - BOBIMARKET.pl - Remontuj i urz\u0105dzaj z nami","isPartOf":{"@id":"https:\/\/bobimarket.pl\/#website"},"datePublished":"2023-08-30T06:35:32+00:00","dateModified":"2025-02-27T15:54:06+00:00","breadcrumb":{"@id":"https:\/\/bobimarket.pl\/index.php\/produkt\/kamizelka-odblaskowa-dla-dzieci-ostrzegawcza\/#breadcrumb"},"inLanguage":"pl-PL","potentialAction":[{"@type":"ReadAction","target":["https:\/\/bobimarket.pl\/index.php\/produkt\/kamizelka-odblaskowa-dla-dzieci-ostrzegawcza\/"]}]},{"@type":"BreadcrumbList","@id":"https:\/\/bobimarket.pl\/index.php\/produkt\/kamizelka-odblaskowa-dla-dzieci-ostrzegawcza\/#breadcrumb","itemListElement":[{"@type":"ListItem","position":1,"name":"Strona g\u0142\u00f3wna","item":"https:\/\/bobimarket.pl\/"},{"@type":"ListItem","position":2,"name":"Sklep","item":"https:\/\/bobimarket.pl\/index.php\/shop\/"},{"@type":"ListItem","position":3,"name":"KAMIZELKA ODBLASKOWA DLA DZIECI OSTRZEGAWCZA"}]},{"@type":"WebSite","@id":"https:\/\/bobimarket.pl\/#website","url":"https:\/\/bobimarket.pl\/","name":"BOBIMARKET.pl - Remontuj i urz\u0105dzaj z nami","description":"Remontuj i urz\u0105dzaj z nami","publisher":{"@id":"https:\/\/bobimarket.pl\/#organization"},"potentialAction":[{"@type":"SearchAction","target":{"@type":"EntryPoint","urlTemplate":"https:\/\/bobimarket.pl\/?s={search_term_string}"},"query-input":"required name=search_term_string"}],"inLanguage":"pl-PL"},{"@type":"Organization","@id":"https:\/\/bobimarket.pl\/#organization","name":"BOBIMARKET.pl","url":"https:\/\/bobimarket.pl\/","logo":{"@type":"ImageObject","inLanguage":"pl-PL","@id":"https:\/\/bobimarket.pl\/#\/schema\/logo\/image\/","url":"https:\/\/bobimarket.pl\/wp-content\/uploads\/2021\/11\/slogan.png","contentUrl":"https:\/\/bobimarket.pl\/wp-content\/uploads\/2021\/11\/slogan.png","width":2000,"height":384,"caption":"BOBIMARKET.pl"},"image":{"@id":"https:\/\/bobimarket.pl\/#\/schema\/logo\/image\/"}}]}},"_links":{"self":[{"href":"https:\/\/bobimarket.pl\/index.php\/wp-json\/wp\/v2\/product\/92391"}],"collection":[{"href":"https:\/\/bobimarket.pl\/index.php\/wp-json\/wp\/v2\/product"}],"about":[{"href":"https:\/\/bobimarket.pl\/index.php\/wp-json\/wp\/v2\/types\/product"}],"wp:featuredmedia":[{"embeddable":true,"href":"https:\/\/bobimarket.pl\/index.php\/wp-json\/wp\/v2\/media\/92390"}],"wp:attachment":[{"href":"https:\/\/bobimarket.pl\/index.php\/wp-json\/wp\/v2\/media?parent=92391"}],"wp:term":[{"taxonomy":"product_cat","embeddable":true,"href":"https:\/\/bobimarket.pl\/index.php\/wp-json\/wp\/v2\/product_cat?post=92391"},{"taxonomy":"product_tag","embeddable":true,"href":"https:\/\/bobimarket.pl\/index.php\/wp-json\/wp\/v2\/product_tag?post=92391"}],"curies":[{"name":"wp","href":"https:\/\/api.w.org\/{rel}","templated":true}]}}