{"id":92430,"date":"2023-08-30T06:37:50","date_gmt":"2023-08-30T06:37:50","guid":{"rendered":"https:\/\/bobimarket.pl\/index.php\/produkt\/zawias-meblowy-nakladany-gtv-komplet-na-1-front\/"},"modified":"2025-02-27T15:54:58","modified_gmt":"2025-02-27T15:54:58","slug":"zawias-meblowy-nakladany-gtv-komplet-na-1-front","status":"publish","type":"product","link":"https:\/\/bobimarket.pl\/index.php\/produkt\/zawias-meblowy-nakladany-gtv-komplet-na-1-front\/","title":{"rendered":"ZAWIAS MEBLOWY NAK\u0141ADANY GTV KOMPLET NA 1 FRONT"},"content":{"rendered":"<section class=\"section\">\n<div class=\"item item-12\">\n<section class=\"text-item\">\n<h2>ZAWIAS NAK\u0141ADANY GTV PRESTIGE HYDRAULICZNY 110\u00b0 FI 35MM + PROWADNIK H-0 CLIP-ON ZESTAW NA 1 FRONT<\/h2>\n<p><b>Infomacje og\u00f3lne:<\/b><\/p>\n<ul>\n<li>Typ zawiasu:<b> nak\u0142adany<\/b><\/li>\n<li>K\u0105t otwarcia: <b>100\u00b0<\/b><\/li>\n<li>\u015arednica otworu puszki:<b> 35 mm<\/b><\/li>\n<li>Rozstaw \u015brub puszki: <b>45 mm<\/b><\/li>\n<li>G\u0142\u0119boko\u015b\u0107 otworu na puszk\u0119: <b>11,8 MM<\/b><\/li>\n<li>Prowadnik<b> &#8211; H0<\/b><\/li>\n<li>Materia\u0142 wykonania<b> &#8211; Stal <\/b><\/li>\n<li>System CLIP-ON<\/li>\n<li>Monta\u017c na wkr\u0119ty do drewna<\/li>\n<\/ul>\n<p><b>Komplet sk\u0142ada si\u0119 z 5 element\u00f3w:<\/b><\/p>\n<ol>\n<li>Zawias nak\u0142adany prosty<\/li>\n<li>Prowadnik H=0<\/li>\n<li>Za\u015blepka puszki<\/li>\n<li>Za\u015blepka ramienia<\/li>\n<li>6 x wkr\u0119ty do drewna<\/li>\n<\/ol>\n<\/section><\/div>\n<\/section>\n<section class=\"section\">\n<div class=\"item item-12\">\n<section class=\"image-item\">\n            <img decoding=\"async\" src=\"https:\/\/upload.cdn.baselinker.com\/products\/14476\/d3454eedf2398421a07c77d34db96be4.jpg\"><br \/>\n        <\/section>\n<\/p><\/div>\n<\/section>\n<section class=\"section\">\n<div class=\"item item-12\">\n<section class=\"text-item\">\n<h2>W ZESTAWIE TANIEJ!!!<\/h2>\n<p>Wysokiej jako\u015bci zawias puszkowy wyposa\u017cony w <b>hydrauliczny system <\/b>spowalniania front\u00f3w meblowych (<b>samodomyk<\/b>)- zapobiega to trzaskaniu front\u00f3w. Dzi\u0119ki systemowi <b>CLIP-ON <\/b>w \u0142atwy spos\u00f3b mo\u017cna sci\u0105gn\u0105\u0107 front bez odkr\u0119cania zawiasu.<\/p>\n<ul>\n<li>Oferowany zestaw pozwala na zamontowanie jednego frontu.<\/li>\n<\/ul>\n<h2>JEST TO ORYGINALNY PRODUKT FIRMY GTV!!!<\/h2>\n<p>( W ZALE\u017bNO\u015aCI OD DOSTAWY ZA\u015aLEPKA NA STOPK\u0118 POSIADA NAPIS PRESTIGE B\u0104D\u0179 GTV!!! )<\/p>\n<\/p>\n<\/section><\/div>\n<\/section>\n<section class=\"section\">\n<div class=\"item item-12\">\n<section class=\"image-item\">\n            <img decoding=\"async\" src=\"https:\/\/upload.cdn.baselinker.com\/products\/14476\/8227ec004e4d859312d44f54b9ea7a82.jpg\"><br \/>\n        <\/section>\n<\/p><\/div>\n<\/section>\n<section class=\"section\">\n<div class=\"item item-12\">\n<section class=\"text-item\">\n<p><b>W SK\u0141AD KUPOWANEGO PRODUKTU WCHODZI:<\/b><\/p>\n<ul>\n<li>Zawias nak\u0142adany &#8211; <b>2 sztuki <\/b><\/li>\n<li>Prowadnik H-0 CLIP-ON &#8211;<b>2 sztuki <\/b><\/li>\n<li>Za\u015blepke na puszk\u0119 &#8211;<b>2 sztuki <\/b><\/li>\n<li>Za\u015blepka na stopk\u0119 &#8211;<b>2 sztuki<\/b><\/li>\n<li><b>Komplet wkr\u0119t\u00f3w do monta\u017cu <\/b><\/li>\n<\/ul>\n<\/section><\/div>\n<\/section>\n<section class=\"section\">\n<div class=\"item item-12\">\n<section class=\"image-item\">\n            <img decoding=\"async\" src=\"https:\/\/upload.cdn.baselinker.com\/products\/14476\/9ba3ac35410902c549be6913d7dc2718.jpg\"><br \/>\n        <\/section>\n<\/p><\/div>\n<\/section>\n<section class=\"section\">\n<div class=\"item item-12\">\n<section class=\"text-item\">\n<p>Zawiasy marki <b>GTV<\/b>\u00a0 to jeden z najch\u0119tniej wybieranych produkt\u00f3w tego typu na rynku. Produkty te charakteryzuje si\u0119 wysok\u0105 <b>jako\u015bci\u0105<\/b> !!\u00a0 Wykonany z wysokiej jako\u015bci stali. W dodatku dzi\u0119ki zastosowanej za\u015blepce na puszk\u0119 oraz stopk\u0119 ,zawiasy <b>GTV<\/b> odznaczaj\u0105 si\u0119 ponadprzeci\u0119tna elegancj\u0105.<\/p>\n<p>\u00a0<\/p>\n<\/section><\/div>\n<\/section>\n","protected":false},"excerpt":{"rendered":"<p>ZAWIAS NAK\u0141ADANY GTV PRESTIGE HYDRAULICZNY 110\u00b0 FI 35MM + PROWADNIK H-0 CLIP-ON ZESTAW NA 1 FRONT Infomacje og\u00f3lne: Typ zawiasu: nak\u0142adany K\u0105t otwarcia: 100\u00b0 \u015arednica otworu puszki: 35 mm Rozstaw \u015brub puszki: 45 mm G\u0142\u0119boko\u015b\u0107 otworu na puszk\u0119: 11,8 MM Prowadnik &#8211; H0 Materia\u0142 wykonania &#8211; Stal System CLIP-ON Monta\u017c na wkr\u0119ty do drewna Komplet<br \/><a class=\"more-link\" href=\"https:\/\/bobimarket.pl\/index.php\/produkt\/zawias-meblowy-nakladany-gtv-komplet-na-1-front\/\"><br \/>\n        Czytaj wi\u0119cej<span class=\"screen-reader-text\"> &#8222;ZAWIAS MEBLOWY NAK\u0141ADANY GTV KOMPLET NA 1 FRONT&#8221;<\/span><\/a><\/p>\n","protected":false},"featured_media":92426,"template":"","meta":[],"product_cat":[8156],"product_tag":[],"yoast_head":"<!-- This site is optimized with the Yoast SEO plugin v21.0 - https:\/\/yoast.com\/wordpress\/plugins\/seo\/ -->\n<title>ZAWIAS MEBLOWY NAK\u0141ADANY GTV KOMPLET NA 1 FRONT - BOBIMARKET.pl - Remontuj i urz\u0105dzaj z nami<\/title>\n<meta name=\"robots\" content=\"index, follow, max-snippet:-1, max-image-preview:large, max-video-preview:-1\" \/>\n<link rel=\"canonical\" href=\"https:\/\/bobimarket.pl\/index.php\/produkt\/zawias-meblowy-nakladany-gtv-komplet-na-1-front\/\" \/>\n<meta property=\"og:locale\" content=\"pl_PL\" \/>\n<meta property=\"og:type\" content=\"article\" \/>\n<meta property=\"og:title\" content=\"ZAWIAS MEBLOWY NAK\u0141ADANY GTV KOMPLET NA 1 FRONT - BOBIMARKET.pl - Remontuj i urz\u0105dzaj z nami\" \/>\n<meta property=\"og:description\" content=\"ZAWIAS NAK\u0141ADANY GTV PRESTIGE HYDRAULICZNY 110\u00b0 FI 35MM + PROWADNIK H-0 CLIP-ON ZESTAW NA 1 FRONT Infomacje og\u00f3lne: Typ zawiasu: nak\u0142adany K\u0105t otwarcia: 100\u00b0 \u015arednica otworu puszki: 35 mm Rozstaw \u015brub puszki: 45 mm G\u0142\u0119boko\u015b\u0107 otworu na puszk\u0119: 11,8 MM Prowadnik &#8211; H0 Materia\u0142 wykonania &#8211; Stal System CLIP-ON Monta\u017c na wkr\u0119ty do drewna Komplet     Czytaj wi\u0119cej &quot;ZAWIAS MEBLOWY NAK\u0141ADANY GTV KOMPLET NA 1 FRONT&quot;\" \/>\n<meta property=\"og:url\" content=\"https:\/\/bobimarket.pl\/index.php\/produkt\/zawias-meblowy-nakladany-gtv-komplet-na-1-front\/\" \/>\n<meta property=\"og:site_name\" content=\"BOBIMARKET.pl - Remontuj i urz\u0105dzaj z nami\" \/>\n<meta property=\"article:modified_time\" content=\"2025-02-27T15:54:58+00:00\" \/>\n<meta property=\"og:image\" content=\"https:\/\/upload.cdn.baselinker.com\/products\/14476\/d3454eedf2398421a07c77d34db96be4.jpg\" \/>\n<meta name=\"twitter:card\" content=\"summary_large_image\" \/>\n<meta name=\"twitter:label1\" content=\"Szacowany czas czytania\" \/>\n\t<meta name=\"twitter:data1\" content=\"1 minuta\" \/>\n<script type=\"application\/ld+json\" class=\"yoast-schema-graph\">{\"@context\":\"https:\/\/schema.org\",\"@graph\":[{\"@type\":\"WebPage\",\"@id\":\"https:\/\/bobimarket.pl\/index.php\/produkt\/zawias-meblowy-nakladany-gtv-komplet-na-1-front\/\",\"url\":\"https:\/\/bobimarket.pl\/index.php\/produkt\/zawias-meblowy-nakladany-gtv-komplet-na-1-front\/\",\"name\":\"ZAWIAS MEBLOWY NAK\u0141ADANY GTV KOMPLET NA 1 FRONT - BOBIMARKET.pl - Remontuj i urz\u0105dzaj z nami\",\"isPartOf\":{\"@id\":\"https:\/\/bobimarket.pl\/#website\"},\"datePublished\":\"2023-08-30T06:37:50+00:00\",\"dateModified\":\"2025-02-27T15:54:58+00:00\",\"breadcrumb\":{\"@id\":\"https:\/\/bobimarket.pl\/index.php\/produkt\/zawias-meblowy-nakladany-gtv-komplet-na-1-front\/#breadcrumb\"},\"inLanguage\":\"pl-PL\",\"potentialAction\":[{\"@type\":\"ReadAction\",\"target\":[\"https:\/\/bobimarket.pl\/index.php\/produkt\/zawias-meblowy-nakladany-gtv-komplet-na-1-front\/\"]}]},{\"@type\":\"BreadcrumbList\",\"@id\":\"https:\/\/bobimarket.pl\/index.php\/produkt\/zawias-meblowy-nakladany-gtv-komplet-na-1-front\/#breadcrumb\",\"itemListElement\":[{\"@type\":\"ListItem\",\"position\":1,\"name\":\"Strona g\u0142\u00f3wna\",\"item\":\"https:\/\/bobimarket.pl\/\"},{\"@type\":\"ListItem\",\"position\":2,\"name\":\"Sklep\",\"item\":\"https:\/\/bobimarket.pl\/index.php\/shop\/\"},{\"@type\":\"ListItem\",\"position\":3,\"name\":\"ZAWIAS MEBLOWY NAK\u0141ADANY GTV KOMPLET NA 1 FRONT\"}]},{\"@type\":\"WebSite\",\"@id\":\"https:\/\/bobimarket.pl\/#website\",\"url\":\"https:\/\/bobimarket.pl\/\",\"name\":\"BOBIMARKET.pl - Remontuj i urz\u0105dzaj z nami\",\"description\":\"Remontuj i urz\u0105dzaj z nami\",\"publisher\":{\"@id\":\"https:\/\/bobimarket.pl\/#organization\"},\"potentialAction\":[{\"@type\":\"SearchAction\",\"target\":{\"@type\":\"EntryPoint\",\"urlTemplate\":\"https:\/\/bobimarket.pl\/?s={search_term_string}\"},\"query-input\":\"required name=search_term_string\"}],\"inLanguage\":\"pl-PL\"},{\"@type\":\"Organization\",\"@id\":\"https:\/\/bobimarket.pl\/#organization\",\"name\":\"BOBIMARKET.pl\",\"url\":\"https:\/\/bobimarket.pl\/\",\"logo\":{\"@type\":\"ImageObject\",\"inLanguage\":\"pl-PL\",\"@id\":\"https:\/\/bobimarket.pl\/#\/schema\/logo\/image\/\",\"url\":\"https:\/\/bobimarket.pl\/wp-content\/uploads\/2021\/11\/slogan.png\",\"contentUrl\":\"https:\/\/bobimarket.pl\/wp-content\/uploads\/2021\/11\/slogan.png\",\"width\":2000,\"height\":384,\"caption\":\"BOBIMARKET.pl\"},\"image\":{\"@id\":\"https:\/\/bobimarket.pl\/#\/schema\/logo\/image\/\"}}]}<\/script>\n<!-- \/ Yoast SEO plugin. -->","yoast_head_json":{"title":"ZAWIAS MEBLOWY NAK\u0141ADANY GTV KOMPLET NA 1 FRONT - BOBIMARKET.pl - Remontuj i urz\u0105dzaj z nami","robots":{"index":"index","follow":"follow","max-snippet":"max-snippet:-1","max-image-preview":"max-image-preview:large","max-video-preview":"max-video-preview:-1"},"canonical":"https:\/\/bobimarket.pl\/index.php\/produkt\/zawias-meblowy-nakladany-gtv-komplet-na-1-front\/","og_locale":"pl_PL","og_type":"article","og_title":"ZAWIAS MEBLOWY NAK\u0141ADANY GTV KOMPLET NA 1 FRONT - BOBIMARKET.pl - Remontuj i urz\u0105dzaj z nami","og_description":"ZAWIAS NAK\u0141ADANY GTV PRESTIGE HYDRAULICZNY 110\u00b0 FI 35MM + PROWADNIK H-0 CLIP-ON ZESTAW NA 1 FRONT Infomacje og\u00f3lne: Typ zawiasu: nak\u0142adany K\u0105t otwarcia: 100\u00b0 \u015arednica otworu puszki: 35 mm Rozstaw \u015brub puszki: 45 mm G\u0142\u0119boko\u015b\u0107 otworu na puszk\u0119: 11,8 MM Prowadnik &#8211; H0 Materia\u0142 wykonania &#8211; Stal System CLIP-ON Monta\u017c na wkr\u0119ty do drewna Komplet     Czytaj wi\u0119cej \"ZAWIAS MEBLOWY NAK\u0141ADANY GTV KOMPLET NA 1 FRONT\"","og_url":"https:\/\/bobimarket.pl\/index.php\/produkt\/zawias-meblowy-nakladany-gtv-komplet-na-1-front\/","og_site_name":"BOBIMARKET.pl - Remontuj i urz\u0105dzaj z nami","article_modified_time":"2025-02-27T15:54:58+00:00","og_image":[{"url":"https:\/\/upload.cdn.baselinker.com\/products\/14476\/d3454eedf2398421a07c77d34db96be4.jpg"}],"twitter_card":"summary_large_image","twitter_misc":{"Szacowany czas czytania":"1 minuta"},"schema":{"@context":"https:\/\/schema.org","@graph":[{"@type":"WebPage","@id":"https:\/\/bobimarket.pl\/index.php\/produkt\/zawias-meblowy-nakladany-gtv-komplet-na-1-front\/","url":"https:\/\/bobimarket.pl\/index.php\/produkt\/zawias-meblowy-nakladany-gtv-komplet-na-1-front\/","name":"ZAWIAS MEBLOWY NAK\u0141ADANY GTV KOMPLET NA 1 FRONT - BOBIMARKET.pl - Remontuj i urz\u0105dzaj z nami","isPartOf":{"@id":"https:\/\/bobimarket.pl\/#website"},"datePublished":"2023-08-30T06:37:50+00:00","dateModified":"2025-02-27T15:54:58+00:00","breadcrumb":{"@id":"https:\/\/bobimarket.pl\/index.php\/produkt\/zawias-meblowy-nakladany-gtv-komplet-na-1-front\/#breadcrumb"},"inLanguage":"pl-PL","potentialAction":[{"@type":"ReadAction","target":["https:\/\/bobimarket.pl\/index.php\/produkt\/zawias-meblowy-nakladany-gtv-komplet-na-1-front\/"]}]},{"@type":"BreadcrumbList","@id":"https:\/\/bobimarket.pl\/index.php\/produkt\/zawias-meblowy-nakladany-gtv-komplet-na-1-front\/#breadcrumb","itemListElement":[{"@type":"ListItem","position":1,"name":"Strona g\u0142\u00f3wna","item":"https:\/\/bobimarket.pl\/"},{"@type":"ListItem","position":2,"name":"Sklep","item":"https:\/\/bobimarket.pl\/index.php\/shop\/"},{"@type":"ListItem","position":3,"name":"ZAWIAS MEBLOWY NAK\u0141ADANY GTV KOMPLET NA 1 FRONT"}]},{"@type":"WebSite","@id":"https:\/\/bobimarket.pl\/#website","url":"https:\/\/bobimarket.pl\/","name":"BOBIMARKET.pl - Remontuj i urz\u0105dzaj z nami","description":"Remontuj i urz\u0105dzaj z nami","publisher":{"@id":"https:\/\/bobimarket.pl\/#organization"},"potentialAction":[{"@type":"SearchAction","target":{"@type":"EntryPoint","urlTemplate":"https:\/\/bobimarket.pl\/?s={search_term_string}"},"query-input":"required name=search_term_string"}],"inLanguage":"pl-PL"},{"@type":"Organization","@id":"https:\/\/bobimarket.pl\/#organization","name":"BOBIMARKET.pl","url":"https:\/\/bobimarket.pl\/","logo":{"@type":"ImageObject","inLanguage":"pl-PL","@id":"https:\/\/bobimarket.pl\/#\/schema\/logo\/image\/","url":"https:\/\/bobimarket.pl\/wp-content\/uploads\/2021\/11\/slogan.png","contentUrl":"https:\/\/bobimarket.pl\/wp-content\/uploads\/2021\/11\/slogan.png","width":2000,"height":384,"caption":"BOBIMARKET.pl"},"image":{"@id":"https:\/\/bobimarket.pl\/#\/schema\/logo\/image\/"}}]}},"_links":{"self":[{"href":"https:\/\/bobimarket.pl\/index.php\/wp-json\/wp\/v2\/product\/92430"}],"collection":[{"href":"https:\/\/bobimarket.pl\/index.php\/wp-json\/wp\/v2\/product"}],"about":[{"href":"https:\/\/bobimarket.pl\/index.php\/wp-json\/wp\/v2\/types\/product"}],"wp:featuredmedia":[{"embeddable":true,"href":"https:\/\/bobimarket.pl\/index.php\/wp-json\/wp\/v2\/media\/92426"}],"wp:attachment":[{"href":"https:\/\/bobimarket.pl\/index.php\/wp-json\/wp\/v2\/media?parent=92430"}],"wp:term":[{"taxonomy":"product_cat","embeddable":true,"href":"https:\/\/bobimarket.pl\/index.php\/wp-json\/wp\/v2\/product_cat?post=92430"},{"taxonomy":"product_tag","embeddable":true,"href":"https:\/\/bobimarket.pl\/index.php\/wp-json\/wp\/v2\/product_tag?post=92430"}],"curies":[{"name":"wp","href":"https:\/\/api.w.org\/{rel}","templated":true}]}}