{"id":92447,"date":"2023-08-30T06:38:39","date_gmt":"2023-08-30T06:38:39","guid":{"rendered":"https:\/\/bobimarket.pl\/index.php\/produkt\/nakretka-motylowa-nakretki-skrzydelkowe-zestaw-150-szt\/"},"modified":"2025-02-27T15:55:09","modified_gmt":"2025-02-27T15:55:09","slug":"nakretka-motylowa-nakretki-skrzydelkowe-zestaw-150-szt","status":"publish","type":"product","link":"https:\/\/bobimarket.pl\/index.php\/produkt\/nakretka-motylowa-nakretki-skrzydelkowe-zestaw-150-szt\/","title":{"rendered":"NAKR\u0118TKA MOTYLOWA NAKR\u0118TKI SKRZYDE\u0141KOWE ZESTAW 150 szt."},"content":{"rendered":"<section class=\"section\">\n<div class=\"item item-12\">\n<section class=\"text-item\">\n<h2>NAKR\u0118TKA MOTYLOWA NAKR\u0118TKI SKRZYDE\u0141KOWE ZESTAW 150 szt.<\/h2>\n<p><b>Informacje og\u00f3lne:<\/b><\/p>\n<ul>\n<li>Rodzaj: nakr\u0119tki motylkowe ( pokr\u0119t\u0142a\/ \u015bruby skrzyd\u0142owe)<\/li>\n<li>Ilo\u015b\u0107 sztuk w zestawie: 150 szt.\u00a0<\/li>\n<li>Rozmiar: M4, M5, M6, M8, M10<\/li>\n<\/ul>\n<p><b>Komplet sk\u0142ada si\u0119 z:<\/b><\/p>\n<ul>\n<li>40 sztuk x M4<\/li>\n<li>40 sztuk x M5<\/li>\n<li>25 sztuk x M6<\/li>\n<li>25 sztuk x M8<\/li>\n<li>10 sztuk x M10<\/li>\n<li>10 sztuk x M10<\/li>\n<\/ul>\n<\/section><\/div>\n<\/section>\n<section class=\"section\">\n<div class=\"item item-12\">\n<section class=\"image-item\">\n            <img decoding=\"async\" src=\"https:\/\/upload.cdn.baselinker.com\/products\/14476\/70229877fa8115aea15372166c48002f.jpg\" \/><br \/>\n        <\/section>\n<\/p><\/div>\n<\/section>\n<section class=\"section\">\n<div class=\"item item-12\">\n<section class=\"text-item\">\n<p>Funkcjonalny komplet zawiera <b>150 cz\u0119\u015bci<\/b> o r\u00f3\u017cnych parametrach technicznych, co umo\u017cliwia bezproblemowe dopasowanie go do w\u0142asnych potrzeb.\u00a0tacie? Nakr\u0119tki motylkowe s\u0142u\u017c\u0105 do zabezpieczania po\u0142\u0105cze\u0144 \u015brubowych. Wykorzystwane s\u0105 jako element zaciskowy, przytrzymuj\u0105cy i mocuj\u0105cy.\u00a0<\/p>\n<ul>\n<li>Nakr\u0119tki wyposa\u017cone s\u0105 w<b> specjalne &#8222;skrzyde\u0142ka&#8221;<\/b>, kt\u00f3re umo\u017cliwiaj\u0105 szybkie przykr\u0119cenie\/odkr\u0119cenie \u015brubek. B\u0119d\u0105 idealne dla os\u00f3b, kt\u00f3re ceni\u0105 sobie funkcjonalne rozwi\u0105zania. Pozwalaj\u0105 zaoszcz\u0119dzi\u0107 czas w trakcie wykonywanych prac.\u00a0<\/li>\n<li>Zestaw zawiera 5 rozmiar\u00f3w nakr\u0119tek. Charakteryzuj\u0105 si\u0119 <b>uniwersalnym zastosowaniem<\/b> &#8211; mog\u0105 by\u0107 u\u017cywane zar\u00f3wno w budownictwie, jak i przez mechanik\u00f3w.\u00a0<\/li>\n<\/ul>\n<p><b>\u2705 Ca\u0142o\u015b\u0107 umieszczono w wygodnym opakowaniu typu &#8222;sortownik&#8221;.<\/b><\/p>\n<ul>\n<li>Szczelnie zamykane pude\u0142ko zapobiega gubieniu si\u0119 poszczeg\u00f3lnych element\u00f3w zestawu.<\/li>\n<li>Ponadto u\u0142atwia utrzymanie porz\u0105dku w warsztacie oraz pozwala na swobodne przenoszenie ca\u0142ego kompletu.<\/li>\n<\/ul>\n<\/section><\/div>\n<\/section>\n<section class=\"section\">\n<div class=\"item item-12\">\n<section class=\"image-item\">\n            <img decoding=\"async\" src=\"https:\/\/upload.cdn.baselinker.com\/products\/14476\/70229877fa8115aea15372166c48002f.jpg\" \/><br \/>\n        <\/section>\n<\/p><\/div>\n<\/section>\n","protected":false},"excerpt":{"rendered":"<p>NAKR\u0118TKA MOTYLOWA NAKR\u0118TKI SKRZYDE\u0141KOWE ZESTAW 150 szt. Informacje og\u00f3lne: Rodzaj: nakr\u0119tki motylkowe ( pokr\u0119t\u0142a\/ \u015bruby skrzyd\u0142owe) Ilo\u015b\u0107 sztuk w zestawie: 150 szt.\u00a0 Rozmiar: M4, M5, M6, M8, M10 Komplet sk\u0142ada si\u0119 z: 40 sztuk x M4 40 sztuk x M5 25 sztuk x M6 25 sztuk x M8 10 sztuk x M10 10 sztuk x<br \/><a class=\"more-link\" href=\"https:\/\/bobimarket.pl\/index.php\/produkt\/nakretka-motylowa-nakretki-skrzydelkowe-zestaw-150-szt\/\"><br \/>\n        Czytaj wi\u0119cej<span class=\"screen-reader-text\"> &#8222;NAKR\u0118TKA MOTYLOWA NAKR\u0118TKI SKRZYDE\u0141KOWE ZESTAW 150 szt.&#8221;<\/span><\/a><\/p>\n","protected":false},"featured_media":92443,"template":"","meta":[],"product_cat":[8081],"product_tag":[],"yoast_head":"<!-- This site is optimized with the Yoast SEO plugin v21.0 - https:\/\/yoast.com\/wordpress\/plugins\/seo\/ -->\n<title>NAKR\u0118TKA MOTYLOWA NAKR\u0118TKI SKRZYDE\u0141KOWE ZESTAW 150 szt. - BOBIMARKET.pl - Remontuj i urz\u0105dzaj z nami<\/title>\n<meta name=\"robots\" content=\"index, follow, max-snippet:-1, max-image-preview:large, max-video-preview:-1\" \/>\n<link rel=\"canonical\" href=\"https:\/\/bobimarket.pl\/index.php\/produkt\/nakretka-motylowa-nakretki-skrzydelkowe-zestaw-150-szt\/\" \/>\n<meta property=\"og:locale\" content=\"pl_PL\" \/>\n<meta property=\"og:type\" content=\"article\" \/>\n<meta property=\"og:title\" content=\"NAKR\u0118TKA MOTYLOWA NAKR\u0118TKI SKRZYDE\u0141KOWE ZESTAW 150 szt. - BOBIMARKET.pl - Remontuj i urz\u0105dzaj z nami\" \/>\n<meta property=\"og:description\" content=\"NAKR\u0118TKA MOTYLOWA NAKR\u0118TKI SKRZYDE\u0141KOWE ZESTAW 150 szt. Informacje og\u00f3lne: Rodzaj: nakr\u0119tki motylkowe ( pokr\u0119t\u0142a\/ \u015bruby skrzyd\u0142owe) Ilo\u015b\u0107 sztuk w zestawie: 150 szt.\u00a0 Rozmiar: M4, M5, M6, M8, M10 Komplet sk\u0142ada si\u0119 z: 40 sztuk x M4 40 sztuk x M5 25 sztuk x M6 25 sztuk x M8 10 sztuk x M10 10 sztuk x     Czytaj wi\u0119cej &quot;NAKR\u0118TKA MOTYLOWA NAKR\u0118TKI SKRZYDE\u0141KOWE ZESTAW 150 szt.&quot;\" \/>\n<meta property=\"og:url\" content=\"https:\/\/bobimarket.pl\/index.php\/produkt\/nakretka-motylowa-nakretki-skrzydelkowe-zestaw-150-szt\/\" \/>\n<meta property=\"og:site_name\" content=\"BOBIMARKET.pl - Remontuj i urz\u0105dzaj z nami\" \/>\n<meta property=\"article:modified_time\" content=\"2025-02-27T15:55:09+00:00\" \/>\n<meta property=\"og:image\" content=\"https:\/\/upload.cdn.baselinker.com\/products\/14476\/70229877fa8115aea15372166c48002f.jpg\" \/>\n<meta name=\"twitter:card\" content=\"summary_large_image\" \/>\n<meta name=\"twitter:label1\" content=\"Szacowany czas czytania\" \/>\n\t<meta name=\"twitter:data1\" content=\"1 minuta\" \/>\n<script type=\"application\/ld+json\" class=\"yoast-schema-graph\">{\"@context\":\"https:\/\/schema.org\",\"@graph\":[{\"@type\":\"WebPage\",\"@id\":\"https:\/\/bobimarket.pl\/index.php\/produkt\/nakretka-motylowa-nakretki-skrzydelkowe-zestaw-150-szt\/\",\"url\":\"https:\/\/bobimarket.pl\/index.php\/produkt\/nakretka-motylowa-nakretki-skrzydelkowe-zestaw-150-szt\/\",\"name\":\"NAKR\u0118TKA MOTYLOWA NAKR\u0118TKI SKRZYDE\u0141KOWE ZESTAW 150 szt. - BOBIMARKET.pl - Remontuj i urz\u0105dzaj z nami\",\"isPartOf\":{\"@id\":\"https:\/\/bobimarket.pl\/#website\"},\"datePublished\":\"2023-08-30T06:38:39+00:00\",\"dateModified\":\"2025-02-27T15:55:09+00:00\",\"breadcrumb\":{\"@id\":\"https:\/\/bobimarket.pl\/index.php\/produkt\/nakretka-motylowa-nakretki-skrzydelkowe-zestaw-150-szt\/#breadcrumb\"},\"inLanguage\":\"pl-PL\",\"potentialAction\":[{\"@type\":\"ReadAction\",\"target\":[\"https:\/\/bobimarket.pl\/index.php\/produkt\/nakretka-motylowa-nakretki-skrzydelkowe-zestaw-150-szt\/\"]}]},{\"@type\":\"BreadcrumbList\",\"@id\":\"https:\/\/bobimarket.pl\/index.php\/produkt\/nakretka-motylowa-nakretki-skrzydelkowe-zestaw-150-szt\/#breadcrumb\",\"itemListElement\":[{\"@type\":\"ListItem\",\"position\":1,\"name\":\"Strona g\u0142\u00f3wna\",\"item\":\"https:\/\/bobimarket.pl\/\"},{\"@type\":\"ListItem\",\"position\":2,\"name\":\"Sklep\",\"item\":\"https:\/\/bobimarket.pl\/index.php\/shop\/\"},{\"@type\":\"ListItem\",\"position\":3,\"name\":\"NAKR\u0118TKA MOTYLOWA NAKR\u0118TKI SKRZYDE\u0141KOWE ZESTAW 150 szt.\"}]},{\"@type\":\"WebSite\",\"@id\":\"https:\/\/bobimarket.pl\/#website\",\"url\":\"https:\/\/bobimarket.pl\/\",\"name\":\"BOBIMARKET.pl - Remontuj i urz\u0105dzaj z nami\",\"description\":\"Remontuj i urz\u0105dzaj z nami\",\"publisher\":{\"@id\":\"https:\/\/bobimarket.pl\/#organization\"},\"potentialAction\":[{\"@type\":\"SearchAction\",\"target\":{\"@type\":\"EntryPoint\",\"urlTemplate\":\"https:\/\/bobimarket.pl\/?s={search_term_string}\"},\"query-input\":\"required name=search_term_string\"}],\"inLanguage\":\"pl-PL\"},{\"@type\":\"Organization\",\"@id\":\"https:\/\/bobimarket.pl\/#organization\",\"name\":\"BOBIMARKET.pl\",\"url\":\"https:\/\/bobimarket.pl\/\",\"logo\":{\"@type\":\"ImageObject\",\"inLanguage\":\"pl-PL\",\"@id\":\"https:\/\/bobimarket.pl\/#\/schema\/logo\/image\/\",\"url\":\"https:\/\/bobimarket.pl\/wp-content\/uploads\/2021\/11\/slogan.png\",\"contentUrl\":\"https:\/\/bobimarket.pl\/wp-content\/uploads\/2021\/11\/slogan.png\",\"width\":2000,\"height\":384,\"caption\":\"BOBIMARKET.pl\"},\"image\":{\"@id\":\"https:\/\/bobimarket.pl\/#\/schema\/logo\/image\/\"}}]}<\/script>\n<!-- \/ Yoast SEO plugin. -->","yoast_head_json":{"title":"NAKR\u0118TKA MOTYLOWA NAKR\u0118TKI SKRZYDE\u0141KOWE ZESTAW 150 szt. - BOBIMARKET.pl - Remontuj i urz\u0105dzaj z nami","robots":{"index":"index","follow":"follow","max-snippet":"max-snippet:-1","max-image-preview":"max-image-preview:large","max-video-preview":"max-video-preview:-1"},"canonical":"https:\/\/bobimarket.pl\/index.php\/produkt\/nakretka-motylowa-nakretki-skrzydelkowe-zestaw-150-szt\/","og_locale":"pl_PL","og_type":"article","og_title":"NAKR\u0118TKA MOTYLOWA NAKR\u0118TKI SKRZYDE\u0141KOWE ZESTAW 150 szt. - BOBIMARKET.pl - Remontuj i urz\u0105dzaj z nami","og_description":"NAKR\u0118TKA MOTYLOWA NAKR\u0118TKI SKRZYDE\u0141KOWE ZESTAW 150 szt. Informacje og\u00f3lne: Rodzaj: nakr\u0119tki motylkowe ( pokr\u0119t\u0142a\/ \u015bruby skrzyd\u0142owe) Ilo\u015b\u0107 sztuk w zestawie: 150 szt.\u00a0 Rozmiar: M4, M5, M6, M8, M10 Komplet sk\u0142ada si\u0119 z: 40 sztuk x M4 40 sztuk x M5 25 sztuk x M6 25 sztuk x M8 10 sztuk x M10 10 sztuk x     Czytaj wi\u0119cej \"NAKR\u0118TKA MOTYLOWA NAKR\u0118TKI SKRZYDE\u0141KOWE ZESTAW 150 szt.\"","og_url":"https:\/\/bobimarket.pl\/index.php\/produkt\/nakretka-motylowa-nakretki-skrzydelkowe-zestaw-150-szt\/","og_site_name":"BOBIMARKET.pl - Remontuj i urz\u0105dzaj z nami","article_modified_time":"2025-02-27T15:55:09+00:00","og_image":[{"url":"https:\/\/upload.cdn.baselinker.com\/products\/14476\/70229877fa8115aea15372166c48002f.jpg"}],"twitter_card":"summary_large_image","twitter_misc":{"Szacowany czas czytania":"1 minuta"},"schema":{"@context":"https:\/\/schema.org","@graph":[{"@type":"WebPage","@id":"https:\/\/bobimarket.pl\/index.php\/produkt\/nakretka-motylowa-nakretki-skrzydelkowe-zestaw-150-szt\/","url":"https:\/\/bobimarket.pl\/index.php\/produkt\/nakretka-motylowa-nakretki-skrzydelkowe-zestaw-150-szt\/","name":"NAKR\u0118TKA MOTYLOWA NAKR\u0118TKI SKRZYDE\u0141KOWE ZESTAW 150 szt. - BOBIMARKET.pl - Remontuj i urz\u0105dzaj z nami","isPartOf":{"@id":"https:\/\/bobimarket.pl\/#website"},"datePublished":"2023-08-30T06:38:39+00:00","dateModified":"2025-02-27T15:55:09+00:00","breadcrumb":{"@id":"https:\/\/bobimarket.pl\/index.php\/produkt\/nakretka-motylowa-nakretki-skrzydelkowe-zestaw-150-szt\/#breadcrumb"},"inLanguage":"pl-PL","potentialAction":[{"@type":"ReadAction","target":["https:\/\/bobimarket.pl\/index.php\/produkt\/nakretka-motylowa-nakretki-skrzydelkowe-zestaw-150-szt\/"]}]},{"@type":"BreadcrumbList","@id":"https:\/\/bobimarket.pl\/index.php\/produkt\/nakretka-motylowa-nakretki-skrzydelkowe-zestaw-150-szt\/#breadcrumb","itemListElement":[{"@type":"ListItem","position":1,"name":"Strona g\u0142\u00f3wna","item":"https:\/\/bobimarket.pl\/"},{"@type":"ListItem","position":2,"name":"Sklep","item":"https:\/\/bobimarket.pl\/index.php\/shop\/"},{"@type":"ListItem","position":3,"name":"NAKR\u0118TKA MOTYLOWA NAKR\u0118TKI SKRZYDE\u0141KOWE ZESTAW 150 szt."}]},{"@type":"WebSite","@id":"https:\/\/bobimarket.pl\/#website","url":"https:\/\/bobimarket.pl\/","name":"BOBIMARKET.pl - Remontuj i urz\u0105dzaj z nami","description":"Remontuj i urz\u0105dzaj z nami","publisher":{"@id":"https:\/\/bobimarket.pl\/#organization"},"potentialAction":[{"@type":"SearchAction","target":{"@type":"EntryPoint","urlTemplate":"https:\/\/bobimarket.pl\/?s={search_term_string}"},"query-input":"required name=search_term_string"}],"inLanguage":"pl-PL"},{"@type":"Organization","@id":"https:\/\/bobimarket.pl\/#organization","name":"BOBIMARKET.pl","url":"https:\/\/bobimarket.pl\/","logo":{"@type":"ImageObject","inLanguage":"pl-PL","@id":"https:\/\/bobimarket.pl\/#\/schema\/logo\/image\/","url":"https:\/\/bobimarket.pl\/wp-content\/uploads\/2021\/11\/slogan.png","contentUrl":"https:\/\/bobimarket.pl\/wp-content\/uploads\/2021\/11\/slogan.png","width":2000,"height":384,"caption":"BOBIMARKET.pl"},"image":{"@id":"https:\/\/bobimarket.pl\/#\/schema\/logo\/image\/"}}]}},"_links":{"self":[{"href":"https:\/\/bobimarket.pl\/index.php\/wp-json\/wp\/v2\/product\/92447"}],"collection":[{"href":"https:\/\/bobimarket.pl\/index.php\/wp-json\/wp\/v2\/product"}],"about":[{"href":"https:\/\/bobimarket.pl\/index.php\/wp-json\/wp\/v2\/types\/product"}],"wp:featuredmedia":[{"embeddable":true,"href":"https:\/\/bobimarket.pl\/index.php\/wp-json\/wp\/v2\/media\/92443"}],"wp:attachment":[{"href":"https:\/\/bobimarket.pl\/index.php\/wp-json\/wp\/v2\/media?parent=92447"}],"wp:term":[{"taxonomy":"product_cat","embeddable":true,"href":"https:\/\/bobimarket.pl\/index.php\/wp-json\/wp\/v2\/product_cat?post=92447"},{"taxonomy":"product_tag","embeddable":true,"href":"https:\/\/bobimarket.pl\/index.php\/wp-json\/wp\/v2\/product_tag?post=92447"}],"curies":[{"name":"wp","href":"https:\/\/api.w.org\/{rel}","templated":true}]}}