{"id":92455,"date":"2023-08-30T06:38:54","date_gmt":"2023-08-30T06:38:54","guid":{"rendered":"https:\/\/bobimarket.pl\/index.php\/produkt\/podkladki-zabezpieczajace-m3-m10-zestaw-720-szt\/"},"modified":"2025-02-27T15:55:13","modified_gmt":"2025-02-27T15:55:13","slug":"podkladki-zabezpieczajace-m3-m10-zestaw-720-szt","status":"publish","type":"product","link":"https:\/\/bobimarket.pl\/index.php\/produkt\/podkladki-zabezpieczajace-m3-m10-zestaw-720-szt\/","title":{"rendered":"PODK\u0141ADKI ZABEZPIECZAJ\u0104CE M3-M10 ZESTAW  720 szt."},"content":{"rendered":"<section class=\"section\">\n<div class=\"item item-12\">\n<section class=\"text-item\">\n<p><b>PODK\u0141ADKI ZABEZPIECZAJ\u0104CE M3-M10 ZESTAW\u00a0 720 szt. <\/b><\/p>\n<p><b>Informacje og\u00f3lne:\u00a0<\/b><\/p>\n<ul>\n<li>Rodzaj: <b>podk\u0142adki zapezpieczaj\u0105ce<\/b><\/li>\n<li>Ilo\u015b\u0107 sztuk w zestawie:<b> 720 sztuk\u00a0<\/b><\/li>\n<li>Rozmiar: <b>3-10 mm<\/b><\/li>\n<\/ul>\n<p>Funkcjonalny komplet zawiera 720 cz\u0119\u015bci o r\u00f3\u017cnych parametrach technicznych, co umo\u017cliwia <b>bezproblemowe dopasowanie go do w\u0142asnych potrzeb<\/b>. Podk\u0142adki umo\u017cliwiaj\u0105 zapezpieczenie pod mocwanie \u015brub i nakr\u0119tek, zapobiegaj\u0105 obluzowywaniu si\u0119 \u0142\u0105czonych element\u00f3w.\u00a0 odk\u0142adki zabezpieczaj\u0105ce nadaj\u0105 si\u0119 do u\u017cytku w\u00a0domu i\u00a0w\u00a0warsztacie.<\/p>\n<\/section><\/div>\n<\/section>\n<section class=\"section\">\n<div class=\"item item-12\">\n<section class=\"image-item\">\n            <img decoding=\"async\" src=\"https:\/\/upload.cdn.baselinker.com\/products\/14476\/21d53d545520cadb5ffdc190c04b5d36.jpg\" \/><br \/>\n        <\/section>\n<\/p><\/div>\n<\/section>\n<section class=\"section\">\n<div class=\"item item-12\">\n<section class=\"text-item\">\n<p><b>\u2705 <\/b><b>ZASTOSOWANIE:<\/b><\/p>\n<ul>\n<li>Szeroki asortyment podk\u0142adek zabezpieczaj\u0105cych, zewn\u0119trznych i\u00a0wewn\u0119trznych w\u00a0jednym wygodnym zestawie!<\/li>\n<li>Odporne na rdz\u0119 i\u00a0korozj\u0119 ocynkowane podk\u0142adki zabezpieczaj\u0105ce nadaj\u0105 si\u0119 do u\u017cytku w\u00a0domu i\u00a0w\u00a0warsztacie.<\/li>\n<\/ul>\n<p><b>\u2705 Ca\u0142o\u015b\u0107 umieszczono w wygodnym opakowaniu typu &#8222;sortownik&#8221;.<\/b><\/p>\n<ul>\n<li>Szczelnie zamykane pude\u0142ko zapobiega gubieniu si\u0119 poszczeg\u00f3lnych element\u00f3w zestawu.<\/li>\n<li>Ponadto u\u0142atwia utrzymanie porz\u0105dku w warsztacie oraz pozwala na swobodne przenoszenie ca\u0142ego kompletu.<\/li>\n<\/ul>\n<\/section><\/div>\n<\/section>\n<section class=\"section\">\n<div class=\"item item-12\">\n<section class=\"image-item\">\n            <img decoding=\"async\" src=\"https:\/\/upload.cdn.baselinker.com\/products\/14476\/9e960ad92ad491580089d24f2967ea8f.jpg\" \/><br \/>\n        <\/section>\n<\/p><\/div>\n<\/section>\n<section class=\"section\">\n<div class=\"item item-12\">\n<section class=\"text-item\">\n<h1>Zestaw sk\u0142ada si\u0119 720 element\u00f3w:<\/h1>\n<\/section><\/div>\n<\/section>\n<section class=\"section\">\n<div class=\"item item-6\">\n<section class=\"text-item\">\n<ul>\n<li><b>PODK\u0141ADAK SPR\u0118\u017bYSTA JEDNOZWOJOWA<\/b><\/li>\n<\/ul>\n<p>M3 x 50 sztuk<\/p>\n<p>M4 x 50 sztuk<\/p>\n<p>M5 x 50 sztuk<\/p>\n<p>M6 x 40 sztuk<\/p>\n<p>M8 x 30 sztuk<\/p>\n<p>M10 x 20 sztuk<\/p>\n<\/section><\/div>\n<div class=\"item item-6\">\n<section class=\"image-item\">\n            <img decoding=\"async\" src=\"https:\/\/upload.cdn.baselinker.com\/products\/14476\/b8f51a83e52a75bb37b5025442fa1f6f.jpg\" \/><br \/>\n        <\/section>\n<\/p><\/div>\n<\/section>\n<section class=\"section\">\n<div class=\"item item-6\">\n<section class=\"text-item\">\n<ul>\n<li><b>PODK\u0141ADKA OKR\u0104G\u0141A SPR\u0118\u017bYSTA Z\u0104BKOWANA ZEWN\u0104TRZNIE\u00a0<\/b><\/li>\n<\/ul>\n<p>M3 x 50 sztuk<\/p>\n<p>M4 x 50 sztuk<\/p>\n<p>M5 x 50 sztuk<\/p>\n<p>M6 x 40 sztuk<\/p>\n<p>M8 x 30 sztuk<\/p>\n<p>M10 x 20 sztuk<\/p>\n<\/section><\/div>\n<div class=\"item item-6\">\n<section class=\"image-item\">\n            <img decoding=\"async\" src=\"https:\/\/upload.cdn.baselinker.com\/products\/14476\/2b032236dcb25a2eabff10e0a1072101.jpg\" \/><br \/>\n        <\/section>\n<\/p><\/div>\n<\/section>\n<section class=\"section\">\n<div class=\"item item-6\">\n<section class=\"text-item\">\n<ul>\n<li><b>PODK\u0141ADKA OKR\u0104G\u0141A SPR\u0118\u017bYSTA Z\u0104BKOWANA WEWN\u0118TRZNIE <\/b><\/li>\n<\/ul>\n<p>M3 x 50 sztuk<\/p>\n<p>M4 x 50 sztuk<\/p>\n<p>M5 x 50 sztuk<\/p>\n<p>M6 x 40 sztuk<\/p>\n<p>M8 x 30 sztuk<\/p>\n<p>M10 x 20 sztuk<\/p>\n<\/section><\/div>\n<div class=\"item item-6\">\n<section class=\"image-item\">\n            <img decoding=\"async\" src=\"https:\/\/upload.cdn.baselinker.com\/products\/14476\/031cef9df07296c1fed21d8e9ea46cb5.jpg\" \/><br \/>\n        <\/section>\n<\/p><\/div>\n<\/section>\n","protected":false},"excerpt":{"rendered":"<p>PODK\u0141ADKI ZABEZPIECZAJ\u0104CE M3-M10 ZESTAW\u00a0 720 szt. Informacje og\u00f3lne:\u00a0 Rodzaj: podk\u0142adki zapezpieczaj\u0105ce Ilo\u015b\u0107 sztuk w zestawie: 720 sztuk\u00a0 Rozmiar: 3-10 mm Funkcjonalny komplet zawiera 720 cz\u0119\u015bci o r\u00f3\u017cnych parametrach technicznych, co umo\u017cliwia bezproblemowe dopasowanie go do w\u0142asnych potrzeb. Podk\u0142adki umo\u017cliwiaj\u0105 zapezpieczenie pod mocwanie \u015brub i nakr\u0119tek, zapobiegaj\u0105 obluzowywaniu si\u0119 \u0142\u0105czonych element\u00f3w.\u00a0 odk\u0142adki zabezpieczaj\u0105ce nadaj\u0105 si\u0119 do<br \/><a class=\"more-link\" href=\"https:\/\/bobimarket.pl\/index.php\/produkt\/podkladki-zabezpieczajace-m3-m10-zestaw-720-szt\/\"><br \/>\n        Czytaj wi\u0119cej<span class=\"screen-reader-text\"> &#8222;PODK\u0141ADKI ZABEZPIECZAJ\u0104CE M3-M10 ZESTAW  720 szt.&#8221;<\/span><\/a><\/p>\n","protected":false},"featured_media":92448,"template":"","meta":[],"product_cat":[8081],"product_tag":[],"yoast_head":"<!-- This site is optimized with the Yoast SEO plugin v21.0 - https:\/\/yoast.com\/wordpress\/plugins\/seo\/ -->\n<title>PODK\u0141ADKI ZABEZPIECZAJ\u0104CE M3-M10 ZESTAW 720 szt. - BOBIMARKET.pl - Remontuj i urz\u0105dzaj z nami<\/title>\n<meta name=\"robots\" content=\"index, follow, max-snippet:-1, max-image-preview:large, max-video-preview:-1\" \/>\n<link rel=\"canonical\" href=\"https:\/\/bobimarket.pl\/index.php\/produkt\/podkladki-zabezpieczajace-m3-m10-zestaw-720-szt\/\" \/>\n<meta property=\"og:locale\" content=\"pl_PL\" \/>\n<meta property=\"og:type\" content=\"article\" \/>\n<meta property=\"og:title\" content=\"PODK\u0141ADKI ZABEZPIECZAJ\u0104CE M3-M10 ZESTAW 720 szt. - BOBIMARKET.pl - Remontuj i urz\u0105dzaj z nami\" \/>\n<meta property=\"og:description\" content=\"PODK\u0141ADKI ZABEZPIECZAJ\u0104CE M3-M10 ZESTAW\u00a0 720 szt. Informacje og\u00f3lne:\u00a0 Rodzaj: podk\u0142adki zapezpieczaj\u0105ce Ilo\u015b\u0107 sztuk w zestawie: 720 sztuk\u00a0 Rozmiar: 3-10 mm Funkcjonalny komplet zawiera 720 cz\u0119\u015bci o r\u00f3\u017cnych parametrach technicznych, co umo\u017cliwia bezproblemowe dopasowanie go do w\u0142asnych potrzeb. Podk\u0142adki umo\u017cliwiaj\u0105 zapezpieczenie pod mocwanie \u015brub i nakr\u0119tek, zapobiegaj\u0105 obluzowywaniu si\u0119 \u0142\u0105czonych element\u00f3w.\u00a0 odk\u0142adki zabezpieczaj\u0105ce nadaj\u0105 si\u0119 do     Czytaj wi\u0119cej &quot;PODK\u0141ADKI ZABEZPIECZAJ\u0104CE M3-M10 ZESTAW 720 szt.&quot;\" \/>\n<meta property=\"og:url\" content=\"https:\/\/bobimarket.pl\/index.php\/produkt\/podkladki-zabezpieczajace-m3-m10-zestaw-720-szt\/\" \/>\n<meta property=\"og:site_name\" content=\"BOBIMARKET.pl - Remontuj i urz\u0105dzaj z nami\" \/>\n<meta property=\"article:modified_time\" content=\"2025-02-27T15:55:13+00:00\" \/>\n<meta property=\"og:image\" content=\"https:\/\/upload.cdn.baselinker.com\/products\/14476\/21d53d545520cadb5ffdc190c04b5d36.jpg\" \/>\n<meta name=\"twitter:card\" content=\"summary_large_image\" \/>\n<meta name=\"twitter:label1\" content=\"Szacowany czas czytania\" \/>\n\t<meta name=\"twitter:data1\" content=\"1 minuta\" \/>\n<script type=\"application\/ld+json\" class=\"yoast-schema-graph\">{\"@context\":\"https:\/\/schema.org\",\"@graph\":[{\"@type\":\"WebPage\",\"@id\":\"https:\/\/bobimarket.pl\/index.php\/produkt\/podkladki-zabezpieczajace-m3-m10-zestaw-720-szt\/\",\"url\":\"https:\/\/bobimarket.pl\/index.php\/produkt\/podkladki-zabezpieczajace-m3-m10-zestaw-720-szt\/\",\"name\":\"PODK\u0141ADKI ZABEZPIECZAJ\u0104CE M3-M10 ZESTAW 720 szt. - BOBIMARKET.pl - Remontuj i urz\u0105dzaj z nami\",\"isPartOf\":{\"@id\":\"https:\/\/bobimarket.pl\/#website\"},\"datePublished\":\"2023-08-30T06:38:54+00:00\",\"dateModified\":\"2025-02-27T15:55:13+00:00\",\"breadcrumb\":{\"@id\":\"https:\/\/bobimarket.pl\/index.php\/produkt\/podkladki-zabezpieczajace-m3-m10-zestaw-720-szt\/#breadcrumb\"},\"inLanguage\":\"pl-PL\",\"potentialAction\":[{\"@type\":\"ReadAction\",\"target\":[\"https:\/\/bobimarket.pl\/index.php\/produkt\/podkladki-zabezpieczajace-m3-m10-zestaw-720-szt\/\"]}]},{\"@type\":\"BreadcrumbList\",\"@id\":\"https:\/\/bobimarket.pl\/index.php\/produkt\/podkladki-zabezpieczajace-m3-m10-zestaw-720-szt\/#breadcrumb\",\"itemListElement\":[{\"@type\":\"ListItem\",\"position\":1,\"name\":\"Strona g\u0142\u00f3wna\",\"item\":\"https:\/\/bobimarket.pl\/\"},{\"@type\":\"ListItem\",\"position\":2,\"name\":\"Sklep\",\"item\":\"https:\/\/bobimarket.pl\/index.php\/shop\/\"},{\"@type\":\"ListItem\",\"position\":3,\"name\":\"PODK\u0141ADKI ZABEZPIECZAJ\u0104CE M3-M10 ZESTAW 720 szt.\"}]},{\"@type\":\"WebSite\",\"@id\":\"https:\/\/bobimarket.pl\/#website\",\"url\":\"https:\/\/bobimarket.pl\/\",\"name\":\"BOBIMARKET.pl - Remontuj i urz\u0105dzaj z nami\",\"description\":\"Remontuj i urz\u0105dzaj z nami\",\"publisher\":{\"@id\":\"https:\/\/bobimarket.pl\/#organization\"},\"potentialAction\":[{\"@type\":\"SearchAction\",\"target\":{\"@type\":\"EntryPoint\",\"urlTemplate\":\"https:\/\/bobimarket.pl\/?s={search_term_string}\"},\"query-input\":\"required name=search_term_string\"}],\"inLanguage\":\"pl-PL\"},{\"@type\":\"Organization\",\"@id\":\"https:\/\/bobimarket.pl\/#organization\",\"name\":\"BOBIMARKET.pl\",\"url\":\"https:\/\/bobimarket.pl\/\",\"logo\":{\"@type\":\"ImageObject\",\"inLanguage\":\"pl-PL\",\"@id\":\"https:\/\/bobimarket.pl\/#\/schema\/logo\/image\/\",\"url\":\"https:\/\/bobimarket.pl\/wp-content\/uploads\/2021\/11\/slogan.png\",\"contentUrl\":\"https:\/\/bobimarket.pl\/wp-content\/uploads\/2021\/11\/slogan.png\",\"width\":2000,\"height\":384,\"caption\":\"BOBIMARKET.pl\"},\"image\":{\"@id\":\"https:\/\/bobimarket.pl\/#\/schema\/logo\/image\/\"}}]}<\/script>\n<!-- \/ Yoast SEO plugin. -->","yoast_head_json":{"title":"PODK\u0141ADKI ZABEZPIECZAJ\u0104CE M3-M10 ZESTAW 720 szt. - BOBIMARKET.pl - Remontuj i urz\u0105dzaj z nami","robots":{"index":"index","follow":"follow","max-snippet":"max-snippet:-1","max-image-preview":"max-image-preview:large","max-video-preview":"max-video-preview:-1"},"canonical":"https:\/\/bobimarket.pl\/index.php\/produkt\/podkladki-zabezpieczajace-m3-m10-zestaw-720-szt\/","og_locale":"pl_PL","og_type":"article","og_title":"PODK\u0141ADKI ZABEZPIECZAJ\u0104CE M3-M10 ZESTAW 720 szt. - BOBIMARKET.pl - Remontuj i urz\u0105dzaj z nami","og_description":"PODK\u0141ADKI ZABEZPIECZAJ\u0104CE M3-M10 ZESTAW\u00a0 720 szt. Informacje og\u00f3lne:\u00a0 Rodzaj: podk\u0142adki zapezpieczaj\u0105ce Ilo\u015b\u0107 sztuk w zestawie: 720 sztuk\u00a0 Rozmiar: 3-10 mm Funkcjonalny komplet zawiera 720 cz\u0119\u015bci o r\u00f3\u017cnych parametrach technicznych, co umo\u017cliwia bezproblemowe dopasowanie go do w\u0142asnych potrzeb. Podk\u0142adki umo\u017cliwiaj\u0105 zapezpieczenie pod mocwanie \u015brub i nakr\u0119tek, zapobiegaj\u0105 obluzowywaniu si\u0119 \u0142\u0105czonych element\u00f3w.\u00a0 odk\u0142adki zabezpieczaj\u0105ce nadaj\u0105 si\u0119 do     Czytaj wi\u0119cej \"PODK\u0141ADKI ZABEZPIECZAJ\u0104CE M3-M10 ZESTAW 720 szt.\"","og_url":"https:\/\/bobimarket.pl\/index.php\/produkt\/podkladki-zabezpieczajace-m3-m10-zestaw-720-szt\/","og_site_name":"BOBIMARKET.pl - Remontuj i urz\u0105dzaj z nami","article_modified_time":"2025-02-27T15:55:13+00:00","og_image":[{"url":"https:\/\/upload.cdn.baselinker.com\/products\/14476\/21d53d545520cadb5ffdc190c04b5d36.jpg"}],"twitter_card":"summary_large_image","twitter_misc":{"Szacowany czas czytania":"1 minuta"},"schema":{"@context":"https:\/\/schema.org","@graph":[{"@type":"WebPage","@id":"https:\/\/bobimarket.pl\/index.php\/produkt\/podkladki-zabezpieczajace-m3-m10-zestaw-720-szt\/","url":"https:\/\/bobimarket.pl\/index.php\/produkt\/podkladki-zabezpieczajace-m3-m10-zestaw-720-szt\/","name":"PODK\u0141ADKI ZABEZPIECZAJ\u0104CE M3-M10 ZESTAW 720 szt. - BOBIMARKET.pl - Remontuj i urz\u0105dzaj z nami","isPartOf":{"@id":"https:\/\/bobimarket.pl\/#website"},"datePublished":"2023-08-30T06:38:54+00:00","dateModified":"2025-02-27T15:55:13+00:00","breadcrumb":{"@id":"https:\/\/bobimarket.pl\/index.php\/produkt\/podkladki-zabezpieczajace-m3-m10-zestaw-720-szt\/#breadcrumb"},"inLanguage":"pl-PL","potentialAction":[{"@type":"ReadAction","target":["https:\/\/bobimarket.pl\/index.php\/produkt\/podkladki-zabezpieczajace-m3-m10-zestaw-720-szt\/"]}]},{"@type":"BreadcrumbList","@id":"https:\/\/bobimarket.pl\/index.php\/produkt\/podkladki-zabezpieczajace-m3-m10-zestaw-720-szt\/#breadcrumb","itemListElement":[{"@type":"ListItem","position":1,"name":"Strona g\u0142\u00f3wna","item":"https:\/\/bobimarket.pl\/"},{"@type":"ListItem","position":2,"name":"Sklep","item":"https:\/\/bobimarket.pl\/index.php\/shop\/"},{"@type":"ListItem","position":3,"name":"PODK\u0141ADKI ZABEZPIECZAJ\u0104CE M3-M10 ZESTAW 720 szt."}]},{"@type":"WebSite","@id":"https:\/\/bobimarket.pl\/#website","url":"https:\/\/bobimarket.pl\/","name":"BOBIMARKET.pl - Remontuj i urz\u0105dzaj z nami","description":"Remontuj i urz\u0105dzaj z nami","publisher":{"@id":"https:\/\/bobimarket.pl\/#organization"},"potentialAction":[{"@type":"SearchAction","target":{"@type":"EntryPoint","urlTemplate":"https:\/\/bobimarket.pl\/?s={search_term_string}"},"query-input":"required name=search_term_string"}],"inLanguage":"pl-PL"},{"@type":"Organization","@id":"https:\/\/bobimarket.pl\/#organization","name":"BOBIMARKET.pl","url":"https:\/\/bobimarket.pl\/","logo":{"@type":"ImageObject","inLanguage":"pl-PL","@id":"https:\/\/bobimarket.pl\/#\/schema\/logo\/image\/","url":"https:\/\/bobimarket.pl\/wp-content\/uploads\/2021\/11\/slogan.png","contentUrl":"https:\/\/bobimarket.pl\/wp-content\/uploads\/2021\/11\/slogan.png","width":2000,"height":384,"caption":"BOBIMARKET.pl"},"image":{"@id":"https:\/\/bobimarket.pl\/#\/schema\/logo\/image\/"}}]}},"_links":{"self":[{"href":"https:\/\/bobimarket.pl\/index.php\/wp-json\/wp\/v2\/product\/92455"}],"collection":[{"href":"https:\/\/bobimarket.pl\/index.php\/wp-json\/wp\/v2\/product"}],"about":[{"href":"https:\/\/bobimarket.pl\/index.php\/wp-json\/wp\/v2\/types\/product"}],"wp:featuredmedia":[{"embeddable":true,"href":"https:\/\/bobimarket.pl\/index.php\/wp-json\/wp\/v2\/media\/92448"}],"wp:attachment":[{"href":"https:\/\/bobimarket.pl\/index.php\/wp-json\/wp\/v2\/media?parent=92455"}],"wp:term":[{"taxonomy":"product_cat","embeddable":true,"href":"https:\/\/bobimarket.pl\/index.php\/wp-json\/wp\/v2\/product_cat?post=92455"},{"taxonomy":"product_tag","embeddable":true,"href":"https:\/\/bobimarket.pl\/index.php\/wp-json\/wp\/v2\/product_tag?post=92455"}],"curies":[{"name":"wp","href":"https:\/\/api.w.org\/{rel}","templated":true}]}}