{"id":92460,"date":"2023-08-30T06:39:06","date_gmt":"2023-08-30T06:39:06","guid":{"rendered":"https:\/\/bobimarket.pl\/index.php\/produkt\/nakretka-nakretki-metryczne-szesciokatne-300-szt\/"},"modified":"2025-02-27T15:55:16","modified_gmt":"2025-02-27T15:55:16","slug":"nakretka-nakretki-metryczne-szesciokatne-300-szt","status":"publish","type":"product","link":"https:\/\/bobimarket.pl\/index.php\/produkt\/nakretka-nakretki-metryczne-szesciokatne-300-szt\/","title":{"rendered":"NAKR\u0118TKA NAKR\u0118TKI METRYCZNE SZE\u015aCIOK\u0104TNE 300 szt."},"content":{"rendered":"<section class=\"section\">\n<div class=\"item item-12\">\n<section class=\"text-item\">\n<h2>NAKR\u0118TKA NAKR\u0118TKI METRYCZNE SZE\u015aCIOK\u0104TNE 300 szt.<\/h2>\n<p><b>Informacje og\u00f3lne:<\/b><\/p>\n<ul>\n<li>Rodzaj:<b> nakr\u0119tki <\/b><\/li>\n<li>Rodzaj gwintu: <b>metryczne<\/b><\/li>\n<li>Ilo\u015b\u0107 sztuk:<b> 300 sztuk <\/b><\/li>\n<li>Materia\u0142:<b> stal ocynkowana<\/b><\/li>\n<\/ul>\n<p><b>\u2705 Praktyczna i funkcjonalna nakr\u0119tka, kt\u00f3ra u\u0142atwi Twoje \u017cycie!<\/b><\/p>\n<p>Funkcjonalny komplet zawiera 300 cz\u0119\u015bci o r\u00f3\u017cnych parametrach technicznych, co umo\u017cliwia bezproblemowe dopasowanie go do w\u0142asnych potrzeb. Nakr\u0119tka metryczma to produkt, kt\u00f3ry zastosujesz w budownictwie i mechanice do \u0142\u0105czenia element\u00f3w z drewna i metalu.<\/p>\n<ul>\n<li>Uzupe\u0142nia \u015bruby o gwincie zewn\u0119trznym.<\/li>\n<li>Odporna na dzia\u0142anie zmiennych warunk\u00f3w atmosferycznych, wykonana z solidnych materia\u0142\u00f3w.<\/li>\n<\/ul>\n<p><b>\u2705 Ca\u0142o\u015b\u0107 umieszczono w wygodnym opakowaniu typu &#8222;sortownik&#8221;.<\/b><\/p>\n<ul>\n<li>Szczelnie zamykane pude\u0142ko zapobiega gubieniu si\u0119 poszczeg\u00f3lnych element\u00f3w zestawu.<\/li>\n<li>Ponadto u\u0142atwia utrzymanie porz\u0105dku w warsztacie oraz pozwala na swobodne przenoszenie ca\u0142ego kompletu.<\/li>\n<\/ul>\n<\/section><\/div>\n<\/section>\n<section class=\"section\">\n<div class=\"item item-12\">\n<section class=\"image-item\">\n            <img decoding=\"async\" src=\"https:\/\/upload.cdn.baselinker.com\/products\/14476\/8cb3ab4dea88237bf38465fe0bc54e70.jpg\" \/><br \/>\n        <\/section>\n<\/p><\/div>\n<\/section>\n<section class=\"section\">\n<div class=\"item item-12\">\n<section class=\"text-item\">\n<p><b>\u2705 Zawarto\u015b\u0107 zestawu: <\/b><\/p>\n<ul>\n<li>M3 x 80 sztuk<\/li>\n<li>M4 x 70 sztuk<\/li>\n<li>M5 x 70 sztuk<\/li>\n<li>M6 x 50 sztuk<\/li>\n<li>M8 x 20 sztuk<\/li>\n<li>M10 x 10sztuk<\/li>\n<\/ul>\n<\/section><\/div>\n<\/section>\n<section class=\"section\">\n<div class=\"item item-12\">\n<section class=\"image-item\">\n            <img decoding=\"async\" src=\"https:\/\/upload.cdn.baselinker.com\/products\/14476\/1cfb8ee106705df8ec91eb4eeb33807d.jpg\" \/><br \/>\n        <\/section>\n<\/p><\/div>\n<\/section>\n","protected":false},"excerpt":{"rendered":"<p>NAKR\u0118TKA NAKR\u0118TKI METRYCZNE SZE\u015aCIOK\u0104TNE 300 szt. Informacje og\u00f3lne: Rodzaj: nakr\u0119tki Rodzaj gwintu: metryczne Ilo\u015b\u0107 sztuk: 300 sztuk Materia\u0142: stal ocynkowana \u2705 Praktyczna i funkcjonalna nakr\u0119tka, kt\u00f3ra u\u0142atwi Twoje \u017cycie! Funkcjonalny komplet zawiera 300 cz\u0119\u015bci o r\u00f3\u017cnych parametrach technicznych, co umo\u017cliwia bezproblemowe dopasowanie go do w\u0142asnych potrzeb. Nakr\u0119tka metryczma to produkt, kt\u00f3ry zastosujesz w budownictwie i<br \/><a class=\"more-link\" href=\"https:\/\/bobimarket.pl\/index.php\/produkt\/nakretka-nakretki-metryczne-szesciokatne-300-szt\/\"><br \/>\n        Czytaj wi\u0119cej<span class=\"screen-reader-text\"> &#8222;NAKR\u0118TKA NAKR\u0118TKI METRYCZNE SZE\u015aCIOK\u0104TNE 300 szt.&#8221;<\/span><\/a><\/p>\n","protected":false},"featured_media":92456,"template":"","meta":[],"product_cat":[8081],"product_tag":[],"yoast_head":"<!-- This site is optimized with the Yoast SEO plugin v21.0 - https:\/\/yoast.com\/wordpress\/plugins\/seo\/ -->\n<title>NAKR\u0118TKA NAKR\u0118TKI METRYCZNE SZE\u015aCIOK\u0104TNE 300 szt. - BOBIMARKET.pl - Remontuj i urz\u0105dzaj z nami<\/title>\n<meta name=\"robots\" content=\"index, follow, max-snippet:-1, max-image-preview:large, max-video-preview:-1\" \/>\n<link rel=\"canonical\" href=\"https:\/\/bobimarket.pl\/index.php\/produkt\/nakretka-nakretki-metryczne-szesciokatne-300-szt\/\" \/>\n<meta property=\"og:locale\" content=\"pl_PL\" \/>\n<meta property=\"og:type\" content=\"article\" \/>\n<meta property=\"og:title\" content=\"NAKR\u0118TKA NAKR\u0118TKI METRYCZNE SZE\u015aCIOK\u0104TNE 300 szt. - BOBIMARKET.pl - Remontuj i urz\u0105dzaj z nami\" \/>\n<meta property=\"og:description\" content=\"NAKR\u0118TKA NAKR\u0118TKI METRYCZNE SZE\u015aCIOK\u0104TNE 300 szt. Informacje og\u00f3lne: Rodzaj: nakr\u0119tki Rodzaj gwintu: metryczne Ilo\u015b\u0107 sztuk: 300 sztuk Materia\u0142: stal ocynkowana \u2705 Praktyczna i funkcjonalna nakr\u0119tka, kt\u00f3ra u\u0142atwi Twoje \u017cycie! Funkcjonalny komplet zawiera 300 cz\u0119\u015bci o r\u00f3\u017cnych parametrach technicznych, co umo\u017cliwia bezproblemowe dopasowanie go do w\u0142asnych potrzeb. Nakr\u0119tka metryczma to produkt, kt\u00f3ry zastosujesz w budownictwie i     Czytaj wi\u0119cej &quot;NAKR\u0118TKA NAKR\u0118TKI METRYCZNE SZE\u015aCIOK\u0104TNE 300 szt.&quot;\" \/>\n<meta property=\"og:url\" content=\"https:\/\/bobimarket.pl\/index.php\/produkt\/nakretka-nakretki-metryczne-szesciokatne-300-szt\/\" \/>\n<meta property=\"og:site_name\" content=\"BOBIMARKET.pl - Remontuj i urz\u0105dzaj z nami\" \/>\n<meta property=\"article:modified_time\" content=\"2025-02-27T15:55:16+00:00\" \/>\n<meta property=\"og:image\" content=\"https:\/\/upload.cdn.baselinker.com\/products\/14476\/8cb3ab4dea88237bf38465fe0bc54e70.jpg\" \/>\n<meta name=\"twitter:card\" content=\"summary_large_image\" \/>\n<meta name=\"twitter:label1\" content=\"Szacowany czas czytania\" \/>\n\t<meta name=\"twitter:data1\" content=\"1 minuta\" \/>\n<script type=\"application\/ld+json\" class=\"yoast-schema-graph\">{\"@context\":\"https:\/\/schema.org\",\"@graph\":[{\"@type\":\"WebPage\",\"@id\":\"https:\/\/bobimarket.pl\/index.php\/produkt\/nakretka-nakretki-metryczne-szesciokatne-300-szt\/\",\"url\":\"https:\/\/bobimarket.pl\/index.php\/produkt\/nakretka-nakretki-metryczne-szesciokatne-300-szt\/\",\"name\":\"NAKR\u0118TKA NAKR\u0118TKI METRYCZNE SZE\u015aCIOK\u0104TNE 300 szt. - BOBIMARKET.pl - Remontuj i urz\u0105dzaj z nami\",\"isPartOf\":{\"@id\":\"https:\/\/bobimarket.pl\/#website\"},\"datePublished\":\"2023-08-30T06:39:06+00:00\",\"dateModified\":\"2025-02-27T15:55:16+00:00\",\"breadcrumb\":{\"@id\":\"https:\/\/bobimarket.pl\/index.php\/produkt\/nakretka-nakretki-metryczne-szesciokatne-300-szt\/#breadcrumb\"},\"inLanguage\":\"pl-PL\",\"potentialAction\":[{\"@type\":\"ReadAction\",\"target\":[\"https:\/\/bobimarket.pl\/index.php\/produkt\/nakretka-nakretki-metryczne-szesciokatne-300-szt\/\"]}]},{\"@type\":\"BreadcrumbList\",\"@id\":\"https:\/\/bobimarket.pl\/index.php\/produkt\/nakretka-nakretki-metryczne-szesciokatne-300-szt\/#breadcrumb\",\"itemListElement\":[{\"@type\":\"ListItem\",\"position\":1,\"name\":\"Strona g\u0142\u00f3wna\",\"item\":\"https:\/\/bobimarket.pl\/\"},{\"@type\":\"ListItem\",\"position\":2,\"name\":\"Sklep\",\"item\":\"https:\/\/bobimarket.pl\/index.php\/shop\/\"},{\"@type\":\"ListItem\",\"position\":3,\"name\":\"NAKR\u0118TKA NAKR\u0118TKI METRYCZNE SZE\u015aCIOK\u0104TNE 300 szt.\"}]},{\"@type\":\"WebSite\",\"@id\":\"https:\/\/bobimarket.pl\/#website\",\"url\":\"https:\/\/bobimarket.pl\/\",\"name\":\"BOBIMARKET.pl - Remontuj i urz\u0105dzaj z nami\",\"description\":\"Remontuj i urz\u0105dzaj z nami\",\"publisher\":{\"@id\":\"https:\/\/bobimarket.pl\/#organization\"},\"potentialAction\":[{\"@type\":\"SearchAction\",\"target\":{\"@type\":\"EntryPoint\",\"urlTemplate\":\"https:\/\/bobimarket.pl\/?s={search_term_string}\"},\"query-input\":\"required name=search_term_string\"}],\"inLanguage\":\"pl-PL\"},{\"@type\":\"Organization\",\"@id\":\"https:\/\/bobimarket.pl\/#organization\",\"name\":\"BOBIMARKET.pl\",\"url\":\"https:\/\/bobimarket.pl\/\",\"logo\":{\"@type\":\"ImageObject\",\"inLanguage\":\"pl-PL\",\"@id\":\"https:\/\/bobimarket.pl\/#\/schema\/logo\/image\/\",\"url\":\"https:\/\/bobimarket.pl\/wp-content\/uploads\/2021\/11\/slogan.png\",\"contentUrl\":\"https:\/\/bobimarket.pl\/wp-content\/uploads\/2021\/11\/slogan.png\",\"width\":2000,\"height\":384,\"caption\":\"BOBIMARKET.pl\"},\"image\":{\"@id\":\"https:\/\/bobimarket.pl\/#\/schema\/logo\/image\/\"}}]}<\/script>\n<!-- \/ Yoast SEO plugin. -->","yoast_head_json":{"title":"NAKR\u0118TKA NAKR\u0118TKI METRYCZNE SZE\u015aCIOK\u0104TNE 300 szt. - BOBIMARKET.pl - Remontuj i urz\u0105dzaj z nami","robots":{"index":"index","follow":"follow","max-snippet":"max-snippet:-1","max-image-preview":"max-image-preview:large","max-video-preview":"max-video-preview:-1"},"canonical":"https:\/\/bobimarket.pl\/index.php\/produkt\/nakretka-nakretki-metryczne-szesciokatne-300-szt\/","og_locale":"pl_PL","og_type":"article","og_title":"NAKR\u0118TKA NAKR\u0118TKI METRYCZNE SZE\u015aCIOK\u0104TNE 300 szt. - BOBIMARKET.pl - Remontuj i urz\u0105dzaj z nami","og_description":"NAKR\u0118TKA NAKR\u0118TKI METRYCZNE SZE\u015aCIOK\u0104TNE 300 szt. Informacje og\u00f3lne: Rodzaj: nakr\u0119tki Rodzaj gwintu: metryczne Ilo\u015b\u0107 sztuk: 300 sztuk Materia\u0142: stal ocynkowana \u2705 Praktyczna i funkcjonalna nakr\u0119tka, kt\u00f3ra u\u0142atwi Twoje \u017cycie! Funkcjonalny komplet zawiera 300 cz\u0119\u015bci o r\u00f3\u017cnych parametrach technicznych, co umo\u017cliwia bezproblemowe dopasowanie go do w\u0142asnych potrzeb. Nakr\u0119tka metryczma to produkt, kt\u00f3ry zastosujesz w budownictwie i     Czytaj wi\u0119cej \"NAKR\u0118TKA NAKR\u0118TKI METRYCZNE SZE\u015aCIOK\u0104TNE 300 szt.\"","og_url":"https:\/\/bobimarket.pl\/index.php\/produkt\/nakretka-nakretki-metryczne-szesciokatne-300-szt\/","og_site_name":"BOBIMARKET.pl - Remontuj i urz\u0105dzaj z nami","article_modified_time":"2025-02-27T15:55:16+00:00","og_image":[{"url":"https:\/\/upload.cdn.baselinker.com\/products\/14476\/8cb3ab4dea88237bf38465fe0bc54e70.jpg"}],"twitter_card":"summary_large_image","twitter_misc":{"Szacowany czas czytania":"1 minuta"},"schema":{"@context":"https:\/\/schema.org","@graph":[{"@type":"WebPage","@id":"https:\/\/bobimarket.pl\/index.php\/produkt\/nakretka-nakretki-metryczne-szesciokatne-300-szt\/","url":"https:\/\/bobimarket.pl\/index.php\/produkt\/nakretka-nakretki-metryczne-szesciokatne-300-szt\/","name":"NAKR\u0118TKA NAKR\u0118TKI METRYCZNE SZE\u015aCIOK\u0104TNE 300 szt. - BOBIMARKET.pl - Remontuj i urz\u0105dzaj z nami","isPartOf":{"@id":"https:\/\/bobimarket.pl\/#website"},"datePublished":"2023-08-30T06:39:06+00:00","dateModified":"2025-02-27T15:55:16+00:00","breadcrumb":{"@id":"https:\/\/bobimarket.pl\/index.php\/produkt\/nakretka-nakretki-metryczne-szesciokatne-300-szt\/#breadcrumb"},"inLanguage":"pl-PL","potentialAction":[{"@type":"ReadAction","target":["https:\/\/bobimarket.pl\/index.php\/produkt\/nakretka-nakretki-metryczne-szesciokatne-300-szt\/"]}]},{"@type":"BreadcrumbList","@id":"https:\/\/bobimarket.pl\/index.php\/produkt\/nakretka-nakretki-metryczne-szesciokatne-300-szt\/#breadcrumb","itemListElement":[{"@type":"ListItem","position":1,"name":"Strona g\u0142\u00f3wna","item":"https:\/\/bobimarket.pl\/"},{"@type":"ListItem","position":2,"name":"Sklep","item":"https:\/\/bobimarket.pl\/index.php\/shop\/"},{"@type":"ListItem","position":3,"name":"NAKR\u0118TKA NAKR\u0118TKI METRYCZNE SZE\u015aCIOK\u0104TNE 300 szt."}]},{"@type":"WebSite","@id":"https:\/\/bobimarket.pl\/#website","url":"https:\/\/bobimarket.pl\/","name":"BOBIMARKET.pl - Remontuj i urz\u0105dzaj z nami","description":"Remontuj i urz\u0105dzaj z nami","publisher":{"@id":"https:\/\/bobimarket.pl\/#organization"},"potentialAction":[{"@type":"SearchAction","target":{"@type":"EntryPoint","urlTemplate":"https:\/\/bobimarket.pl\/?s={search_term_string}"},"query-input":"required name=search_term_string"}],"inLanguage":"pl-PL"},{"@type":"Organization","@id":"https:\/\/bobimarket.pl\/#organization","name":"BOBIMARKET.pl","url":"https:\/\/bobimarket.pl\/","logo":{"@type":"ImageObject","inLanguage":"pl-PL","@id":"https:\/\/bobimarket.pl\/#\/schema\/logo\/image\/","url":"https:\/\/bobimarket.pl\/wp-content\/uploads\/2021\/11\/slogan.png","contentUrl":"https:\/\/bobimarket.pl\/wp-content\/uploads\/2021\/11\/slogan.png","width":2000,"height":384,"caption":"BOBIMARKET.pl"},"image":{"@id":"https:\/\/bobimarket.pl\/#\/schema\/logo\/image\/"}}]}},"_links":{"self":[{"href":"https:\/\/bobimarket.pl\/index.php\/wp-json\/wp\/v2\/product\/92460"}],"collection":[{"href":"https:\/\/bobimarket.pl\/index.php\/wp-json\/wp\/v2\/product"}],"about":[{"href":"https:\/\/bobimarket.pl\/index.php\/wp-json\/wp\/v2\/types\/product"}],"wp:featuredmedia":[{"embeddable":true,"href":"https:\/\/bobimarket.pl\/index.php\/wp-json\/wp\/v2\/media\/92456"}],"wp:attachment":[{"href":"https:\/\/bobimarket.pl\/index.php\/wp-json\/wp\/v2\/media?parent=92460"}],"wp:term":[{"taxonomy":"product_cat","embeddable":true,"href":"https:\/\/bobimarket.pl\/index.php\/wp-json\/wp\/v2\/product_cat?post=92460"},{"taxonomy":"product_tag","embeddable":true,"href":"https:\/\/bobimarket.pl\/index.php\/wp-json\/wp\/v2\/product_tag?post=92460"}],"curies":[{"name":"wp","href":"https:\/\/api.w.org\/{rel}","templated":true}]}}