{"id":92519,"date":"2023-08-30T06:43:08","date_gmt":"2023-08-30T06:43:08","guid":{"rendered":"https:\/\/bobimarket.pl\/index.php\/produkt\/plandeka-wzmacniana-odporna-okrycie-4x6-m-50-g-m2\/"},"modified":"2025-02-27T15:55:41","modified_gmt":"2025-02-27T15:55:41","slug":"plandeka-wzmacniana-odporna-okrycie-4x6-m-50-g-m2","status":"publish","type":"product","link":"https:\/\/bobimarket.pl\/index.php\/produkt\/plandeka-wzmacniana-odporna-okrycie-4x6-m-50-g-m2\/","title":{"rendered":"PLANDEKA WZMACNIANA ODPORNA OKRYCIE 4&#215;6 m 50 g\/m2"},"content":{"rendered":"<section class=\"section\">\n<div class=\"item item-12\">\n<section class=\"text-item\">\n<h2>PLANDEKA WZMACNIANA ODPORNA OKRYCIE 4&#215;6 m 50 g\/m2<\/h2>\n<p><b>Informacje og\u00f3lne:<\/b><\/p>\n<ul>\n<li>Gramatura: <b>50 g\/m\u00b2<\/b><\/li>\n<li>Wymiar:<b> 4 m x 6 m <\/b><\/li>\n<li>Rodzaj:<b> plandeka<\/b><\/li>\n<li>Kolor: <b>niebieska<\/b><\/li>\n<li><b>Wzmocniona kraw\u0119d\u017a PP<\/b><\/li>\n<li><b> Oczka aluminiowe co 1 m <\/b><\/li>\n<li>Przeznaczenie: <b>okrywanie i zabezpieczanie przedmiot\u00f3w<\/b> <b>(zar\u00f3wno wewn\u0105trz, jak i na zewn\u0105trz pomieszcze\u0144)<\/b><\/li>\n<\/ul>\n<\/section><\/div>\n<\/section>\n<section class=\"section\">\n<div class=\"item item-12\">\n<section class=\"image-item\">\n            <img decoding=\"async\" src=\"https:\/\/upload.cdn.baselinker.com\/products\/14476\/63e72e03e662bfcba0978be07ff44144.jpg\" \/><br \/>\n        <\/section>\n<\/p><\/div>\n<\/section>\n<section class=\"section\">\n<div class=\"item item-12\">\n<section class=\"text-item\">\n<h2>PLANDEKA ZABEZPIECZAJ\u0104CA<\/h2>\n<p>Klasyczna plandeka, z pomoc\u0105 kt\u00f3rej zabezpieczysz r\u00f3\u017cnego rodzaju przedmioty. Mo\u017ce by\u0107 stosowana zar\u00f3wno wewn\u0105trz, jak i na zewn\u0105trz. Dzi\u0119ki niej z \u0142atwo\u015bci\u0105 os\u0142onisz i zakryjesz r\u00f3\u017cnego rodzaju przedmiotu lub zacienisz wybrany obszar.<\/p>\n<ul>\n<li>Zabezpiecz maszyny, narz\u0119dzia, drewno\u00a0 przed dzia\u0142aniem szkodliwych czynnik\u00f3w atmosferycznych.<\/li>\n<li>Do ochrony przed kurzem i brudem r\u00f3\u017cnego rodzaju obiekt\u00f3w i towar\u00f3w np. na halach produkcyjnych.<\/li>\n<\/ul>\n<p><b>\u2705 Wodoodporne<\/b><\/p>\n<p><b>\u2705 Mrozoodporne<\/b><\/p>\n<p><b>\u2705 \u0141atwo zmywalne<\/b><\/p>\n<\/section><\/div>\n<\/section>\n<section class=\"section\">\n<div class=\"item item-12\">\n<section class=\"image-item\">\n            <img decoding=\"async\" src=\"https:\/\/upload.cdn.baselinker.com\/products\/14476\/63e72e03e662bfcba0978be07ff44144.jpg\" \/><br \/>\n        <\/section>\n<\/p><\/div>\n<\/section>\n<section class=\"section\">\n<div class=\"item item-12\">\n<section class=\"text-item\">\n<h2>\u2705 UNIWERSALNO\u015a\u0106 I FUNKCJONALNO\u015a\u0106 W JEDNYM<\/h2>\n<p>Sprawdzi si\u0119\u00a0 do tymczasowego okrywania i zabezpieczania przedmiot\u00f3w (wewn\u0105trz i na zewn\u0105trz ). Plandeka mo\u017ce zosta\u0107 wykorzystana na wiele sposob\u00f3w. Oto kilka z nich:<\/p>\n<ul>\n<li>Zabezpiecz meble ogrodowe poza sezonem.<\/li>\n<li>Ochro\u0144 drewno na opa\u0142 podczas zimy.<\/li>\n<li>U\u017cyj jako okrycie wiat lub jako \u015bciank\u0119 dzia\u0142ow\u0105 w gara\u017cu.<\/li>\n<li>Wykorzystaj j\u0105 jako nakrycie ochronne samochodu, motocyklu lub przyczepy.<\/li>\n<\/ul>\n<\/section><\/div>\n<\/section>\n<section class=\"section\">\n<div class=\"item item-12\">\n<section class=\"image-item\">\n            <img decoding=\"async\" src=\"https:\/\/upload.cdn.baselinker.com\/products\/14476\/63e72e03e662bfcba0978be07ff44144.jpg\" \/><br \/>\n        <\/section>\n<\/p><\/div>\n<\/section>\n<section class=\"section\">\n<div class=\"item item-12\">\n<section class=\"text-item\">\n<h2>\u2705 WYTRZYMA\u0141A i SOLIDNA<\/h2>\n<ul>\n<li>Odpowiednio dobrana gramatura plandeki ( 50 g\/m\u00b2) sprawia, \u017ce jest ona <b>wytrzyma\u0142a<\/b>, ale jednocze\u015bnie mo\u017cna j\u0105 w dowolny spos\u00f3b kszta\u0142towa\u0107. Dodatkowo jest odporna na dzia\u0142anie warunk\u00f3w atmosferycznych ( deszcze, \u015bnieg itp.)<\/li>\n<\/ul>\n<ul>\n<li><b>Wzmocnione ( podw\u00f3jnie obszyte) brzegi<\/b> plandeki wzmacniaj\u0105 jej odporno\u015b\u0107 i zapobiegaj\u0105 rozdarciem. Mo\u017ce by\u0107 wykorzystana w przemy\u015ble, ogrodnictwie lub do u\u017cytku domowego.<\/li>\n<\/ul>\n<ul>\n<li>Plandeka dodatkowo zosta\u0142a wyposa\u017cona w oczka aluminiowe ( co 1 m). <b>Oczka u\u0142atwiaj\u0105 monta\u017c.<\/b> Mocowanie plandeki odbywa si\u0119 szybko i bezproblemowo!<\/li>\n<\/ul>\n<\/section><\/div>\n<\/section>\n","protected":false},"excerpt":{"rendered":"<p>PLANDEKA WZMACNIANA ODPORNA OKRYCIE 4&#215;6 m 50 g\/m2 Informacje og\u00f3lne: Gramatura: 50 g\/m\u00b2 Wymiar: 4 m x 6 m Rodzaj: plandeka Kolor: niebieska Wzmocniona kraw\u0119d\u017a PP Oczka aluminiowe co 1 m Przeznaczenie: okrywanie i zabezpieczanie przedmiot\u00f3w (zar\u00f3wno wewn\u0105trz, jak i na zewn\u0105trz pomieszcze\u0144) PLANDEKA ZABEZPIECZAJ\u0104CA Klasyczna plandeka, z pomoc\u0105 kt\u00f3rej zabezpieczysz r\u00f3\u017cnego rodzaju przedmioty. Mo\u017ce<br \/><a class=\"more-link\" href=\"https:\/\/bobimarket.pl\/index.php\/produkt\/plandeka-wzmacniana-odporna-okrycie-4x6-m-50-g-m2\/\"><br \/>\n        Czytaj wi\u0119cej<span class=\"screen-reader-text\"> &#8222;PLANDEKA WZMACNIANA ODPORNA OKRYCIE 4&#215;6 m 50 g\/m2&#8221;<\/span><\/a><\/p>\n","protected":false},"featured_media":92518,"template":"","meta":[],"product_cat":[8373],"product_tag":[],"yoast_head":"<!-- This site is optimized with the Yoast SEO plugin v21.0 - https:\/\/yoast.com\/wordpress\/plugins\/seo\/ -->\n<title>PLANDEKA WZMACNIANA ODPORNA OKRYCIE 4x6 m 50 g\/m2 - BOBIMARKET.pl - Remontuj i urz\u0105dzaj z nami<\/title>\n<meta name=\"robots\" content=\"index, follow, max-snippet:-1, max-image-preview:large, max-video-preview:-1\" \/>\n<link rel=\"canonical\" href=\"https:\/\/bobimarket.pl\/index.php\/produkt\/plandeka-wzmacniana-odporna-okrycie-4x6-m-50-g-m2\/\" \/>\n<meta property=\"og:locale\" content=\"pl_PL\" \/>\n<meta property=\"og:type\" content=\"article\" \/>\n<meta property=\"og:title\" content=\"PLANDEKA WZMACNIANA ODPORNA OKRYCIE 4x6 m 50 g\/m2 - BOBIMARKET.pl - Remontuj i urz\u0105dzaj z nami\" \/>\n<meta property=\"og:description\" content=\"PLANDEKA WZMACNIANA ODPORNA OKRYCIE 4&#215;6 m 50 g\/m2 Informacje og\u00f3lne: Gramatura: 50 g\/m\u00b2 Wymiar: 4 m x 6 m Rodzaj: plandeka Kolor: niebieska Wzmocniona kraw\u0119d\u017a PP Oczka aluminiowe co 1 m Przeznaczenie: okrywanie i zabezpieczanie przedmiot\u00f3w (zar\u00f3wno wewn\u0105trz, jak i na zewn\u0105trz pomieszcze\u0144) PLANDEKA ZABEZPIECZAJ\u0104CA Klasyczna plandeka, z pomoc\u0105 kt\u00f3rej zabezpieczysz r\u00f3\u017cnego rodzaju przedmioty. Mo\u017ce     Czytaj wi\u0119cej &quot;PLANDEKA WZMACNIANA ODPORNA OKRYCIE 4&#215;6 m 50 g\/m2&quot;\" \/>\n<meta property=\"og:url\" content=\"https:\/\/bobimarket.pl\/index.php\/produkt\/plandeka-wzmacniana-odporna-okrycie-4x6-m-50-g-m2\/\" \/>\n<meta property=\"og:site_name\" content=\"BOBIMARKET.pl - Remontuj i urz\u0105dzaj z nami\" \/>\n<meta property=\"article:modified_time\" content=\"2025-02-27T15:55:41+00:00\" \/>\n<meta property=\"og:image\" content=\"https:\/\/upload.cdn.baselinker.com\/products\/14476\/63e72e03e662bfcba0978be07ff44144.jpg\" \/>\n<meta name=\"twitter:card\" content=\"summary_large_image\" \/>\n<meta name=\"twitter:label1\" content=\"Szacowany czas czytania\" \/>\n\t<meta name=\"twitter:data1\" content=\"1 minuta\" \/>\n<script type=\"application\/ld+json\" class=\"yoast-schema-graph\">{\"@context\":\"https:\/\/schema.org\",\"@graph\":[{\"@type\":\"WebPage\",\"@id\":\"https:\/\/bobimarket.pl\/index.php\/produkt\/plandeka-wzmacniana-odporna-okrycie-4x6-m-50-g-m2\/\",\"url\":\"https:\/\/bobimarket.pl\/index.php\/produkt\/plandeka-wzmacniana-odporna-okrycie-4x6-m-50-g-m2\/\",\"name\":\"PLANDEKA WZMACNIANA ODPORNA OKRYCIE 4x6 m 50 g\/m2 - BOBIMARKET.pl - Remontuj i urz\u0105dzaj z nami\",\"isPartOf\":{\"@id\":\"https:\/\/bobimarket.pl\/#website\"},\"datePublished\":\"2023-08-30T06:43:08+00:00\",\"dateModified\":\"2025-02-27T15:55:41+00:00\",\"breadcrumb\":{\"@id\":\"https:\/\/bobimarket.pl\/index.php\/produkt\/plandeka-wzmacniana-odporna-okrycie-4x6-m-50-g-m2\/#breadcrumb\"},\"inLanguage\":\"pl-PL\",\"potentialAction\":[{\"@type\":\"ReadAction\",\"target\":[\"https:\/\/bobimarket.pl\/index.php\/produkt\/plandeka-wzmacniana-odporna-okrycie-4x6-m-50-g-m2\/\"]}]},{\"@type\":\"BreadcrumbList\",\"@id\":\"https:\/\/bobimarket.pl\/index.php\/produkt\/plandeka-wzmacniana-odporna-okrycie-4x6-m-50-g-m2\/#breadcrumb\",\"itemListElement\":[{\"@type\":\"ListItem\",\"position\":1,\"name\":\"Strona g\u0142\u00f3wna\",\"item\":\"https:\/\/bobimarket.pl\/\"},{\"@type\":\"ListItem\",\"position\":2,\"name\":\"Sklep\",\"item\":\"https:\/\/bobimarket.pl\/index.php\/shop\/\"},{\"@type\":\"ListItem\",\"position\":3,\"name\":\"PLANDEKA WZMACNIANA ODPORNA OKRYCIE 4&#215;6 m 50 g\/m2\"}]},{\"@type\":\"WebSite\",\"@id\":\"https:\/\/bobimarket.pl\/#website\",\"url\":\"https:\/\/bobimarket.pl\/\",\"name\":\"BOBIMARKET.pl - Remontuj i urz\u0105dzaj z nami\",\"description\":\"Remontuj i urz\u0105dzaj z nami\",\"publisher\":{\"@id\":\"https:\/\/bobimarket.pl\/#organization\"},\"potentialAction\":[{\"@type\":\"SearchAction\",\"target\":{\"@type\":\"EntryPoint\",\"urlTemplate\":\"https:\/\/bobimarket.pl\/?s={search_term_string}\"},\"query-input\":\"required name=search_term_string\"}],\"inLanguage\":\"pl-PL\"},{\"@type\":\"Organization\",\"@id\":\"https:\/\/bobimarket.pl\/#organization\",\"name\":\"BOBIMARKET.pl\",\"url\":\"https:\/\/bobimarket.pl\/\",\"logo\":{\"@type\":\"ImageObject\",\"inLanguage\":\"pl-PL\",\"@id\":\"https:\/\/bobimarket.pl\/#\/schema\/logo\/image\/\",\"url\":\"https:\/\/bobimarket.pl\/wp-content\/uploads\/2021\/11\/slogan.png\",\"contentUrl\":\"https:\/\/bobimarket.pl\/wp-content\/uploads\/2021\/11\/slogan.png\",\"width\":2000,\"height\":384,\"caption\":\"BOBIMARKET.pl\"},\"image\":{\"@id\":\"https:\/\/bobimarket.pl\/#\/schema\/logo\/image\/\"}}]}<\/script>\n<!-- \/ Yoast SEO plugin. -->","yoast_head_json":{"title":"PLANDEKA WZMACNIANA ODPORNA OKRYCIE 4x6 m 50 g\/m2 - BOBIMARKET.pl - Remontuj i urz\u0105dzaj z nami","robots":{"index":"index","follow":"follow","max-snippet":"max-snippet:-1","max-image-preview":"max-image-preview:large","max-video-preview":"max-video-preview:-1"},"canonical":"https:\/\/bobimarket.pl\/index.php\/produkt\/plandeka-wzmacniana-odporna-okrycie-4x6-m-50-g-m2\/","og_locale":"pl_PL","og_type":"article","og_title":"PLANDEKA WZMACNIANA ODPORNA OKRYCIE 4x6 m 50 g\/m2 - BOBIMARKET.pl - Remontuj i urz\u0105dzaj z nami","og_description":"PLANDEKA WZMACNIANA ODPORNA OKRYCIE 4&#215;6 m 50 g\/m2 Informacje og\u00f3lne: Gramatura: 50 g\/m\u00b2 Wymiar: 4 m x 6 m Rodzaj: plandeka Kolor: niebieska Wzmocniona kraw\u0119d\u017a PP Oczka aluminiowe co 1 m Przeznaczenie: okrywanie i zabezpieczanie przedmiot\u00f3w (zar\u00f3wno wewn\u0105trz, jak i na zewn\u0105trz pomieszcze\u0144) PLANDEKA ZABEZPIECZAJ\u0104CA Klasyczna plandeka, z pomoc\u0105 kt\u00f3rej zabezpieczysz r\u00f3\u017cnego rodzaju przedmioty. Mo\u017ce     Czytaj wi\u0119cej \"PLANDEKA WZMACNIANA ODPORNA OKRYCIE 4&#215;6 m 50 g\/m2\"","og_url":"https:\/\/bobimarket.pl\/index.php\/produkt\/plandeka-wzmacniana-odporna-okrycie-4x6-m-50-g-m2\/","og_site_name":"BOBIMARKET.pl - Remontuj i urz\u0105dzaj z nami","article_modified_time":"2025-02-27T15:55:41+00:00","og_image":[{"url":"https:\/\/upload.cdn.baselinker.com\/products\/14476\/63e72e03e662bfcba0978be07ff44144.jpg"}],"twitter_card":"summary_large_image","twitter_misc":{"Szacowany czas czytania":"1 minuta"},"schema":{"@context":"https:\/\/schema.org","@graph":[{"@type":"WebPage","@id":"https:\/\/bobimarket.pl\/index.php\/produkt\/plandeka-wzmacniana-odporna-okrycie-4x6-m-50-g-m2\/","url":"https:\/\/bobimarket.pl\/index.php\/produkt\/plandeka-wzmacniana-odporna-okrycie-4x6-m-50-g-m2\/","name":"PLANDEKA WZMACNIANA ODPORNA OKRYCIE 4x6 m 50 g\/m2 - BOBIMARKET.pl - Remontuj i urz\u0105dzaj z nami","isPartOf":{"@id":"https:\/\/bobimarket.pl\/#website"},"datePublished":"2023-08-30T06:43:08+00:00","dateModified":"2025-02-27T15:55:41+00:00","breadcrumb":{"@id":"https:\/\/bobimarket.pl\/index.php\/produkt\/plandeka-wzmacniana-odporna-okrycie-4x6-m-50-g-m2\/#breadcrumb"},"inLanguage":"pl-PL","potentialAction":[{"@type":"ReadAction","target":["https:\/\/bobimarket.pl\/index.php\/produkt\/plandeka-wzmacniana-odporna-okrycie-4x6-m-50-g-m2\/"]}]},{"@type":"BreadcrumbList","@id":"https:\/\/bobimarket.pl\/index.php\/produkt\/plandeka-wzmacniana-odporna-okrycie-4x6-m-50-g-m2\/#breadcrumb","itemListElement":[{"@type":"ListItem","position":1,"name":"Strona g\u0142\u00f3wna","item":"https:\/\/bobimarket.pl\/"},{"@type":"ListItem","position":2,"name":"Sklep","item":"https:\/\/bobimarket.pl\/index.php\/shop\/"},{"@type":"ListItem","position":3,"name":"PLANDEKA WZMACNIANA ODPORNA OKRYCIE 4&#215;6 m 50 g\/m2"}]},{"@type":"WebSite","@id":"https:\/\/bobimarket.pl\/#website","url":"https:\/\/bobimarket.pl\/","name":"BOBIMARKET.pl - Remontuj i urz\u0105dzaj z nami","description":"Remontuj i urz\u0105dzaj z nami","publisher":{"@id":"https:\/\/bobimarket.pl\/#organization"},"potentialAction":[{"@type":"SearchAction","target":{"@type":"EntryPoint","urlTemplate":"https:\/\/bobimarket.pl\/?s={search_term_string}"},"query-input":"required name=search_term_string"}],"inLanguage":"pl-PL"},{"@type":"Organization","@id":"https:\/\/bobimarket.pl\/#organization","name":"BOBIMARKET.pl","url":"https:\/\/bobimarket.pl\/","logo":{"@type":"ImageObject","inLanguage":"pl-PL","@id":"https:\/\/bobimarket.pl\/#\/schema\/logo\/image\/","url":"https:\/\/bobimarket.pl\/wp-content\/uploads\/2021\/11\/slogan.png","contentUrl":"https:\/\/bobimarket.pl\/wp-content\/uploads\/2021\/11\/slogan.png","width":2000,"height":384,"caption":"BOBIMARKET.pl"},"image":{"@id":"https:\/\/bobimarket.pl\/#\/schema\/logo\/image\/"}}]}},"_links":{"self":[{"href":"https:\/\/bobimarket.pl\/index.php\/wp-json\/wp\/v2\/product\/92519"}],"collection":[{"href":"https:\/\/bobimarket.pl\/index.php\/wp-json\/wp\/v2\/product"}],"about":[{"href":"https:\/\/bobimarket.pl\/index.php\/wp-json\/wp\/v2\/types\/product"}],"wp:featuredmedia":[{"embeddable":true,"href":"https:\/\/bobimarket.pl\/index.php\/wp-json\/wp\/v2\/media\/92518"}],"wp:attachment":[{"href":"https:\/\/bobimarket.pl\/index.php\/wp-json\/wp\/v2\/media?parent=92519"}],"wp:term":[{"taxonomy":"product_cat","embeddable":true,"href":"https:\/\/bobimarket.pl\/index.php\/wp-json\/wp\/v2\/product_cat?post=92519"},{"taxonomy":"product_tag","embeddable":true,"href":"https:\/\/bobimarket.pl\/index.php\/wp-json\/wp\/v2\/product_tag?post=92519"}],"curies":[{"name":"wp","href":"https:\/\/api.w.org\/{rel}","templated":true}]}}