{"id":92557,"date":"2023-08-30T06:44:42","date_gmt":"2023-08-30T06:44:42","guid":{"rendered":"https:\/\/bobimarket.pl\/index.php\/produkt\/wiertlo-gwintujace-hss-m8-gwintowniki-hex\/"},"modified":"2025-02-27T15:56:19","modified_gmt":"2025-02-27T15:56:19","slug":"wiertlo-gwintujace-hss-m8-gwintowniki-hex","status":"publish","type":"product","link":"https:\/\/bobimarket.pl\/index.php\/produkt\/wiertlo-gwintujace-hss-m8-gwintowniki-hex\/","title":{"rendered":"WIERT\u0141O GWINTUJ\u0104CE HSS M8 GWINTOWNIKI HEX"},"content":{"rendered":"<section class=\"section\">\n<div class=\"item item-12\">\n<section class=\"text-item\">\n<h2>WIERT\u0141O GWINTUJ\u0104CE HSS M8 GWINTOWNIKI HEX<\/h2>\n<p><b>Dane techniczne:<\/b><\/p>\n<ul>\n<li>Rozmiar: <b>M8 x 1.25 x 58 mm<\/b><\/li>\n<li>Materia\u0142: <b>stal HSS<\/b><\/li>\n<li>Chwyt: <b>quick change, HEX (1\/4&#8243;)<\/b><\/li>\n<\/ul>\n<\/section><\/div>\n<\/section>\n<section class=\"section\">\n<div class=\"item item-12\">\n<section class=\"image-item\">\n            <img decoding=\"async\" src=\"https:\/\/upload.cdn.baselinker.com\/products\/14476\/027facf1c5816a9c984cd7995c3aad0d.jpg\" \/><br \/>\n        <\/section>\n<\/p><\/div>\n<\/section>\n<section class=\"section\">\n<div class=\"item item-12\">\n<section class=\"text-item\">\n<h2>Praktyczny element wyposa\u017cenia Twojej skrzynki narz\u0119dziowej!<\/h2>\n<p>Solidne wiert\u0142o gwintuj\u0105ce wykonane ze<b> stali szybkotn\u0105cej HSS.<\/b> Wyposa\u017cone w sze\u015bciok\u0105tny uchwyt typu quick change HEX. Jest to gwintowniki z funkcj\u0105 wiercenia &#8211; mo\u017ce s\u0142u\u017cy\u0107 jednocze\u015bnie do wiercenia otworu i nacinania nowych gwint\u00f3w, kt\u00f3re zapewniaj\u0105 p\u0142ynne gwintowanie.<\/p>\n<p>\u2705 Wiercenie i gwintowanie jednym narz\u0119dziem.<\/p>\n<p>\u2705 Szybka wymiana wiert\u0142a, dzi\u0119ki ko\u0144c\u00f3wce<b> QUICK CHANGE.<\/b><\/p>\n<\/section><\/div>\n<\/section>\n<section class=\"section\">\n<div class=\"item item-12\">\n<section class=\"image-item\">\n            <img decoding=\"async\" src=\"https:\/\/upload.cdn.baselinker.com\/products\/14476\/0f44213d7d6ce7d7f79068a7aaefad6e.jpg\" \/><br \/>\n        <\/section>\n<\/p><\/div>\n<\/section>\n<section class=\"section\">\n<div class=\"item item-12\">\n<section class=\"text-item\">\n<p><b>\u2705 Zastosowanie:<\/b><\/p>\n<p>Z pomoc\u0105 wiert\u0142a skutecznie wykonasz gwint jednym narz\u0119dziem. Nie musisz posiada\u0107 dw\u00f3ch narz\u0119dzi, wiert\u0142a i gwintownika osobno. Ko\u0144c\u00f3wki do gwintownik\u00f3w zwi\u0119kszaj\u0105 wydajno\u015b\u0107 pracy, umo\u017cliwiaj\u0105c wiercenie i gwintowanie w jednym przej\u015bciu.<\/p>\n<ul>\n<li>Dzi\u0119ki precyzyjnemu wykonaniu pozwala na dok\u0142adne wiercenie nawet na wysokich obrotach.<\/li>\n<li>Zalecana praca wierte\u0142\u00a0kombinowanych na wolnych obrotach, wskazane u\u017cywanie\u00a0ch\u0142odziwa podczas pracy.<\/li>\n<\/ul>\n<\/section><\/div>\n<\/section>\n","protected":false},"excerpt":{"rendered":"<p>WIERT\u0141O GWINTUJ\u0104CE HSS M8 GWINTOWNIKI HEX Dane techniczne: Rozmiar: M8 x 1.25 x 58 mm Materia\u0142: stal HSS Chwyt: quick change, HEX (1\/4&#8243;) Praktyczny element wyposa\u017cenia Twojej skrzynki narz\u0119dziowej! Solidne wiert\u0142o gwintuj\u0105ce wykonane ze stali szybkotn\u0105cej HSS. Wyposa\u017cone w sze\u015bciok\u0105tny uchwyt typu quick change HEX. Jest to gwintowniki z funkcj\u0105 wiercenia &#8211; mo\u017ce s\u0142u\u017cy\u0107 jednocze\u015bnie<br \/><a class=\"more-link\" href=\"https:\/\/bobimarket.pl\/index.php\/produkt\/wiertlo-gwintujace-hss-m8-gwintowniki-hex\/\"><br \/>\n        Czytaj wi\u0119cej<span class=\"screen-reader-text\"> &#8222;WIERT\u0141O GWINTUJ\u0104CE HSS M8 GWINTOWNIKI HEX&#8221;<\/span><\/a><\/p>\n","protected":false},"featured_media":92554,"template":"","meta":[],"product_cat":[8108],"product_tag":[],"yoast_head":"<!-- This site is optimized with the Yoast SEO plugin v21.0 - https:\/\/yoast.com\/wordpress\/plugins\/seo\/ -->\n<title>WIERT\u0141O GWINTUJ\u0104CE HSS M8 GWINTOWNIKI HEX - BOBIMARKET.pl - Remontuj i urz\u0105dzaj z nami<\/title>\n<meta name=\"robots\" content=\"index, follow, max-snippet:-1, max-image-preview:large, max-video-preview:-1\" \/>\n<link rel=\"canonical\" href=\"https:\/\/bobimarket.pl\/index.php\/produkt\/wiertlo-gwintujace-hss-m8-gwintowniki-hex\/\" \/>\n<meta property=\"og:locale\" content=\"pl_PL\" \/>\n<meta property=\"og:type\" content=\"article\" \/>\n<meta property=\"og:title\" content=\"WIERT\u0141O GWINTUJ\u0104CE HSS M8 GWINTOWNIKI HEX - BOBIMARKET.pl - Remontuj i urz\u0105dzaj z nami\" \/>\n<meta property=\"og:description\" content=\"WIERT\u0141O GWINTUJ\u0104CE HSS M8 GWINTOWNIKI HEX Dane techniczne: Rozmiar: M8 x 1.25 x 58 mm Materia\u0142: stal HSS Chwyt: quick change, HEX (1\/4&#8243;) Praktyczny element wyposa\u017cenia Twojej skrzynki narz\u0119dziowej! Solidne wiert\u0142o gwintuj\u0105ce wykonane ze stali szybkotn\u0105cej HSS. Wyposa\u017cone w sze\u015bciok\u0105tny uchwyt typu quick change HEX. Jest to gwintowniki z funkcj\u0105 wiercenia &#8211; mo\u017ce s\u0142u\u017cy\u0107 jednocze\u015bnie     Czytaj wi\u0119cej &quot;WIERT\u0141O GWINTUJ\u0104CE HSS M8 GWINTOWNIKI HEX&quot;\" \/>\n<meta property=\"og:url\" content=\"https:\/\/bobimarket.pl\/index.php\/produkt\/wiertlo-gwintujace-hss-m8-gwintowniki-hex\/\" \/>\n<meta property=\"og:site_name\" content=\"BOBIMARKET.pl - Remontuj i urz\u0105dzaj z nami\" \/>\n<meta property=\"article:modified_time\" content=\"2025-02-27T15:56:19+00:00\" \/>\n<meta property=\"og:image\" content=\"https:\/\/upload.cdn.baselinker.com\/products\/14476\/027facf1c5816a9c984cd7995c3aad0d.jpg\" \/>\n<meta name=\"twitter:card\" content=\"summary_large_image\" \/>\n<meta name=\"twitter:label1\" content=\"Szacowany czas czytania\" \/>\n\t<meta name=\"twitter:data1\" content=\"1 minuta\" \/>\n<script type=\"application\/ld+json\" class=\"yoast-schema-graph\">{\"@context\":\"https:\/\/schema.org\",\"@graph\":[{\"@type\":\"WebPage\",\"@id\":\"https:\/\/bobimarket.pl\/index.php\/produkt\/wiertlo-gwintujace-hss-m8-gwintowniki-hex\/\",\"url\":\"https:\/\/bobimarket.pl\/index.php\/produkt\/wiertlo-gwintujace-hss-m8-gwintowniki-hex\/\",\"name\":\"WIERT\u0141O GWINTUJ\u0104CE HSS M8 GWINTOWNIKI HEX - BOBIMARKET.pl - Remontuj i urz\u0105dzaj z nami\",\"isPartOf\":{\"@id\":\"https:\/\/bobimarket.pl\/#website\"},\"datePublished\":\"2023-08-30T06:44:42+00:00\",\"dateModified\":\"2025-02-27T15:56:19+00:00\",\"breadcrumb\":{\"@id\":\"https:\/\/bobimarket.pl\/index.php\/produkt\/wiertlo-gwintujace-hss-m8-gwintowniki-hex\/#breadcrumb\"},\"inLanguage\":\"pl-PL\",\"potentialAction\":[{\"@type\":\"ReadAction\",\"target\":[\"https:\/\/bobimarket.pl\/index.php\/produkt\/wiertlo-gwintujace-hss-m8-gwintowniki-hex\/\"]}]},{\"@type\":\"BreadcrumbList\",\"@id\":\"https:\/\/bobimarket.pl\/index.php\/produkt\/wiertlo-gwintujace-hss-m8-gwintowniki-hex\/#breadcrumb\",\"itemListElement\":[{\"@type\":\"ListItem\",\"position\":1,\"name\":\"Strona g\u0142\u00f3wna\",\"item\":\"https:\/\/bobimarket.pl\/\"},{\"@type\":\"ListItem\",\"position\":2,\"name\":\"Sklep\",\"item\":\"https:\/\/bobimarket.pl\/index.php\/shop\/\"},{\"@type\":\"ListItem\",\"position\":3,\"name\":\"WIERT\u0141O GWINTUJ\u0104CE HSS M8 GWINTOWNIKI HEX\"}]},{\"@type\":\"WebSite\",\"@id\":\"https:\/\/bobimarket.pl\/#website\",\"url\":\"https:\/\/bobimarket.pl\/\",\"name\":\"BOBIMARKET.pl - Remontuj i urz\u0105dzaj z nami\",\"description\":\"Remontuj i urz\u0105dzaj z nami\",\"publisher\":{\"@id\":\"https:\/\/bobimarket.pl\/#organization\"},\"potentialAction\":[{\"@type\":\"SearchAction\",\"target\":{\"@type\":\"EntryPoint\",\"urlTemplate\":\"https:\/\/bobimarket.pl\/?s={search_term_string}\"},\"query-input\":\"required name=search_term_string\"}],\"inLanguage\":\"pl-PL\"},{\"@type\":\"Organization\",\"@id\":\"https:\/\/bobimarket.pl\/#organization\",\"name\":\"BOBIMARKET.pl\",\"url\":\"https:\/\/bobimarket.pl\/\",\"logo\":{\"@type\":\"ImageObject\",\"inLanguage\":\"pl-PL\",\"@id\":\"https:\/\/bobimarket.pl\/#\/schema\/logo\/image\/\",\"url\":\"https:\/\/bobimarket.pl\/wp-content\/uploads\/2021\/11\/slogan.png\",\"contentUrl\":\"https:\/\/bobimarket.pl\/wp-content\/uploads\/2021\/11\/slogan.png\",\"width\":2000,\"height\":384,\"caption\":\"BOBIMARKET.pl\"},\"image\":{\"@id\":\"https:\/\/bobimarket.pl\/#\/schema\/logo\/image\/\"}}]}<\/script>\n<!-- \/ Yoast SEO plugin. -->","yoast_head_json":{"title":"WIERT\u0141O GWINTUJ\u0104CE HSS M8 GWINTOWNIKI HEX - BOBIMARKET.pl - Remontuj i urz\u0105dzaj z nami","robots":{"index":"index","follow":"follow","max-snippet":"max-snippet:-1","max-image-preview":"max-image-preview:large","max-video-preview":"max-video-preview:-1"},"canonical":"https:\/\/bobimarket.pl\/index.php\/produkt\/wiertlo-gwintujace-hss-m8-gwintowniki-hex\/","og_locale":"pl_PL","og_type":"article","og_title":"WIERT\u0141O GWINTUJ\u0104CE HSS M8 GWINTOWNIKI HEX - BOBIMARKET.pl - Remontuj i urz\u0105dzaj z nami","og_description":"WIERT\u0141O GWINTUJ\u0104CE HSS M8 GWINTOWNIKI HEX Dane techniczne: Rozmiar: M8 x 1.25 x 58 mm Materia\u0142: stal HSS Chwyt: quick change, HEX (1\/4&#8243;) Praktyczny element wyposa\u017cenia Twojej skrzynki narz\u0119dziowej! Solidne wiert\u0142o gwintuj\u0105ce wykonane ze stali szybkotn\u0105cej HSS. Wyposa\u017cone w sze\u015bciok\u0105tny uchwyt typu quick change HEX. Jest to gwintowniki z funkcj\u0105 wiercenia &#8211; mo\u017ce s\u0142u\u017cy\u0107 jednocze\u015bnie     Czytaj wi\u0119cej \"WIERT\u0141O GWINTUJ\u0104CE HSS M8 GWINTOWNIKI HEX\"","og_url":"https:\/\/bobimarket.pl\/index.php\/produkt\/wiertlo-gwintujace-hss-m8-gwintowniki-hex\/","og_site_name":"BOBIMARKET.pl - Remontuj i urz\u0105dzaj z nami","article_modified_time":"2025-02-27T15:56:19+00:00","og_image":[{"url":"https:\/\/upload.cdn.baselinker.com\/products\/14476\/027facf1c5816a9c984cd7995c3aad0d.jpg"}],"twitter_card":"summary_large_image","twitter_misc":{"Szacowany czas czytania":"1 minuta"},"schema":{"@context":"https:\/\/schema.org","@graph":[{"@type":"WebPage","@id":"https:\/\/bobimarket.pl\/index.php\/produkt\/wiertlo-gwintujace-hss-m8-gwintowniki-hex\/","url":"https:\/\/bobimarket.pl\/index.php\/produkt\/wiertlo-gwintujace-hss-m8-gwintowniki-hex\/","name":"WIERT\u0141O GWINTUJ\u0104CE HSS M8 GWINTOWNIKI HEX - BOBIMARKET.pl - Remontuj i urz\u0105dzaj z nami","isPartOf":{"@id":"https:\/\/bobimarket.pl\/#website"},"datePublished":"2023-08-30T06:44:42+00:00","dateModified":"2025-02-27T15:56:19+00:00","breadcrumb":{"@id":"https:\/\/bobimarket.pl\/index.php\/produkt\/wiertlo-gwintujace-hss-m8-gwintowniki-hex\/#breadcrumb"},"inLanguage":"pl-PL","potentialAction":[{"@type":"ReadAction","target":["https:\/\/bobimarket.pl\/index.php\/produkt\/wiertlo-gwintujace-hss-m8-gwintowniki-hex\/"]}]},{"@type":"BreadcrumbList","@id":"https:\/\/bobimarket.pl\/index.php\/produkt\/wiertlo-gwintujace-hss-m8-gwintowniki-hex\/#breadcrumb","itemListElement":[{"@type":"ListItem","position":1,"name":"Strona g\u0142\u00f3wna","item":"https:\/\/bobimarket.pl\/"},{"@type":"ListItem","position":2,"name":"Sklep","item":"https:\/\/bobimarket.pl\/index.php\/shop\/"},{"@type":"ListItem","position":3,"name":"WIERT\u0141O GWINTUJ\u0104CE HSS M8 GWINTOWNIKI HEX"}]},{"@type":"WebSite","@id":"https:\/\/bobimarket.pl\/#website","url":"https:\/\/bobimarket.pl\/","name":"BOBIMARKET.pl - Remontuj i urz\u0105dzaj z nami","description":"Remontuj i urz\u0105dzaj z nami","publisher":{"@id":"https:\/\/bobimarket.pl\/#organization"},"potentialAction":[{"@type":"SearchAction","target":{"@type":"EntryPoint","urlTemplate":"https:\/\/bobimarket.pl\/?s={search_term_string}"},"query-input":"required name=search_term_string"}],"inLanguage":"pl-PL"},{"@type":"Organization","@id":"https:\/\/bobimarket.pl\/#organization","name":"BOBIMARKET.pl","url":"https:\/\/bobimarket.pl\/","logo":{"@type":"ImageObject","inLanguage":"pl-PL","@id":"https:\/\/bobimarket.pl\/#\/schema\/logo\/image\/","url":"https:\/\/bobimarket.pl\/wp-content\/uploads\/2021\/11\/slogan.png","contentUrl":"https:\/\/bobimarket.pl\/wp-content\/uploads\/2021\/11\/slogan.png","width":2000,"height":384,"caption":"BOBIMARKET.pl"},"image":{"@id":"https:\/\/bobimarket.pl\/#\/schema\/logo\/image\/"}}]}},"_links":{"self":[{"href":"https:\/\/bobimarket.pl\/index.php\/wp-json\/wp\/v2\/product\/92557"}],"collection":[{"href":"https:\/\/bobimarket.pl\/index.php\/wp-json\/wp\/v2\/product"}],"about":[{"href":"https:\/\/bobimarket.pl\/index.php\/wp-json\/wp\/v2\/types\/product"}],"wp:featuredmedia":[{"embeddable":true,"href":"https:\/\/bobimarket.pl\/index.php\/wp-json\/wp\/v2\/media\/92554"}],"wp:attachment":[{"href":"https:\/\/bobimarket.pl\/index.php\/wp-json\/wp\/v2\/media?parent=92557"}],"wp:term":[{"taxonomy":"product_cat","embeddable":true,"href":"https:\/\/bobimarket.pl\/index.php\/wp-json\/wp\/v2\/product_cat?post=92557"},{"taxonomy":"product_tag","embeddable":true,"href":"https:\/\/bobimarket.pl\/index.php\/wp-json\/wp\/v2\/product_tag?post=92557"}],"curies":[{"name":"wp","href":"https:\/\/api.w.org\/{rel}","templated":true}]}}