{"id":92604,"date":"2023-08-30T06:47:38","date_gmt":"2023-08-30T06:47:38","guid":{"rendered":"https:\/\/bobimarket.pl\/index.php\/produkt\/kieliszek-do-jajka-podstwka-na-jajko-stojak\/"},"modified":"2025-02-27T15:57:02","modified_gmt":"2025-02-27T15:57:02","slug":"kieliszek-do-jajka-podstwka-na-jajko-stojak","status":"publish","type":"product","link":"https:\/\/bobimarket.pl\/index.php\/produkt\/kieliszek-do-jajka-podstwka-na-jajko-stojak\/","title":{"rendered":"KIELISZEK DO JAJKA PODSTWKA NA JAJKO STOJAK"},"content":{"rendered":"<section class=\"section\">\n<div class=\"item item-12\">\n<section class=\"text-item\">\n<h2>KIELISZEK DO JAJKA PODSTAWKA NA JAJKO STOJAK<\/h2>\n<p><b>Informacje og\u00f3lne: <\/b><\/p>\n<ul>\n<li>Materia\u0142:<b> tworzywo sztuczne <\/b><\/li>\n<li>\u015arednica wewn\u0119trzna:<b> 4,7 mm<\/b><\/li>\n<li>\u015arednica podstawki:<b> 4,5 mm <\/b><\/li>\n<li>Wysoko\u015b\u0107:<b> 5,7 mm<\/b><\/li>\n<li><b>BPA FREE<\/b><\/li>\n<\/ul>\n<p><b>Uwaga! <\/b>Podstawka wyst\u0119puje w r\u00f3\u017cnych kolorach. Aktualnie dost\u0119pne kolory:<\/p>\n<ul>\n<li>r\u00f3\u017cowy<\/li>\n<li>mi\u0119towy<\/li>\n<li>niebieski<\/li>\n<\/ul>\n<p>Po dokonaniu zakupu prosimy o informacj\u0119 dotycz\u0105c\u0105 wybranego kolory. W przypadku braku informacji kolor wybierzemy losowo.<\/p>\n<\/section><\/div>\n<\/section>\n<section class=\"section\">\n<div class=\"item item-12\">\n<section class=\"image-item\">\n            <img decoding=\"async\" src=\"https:\/\/upload.cdn.baselinker.com\/products\/14476\/29bb6cadafcbd1e5c9536d443364ab64.jpg\" \/><br \/>\n        <\/section>\n<\/p><\/div>\n<\/section>\n<section class=\"section\">\n<div class=\"item item-12\">\n<section class=\"text-item\">\n<h1>Urocza podstawka ja jajko w\u00a0 kszta\u0142cie pucharu!<\/h1>\n<p>Zabawny &#8222;kieliszek&#8221; na jajka. Podstawka jest dost\u0119pna w kilku kolorach to wyboru. Podstawka ucieszy niejednego malucha i sprawi, \u017ce \u015bniadanie b\u0119dzie jeszcze smaczniejsze. Sprawdzi si\u0119 r\u00f3wnie\u017c jako \u015bmieszny prezent dla os\u00f3b ceni\u0105cych sobie zabawne i jednocze\u015bnie funkcjonalne prezenty.<\/p>\n<ul>\n<li>Podstawka pozwala wygodnie spo\u017cywa\u0107 ulubione jaj &#8211; ugotowane na twardo lub mi\u0119kko.<\/li>\n<\/ul>\n<\/section><\/div>\n<\/section>\n<section class=\"section\">\n<div class=\"item item-12\">\n<section class=\"image-item\">\n            <img decoding=\"async\" src=\"https:\/\/upload.cdn.baselinker.com\/products\/14476\/84ff1f3eb33b2800272be08f153fbaad.jpg\" \/><br \/>\n        <\/section>\n<\/p><\/div>\n<\/section>\n","protected":false},"excerpt":{"rendered":"<p>KIELISZEK DO JAJKA PODSTAWKA NA JAJKO STOJAK Informacje og\u00f3lne: Materia\u0142: tworzywo sztuczne \u015arednica wewn\u0119trzna: 4,7 mm \u015arednica podstawki: 4,5 mm Wysoko\u015b\u0107: 5,7 mm BPA FREE Uwaga! Podstawka wyst\u0119puje w r\u00f3\u017cnych kolorach. Aktualnie dost\u0119pne kolory: r\u00f3\u017cowy mi\u0119towy niebieski Po dokonaniu zakupu prosimy o informacj\u0119 dotycz\u0105c\u0105 wybranego kolory. W przypadku braku informacji kolor wybierzemy losowo. Urocza podstawka<br \/><a class=\"more-link\" href=\"https:\/\/bobimarket.pl\/index.php\/produkt\/kieliszek-do-jajka-podstwka-na-jajko-stojak\/\"><br \/>\n        Czytaj wi\u0119cej<span class=\"screen-reader-text\"> &#8222;KIELISZEK DO JAJKA PODSTWKA NA JAJKO STOJAK&#8221;<\/span><\/a><\/p>\n","protected":false},"featured_media":92602,"template":"","meta":[],"product_cat":[8096],"product_tag":[],"yoast_head":"<!-- This site is optimized with the Yoast SEO plugin v21.0 - https:\/\/yoast.com\/wordpress\/plugins\/seo\/ -->\n<title>KIELISZEK DO JAJKA PODSTWKA NA JAJKO STOJAK - BOBIMARKET.pl - Remontuj i urz\u0105dzaj z nami<\/title>\n<meta name=\"robots\" content=\"index, follow, max-snippet:-1, max-image-preview:large, max-video-preview:-1\" \/>\n<link rel=\"canonical\" href=\"https:\/\/bobimarket.pl\/index.php\/produkt\/kieliszek-do-jajka-podstwka-na-jajko-stojak\/\" \/>\n<meta property=\"og:locale\" content=\"pl_PL\" \/>\n<meta property=\"og:type\" content=\"article\" \/>\n<meta property=\"og:title\" content=\"KIELISZEK DO JAJKA PODSTWKA NA JAJKO STOJAK - BOBIMARKET.pl - Remontuj i urz\u0105dzaj z nami\" \/>\n<meta property=\"og:description\" content=\"KIELISZEK DO JAJKA PODSTAWKA NA JAJKO STOJAK Informacje og\u00f3lne: Materia\u0142: tworzywo sztuczne \u015arednica wewn\u0119trzna: 4,7 mm \u015arednica podstawki: 4,5 mm Wysoko\u015b\u0107: 5,7 mm BPA FREE Uwaga! Podstawka wyst\u0119puje w r\u00f3\u017cnych kolorach. Aktualnie dost\u0119pne kolory: r\u00f3\u017cowy mi\u0119towy niebieski Po dokonaniu zakupu prosimy o informacj\u0119 dotycz\u0105c\u0105 wybranego kolory. W przypadku braku informacji kolor wybierzemy losowo. Urocza podstawka     Czytaj wi\u0119cej &quot;KIELISZEK DO JAJKA PODSTWKA NA JAJKO STOJAK&quot;\" \/>\n<meta property=\"og:url\" content=\"https:\/\/bobimarket.pl\/index.php\/produkt\/kieliszek-do-jajka-podstwka-na-jajko-stojak\/\" \/>\n<meta property=\"og:site_name\" content=\"BOBIMARKET.pl - Remontuj i urz\u0105dzaj z nami\" \/>\n<meta property=\"article:modified_time\" content=\"2025-02-27T15:57:02+00:00\" \/>\n<meta property=\"og:image\" content=\"https:\/\/upload.cdn.baselinker.com\/products\/14476\/29bb6cadafcbd1e5c9536d443364ab64.jpg\" \/>\n<meta name=\"twitter:card\" content=\"summary_large_image\" \/>\n<meta name=\"twitter:label1\" content=\"Szacowany czas czytania\" \/>\n\t<meta name=\"twitter:data1\" content=\"1 minuta\" \/>\n<script type=\"application\/ld+json\" class=\"yoast-schema-graph\">{\"@context\":\"https:\/\/schema.org\",\"@graph\":[{\"@type\":\"WebPage\",\"@id\":\"https:\/\/bobimarket.pl\/index.php\/produkt\/kieliszek-do-jajka-podstwka-na-jajko-stojak\/\",\"url\":\"https:\/\/bobimarket.pl\/index.php\/produkt\/kieliszek-do-jajka-podstwka-na-jajko-stojak\/\",\"name\":\"KIELISZEK DO JAJKA PODSTWKA NA JAJKO STOJAK - BOBIMARKET.pl - Remontuj i urz\u0105dzaj z nami\",\"isPartOf\":{\"@id\":\"https:\/\/bobimarket.pl\/#website\"},\"datePublished\":\"2023-08-30T06:47:38+00:00\",\"dateModified\":\"2025-02-27T15:57:02+00:00\",\"breadcrumb\":{\"@id\":\"https:\/\/bobimarket.pl\/index.php\/produkt\/kieliszek-do-jajka-podstwka-na-jajko-stojak\/#breadcrumb\"},\"inLanguage\":\"pl-PL\",\"potentialAction\":[{\"@type\":\"ReadAction\",\"target\":[\"https:\/\/bobimarket.pl\/index.php\/produkt\/kieliszek-do-jajka-podstwka-na-jajko-stojak\/\"]}]},{\"@type\":\"BreadcrumbList\",\"@id\":\"https:\/\/bobimarket.pl\/index.php\/produkt\/kieliszek-do-jajka-podstwka-na-jajko-stojak\/#breadcrumb\",\"itemListElement\":[{\"@type\":\"ListItem\",\"position\":1,\"name\":\"Strona g\u0142\u00f3wna\",\"item\":\"https:\/\/bobimarket.pl\/\"},{\"@type\":\"ListItem\",\"position\":2,\"name\":\"Sklep\",\"item\":\"https:\/\/bobimarket.pl\/index.php\/shop\/\"},{\"@type\":\"ListItem\",\"position\":3,\"name\":\"KIELISZEK DO JAJKA PODSTWKA NA JAJKO STOJAK\"}]},{\"@type\":\"WebSite\",\"@id\":\"https:\/\/bobimarket.pl\/#website\",\"url\":\"https:\/\/bobimarket.pl\/\",\"name\":\"BOBIMARKET.pl - Remontuj i urz\u0105dzaj z nami\",\"description\":\"Remontuj i urz\u0105dzaj z nami\",\"publisher\":{\"@id\":\"https:\/\/bobimarket.pl\/#organization\"},\"potentialAction\":[{\"@type\":\"SearchAction\",\"target\":{\"@type\":\"EntryPoint\",\"urlTemplate\":\"https:\/\/bobimarket.pl\/?s={search_term_string}\"},\"query-input\":\"required name=search_term_string\"}],\"inLanguage\":\"pl-PL\"},{\"@type\":\"Organization\",\"@id\":\"https:\/\/bobimarket.pl\/#organization\",\"name\":\"BOBIMARKET.pl\",\"url\":\"https:\/\/bobimarket.pl\/\",\"logo\":{\"@type\":\"ImageObject\",\"inLanguage\":\"pl-PL\",\"@id\":\"https:\/\/bobimarket.pl\/#\/schema\/logo\/image\/\",\"url\":\"https:\/\/bobimarket.pl\/wp-content\/uploads\/2021\/11\/slogan.png\",\"contentUrl\":\"https:\/\/bobimarket.pl\/wp-content\/uploads\/2021\/11\/slogan.png\",\"width\":2000,\"height\":384,\"caption\":\"BOBIMARKET.pl\"},\"image\":{\"@id\":\"https:\/\/bobimarket.pl\/#\/schema\/logo\/image\/\"}}]}<\/script>\n<!-- \/ Yoast SEO plugin. -->","yoast_head_json":{"title":"KIELISZEK DO JAJKA PODSTWKA NA JAJKO STOJAK - BOBIMARKET.pl - Remontuj i urz\u0105dzaj z nami","robots":{"index":"index","follow":"follow","max-snippet":"max-snippet:-1","max-image-preview":"max-image-preview:large","max-video-preview":"max-video-preview:-1"},"canonical":"https:\/\/bobimarket.pl\/index.php\/produkt\/kieliszek-do-jajka-podstwka-na-jajko-stojak\/","og_locale":"pl_PL","og_type":"article","og_title":"KIELISZEK DO JAJKA PODSTWKA NA JAJKO STOJAK - BOBIMARKET.pl - Remontuj i urz\u0105dzaj z nami","og_description":"KIELISZEK DO JAJKA PODSTAWKA NA JAJKO STOJAK Informacje og\u00f3lne: Materia\u0142: tworzywo sztuczne \u015arednica wewn\u0119trzna: 4,7 mm \u015arednica podstawki: 4,5 mm Wysoko\u015b\u0107: 5,7 mm BPA FREE Uwaga! Podstawka wyst\u0119puje w r\u00f3\u017cnych kolorach. Aktualnie dost\u0119pne kolory: r\u00f3\u017cowy mi\u0119towy niebieski Po dokonaniu zakupu prosimy o informacj\u0119 dotycz\u0105c\u0105 wybranego kolory. W przypadku braku informacji kolor wybierzemy losowo. Urocza podstawka     Czytaj wi\u0119cej \"KIELISZEK DO JAJKA PODSTWKA NA JAJKO STOJAK\"","og_url":"https:\/\/bobimarket.pl\/index.php\/produkt\/kieliszek-do-jajka-podstwka-na-jajko-stojak\/","og_site_name":"BOBIMARKET.pl - Remontuj i urz\u0105dzaj z nami","article_modified_time":"2025-02-27T15:57:02+00:00","og_image":[{"url":"https:\/\/upload.cdn.baselinker.com\/products\/14476\/29bb6cadafcbd1e5c9536d443364ab64.jpg"}],"twitter_card":"summary_large_image","twitter_misc":{"Szacowany czas czytania":"1 minuta"},"schema":{"@context":"https:\/\/schema.org","@graph":[{"@type":"WebPage","@id":"https:\/\/bobimarket.pl\/index.php\/produkt\/kieliszek-do-jajka-podstwka-na-jajko-stojak\/","url":"https:\/\/bobimarket.pl\/index.php\/produkt\/kieliszek-do-jajka-podstwka-na-jajko-stojak\/","name":"KIELISZEK DO JAJKA PODSTWKA NA JAJKO STOJAK - BOBIMARKET.pl - Remontuj i urz\u0105dzaj z nami","isPartOf":{"@id":"https:\/\/bobimarket.pl\/#website"},"datePublished":"2023-08-30T06:47:38+00:00","dateModified":"2025-02-27T15:57:02+00:00","breadcrumb":{"@id":"https:\/\/bobimarket.pl\/index.php\/produkt\/kieliszek-do-jajka-podstwka-na-jajko-stojak\/#breadcrumb"},"inLanguage":"pl-PL","potentialAction":[{"@type":"ReadAction","target":["https:\/\/bobimarket.pl\/index.php\/produkt\/kieliszek-do-jajka-podstwka-na-jajko-stojak\/"]}]},{"@type":"BreadcrumbList","@id":"https:\/\/bobimarket.pl\/index.php\/produkt\/kieliszek-do-jajka-podstwka-na-jajko-stojak\/#breadcrumb","itemListElement":[{"@type":"ListItem","position":1,"name":"Strona g\u0142\u00f3wna","item":"https:\/\/bobimarket.pl\/"},{"@type":"ListItem","position":2,"name":"Sklep","item":"https:\/\/bobimarket.pl\/index.php\/shop\/"},{"@type":"ListItem","position":3,"name":"KIELISZEK DO JAJKA PODSTWKA NA JAJKO STOJAK"}]},{"@type":"WebSite","@id":"https:\/\/bobimarket.pl\/#website","url":"https:\/\/bobimarket.pl\/","name":"BOBIMARKET.pl - Remontuj i urz\u0105dzaj z nami","description":"Remontuj i urz\u0105dzaj z nami","publisher":{"@id":"https:\/\/bobimarket.pl\/#organization"},"potentialAction":[{"@type":"SearchAction","target":{"@type":"EntryPoint","urlTemplate":"https:\/\/bobimarket.pl\/?s={search_term_string}"},"query-input":"required name=search_term_string"}],"inLanguage":"pl-PL"},{"@type":"Organization","@id":"https:\/\/bobimarket.pl\/#organization","name":"BOBIMARKET.pl","url":"https:\/\/bobimarket.pl\/","logo":{"@type":"ImageObject","inLanguage":"pl-PL","@id":"https:\/\/bobimarket.pl\/#\/schema\/logo\/image\/","url":"https:\/\/bobimarket.pl\/wp-content\/uploads\/2021\/11\/slogan.png","contentUrl":"https:\/\/bobimarket.pl\/wp-content\/uploads\/2021\/11\/slogan.png","width":2000,"height":384,"caption":"BOBIMARKET.pl"},"image":{"@id":"https:\/\/bobimarket.pl\/#\/schema\/logo\/image\/"}}]}},"_links":{"self":[{"href":"https:\/\/bobimarket.pl\/index.php\/wp-json\/wp\/v2\/product\/92604"}],"collection":[{"href":"https:\/\/bobimarket.pl\/index.php\/wp-json\/wp\/v2\/product"}],"about":[{"href":"https:\/\/bobimarket.pl\/index.php\/wp-json\/wp\/v2\/types\/product"}],"wp:featuredmedia":[{"embeddable":true,"href":"https:\/\/bobimarket.pl\/index.php\/wp-json\/wp\/v2\/media\/92602"}],"wp:attachment":[{"href":"https:\/\/bobimarket.pl\/index.php\/wp-json\/wp\/v2\/media?parent=92604"}],"wp:term":[{"taxonomy":"product_cat","embeddable":true,"href":"https:\/\/bobimarket.pl\/index.php\/wp-json\/wp\/v2\/product_cat?post=92604"},{"taxonomy":"product_tag","embeddable":true,"href":"https:\/\/bobimarket.pl\/index.php\/wp-json\/wp\/v2\/product_tag?post=92604"}],"curies":[{"name":"wp","href":"https:\/\/api.w.org\/{rel}","templated":true}]}}