{"id":92628,"date":"2023-08-30T06:48:55","date_gmt":"2023-08-30T06:48:55","guid":{"rendered":"https:\/\/bobimarket.pl\/index.php\/produkt\/pierscienie-segera-osadcze-wewntetrzne-zestaw-300szt\/"},"modified":"2025-02-27T15:57:27","modified_gmt":"2025-02-27T15:57:27","slug":"pierscienie-segera-osadcze-wewntetrzne-zestaw-300szt","status":"publish","type":"product","link":"https:\/\/bobimarket.pl\/index.php\/produkt\/pierscienie-segera-osadcze-wewntetrzne-zestaw-300szt\/","title":{"rendered":"PIER\u015aCIENIE SEGERA OSADCZE WEWNT\u0118TRZNE ZESTAW 300szt."},"content":{"rendered":"<section class=\"section\">\n<div class=\"item item-12\">\n<section class=\"text-item\">\n<h2>PIER\u015aCIENIE SEGERA OSADCZE WEWN\u0118TRZNE ZESTAW 300szt.<\/h2>\n<p><b>Informacje og\u00f3lne:<\/b><\/p>\n<ul>\n<li>Rodzaj: <b>pier\u015bcienie segera ( wewn\u0119trzne)<\/b><\/li>\n<li>Ilo\u015b\u0107 sztuk w zestawie: <b>300 szt.<\/b><\/li>\n<\/ul>\n<p><b>Komplet sk\u0142ada si\u0119 z nast\u0119puj\u0105cych element\u00f3w:<\/b><\/p>\n<p><b>\u2705<\/b> PIER\u015aCIENIE SEGERA WEWN\u0118TRZNE:<\/p>\n<ul>\n<li>\u03a6 3 mm x 20 szt.<\/li>\n<li>\u03a6 4 mm x 10 szt.<\/li>\n<li>\u03a6 5 mm x 15 szt.<\/li>\n<li>\u03a6 6 mm x 25 szt.<\/li>\n<li>\u03a6 8 mm x 15 szt.<\/li>\n<li>\u03a6 9 mm x 20 szt.<\/li>\n<li>\u03a6 11 mm x 15 szt.<\/li>\n<li>\u03a6 12 mm x 15 szt.<\/li>\n<li>\u03a6 13 mm x 25 szt.<\/li>\n<li>\u03a6 14 mm x 15 szt.<\/li>\n<li>\u03a6 15 mm x 20 szt.<\/li>\n<li>\u03a6 19 mm x 25 szt.<\/li>\n<li>\u03a6 20 mm x 15 szt.<\/li>\n<li>\u03a6 22 mm x 20 szt.<\/li>\n<li>\u03a6 25 mm x 15 szt.<\/li>\n<li>\u03a6 26 mm x 15 szt.<\/li>\n<li>\u03a6 28 mm x 10 szt.<\/li>\n<li>\u03a6 32 mm x 5 szt.<\/li>\n<\/ul>\n<\/section><\/div>\n<\/section>\n<section class=\"section\">\n<div class=\"item item-12\">\n<section class=\"image-item\">\n            <img decoding=\"async\" src=\"https:\/\/upload.cdn.baselinker.com\/products\/14476\/1243ebfa73fa7ee9967c494c39341cc9.jpg\" \/><br \/>\n        <\/section>\n<\/p><\/div>\n<\/section>\n<section class=\"section\">\n<div class=\"item item-12\">\n<section class=\"text-item\">\n<p>Funkcjonalny komplet zawiera <b>300 cz\u0119\u015bci o r\u00f3\u017cnych parametrach technicznych<\/b>, co umo\u017cliwia bezproblemowe dopasowanie go do w\u0142asnych potrzeb. Zestaw zawiera <b>pier\u015bcienie wewn\u0119tzrne<\/b>. Pier\u015bcienie segera znajd\u0105 swoje zastoswanie w w motoryzacji, przemy\u015ble lub w gospodarstwach domowych.<\/p>\n<ul>\n<li>Pier\u015bcienie osadcze spr\u0119\u017cynuj\u0105ce s\u0105 <b>wykorzystywany do blokady i zabezpieczania przed osuwaniem<\/b>. Najcz\u0119\u015bciej stanowi\u0105 cz\u0119\u015b\u0107 konstrukcyjn\u0105 maszyn.\u00a0<\/li>\n<li>Pier\u015bcie\u0144 nale\u017cy umie\u015bci\u0107 w specjalnym rowku pasuj\u0105cym do niego wielko\u015bci\u0105. Specyficzny kszta\u0142t sprawia, \u017ce pier\u015bcie\u0144 przylega do rowka, w kt\u00f3rym si\u0119 znajduje.<\/li>\n<\/ul>\n<p><b>\u2705 Pier\u015bcienie SEGERA wewn\u0119trzne rozginaj\u0105 si\u0119 do wewn\u0105trz.<\/b><\/p>\n<\/section><\/div>\n<\/section>\n<section class=\"section\">\n<div class=\"item item-12\">\n<section class=\"image-item\">\n            <img decoding=\"async\" src=\"https:\/\/upload.cdn.baselinker.com\/products\/14476\/aae864f42bc0b7aec8290295a0c1c2f2.jpg\" \/><br \/>\n        <\/section>\n<\/p><\/div>\n<\/section>\n<section class=\"section\">\n<div class=\"item item-12\">\n<section class=\"text-item\">\n<p><b>\u2705 Ca\u0142o\u015b\u0107 umieszczono w wygodnym opakowaniu typu &#8222;sortownik&#8221;.<\/b><\/p>\n<ul>\n<li>Szczelnie zamykane pude\u0142ko zapobiega gubieniu si\u0119 poszczeg\u00f3lnych element\u00f3w zestawu.<\/li>\n<li>Ponadto u\u0142atwia utrzymanie porz\u0105dku w warsztacie oraz pozwala na swobodne przenoszenie ca\u0142ego kompletu.<\/li>\n<\/ul>\n<h2>Do monta\u017cu i demonta\u017cu pier\u015bcieni SEGERA niezb\u0119dne s\u0105 specjalne szczypce do seger\u00f3w dost\u0119pne w naszej ofercie!<\/h2>\n<\/section><\/div>\n<\/section>\n<section class=\"section\">\n<div class=\"item item-12\">\n<section class=\"image-item\">\n            <img decoding=\"async\" src=\"https:\/\/upload.cdn.baselinker.com\/products\/14476\/73696d5ce2f83a3396483b8fa0f68a5c.jpg\" \/><br \/>\n        <\/section>\n<\/p><\/div>\n<\/section>\n","protected":false},"excerpt":{"rendered":"<p>PIER\u015aCIENIE SEGERA OSADCZE WEWN\u0118TRZNE ZESTAW 300szt. Informacje og\u00f3lne: Rodzaj: pier\u015bcienie segera ( wewn\u0119trzne) Ilo\u015b\u0107 sztuk w zestawie: 300 szt. Komplet sk\u0142ada si\u0119 z nast\u0119puj\u0105cych element\u00f3w: \u2705 PIER\u015aCIENIE SEGERA WEWN\u0118TRZNE: \u03a6 3 mm x 20 szt. \u03a6 4 mm x 10 szt. \u03a6 5 mm x 15 szt. \u03a6 6 mm x 25 szt. \u03a6 8<br \/><a class=\"more-link\" href=\"https:\/\/bobimarket.pl\/index.php\/produkt\/pierscienie-segera-osadcze-wewntetrzne-zestaw-300szt\/\"><br \/>\n        Czytaj wi\u0119cej<span class=\"screen-reader-text\"> &#8222;PIER\u015aCIENIE SEGERA OSADCZE WEWNT\u0118TRZNE ZESTAW 300szt.&#8221;<\/span><\/a><\/p>\n","protected":false},"featured_media":92624,"template":"","meta":[],"product_cat":[8081],"product_tag":[],"yoast_head":"<!-- This site is optimized with the Yoast SEO plugin v21.0 - https:\/\/yoast.com\/wordpress\/plugins\/seo\/ -->\n<title>PIER\u015aCIENIE SEGERA OSADCZE WEWNT\u0118TRZNE ZESTAW 300szt. - BOBIMARKET.pl - Remontuj i urz\u0105dzaj z nami<\/title>\n<meta name=\"robots\" content=\"index, follow, max-snippet:-1, max-image-preview:large, max-video-preview:-1\" \/>\n<link rel=\"canonical\" href=\"https:\/\/bobimarket.pl\/index.php\/produkt\/pierscienie-segera-osadcze-wewntetrzne-zestaw-300szt\/\" \/>\n<meta property=\"og:locale\" content=\"pl_PL\" \/>\n<meta property=\"og:type\" content=\"article\" \/>\n<meta property=\"og:title\" content=\"PIER\u015aCIENIE SEGERA OSADCZE WEWNT\u0118TRZNE ZESTAW 300szt. - BOBIMARKET.pl - Remontuj i urz\u0105dzaj z nami\" \/>\n<meta property=\"og:description\" content=\"PIER\u015aCIENIE SEGERA OSADCZE WEWN\u0118TRZNE ZESTAW 300szt. Informacje og\u00f3lne: Rodzaj: pier\u015bcienie segera ( wewn\u0119trzne) Ilo\u015b\u0107 sztuk w zestawie: 300 szt. Komplet sk\u0142ada si\u0119 z nast\u0119puj\u0105cych element\u00f3w: \u2705 PIER\u015aCIENIE SEGERA WEWN\u0118TRZNE: \u03a6 3 mm x 20 szt. \u03a6 4 mm x 10 szt. \u03a6 5 mm x 15 szt. \u03a6 6 mm x 25 szt. \u03a6 8     Czytaj wi\u0119cej &quot;PIER\u015aCIENIE SEGERA OSADCZE WEWNT\u0118TRZNE ZESTAW 300szt.&quot;\" \/>\n<meta property=\"og:url\" content=\"https:\/\/bobimarket.pl\/index.php\/produkt\/pierscienie-segera-osadcze-wewntetrzne-zestaw-300szt\/\" \/>\n<meta property=\"og:site_name\" content=\"BOBIMARKET.pl - Remontuj i urz\u0105dzaj z nami\" \/>\n<meta property=\"article:modified_time\" content=\"2025-02-27T15:57:27+00:00\" \/>\n<meta property=\"og:image\" content=\"https:\/\/upload.cdn.baselinker.com\/products\/14476\/1243ebfa73fa7ee9967c494c39341cc9.jpg\" \/>\n<meta name=\"twitter:card\" content=\"summary_large_image\" \/>\n<meta name=\"twitter:label1\" content=\"Szacowany czas czytania\" \/>\n\t<meta name=\"twitter:data1\" content=\"1 minuta\" \/>\n<script type=\"application\/ld+json\" class=\"yoast-schema-graph\">{\"@context\":\"https:\/\/schema.org\",\"@graph\":[{\"@type\":\"WebPage\",\"@id\":\"https:\/\/bobimarket.pl\/index.php\/produkt\/pierscienie-segera-osadcze-wewntetrzne-zestaw-300szt\/\",\"url\":\"https:\/\/bobimarket.pl\/index.php\/produkt\/pierscienie-segera-osadcze-wewntetrzne-zestaw-300szt\/\",\"name\":\"PIER\u015aCIENIE SEGERA OSADCZE WEWNT\u0118TRZNE ZESTAW 300szt. - BOBIMARKET.pl - Remontuj i urz\u0105dzaj z nami\",\"isPartOf\":{\"@id\":\"https:\/\/bobimarket.pl\/#website\"},\"datePublished\":\"2023-08-30T06:48:55+00:00\",\"dateModified\":\"2025-02-27T15:57:27+00:00\",\"breadcrumb\":{\"@id\":\"https:\/\/bobimarket.pl\/index.php\/produkt\/pierscienie-segera-osadcze-wewntetrzne-zestaw-300szt\/#breadcrumb\"},\"inLanguage\":\"pl-PL\",\"potentialAction\":[{\"@type\":\"ReadAction\",\"target\":[\"https:\/\/bobimarket.pl\/index.php\/produkt\/pierscienie-segera-osadcze-wewntetrzne-zestaw-300szt\/\"]}]},{\"@type\":\"BreadcrumbList\",\"@id\":\"https:\/\/bobimarket.pl\/index.php\/produkt\/pierscienie-segera-osadcze-wewntetrzne-zestaw-300szt\/#breadcrumb\",\"itemListElement\":[{\"@type\":\"ListItem\",\"position\":1,\"name\":\"Strona g\u0142\u00f3wna\",\"item\":\"https:\/\/bobimarket.pl\/\"},{\"@type\":\"ListItem\",\"position\":2,\"name\":\"Sklep\",\"item\":\"https:\/\/bobimarket.pl\/index.php\/shop\/\"},{\"@type\":\"ListItem\",\"position\":3,\"name\":\"PIER\u015aCIENIE SEGERA OSADCZE WEWNT\u0118TRZNE ZESTAW 300szt.\"}]},{\"@type\":\"WebSite\",\"@id\":\"https:\/\/bobimarket.pl\/#website\",\"url\":\"https:\/\/bobimarket.pl\/\",\"name\":\"BOBIMARKET.pl - Remontuj i urz\u0105dzaj z nami\",\"description\":\"Remontuj i urz\u0105dzaj z nami\",\"publisher\":{\"@id\":\"https:\/\/bobimarket.pl\/#organization\"},\"potentialAction\":[{\"@type\":\"SearchAction\",\"target\":{\"@type\":\"EntryPoint\",\"urlTemplate\":\"https:\/\/bobimarket.pl\/?s={search_term_string}\"},\"query-input\":\"required name=search_term_string\"}],\"inLanguage\":\"pl-PL\"},{\"@type\":\"Organization\",\"@id\":\"https:\/\/bobimarket.pl\/#organization\",\"name\":\"BOBIMARKET.pl\",\"url\":\"https:\/\/bobimarket.pl\/\",\"logo\":{\"@type\":\"ImageObject\",\"inLanguage\":\"pl-PL\",\"@id\":\"https:\/\/bobimarket.pl\/#\/schema\/logo\/image\/\",\"url\":\"https:\/\/bobimarket.pl\/wp-content\/uploads\/2021\/11\/slogan.png\",\"contentUrl\":\"https:\/\/bobimarket.pl\/wp-content\/uploads\/2021\/11\/slogan.png\",\"width\":2000,\"height\":384,\"caption\":\"BOBIMARKET.pl\"},\"image\":{\"@id\":\"https:\/\/bobimarket.pl\/#\/schema\/logo\/image\/\"}}]}<\/script>\n<!-- \/ Yoast SEO plugin. -->","yoast_head_json":{"title":"PIER\u015aCIENIE SEGERA OSADCZE WEWNT\u0118TRZNE ZESTAW 300szt. - BOBIMARKET.pl - Remontuj i urz\u0105dzaj z nami","robots":{"index":"index","follow":"follow","max-snippet":"max-snippet:-1","max-image-preview":"max-image-preview:large","max-video-preview":"max-video-preview:-1"},"canonical":"https:\/\/bobimarket.pl\/index.php\/produkt\/pierscienie-segera-osadcze-wewntetrzne-zestaw-300szt\/","og_locale":"pl_PL","og_type":"article","og_title":"PIER\u015aCIENIE SEGERA OSADCZE WEWNT\u0118TRZNE ZESTAW 300szt. - BOBIMARKET.pl - Remontuj i urz\u0105dzaj z nami","og_description":"PIER\u015aCIENIE SEGERA OSADCZE WEWN\u0118TRZNE ZESTAW 300szt. Informacje og\u00f3lne: Rodzaj: pier\u015bcienie segera ( wewn\u0119trzne) Ilo\u015b\u0107 sztuk w zestawie: 300 szt. Komplet sk\u0142ada si\u0119 z nast\u0119puj\u0105cych element\u00f3w: \u2705 PIER\u015aCIENIE SEGERA WEWN\u0118TRZNE: \u03a6 3 mm x 20 szt. \u03a6 4 mm x 10 szt. \u03a6 5 mm x 15 szt. \u03a6 6 mm x 25 szt. \u03a6 8     Czytaj wi\u0119cej \"PIER\u015aCIENIE SEGERA OSADCZE WEWNT\u0118TRZNE ZESTAW 300szt.\"","og_url":"https:\/\/bobimarket.pl\/index.php\/produkt\/pierscienie-segera-osadcze-wewntetrzne-zestaw-300szt\/","og_site_name":"BOBIMARKET.pl - Remontuj i urz\u0105dzaj z nami","article_modified_time":"2025-02-27T15:57:27+00:00","og_image":[{"url":"https:\/\/upload.cdn.baselinker.com\/products\/14476\/1243ebfa73fa7ee9967c494c39341cc9.jpg"}],"twitter_card":"summary_large_image","twitter_misc":{"Szacowany czas czytania":"1 minuta"},"schema":{"@context":"https:\/\/schema.org","@graph":[{"@type":"WebPage","@id":"https:\/\/bobimarket.pl\/index.php\/produkt\/pierscienie-segera-osadcze-wewntetrzne-zestaw-300szt\/","url":"https:\/\/bobimarket.pl\/index.php\/produkt\/pierscienie-segera-osadcze-wewntetrzne-zestaw-300szt\/","name":"PIER\u015aCIENIE SEGERA OSADCZE WEWNT\u0118TRZNE ZESTAW 300szt. - BOBIMARKET.pl - Remontuj i urz\u0105dzaj z nami","isPartOf":{"@id":"https:\/\/bobimarket.pl\/#website"},"datePublished":"2023-08-30T06:48:55+00:00","dateModified":"2025-02-27T15:57:27+00:00","breadcrumb":{"@id":"https:\/\/bobimarket.pl\/index.php\/produkt\/pierscienie-segera-osadcze-wewntetrzne-zestaw-300szt\/#breadcrumb"},"inLanguage":"pl-PL","potentialAction":[{"@type":"ReadAction","target":["https:\/\/bobimarket.pl\/index.php\/produkt\/pierscienie-segera-osadcze-wewntetrzne-zestaw-300szt\/"]}]},{"@type":"BreadcrumbList","@id":"https:\/\/bobimarket.pl\/index.php\/produkt\/pierscienie-segera-osadcze-wewntetrzne-zestaw-300szt\/#breadcrumb","itemListElement":[{"@type":"ListItem","position":1,"name":"Strona g\u0142\u00f3wna","item":"https:\/\/bobimarket.pl\/"},{"@type":"ListItem","position":2,"name":"Sklep","item":"https:\/\/bobimarket.pl\/index.php\/shop\/"},{"@type":"ListItem","position":3,"name":"PIER\u015aCIENIE SEGERA OSADCZE WEWNT\u0118TRZNE ZESTAW 300szt."}]},{"@type":"WebSite","@id":"https:\/\/bobimarket.pl\/#website","url":"https:\/\/bobimarket.pl\/","name":"BOBIMARKET.pl - Remontuj i urz\u0105dzaj z nami","description":"Remontuj i urz\u0105dzaj z nami","publisher":{"@id":"https:\/\/bobimarket.pl\/#organization"},"potentialAction":[{"@type":"SearchAction","target":{"@type":"EntryPoint","urlTemplate":"https:\/\/bobimarket.pl\/?s={search_term_string}"},"query-input":"required name=search_term_string"}],"inLanguage":"pl-PL"},{"@type":"Organization","@id":"https:\/\/bobimarket.pl\/#organization","name":"BOBIMARKET.pl","url":"https:\/\/bobimarket.pl\/","logo":{"@type":"ImageObject","inLanguage":"pl-PL","@id":"https:\/\/bobimarket.pl\/#\/schema\/logo\/image\/","url":"https:\/\/bobimarket.pl\/wp-content\/uploads\/2021\/11\/slogan.png","contentUrl":"https:\/\/bobimarket.pl\/wp-content\/uploads\/2021\/11\/slogan.png","width":2000,"height":384,"caption":"BOBIMARKET.pl"},"image":{"@id":"https:\/\/bobimarket.pl\/#\/schema\/logo\/image\/"}}]}},"_links":{"self":[{"href":"https:\/\/bobimarket.pl\/index.php\/wp-json\/wp\/v2\/product\/92628"}],"collection":[{"href":"https:\/\/bobimarket.pl\/index.php\/wp-json\/wp\/v2\/product"}],"about":[{"href":"https:\/\/bobimarket.pl\/index.php\/wp-json\/wp\/v2\/types\/product"}],"wp:featuredmedia":[{"embeddable":true,"href":"https:\/\/bobimarket.pl\/index.php\/wp-json\/wp\/v2\/media\/92624"}],"wp:attachment":[{"href":"https:\/\/bobimarket.pl\/index.php\/wp-json\/wp\/v2\/media?parent=92628"}],"wp:term":[{"taxonomy":"product_cat","embeddable":true,"href":"https:\/\/bobimarket.pl\/index.php\/wp-json\/wp\/v2\/product_cat?post=92628"},{"taxonomy":"product_tag","embeddable":true,"href":"https:\/\/bobimarket.pl\/index.php\/wp-json\/wp\/v2\/product_tag?post=92628"}],"curies":[{"name":"wp","href":"https:\/\/api.w.org\/{rel}","templated":true}]}}