{"id":92638,"date":"2023-08-30T06:49:32","date_gmt":"2023-08-30T06:49:32","guid":{"rendered":"https:\/\/bobimarket.pl\/index.php\/produkt\/nasadka-6-katna-1-2-21mm-krotka-udarowa-klucz\/"},"modified":"2025-02-27T15:57:46","modified_gmt":"2025-02-27T15:57:46","slug":"nasadka-6-katna-1-2-21mm-krotka-udarowa-klucz","status":"publish","type":"product","link":"https:\/\/bobimarket.pl\/index.php\/produkt\/nasadka-6-katna-1-2-21mm-krotka-udarowa-klucz\/","title":{"rendered":"NASADKA 6 K\u0104TNA 1\/2 21mm KR\u00d3TKA UDAROWA KLUCZ"},"content":{"rendered":"<section class=\"section\">\n<div class=\"item item-12\">\n<section class=\"text-item\">\n<h2>NASADKA 6 K\u0104TNA 1\/2 21mm KR\u00d3TKA UDAROWA KLUCZ<\/h2>\n<p><b>Dane techniczne:<\/b><\/p>\n<ul>\n<li>Rozmiar: <b>21 mm<\/b><\/li>\n<li>D\u0142ugo\u015b\u0107:<b> 38 mm<\/b><\/li>\n<li>Mocowanie: <b>1\/2&#8243;<\/b><\/li>\n<li>Materia\u0142:<b> stal\u00a0<\/b><b> chromowo-molibdenowej<\/b><\/li>\n<\/ul>\n<\/section><\/div>\n<\/section>\n<section class=\"section\">\n<div class=\"item item-12\">\n<section class=\"image-item\">\n            <img decoding=\"async\" src=\"https:\/\/upload.cdn.baselinker.com\/products\/14476\/12fdbe7f31934d26f043b0501ef66ed5.jpg\" \/><br \/>\n        <\/section>\n<\/p><\/div>\n<\/section>\n<section class=\"section\">\n<div class=\"item item-12\">\n<section class=\"text-item\">\n<h1>Przydatny element wyposa\u017cania Twojej skrzynki narz\u0119dziowej!<\/h1>\n<p>Nasadka sze\u015bciok\u0105tna wykonana ze wytrzyma\u0142ej <b>stali <\/b><b>chromowo-molibdenowej<\/b>, kt\u00f3ra charakteryzuje si\u0119 wysok\u0105 twardo\u015bci\u0105 oraz odporno\u015bci\u0105 na korozj\u0119 oraz wysok\u0105 temperatur\u0119 ( stal chromowo-molibdenowa jest\u00a0 ona nieco twardsza ni\u017c stali chromowo-wanadowa)<b>. <\/b>S\u0142u\u017cy do odkr\u0119cania g\u0142\u0119boko osadzonych \u015brub i nakr\u0119tek.<\/p>\n<ul>\n<li>Nasadki s\u0105 oznakowane \u2013 rozmiar ka\u017cdej nasadki zosta\u0142 umieszczony na przedmiocie, dzi\u0119ki czemu z \u0142atwo\u015bci\u0105 mo\u017cna odnale\u017a\u0107 potrzebny rozmiar.<\/li>\n<\/ul>\n<p><b>\u2705 Zastosowanie:<\/b><\/p>\n<p>Nasadki sze\u015bciok\u0105tne udarowe przeznaczone s\u0105 do zastosowania podczas prac z u\u017cyciem klucza udarowego. Niew\u0105tpliw\u0105 zalet\u0105 nasadki udarowej jest mo\u017cliwo\u015b\u0107 zastosowanie udaru &#8211; <b>pozwala na wkr\u0119canie oraz wykr\u0119canie \u015brub w twardych materia\u0142ach. <\/b><\/p>\n<\/section><\/div>\n<\/section>\n<section class=\"section\">\n<div class=\"item item-12\">\n<section class=\"image-item\">\n            <img decoding=\"async\" src=\"https:\/\/upload.cdn.baselinker.com\/products\/14476\/12fdbe7f31934d26f043b0501ef66ed5.jpg\" \/><br \/>\n        <\/section>\n<\/p><\/div>\n<\/section>\n","protected":false},"excerpt":{"rendered":"<p>NASADKA 6 K\u0104TNA 1\/2 21mm KR\u00d3TKA UDAROWA KLUCZ Dane techniczne: Rozmiar: 21 mm D\u0142ugo\u015b\u0107: 38 mm Mocowanie: 1\/2&#8243; Materia\u0142: stal\u00a0 chromowo-molibdenowej Przydatny element wyposa\u017cania Twojej skrzynki narz\u0119dziowej! Nasadka sze\u015bciok\u0105tna wykonana ze wytrzyma\u0142ej stali chromowo-molibdenowej, kt\u00f3ra charakteryzuje si\u0119 wysok\u0105 twardo\u015bci\u0105 oraz odporno\u015bci\u0105 na korozj\u0119 oraz wysok\u0105 temperatur\u0119 ( stal chromowo-molibdenowa jest\u00a0 ona nieco twardsza ni\u017c stali<br \/><a class=\"more-link\" href=\"https:\/\/bobimarket.pl\/index.php\/produkt\/nasadka-6-katna-1-2-21mm-krotka-udarowa-klucz\/\"><br \/>\n        Czytaj wi\u0119cej<span class=\"screen-reader-text\"> &#8222;NASADKA 6 K\u0104TNA 1\/2 21mm KR\u00d3TKA UDAROWA KLUCZ&#8221;<\/span><\/a><\/p>\n","protected":false},"featured_media":92637,"template":"","meta":[],"product_cat":[8147],"product_tag":[],"yoast_head":"<!-- This site is optimized with the Yoast SEO plugin v21.0 - https:\/\/yoast.com\/wordpress\/plugins\/seo\/ -->\n<title>NASADKA 6 K\u0104TNA 1\/2 21mm KR\u00d3TKA UDAROWA KLUCZ - BOBIMARKET.pl - Remontuj i urz\u0105dzaj z nami<\/title>\n<meta name=\"robots\" content=\"index, follow, max-snippet:-1, max-image-preview:large, max-video-preview:-1\" \/>\n<link rel=\"canonical\" href=\"https:\/\/bobimarket.pl\/index.php\/produkt\/nasadka-6-katna-1-2-21mm-krotka-udarowa-klucz\/\" \/>\n<meta property=\"og:locale\" content=\"pl_PL\" \/>\n<meta property=\"og:type\" content=\"article\" \/>\n<meta property=\"og:title\" content=\"NASADKA 6 K\u0104TNA 1\/2 21mm KR\u00d3TKA UDAROWA KLUCZ - BOBIMARKET.pl - Remontuj i urz\u0105dzaj z nami\" \/>\n<meta property=\"og:description\" content=\"NASADKA 6 K\u0104TNA 1\/2 21mm KR\u00d3TKA UDAROWA KLUCZ Dane techniczne: Rozmiar: 21 mm D\u0142ugo\u015b\u0107: 38 mm Mocowanie: 1\/2&#8243; Materia\u0142: stal\u00a0 chromowo-molibdenowej Przydatny element wyposa\u017cania Twojej skrzynki narz\u0119dziowej! Nasadka sze\u015bciok\u0105tna wykonana ze wytrzyma\u0142ej stali chromowo-molibdenowej, kt\u00f3ra charakteryzuje si\u0119 wysok\u0105 twardo\u015bci\u0105 oraz odporno\u015bci\u0105 na korozj\u0119 oraz wysok\u0105 temperatur\u0119 ( stal chromowo-molibdenowa jest\u00a0 ona nieco twardsza ni\u017c stali     Czytaj wi\u0119cej &quot;NASADKA 6 K\u0104TNA 1\/2 21mm KR\u00d3TKA UDAROWA KLUCZ&quot;\" \/>\n<meta property=\"og:url\" content=\"https:\/\/bobimarket.pl\/index.php\/produkt\/nasadka-6-katna-1-2-21mm-krotka-udarowa-klucz\/\" \/>\n<meta property=\"og:site_name\" content=\"BOBIMARKET.pl - Remontuj i urz\u0105dzaj z nami\" \/>\n<meta property=\"article:modified_time\" content=\"2025-02-27T15:57:46+00:00\" \/>\n<meta property=\"og:image\" content=\"https:\/\/upload.cdn.baselinker.com\/products\/14476\/12fdbe7f31934d26f043b0501ef66ed5.jpg\" \/>\n<meta name=\"twitter:card\" content=\"summary_large_image\" \/>\n<meta name=\"twitter:label1\" content=\"Szacowany czas czytania\" \/>\n\t<meta name=\"twitter:data1\" content=\"1 minuta\" \/>\n<script type=\"application\/ld+json\" class=\"yoast-schema-graph\">{\"@context\":\"https:\/\/schema.org\",\"@graph\":[{\"@type\":\"WebPage\",\"@id\":\"https:\/\/bobimarket.pl\/index.php\/produkt\/nasadka-6-katna-1-2-21mm-krotka-udarowa-klucz\/\",\"url\":\"https:\/\/bobimarket.pl\/index.php\/produkt\/nasadka-6-katna-1-2-21mm-krotka-udarowa-klucz\/\",\"name\":\"NASADKA 6 K\u0104TNA 1\/2 21mm KR\u00d3TKA UDAROWA KLUCZ - BOBIMARKET.pl - Remontuj i urz\u0105dzaj z nami\",\"isPartOf\":{\"@id\":\"https:\/\/bobimarket.pl\/#website\"},\"datePublished\":\"2023-08-30T06:49:32+00:00\",\"dateModified\":\"2025-02-27T15:57:46+00:00\",\"breadcrumb\":{\"@id\":\"https:\/\/bobimarket.pl\/index.php\/produkt\/nasadka-6-katna-1-2-21mm-krotka-udarowa-klucz\/#breadcrumb\"},\"inLanguage\":\"pl-PL\",\"potentialAction\":[{\"@type\":\"ReadAction\",\"target\":[\"https:\/\/bobimarket.pl\/index.php\/produkt\/nasadka-6-katna-1-2-21mm-krotka-udarowa-klucz\/\"]}]},{\"@type\":\"BreadcrumbList\",\"@id\":\"https:\/\/bobimarket.pl\/index.php\/produkt\/nasadka-6-katna-1-2-21mm-krotka-udarowa-klucz\/#breadcrumb\",\"itemListElement\":[{\"@type\":\"ListItem\",\"position\":1,\"name\":\"Strona g\u0142\u00f3wna\",\"item\":\"https:\/\/bobimarket.pl\/\"},{\"@type\":\"ListItem\",\"position\":2,\"name\":\"Sklep\",\"item\":\"https:\/\/bobimarket.pl\/index.php\/shop\/\"},{\"@type\":\"ListItem\",\"position\":3,\"name\":\"NASADKA 6 K\u0104TNA 1\/2 21mm KR\u00d3TKA UDAROWA KLUCZ\"}]},{\"@type\":\"WebSite\",\"@id\":\"https:\/\/bobimarket.pl\/#website\",\"url\":\"https:\/\/bobimarket.pl\/\",\"name\":\"BOBIMARKET.pl - Remontuj i urz\u0105dzaj z nami\",\"description\":\"Remontuj i urz\u0105dzaj z nami\",\"publisher\":{\"@id\":\"https:\/\/bobimarket.pl\/#organization\"},\"potentialAction\":[{\"@type\":\"SearchAction\",\"target\":{\"@type\":\"EntryPoint\",\"urlTemplate\":\"https:\/\/bobimarket.pl\/?s={search_term_string}\"},\"query-input\":\"required name=search_term_string\"}],\"inLanguage\":\"pl-PL\"},{\"@type\":\"Organization\",\"@id\":\"https:\/\/bobimarket.pl\/#organization\",\"name\":\"BOBIMARKET.pl\",\"url\":\"https:\/\/bobimarket.pl\/\",\"logo\":{\"@type\":\"ImageObject\",\"inLanguage\":\"pl-PL\",\"@id\":\"https:\/\/bobimarket.pl\/#\/schema\/logo\/image\/\",\"url\":\"https:\/\/bobimarket.pl\/wp-content\/uploads\/2021\/11\/slogan.png\",\"contentUrl\":\"https:\/\/bobimarket.pl\/wp-content\/uploads\/2021\/11\/slogan.png\",\"width\":2000,\"height\":384,\"caption\":\"BOBIMARKET.pl\"},\"image\":{\"@id\":\"https:\/\/bobimarket.pl\/#\/schema\/logo\/image\/\"}}]}<\/script>\n<!-- \/ Yoast SEO plugin. -->","yoast_head_json":{"title":"NASADKA 6 K\u0104TNA 1\/2 21mm KR\u00d3TKA UDAROWA KLUCZ - BOBIMARKET.pl - Remontuj i urz\u0105dzaj z nami","robots":{"index":"index","follow":"follow","max-snippet":"max-snippet:-1","max-image-preview":"max-image-preview:large","max-video-preview":"max-video-preview:-1"},"canonical":"https:\/\/bobimarket.pl\/index.php\/produkt\/nasadka-6-katna-1-2-21mm-krotka-udarowa-klucz\/","og_locale":"pl_PL","og_type":"article","og_title":"NASADKA 6 K\u0104TNA 1\/2 21mm KR\u00d3TKA UDAROWA KLUCZ - BOBIMARKET.pl - Remontuj i urz\u0105dzaj z nami","og_description":"NASADKA 6 K\u0104TNA 1\/2 21mm KR\u00d3TKA UDAROWA KLUCZ Dane techniczne: Rozmiar: 21 mm D\u0142ugo\u015b\u0107: 38 mm Mocowanie: 1\/2&#8243; Materia\u0142: stal\u00a0 chromowo-molibdenowej Przydatny element wyposa\u017cania Twojej skrzynki narz\u0119dziowej! Nasadka sze\u015bciok\u0105tna wykonana ze wytrzyma\u0142ej stali chromowo-molibdenowej, kt\u00f3ra charakteryzuje si\u0119 wysok\u0105 twardo\u015bci\u0105 oraz odporno\u015bci\u0105 na korozj\u0119 oraz wysok\u0105 temperatur\u0119 ( stal chromowo-molibdenowa jest\u00a0 ona nieco twardsza ni\u017c stali     Czytaj wi\u0119cej \"NASADKA 6 K\u0104TNA 1\/2 21mm KR\u00d3TKA UDAROWA KLUCZ\"","og_url":"https:\/\/bobimarket.pl\/index.php\/produkt\/nasadka-6-katna-1-2-21mm-krotka-udarowa-klucz\/","og_site_name":"BOBIMARKET.pl - Remontuj i urz\u0105dzaj z nami","article_modified_time":"2025-02-27T15:57:46+00:00","og_image":[{"url":"https:\/\/upload.cdn.baselinker.com\/products\/14476\/12fdbe7f31934d26f043b0501ef66ed5.jpg"}],"twitter_card":"summary_large_image","twitter_misc":{"Szacowany czas czytania":"1 minuta"},"schema":{"@context":"https:\/\/schema.org","@graph":[{"@type":"WebPage","@id":"https:\/\/bobimarket.pl\/index.php\/produkt\/nasadka-6-katna-1-2-21mm-krotka-udarowa-klucz\/","url":"https:\/\/bobimarket.pl\/index.php\/produkt\/nasadka-6-katna-1-2-21mm-krotka-udarowa-klucz\/","name":"NASADKA 6 K\u0104TNA 1\/2 21mm KR\u00d3TKA UDAROWA KLUCZ - BOBIMARKET.pl - Remontuj i urz\u0105dzaj z nami","isPartOf":{"@id":"https:\/\/bobimarket.pl\/#website"},"datePublished":"2023-08-30T06:49:32+00:00","dateModified":"2025-02-27T15:57:46+00:00","breadcrumb":{"@id":"https:\/\/bobimarket.pl\/index.php\/produkt\/nasadka-6-katna-1-2-21mm-krotka-udarowa-klucz\/#breadcrumb"},"inLanguage":"pl-PL","potentialAction":[{"@type":"ReadAction","target":["https:\/\/bobimarket.pl\/index.php\/produkt\/nasadka-6-katna-1-2-21mm-krotka-udarowa-klucz\/"]}]},{"@type":"BreadcrumbList","@id":"https:\/\/bobimarket.pl\/index.php\/produkt\/nasadka-6-katna-1-2-21mm-krotka-udarowa-klucz\/#breadcrumb","itemListElement":[{"@type":"ListItem","position":1,"name":"Strona g\u0142\u00f3wna","item":"https:\/\/bobimarket.pl\/"},{"@type":"ListItem","position":2,"name":"Sklep","item":"https:\/\/bobimarket.pl\/index.php\/shop\/"},{"@type":"ListItem","position":3,"name":"NASADKA 6 K\u0104TNA 1\/2 21mm KR\u00d3TKA UDAROWA KLUCZ"}]},{"@type":"WebSite","@id":"https:\/\/bobimarket.pl\/#website","url":"https:\/\/bobimarket.pl\/","name":"BOBIMARKET.pl - Remontuj i urz\u0105dzaj z nami","description":"Remontuj i urz\u0105dzaj z nami","publisher":{"@id":"https:\/\/bobimarket.pl\/#organization"},"potentialAction":[{"@type":"SearchAction","target":{"@type":"EntryPoint","urlTemplate":"https:\/\/bobimarket.pl\/?s={search_term_string}"},"query-input":"required name=search_term_string"}],"inLanguage":"pl-PL"},{"@type":"Organization","@id":"https:\/\/bobimarket.pl\/#organization","name":"BOBIMARKET.pl","url":"https:\/\/bobimarket.pl\/","logo":{"@type":"ImageObject","inLanguage":"pl-PL","@id":"https:\/\/bobimarket.pl\/#\/schema\/logo\/image\/","url":"https:\/\/bobimarket.pl\/wp-content\/uploads\/2021\/11\/slogan.png","contentUrl":"https:\/\/bobimarket.pl\/wp-content\/uploads\/2021\/11\/slogan.png","width":2000,"height":384,"caption":"BOBIMARKET.pl"},"image":{"@id":"https:\/\/bobimarket.pl\/#\/schema\/logo\/image\/"}}]}},"_links":{"self":[{"href":"https:\/\/bobimarket.pl\/index.php\/wp-json\/wp\/v2\/product\/92638"}],"collection":[{"href":"https:\/\/bobimarket.pl\/index.php\/wp-json\/wp\/v2\/product"}],"about":[{"href":"https:\/\/bobimarket.pl\/index.php\/wp-json\/wp\/v2\/types\/product"}],"wp:featuredmedia":[{"embeddable":true,"href":"https:\/\/bobimarket.pl\/index.php\/wp-json\/wp\/v2\/media\/92637"}],"wp:attachment":[{"href":"https:\/\/bobimarket.pl\/index.php\/wp-json\/wp\/v2\/media?parent=92638"}],"wp:term":[{"taxonomy":"product_cat","embeddable":true,"href":"https:\/\/bobimarket.pl\/index.php\/wp-json\/wp\/v2\/product_cat?post=92638"},{"taxonomy":"product_tag","embeddable":true,"href":"https:\/\/bobimarket.pl\/index.php\/wp-json\/wp\/v2\/product_tag?post=92638"}],"curies":[{"name":"wp","href":"https:\/\/api.w.org\/{rel}","templated":true}]}}