{"id":92673,"date":"2023-08-30T06:51:20","date_gmt":"2023-08-30T06:51:20","guid":{"rendered":"https:\/\/bobimarket.pl\/index.php\/produkt\/scierka-kuchenna-sciereczki-mikrofibra-30x30-cm\/"},"modified":"2025-07-20T16:40:23","modified_gmt":"2025-07-20T16:40:23","slug":"scierka-kuchenna-sciereczki-mikrofibra-30x30-cm","status":"publish","type":"product","link":"https:\/\/bobimarket.pl\/index.php\/produkt\/scierka-kuchenna-sciereczki-mikrofibra-30x30-cm\/","title":{"rendered":"\u015aCIERKA KUCHENNA \u015aCIERECZKI MIKROFIBRA 30X30 cm"},"content":{"rendered":"<section class=\"section\">\n<div class=\"item item-12\">\n<section class=\"text-item\">\n<h2>\u015aCIERKA KUCHENNA \u015aCIERECZKI MIKROFIBRA 30X30 cm<\/h2>\n<p><b>Dane techniczne:<\/b><\/p>\n<ul>\n<li>D\u0142ugo\u015b\u0107: <b>30 cm<\/b><\/li>\n<li>Szeroko\u015b\u0107: <b>30 cm<\/b><\/li>\n<li>Kolor:<b> r\u00f3\u017cnokolorowe<\/b><\/li>\n<li>Materia\u0142:<b> mikrofibra<\/b><\/li>\n<li>Ilo\u015b\u0107 sztuk:<b> 4 szt.\u00a0<\/b><\/li>\n<\/ul>\n<\/section><\/div>\n<\/section>\n<section class=\"section\">\n<div class=\"item item-12\">\n<section class=\"image-item\">\n            <img decoding=\"async\" src=\"https:\/\/upload.cdn.baselinker.com\/products\/14476\/89447b9fdaf1c3d461c8b514b2a8bbda.jpg\" \/><br \/>\n        <\/section>\n<\/p><\/div>\n<\/section>\n<section class=\"section\">\n<div class=\"item item-12\">\n<section class=\"text-item\">\n<h2>Funkcjonalne \u015bcierki z mikrofibry, kt\u00f3re umo\u017cliwiaj\u0105 \u0142atwe i skuteczne sprz\u0105tanie.<\/h2>\n<p>\u015aciereczki z mikrofibry to<b> idealny pomocnik podczas wykonywania wszelkich prac porz\u0105dkowych<\/b> w domu i nie tylko. Dzi\u0119ki swoim w\u0142a\u015bciwo\u015bci\u0105 cz\u0105steczki mikrofibry z \u0142atwo\u015bci\u0105 <b>absorbuj\u0105 nawet najmniejsze drobinki<\/b> brudu i kurzu. \u015aciereczki dodatkowo s\u0105 bardzo ch\u0142onne, ponadto s\u0105 wykonane z mi\u0119kkiego i puszystego materia\u0142u co sprawia, \u017ce s\u0105 bezpieczny dla lakieru i innych powierzchni. Dodatkowo delikatne zako\u0144czenie nie powoduje zarysowa\u0144.<\/p>\n<ul>\n<li><b>Bardzo dobrze ch\u0142on\u0105 wod\u0119<\/b>, dlatego nadaj\u0105 si\u0119 zar\u00f3wno do mycia\u00a0<b>na sucho, jak i mokro. <\/b><\/li>\n<li>Bez trudu pozbywaj\u0105 si\u0119 kurzu zaleg\u0142ego na <b>r\u00f3\u017cnych powierzchniach.<\/b><\/li>\n<\/ul>\n<\/section><\/div>\n<\/section>\n<section class=\"section\">\n<div class=\"item item-12\">\n<section class=\"image-item\">\n            <img decoding=\"async\" src=\"https:\/\/upload.cdn.baselinker.com\/products\/14476\/89447b9fdaf1c3d461c8b514b2a8bbda.jpg\" \/><br \/>\n        <\/section>\n<\/p><\/div>\n<\/section>\n<section class=\"section\">\n<div class=\"item item-12\">\n<section class=\"text-item\">\n<p>\u2705 Mi\u0119kki i przyjemny w dotyku\u00a0<\/p>\n<p>\u2705 Niezwykle ch\u0142onny<\/p>\n<p>\u2705 Nie zostawia smug, nie rysuje powierzchni<\/p>\n<p>\u2705 Usuwaj\u0105 brud i kurz<\/p>\n<p>\u2705 Produkt wielokrotnego u\u017cytku<\/p>\n<\/section><\/div>\n<\/section>\n<section class=\"section\">\n<div class=\"item item-12\">\n<section class=\"image-item\">\n            <img decoding=\"async\" src=\"https:\/\/upload.cdn.baselinker.com\/products\/14476\/89447b9fdaf1c3d461c8b514b2a8bbda.jpg\" \/><br \/>\n        <\/section>\n<\/p><\/div>\n<\/section>\n<section class=\"section\">\n<div class=\"item item-12\">\n<section class=\"text-item\">\n<h2><b>\u2705 PRAKTYCZNE I BARDZO CH\u0141ONNE<\/b><\/h2>\n<p>\u015aciereczki s\u0105 wykonane z mikrofibry. Specjalna struktura tego materia\u0142u sprawia, \u017ce \u015bciereczki <b>bardzo dobrze ch\u0142on\u0105 wod\u0119<\/b>. Z ich pomoc\u0105 w szybki i\u00a0 \u0142atwy spos\u00f3b wykonasz prace porz\u0105dkowe w ca\u0142ym domy i nie tylko.<\/p>\n<h2><b>\u2705 PROSTE W U\u017bYTKOWA<\/b><\/h2>\n<p>\u015aciereczki s\u0105<b> bardzo funkcjonalne.<\/b> Mo\u017cna nimi czy\u015bci\u0107 przy pomocy wody oraz podstawowych detergent\u00f3w do mycia. Po zako\u0144czonych pracach produkt mo\u017cna wypra\u0107 w prace i wykorzysta\u0107 przy nast\u0119pnym sprz\u0105taniu.<\/p>\n<h2><b>\u2705 WIELOFUNKCYJNE\u00a0<\/b><\/h2>\n<p>Sprawdz\u0105 si\u0119 <b>do wycierania kurzy, mycia okien, w kuchni, \u0142azience lub w warsztacie<\/b> itp. Zestaw sk\u0142ada si\u0119 z 4 sztuk \u015bciereczek w r\u00f3\u017cnych kolorach. R\u00f3\u017cnorodna kolorystyka sprawia, \u017ce mo\u017cesz je podzieli\u0107 w uzale\u017cniony od miejsca ich wykorzystywania.<\/p>\n<\/section><\/div>\n<\/section>\n","protected":false},"excerpt":{"rendered":"<p>\u015aCIERKA KUCHENNA \u015aCIERECZKI MIKROFIBRA 30X30 cm Dane techniczne: D\u0142ugo\u015b\u0107: 30 cm Szeroko\u015b\u0107: 30 cm Kolor: r\u00f3\u017cnokolorowe Materia\u0142: mikrofibra Ilo\u015b\u0107 sztuk: 4 szt.\u00a0 Funkcjonalne \u015bcierki z mikrofibry, kt\u00f3re umo\u017cliwiaj\u0105 \u0142atwe i skuteczne sprz\u0105tanie. \u015aciereczki z mikrofibry to idealny pomocnik podczas wykonywania wszelkich prac porz\u0105dkowych w domu i nie tylko. Dzi\u0119ki swoim w\u0142a\u015bciwo\u015bci\u0105 cz\u0105steczki mikrofibry z \u0142atwo\u015bci\u0105<br \/><a class=\"more-link\" href=\"https:\/\/bobimarket.pl\/index.php\/produkt\/scierka-kuchenna-sciereczki-mikrofibra-30x30-cm\/\"><br \/>\n        Czytaj wi\u0119cej<span class=\"screen-reader-text\"> &#8222;\u015aCIERKA KUCHENNA \u015aCIERECZKI MIKROFIBRA 30X30 cm&#8221;<\/span><\/a><\/p>\n","protected":false},"featured_media":92672,"template":"","meta":[],"product_cat":[8067],"product_tag":[],"yoast_head":"<!-- This site is optimized with the Yoast SEO plugin v21.0 - https:\/\/yoast.com\/wordpress\/plugins\/seo\/ -->\n<title>\u015aCIERKA KUCHENNA \u015aCIERECZKI MIKROFIBRA 30X30 cm - BOBIMARKET.pl - Remontuj i urz\u0105dzaj z nami<\/title>\n<meta name=\"robots\" content=\"index, follow, max-snippet:-1, max-image-preview:large, max-video-preview:-1\" \/>\n<link rel=\"canonical\" href=\"https:\/\/bobimarket.pl\/index.php\/produkt\/scierka-kuchenna-sciereczki-mikrofibra-30x30-cm\/\" \/>\n<meta property=\"og:locale\" content=\"pl_PL\" \/>\n<meta property=\"og:type\" content=\"article\" \/>\n<meta property=\"og:title\" content=\"\u015aCIERKA KUCHENNA \u015aCIERECZKI MIKROFIBRA 30X30 cm - BOBIMARKET.pl - Remontuj i urz\u0105dzaj z nami\" \/>\n<meta property=\"og:description\" content=\"\u015aCIERKA KUCHENNA \u015aCIERECZKI MIKROFIBRA 30X30 cm Dane techniczne: D\u0142ugo\u015b\u0107: 30 cm Szeroko\u015b\u0107: 30 cm Kolor: r\u00f3\u017cnokolorowe Materia\u0142: mikrofibra Ilo\u015b\u0107 sztuk: 4 szt.\u00a0 Funkcjonalne \u015bcierki z mikrofibry, kt\u00f3re umo\u017cliwiaj\u0105 \u0142atwe i skuteczne sprz\u0105tanie. \u015aciereczki z mikrofibry to idealny pomocnik podczas wykonywania wszelkich prac porz\u0105dkowych w domu i nie tylko. Dzi\u0119ki swoim w\u0142a\u015bciwo\u015bci\u0105 cz\u0105steczki mikrofibry z \u0142atwo\u015bci\u0105     Czytaj wi\u0119cej &quot;\u015aCIERKA KUCHENNA \u015aCIERECZKI MIKROFIBRA 30X30 cm&quot;\" \/>\n<meta property=\"og:url\" content=\"https:\/\/bobimarket.pl\/index.php\/produkt\/scierka-kuchenna-sciereczki-mikrofibra-30x30-cm\/\" \/>\n<meta property=\"og:site_name\" content=\"BOBIMARKET.pl - Remontuj i urz\u0105dzaj z nami\" \/>\n<meta property=\"article:modified_time\" content=\"2025-07-20T16:40:23+00:00\" \/>\n<meta property=\"og:image\" content=\"https:\/\/upload.cdn.baselinker.com\/products\/14476\/89447b9fdaf1c3d461c8b514b2a8bbda.jpg\" \/>\n<meta name=\"twitter:card\" content=\"summary_large_image\" \/>\n<meta name=\"twitter:label1\" content=\"Szacowany czas czytania\" \/>\n\t<meta name=\"twitter:data1\" content=\"1 minuta\" \/>\n<script type=\"application\/ld+json\" class=\"yoast-schema-graph\">{\"@context\":\"https:\/\/schema.org\",\"@graph\":[{\"@type\":\"WebPage\",\"@id\":\"https:\/\/bobimarket.pl\/index.php\/produkt\/scierka-kuchenna-sciereczki-mikrofibra-30x30-cm\/\",\"url\":\"https:\/\/bobimarket.pl\/index.php\/produkt\/scierka-kuchenna-sciereczki-mikrofibra-30x30-cm\/\",\"name\":\"\u015aCIERKA KUCHENNA \u015aCIERECZKI MIKROFIBRA 30X30 cm - BOBIMARKET.pl - Remontuj i urz\u0105dzaj z nami\",\"isPartOf\":{\"@id\":\"https:\/\/bobimarket.pl\/#website\"},\"datePublished\":\"2023-08-30T06:51:20+00:00\",\"dateModified\":\"2025-07-20T16:40:23+00:00\",\"breadcrumb\":{\"@id\":\"https:\/\/bobimarket.pl\/index.php\/produkt\/scierka-kuchenna-sciereczki-mikrofibra-30x30-cm\/#breadcrumb\"},\"inLanguage\":\"pl-PL\",\"potentialAction\":[{\"@type\":\"ReadAction\",\"target\":[\"https:\/\/bobimarket.pl\/index.php\/produkt\/scierka-kuchenna-sciereczki-mikrofibra-30x30-cm\/\"]}]},{\"@type\":\"BreadcrumbList\",\"@id\":\"https:\/\/bobimarket.pl\/index.php\/produkt\/scierka-kuchenna-sciereczki-mikrofibra-30x30-cm\/#breadcrumb\",\"itemListElement\":[{\"@type\":\"ListItem\",\"position\":1,\"name\":\"Strona g\u0142\u00f3wna\",\"item\":\"https:\/\/bobimarket.pl\/\"},{\"@type\":\"ListItem\",\"position\":2,\"name\":\"Sklep\",\"item\":\"https:\/\/bobimarket.pl\/index.php\/shop\/\"},{\"@type\":\"ListItem\",\"position\":3,\"name\":\"\u015aCIERKA KUCHENNA \u015aCIERECZKI MIKROFIBRA 30X30 cm\"}]},{\"@type\":\"WebSite\",\"@id\":\"https:\/\/bobimarket.pl\/#website\",\"url\":\"https:\/\/bobimarket.pl\/\",\"name\":\"BOBIMARKET.pl - Remontuj i urz\u0105dzaj z nami\",\"description\":\"Remontuj i urz\u0105dzaj z nami\",\"publisher\":{\"@id\":\"https:\/\/bobimarket.pl\/#organization\"},\"potentialAction\":[{\"@type\":\"SearchAction\",\"target\":{\"@type\":\"EntryPoint\",\"urlTemplate\":\"https:\/\/bobimarket.pl\/?s={search_term_string}\"},\"query-input\":\"required name=search_term_string\"}],\"inLanguage\":\"pl-PL\"},{\"@type\":\"Organization\",\"@id\":\"https:\/\/bobimarket.pl\/#organization\",\"name\":\"BOBIMARKET.pl\",\"url\":\"https:\/\/bobimarket.pl\/\",\"logo\":{\"@type\":\"ImageObject\",\"inLanguage\":\"pl-PL\",\"@id\":\"https:\/\/bobimarket.pl\/#\/schema\/logo\/image\/\",\"url\":\"https:\/\/bobimarket.pl\/wp-content\/uploads\/2021\/11\/slogan.png\",\"contentUrl\":\"https:\/\/bobimarket.pl\/wp-content\/uploads\/2021\/11\/slogan.png\",\"width\":2000,\"height\":384,\"caption\":\"BOBIMARKET.pl\"},\"image\":{\"@id\":\"https:\/\/bobimarket.pl\/#\/schema\/logo\/image\/\"}}]}<\/script>\n<!-- \/ Yoast SEO plugin. -->","yoast_head_json":{"title":"\u015aCIERKA KUCHENNA \u015aCIERECZKI MIKROFIBRA 30X30 cm - BOBIMARKET.pl - Remontuj i urz\u0105dzaj z nami","robots":{"index":"index","follow":"follow","max-snippet":"max-snippet:-1","max-image-preview":"max-image-preview:large","max-video-preview":"max-video-preview:-1"},"canonical":"https:\/\/bobimarket.pl\/index.php\/produkt\/scierka-kuchenna-sciereczki-mikrofibra-30x30-cm\/","og_locale":"pl_PL","og_type":"article","og_title":"\u015aCIERKA KUCHENNA \u015aCIERECZKI MIKROFIBRA 30X30 cm - BOBIMARKET.pl - Remontuj i urz\u0105dzaj z nami","og_description":"\u015aCIERKA KUCHENNA \u015aCIERECZKI MIKROFIBRA 30X30 cm Dane techniczne: D\u0142ugo\u015b\u0107: 30 cm Szeroko\u015b\u0107: 30 cm Kolor: r\u00f3\u017cnokolorowe Materia\u0142: mikrofibra Ilo\u015b\u0107 sztuk: 4 szt.\u00a0 Funkcjonalne \u015bcierki z mikrofibry, kt\u00f3re umo\u017cliwiaj\u0105 \u0142atwe i skuteczne sprz\u0105tanie. \u015aciereczki z mikrofibry to idealny pomocnik podczas wykonywania wszelkich prac porz\u0105dkowych w domu i nie tylko. Dzi\u0119ki swoim w\u0142a\u015bciwo\u015bci\u0105 cz\u0105steczki mikrofibry z \u0142atwo\u015bci\u0105     Czytaj wi\u0119cej \"\u015aCIERKA KUCHENNA \u015aCIERECZKI MIKROFIBRA 30X30 cm\"","og_url":"https:\/\/bobimarket.pl\/index.php\/produkt\/scierka-kuchenna-sciereczki-mikrofibra-30x30-cm\/","og_site_name":"BOBIMARKET.pl - Remontuj i urz\u0105dzaj z nami","article_modified_time":"2025-07-20T16:40:23+00:00","og_image":[{"url":"https:\/\/upload.cdn.baselinker.com\/products\/14476\/89447b9fdaf1c3d461c8b514b2a8bbda.jpg"}],"twitter_card":"summary_large_image","twitter_misc":{"Szacowany czas czytania":"1 minuta"},"schema":{"@context":"https:\/\/schema.org","@graph":[{"@type":"WebPage","@id":"https:\/\/bobimarket.pl\/index.php\/produkt\/scierka-kuchenna-sciereczki-mikrofibra-30x30-cm\/","url":"https:\/\/bobimarket.pl\/index.php\/produkt\/scierka-kuchenna-sciereczki-mikrofibra-30x30-cm\/","name":"\u015aCIERKA KUCHENNA \u015aCIERECZKI MIKROFIBRA 30X30 cm - BOBIMARKET.pl - Remontuj i urz\u0105dzaj z nami","isPartOf":{"@id":"https:\/\/bobimarket.pl\/#website"},"datePublished":"2023-08-30T06:51:20+00:00","dateModified":"2025-07-20T16:40:23+00:00","breadcrumb":{"@id":"https:\/\/bobimarket.pl\/index.php\/produkt\/scierka-kuchenna-sciereczki-mikrofibra-30x30-cm\/#breadcrumb"},"inLanguage":"pl-PL","potentialAction":[{"@type":"ReadAction","target":["https:\/\/bobimarket.pl\/index.php\/produkt\/scierka-kuchenna-sciereczki-mikrofibra-30x30-cm\/"]}]},{"@type":"BreadcrumbList","@id":"https:\/\/bobimarket.pl\/index.php\/produkt\/scierka-kuchenna-sciereczki-mikrofibra-30x30-cm\/#breadcrumb","itemListElement":[{"@type":"ListItem","position":1,"name":"Strona g\u0142\u00f3wna","item":"https:\/\/bobimarket.pl\/"},{"@type":"ListItem","position":2,"name":"Sklep","item":"https:\/\/bobimarket.pl\/index.php\/shop\/"},{"@type":"ListItem","position":3,"name":"\u015aCIERKA KUCHENNA \u015aCIERECZKI MIKROFIBRA 30X30 cm"}]},{"@type":"WebSite","@id":"https:\/\/bobimarket.pl\/#website","url":"https:\/\/bobimarket.pl\/","name":"BOBIMARKET.pl - Remontuj i urz\u0105dzaj z nami","description":"Remontuj i urz\u0105dzaj z nami","publisher":{"@id":"https:\/\/bobimarket.pl\/#organization"},"potentialAction":[{"@type":"SearchAction","target":{"@type":"EntryPoint","urlTemplate":"https:\/\/bobimarket.pl\/?s={search_term_string}"},"query-input":"required name=search_term_string"}],"inLanguage":"pl-PL"},{"@type":"Organization","@id":"https:\/\/bobimarket.pl\/#organization","name":"BOBIMARKET.pl","url":"https:\/\/bobimarket.pl\/","logo":{"@type":"ImageObject","inLanguage":"pl-PL","@id":"https:\/\/bobimarket.pl\/#\/schema\/logo\/image\/","url":"https:\/\/bobimarket.pl\/wp-content\/uploads\/2021\/11\/slogan.png","contentUrl":"https:\/\/bobimarket.pl\/wp-content\/uploads\/2021\/11\/slogan.png","width":2000,"height":384,"caption":"BOBIMARKET.pl"},"image":{"@id":"https:\/\/bobimarket.pl\/#\/schema\/logo\/image\/"}}]}},"_links":{"self":[{"href":"https:\/\/bobimarket.pl\/index.php\/wp-json\/wp\/v2\/product\/92673"}],"collection":[{"href":"https:\/\/bobimarket.pl\/index.php\/wp-json\/wp\/v2\/product"}],"about":[{"href":"https:\/\/bobimarket.pl\/index.php\/wp-json\/wp\/v2\/types\/product"}],"wp:featuredmedia":[{"embeddable":true,"href":"https:\/\/bobimarket.pl\/index.php\/wp-json\/wp\/v2\/media\/92672"}],"wp:attachment":[{"href":"https:\/\/bobimarket.pl\/index.php\/wp-json\/wp\/v2\/media?parent=92673"}],"wp:term":[{"taxonomy":"product_cat","embeddable":true,"href":"https:\/\/bobimarket.pl\/index.php\/wp-json\/wp\/v2\/product_cat?post=92673"},{"taxonomy":"product_tag","embeddable":true,"href":"https:\/\/bobimarket.pl\/index.php\/wp-json\/wp\/v2\/product_tag?post=92673"}],"curies":[{"name":"wp","href":"https:\/\/api.w.org\/{rel}","templated":true}]}}