{"id":92688,"date":"2023-08-30T06:52:03","date_gmt":"2023-08-30T06:52:03","guid":{"rendered":"https:\/\/bobimarket.pl\/index.php\/produkt\/wiertlo-do-drewna-z-fazownikiem-nawiertak-5mm\/"},"modified":"2025-02-27T15:58:38","modified_gmt":"2025-02-27T15:58:38","slug":"wiertlo-do-drewna-z-fazownikiem-nawiertak-5mm","status":"publish","type":"product","link":"https:\/\/bobimarket.pl\/index.php\/produkt\/wiertlo-do-drewna-z-fazownikiem-nawiertak-5mm\/","title":{"rendered":"WIERT\u0141O DO DREWNA Z FAZOWNIKIEM NAWIERTAK 5mm"},"content":{"rendered":"<section class=\"section\">\n<div class=\"item item-12\">\n<section class=\"text-item\">\n<h2>WIERT\u0141A DO DREWNA Z FAZOWNIKIEM NAWIERTAK DREWNO 5mm<\/h2>\n<p><b>Dane techniczne:<\/b><\/p>\n<ul>\n<li>\u015arednica wierte\u0142:<b> 5 <\/b><b>mm<\/b><\/li>\n<li>Chwyt: <b>walcowy<\/b><\/li>\n<li>Rodzaj wierte\u0142: <b>regulowane z pog\u0142\u0119biaczem<\/b><\/li>\n<li>Zastosowanie: <b>do drewna <\/b><\/li>\n<\/ul>\n<\/section><\/div>\n<\/section>\n<section class=\"section\">\n<div class=\"item item-12\">\n<section class=\"image-item\">\n<\/section><\/div>\n<\/section>\n<section class=\"section\">\n<div class=\"item item-12\">\n<section class=\"text-item\">\n<p><b>Praktyczny fazownik z wiert\u0142em przeznaczony do do drewna i materia\u0142\u00f3w drewnopodobnych.\u00a0<\/b>Dok\u0142adne wykonanie umo\u017cliwia wiercenie nawet na wysokich obrotach. Odporne na \u015bcieranie i napr\u0119\u017cenia skr\u0119tne.<\/p>\n<p><b>\u2705 Zastosowanie:<\/b><\/p>\n<p>Wiert\u0142a nadaj\u0105 si\u0119 do <b>nawiercania otwor\u00f3w pod wkr\u0119ty monta\u017cowe z \u0142bem wpuszczonym. <\/b>Umo\u017cliwiaj\u0105 zar\u00f3wno wiercenie otw\u00f3r pod wkr\u0119ty,\u00a0 jak i pog\u0142\u0119biane otwor\u00f3w.<\/p>\n<ul>\n<li><b>Pog\u0142\u0119biacz<\/b> mo\u017cna ustawi\u0107 na najbardziej optymalnej wysoko\u015bci wiert\u0142a, dzi\u0119ki temu, \u017ce jest mocowany na wiertle za pomoc\u0105 \u015brubki dociskowej.<\/li>\n<li>Wiert\u0142o mo\u017cna wymieni\u0107 po st\u0119pieniu. Pog\u0142\u0119biacz nie jest stale mocowany.<\/li>\n<\/ul>\n<\/section><\/div>\n<\/section>\n<section class=\"section\">\n<div class=\"item item-12\">\n<section class=\"image-item\">\n            <img decoding=\"async\" src=\"https:\/\/upload.cdn.baselinker.com\/products\/14476\/c00aac26cbbdbd97b24ec0655a0dc72a.jpg\" \/><br \/>\n        <\/section>\n<\/p><\/div>\n<\/section>\n","protected":false},"excerpt":{"rendered":"<p>WIERT\u0141A DO DREWNA Z FAZOWNIKIEM NAWIERTAK DREWNO 5mm Dane techniczne: \u015arednica wierte\u0142: 5 mm Chwyt: walcowy Rodzaj wierte\u0142: regulowane z pog\u0142\u0119biaczem Zastosowanie: do drewna Praktyczny fazownik z wiert\u0142em przeznaczony do do drewna i materia\u0142\u00f3w drewnopodobnych.\u00a0Dok\u0142adne wykonanie umo\u017cliwia wiercenie nawet na wysokich obrotach. Odporne na \u015bcieranie i napr\u0119\u017cenia skr\u0119tne. \u2705 Zastosowanie: Wiert\u0142a nadaj\u0105 si\u0119 do nawiercania<br \/><a class=\"more-link\" href=\"https:\/\/bobimarket.pl\/index.php\/produkt\/wiertlo-do-drewna-z-fazownikiem-nawiertak-5mm\/\"><br \/>\n        Czytaj wi\u0119cej<span class=\"screen-reader-text\"> &#8222;WIERT\u0141O DO DREWNA Z FAZOWNIKIEM NAWIERTAK 5mm&#8221;<\/span><\/a><\/p>\n","protected":false},"featured_media":92681,"template":"","meta":[],"product_cat":[8108],"product_tag":[],"yoast_head":"<!-- This site is optimized with the Yoast SEO plugin v21.0 - https:\/\/yoast.com\/wordpress\/plugins\/seo\/ -->\n<title>WIERT\u0141O DO DREWNA Z FAZOWNIKIEM NAWIERTAK 5mm - BOBIMARKET.pl - Remontuj i urz\u0105dzaj z nami<\/title>\n<meta name=\"robots\" content=\"index, follow, max-snippet:-1, max-image-preview:large, max-video-preview:-1\" \/>\n<link rel=\"canonical\" href=\"https:\/\/bobimarket.pl\/index.php\/produkt\/wiertlo-do-drewna-z-fazownikiem-nawiertak-5mm\/\" \/>\n<meta property=\"og:locale\" content=\"pl_PL\" \/>\n<meta property=\"og:type\" content=\"article\" \/>\n<meta property=\"og:title\" content=\"WIERT\u0141O DO DREWNA Z FAZOWNIKIEM NAWIERTAK 5mm - BOBIMARKET.pl - Remontuj i urz\u0105dzaj z nami\" \/>\n<meta property=\"og:description\" content=\"WIERT\u0141A DO DREWNA Z FAZOWNIKIEM NAWIERTAK DREWNO 5mm Dane techniczne: \u015arednica wierte\u0142: 5 mm Chwyt: walcowy Rodzaj wierte\u0142: regulowane z pog\u0142\u0119biaczem Zastosowanie: do drewna Praktyczny fazownik z wiert\u0142em przeznaczony do do drewna i materia\u0142\u00f3w drewnopodobnych.\u00a0Dok\u0142adne wykonanie umo\u017cliwia wiercenie nawet na wysokich obrotach. Odporne na \u015bcieranie i napr\u0119\u017cenia skr\u0119tne. \u2705 Zastosowanie: Wiert\u0142a nadaj\u0105 si\u0119 do nawiercania     Czytaj wi\u0119cej &quot;WIERT\u0141O DO DREWNA Z FAZOWNIKIEM NAWIERTAK 5mm&quot;\" \/>\n<meta property=\"og:url\" content=\"https:\/\/bobimarket.pl\/index.php\/produkt\/wiertlo-do-drewna-z-fazownikiem-nawiertak-5mm\/\" \/>\n<meta property=\"og:site_name\" content=\"BOBIMARKET.pl - Remontuj i urz\u0105dzaj z nami\" \/>\n<meta property=\"article:modified_time\" content=\"2025-02-27T15:58:38+00:00\" \/>\n<meta property=\"og:image\" content=\"https:\/\/upload.cdn.baselinker.com\/products\/14476\/c00aac26cbbdbd97b24ec0655a0dc72a.jpg\" \/>\n<meta name=\"twitter:card\" content=\"summary_large_image\" \/>\n<meta name=\"twitter:label1\" content=\"Szacowany czas czytania\" \/>\n\t<meta name=\"twitter:data1\" content=\"1 minuta\" \/>\n<script type=\"application\/ld+json\" class=\"yoast-schema-graph\">{\"@context\":\"https:\/\/schema.org\",\"@graph\":[{\"@type\":\"WebPage\",\"@id\":\"https:\/\/bobimarket.pl\/index.php\/produkt\/wiertlo-do-drewna-z-fazownikiem-nawiertak-5mm\/\",\"url\":\"https:\/\/bobimarket.pl\/index.php\/produkt\/wiertlo-do-drewna-z-fazownikiem-nawiertak-5mm\/\",\"name\":\"WIERT\u0141O DO DREWNA Z FAZOWNIKIEM NAWIERTAK 5mm - BOBIMARKET.pl - Remontuj i urz\u0105dzaj z nami\",\"isPartOf\":{\"@id\":\"https:\/\/bobimarket.pl\/#website\"},\"datePublished\":\"2023-08-30T06:52:03+00:00\",\"dateModified\":\"2025-02-27T15:58:38+00:00\",\"breadcrumb\":{\"@id\":\"https:\/\/bobimarket.pl\/index.php\/produkt\/wiertlo-do-drewna-z-fazownikiem-nawiertak-5mm\/#breadcrumb\"},\"inLanguage\":\"pl-PL\",\"potentialAction\":[{\"@type\":\"ReadAction\",\"target\":[\"https:\/\/bobimarket.pl\/index.php\/produkt\/wiertlo-do-drewna-z-fazownikiem-nawiertak-5mm\/\"]}]},{\"@type\":\"BreadcrumbList\",\"@id\":\"https:\/\/bobimarket.pl\/index.php\/produkt\/wiertlo-do-drewna-z-fazownikiem-nawiertak-5mm\/#breadcrumb\",\"itemListElement\":[{\"@type\":\"ListItem\",\"position\":1,\"name\":\"Strona g\u0142\u00f3wna\",\"item\":\"https:\/\/bobimarket.pl\/\"},{\"@type\":\"ListItem\",\"position\":2,\"name\":\"Sklep\",\"item\":\"https:\/\/bobimarket.pl\/index.php\/shop\/\"},{\"@type\":\"ListItem\",\"position\":3,\"name\":\"WIERT\u0141O DO DREWNA Z FAZOWNIKIEM NAWIERTAK 5mm\"}]},{\"@type\":\"WebSite\",\"@id\":\"https:\/\/bobimarket.pl\/#website\",\"url\":\"https:\/\/bobimarket.pl\/\",\"name\":\"BOBIMARKET.pl - Remontuj i urz\u0105dzaj z nami\",\"description\":\"Remontuj i urz\u0105dzaj z nami\",\"publisher\":{\"@id\":\"https:\/\/bobimarket.pl\/#organization\"},\"potentialAction\":[{\"@type\":\"SearchAction\",\"target\":{\"@type\":\"EntryPoint\",\"urlTemplate\":\"https:\/\/bobimarket.pl\/?s={search_term_string}\"},\"query-input\":\"required name=search_term_string\"}],\"inLanguage\":\"pl-PL\"},{\"@type\":\"Organization\",\"@id\":\"https:\/\/bobimarket.pl\/#organization\",\"name\":\"BOBIMARKET.pl\",\"url\":\"https:\/\/bobimarket.pl\/\",\"logo\":{\"@type\":\"ImageObject\",\"inLanguage\":\"pl-PL\",\"@id\":\"https:\/\/bobimarket.pl\/#\/schema\/logo\/image\/\",\"url\":\"https:\/\/bobimarket.pl\/wp-content\/uploads\/2021\/11\/slogan.png\",\"contentUrl\":\"https:\/\/bobimarket.pl\/wp-content\/uploads\/2021\/11\/slogan.png\",\"width\":2000,\"height\":384,\"caption\":\"BOBIMARKET.pl\"},\"image\":{\"@id\":\"https:\/\/bobimarket.pl\/#\/schema\/logo\/image\/\"}}]}<\/script>\n<!-- \/ Yoast SEO plugin. -->","yoast_head_json":{"title":"WIERT\u0141O DO DREWNA Z FAZOWNIKIEM NAWIERTAK 5mm - BOBIMARKET.pl - Remontuj i urz\u0105dzaj z nami","robots":{"index":"index","follow":"follow","max-snippet":"max-snippet:-1","max-image-preview":"max-image-preview:large","max-video-preview":"max-video-preview:-1"},"canonical":"https:\/\/bobimarket.pl\/index.php\/produkt\/wiertlo-do-drewna-z-fazownikiem-nawiertak-5mm\/","og_locale":"pl_PL","og_type":"article","og_title":"WIERT\u0141O DO DREWNA Z FAZOWNIKIEM NAWIERTAK 5mm - BOBIMARKET.pl - Remontuj i urz\u0105dzaj z nami","og_description":"WIERT\u0141A DO DREWNA Z FAZOWNIKIEM NAWIERTAK DREWNO 5mm Dane techniczne: \u015arednica wierte\u0142: 5 mm Chwyt: walcowy Rodzaj wierte\u0142: regulowane z pog\u0142\u0119biaczem Zastosowanie: do drewna Praktyczny fazownik z wiert\u0142em przeznaczony do do drewna i materia\u0142\u00f3w drewnopodobnych.\u00a0Dok\u0142adne wykonanie umo\u017cliwia wiercenie nawet na wysokich obrotach. Odporne na \u015bcieranie i napr\u0119\u017cenia skr\u0119tne. \u2705 Zastosowanie: Wiert\u0142a nadaj\u0105 si\u0119 do nawiercania     Czytaj wi\u0119cej \"WIERT\u0141O DO DREWNA Z FAZOWNIKIEM NAWIERTAK 5mm\"","og_url":"https:\/\/bobimarket.pl\/index.php\/produkt\/wiertlo-do-drewna-z-fazownikiem-nawiertak-5mm\/","og_site_name":"BOBIMARKET.pl - Remontuj i urz\u0105dzaj z nami","article_modified_time":"2025-02-27T15:58:38+00:00","og_image":[{"url":"https:\/\/upload.cdn.baselinker.com\/products\/14476\/c00aac26cbbdbd97b24ec0655a0dc72a.jpg"}],"twitter_card":"summary_large_image","twitter_misc":{"Szacowany czas czytania":"1 minuta"},"schema":{"@context":"https:\/\/schema.org","@graph":[{"@type":"WebPage","@id":"https:\/\/bobimarket.pl\/index.php\/produkt\/wiertlo-do-drewna-z-fazownikiem-nawiertak-5mm\/","url":"https:\/\/bobimarket.pl\/index.php\/produkt\/wiertlo-do-drewna-z-fazownikiem-nawiertak-5mm\/","name":"WIERT\u0141O DO DREWNA Z FAZOWNIKIEM NAWIERTAK 5mm - BOBIMARKET.pl - Remontuj i urz\u0105dzaj z nami","isPartOf":{"@id":"https:\/\/bobimarket.pl\/#website"},"datePublished":"2023-08-30T06:52:03+00:00","dateModified":"2025-02-27T15:58:38+00:00","breadcrumb":{"@id":"https:\/\/bobimarket.pl\/index.php\/produkt\/wiertlo-do-drewna-z-fazownikiem-nawiertak-5mm\/#breadcrumb"},"inLanguage":"pl-PL","potentialAction":[{"@type":"ReadAction","target":["https:\/\/bobimarket.pl\/index.php\/produkt\/wiertlo-do-drewna-z-fazownikiem-nawiertak-5mm\/"]}]},{"@type":"BreadcrumbList","@id":"https:\/\/bobimarket.pl\/index.php\/produkt\/wiertlo-do-drewna-z-fazownikiem-nawiertak-5mm\/#breadcrumb","itemListElement":[{"@type":"ListItem","position":1,"name":"Strona g\u0142\u00f3wna","item":"https:\/\/bobimarket.pl\/"},{"@type":"ListItem","position":2,"name":"Sklep","item":"https:\/\/bobimarket.pl\/index.php\/shop\/"},{"@type":"ListItem","position":3,"name":"WIERT\u0141O DO DREWNA Z FAZOWNIKIEM NAWIERTAK 5mm"}]},{"@type":"WebSite","@id":"https:\/\/bobimarket.pl\/#website","url":"https:\/\/bobimarket.pl\/","name":"BOBIMARKET.pl - Remontuj i urz\u0105dzaj z nami","description":"Remontuj i urz\u0105dzaj z nami","publisher":{"@id":"https:\/\/bobimarket.pl\/#organization"},"potentialAction":[{"@type":"SearchAction","target":{"@type":"EntryPoint","urlTemplate":"https:\/\/bobimarket.pl\/?s={search_term_string}"},"query-input":"required name=search_term_string"}],"inLanguage":"pl-PL"},{"@type":"Organization","@id":"https:\/\/bobimarket.pl\/#organization","name":"BOBIMARKET.pl","url":"https:\/\/bobimarket.pl\/","logo":{"@type":"ImageObject","inLanguage":"pl-PL","@id":"https:\/\/bobimarket.pl\/#\/schema\/logo\/image\/","url":"https:\/\/bobimarket.pl\/wp-content\/uploads\/2021\/11\/slogan.png","contentUrl":"https:\/\/bobimarket.pl\/wp-content\/uploads\/2021\/11\/slogan.png","width":2000,"height":384,"caption":"BOBIMARKET.pl"},"image":{"@id":"https:\/\/bobimarket.pl\/#\/schema\/logo\/image\/"}}]}},"_links":{"self":[{"href":"https:\/\/bobimarket.pl\/index.php\/wp-json\/wp\/v2\/product\/92688"}],"collection":[{"href":"https:\/\/bobimarket.pl\/index.php\/wp-json\/wp\/v2\/product"}],"about":[{"href":"https:\/\/bobimarket.pl\/index.php\/wp-json\/wp\/v2\/types\/product"}],"wp:featuredmedia":[{"embeddable":true,"href":"https:\/\/bobimarket.pl\/index.php\/wp-json\/wp\/v2\/media\/92681"}],"wp:attachment":[{"href":"https:\/\/bobimarket.pl\/index.php\/wp-json\/wp\/v2\/media?parent=92688"}],"wp:term":[{"taxonomy":"product_cat","embeddable":true,"href":"https:\/\/bobimarket.pl\/index.php\/wp-json\/wp\/v2\/product_cat?post=92688"},{"taxonomy":"product_tag","embeddable":true,"href":"https:\/\/bobimarket.pl\/index.php\/wp-json\/wp\/v2\/product_tag?post=92688"}],"curies":[{"name":"wp","href":"https:\/\/api.w.org\/{rel}","templated":true}]}}