{"id":93691,"date":"2023-08-30T08:01:07","date_gmt":"2023-08-30T08:01:07","guid":{"rendered":"https:\/\/bobimarket.pl\/index.php\/produkt\/drzwiczki-rewizyjne-metal-oslona-inst-30x50\/"},"modified":"2025-02-27T16:05:59","modified_gmt":"2025-02-27T16:05:59","slug":"drzwiczki-rewizyjne-metal-oslona-inst-30x50","status":"publish","type":"product","link":"https:\/\/bobimarket.pl\/index.php\/produkt\/drzwiczki-rewizyjne-metal-oslona-inst-30x50\/","title":{"rendered":"Drzwiczki rewizyjne metal os\u0142ona inst 30X50"},"content":{"rendered":"<section class=\"section\">\n<div class=\"item item-12\">\n<section class=\"text-item\">\n<h2>Drzwiczki rewizyjne metal os\u0142ona inst 30X50<\/h2>\n<p><b>Dane techniczne:<\/b><\/p>\n<ul>\n<li>Rozmiary monta\u017cowe: <b>296 mm x 496 mm<\/b><\/li>\n<li>Szeroko\u015b\u0107 ca\u0142kowita: <b>390 mm<\/b><\/li>\n<li>Wysoko\u015b\u0107 ca\u0142kowita:<b> 590 mm <\/b><\/li>\n<li>Grubo\u015b\u0107 drzwiczek z ko\u0142nierzem mocuj\u0105cym: <b>44 mm<\/b><\/li>\n<li>Materia\u0142: <b>stal nierdzewna w po\u0142ysku <\/b><\/li>\n<li>Grubo\u015b\u0107 blachy:<b> 1 mm<\/b><\/li>\n<li>Zamykane za pomoc\u0105 wygodnego pokr\u0119t\u0142a<\/li>\n<li>Kolor: srebrne, po\u0142ysk<\/li>\n<li><b>POLSKI PRODUCENT <\/b><\/li>\n<\/ul>\n<p><b>Aukcja zawiera zdj\u0119cia pogl\u0105dowe. Drzwiczki s\u0105 wykonane ze stali nierdzewnej w po\u0142ysku.<\/b><\/p>\n<h1>\u2757 Uwaga \u2757<\/h1>\n<h1>Czas realizacji zam\u00f3wienia wynosi 3 dni robocze.<\/h1>\n<\/section><\/div>\n<\/section>\n<section class=\"section\">\n<div class=\"item item-12\">\n<section class=\"image-item\">\n            <img decoding=\"async\" src=\"https:\/\/upload.cdn.baselinker.com\/products\/14476\/ef32e0af3b68090e5d1758a1ccf45a53.jpg\" \/><br \/>\n        <\/section>\n<\/p><\/div>\n<\/section>\n<section class=\"section\">\n<div class=\"item item-12\">\n<section class=\"text-item\">\n<p>Wysokiej jako\u015bci drzwiczki rewizyjne <b>wykonywane na zam\u00f3wienie<\/b>. Sztywna konstrukcja w ca\u0142o\u015bci zosta\u0142a wykonana <b>z blachy o grubo\u015bci 1 mm <\/b>( blacha grubsza ni\u017c w standardowych drzwiczkach dost\u0119pnych na rynku). Drzwiczki wykorzystywane s\u0105 do estetycznego maskowania otwor\u00f3w rewizyjnych, wentylacyjnych, wn\u0119k itp.<\/p>\n<ul>\n<li>Drzwiczki posiadaj\u0105 zabezpieczenie antykorozyjne za pomoc\u0105 warstwy cynku nak\u0142adanego metod\u0105 ogniow\u0105. Odporne na dzia\u0142anie warunk\u00f3w atmosferycznych.<\/li>\n<li>Wygodne zamykanie gwarantuje swobodne dost\u0119p do maskowanego otworu oraz estetyczne wyko\u0144czenie.<\/li>\n<li>Ramki wyposa\u017cone w <b>kotwy s\u0142u\u017c\u0105ce do \u0142atwego i mocnego osadzania drzwiczek<\/b> w otworze. Zawias umo\u017cliwia wyj\u0119cie drzwiczek z ramki.<\/li>\n<li><b>Mo\u017cliwo\u015b\u0107 monta\u017cu w suficie<\/b> bez obawy o samoczynne opadni\u0119cie drzwiczek.<\/li>\n<\/ul>\n<\/section><\/div>\n<\/section>\n<section class=\"section\">\n<div class=\"item item-12\">\n<section class=\"image-item\">\n            <img decoding=\"async\" src=\"https:\/\/upload.cdn.baselinker.com\/products\/14476\/82b862c35d13d4f609b520ae7921fcad.jpg\" \/><br \/>\n        <\/section>\n<\/p><\/div>\n<\/section>\n<section class=\"section\">\n<div class=\"item item-12\">\n<section class=\"text-item\">\n<p><b>\u2705 Zastosowanie: <\/b><\/p>\n<p>Drzwiczki rewizyjne przeznaczone s\u0105 <b>do zabudowy otwor\u00f3w w \u015bcianie lub elewacji.<\/b> Przydadz\u0105 si\u0119 wsz\u0119dzie tam, gdzie wymagane jest zapewnienie \u0142atwego dost\u0119pu np. do licznik\u00f3w. Mog\u0105 zosta\u0107 wykorzystane:<\/p>\n<ul>\n<li>jako drzwi rewizyjne komin\u00f3w, wentylacji itp.<\/li>\n<li>do maskowanie zawor\u00f3w, licznik\u00f3w,\u00a0 instalacji wodnych, wn\u0119k lub prze\u0142\u0105cznik\u00f3w<\/li>\n<li>do innych mniej typowych zastosowa\u0144.<\/li>\n<\/ul>\n<\/section><\/div>\n<\/section>\n<section class=\"section\">\n<div class=\"item item-12\">\n<section class=\"text-item\">\n<h2>\u2757 Uwaga\u2757<\/h2>\n<p>Drzwiczki s\u0105 przeznaczone do samodzielnego monta\u017cu. Monta\u017c jest niezwykle prosty i nie zajmuje du\u017co czasu. Czytelna instrukcja &#8222;krok po kroku&#8221; pokazuje jak z\u0142o\u017cy\u0107 poszczeg\u00f3lne elementy zestawu w ca\u0142o\u015b\u0107.<\/p>\n<p>W sk\u0142ad zestawu wchodz\u0105:<\/p>\n<ul>\n<li>ramka monta\u017cowa<\/li>\n<li>skrzyd\u0142a drzwi<\/li>\n<li>klucz imbusowy<\/li>\n<li>\u015brubki, podk\u0142adki i nak\u0142adki<\/li>\n<li>instrukcja z\u0142o\u017cenia ramki<\/li>\n<\/ul>\n<\/section><\/div>\n<\/section>\n<section class=\"section\">\n<div class=\"item item-12\">\n<section class=\"image-item\">\n            <img decoding=\"async\" src=\"https:\/\/upload.cdn.baselinker.com\/products\/14476\/74a87b988a305ddd7e026481b373625f.jpg\" \/><br \/>\n        <\/section>\n<\/p><\/div>\n<\/section>\n","protected":false},"excerpt":{"rendered":"<p>Drzwiczki rewizyjne metal os\u0142ona inst 30X50 Dane techniczne: Rozmiary monta\u017cowe: 296 mm x 496 mm Szeroko\u015b\u0107 ca\u0142kowita: 390 mm Wysoko\u015b\u0107 ca\u0142kowita: 590 mm Grubo\u015b\u0107 drzwiczek z ko\u0142nierzem mocuj\u0105cym: 44 mm Materia\u0142: stal nierdzewna w po\u0142ysku Grubo\u015b\u0107 blachy: 1 mm Zamykane za pomoc\u0105 wygodnego pokr\u0119t\u0142a Kolor: srebrne, po\u0142ysk POLSKI PRODUCENT Aukcja zawiera zdj\u0119cia pogl\u0105dowe. Drzwiczki s\u0105<br \/><a class=\"more-link\" href=\"https:\/\/bobimarket.pl\/index.php\/produkt\/drzwiczki-rewizyjne-metal-oslona-inst-30x50\/\"><br \/>\n        Czytaj wi\u0119cej<span class=\"screen-reader-text\"> &#8222;Drzwiczki rewizyjne metal os\u0142ona inst 30X50&#8221;<\/span><\/a><\/p>\n","protected":false},"featured_media":93683,"template":"","meta":[],"product_cat":[8185],"product_tag":[],"yoast_head":"<!-- This site is optimized with the Yoast SEO plugin v21.0 - https:\/\/yoast.com\/wordpress\/plugins\/seo\/ -->\n<title>Drzwiczki rewizyjne metal os\u0142ona inst 30X50 - BOBIMARKET.pl - Remontuj i urz\u0105dzaj z nami<\/title>\n<meta name=\"robots\" content=\"index, follow, max-snippet:-1, max-image-preview:large, max-video-preview:-1\" \/>\n<link rel=\"canonical\" href=\"https:\/\/bobimarket.pl\/index.php\/produkt\/drzwiczki-rewizyjne-metal-oslona-inst-30x50\/\" \/>\n<meta property=\"og:locale\" content=\"pl_PL\" \/>\n<meta property=\"og:type\" content=\"article\" \/>\n<meta property=\"og:title\" content=\"Drzwiczki rewizyjne metal os\u0142ona inst 30X50 - BOBIMARKET.pl - Remontuj i urz\u0105dzaj z nami\" \/>\n<meta property=\"og:description\" content=\"Drzwiczki rewizyjne metal os\u0142ona inst 30X50 Dane techniczne: Rozmiary monta\u017cowe: 296 mm x 496 mm Szeroko\u015b\u0107 ca\u0142kowita: 390 mm Wysoko\u015b\u0107 ca\u0142kowita: 590 mm Grubo\u015b\u0107 drzwiczek z ko\u0142nierzem mocuj\u0105cym: 44 mm Materia\u0142: stal nierdzewna w po\u0142ysku Grubo\u015b\u0107 blachy: 1 mm Zamykane za pomoc\u0105 wygodnego pokr\u0119t\u0142a Kolor: srebrne, po\u0142ysk POLSKI PRODUCENT Aukcja zawiera zdj\u0119cia pogl\u0105dowe. Drzwiczki s\u0105     Czytaj wi\u0119cej &quot;Drzwiczki rewizyjne metal os\u0142ona inst 30X50&quot;\" \/>\n<meta property=\"og:url\" content=\"https:\/\/bobimarket.pl\/index.php\/produkt\/drzwiczki-rewizyjne-metal-oslona-inst-30x50\/\" \/>\n<meta property=\"og:site_name\" content=\"BOBIMARKET.pl - Remontuj i urz\u0105dzaj z nami\" \/>\n<meta property=\"article:modified_time\" content=\"2025-02-27T16:05:59+00:00\" \/>\n<meta property=\"og:image\" content=\"https:\/\/upload.cdn.baselinker.com\/products\/14476\/ef32e0af3b68090e5d1758a1ccf45a53.jpg\" \/>\n<meta name=\"twitter:card\" content=\"summary_large_image\" \/>\n<meta name=\"twitter:label1\" content=\"Szacowany czas czytania\" \/>\n\t<meta name=\"twitter:data1\" content=\"1 minuta\" \/>\n<script type=\"application\/ld+json\" class=\"yoast-schema-graph\">{\"@context\":\"https:\/\/schema.org\",\"@graph\":[{\"@type\":\"WebPage\",\"@id\":\"https:\/\/bobimarket.pl\/index.php\/produkt\/drzwiczki-rewizyjne-metal-oslona-inst-30x50\/\",\"url\":\"https:\/\/bobimarket.pl\/index.php\/produkt\/drzwiczki-rewizyjne-metal-oslona-inst-30x50\/\",\"name\":\"Drzwiczki rewizyjne metal os\u0142ona inst 30X50 - BOBIMARKET.pl - Remontuj i urz\u0105dzaj z nami\",\"isPartOf\":{\"@id\":\"https:\/\/bobimarket.pl\/#website\"},\"datePublished\":\"2023-08-30T08:01:07+00:00\",\"dateModified\":\"2025-02-27T16:05:59+00:00\",\"breadcrumb\":{\"@id\":\"https:\/\/bobimarket.pl\/index.php\/produkt\/drzwiczki-rewizyjne-metal-oslona-inst-30x50\/#breadcrumb\"},\"inLanguage\":\"pl-PL\",\"potentialAction\":[{\"@type\":\"ReadAction\",\"target\":[\"https:\/\/bobimarket.pl\/index.php\/produkt\/drzwiczki-rewizyjne-metal-oslona-inst-30x50\/\"]}]},{\"@type\":\"BreadcrumbList\",\"@id\":\"https:\/\/bobimarket.pl\/index.php\/produkt\/drzwiczki-rewizyjne-metal-oslona-inst-30x50\/#breadcrumb\",\"itemListElement\":[{\"@type\":\"ListItem\",\"position\":1,\"name\":\"Strona g\u0142\u00f3wna\",\"item\":\"https:\/\/bobimarket.pl\/\"},{\"@type\":\"ListItem\",\"position\":2,\"name\":\"Sklep\",\"item\":\"https:\/\/bobimarket.pl\/index.php\/shop\/\"},{\"@type\":\"ListItem\",\"position\":3,\"name\":\"Drzwiczki rewizyjne metal os\u0142ona inst 30X50\"}]},{\"@type\":\"WebSite\",\"@id\":\"https:\/\/bobimarket.pl\/#website\",\"url\":\"https:\/\/bobimarket.pl\/\",\"name\":\"BOBIMARKET.pl - Remontuj i urz\u0105dzaj z nami\",\"description\":\"Remontuj i urz\u0105dzaj z nami\",\"publisher\":{\"@id\":\"https:\/\/bobimarket.pl\/#organization\"},\"potentialAction\":[{\"@type\":\"SearchAction\",\"target\":{\"@type\":\"EntryPoint\",\"urlTemplate\":\"https:\/\/bobimarket.pl\/?s={search_term_string}\"},\"query-input\":\"required name=search_term_string\"}],\"inLanguage\":\"pl-PL\"},{\"@type\":\"Organization\",\"@id\":\"https:\/\/bobimarket.pl\/#organization\",\"name\":\"BOBIMARKET.pl\",\"url\":\"https:\/\/bobimarket.pl\/\",\"logo\":{\"@type\":\"ImageObject\",\"inLanguage\":\"pl-PL\",\"@id\":\"https:\/\/bobimarket.pl\/#\/schema\/logo\/image\/\",\"url\":\"https:\/\/bobimarket.pl\/wp-content\/uploads\/2021\/11\/slogan.png\",\"contentUrl\":\"https:\/\/bobimarket.pl\/wp-content\/uploads\/2021\/11\/slogan.png\",\"width\":2000,\"height\":384,\"caption\":\"BOBIMARKET.pl\"},\"image\":{\"@id\":\"https:\/\/bobimarket.pl\/#\/schema\/logo\/image\/\"}}]}<\/script>\n<!-- \/ Yoast SEO plugin. -->","yoast_head_json":{"title":"Drzwiczki rewizyjne metal os\u0142ona inst 30X50 - BOBIMARKET.pl - Remontuj i urz\u0105dzaj z nami","robots":{"index":"index","follow":"follow","max-snippet":"max-snippet:-1","max-image-preview":"max-image-preview:large","max-video-preview":"max-video-preview:-1"},"canonical":"https:\/\/bobimarket.pl\/index.php\/produkt\/drzwiczki-rewizyjne-metal-oslona-inst-30x50\/","og_locale":"pl_PL","og_type":"article","og_title":"Drzwiczki rewizyjne metal os\u0142ona inst 30X50 - BOBIMARKET.pl - Remontuj i urz\u0105dzaj z nami","og_description":"Drzwiczki rewizyjne metal os\u0142ona inst 30X50 Dane techniczne: Rozmiary monta\u017cowe: 296 mm x 496 mm Szeroko\u015b\u0107 ca\u0142kowita: 390 mm Wysoko\u015b\u0107 ca\u0142kowita: 590 mm Grubo\u015b\u0107 drzwiczek z ko\u0142nierzem mocuj\u0105cym: 44 mm Materia\u0142: stal nierdzewna w po\u0142ysku Grubo\u015b\u0107 blachy: 1 mm Zamykane za pomoc\u0105 wygodnego pokr\u0119t\u0142a Kolor: srebrne, po\u0142ysk POLSKI PRODUCENT Aukcja zawiera zdj\u0119cia pogl\u0105dowe. Drzwiczki s\u0105     Czytaj wi\u0119cej \"Drzwiczki rewizyjne metal os\u0142ona inst 30X50\"","og_url":"https:\/\/bobimarket.pl\/index.php\/produkt\/drzwiczki-rewizyjne-metal-oslona-inst-30x50\/","og_site_name":"BOBIMARKET.pl - Remontuj i urz\u0105dzaj z nami","article_modified_time":"2025-02-27T16:05:59+00:00","og_image":[{"url":"https:\/\/upload.cdn.baselinker.com\/products\/14476\/ef32e0af3b68090e5d1758a1ccf45a53.jpg"}],"twitter_card":"summary_large_image","twitter_misc":{"Szacowany czas czytania":"1 minuta"},"schema":{"@context":"https:\/\/schema.org","@graph":[{"@type":"WebPage","@id":"https:\/\/bobimarket.pl\/index.php\/produkt\/drzwiczki-rewizyjne-metal-oslona-inst-30x50\/","url":"https:\/\/bobimarket.pl\/index.php\/produkt\/drzwiczki-rewizyjne-metal-oslona-inst-30x50\/","name":"Drzwiczki rewizyjne metal os\u0142ona inst 30X50 - BOBIMARKET.pl - Remontuj i urz\u0105dzaj z nami","isPartOf":{"@id":"https:\/\/bobimarket.pl\/#website"},"datePublished":"2023-08-30T08:01:07+00:00","dateModified":"2025-02-27T16:05:59+00:00","breadcrumb":{"@id":"https:\/\/bobimarket.pl\/index.php\/produkt\/drzwiczki-rewizyjne-metal-oslona-inst-30x50\/#breadcrumb"},"inLanguage":"pl-PL","potentialAction":[{"@type":"ReadAction","target":["https:\/\/bobimarket.pl\/index.php\/produkt\/drzwiczki-rewizyjne-metal-oslona-inst-30x50\/"]}]},{"@type":"BreadcrumbList","@id":"https:\/\/bobimarket.pl\/index.php\/produkt\/drzwiczki-rewizyjne-metal-oslona-inst-30x50\/#breadcrumb","itemListElement":[{"@type":"ListItem","position":1,"name":"Strona g\u0142\u00f3wna","item":"https:\/\/bobimarket.pl\/"},{"@type":"ListItem","position":2,"name":"Sklep","item":"https:\/\/bobimarket.pl\/index.php\/shop\/"},{"@type":"ListItem","position":3,"name":"Drzwiczki rewizyjne metal os\u0142ona inst 30X50"}]},{"@type":"WebSite","@id":"https:\/\/bobimarket.pl\/#website","url":"https:\/\/bobimarket.pl\/","name":"BOBIMARKET.pl - Remontuj i urz\u0105dzaj z nami","description":"Remontuj i urz\u0105dzaj z nami","publisher":{"@id":"https:\/\/bobimarket.pl\/#organization"},"potentialAction":[{"@type":"SearchAction","target":{"@type":"EntryPoint","urlTemplate":"https:\/\/bobimarket.pl\/?s={search_term_string}"},"query-input":"required name=search_term_string"}],"inLanguage":"pl-PL"},{"@type":"Organization","@id":"https:\/\/bobimarket.pl\/#organization","name":"BOBIMARKET.pl","url":"https:\/\/bobimarket.pl\/","logo":{"@type":"ImageObject","inLanguage":"pl-PL","@id":"https:\/\/bobimarket.pl\/#\/schema\/logo\/image\/","url":"https:\/\/bobimarket.pl\/wp-content\/uploads\/2021\/11\/slogan.png","contentUrl":"https:\/\/bobimarket.pl\/wp-content\/uploads\/2021\/11\/slogan.png","width":2000,"height":384,"caption":"BOBIMARKET.pl"},"image":{"@id":"https:\/\/bobimarket.pl\/#\/schema\/logo\/image\/"}}]}},"_links":{"self":[{"href":"https:\/\/bobimarket.pl\/index.php\/wp-json\/wp\/v2\/product\/93691"}],"collection":[{"href":"https:\/\/bobimarket.pl\/index.php\/wp-json\/wp\/v2\/product"}],"about":[{"href":"https:\/\/bobimarket.pl\/index.php\/wp-json\/wp\/v2\/types\/product"}],"wp:featuredmedia":[{"embeddable":true,"href":"https:\/\/bobimarket.pl\/index.php\/wp-json\/wp\/v2\/media\/93683"}],"wp:attachment":[{"href":"https:\/\/bobimarket.pl\/index.php\/wp-json\/wp\/v2\/media?parent=93691"}],"wp:term":[{"taxonomy":"product_cat","embeddable":true,"href":"https:\/\/bobimarket.pl\/index.php\/wp-json\/wp\/v2\/product_cat?post=93691"},{"taxonomy":"product_tag","embeddable":true,"href":"https:\/\/bobimarket.pl\/index.php\/wp-json\/wp\/v2\/product_tag?post=93691"}],"curies":[{"name":"wp","href":"https:\/\/api.w.org\/{rel}","templated":true}]}}