{"id":94475,"date":"2023-08-30T09:26:24","date_gmt":"2023-08-30T09:26:24","guid":{"rendered":"https:\/\/bobimarket.pl\/index.php\/produkt\/bazylia-fine-verde-ziolo-nasiona-ziol-bez-gmo\/"},"modified":"2025-05-25T10:07:47","modified_gmt":"2025-05-25T10:07:47","slug":"bazylia-fine-verde-ziolo-nasiona-ziol-bez-gmo","status":"publish","type":"product","link":"https:\/\/bobimarket.pl\/index.php\/produkt\/bazylia-fine-verde-ziolo-nasiona-ziol-bez-gmo\/","title":{"rendered":"BAZYLIA FINE VERDE ZIO\u0141O NASIONA ZI\u00d3\u0141 BEZ GMO"},"content":{"rendered":"<section class=\"section\">\n<div class=\"item item-12\">\n<section class=\"text-item\">\n<h2>BAZYLIA FINE VERDE ZIO\u0141O NASIONA ZI\u00d3\u0141 BEZ GMO<\/h2>\n<p><b>\u2705 Informacje og\u00f3lne:<\/b><\/p>\n<ul>\n<li>Gatunek: <b>Bazylia Fine Verde<\/b><\/li>\n<li>Liczba nasion: <b>600 szt. w gramie <\/b><\/li>\n<li>Opakowanie: <b>0,5g<\/b><\/li>\n<\/ul>\n<h2>Stw\u00f3rz swoj\u0105 zio\u0142ow\u0105 rabat\u0119 i wype\u0142nij sw\u00f3j ogr\u00f3d aromatem zi\u00f3\u0142!<\/h2>\n<\/section><\/div>\n<\/section>\n<section class=\"section\">\n<div class=\"item item-12\">\n<section class=\"image-item\">\n            <img decoding=\"async\" src=\"https:\/\/upload.cdn.baselinker.com\/products\/14476\/d6fa59cab72347d4828fa2a0bf00622c.jpg\" \/><br \/>\n        <\/section>\n<\/p><\/div>\n<\/section>\n<section class=\"section\">\n<div class=\"item item-12\">\n<section class=\"text-item\">\n<h2>BAZYLIA FINE VERDE &#8211; nasiona<\/h2>\n<p>Bazylia FINE VERDE to<b> ro\u015blina jednoroczna<\/b>. Odmiana \u015brednio wczesna, o pokroju krzaczastym, \u015brednio wysoka. Zio\u0142o to charakteryzuje si\u0119 <b>bardzo mocnym zapachem<\/b>. Ma w\u0105skie i jasnozielone li\u015bcie, g\u0142adkie na ca\u0142ej kraw\u0119dzi. Mo\u017ce by\u0107 uprawiana jako<b> ro\u015blina ozdobna i zielarska.<\/b><\/p>\n<p><b>\u2705\u00a0 <\/b>Odmiana FINE VERDE polecana jest jako dodatek do r\u00f3\u017cnego rodzaju potraw, idealnie nadaje si\u0119 r\u00f3wnie\u017c jako sk\u0142adnik pesto. Mo\u017ce jednak straci\u0107 sw\u00f3j aromat je\u017celi jest zbyt d\u0142ugo gotowana. <b>Poprawia trawienie. <\/b>Dodatkowo jest bardzo <b>przydatna w\u00a0leczeniu zapalenia staw\u00f3w i\u00a0chor\u00f3b zapalnych<\/b> jelit dzi\u0119ki du\u017cej zawarto\u015bci beta-kariofilenu (BCP), ma r\u00f3wnie\u017c pozytywny wp\u0142yw na organizm cz\u0142owieka <b>w\u00a0zapaleniu p\u0119cherza, stwardnieniu rozsianym, stanach zapalnych i\u00a0obrz\u0119kach, ma w\u0142a\u015bciwo\u015bci odm\u0142adzaj\u0105ce.<\/b><\/p>\n<ul>\n<li>Ro\u015blina wymaga ciep\u0142ego, os\u0142oni\u0119tego i\u00a0dobrze nas\u0142onecznionego stanowiska oraz \u017cyznej, przepuszczalnej, pr\u00f3chniczej i\u00a0stale wilgotnej gleby.<\/li>\n<li>Nietolerancyjna na susz\u0119, zalewanie, zachwaszczenie i\u00a0przeci\u0105gi. Nie jest te\u017c odporna na nisk\u0105 temperatur\u0119 i\u00a0nawet najmniejszy przymrozek jest dla niej zab\u00f3jczy. Z\u00a0tego wzgl\u0119du wysiew lub sadzenie bazylii w\u00a0ogrodzie s\u0105 mo\u017cliwe dopiero w\u00a0drugiej po\u0142owie maja.<\/li>\n<\/ul>\n<p><b>\u2705 Spos\u00f3b uprawy:<\/b><\/p>\n<ul>\n<li>Wysiew nasion na prze\u0142omie marca i kwietnia do p\u0142ytkich pojemnik\u00f3w.<\/li>\n<li>Do gruntu siew po 16 maja w os\u0142oni\u0119te, nas\u0142onecznione miejsca, w odst\u0119pach co 40-50 cm.<\/li>\n<\/ul>\n<\/section><\/div>\n<\/section>\n<section class=\"section\">\n<div class=\"item item-12\">\n<section class=\"image-item\">\n            <img decoding=\"async\" src=\"https:\/\/upload.cdn.baselinker.com\/products\/14476\/accd8d5867bec90bddf215f20cfcc5f1.jpg\" \/><br \/>\n        <\/section>\n<\/p><\/div>\n<\/section>\n<section class=\"section\">\n<div class=\"item item-12\">\n<section class=\"text-item\">\n<h2>\u2705 Kupuj\u0105c u nas zyskujesz wi\u0119cej nasion!<\/h2>\n<p>Zwr\u00f3ci\u0107 uwag\u0119 na mas\u0119 nasion w torebce! Cz\u0119sto ta\u0144sze oferty zawieraj\u0105 jedynie kilka nasion, dlatego bardziej op\u0142acalny jest zakup wi\u0119kszej masy nasion w opakowaniu, kt\u00f3re w przeliczeniu ceny i wagi mog\u0105 okaza\u0107 si\u0119 tak naprawd\u0119 ta\u0144sze!<\/p>\n<ul>\n<li>Kupuj\u0105c wi\u0119ksze opakowanie z<b> jednej paczuszki mo\u017cesz uzyska\u0107 wi\u0119ksz\u0105 liczb\u0119 rozsad<\/b>, przy mniejszym nak\u0142adzie finansowym!<\/li>\n<\/ul>\n<\/section><\/div>\n<\/section>\n<section class=\"section\">\n<div class=\"item item-12\">\n<section class=\"text-item\">\n<h1>WI\u0118KSZE OPAKOWANIE = WI\u0118CEJ NASION = LEPSZA CENA<\/h1>\n<\/section><\/div>\n<\/section>\n<section class=\"section\">\n<div class=\"item item-12\">\n<section class=\"image-item\">\n            <img decoding=\"async\" src=\"https:\/\/upload.cdn.baselinker.com\/products\/14476\/6f22fd0c3732812d8429329787b56ba3.jpg\" \/><br \/>\n        <\/section>\n<\/p><\/div>\n<\/section>\n<section class=\"section\">\n<div class=\"item item-12\">\n<section class=\"text-item\">\n<h1>Kup sprawdzone nasiona!<\/h1>\n<ul>\n<li>Nasiona renomowanego<b> POLSKIEGO PRODUCENTA<\/b>!<\/li>\n<li>Ka\u017cda torebka nasion poddana restrykcyjnym kontrolom, posiada numer partii produktu oraz dat\u0119 wa\u017cno\u015bci. Gwarancja <b>jako\u015b\u0107 i oryginalno\u015b\u0107 nasion.<\/b><\/li>\n<li>Nasiona, z kt\u00f3rym wyrosn\u0105 Twoje warzywa powsta\u0142y w tradycyjnej hodowli <b>bez udzia\u0142u genetycznej modyfikacji (BEZ GMO!!! ).<\/b><\/li>\n<li>Sklep wpisany do rejestru i podlegaj\u0105cy pod Wojew\u00f3dzki Inspektorat Ochrony Ro\u015blin i Nasiennictwa.<\/li>\n<\/ul>\n<\/section><\/div>\n<\/section>\n<section class=\"section\">\n<div class=\"item item-12\">\n<section class=\"image-item\">\n            <img decoding=\"async\" src=\"https:\/\/upload.cdn.baselinker.com\/products\/14476\/546538dbccd4f0fc7abf2fc0b9de539c.png\" \/><br \/>\n        <\/section>\n<\/p><\/div>\n<\/section>\n<section class=\"section\">\n<div class=\"item item-12\">\n<section class=\"text-item\">\n<h1>Ju\u017c nied\u0142ugo puste grz\u0105dki zape\u0142ni\u0105 si\u0119 aromatycznymi zio\u0142ami!<\/h1>\n<p>\u2705 <b>Wyhoduj w\u0142asne zio\u0142a<\/b>, kt\u00f3re b\u0119d\u0105 zdrowe i ekologiczne. Spraw, \u017ce z ka\u017cdego nasionka wyro\u015bnie upragnione ro\u015blina. Zio\u0142a b\u0119d\u0105 Ci s\u0142u\u017cy\u0107 jako <b>dodatek do potraw lub element domowej apteczki.<\/b><\/p>\n<p>\u2705 Samodzielna uprawa zi\u00f3\u0142 to<b> gwarancja, \u017ce ro\u015bliny s\u0105 zdrowe<\/b>, nie zawieraj\u0105 pestycyd\u00f3w ani innych szkodliwych zwi\u0105zk\u00f3w chemicznych.<\/p>\n<\/section><\/div>\n<\/section>\n<section class=\"section\">\n<div class=\"item item-12\">\n<section class=\"image-item\">\n            <img decoding=\"async\" src=\"https:\/\/upload.cdn.baselinker.com\/products\/14476\/d705f158d4751247db879f5c1a429fe1.jpg\" \/><br \/>\n        <\/section>\n<\/p><\/div>\n<\/section>\n","protected":false},"excerpt":{"rendered":"<p>BAZYLIA FINE VERDE ZIO\u0141O NASIONA ZI\u00d3\u0141 BEZ GMO \u2705 Informacje og\u00f3lne: Gatunek: Bazylia Fine Verde Liczba nasion: 600 szt. w gramie Opakowanie: 0,5g Stw\u00f3rz swoj\u0105 zio\u0142ow\u0105 rabat\u0119 i wype\u0142nij sw\u00f3j ogr\u00f3d aromatem zi\u00f3\u0142! BAZYLIA FINE VERDE &#8211; nasiona Bazylia FINE VERDE to ro\u015blina jednoroczna. Odmiana \u015brednio wczesna, o pokroju krzaczastym, \u015brednio wysoka. Zio\u0142o to charakteryzuje<br \/><a class=\"more-link\" href=\"https:\/\/bobimarket.pl\/index.php\/produkt\/bazylia-fine-verde-ziolo-nasiona-ziol-bez-gmo\/\"><br \/>\n        Czytaj wi\u0119cej<span class=\"screen-reader-text\"> &#8222;BAZYLIA FINE VERDE ZIO\u0141O NASIONA ZI\u00d3\u0141 BEZ GMO&#8221;<\/span><\/a><\/p>\n","protected":false},"featured_media":94464,"template":"","meta":[],"product_cat":[8342],"product_tag":[],"yoast_head":"<!-- This site is optimized with the Yoast SEO plugin v21.0 - https:\/\/yoast.com\/wordpress\/plugins\/seo\/ -->\n<title>BAZYLIA FINE VERDE ZIO\u0141O NASIONA ZI\u00d3\u0141 BEZ GMO - BOBIMARKET.pl - Remontuj i urz\u0105dzaj z nami<\/title>\n<meta name=\"robots\" content=\"index, follow, max-snippet:-1, max-image-preview:large, max-video-preview:-1\" \/>\n<link rel=\"canonical\" href=\"https:\/\/bobimarket.pl\/index.php\/produkt\/bazylia-fine-verde-ziolo-nasiona-ziol-bez-gmo\/\" \/>\n<meta property=\"og:locale\" content=\"pl_PL\" \/>\n<meta property=\"og:type\" content=\"article\" \/>\n<meta property=\"og:title\" content=\"BAZYLIA FINE VERDE ZIO\u0141O NASIONA ZI\u00d3\u0141 BEZ GMO - BOBIMARKET.pl - Remontuj i urz\u0105dzaj z nami\" \/>\n<meta property=\"og:description\" content=\"BAZYLIA FINE VERDE ZIO\u0141O NASIONA ZI\u00d3\u0141 BEZ GMO \u2705 Informacje og\u00f3lne: Gatunek: Bazylia Fine Verde Liczba nasion: 600 szt. w gramie Opakowanie: 0,5g Stw\u00f3rz swoj\u0105 zio\u0142ow\u0105 rabat\u0119 i wype\u0142nij sw\u00f3j ogr\u00f3d aromatem zi\u00f3\u0142! BAZYLIA FINE VERDE &#8211; nasiona Bazylia FINE VERDE to ro\u015blina jednoroczna. Odmiana \u015brednio wczesna, o pokroju krzaczastym, \u015brednio wysoka. Zio\u0142o to charakteryzuje     Czytaj wi\u0119cej &quot;BAZYLIA FINE VERDE ZIO\u0141O NASIONA ZI\u00d3\u0141 BEZ GMO&quot;\" \/>\n<meta property=\"og:url\" content=\"https:\/\/bobimarket.pl\/index.php\/produkt\/bazylia-fine-verde-ziolo-nasiona-ziol-bez-gmo\/\" \/>\n<meta property=\"og:site_name\" content=\"BOBIMARKET.pl - Remontuj i urz\u0105dzaj z nami\" \/>\n<meta property=\"article:modified_time\" content=\"2025-05-25T10:07:47+00:00\" \/>\n<meta property=\"og:image\" content=\"https:\/\/upload.cdn.baselinker.com\/products\/14476\/d6fa59cab72347d4828fa2a0bf00622c.jpg\" \/>\n<meta name=\"twitter:card\" content=\"summary_large_image\" \/>\n<meta name=\"twitter:label1\" content=\"Szacowany czas czytania\" \/>\n\t<meta name=\"twitter:data1\" content=\"2 minuty\" \/>\n<script type=\"application\/ld+json\" class=\"yoast-schema-graph\">{\"@context\":\"https:\/\/schema.org\",\"@graph\":[{\"@type\":\"WebPage\",\"@id\":\"https:\/\/bobimarket.pl\/index.php\/produkt\/bazylia-fine-verde-ziolo-nasiona-ziol-bez-gmo\/\",\"url\":\"https:\/\/bobimarket.pl\/index.php\/produkt\/bazylia-fine-verde-ziolo-nasiona-ziol-bez-gmo\/\",\"name\":\"BAZYLIA FINE VERDE ZIO\u0141O NASIONA ZI\u00d3\u0141 BEZ GMO - BOBIMARKET.pl - Remontuj i urz\u0105dzaj z nami\",\"isPartOf\":{\"@id\":\"https:\/\/bobimarket.pl\/#website\"},\"datePublished\":\"2023-08-30T09:26:24+00:00\",\"dateModified\":\"2025-05-25T10:07:47+00:00\",\"breadcrumb\":{\"@id\":\"https:\/\/bobimarket.pl\/index.php\/produkt\/bazylia-fine-verde-ziolo-nasiona-ziol-bez-gmo\/#breadcrumb\"},\"inLanguage\":\"pl-PL\",\"potentialAction\":[{\"@type\":\"ReadAction\",\"target\":[\"https:\/\/bobimarket.pl\/index.php\/produkt\/bazylia-fine-verde-ziolo-nasiona-ziol-bez-gmo\/\"]}]},{\"@type\":\"BreadcrumbList\",\"@id\":\"https:\/\/bobimarket.pl\/index.php\/produkt\/bazylia-fine-verde-ziolo-nasiona-ziol-bez-gmo\/#breadcrumb\",\"itemListElement\":[{\"@type\":\"ListItem\",\"position\":1,\"name\":\"Strona g\u0142\u00f3wna\",\"item\":\"https:\/\/bobimarket.pl\/\"},{\"@type\":\"ListItem\",\"position\":2,\"name\":\"Sklep\",\"item\":\"https:\/\/bobimarket.pl\/index.php\/shop\/\"},{\"@type\":\"ListItem\",\"position\":3,\"name\":\"BAZYLIA FINE VERDE ZIO\u0141O NASIONA ZI\u00d3\u0141 BEZ GMO\"}]},{\"@type\":\"WebSite\",\"@id\":\"https:\/\/bobimarket.pl\/#website\",\"url\":\"https:\/\/bobimarket.pl\/\",\"name\":\"BOBIMARKET.pl - Remontuj i urz\u0105dzaj z nami\",\"description\":\"Remontuj i urz\u0105dzaj z nami\",\"publisher\":{\"@id\":\"https:\/\/bobimarket.pl\/#organization\"},\"potentialAction\":[{\"@type\":\"SearchAction\",\"target\":{\"@type\":\"EntryPoint\",\"urlTemplate\":\"https:\/\/bobimarket.pl\/?s={search_term_string}\"},\"query-input\":\"required name=search_term_string\"}],\"inLanguage\":\"pl-PL\"},{\"@type\":\"Organization\",\"@id\":\"https:\/\/bobimarket.pl\/#organization\",\"name\":\"BOBIMARKET.pl\",\"url\":\"https:\/\/bobimarket.pl\/\",\"logo\":{\"@type\":\"ImageObject\",\"inLanguage\":\"pl-PL\",\"@id\":\"https:\/\/bobimarket.pl\/#\/schema\/logo\/image\/\",\"url\":\"https:\/\/bobimarket.pl\/wp-content\/uploads\/2021\/11\/slogan.png\",\"contentUrl\":\"https:\/\/bobimarket.pl\/wp-content\/uploads\/2021\/11\/slogan.png\",\"width\":2000,\"height\":384,\"caption\":\"BOBIMARKET.pl\"},\"image\":{\"@id\":\"https:\/\/bobimarket.pl\/#\/schema\/logo\/image\/\"}}]}<\/script>\n<!-- \/ Yoast SEO plugin. -->","yoast_head_json":{"title":"BAZYLIA FINE VERDE ZIO\u0141O NASIONA ZI\u00d3\u0141 BEZ GMO - BOBIMARKET.pl - Remontuj i urz\u0105dzaj z nami","robots":{"index":"index","follow":"follow","max-snippet":"max-snippet:-1","max-image-preview":"max-image-preview:large","max-video-preview":"max-video-preview:-1"},"canonical":"https:\/\/bobimarket.pl\/index.php\/produkt\/bazylia-fine-verde-ziolo-nasiona-ziol-bez-gmo\/","og_locale":"pl_PL","og_type":"article","og_title":"BAZYLIA FINE VERDE ZIO\u0141O NASIONA ZI\u00d3\u0141 BEZ GMO - BOBIMARKET.pl - Remontuj i urz\u0105dzaj z nami","og_description":"BAZYLIA FINE VERDE ZIO\u0141O NASIONA ZI\u00d3\u0141 BEZ GMO \u2705 Informacje og\u00f3lne: Gatunek: Bazylia Fine Verde Liczba nasion: 600 szt. w gramie Opakowanie: 0,5g Stw\u00f3rz swoj\u0105 zio\u0142ow\u0105 rabat\u0119 i wype\u0142nij sw\u00f3j ogr\u00f3d aromatem zi\u00f3\u0142! BAZYLIA FINE VERDE &#8211; nasiona Bazylia FINE VERDE to ro\u015blina jednoroczna. Odmiana \u015brednio wczesna, o pokroju krzaczastym, \u015brednio wysoka. Zio\u0142o to charakteryzuje     Czytaj wi\u0119cej \"BAZYLIA FINE VERDE ZIO\u0141O NASIONA ZI\u00d3\u0141 BEZ GMO\"","og_url":"https:\/\/bobimarket.pl\/index.php\/produkt\/bazylia-fine-verde-ziolo-nasiona-ziol-bez-gmo\/","og_site_name":"BOBIMARKET.pl - Remontuj i urz\u0105dzaj z nami","article_modified_time":"2025-05-25T10:07:47+00:00","og_image":[{"url":"https:\/\/upload.cdn.baselinker.com\/products\/14476\/d6fa59cab72347d4828fa2a0bf00622c.jpg"}],"twitter_card":"summary_large_image","twitter_misc":{"Szacowany czas czytania":"2 minuty"},"schema":{"@context":"https:\/\/schema.org","@graph":[{"@type":"WebPage","@id":"https:\/\/bobimarket.pl\/index.php\/produkt\/bazylia-fine-verde-ziolo-nasiona-ziol-bez-gmo\/","url":"https:\/\/bobimarket.pl\/index.php\/produkt\/bazylia-fine-verde-ziolo-nasiona-ziol-bez-gmo\/","name":"BAZYLIA FINE VERDE ZIO\u0141O NASIONA ZI\u00d3\u0141 BEZ GMO - BOBIMARKET.pl - Remontuj i urz\u0105dzaj z nami","isPartOf":{"@id":"https:\/\/bobimarket.pl\/#website"},"datePublished":"2023-08-30T09:26:24+00:00","dateModified":"2025-05-25T10:07:47+00:00","breadcrumb":{"@id":"https:\/\/bobimarket.pl\/index.php\/produkt\/bazylia-fine-verde-ziolo-nasiona-ziol-bez-gmo\/#breadcrumb"},"inLanguage":"pl-PL","potentialAction":[{"@type":"ReadAction","target":["https:\/\/bobimarket.pl\/index.php\/produkt\/bazylia-fine-verde-ziolo-nasiona-ziol-bez-gmo\/"]}]},{"@type":"BreadcrumbList","@id":"https:\/\/bobimarket.pl\/index.php\/produkt\/bazylia-fine-verde-ziolo-nasiona-ziol-bez-gmo\/#breadcrumb","itemListElement":[{"@type":"ListItem","position":1,"name":"Strona g\u0142\u00f3wna","item":"https:\/\/bobimarket.pl\/"},{"@type":"ListItem","position":2,"name":"Sklep","item":"https:\/\/bobimarket.pl\/index.php\/shop\/"},{"@type":"ListItem","position":3,"name":"BAZYLIA FINE VERDE ZIO\u0141O NASIONA ZI\u00d3\u0141 BEZ GMO"}]},{"@type":"WebSite","@id":"https:\/\/bobimarket.pl\/#website","url":"https:\/\/bobimarket.pl\/","name":"BOBIMARKET.pl - Remontuj i urz\u0105dzaj z nami","description":"Remontuj i urz\u0105dzaj z nami","publisher":{"@id":"https:\/\/bobimarket.pl\/#organization"},"potentialAction":[{"@type":"SearchAction","target":{"@type":"EntryPoint","urlTemplate":"https:\/\/bobimarket.pl\/?s={search_term_string}"},"query-input":"required name=search_term_string"}],"inLanguage":"pl-PL"},{"@type":"Organization","@id":"https:\/\/bobimarket.pl\/#organization","name":"BOBIMARKET.pl","url":"https:\/\/bobimarket.pl\/","logo":{"@type":"ImageObject","inLanguage":"pl-PL","@id":"https:\/\/bobimarket.pl\/#\/schema\/logo\/image\/","url":"https:\/\/bobimarket.pl\/wp-content\/uploads\/2021\/11\/slogan.png","contentUrl":"https:\/\/bobimarket.pl\/wp-content\/uploads\/2021\/11\/slogan.png","width":2000,"height":384,"caption":"BOBIMARKET.pl"},"image":{"@id":"https:\/\/bobimarket.pl\/#\/schema\/logo\/image\/"}}]}},"_links":{"self":[{"href":"https:\/\/bobimarket.pl\/index.php\/wp-json\/wp\/v2\/product\/94475"}],"collection":[{"href":"https:\/\/bobimarket.pl\/index.php\/wp-json\/wp\/v2\/product"}],"about":[{"href":"https:\/\/bobimarket.pl\/index.php\/wp-json\/wp\/v2\/types\/product"}],"wp:featuredmedia":[{"embeddable":true,"href":"https:\/\/bobimarket.pl\/index.php\/wp-json\/wp\/v2\/media\/94464"}],"wp:attachment":[{"href":"https:\/\/bobimarket.pl\/index.php\/wp-json\/wp\/v2\/media?parent=94475"}],"wp:term":[{"taxonomy":"product_cat","embeddable":true,"href":"https:\/\/bobimarket.pl\/index.php\/wp-json\/wp\/v2\/product_cat?post=94475"},{"taxonomy":"product_tag","embeddable":true,"href":"https:\/\/bobimarket.pl\/index.php\/wp-json\/wp\/v2\/product_tag?post=94475"}],"curies":[{"name":"wp","href":"https:\/\/api.w.org\/{rel}","templated":true}]}}