{"id":94504,"date":"2023-08-30T09:28:32","date_gmt":"2023-08-30T09:28:32","guid":{"rendered":"https:\/\/bobimarket.pl\/index.php\/produkt\/pomidor-malinowy-kapturek-do-600-owocow-bez-gmo\/"},"modified":"2025-02-27T16:12:18","modified_gmt":"2025-02-27T16:12:18","slug":"pomidor-malinowy-kapturek-do-600-owocow-bez-gmo","status":"publish","type":"product","link":"https:\/\/bobimarket.pl\/index.php\/produkt\/pomidor-malinowy-kapturek-do-600-owocow-bez-gmo\/","title":{"rendered":"POMIDOR MALINOWY KAPTUREK DO 600 OWOC\u00d3W BEZ GMO"},"content":{"rendered":"<section class=\"section\">\n<div class=\"item item-12\">\n<section class=\"text-item\">\n<h2>POMIDOR GRUNTOWY MALINOWY KAPTUREK NASIONA BEZ GMO<\/h2>\n<p><b>\u2705 Dane og\u00f3lne:<\/b><\/p>\n<ul>\n<li>Norma wysiewu: <b>1,5-2kg\/ha (do gruntu)<\/b><\/li>\n<li>Opakowanie: <b>1g<\/b><\/li>\n<\/ul>\n<h1>NASIONA BEZ GMO OD POLSKIEGO PRODUCENTA!<\/h1>\n<\/section><\/div>\n<\/section>\n<section class=\"section\">\n<div class=\"item item-12\">\n<section class=\"image-item\">\n            <img decoding=\"async\" src=\"https:\/\/upload.cdn.baselinker.com\/products\/14476\/658dad201f55239ae9e38285b37eac8d.jpg\" \/><br \/>\n        <\/section>\n<\/p><\/div>\n<\/section>\n<section class=\"section\">\n<div class=\"item item-12\">\n<section class=\"text-item\">\n<h2>Pomidor gruntowy malinowy KAPTUREK<\/h2>\n<p>Pomidor KAPTUREK to odmiana <b>koktajlowa typu malinowego<\/b>. Jest to odmiana \u015bwietnie plonuj\u0105ca. Nadaje si\u0119 do uprawy na tarasie czy balkonie. <b>Smaczne w smaku<\/b>, \u015bwietna\u00a0 do sa\u0142atek, dekoracji da\u0144 lub do mro\u017conek czy marynat.<\/p>\n<p>To bardzo smaczna odmiana o malinowych owocach: s\u0142odka, pachn\u0105ca, z delikatn\u0105 sk\u00f3rk\u0105. Cho\u0107 jest wysoki, \u015bwietnie ro\u015bnie i plonuje nawet w donicach na balkonie oraz tarasie.<\/p>\n<p><b>\u2705<\/b><b> Cechy og\u00f3lne odmiany <\/b><\/p>\n<p>Owoce s\u0105 <b>niewielkie i owalne<\/b>. Sk\u00f3rka jest twarda, ale nie trzeba jej obiera\u0107. Owoce s\u0105 <b>s\u0142odkie w smaku i pachn\u0105ce.<\/b> Pomidorki maj\u0105 r\u00f3\u017cowoczerwony kolor. Najs\u0142odsze owoce zbierane s\u0105 w sierpniu ( gdy jest du\u017ce s\u0142o\u0144ce), we wrze\u015bniu owoce mog\u0105 by\u0107 nieco kwaskowate.<\/p>\n<ul>\n<li>Nadaj\u0105 si\u0119 na balkon, taras, do szklarni lub do posadzenia w donicach.<\/li>\n<li>Owoce, gdy s\u0105 zielone nie maj\u0105 tendencji do opadania.<\/li>\n<li>Lubi stanowiska s\u0142oneczne, ewentualnie p\u00f3\u0142cieniste.<\/li>\n<\/ul>\n<\/section><\/div>\n<\/section>\n<section class=\"section\">\n<div class=\"item item-12\">\n<section class=\"image-item\">\n            <img decoding=\"async\" src=\"https:\/\/upload.cdn.baselinker.com\/products\/14476\/658dad201f55239ae9e38285b37eac8d.jpg\" \/><br \/>\n        <\/section>\n<\/p><\/div>\n<\/section>\n<section class=\"section\">\n<div class=\"item item-12\">\n<section class=\"text-item\">\n<h2>\u2705 Kupuj\u0105c u nas zyskujesz wi\u0119cej nasion!<\/h2>\n<p>Zwr\u00f3ci\u0107 uwag\u0119 na mas\u0119 nasion w torebce! Cz\u0119sto ta\u0144sze oferty zawieraj\u0105 jedynie kilka nasion, dlatego bardziej op\u0142acalny jest zakup wi\u0119kszej masy nasion w opakowaniu, kt\u00f3re w przeliczeniu ceny i wagi mog\u0105 okaza\u0107 si\u0119 tak naprawd\u0119 ta\u0144sze!<\/p>\n<ul>\n<li>Kupuj\u0105c wi\u0119ksze opakowanie z<b> jednej paczuszki mo\u017cesz uzyska\u0107 wi\u0119ksz\u0105 liczb\u0119 rozsad<\/b>, przy mniejszym nak\u0142adzie finansowym!<\/li>\n<\/ul>\n<\/section><\/div>\n<\/section>\n<section class=\"section\">\n<div class=\"item item-12\">\n<section class=\"text-item\">\n<h1>WI\u0118KSZE OPAKOWANIE = WI\u0118CEJ NASION = LEPSZA CENA<\/h1>\n<\/section><\/div>\n<\/section>\n<section class=\"section\">\n<div class=\"item item-12\">\n<section class=\"image-item\">\n            <img decoding=\"async\" src=\"https:\/\/upload.cdn.baselinker.com\/products\/14476\/aeb6dba914b917fbe31988a777bd0978.jpg\" \/><br \/>\n        <\/section>\n<\/p><\/div>\n<\/section>\n<section class=\"section\">\n<div class=\"item item-12\">\n<section class=\"text-item\">\n<h1>Kup sprawdzone nasiona!<\/h1>\n<ul>\n<li>Nasiona renomowanego<b> POLSKIEGO PRODUCENTA<\/b>!<\/li>\n<li>Sklep wpisany do rejestru i podlegaj\u0105cy pod Wojew\u00f3dzki Inspektorat Ochrony Ro\u015blin i Nasiennictwa.<\/li>\n<li>Ka\u017cda torebka nasion posiada <b>PASZPORT RO\u015aLINY, <\/b>kt\u00f3ry jest gwarancj\u0105, \u017ce nasiona zosta\u0142y skontrolowane\u00a0 i s\u0105 wolne od organizm\u00f3w szkodliwych.<\/li>\n<li>Nasiona, z kt\u00f3rych wyrosn\u0105 Twoje ro\u015bliny powsta\u0142y w tradycyjnej hodowli <b>bez udzia\u0142u genetycznej modyfikacji (BEZ GMO!!! ).<\/b><\/li>\n<\/ul>\n<\/section><\/div>\n<\/section>\n<section class=\"section\">\n<div class=\"item item-12\">\n<section class=\"image-item\">\n            <img decoding=\"async\" src=\"https:\/\/upload.cdn.baselinker.com\/products\/14476\/f44a8442a7cce376c2ced61fc5ff2b18.png\" \/><br \/>\n        <\/section>\n<\/p><\/div>\n<\/section>\n<section class=\"section\">\n<div class=\"item item-12\">\n<section class=\"text-item\">\n<h1>Ju\u017c nied\u0142ugo puste grz\u0105dki zape\u0142ni\u0105 si\u0119 warzywami!<\/h1>\n<p>\u2705 <b>Wyhoduj w\u0142asne warzywa<\/b>, kt\u00f3re b\u0119d\u0105 zdrowe, smaczne \u00a0i ekologiczne. Spraw, \u017ce z ka\u017cdego nasionka wyro\u015bnie upragnione warzywo, kt\u00f3re b\u0119dzie \u017ar\u00f3d\u0142em \u00a0wielu witamin, soli mineralnych i innych sk\u0142adnik\u00f3w od\u017cywczych.<\/p>\n<p>\u2705 Samodzielna uprawa ro\u015blin to<b> gwarancja, \u017ce warzywa s\u0105 zdrowe<\/b>, nie zawieraj\u0105 pestycyd\u00f3w ani innych szkodliwych zwi\u0105zk\u00f3w chemicznych.<\/p>\n<\/section><\/div>\n<\/section>\n<section class=\"section\">\n<div class=\"item item-12\">\n<section class=\"image-item\">\n            <img decoding=\"async\" src=\"https:\/\/upload.cdn.baselinker.com\/products\/14476\/24dae4accf6237487dd4115b978c3167.jpg\" \/><br \/>\n        <\/section>\n<\/p><\/div>\n<\/section>\n","protected":false},"excerpt":{"rendered":"<p>POMIDOR GRUNTOWY MALINOWY KAPTUREK NASIONA BEZ GMO \u2705 Dane og\u00f3lne: Norma wysiewu: 1,5-2kg\/ha (do gruntu) Opakowanie: 1g NASIONA BEZ GMO OD POLSKIEGO PRODUCENTA! Pomidor gruntowy malinowy KAPTUREK Pomidor KAPTUREK to odmiana koktajlowa typu malinowego. Jest to odmiana \u015bwietnie plonuj\u0105ca. Nadaje si\u0119 do uprawy na tarasie czy balkonie. Smaczne w smaku, \u015bwietna\u00a0 do sa\u0142atek, dekoracji da\u0144<br \/><a class=\"more-link\" href=\"https:\/\/bobimarket.pl\/index.php\/produkt\/pomidor-malinowy-kapturek-do-600-owocow-bez-gmo\/\"><br \/>\n        Czytaj wi\u0119cej<span class=\"screen-reader-text\"> &#8222;POMIDOR MALINOWY KAPTUREK DO 600 OWOC\u00d3W BEZ GMO&#8221;<\/span><\/a><\/p>\n","protected":false},"featured_media":94497,"template":"","meta":[],"product_cat":[8125],"product_tag":[],"yoast_head":"<!-- This site is optimized with the Yoast SEO plugin v21.0 - https:\/\/yoast.com\/wordpress\/plugins\/seo\/ -->\n<title>POMIDOR MALINOWY KAPTUREK DO 600 OWOC\u00d3W BEZ GMO - BOBIMARKET.pl - Remontuj i urz\u0105dzaj z nami<\/title>\n<meta name=\"robots\" content=\"index, follow, max-snippet:-1, max-image-preview:large, max-video-preview:-1\" \/>\n<link rel=\"canonical\" href=\"https:\/\/bobimarket.pl\/index.php\/produkt\/pomidor-malinowy-kapturek-do-600-owocow-bez-gmo\/\" \/>\n<meta property=\"og:locale\" content=\"pl_PL\" \/>\n<meta property=\"og:type\" content=\"article\" \/>\n<meta property=\"og:title\" content=\"POMIDOR MALINOWY KAPTUREK DO 600 OWOC\u00d3W BEZ GMO - BOBIMARKET.pl - Remontuj i urz\u0105dzaj z nami\" \/>\n<meta property=\"og:description\" content=\"POMIDOR GRUNTOWY MALINOWY KAPTUREK NASIONA BEZ GMO \u2705 Dane og\u00f3lne: Norma wysiewu: 1,5-2kg\/ha (do gruntu) Opakowanie: 1g NASIONA BEZ GMO OD POLSKIEGO PRODUCENTA! Pomidor gruntowy malinowy KAPTUREK Pomidor KAPTUREK to odmiana koktajlowa typu malinowego. Jest to odmiana \u015bwietnie plonuj\u0105ca. Nadaje si\u0119 do uprawy na tarasie czy balkonie. Smaczne w smaku, \u015bwietna\u00a0 do sa\u0142atek, dekoracji da\u0144     Czytaj wi\u0119cej &quot;POMIDOR MALINOWY KAPTUREK DO 600 OWOC\u00d3W BEZ GMO&quot;\" \/>\n<meta property=\"og:url\" content=\"https:\/\/bobimarket.pl\/index.php\/produkt\/pomidor-malinowy-kapturek-do-600-owocow-bez-gmo\/\" \/>\n<meta property=\"og:site_name\" content=\"BOBIMARKET.pl - Remontuj i urz\u0105dzaj z nami\" \/>\n<meta property=\"article:modified_time\" content=\"2025-02-27T16:12:18+00:00\" \/>\n<meta property=\"og:image\" content=\"https:\/\/upload.cdn.baselinker.com\/products\/14476\/658dad201f55239ae9e38285b37eac8d.jpg\" \/>\n<meta name=\"twitter:card\" content=\"summary_large_image\" \/>\n<meta name=\"twitter:label1\" content=\"Szacowany czas czytania\" \/>\n\t<meta name=\"twitter:data1\" content=\"2 minuty\" \/>\n<script type=\"application\/ld+json\" class=\"yoast-schema-graph\">{\"@context\":\"https:\/\/schema.org\",\"@graph\":[{\"@type\":\"WebPage\",\"@id\":\"https:\/\/bobimarket.pl\/index.php\/produkt\/pomidor-malinowy-kapturek-do-600-owocow-bez-gmo\/\",\"url\":\"https:\/\/bobimarket.pl\/index.php\/produkt\/pomidor-malinowy-kapturek-do-600-owocow-bez-gmo\/\",\"name\":\"POMIDOR MALINOWY KAPTUREK DO 600 OWOC\u00d3W BEZ GMO - BOBIMARKET.pl - Remontuj i urz\u0105dzaj z nami\",\"isPartOf\":{\"@id\":\"https:\/\/bobimarket.pl\/#website\"},\"datePublished\":\"2023-08-30T09:28:32+00:00\",\"dateModified\":\"2025-02-27T16:12:18+00:00\",\"breadcrumb\":{\"@id\":\"https:\/\/bobimarket.pl\/index.php\/produkt\/pomidor-malinowy-kapturek-do-600-owocow-bez-gmo\/#breadcrumb\"},\"inLanguage\":\"pl-PL\",\"potentialAction\":[{\"@type\":\"ReadAction\",\"target\":[\"https:\/\/bobimarket.pl\/index.php\/produkt\/pomidor-malinowy-kapturek-do-600-owocow-bez-gmo\/\"]}]},{\"@type\":\"BreadcrumbList\",\"@id\":\"https:\/\/bobimarket.pl\/index.php\/produkt\/pomidor-malinowy-kapturek-do-600-owocow-bez-gmo\/#breadcrumb\",\"itemListElement\":[{\"@type\":\"ListItem\",\"position\":1,\"name\":\"Strona g\u0142\u00f3wna\",\"item\":\"https:\/\/bobimarket.pl\/\"},{\"@type\":\"ListItem\",\"position\":2,\"name\":\"Sklep\",\"item\":\"https:\/\/bobimarket.pl\/index.php\/shop\/\"},{\"@type\":\"ListItem\",\"position\":3,\"name\":\"POMIDOR MALINOWY KAPTUREK DO 600 OWOC\u00d3W BEZ GMO\"}]},{\"@type\":\"WebSite\",\"@id\":\"https:\/\/bobimarket.pl\/#website\",\"url\":\"https:\/\/bobimarket.pl\/\",\"name\":\"BOBIMARKET.pl - Remontuj i urz\u0105dzaj z nami\",\"description\":\"Remontuj i urz\u0105dzaj z nami\",\"publisher\":{\"@id\":\"https:\/\/bobimarket.pl\/#organization\"},\"potentialAction\":[{\"@type\":\"SearchAction\",\"target\":{\"@type\":\"EntryPoint\",\"urlTemplate\":\"https:\/\/bobimarket.pl\/?s={search_term_string}\"},\"query-input\":\"required name=search_term_string\"}],\"inLanguage\":\"pl-PL\"},{\"@type\":\"Organization\",\"@id\":\"https:\/\/bobimarket.pl\/#organization\",\"name\":\"BOBIMARKET.pl\",\"url\":\"https:\/\/bobimarket.pl\/\",\"logo\":{\"@type\":\"ImageObject\",\"inLanguage\":\"pl-PL\",\"@id\":\"https:\/\/bobimarket.pl\/#\/schema\/logo\/image\/\",\"url\":\"https:\/\/bobimarket.pl\/wp-content\/uploads\/2021\/11\/slogan.png\",\"contentUrl\":\"https:\/\/bobimarket.pl\/wp-content\/uploads\/2021\/11\/slogan.png\",\"width\":2000,\"height\":384,\"caption\":\"BOBIMARKET.pl\"},\"image\":{\"@id\":\"https:\/\/bobimarket.pl\/#\/schema\/logo\/image\/\"}}]}<\/script>\n<!-- \/ Yoast SEO plugin. -->","yoast_head_json":{"title":"POMIDOR MALINOWY KAPTUREK DO 600 OWOC\u00d3W BEZ GMO - BOBIMARKET.pl - Remontuj i urz\u0105dzaj z nami","robots":{"index":"index","follow":"follow","max-snippet":"max-snippet:-1","max-image-preview":"max-image-preview:large","max-video-preview":"max-video-preview:-1"},"canonical":"https:\/\/bobimarket.pl\/index.php\/produkt\/pomidor-malinowy-kapturek-do-600-owocow-bez-gmo\/","og_locale":"pl_PL","og_type":"article","og_title":"POMIDOR MALINOWY KAPTUREK DO 600 OWOC\u00d3W BEZ GMO - BOBIMARKET.pl - Remontuj i urz\u0105dzaj z nami","og_description":"POMIDOR GRUNTOWY MALINOWY KAPTUREK NASIONA BEZ GMO \u2705 Dane og\u00f3lne: Norma wysiewu: 1,5-2kg\/ha (do gruntu) Opakowanie: 1g NASIONA BEZ GMO OD POLSKIEGO PRODUCENTA! Pomidor gruntowy malinowy KAPTUREK Pomidor KAPTUREK to odmiana koktajlowa typu malinowego. Jest to odmiana \u015bwietnie plonuj\u0105ca. Nadaje si\u0119 do uprawy na tarasie czy balkonie. Smaczne w smaku, \u015bwietna\u00a0 do sa\u0142atek, dekoracji da\u0144     Czytaj wi\u0119cej \"POMIDOR MALINOWY KAPTUREK DO 600 OWOC\u00d3W BEZ GMO\"","og_url":"https:\/\/bobimarket.pl\/index.php\/produkt\/pomidor-malinowy-kapturek-do-600-owocow-bez-gmo\/","og_site_name":"BOBIMARKET.pl - Remontuj i urz\u0105dzaj z nami","article_modified_time":"2025-02-27T16:12:18+00:00","og_image":[{"url":"https:\/\/upload.cdn.baselinker.com\/products\/14476\/658dad201f55239ae9e38285b37eac8d.jpg"}],"twitter_card":"summary_large_image","twitter_misc":{"Szacowany czas czytania":"2 minuty"},"schema":{"@context":"https:\/\/schema.org","@graph":[{"@type":"WebPage","@id":"https:\/\/bobimarket.pl\/index.php\/produkt\/pomidor-malinowy-kapturek-do-600-owocow-bez-gmo\/","url":"https:\/\/bobimarket.pl\/index.php\/produkt\/pomidor-malinowy-kapturek-do-600-owocow-bez-gmo\/","name":"POMIDOR MALINOWY KAPTUREK DO 600 OWOC\u00d3W BEZ GMO - BOBIMARKET.pl - Remontuj i urz\u0105dzaj z nami","isPartOf":{"@id":"https:\/\/bobimarket.pl\/#website"},"datePublished":"2023-08-30T09:28:32+00:00","dateModified":"2025-02-27T16:12:18+00:00","breadcrumb":{"@id":"https:\/\/bobimarket.pl\/index.php\/produkt\/pomidor-malinowy-kapturek-do-600-owocow-bez-gmo\/#breadcrumb"},"inLanguage":"pl-PL","potentialAction":[{"@type":"ReadAction","target":["https:\/\/bobimarket.pl\/index.php\/produkt\/pomidor-malinowy-kapturek-do-600-owocow-bez-gmo\/"]}]},{"@type":"BreadcrumbList","@id":"https:\/\/bobimarket.pl\/index.php\/produkt\/pomidor-malinowy-kapturek-do-600-owocow-bez-gmo\/#breadcrumb","itemListElement":[{"@type":"ListItem","position":1,"name":"Strona g\u0142\u00f3wna","item":"https:\/\/bobimarket.pl\/"},{"@type":"ListItem","position":2,"name":"Sklep","item":"https:\/\/bobimarket.pl\/index.php\/shop\/"},{"@type":"ListItem","position":3,"name":"POMIDOR MALINOWY KAPTUREK DO 600 OWOC\u00d3W BEZ GMO"}]},{"@type":"WebSite","@id":"https:\/\/bobimarket.pl\/#website","url":"https:\/\/bobimarket.pl\/","name":"BOBIMARKET.pl - Remontuj i urz\u0105dzaj z nami","description":"Remontuj i urz\u0105dzaj z nami","publisher":{"@id":"https:\/\/bobimarket.pl\/#organization"},"potentialAction":[{"@type":"SearchAction","target":{"@type":"EntryPoint","urlTemplate":"https:\/\/bobimarket.pl\/?s={search_term_string}"},"query-input":"required name=search_term_string"}],"inLanguage":"pl-PL"},{"@type":"Organization","@id":"https:\/\/bobimarket.pl\/#organization","name":"BOBIMARKET.pl","url":"https:\/\/bobimarket.pl\/","logo":{"@type":"ImageObject","inLanguage":"pl-PL","@id":"https:\/\/bobimarket.pl\/#\/schema\/logo\/image\/","url":"https:\/\/bobimarket.pl\/wp-content\/uploads\/2021\/11\/slogan.png","contentUrl":"https:\/\/bobimarket.pl\/wp-content\/uploads\/2021\/11\/slogan.png","width":2000,"height":384,"caption":"BOBIMARKET.pl"},"image":{"@id":"https:\/\/bobimarket.pl\/#\/schema\/logo\/image\/"}}]}},"_links":{"self":[{"href":"https:\/\/bobimarket.pl\/index.php\/wp-json\/wp\/v2\/product\/94504"}],"collection":[{"href":"https:\/\/bobimarket.pl\/index.php\/wp-json\/wp\/v2\/product"}],"about":[{"href":"https:\/\/bobimarket.pl\/index.php\/wp-json\/wp\/v2\/types\/product"}],"wp:featuredmedia":[{"embeddable":true,"href":"https:\/\/bobimarket.pl\/index.php\/wp-json\/wp\/v2\/media\/94497"}],"wp:attachment":[{"href":"https:\/\/bobimarket.pl\/index.php\/wp-json\/wp\/v2\/media?parent=94504"}],"wp:term":[{"taxonomy":"product_cat","embeddable":true,"href":"https:\/\/bobimarket.pl\/index.php\/wp-json\/wp\/v2\/product_cat?post=94504"},{"taxonomy":"product_tag","embeddable":true,"href":"https:\/\/bobimarket.pl\/index.php\/wp-json\/wp\/v2\/product_tag?post=94504"}],"curies":[{"name":"wp","href":"https:\/\/api.w.org\/{rel}","templated":true}]}}