{"id":94758,"date":"2023-08-30T09:46:12","date_gmt":"2023-08-30T09:46:12","guid":{"rendered":"https:\/\/bobimarket.pl\/index.php\/produkt\/burak-cwiklowy-degypte-na-botwinke-nasiona-bez-gmo-10g\/"},"modified":"2025-02-27T16:13:52","modified_gmt":"2025-02-27T16:13:52","slug":"burak-cwiklowy-degypte-na-botwinke-nasiona-bez-gmo-10g","status":"publish","type":"product","link":"https:\/\/bobimarket.pl\/index.php\/produkt\/burak-cwiklowy-degypte-na-botwinke-nasiona-bez-gmo-10g\/","title":{"rendered":"BURAK \u0106WIK\u0141OWY DEGYPTE NA BOTWINK\u0118 NASIONA BEZ GMO 10g"},"content":{"rendered":"<section class=\"section\">\n<div class=\"item item-12\">\n<section class=\"text-item\">\n<h2>BURAK \u0106WIK\u0141OWY DEGYPTE NA BOTWINK\u0118 NASIONA BEZ GMO 10g<\/h2>\n<p><b>\u2705 Informacje og\u00f3lne: <\/b><\/p>\n<ul>\n<li>Liczba nasion:<b> 80-120 szt. w gramie<\/b><\/li>\n<li>Norma wysiewu: <b>8-12kg\/ha<\/b><\/li>\n<\/ul>\n<p>\u2705 Terminy wysiewu\/zbioru:<\/p>\n<ul>\n<li>Termin wysadzania: <b>IV &#8211; VI<\/b><\/li>\n<li>Rozstawa: <b>na og\u00f3\u0142 30-50 x 5-7 cm<\/b><\/li>\n<li>Termin zbioru: <b>VI &#8211; X<\/b><\/li>\n<\/ul>\n<p>\u2705 Wegetacja:\u00a0 <b>90 &#8211; 110 dni<\/b><\/p>\n<p>\u2705 Opakowanie:<b> 10 g <\/b><\/p>\n<h1>NASIONA BEZ GMO OD POLSKIEGO PRODUCENTA!<\/h1>\n<\/section><\/div>\n<\/section>\n<section class=\"section\">\n<div class=\"item item-12\">\n<section class=\"image-item\">\n            <img decoding=\"async\" src=\"https:\/\/upload.cdn.baselinker.com\/products\/14476\/b0041c806046f1c9a6ab6c924a3fb69b.jpg\" \/><br \/>\n        <\/section>\n<\/p><\/div>\n<\/section>\n<section class=\"section\">\n<div class=\"item item-12\">\n<section class=\"text-item\">\n<p><b>Burak \u0107wik\u0142owy 'DEGYPTE&#8217; nasiona <\/b><\/p>\n<p>Burak \u0107wik\u0142owy 'DEGYPTE&#8217; to o<b>dmiana wczesna i plenna<\/b>. Burak typu egipskiego. Szczeg\u00f3lnie polecana do wczesnej uprawy na zbi\u00f3r p\u0119czkowy. \u015awietnie nadaje si\u0119 do przechowywani, nie traci koloru ani j\u0119drno\u015bci.<\/p>\n<p><b>\u2705<\/b><b> Cechy og\u00f3lne odmiany:<\/b><\/p>\n<p>Korze\u0144 p\u0142aski w kszta\u0142cie dysku, o ciemnoczerwonym zabarwieniu. Mi\u0105\u017csz intensywnie czerwony, s\u0142odki, bardzo smaczny. Doskona\u0142y na botwink\u0119.<\/p>\n<ul>\n<li>Okres wegetacji 90-110 dni.<\/li>\n<li>Stosunkowo du\u017ce wymagani wodne.<\/li>\n<\/ul>\n<\/section><\/div>\n<\/section>\n<section class=\"section\">\n<div class=\"item item-12\">\n<section class=\"image-item\">\n            <img decoding=\"async\" src=\"https:\/\/upload.cdn.baselinker.com\/products\/14476\/80e0287ba2f4296fdc5493c77bb18f5f.jpg\" \/><br \/>\n        <\/section>\n<\/p><\/div>\n<\/section>\n<section class=\"section\">\n<div class=\"item item-12\">\n<section class=\"text-item\">\n<h2>\u2705 Kupuj\u0105c u nas zyskujesz wi\u0119cej nasion!<\/h2>\n<p>Zwr\u00f3ci\u0107 uwag\u0119 na mas\u0119 nasion w torebce! Cz\u0119sto ta\u0144sze oferty zawieraj\u0105 jedynie kilka nasion, dlatego bardziej op\u0142acalny jest zakup wi\u0119kszej masy nasion w opakowaniu, kt\u00f3re w przeliczeniu ceny i wagi mog\u0105 okaza\u0107 si\u0119 tak naprawd\u0119 ta\u0144sze!<\/p>\n<ul>\n<li>Kupuj\u0105c wi\u0119ksze opakowanie z<b> jednej paczuszki mo\u017cesz uzyska\u0107 wi\u0119ksz\u0105 liczb\u0119 rozsad<\/b>, przy mniejszym nak\u0142adzie finansowym!<\/li>\n<\/ul>\n<\/section><\/div>\n<\/section>\n<section class=\"section\">\n<div class=\"item item-12\">\n<section class=\"text-item\">\n<h1>WI\u0118KSZE OPAKOWANIE = WI\u0118CEJ NASION = LEPSZA CENA<\/h1>\n<\/section><\/div>\n<\/section>\n<section class=\"section\">\n<div class=\"item item-12\">\n<section class=\"image-item\">\n            <img decoding=\"async\" src=\"https:\/\/upload.cdn.baselinker.com\/products\/14476\/63bdb74751e0270420804b34bab71c0f.jpg\" \/><br \/>\n        <\/section>\n<\/p><\/div>\n<\/section>\n<section class=\"section\">\n<div class=\"item item-12\">\n<section class=\"text-item\">\n<h1>Kup sprawdzone nasiona!<\/h1>\n<ul>\n<li>Nasiona renomowanego<b> POLSKIEGO PRODUCENTA<\/b>!<\/li>\n<li>Sklep wpisany do rejestru i podlegaj\u0105cy pod Wojew\u00f3dzki Inspektorat Ochrony Ro\u015blin i Nasiennictwa.<\/li>\n<li>Ka\u017cda torebka nasion posiada <b>PASZPORT RO\u015aLINY, <\/b>kt\u00f3ry jest gwarancj\u0105, \u017ce nasiona zosta\u0142y skontrolowane\u00a0 i s\u0105 wolne od organizm\u00f3w szkodliwych.<\/li>\n<li>Nasiona, z kt\u00f3rych wyrosn\u0105 Twoje ro\u015bliny powsta\u0142y w tradycyjnej hodowli <b>bez udzia\u0142u genetycznej modyfikacji (BEZ GMO!!! ).<\/b><\/li>\n<\/ul>\n<\/section><\/div>\n<\/section>\n<section class=\"section\">\n<div class=\"item item-12\">\n<section class=\"image-item\">\n            <img decoding=\"async\" src=\"https:\/\/upload.cdn.baselinker.com\/products\/14476\/4f71f42be8583f6fcbac5e543038f177.png\" \/><br \/>\n        <\/section>\n<\/p><\/div>\n<\/section>\n<section class=\"section\">\n<div class=\"item item-12\">\n<section class=\"text-item\">\n<h1>Ju\u017c nied\u0142ugo puste grz\u0105dki zape\u0142ni\u0105 si\u0119 warzywami!<\/h1>\n<p>\u2705 <b>Wyhoduj w\u0142asne warzywa<\/b>, kt\u00f3re b\u0119d\u0105 zdrowe, smaczne \u00a0i ekologiczne. Spraw, \u017ce z ka\u017cdego nasionka wyro\u015bnie upragnione warzywo, kt\u00f3re b\u0119dzie \u017ar\u00f3d\u0142em \u00a0wielu witamin, soli mineralnych i innych sk\u0142adnik\u00f3w od\u017cywczych.<\/p>\n<p>\u2705 Samodzielna uprawa ro\u015blin to<b> gwarancja, \u017ce warzywa s\u0105 zdrowe<\/b>, nie zawieraj\u0105 pestycyd\u00f3w ani innych szkodliwych zwi\u0105zk\u00f3w chemicznych.<\/p>\n<\/section><\/div>\n<\/section>\n<section class=\"section\">\n<div class=\"item item-12\">\n<section class=\"image-item\">\n            <img decoding=\"async\" src=\"https:\/\/upload.cdn.baselinker.com\/products\/14476\/7eaa7530d0e318b72adb6d7ec0905bb5.jpg\" \/><br \/>\n        <\/section>\n<\/p><\/div>\n<\/section>\n","protected":false},"excerpt":{"rendered":"<p>BURAK \u0106WIK\u0141OWY DEGYPTE NA BOTWINK\u0118 NASIONA BEZ GMO 10g \u2705 Informacje og\u00f3lne: Liczba nasion: 80-120 szt. w gramie Norma wysiewu: 8-12kg\/ha \u2705 Terminy wysiewu\/zbioru: Termin wysadzania: IV &#8211; VI Rozstawa: na og\u00f3\u0142 30-50 x 5-7 cm Termin zbioru: VI &#8211; X \u2705 Wegetacja:\u00a0 90 &#8211; 110 dni \u2705 Opakowanie: 10 g NASIONA BEZ GMO OD<br \/><a class=\"more-link\" href=\"https:\/\/bobimarket.pl\/index.php\/produkt\/burak-cwiklowy-degypte-na-botwinke-nasiona-bez-gmo-10g\/\"><br \/>\n        Czytaj wi\u0119cej<span class=\"screen-reader-text\"> &#8222;BURAK \u0106WIK\u0141OWY DEGYPTE NA BOTWINK\u0118 NASIONA BEZ GMO 10g&#8221;<\/span><\/a><\/p>\n","protected":false},"featured_media":94747,"template":"","meta":[],"product_cat":[8125],"product_tag":[],"yoast_head":"<!-- This site is optimized with the Yoast SEO plugin v21.0 - https:\/\/yoast.com\/wordpress\/plugins\/seo\/ -->\n<title>BURAK \u0106WIK\u0141OWY DEGYPTE NA BOTWINK\u0118 NASIONA BEZ GMO 10g - BOBIMARKET.pl - Remontuj i urz\u0105dzaj z nami<\/title>\n<meta name=\"robots\" content=\"index, follow, max-snippet:-1, max-image-preview:large, max-video-preview:-1\" \/>\n<link rel=\"canonical\" href=\"https:\/\/bobimarket.pl\/index.php\/produkt\/burak-cwiklowy-degypte-na-botwinke-nasiona-bez-gmo-10g\/\" \/>\n<meta property=\"og:locale\" content=\"pl_PL\" \/>\n<meta property=\"og:type\" content=\"article\" \/>\n<meta property=\"og:title\" content=\"BURAK \u0106WIK\u0141OWY DEGYPTE NA BOTWINK\u0118 NASIONA BEZ GMO 10g - BOBIMARKET.pl - Remontuj i urz\u0105dzaj z nami\" \/>\n<meta property=\"og:description\" content=\"BURAK \u0106WIK\u0141OWY DEGYPTE NA BOTWINK\u0118 NASIONA BEZ GMO 10g \u2705 Informacje og\u00f3lne: Liczba nasion: 80-120 szt. w gramie Norma wysiewu: 8-12kg\/ha \u2705 Terminy wysiewu\/zbioru: Termin wysadzania: IV &#8211; VI Rozstawa: na og\u00f3\u0142 30-50 x 5-7 cm Termin zbioru: VI &#8211; X \u2705 Wegetacja:\u00a0 90 &#8211; 110 dni \u2705 Opakowanie: 10 g NASIONA BEZ GMO OD     Czytaj wi\u0119cej &quot;BURAK \u0106WIK\u0141OWY DEGYPTE NA BOTWINK\u0118 NASIONA BEZ GMO 10g&quot;\" \/>\n<meta property=\"og:url\" content=\"https:\/\/bobimarket.pl\/index.php\/produkt\/burak-cwiklowy-degypte-na-botwinke-nasiona-bez-gmo-10g\/\" \/>\n<meta property=\"og:site_name\" content=\"BOBIMARKET.pl - Remontuj i urz\u0105dzaj z nami\" \/>\n<meta property=\"article:modified_time\" content=\"2025-02-27T16:13:52+00:00\" \/>\n<meta property=\"og:image\" content=\"https:\/\/upload.cdn.baselinker.com\/products\/14476\/b0041c806046f1c9a6ab6c924a3fb69b.jpg\" \/>\n<meta name=\"twitter:card\" content=\"summary_large_image\" \/>\n<meta name=\"twitter:label1\" content=\"Szacowany czas czytania\" \/>\n\t<meta name=\"twitter:data1\" content=\"2 minuty\" \/>\n<script type=\"application\/ld+json\" class=\"yoast-schema-graph\">{\"@context\":\"https:\/\/schema.org\",\"@graph\":[{\"@type\":\"WebPage\",\"@id\":\"https:\/\/bobimarket.pl\/index.php\/produkt\/burak-cwiklowy-degypte-na-botwinke-nasiona-bez-gmo-10g\/\",\"url\":\"https:\/\/bobimarket.pl\/index.php\/produkt\/burak-cwiklowy-degypte-na-botwinke-nasiona-bez-gmo-10g\/\",\"name\":\"BURAK \u0106WIK\u0141OWY DEGYPTE NA BOTWINK\u0118 NASIONA BEZ GMO 10g - BOBIMARKET.pl - Remontuj i urz\u0105dzaj z nami\",\"isPartOf\":{\"@id\":\"https:\/\/bobimarket.pl\/#website\"},\"datePublished\":\"2023-08-30T09:46:12+00:00\",\"dateModified\":\"2025-02-27T16:13:52+00:00\",\"breadcrumb\":{\"@id\":\"https:\/\/bobimarket.pl\/index.php\/produkt\/burak-cwiklowy-degypte-na-botwinke-nasiona-bez-gmo-10g\/#breadcrumb\"},\"inLanguage\":\"pl-PL\",\"potentialAction\":[{\"@type\":\"ReadAction\",\"target\":[\"https:\/\/bobimarket.pl\/index.php\/produkt\/burak-cwiklowy-degypte-na-botwinke-nasiona-bez-gmo-10g\/\"]}]},{\"@type\":\"BreadcrumbList\",\"@id\":\"https:\/\/bobimarket.pl\/index.php\/produkt\/burak-cwiklowy-degypte-na-botwinke-nasiona-bez-gmo-10g\/#breadcrumb\",\"itemListElement\":[{\"@type\":\"ListItem\",\"position\":1,\"name\":\"Strona g\u0142\u00f3wna\",\"item\":\"https:\/\/bobimarket.pl\/\"},{\"@type\":\"ListItem\",\"position\":2,\"name\":\"Sklep\",\"item\":\"https:\/\/bobimarket.pl\/index.php\/shop\/\"},{\"@type\":\"ListItem\",\"position\":3,\"name\":\"BURAK \u0106WIK\u0141OWY DEGYPTE NA BOTWINK\u0118 NASIONA BEZ GMO 10g\"}]},{\"@type\":\"WebSite\",\"@id\":\"https:\/\/bobimarket.pl\/#website\",\"url\":\"https:\/\/bobimarket.pl\/\",\"name\":\"BOBIMARKET.pl - Remontuj i urz\u0105dzaj z nami\",\"description\":\"Remontuj i urz\u0105dzaj z nami\",\"publisher\":{\"@id\":\"https:\/\/bobimarket.pl\/#organization\"},\"potentialAction\":[{\"@type\":\"SearchAction\",\"target\":{\"@type\":\"EntryPoint\",\"urlTemplate\":\"https:\/\/bobimarket.pl\/?s={search_term_string}\"},\"query-input\":\"required name=search_term_string\"}],\"inLanguage\":\"pl-PL\"},{\"@type\":\"Organization\",\"@id\":\"https:\/\/bobimarket.pl\/#organization\",\"name\":\"BOBIMARKET.pl\",\"url\":\"https:\/\/bobimarket.pl\/\",\"logo\":{\"@type\":\"ImageObject\",\"inLanguage\":\"pl-PL\",\"@id\":\"https:\/\/bobimarket.pl\/#\/schema\/logo\/image\/\",\"url\":\"https:\/\/bobimarket.pl\/wp-content\/uploads\/2021\/11\/slogan.png\",\"contentUrl\":\"https:\/\/bobimarket.pl\/wp-content\/uploads\/2021\/11\/slogan.png\",\"width\":2000,\"height\":384,\"caption\":\"BOBIMARKET.pl\"},\"image\":{\"@id\":\"https:\/\/bobimarket.pl\/#\/schema\/logo\/image\/\"}}]}<\/script>\n<!-- \/ Yoast SEO plugin. -->","yoast_head_json":{"title":"BURAK \u0106WIK\u0141OWY DEGYPTE NA BOTWINK\u0118 NASIONA BEZ GMO 10g - BOBIMARKET.pl - Remontuj i urz\u0105dzaj z nami","robots":{"index":"index","follow":"follow","max-snippet":"max-snippet:-1","max-image-preview":"max-image-preview:large","max-video-preview":"max-video-preview:-1"},"canonical":"https:\/\/bobimarket.pl\/index.php\/produkt\/burak-cwiklowy-degypte-na-botwinke-nasiona-bez-gmo-10g\/","og_locale":"pl_PL","og_type":"article","og_title":"BURAK \u0106WIK\u0141OWY DEGYPTE NA BOTWINK\u0118 NASIONA BEZ GMO 10g - BOBIMARKET.pl - Remontuj i urz\u0105dzaj z nami","og_description":"BURAK \u0106WIK\u0141OWY DEGYPTE NA BOTWINK\u0118 NASIONA BEZ GMO 10g \u2705 Informacje og\u00f3lne: Liczba nasion: 80-120 szt. w gramie Norma wysiewu: 8-12kg\/ha \u2705 Terminy wysiewu\/zbioru: Termin wysadzania: IV &#8211; VI Rozstawa: na og\u00f3\u0142 30-50 x 5-7 cm Termin zbioru: VI &#8211; X \u2705 Wegetacja:\u00a0 90 &#8211; 110 dni \u2705 Opakowanie: 10 g NASIONA BEZ GMO OD     Czytaj wi\u0119cej \"BURAK \u0106WIK\u0141OWY DEGYPTE NA BOTWINK\u0118 NASIONA BEZ GMO 10g\"","og_url":"https:\/\/bobimarket.pl\/index.php\/produkt\/burak-cwiklowy-degypte-na-botwinke-nasiona-bez-gmo-10g\/","og_site_name":"BOBIMARKET.pl - Remontuj i urz\u0105dzaj z nami","article_modified_time":"2025-02-27T16:13:52+00:00","og_image":[{"url":"https:\/\/upload.cdn.baselinker.com\/products\/14476\/b0041c806046f1c9a6ab6c924a3fb69b.jpg"}],"twitter_card":"summary_large_image","twitter_misc":{"Szacowany czas czytania":"2 minuty"},"schema":{"@context":"https:\/\/schema.org","@graph":[{"@type":"WebPage","@id":"https:\/\/bobimarket.pl\/index.php\/produkt\/burak-cwiklowy-degypte-na-botwinke-nasiona-bez-gmo-10g\/","url":"https:\/\/bobimarket.pl\/index.php\/produkt\/burak-cwiklowy-degypte-na-botwinke-nasiona-bez-gmo-10g\/","name":"BURAK \u0106WIK\u0141OWY DEGYPTE NA BOTWINK\u0118 NASIONA BEZ GMO 10g - BOBIMARKET.pl - Remontuj i urz\u0105dzaj z nami","isPartOf":{"@id":"https:\/\/bobimarket.pl\/#website"},"datePublished":"2023-08-30T09:46:12+00:00","dateModified":"2025-02-27T16:13:52+00:00","breadcrumb":{"@id":"https:\/\/bobimarket.pl\/index.php\/produkt\/burak-cwiklowy-degypte-na-botwinke-nasiona-bez-gmo-10g\/#breadcrumb"},"inLanguage":"pl-PL","potentialAction":[{"@type":"ReadAction","target":["https:\/\/bobimarket.pl\/index.php\/produkt\/burak-cwiklowy-degypte-na-botwinke-nasiona-bez-gmo-10g\/"]}]},{"@type":"BreadcrumbList","@id":"https:\/\/bobimarket.pl\/index.php\/produkt\/burak-cwiklowy-degypte-na-botwinke-nasiona-bez-gmo-10g\/#breadcrumb","itemListElement":[{"@type":"ListItem","position":1,"name":"Strona g\u0142\u00f3wna","item":"https:\/\/bobimarket.pl\/"},{"@type":"ListItem","position":2,"name":"Sklep","item":"https:\/\/bobimarket.pl\/index.php\/shop\/"},{"@type":"ListItem","position":3,"name":"BURAK \u0106WIK\u0141OWY DEGYPTE NA BOTWINK\u0118 NASIONA BEZ GMO 10g"}]},{"@type":"WebSite","@id":"https:\/\/bobimarket.pl\/#website","url":"https:\/\/bobimarket.pl\/","name":"BOBIMARKET.pl - Remontuj i urz\u0105dzaj z nami","description":"Remontuj i urz\u0105dzaj z nami","publisher":{"@id":"https:\/\/bobimarket.pl\/#organization"},"potentialAction":[{"@type":"SearchAction","target":{"@type":"EntryPoint","urlTemplate":"https:\/\/bobimarket.pl\/?s={search_term_string}"},"query-input":"required name=search_term_string"}],"inLanguage":"pl-PL"},{"@type":"Organization","@id":"https:\/\/bobimarket.pl\/#organization","name":"BOBIMARKET.pl","url":"https:\/\/bobimarket.pl\/","logo":{"@type":"ImageObject","inLanguage":"pl-PL","@id":"https:\/\/bobimarket.pl\/#\/schema\/logo\/image\/","url":"https:\/\/bobimarket.pl\/wp-content\/uploads\/2021\/11\/slogan.png","contentUrl":"https:\/\/bobimarket.pl\/wp-content\/uploads\/2021\/11\/slogan.png","width":2000,"height":384,"caption":"BOBIMARKET.pl"},"image":{"@id":"https:\/\/bobimarket.pl\/#\/schema\/logo\/image\/"}}]}},"_links":{"self":[{"href":"https:\/\/bobimarket.pl\/index.php\/wp-json\/wp\/v2\/product\/94758"}],"collection":[{"href":"https:\/\/bobimarket.pl\/index.php\/wp-json\/wp\/v2\/product"}],"about":[{"href":"https:\/\/bobimarket.pl\/index.php\/wp-json\/wp\/v2\/types\/product"}],"wp:featuredmedia":[{"embeddable":true,"href":"https:\/\/bobimarket.pl\/index.php\/wp-json\/wp\/v2\/media\/94747"}],"wp:attachment":[{"href":"https:\/\/bobimarket.pl\/index.php\/wp-json\/wp\/v2\/media?parent=94758"}],"wp:term":[{"taxonomy":"product_cat","embeddable":true,"href":"https:\/\/bobimarket.pl\/index.php\/wp-json\/wp\/v2\/product_cat?post=94758"},{"taxonomy":"product_tag","embeddable":true,"href":"https:\/\/bobimarket.pl\/index.php\/wp-json\/wp\/v2\/product_tag?post=94758"}],"curies":[{"name":"wp","href":"https:\/\/api.w.org\/{rel}","templated":true}]}}