{"id":95443,"date":"2023-08-30T10:30:27","date_gmt":"2023-08-30T10:30:27","guid":{"rendered":"https:\/\/bobimarket.pl\/index.php\/produkt\/doniczki-torfowe-na-sadzonki-rozsady-6cm-18-ph6\/"},"modified":"2025-02-27T16:49:30","modified_gmt":"2025-02-27T16:49:30","slug":"doniczki-torfowe-na-sadzonki-rozsady-6cm-18-ph6","status":"publish","type":"product","link":"https:\/\/bobimarket.pl\/index.php\/produkt\/doniczki-torfowe-na-sadzonki-rozsady-6cm-18-ph6\/","title":{"rendered":"DONICZKI TORFOWE NA SADZONKI ROZSADY 6cm\/18 pH6"},"content":{"rendered":"<section class=\"section\">\n<div class=\"item item-12\">\n<section class=\"text-item\">\n<h2>DONICZKI TORFOWE NA SADZONKI ROZSADY 6cm\/18 pH6<\/h2>\n<p><b>\u2705 Informacje og\u00f3lne:<\/b><\/p>\n<ul>\n<li>Wysoko\u015b\u0107: <b>60 mm<\/b><\/li>\n<li>\u015arednica: <b>60 mm<\/b><\/li>\n<li>Warto\u015b\u0107 pH:<b> ph6<\/b><\/li>\n<li>Pojemno\u015b\u0107 doniczki:<b> 120 cm\u00b3<\/b><\/li>\n<\/ul>\n<p>\u2705 <b>Materia\u0142 wykonania doniczki:<\/b><\/p>\n<ul>\n<li><b>55% <\/b>lekkiego torfu sfagnowego<\/li>\n<li><b> 45%<\/b> pulpy drzewnej<\/li>\n<li>wapno potrzebne do uzyskania w\u0142a\u015bciwego pH<\/li>\n<\/ul>\n<h2>W zestawie taniej!<\/h2>\n<p>Komplet zawiera <b>18 sztuk <\/b>prawdziwych torfowych <b>doniczek<\/b>. Doniczek starcz\u0105 na wyhodowanie wielu dorodnych i pi\u0119knych ro\u015blin!<\/p>\n<\/section><\/div>\n<\/section>\n<section class=\"section\">\n<div class=\"item item-6\">\n<section class=\"image-item\">\n            <img decoding=\"async\" src=\"https:\/\/upload.cdn.baselinker.com\/products\/14476\/504fc706dca58a1acdc18efc7b1ba0c4.jpg\" \/><br \/>\n        <\/section>\n<\/p><\/div>\n<div class=\"item item-6\">\n<section class=\"text-item\">\n<h1>GRATIS!<\/h1>\n<p>\u2705 W gratisie do zam\u00f3wienia do\u0142\u0105czone zostanie <b>losowo wybrane opakowanie nasionek do sadzenia.<\/b> Wyhoduj w\u0142asne ro\u015bliny, kt\u00f3re b\u0119d\u0105 zdrowe, smaczne i ekologiczne.<\/p>\n<ul>\n<li>Spraw, \u017ce z ka\u017cdego nasionka<b> wyro\u015bnie warzywo lub pi\u0119kny kolorowy kwiat.<\/b><\/li>\n<li>Samodzielna uprawa ro\u015blin to<b> gwarancja, \u017ce s\u0105 zdrowe<\/b>, nie zawieraj\u0105 pestycyd\u00f3w ani innych szkodliwych zwi\u0105zk\u00f3w chemicznych.<\/li>\n<\/ul>\n<p><b>Uwaga!<\/b> Do zam\u00f3wienia zostanie do\u0142\u0105czona 1 szt. opakowania nasion do sadzenia. Nasiona zostan\u0105 wybrane losowo spo\u015br\u00f3d szerokiej gamy dost\u0119pnych na rynku gatunk\u00f3w warzyw i kwiat\u00f3w\u00a0 ( r\u00f3\u017cne gatunki , nie tylko te ze zdj\u0119cia). Nasiona pochodz\u0105 od renomowanego <b>POLSKIEGO PRODUCENTA!<\/b><\/p>\n<\/section><\/div>\n<\/section>\n<section class=\"section\">\n<div class=\"item item-12\">\n<section class=\"text-item\">\n<h1>Obowi\u0105zkowy punk na li\u015bcie zakup\u00f3w ka\u017cdego ogrodnika, kt\u00f3ry chce odpowiednio zadba\u0107 o swoje ro\u015bliny!<\/h1>\n<p>Zestaw <b>18 sztuk prawdziwych doniczek torfowych<\/b>. Doniczki wyprodukowano z mieszaniny sk\u0142adaj\u0105cej si\u0119 z oko\u0142o 55% <b>lekkiego torfu sfagnowego<\/b>, 45% pulpy drzewnej oraz wapna potrzebnego do uzyskania w\u0142a\u015bciwego pH. Doniczki ze \u015bciankami wykonanymi s\u0105 torfu s\u0105 materia\u0142em organicznym, a nie \u201emartwym plastikiem&#8221;.<\/p>\n<p>\u2705 Odczyn<b> ph doniczek wynosi 6,<\/b> taki odczyn jest odpowiedni dla wi\u0119kszo\u015bci rodzaj\u00f3w ro\u015blin.\u00a0 Doniczki s\u0105 wi\u0119c <b>uniwersalne <\/b>i na pewno b\u0119d\u0105 przydatne podczas wszelkich prac w ogrodzie. Mo\u017cesz je wykorzysta\u0107 <b>do wysiewu nasion lub ma\u0142ych sadzonek.<\/b> Doskonale sprawdz\u0105 si\u0119 r\u00f3wnie\u017c do rozmna\u017cania ro\u015blin z sadzonek.<\/p>\n<p>\u2705 Jest to <b>wygodne, ekonomiczne i ekologiczne rozwi\u0105zanie<\/b>. Doniczki torfowe pomagaj\u0105 zadba\u0107 o \u015brodowisko, pozwalaj\u0105 zaoszcz\u0119dzi\u0107 czas i minimalizuj\u0105 ba\u0142agan, a przesadzanie ro\u015blin staje si\u0119 dziecinnie proste.<\/p>\n<\/section><\/div>\n<\/section>\n<section class=\"section\">\n<div class=\"item item-12\">\n<section class=\"image-item\">\n            <img decoding=\"async\" src=\"https:\/\/upload.cdn.baselinker.com\/products\/14476\/3f90f7389a937a24eb628a8f5992d8fc.jpg\" \/><br \/>\n        <\/section>\n<\/p><\/div>\n<\/section>\n<section class=\"section\">\n<div class=\"item item-12\">\n<section class=\"text-item\">\n<h2>Wiesz co kupujesz i zyskujesz wi\u0119cej!<\/h2>\n<p><b>Prawdziwe doniczki torfowe<\/b> s\u0105 wykonywane z mieszanki torfu sfagnowego, pulpy drzewnej oraz wapna, kt\u00f3re zapewnia <b>odpowiedni\u0105 wysoko\u015b\u0107 pH<\/b> doniczek. Niekt\u00f3re oferowane na rynku doniczki s\u0105 wykonywane z dodatku papieru z recyklingu, co mo\u017ce powodowa\u0107, \u017ce wyst\u0119puj\u0105 w nich metale ci\u0119\u017cki. Zakup prawdziwych torfowych doniczek gwarantuje zachowanie wszystkich w\u0142a\u015bciwo\u015bci.<\/p>\n<p><b>\u2705 Co wyr\u00f3\u017cnia doniczki torfowe ?<\/b><\/p>\n<ul>\n<li><b>Absorbuj\u0105 wod\u0119<\/b>, dzi\u0119ki czemu nie ulegaj\u0105 uszkodzeniu podczas kontaktu z wod\u0105 i podlewania.<\/li>\n<li>Zapewniaj\u0105 odpowiedni\u0105 <b>cyrkulacj\u0119 powietrza<\/b>, sadzonki nie ple\u015bniej\u0105.<\/li>\n<li>Solidnie wykonana przy u\u017cyciu <b>jako\u015bciowych materia\u0142\u00f3w<\/b>. Doniczka jest dodatkowo podw\u00f3jnie prasowana.<\/li>\n<\/ul>\n<\/section><\/div>\n<\/section>\n<section class=\"section\">\n<div class=\"item item-12\">\n<section class=\"image-item\">\n            <img decoding=\"async\" src=\"https:\/\/upload.cdn.baselinker.com\/products\/14476\/6e8ceab8966f1f26bcce03313fda0db1.jpg\" \/><br \/>\n        <\/section>\n<\/p><\/div>\n<\/section>\n<section class=\"section\">\n<div class=\"item item-12\">\n<section class=\"text-item\">\n<h1>\u0141atwe i proste w u\u017cyciu<\/h1>\n<p>Torfowe doniczki<b> mo\u017cna wcze\u015bniej przygotowa\u0107 i w odpowiednim momencie przesadzi\u0107.<\/b> Sadzonk\u0119 wraz z doniczk\u0105 mo\u017cna umie\u015bci\u0107 w glebie, nie wyjmuj\u0105c jej uprzednio z doniczki. Doniczk\u0119 bez problemu mo\u017cna r\u00f3wnie\u017c umie\u015bci\u0107 w wi\u0119kszej donicy, abym tam bez \u017cadnych przeszk\u00f3d ro\u015blina mog\u0142a si\u0119 dalej rozwija\u0107.<\/p>\n<h1>Ekologiczne i u\u017cyteczne<\/h1>\n<p>Doniczki s\u0105<b> ca\u0142kowicie biodegradowalne<\/b>, dlatego po pewnym czasie znikaj\u0105. \u201eOpakowanie\u201d po wsadzeniu sadzonki do gleby rozpuszcza si\u0119.\u00a0 Doniczka stanowi wi\u0119c dodatkow\u0105 porcj\u0119 sk\u0142adnik\u00f3w od\u017cywczych, u\u017cy\u017ania gleb\u0119 \u00a0i staje si\u0119 po\u017cywieniem dla ro\u015blin.<\/p>\n<h1>Dla ro\u015blin, kt\u00f3re nie lubi\u0105 przesadzania<\/h1>\n<p>Nale\u017cy r\u00f3wnie\u017c pami\u0119ta\u0107, \u017ce niekt\u00f3re warzywa nie lubi\u0105 by\u0107 przesadzane, dlatego jest do najlepsze rozwi\u0105zanie dla w\u0142a\u015bnie takich gatunk\u00f3w. <b>Doniczka torfowa bez problemy mo\u017ce zosta\u0107 posadzona bezpo\u015brednio w glebie.<\/b><\/p>\n<\/section><\/div>\n<\/section>\n<section class=\"section\">\n<div class=\"item item-12\">\n<section class=\"image-item\">\n            <img decoding=\"async\" src=\"https:\/\/upload.cdn.baselinker.com\/products\/14476\/60da72796c67cf367ba52e7193e59c2f.jpg\" \/><br \/>\n        <\/section>\n<\/p><\/div>\n<\/section>\n<section class=\"section\">\n<div class=\"item item-12\">\n<section class=\"text-item\">\n<h1>Torfowe doniczki to alternatywa dla tradycyjnie stosowanych pojemnik\u00f3w do sadzenia ro\u015blin.<\/h1>\n<ul>\n<li>Doniczki<b> ulegaj\u0105 pe\u0142nej biodegradacji.<\/b> Torfowe doniczki powstaj\u0105 z rozdrobnionych w\u0142\u00f3kien drzewnych, kt\u00f3re zosta\u0142y mocno sprasowane.<\/li>\n<li><b>Idealna na start ro\u015blinki<\/b> &#8211; do kie\u0142kowania i ukorzeniania takich ro\u015blin jak:\u00a0marchew, pietruszka, kabaczki, og\u00f3rki, rzodkiewki, buraki i groch itp.<\/li>\n<li><b>Przesadzanie ro\u015blin odbywa si\u0119 w \u0142atwy i szybki spos\u00f3b<\/b>, bez wi\u0119kszego ba\u0142aganu. Ro\u015blina nie jest wyjmowana z gleby, w kt\u00f3rej ros\u0142a, a doniczka stanie si\u0119 cennym po\u017cywieniem i pomo\u017ce w dalszym wzro\u015bcie zasianych warzyw. Co wi\u0119cej, <b>brak konieczno\u015bci wyjmowania ro\u015blinki z doniczki<\/b>, minimalizuje zagro\u017cenie jej uszkodzenie podczas rozsadzania.<\/li>\n<\/ul>\n<\/section><\/div>\n<\/section>\n<section class=\"section\">\n<div class=\"item item-6\">\n<section class=\"image-item\">\n            <img decoding=\"async\" src=\"https:\/\/upload.cdn.baselinker.com\/products\/14476\/4cddf4cb73d05c9d0936443a069314c6.jpg\" \/><br \/>\n        <\/section>\n<\/p><\/div>\n<div class=\"item item-6\">\n<section class=\"text-item\">\n<h2>\u2705 Doniczki torfowe- jak u\u017cywa\u0107 w 3 prostych krokach!<\/h2>\n<ol>\n<li>Doniczk\u0119 wype\u0142niamy ziemi\u0105, <b>wysiewamy nasionami<\/b> b\u0105d\u017a sadzimy ro\u015bliny.<\/li>\n<li>Rozsady <b>umieszczamy w ciep\u0142ym miejscu<\/b> z dost\u0119pem do \u015bwiat\u0142a\u00a0 oraz dbamy o to, aby pod\u0142o\u017ce by\u0142o odpowiednio wilgotne. Mo\u017cna je zrasza\u0107 za pomoc\u0105 spryskiwacza. Po tym jak ro\u015bliny b\u0119d\u0105 ju\u017c pi\u0119knie wyro\u015bni\u0119te zaczynamy je hartowa\u0107 ( polega to na wynoszeniu doniczek na zewn\u0105trz w ci\u0105gu dnia i chowaniu ich na noc).<\/li>\n<li>P\u00f3\u017aniej rozsad\u0119 <b>wsadzamy do gruntu<\/b>, na rabat\u0119, grz\u0105dk\u0119, pod foli\u0119 lub do wi\u0119kszej donicy.<\/li>\n<\/ol>\n<\/section><\/div>\n<\/section>\n<section class=\"section\">\n<div class=\"item item-12\">\n<section class=\"text-item\">\n<h1>Sprawd\u017a inne doniczki torfowe dost\u0119pne w naszej ofercie!<\/h1>\n<\/section><\/div>\n<\/section>\n<section class=\"section\">\n<div class=\"item item-12\">\n<section class=\"image-item\">\n            <img decoding=\"async\" src=\"https:\/\/upload.cdn.baselinker.com\/products\/14476\/a2e62f402a30e56e5fa91981651ab6b9.jpg\" \/><br \/>\n        <\/section>\n<\/p><\/div>\n<\/section>\n","protected":false},"excerpt":{"rendered":"<p>DONICZKI TORFOWE NA SADZONKI ROZSADY 6cm\/18 pH6 \u2705 Informacje og\u00f3lne: Wysoko\u015b\u0107: 60 mm \u015arednica: 60 mm Warto\u015b\u0107 pH: ph6 Pojemno\u015b\u0107 doniczki: 120 cm\u00b3 \u2705 Materia\u0142 wykonania doniczki: 55% lekkiego torfu sfagnowego 45% pulpy drzewnej wapno potrzebne do uzyskania w\u0142a\u015bciwego pH W zestawie taniej! Komplet zawiera 18 sztuk prawdziwych torfowych doniczek. Doniczek starcz\u0105 na wyhodowanie wielu<br \/><a class=\"more-link\" href=\"https:\/\/bobimarket.pl\/index.php\/produkt\/doniczki-torfowe-na-sadzonki-rozsady-6cm-18-ph6\/\"><br \/>\n        Czytaj wi\u0119cej<span class=\"screen-reader-text\"> &#8222;DONICZKI TORFOWE NA SADZONKI ROZSADY 6cm\/18 pH6&#8221;<\/span><\/a><\/p>\n","protected":false},"featured_media":95429,"template":"","meta":[],"product_cat":[8349],"product_tag":[],"yoast_head":"<!-- This site is optimized with the Yoast SEO plugin v21.0 - https:\/\/yoast.com\/wordpress\/plugins\/seo\/ -->\n<title>DONICZKI TORFOWE NA SADZONKI ROZSADY 6cm\/18 pH6 - BOBIMARKET.pl - Remontuj i urz\u0105dzaj z nami<\/title>\n<meta name=\"robots\" content=\"index, follow, max-snippet:-1, max-image-preview:large, max-video-preview:-1\" \/>\n<link rel=\"canonical\" href=\"https:\/\/bobimarket.pl\/index.php\/produkt\/doniczki-torfowe-na-sadzonki-rozsady-6cm-18-ph6\/\" \/>\n<meta property=\"og:locale\" content=\"pl_PL\" \/>\n<meta property=\"og:type\" content=\"article\" \/>\n<meta property=\"og:title\" content=\"DONICZKI TORFOWE NA SADZONKI ROZSADY 6cm\/18 pH6 - BOBIMARKET.pl - Remontuj i urz\u0105dzaj z nami\" \/>\n<meta property=\"og:description\" content=\"DONICZKI TORFOWE NA SADZONKI ROZSADY 6cm\/18 pH6 \u2705 Informacje og\u00f3lne: Wysoko\u015b\u0107: 60 mm \u015arednica: 60 mm Warto\u015b\u0107 pH: ph6 Pojemno\u015b\u0107 doniczki: 120 cm\u00b3 \u2705 Materia\u0142 wykonania doniczki: 55% lekkiego torfu sfagnowego 45% pulpy drzewnej wapno potrzebne do uzyskania w\u0142a\u015bciwego pH W zestawie taniej! Komplet zawiera 18 sztuk prawdziwych torfowych doniczek. Doniczek starcz\u0105 na wyhodowanie wielu     Czytaj wi\u0119cej &quot;DONICZKI TORFOWE NA SADZONKI ROZSADY 6cm\/18 pH6&quot;\" \/>\n<meta property=\"og:url\" content=\"https:\/\/bobimarket.pl\/index.php\/produkt\/doniczki-torfowe-na-sadzonki-rozsady-6cm-18-ph6\/\" \/>\n<meta property=\"og:site_name\" content=\"BOBIMARKET.pl - Remontuj i urz\u0105dzaj z nami\" \/>\n<meta property=\"article:modified_time\" content=\"2025-02-27T16:49:30+00:00\" \/>\n<meta property=\"og:image\" content=\"https:\/\/upload.cdn.baselinker.com\/products\/14476\/504fc706dca58a1acdc18efc7b1ba0c4.jpg\" \/>\n<meta name=\"twitter:card\" content=\"summary_large_image\" \/>\n<meta name=\"twitter:label1\" content=\"Szacowany czas czytania\" \/>\n\t<meta name=\"twitter:data1\" content=\"4 minuty\" \/>\n<script type=\"application\/ld+json\" class=\"yoast-schema-graph\">{\"@context\":\"https:\/\/schema.org\",\"@graph\":[{\"@type\":\"WebPage\",\"@id\":\"https:\/\/bobimarket.pl\/index.php\/produkt\/doniczki-torfowe-na-sadzonki-rozsady-6cm-18-ph6\/\",\"url\":\"https:\/\/bobimarket.pl\/index.php\/produkt\/doniczki-torfowe-na-sadzonki-rozsady-6cm-18-ph6\/\",\"name\":\"DONICZKI TORFOWE NA SADZONKI ROZSADY 6cm\/18 pH6 - BOBIMARKET.pl - Remontuj i urz\u0105dzaj z nami\",\"isPartOf\":{\"@id\":\"https:\/\/bobimarket.pl\/#website\"},\"datePublished\":\"2023-08-30T10:30:27+00:00\",\"dateModified\":\"2025-02-27T16:49:30+00:00\",\"breadcrumb\":{\"@id\":\"https:\/\/bobimarket.pl\/index.php\/produkt\/doniczki-torfowe-na-sadzonki-rozsady-6cm-18-ph6\/#breadcrumb\"},\"inLanguage\":\"pl-PL\",\"potentialAction\":[{\"@type\":\"ReadAction\",\"target\":[\"https:\/\/bobimarket.pl\/index.php\/produkt\/doniczki-torfowe-na-sadzonki-rozsady-6cm-18-ph6\/\"]}]},{\"@type\":\"BreadcrumbList\",\"@id\":\"https:\/\/bobimarket.pl\/index.php\/produkt\/doniczki-torfowe-na-sadzonki-rozsady-6cm-18-ph6\/#breadcrumb\",\"itemListElement\":[{\"@type\":\"ListItem\",\"position\":1,\"name\":\"Strona g\u0142\u00f3wna\",\"item\":\"https:\/\/bobimarket.pl\/\"},{\"@type\":\"ListItem\",\"position\":2,\"name\":\"Sklep\",\"item\":\"https:\/\/bobimarket.pl\/index.php\/shop\/\"},{\"@type\":\"ListItem\",\"position\":3,\"name\":\"DONICZKI TORFOWE NA SADZONKI ROZSADY 6cm\/18 pH6\"}]},{\"@type\":\"WebSite\",\"@id\":\"https:\/\/bobimarket.pl\/#website\",\"url\":\"https:\/\/bobimarket.pl\/\",\"name\":\"BOBIMARKET.pl - Remontuj i urz\u0105dzaj z nami\",\"description\":\"Remontuj i urz\u0105dzaj z nami\",\"publisher\":{\"@id\":\"https:\/\/bobimarket.pl\/#organization\"},\"potentialAction\":[{\"@type\":\"SearchAction\",\"target\":{\"@type\":\"EntryPoint\",\"urlTemplate\":\"https:\/\/bobimarket.pl\/?s={search_term_string}\"},\"query-input\":\"required name=search_term_string\"}],\"inLanguage\":\"pl-PL\"},{\"@type\":\"Organization\",\"@id\":\"https:\/\/bobimarket.pl\/#organization\",\"name\":\"BOBIMARKET.pl\",\"url\":\"https:\/\/bobimarket.pl\/\",\"logo\":{\"@type\":\"ImageObject\",\"inLanguage\":\"pl-PL\",\"@id\":\"https:\/\/bobimarket.pl\/#\/schema\/logo\/image\/\",\"url\":\"https:\/\/bobimarket.pl\/wp-content\/uploads\/2021\/11\/slogan.png\",\"contentUrl\":\"https:\/\/bobimarket.pl\/wp-content\/uploads\/2021\/11\/slogan.png\",\"width\":2000,\"height\":384,\"caption\":\"BOBIMARKET.pl\"},\"image\":{\"@id\":\"https:\/\/bobimarket.pl\/#\/schema\/logo\/image\/\"}}]}<\/script>\n<!-- \/ Yoast SEO plugin. -->","yoast_head_json":{"title":"DONICZKI TORFOWE NA SADZONKI ROZSADY 6cm\/18 pH6 - BOBIMARKET.pl - Remontuj i urz\u0105dzaj z nami","robots":{"index":"index","follow":"follow","max-snippet":"max-snippet:-1","max-image-preview":"max-image-preview:large","max-video-preview":"max-video-preview:-1"},"canonical":"https:\/\/bobimarket.pl\/index.php\/produkt\/doniczki-torfowe-na-sadzonki-rozsady-6cm-18-ph6\/","og_locale":"pl_PL","og_type":"article","og_title":"DONICZKI TORFOWE NA SADZONKI ROZSADY 6cm\/18 pH6 - BOBIMARKET.pl - Remontuj i urz\u0105dzaj z nami","og_description":"DONICZKI TORFOWE NA SADZONKI ROZSADY 6cm\/18 pH6 \u2705 Informacje og\u00f3lne: Wysoko\u015b\u0107: 60 mm \u015arednica: 60 mm Warto\u015b\u0107 pH: ph6 Pojemno\u015b\u0107 doniczki: 120 cm\u00b3 \u2705 Materia\u0142 wykonania doniczki: 55% lekkiego torfu sfagnowego 45% pulpy drzewnej wapno potrzebne do uzyskania w\u0142a\u015bciwego pH W zestawie taniej! Komplet zawiera 18 sztuk prawdziwych torfowych doniczek. Doniczek starcz\u0105 na wyhodowanie wielu     Czytaj wi\u0119cej \"DONICZKI TORFOWE NA SADZONKI ROZSADY 6cm\/18 pH6\"","og_url":"https:\/\/bobimarket.pl\/index.php\/produkt\/doniczki-torfowe-na-sadzonki-rozsady-6cm-18-ph6\/","og_site_name":"BOBIMARKET.pl - Remontuj i urz\u0105dzaj z nami","article_modified_time":"2025-02-27T16:49:30+00:00","og_image":[{"url":"https:\/\/upload.cdn.baselinker.com\/products\/14476\/504fc706dca58a1acdc18efc7b1ba0c4.jpg"}],"twitter_card":"summary_large_image","twitter_misc":{"Szacowany czas czytania":"4 minuty"},"schema":{"@context":"https:\/\/schema.org","@graph":[{"@type":"WebPage","@id":"https:\/\/bobimarket.pl\/index.php\/produkt\/doniczki-torfowe-na-sadzonki-rozsady-6cm-18-ph6\/","url":"https:\/\/bobimarket.pl\/index.php\/produkt\/doniczki-torfowe-na-sadzonki-rozsady-6cm-18-ph6\/","name":"DONICZKI TORFOWE NA SADZONKI ROZSADY 6cm\/18 pH6 - BOBIMARKET.pl - Remontuj i urz\u0105dzaj z nami","isPartOf":{"@id":"https:\/\/bobimarket.pl\/#website"},"datePublished":"2023-08-30T10:30:27+00:00","dateModified":"2025-02-27T16:49:30+00:00","breadcrumb":{"@id":"https:\/\/bobimarket.pl\/index.php\/produkt\/doniczki-torfowe-na-sadzonki-rozsady-6cm-18-ph6\/#breadcrumb"},"inLanguage":"pl-PL","potentialAction":[{"@type":"ReadAction","target":["https:\/\/bobimarket.pl\/index.php\/produkt\/doniczki-torfowe-na-sadzonki-rozsady-6cm-18-ph6\/"]}]},{"@type":"BreadcrumbList","@id":"https:\/\/bobimarket.pl\/index.php\/produkt\/doniczki-torfowe-na-sadzonki-rozsady-6cm-18-ph6\/#breadcrumb","itemListElement":[{"@type":"ListItem","position":1,"name":"Strona g\u0142\u00f3wna","item":"https:\/\/bobimarket.pl\/"},{"@type":"ListItem","position":2,"name":"Sklep","item":"https:\/\/bobimarket.pl\/index.php\/shop\/"},{"@type":"ListItem","position":3,"name":"DONICZKI TORFOWE NA SADZONKI ROZSADY 6cm\/18 pH6"}]},{"@type":"WebSite","@id":"https:\/\/bobimarket.pl\/#website","url":"https:\/\/bobimarket.pl\/","name":"BOBIMARKET.pl - Remontuj i urz\u0105dzaj z nami","description":"Remontuj i urz\u0105dzaj z nami","publisher":{"@id":"https:\/\/bobimarket.pl\/#organization"},"potentialAction":[{"@type":"SearchAction","target":{"@type":"EntryPoint","urlTemplate":"https:\/\/bobimarket.pl\/?s={search_term_string}"},"query-input":"required name=search_term_string"}],"inLanguage":"pl-PL"},{"@type":"Organization","@id":"https:\/\/bobimarket.pl\/#organization","name":"BOBIMARKET.pl","url":"https:\/\/bobimarket.pl\/","logo":{"@type":"ImageObject","inLanguage":"pl-PL","@id":"https:\/\/bobimarket.pl\/#\/schema\/logo\/image\/","url":"https:\/\/bobimarket.pl\/wp-content\/uploads\/2021\/11\/slogan.png","contentUrl":"https:\/\/bobimarket.pl\/wp-content\/uploads\/2021\/11\/slogan.png","width":2000,"height":384,"caption":"BOBIMARKET.pl"},"image":{"@id":"https:\/\/bobimarket.pl\/#\/schema\/logo\/image\/"}}]}},"_links":{"self":[{"href":"https:\/\/bobimarket.pl\/index.php\/wp-json\/wp\/v2\/product\/95443"}],"collection":[{"href":"https:\/\/bobimarket.pl\/index.php\/wp-json\/wp\/v2\/product"}],"about":[{"href":"https:\/\/bobimarket.pl\/index.php\/wp-json\/wp\/v2\/types\/product"}],"wp:featuredmedia":[{"embeddable":true,"href":"https:\/\/bobimarket.pl\/index.php\/wp-json\/wp\/v2\/media\/95429"}],"wp:attachment":[{"href":"https:\/\/bobimarket.pl\/index.php\/wp-json\/wp\/v2\/media?parent=95443"}],"wp:term":[{"taxonomy":"product_cat","embeddable":true,"href":"https:\/\/bobimarket.pl\/index.php\/wp-json\/wp\/v2\/product_cat?post=95443"},{"taxonomy":"product_tag","embeddable":true,"href":"https:\/\/bobimarket.pl\/index.php\/wp-json\/wp\/v2\/product_tag?post=95443"}],"curies":[{"name":"wp","href":"https:\/\/api.w.org\/{rel}","templated":true}]}}