{"id":95533,"date":"2023-08-30T10:36:29","date_gmt":"2023-08-30T10:36:29","guid":{"rendered":"https:\/\/bobimarket.pl\/index.php\/produkt\/burak-cwiklowy-bona-wczesny-nasiona-bez-gmo\/"},"modified":"2026-05-06T16:50:07","modified_gmt":"2026-05-06T16:50:07","slug":"burak-cwiklowy-bona-wczesny-nasiona-bez-gmo","status":"publish","type":"product","link":"https:\/\/bobimarket.pl\/index.php\/produkt\/burak-cwiklowy-bona-wczesny-nasiona-bez-gmo\/","title":{"rendered":"BURAK \u0106WIK\u0141OWY BONA WCZESNY NASIONA BEZ GMO"},"content":{"rendered":"<section class=\"section\">\n<div class=\"item item-12\">\n<section class=\"text-item\">\n<h2>BURAK \u0106WIK\u0141OWY BONA WCZESNY NASIONA BEZ GMO<\/h2>\n<p><b>\u2705 Informacje og\u00f3lne:<\/b><\/p>\n<ul>\n<li>Liczba nasion: <b>80-120 szt. w gramie<\/b><\/li>\n<li>Norma wysiewu: <b>8-12kg\/ha<\/b><\/li>\n<\/ul>\n<p>\u2705 Terminy wysiewu\/zbioru:<\/p>\n<ul>\n<li>Termin wysadzania:<b> IV &#8211; VI<\/b><\/li>\n<li>Rozstawa:<b> na og\u00f3\u0142 30-50 x 5-7 cm<\/b><\/li>\n<li>Termin zbioru: <b>VII &#8211; X<\/b><\/li>\n<\/ul>\n<p><b>\u2705 <\/b>Wegetacja: <b>120 dni<\/b><\/p>\n<p><b>\u2705<\/b> Opakowanie:<b> 5g<\/b><\/p>\n<h1>NASIONA BEZ GMO OD POLSKIEGO PRODUCENTA!<\/h1>\n<\/section><\/div>\n<\/section>\n<section class=\"section\">\n<div class=\"item item-12\">\n<section class=\"image-item\">\n<\/section><\/div>\n<\/section>\n<section class=\"section\">\n<div class=\"item item-12\">\n<section class=\"text-item\">\n<h2>BURAK \u0106WIK\u0141OWY &#8222;BONA&#8221; nasiona<\/h2>\n<p>Burak &#8221; Bona&#8221; to <b>\u015brednio p\u00f3\u017ana<\/b> odmiana o\u00a0okresie wegetacji 120 dni.\u00a0 Bona jest szczeg\u00f3lnie polecana na przetwory takie jak <b>barszcze, soki i\u00a0koncentraty.<\/b> Nadaj\u0119 si\u0119 do bezpo\u015bredniego spo\u017cycia, a\u00a0tak\u017ce do d\u0142ugiego przechowywania. Jest to nowo\u015b\u0107 w\u015br\u00f3d buraka \u0107wik\u0142owego.<\/p>\n<p><b>\u2705 Cechy og\u00f3lne odmiany <\/b><\/p>\n<p>Buraki maj\u0105<b> g\u0142adk\u0105 sk\u00f3rk\u0119 i\u00a0wyr\u00f3wnany okr\u0105g\u0142y kszta\u0142t<\/b>. Po przekrojeniu mi\u0105\u017csz jest intensywnie czerwony bez widocznych bia\u0142ych pier\u015bcieni. Burak <b>w smaku wyj\u0105tkowo s\u0142odki<\/b>, dzi\u0119ki czemu idealnie nadaje si\u0119 do barszczu.<\/p>\n<ul>\n<li>Ca\u0142a ro\u015blin osi\u0105ga wysoko\u015b\u0107 oko\u0142o 50 cm.<\/li>\n<li>Powinna by\u0107 wysiewana wprost do gruntu.<\/li>\n<li>Dobra odporno\u015b\u0107 na choroby buraka.<\/li>\n<\/ul>\n<\/section><\/div>\n<\/section>\n<section class=\"section\">\n<div class=\"item item-12\">\n<section class=\"image-item\">\n            <img decoding=\"async\" src=\"https:\/\/upload.cdn.baselinker.com\/products\/14476\/251dd0c6ae9366c0432f7a787e76e14d.jpg\"><br \/>\n        <\/section>\n<\/p><\/div>\n<\/section>\n<section class=\"section\">\n<div class=\"item item-12\">\n<section class=\"text-item\">\n<h2>\u2705 Kupuj\u0105c u nas zyskujesz wi\u0119cej nasion!<\/h2>\n<p>Zwr\u00f3ci\u0107 uwag\u0119 na mas\u0119 nasion w torebce! Cz\u0119sto ta\u0144sze oferty zawieraj\u0105 jedynie kilka nasion, dlatego bardziej op\u0142acalny jest zakup wi\u0119kszej masy nasion w opakowaniu, kt\u00f3re w przeliczeniu ceny i wagi mog\u0105 okaza\u0107 si\u0119 tak naprawd\u0119 ta\u0144sze!<\/p>\n<ul>\n<li>Kupuj\u0105c wi\u0119ksze opakowanie z<b> jednej paczuszki mo\u017cesz uzyska\u0107 wi\u0119ksz\u0105 liczb\u0119 rozsad<\/b>, przy mniejszym nak\u0142adzie finansowym!<\/li>\n<\/ul>\n<\/section><\/div>\n<\/section>\n<section class=\"section\">\n<div class=\"item item-12\">\n<section class=\"text-item\">\n<h1>WI\u0118KSZE OPAKOWANIE = WI\u0118CEJ NASION = LEPSZA CENA<\/h1>\n<\/section><\/div>\n<\/section>\n<section class=\"section\">\n<div class=\"item item-12\">\n<section class=\"image-item\">\n            <img decoding=\"async\" src=\"https:\/\/upload.cdn.baselinker.com\/products\/14476\/d7f4112ec6f092cf1bd123d8975233cb.jpg\"><br \/>\n        <\/section>\n<\/p><\/div>\n<\/section>\n<section class=\"section\">\n<div class=\"item item-12\">\n<section class=\"text-item\">\n<h1>Kup sprawdzone nasiona!<\/h1>\n<ul>\n<li>Nasiona renomowanego<b> POLSKIEGO PRODUCENTA<\/b>!<\/li>\n<li>Sklep wpisany do rejestru i podlegaj\u0105cy pod Wojew\u00f3dzki Inspektorat Ochrony Ro\u015blin i Nasiennictwa.<\/li>\n<li>Ka\u017cda torebka nasion posiada <b>PASZPORT RO\u015aLINY, <\/b>kt\u00f3ry jest gwarancj\u0105, \u017ce nasiona zosta\u0142y skontrolowane\u00a0 i s\u0105 wolne od organizm\u00f3w szkodliwych.<\/li>\n<li>Nasiona, z kt\u00f3rych wyrosn\u0105 Twoje ro\u015bliny powsta\u0142y w tradycyjnej hodowli <b>bez udzia\u0142u genetycznej modyfikacji (BEZ GMO!!! ).<\/b><\/li>\n<\/ul>\n<\/section><\/div>\n<\/section>\n<section class=\"section\">\n<div class=\"item item-12\">\n<section class=\"image-item\">\n            <img decoding=\"async\" src=\"https:\/\/upload.cdn.baselinker.com\/products\/14476\/06a28054cd83dd6c75e2eed5265f01f5.png\"><br \/>\n        <\/section>\n<\/p><\/div>\n<\/section>\n<section class=\"section\">\n<div class=\"item item-12\">\n<section class=\"text-item\">\n<h1>Ju\u017c nied\u0142ugo puste grz\u0105dki zape\u0142ni\u0105 si\u0119 warzywami!<\/h1>\n<p>\u2705 <b>Wyhoduj w\u0142asne warzywa<\/b>, kt\u00f3re b\u0119d\u0105 zdrowe, smaczne \u00a0i ekologiczne. Spraw, \u017ce z ka\u017cdego nasionka wyro\u015bnie upragnione warzywo, kt\u00f3re b\u0119dzie \u017ar\u00f3d\u0142em \u00a0wielu witamin, soli mineralnych i innych sk\u0142adnik\u00f3w od\u017cywczych.<\/p>\n<p>\u2705 Samodzielna uprawa ro\u015blin to<b> gwarancja, \u017ce warzywa s\u0105 zdrowe<\/b>, nie zawieraj\u0105 pestycyd\u00f3w ani innych szkodliwych zwi\u0105zk\u00f3w chemicznych.<\/p>\n<\/section><\/div>\n<\/section>\n<section class=\"section\">\n<div class=\"item item-12\">\n<section class=\"image-item\">\n            <img decoding=\"async\" src=\"https:\/\/upload.cdn.baselinker.com\/products\/14476\/bcbbcd5be76724c1f85b34717f6a102c.jpg\"><br \/>\n        <\/section>\n<\/p><\/div>\n<\/section>\n","protected":false},"excerpt":{"rendered":"<p>BURAK \u0106WIK\u0141OWY BONA WCZESNY NASIONA BEZ GMO \u2705 Informacje og\u00f3lne: Liczba nasion: 80-120 szt. w gramie Norma wysiewu: 8-12kg\/ha \u2705 Terminy wysiewu\/zbioru: Termin wysadzania: IV &#8211; VI Rozstawa: na og\u00f3\u0142 30-50 x 5-7 cm Termin zbioru: VII &#8211; X \u2705 Wegetacja: 120 dni \u2705 Opakowanie: 5g NASIONA BEZ GMO OD POLSKIEGO PRODUCENTA! BURAK \u0106WIK\u0141OWY &#8222;BONA&#8221;<br \/><a class=\"more-link\" href=\"https:\/\/bobimarket.pl\/index.php\/produkt\/burak-cwiklowy-bona-wczesny-nasiona-bez-gmo\/\"><br \/>\n        Czytaj wi\u0119cej<span class=\"screen-reader-text\"> &#8222;BURAK \u0106WIK\u0141OWY BONA WCZESNY NASIONA BEZ GMO&#8221;<\/span><\/a><\/p>\n","protected":false},"featured_media":95523,"template":"","meta":[],"product_cat":[8125],"product_tag":[],"yoast_head":"<!-- This site is optimized with the Yoast SEO plugin v21.0 - https:\/\/yoast.com\/wordpress\/plugins\/seo\/ -->\n<title>BURAK \u0106WIK\u0141OWY BONA WCZESNY NASIONA BEZ GMO - BOBIMARKET.pl - Remontuj i urz\u0105dzaj z nami<\/title>\n<meta name=\"robots\" content=\"index, follow, max-snippet:-1, max-image-preview:large, max-video-preview:-1\" \/>\n<link rel=\"canonical\" href=\"https:\/\/bobimarket.pl\/index.php\/produkt\/burak-cwiklowy-bona-wczesny-nasiona-bez-gmo\/\" \/>\n<meta property=\"og:locale\" content=\"pl_PL\" \/>\n<meta property=\"og:type\" content=\"article\" \/>\n<meta property=\"og:title\" content=\"BURAK \u0106WIK\u0141OWY BONA WCZESNY NASIONA BEZ GMO - BOBIMARKET.pl - Remontuj i urz\u0105dzaj z nami\" \/>\n<meta property=\"og:description\" content=\"BURAK \u0106WIK\u0141OWY BONA WCZESNY NASIONA BEZ GMO \u2705 Informacje og\u00f3lne: Liczba nasion: 80-120 szt. w gramie Norma wysiewu: 8-12kg\/ha \u2705 Terminy wysiewu\/zbioru: Termin wysadzania: IV &#8211; VI Rozstawa: na og\u00f3\u0142 30-50 x 5-7 cm Termin zbioru: VII &#8211; X \u2705 Wegetacja: 120 dni \u2705 Opakowanie: 5g NASIONA BEZ GMO OD POLSKIEGO PRODUCENTA! BURAK \u0106WIK\u0141OWY &#8222;BONA&#8221;     Czytaj wi\u0119cej &quot;BURAK \u0106WIK\u0141OWY BONA WCZESNY NASIONA BEZ GMO&quot;\" \/>\n<meta property=\"og:url\" content=\"https:\/\/bobimarket.pl\/index.php\/produkt\/burak-cwiklowy-bona-wczesny-nasiona-bez-gmo\/\" \/>\n<meta property=\"og:site_name\" content=\"BOBIMARKET.pl - Remontuj i urz\u0105dzaj z nami\" \/>\n<meta property=\"article:modified_time\" content=\"2026-05-06T16:50:07+00:00\" \/>\n<meta property=\"og:image\" content=\"https:\/\/upload.cdn.baselinker.com\/products\/14476\/251dd0c6ae9366c0432f7a787e76e14d.jpg\" \/>\n<meta name=\"twitter:card\" content=\"summary_large_image\" \/>\n<meta name=\"twitter:label1\" content=\"Szacowany czas czytania\" \/>\n\t<meta name=\"twitter:data1\" content=\"2 minuty\" \/>\n<script type=\"application\/ld+json\" class=\"yoast-schema-graph\">{\"@context\":\"https:\/\/schema.org\",\"@graph\":[{\"@type\":\"WebPage\",\"@id\":\"https:\/\/bobimarket.pl\/index.php\/produkt\/burak-cwiklowy-bona-wczesny-nasiona-bez-gmo\/\",\"url\":\"https:\/\/bobimarket.pl\/index.php\/produkt\/burak-cwiklowy-bona-wczesny-nasiona-bez-gmo\/\",\"name\":\"BURAK \u0106WIK\u0141OWY BONA WCZESNY NASIONA BEZ GMO - BOBIMARKET.pl - Remontuj i urz\u0105dzaj z nami\",\"isPartOf\":{\"@id\":\"https:\/\/bobimarket.pl\/#website\"},\"datePublished\":\"2023-08-30T10:36:29+00:00\",\"dateModified\":\"2026-05-06T16:50:07+00:00\",\"breadcrumb\":{\"@id\":\"https:\/\/bobimarket.pl\/index.php\/produkt\/burak-cwiklowy-bona-wczesny-nasiona-bez-gmo\/#breadcrumb\"},\"inLanguage\":\"pl-PL\",\"potentialAction\":[{\"@type\":\"ReadAction\",\"target\":[\"https:\/\/bobimarket.pl\/index.php\/produkt\/burak-cwiklowy-bona-wczesny-nasiona-bez-gmo\/\"]}]},{\"@type\":\"BreadcrumbList\",\"@id\":\"https:\/\/bobimarket.pl\/index.php\/produkt\/burak-cwiklowy-bona-wczesny-nasiona-bez-gmo\/#breadcrumb\",\"itemListElement\":[{\"@type\":\"ListItem\",\"position\":1,\"name\":\"Strona g\u0142\u00f3wna\",\"item\":\"https:\/\/bobimarket.pl\/\"},{\"@type\":\"ListItem\",\"position\":2,\"name\":\"Sklep\",\"item\":\"https:\/\/bobimarket.pl\/index.php\/shop\/\"},{\"@type\":\"ListItem\",\"position\":3,\"name\":\"BURAK \u0106WIK\u0141OWY BONA WCZESNY NASIONA BEZ GMO\"}]},{\"@type\":\"WebSite\",\"@id\":\"https:\/\/bobimarket.pl\/#website\",\"url\":\"https:\/\/bobimarket.pl\/\",\"name\":\"BOBIMARKET.pl - Remontuj i urz\u0105dzaj z nami\",\"description\":\"Remontuj i urz\u0105dzaj z nami\",\"publisher\":{\"@id\":\"https:\/\/bobimarket.pl\/#organization\"},\"potentialAction\":[{\"@type\":\"SearchAction\",\"target\":{\"@type\":\"EntryPoint\",\"urlTemplate\":\"https:\/\/bobimarket.pl\/?s={search_term_string}\"},\"query-input\":\"required name=search_term_string\"}],\"inLanguage\":\"pl-PL\"},{\"@type\":\"Organization\",\"@id\":\"https:\/\/bobimarket.pl\/#organization\",\"name\":\"BOBIMARKET.pl\",\"url\":\"https:\/\/bobimarket.pl\/\",\"logo\":{\"@type\":\"ImageObject\",\"inLanguage\":\"pl-PL\",\"@id\":\"https:\/\/bobimarket.pl\/#\/schema\/logo\/image\/\",\"url\":\"https:\/\/bobimarket.pl\/wp-content\/uploads\/2021\/11\/slogan.png\",\"contentUrl\":\"https:\/\/bobimarket.pl\/wp-content\/uploads\/2021\/11\/slogan.png\",\"width\":2000,\"height\":384,\"caption\":\"BOBIMARKET.pl\"},\"image\":{\"@id\":\"https:\/\/bobimarket.pl\/#\/schema\/logo\/image\/\"}}]}<\/script>\n<!-- \/ Yoast SEO plugin. -->","yoast_head_json":{"title":"BURAK \u0106WIK\u0141OWY BONA WCZESNY NASIONA BEZ GMO - BOBIMARKET.pl - Remontuj i urz\u0105dzaj z nami","robots":{"index":"index","follow":"follow","max-snippet":"max-snippet:-1","max-image-preview":"max-image-preview:large","max-video-preview":"max-video-preview:-1"},"canonical":"https:\/\/bobimarket.pl\/index.php\/produkt\/burak-cwiklowy-bona-wczesny-nasiona-bez-gmo\/","og_locale":"pl_PL","og_type":"article","og_title":"BURAK \u0106WIK\u0141OWY BONA WCZESNY NASIONA BEZ GMO - BOBIMARKET.pl - Remontuj i urz\u0105dzaj z nami","og_description":"BURAK \u0106WIK\u0141OWY BONA WCZESNY NASIONA BEZ GMO \u2705 Informacje og\u00f3lne: Liczba nasion: 80-120 szt. w gramie Norma wysiewu: 8-12kg\/ha \u2705 Terminy wysiewu\/zbioru: Termin wysadzania: IV &#8211; VI Rozstawa: na og\u00f3\u0142 30-50 x 5-7 cm Termin zbioru: VII &#8211; X \u2705 Wegetacja: 120 dni \u2705 Opakowanie: 5g NASIONA BEZ GMO OD POLSKIEGO PRODUCENTA! BURAK \u0106WIK\u0141OWY &#8222;BONA&#8221;     Czytaj wi\u0119cej \"BURAK \u0106WIK\u0141OWY BONA WCZESNY NASIONA BEZ GMO\"","og_url":"https:\/\/bobimarket.pl\/index.php\/produkt\/burak-cwiklowy-bona-wczesny-nasiona-bez-gmo\/","og_site_name":"BOBIMARKET.pl - Remontuj i urz\u0105dzaj z nami","article_modified_time":"2026-05-06T16:50:07+00:00","og_image":[{"url":"https:\/\/upload.cdn.baselinker.com\/products\/14476\/251dd0c6ae9366c0432f7a787e76e14d.jpg"}],"twitter_card":"summary_large_image","twitter_misc":{"Szacowany czas czytania":"2 minuty"},"schema":{"@context":"https:\/\/schema.org","@graph":[{"@type":"WebPage","@id":"https:\/\/bobimarket.pl\/index.php\/produkt\/burak-cwiklowy-bona-wczesny-nasiona-bez-gmo\/","url":"https:\/\/bobimarket.pl\/index.php\/produkt\/burak-cwiklowy-bona-wczesny-nasiona-bez-gmo\/","name":"BURAK \u0106WIK\u0141OWY BONA WCZESNY NASIONA BEZ GMO - BOBIMARKET.pl - Remontuj i urz\u0105dzaj z nami","isPartOf":{"@id":"https:\/\/bobimarket.pl\/#website"},"datePublished":"2023-08-30T10:36:29+00:00","dateModified":"2026-05-06T16:50:07+00:00","breadcrumb":{"@id":"https:\/\/bobimarket.pl\/index.php\/produkt\/burak-cwiklowy-bona-wczesny-nasiona-bez-gmo\/#breadcrumb"},"inLanguage":"pl-PL","potentialAction":[{"@type":"ReadAction","target":["https:\/\/bobimarket.pl\/index.php\/produkt\/burak-cwiklowy-bona-wczesny-nasiona-bez-gmo\/"]}]},{"@type":"BreadcrumbList","@id":"https:\/\/bobimarket.pl\/index.php\/produkt\/burak-cwiklowy-bona-wczesny-nasiona-bez-gmo\/#breadcrumb","itemListElement":[{"@type":"ListItem","position":1,"name":"Strona g\u0142\u00f3wna","item":"https:\/\/bobimarket.pl\/"},{"@type":"ListItem","position":2,"name":"Sklep","item":"https:\/\/bobimarket.pl\/index.php\/shop\/"},{"@type":"ListItem","position":3,"name":"BURAK \u0106WIK\u0141OWY BONA WCZESNY NASIONA BEZ GMO"}]},{"@type":"WebSite","@id":"https:\/\/bobimarket.pl\/#website","url":"https:\/\/bobimarket.pl\/","name":"BOBIMARKET.pl - Remontuj i urz\u0105dzaj z nami","description":"Remontuj i urz\u0105dzaj z nami","publisher":{"@id":"https:\/\/bobimarket.pl\/#organization"},"potentialAction":[{"@type":"SearchAction","target":{"@type":"EntryPoint","urlTemplate":"https:\/\/bobimarket.pl\/?s={search_term_string}"},"query-input":"required name=search_term_string"}],"inLanguage":"pl-PL"},{"@type":"Organization","@id":"https:\/\/bobimarket.pl\/#organization","name":"BOBIMARKET.pl","url":"https:\/\/bobimarket.pl\/","logo":{"@type":"ImageObject","inLanguage":"pl-PL","@id":"https:\/\/bobimarket.pl\/#\/schema\/logo\/image\/","url":"https:\/\/bobimarket.pl\/wp-content\/uploads\/2021\/11\/slogan.png","contentUrl":"https:\/\/bobimarket.pl\/wp-content\/uploads\/2021\/11\/slogan.png","width":2000,"height":384,"caption":"BOBIMARKET.pl"},"image":{"@id":"https:\/\/bobimarket.pl\/#\/schema\/logo\/image\/"}}]}},"_links":{"self":[{"href":"https:\/\/bobimarket.pl\/index.php\/wp-json\/wp\/v2\/product\/95533"}],"collection":[{"href":"https:\/\/bobimarket.pl\/index.php\/wp-json\/wp\/v2\/product"}],"about":[{"href":"https:\/\/bobimarket.pl\/index.php\/wp-json\/wp\/v2\/types\/product"}],"wp:featuredmedia":[{"embeddable":true,"href":"https:\/\/bobimarket.pl\/index.php\/wp-json\/wp\/v2\/media\/95523"}],"wp:attachment":[{"href":"https:\/\/bobimarket.pl\/index.php\/wp-json\/wp\/v2\/media?parent=95533"}],"wp:term":[{"taxonomy":"product_cat","embeddable":true,"href":"https:\/\/bobimarket.pl\/index.php\/wp-json\/wp\/v2\/product_cat?post=95533"},{"taxonomy":"product_tag","embeddable":true,"href":"https:\/\/bobimarket.pl\/index.php\/wp-json\/wp\/v2\/product_tag?post=95533"}],"curies":[{"name":"wp","href":"https:\/\/api.w.org\/{rel}","templated":true}]}}