{"id":95562,"date":"2023-08-30T10:38:44","date_gmt":"2023-08-30T10:38:44","guid":{"rendered":"https:\/\/bobimarket.pl\/index.php\/produkt\/doniczka-wielodoniczka-do-siewu-rozsad-40-szt-taca\/"},"modified":"2025-02-27T16:19:00","modified_gmt":"2025-02-27T16:19:00","slug":"doniczka-wielodoniczka-do-siewu-rozsad-40-szt-taca","status":"publish","type":"product","link":"https:\/\/bobimarket.pl\/index.php\/produkt\/doniczka-wielodoniczka-do-siewu-rozsad-40-szt-taca\/","title":{"rendered":"DONICZKA WIELODONICZKA DO SIEWU ROZSAD 40 szt TACA"},"content":{"rendered":"<section class=\"section\">\n<div class=\"item item-12\">\n<section class=\"text-item\">\n<h2>DONICZKA WIELODONICZKA DO SIEWU ROZSAD 40 szt TACA<\/h2>\n<p><b>Informacje og\u00f3lne: <\/b><\/p>\n<ul>\n<li>Szeroko\u015b\u0107 ca\u0142kowita wielodoniczki: <b>13<\/b> <b>cm<\/b><\/li>\n<li>D\u0142ugo\u015b\u0107 ca\u0142kowita wielodoniczki: <b>28 cm<\/b><\/li>\n<li>Wysoko\u015b\u0107 ca\u0142kowita wielodoniczki: <b>6 cm<\/b><\/li>\n<li>Materia\u0142: <b>polistyren<\/b><\/li>\n<li>Kszta\u0142t podstawy: <b>prostok\u0105t <\/b><\/li>\n<li>Ilo\u015b\u0107 kom\u00f3r w wielodoniczce:<b> 10 kom\u00f3r<\/b><\/li>\n<li>Ilo\u015b\u0107 sztuk w zestawie: <b>4 wielodoniczek <\/b><\/li>\n<\/ul>\n<p><b>Wymiary pojedynczej komory:<\/b><\/p>\n<ul>\n<li>Szeroko\u015b\u0107: <b>4,5 cm<\/b><\/li>\n<li>D\u0142ugo\u015b\u0107: <b>5,5 cm<\/b><\/li>\n<li>Wysoko\u015b\u0107: <b>6 cm<\/b><\/li>\n<\/ul>\n<p><b>Wymiary podstawki<\/b><\/p>\n<ul>\n<li>Szeroko\u015b\u0107 ca\u0142kowita:<b> 31,5 cm<\/b><\/li>\n<li>D\u0142ugo\u015b\u0107 ca\u0142kowita:<b> 52,7 cm<\/b><\/li>\n<li>Wysoko\u015b\u0107 ca\u0142kowita:<b> 22 mm<\/b><\/li>\n<\/ul>\n<h2>\u2705 W ZESTAWIE TANIEJ!<\/h2>\n<p>Komplet zawiera cztery wielodoniczki, ka\u017cda z nich zawiera 10 kom\u00f3r z pojedynczymi doniczkami. \u0141\u0105cznie zestaw zawiera 40 kom\u00f3r oraz podstawk\u0119. Doniczek wystarcz\u0105 na wyhodowanie wielu dorodnych i pi\u0119knych ro\u015blin, a tacka znacznie u\u0142atwi przenoszenie oraz podlewanie zasadzonych ro\u015blin. Posad\u017a swoje sadzonki, dbaj o nie i czekaj a\u017c wyrosn\u0105!<\/p>\n<h2>Ca\u0142y zestaw stanowi idealne po\u0142\u0105czenie i jest niezwykle praktyczny.<\/h2>\n<\/section><\/div>\n<\/section>\n<section class=\"section\">\n<div class=\"item item-12\">\n<section class=\"image-item\">\n            <img decoding=\"async\" src=\"https:\/\/upload.cdn.baselinker.com\/products\/14476\/e07958401b0267dac2d68aebbec603f3.jpg\" \/><br \/>\n        <\/section>\n<\/p><\/div>\n<\/section>\n<section class=\"section\">\n<div class=\"item item-6\">\n<section class=\"image-item\">\n            <img decoding=\"async\" src=\"https:\/\/upload.cdn.baselinker.com\/products\/14476\/57c08727204a023149f5f4745e9cb7aa.jpg\" \/><br \/>\n        <\/section>\n<\/p><\/div>\n<div class=\"item item-6\">\n<section class=\"text-item\">\n<h1>GRATIS!<\/h1>\n<p>\u2705 W gratisie do zam\u00f3wienia do\u0142\u0105czone zostanie <b>losowo wybrane opakowanie nasionek do sadzenia.<\/b> Wyhoduj w\u0142asne ro\u015bliny, kt\u00f3re b\u0119d\u0105 zdrowe, smaczne i ekologiczne.<\/p>\n<ul>\n<li>Spraw, \u017ce z ka\u017cdego nasionka<b> wyro\u015bnie warzywo lub pi\u0119kny kolorowy kwiat.<\/b><\/li>\n<li>Samodzielna uprawa ro\u015blin to<b> gwarancja, \u017ce s\u0105 zdrowe<\/b>, nie zawieraj\u0105 pestycyd\u00f3w ani innych szkodliwych zwi\u0105zk\u00f3w chemicznych.<\/li>\n<\/ul>\n<p><b>Uwaga!<\/b> Do zam\u00f3wienia zostanie do\u0142\u0105czona 1 szt. opakowania nasion do sadzenia. Nasiona zostan\u0105 wybrane losowo spo\u015br\u00f3d szerokiej gamy dost\u0119pnych na rynku gatunk\u00f3w warzyw i kwiat\u00f3w\u00a0 ( r\u00f3\u017cne gatunki , nie tylko te ze zdj\u0119cia). Nasiona pochodz\u0105 od renomowanego <b>POLSKIEGO PRODUCENTA!<\/b><\/p>\n<\/section><\/div>\n<\/section>\n<section class=\"section\">\n<div class=\"item item-12\">\n<section class=\"text-item\">\n<h1>Obowi\u0105zkowy punkt na li\u015bcie zakup\u00f3w ka\u017cdego ogrodnika, kt\u00f3ry chce odpowiednio zadba\u0107 o swoje ro\u015bliny!<\/h1>\n<p>Zestaw sk\u0142adaj\u0105cy si\u0119 z 40 szt. pojedynczych doniczek po\u0142\u0105czonych ze sob\u0105. Doniczki\u00a0 wykonane z elastycznego tworzywa ( polistyren). Do zestawu do\u0142\u0105czono plastikow\u0105 podstawk\u0119, kt\u00f3ra pomaga podczas przenoszenie posadzonych nasion i sadzonek. Tacka u\u0142atwia r\u00f3wnie\u017c podlewanie. Komplet przeznaczony<b> do uprawy rozsady warzyw i kwiat\u00f3w w warunkach domowych<\/b> z p\u00f3\u017aniejszym sadzeniem w otwartym terenie.<\/p>\n<p>\u2705 Doniczki s\u0105 wielofunkcyjne i na pewno b\u0119d\u0105 przydatne podczas wszelkich prac z w\u0142asn\u0105 upraw\u0105 warzyw czy zi\u00f3\u0142. Mo\u017cesz je wykorzysta\u0107 <b>do wysiewu nasion lub ma\u0142ych sadzonek.<\/b> Doskonale sprawdz\u0105 si\u0119 r\u00f3wnie\u017c do rozmna\u017cania ro\u015blin z sadzonek.<\/p>\n<p>\u2705 Jest to <b>wygodne i\u00a0 ekonomiczne <\/b>rozwi\u0105zanie, mo\u017cna wykorzysta\u0107 wielokrotnie. Pozwalaj\u0105 zaoszcz\u0119dzi\u0107 czas i minimalizuj\u0105 ba\u0142agan, a przesadzanie ro\u015blin staje si\u0119 dziecinnie proste.<\/p>\n<\/section><\/div>\n<\/section>\n<section class=\"section\">\n<div class=\"item item-12\">\n<section class=\"image-item\">\n            <img decoding=\"async\" src=\"https:\/\/upload.cdn.baselinker.com\/products\/14476\/8846102beba7a24990b8ce17e343fe77.jpg\" \/><br \/>\n        <\/section>\n<\/p><\/div>\n<\/section>\n<section class=\"section\">\n<div class=\"item item-12\">\n<section class=\"text-item\">\n<h1>Plastikowe doniczki to proste i klasyczne rozwi\u0105zanie!<\/h1>\n<p>\u2705 <b>Wspomagaj\u0105 wzrost ro\u015bliny<\/b> i nie blokuj\u0105 naturalnych proces\u00f3w. Sadzonki pomidor\u00f3w, og\u00f3rk\u00f3w i innych warzyw mog\u0105 spokojnie rosn\u0105\u0107, a podczas przesadzania korzenie nie ulegaj\u0105 uszkodzeniu.<\/p>\n<p>\u2705 Doniczki<b> gwarantuj\u0105 bardzo dobr\u0105 cyrkulacj\u0119 powietrza,<\/b> utrzymuj\u0105 i transportuj\u0105 wilgo\u0107, aby warzywa\/kwiaty mog\u0142y rosn\u0105\u0107 w odpowiednich warunkach.<\/p>\n<p>\u2705 <b>Przesadzanie ro\u015blin odbywa si\u0119 w \u0142atwy i szybki spos\u00f3b<\/b>, bez wi\u0119kszego ba\u0142aganu. Ro\u015blina nie jest wyjmowana z gleby, w kt\u00f3rej ros\u0142a, poniewa\u017c doniczka jest elastyczna i \u0142atwo wyj\u0105c z niej sadzonk\u0119.<\/p>\n<\/section><\/div>\n<\/section>\n<section class=\"section\">\n<div class=\"item item-12\">\n<section class=\"image-item\">\n            <img decoding=\"async\" src=\"https:\/\/upload.cdn.baselinker.com\/products\/14476\/318d6cadc494224fe20fd765a8b47c5a.jpg\" \/><br \/>\n        <\/section>\n<\/p><\/div>\n<\/section>\n<section class=\"section\">\n<div class=\"item item-12\">\n<section class=\"text-item\">\n<h1>Idealne na start dla ro\u015blin w pocz\u0105tkowym stadium rozw\u00f3j.<\/h1>\n<\/section><\/div>\n<\/section>\n<section class=\"section\">\n<div class=\"item item-12\">\n<section class=\"text-item\">\n<h2>\u2705 \u0141atwe i proste w u\u017cyciu<\/h2>\n<p>Doniczki mo\u017cna wcze\u015bniej przygotowa\u0107 i w odpowiednim momencie przesadzi\u0107. Sadzonk\u0119 mo\u017cna potem z \u0142atwo\u015bci\u0105 umie\u015bci\u0107 w glebie. Optymalne nadaje si\u0119 do uprawy wszelkich gatunk\u00f3w ro\u015blin.<\/p>\n<h2>\u2705 Idealne dla ro\u015blin, kt\u00f3re nie lubi\u0105 przesadzania<\/h2>\n<p>Nale\u017cy r\u00f3wnie\u017c pami\u0119ta\u0107, \u017ce niekt\u00f3re warzywa nie lubi\u0105 by\u0107 przesadzane, dlatego jest do najlepsze rozwi\u0105zanie dla w\u0142a\u015bnie takich gatunk\u00f3w. Elastyczne plastikowe doniczki sprawiaj\u0105, \u017ce sadzonka mo\u017ce zosta\u0107 bez problemu wyj\u0119ta i posadzona w glebie.<\/p>\n<\/section><\/div>\n<\/section>\n<section class=\"section\">\n<div class=\"item item-12\">\n<section class=\"image-item\">\n            <img decoding=\"async\" src=\"https:\/\/upload.cdn.baselinker.com\/products\/14476\/e07958401b0267dac2d68aebbec603f3.jpg\" \/><br \/>\n        <\/section>\n<\/p><\/div>\n<\/section>\n<section class=\"section\">\n<div class=\"item item-12\">\n<section class=\"image-item\">\n            <img decoding=\"async\" src=\"https:\/\/upload.cdn.baselinker.com\/products\/14476\/10f88c602af4b055f25d6d83f6003b5a.jpg\" \/><br \/>\n        <\/section>\n<\/p><\/div>\n<\/section>\n<section class=\"section\">\n<div class=\"item item-12\">\n<section class=\"image-item\">\n            <img decoding=\"async\" src=\"https:\/\/upload.cdn.baselinker.com\/products\/14476\/a4464ff0f0a30eac329122a3d2dcfa5e.jpg\" \/><br \/>\n        <\/section>\n<\/p><\/div>\n<\/section>\n<section class=\"section\">\n<div class=\"item item-12\">\n<section class=\"image-item\">\n            <img decoding=\"async\" src=\"https:\/\/upload.cdn.baselinker.com\/products\/14476\/8c7f8ed2129580415663995ebd4f459f.jpg\" \/><br \/>\n        <\/section>\n<\/p><\/div>\n<\/section>\n<section class=\"section\">\n<div class=\"item item-12\">\n<section class=\"text-item\">\n<h1>Sprawd\u017a inne doniczki dost\u0119pne w naszej ofercie!<\/h1>\n<\/section><\/div>\n<\/section>\n<section class=\"section\">\n<div class=\"item item-12\">\n<section class=\"image-item\">\n            <img decoding=\"async\" src=\"https:\/\/upload.cdn.baselinker.com\/products\/14476\/35c9962491f2bdca83094e182b01272b.jpg\" \/><br \/>\n        <\/section>\n<\/p><\/div>\n<\/section>\n","protected":false},"excerpt":{"rendered":"<p>DONICZKA WIELODONICZKA DO SIEWU ROZSAD 40 szt TACA Informacje og\u00f3lne: Szeroko\u015b\u0107 ca\u0142kowita wielodoniczki: 13 cm D\u0142ugo\u015b\u0107 ca\u0142kowita wielodoniczki: 28 cm Wysoko\u015b\u0107 ca\u0142kowita wielodoniczki: 6 cm Materia\u0142: polistyren Kszta\u0142t podstawy: prostok\u0105t Ilo\u015b\u0107 kom\u00f3r w wielodoniczce: 10 kom\u00f3r Ilo\u015b\u0107 sztuk w zestawie: 4 wielodoniczek Wymiary pojedynczej komory: Szeroko\u015b\u0107: 4,5 cm D\u0142ugo\u015b\u0107: 5,5 cm Wysoko\u015b\u0107: 6 cm Wymiary<br \/><a class=\"more-link\" href=\"https:\/\/bobimarket.pl\/index.php\/produkt\/doniczka-wielodoniczka-do-siewu-rozsad-40-szt-taca\/\"><br \/>\n        Czytaj wi\u0119cej<span class=\"screen-reader-text\"> &#8222;DONICZKA WIELODONICZKA DO SIEWU ROZSAD 40 szt TACA&#8221;<\/span><\/a><\/p>\n","protected":false},"featured_media":95549,"template":"","meta":[],"product_cat":[8349],"product_tag":[],"yoast_head":"<!-- This site is optimized with the Yoast SEO plugin v21.0 - https:\/\/yoast.com\/wordpress\/plugins\/seo\/ -->\n<title>DONICZKA WIELODONICZKA DO SIEWU ROZSAD 40 szt TACA - BOBIMARKET.pl - Remontuj i urz\u0105dzaj z nami<\/title>\n<meta name=\"robots\" content=\"index, follow, max-snippet:-1, max-image-preview:large, max-video-preview:-1\" \/>\n<link rel=\"canonical\" href=\"https:\/\/bobimarket.pl\/index.php\/produkt\/doniczka-wielodoniczka-do-siewu-rozsad-40-szt-taca\/\" \/>\n<meta property=\"og:locale\" content=\"pl_PL\" \/>\n<meta property=\"og:type\" content=\"article\" \/>\n<meta property=\"og:title\" content=\"DONICZKA WIELODONICZKA DO SIEWU ROZSAD 40 szt TACA - BOBIMARKET.pl - Remontuj i urz\u0105dzaj z nami\" \/>\n<meta property=\"og:description\" content=\"DONICZKA WIELODONICZKA DO SIEWU ROZSAD 40 szt TACA Informacje og\u00f3lne: Szeroko\u015b\u0107 ca\u0142kowita wielodoniczki: 13 cm D\u0142ugo\u015b\u0107 ca\u0142kowita wielodoniczki: 28 cm Wysoko\u015b\u0107 ca\u0142kowita wielodoniczki: 6 cm Materia\u0142: polistyren Kszta\u0142t podstawy: prostok\u0105t Ilo\u015b\u0107 kom\u00f3r w wielodoniczce: 10 kom\u00f3r Ilo\u015b\u0107 sztuk w zestawie: 4 wielodoniczek Wymiary pojedynczej komory: Szeroko\u015b\u0107: 4,5 cm D\u0142ugo\u015b\u0107: 5,5 cm Wysoko\u015b\u0107: 6 cm Wymiary     Czytaj wi\u0119cej &quot;DONICZKA WIELODONICZKA DO SIEWU ROZSAD 40 szt TACA&quot;\" \/>\n<meta property=\"og:url\" content=\"https:\/\/bobimarket.pl\/index.php\/produkt\/doniczka-wielodoniczka-do-siewu-rozsad-40-szt-taca\/\" \/>\n<meta property=\"og:site_name\" content=\"BOBIMARKET.pl - Remontuj i urz\u0105dzaj z nami\" \/>\n<meta property=\"article:modified_time\" content=\"2025-02-27T16:19:00+00:00\" \/>\n<meta property=\"og:image\" content=\"https:\/\/upload.cdn.baselinker.com\/products\/14476\/e07958401b0267dac2d68aebbec603f3.jpg\" \/>\n<meta name=\"twitter:card\" content=\"summary_large_image\" \/>\n<meta name=\"twitter:label1\" content=\"Szacowany czas czytania\" \/>\n\t<meta name=\"twitter:data1\" content=\"3 minuty\" \/>\n<script type=\"application\/ld+json\" class=\"yoast-schema-graph\">{\"@context\":\"https:\/\/schema.org\",\"@graph\":[{\"@type\":\"WebPage\",\"@id\":\"https:\/\/bobimarket.pl\/index.php\/produkt\/doniczka-wielodoniczka-do-siewu-rozsad-40-szt-taca\/\",\"url\":\"https:\/\/bobimarket.pl\/index.php\/produkt\/doniczka-wielodoniczka-do-siewu-rozsad-40-szt-taca\/\",\"name\":\"DONICZKA WIELODONICZKA DO SIEWU ROZSAD 40 szt TACA - BOBIMARKET.pl - Remontuj i urz\u0105dzaj z nami\",\"isPartOf\":{\"@id\":\"https:\/\/bobimarket.pl\/#website\"},\"datePublished\":\"2023-08-30T10:38:44+00:00\",\"dateModified\":\"2025-02-27T16:19:00+00:00\",\"breadcrumb\":{\"@id\":\"https:\/\/bobimarket.pl\/index.php\/produkt\/doniczka-wielodoniczka-do-siewu-rozsad-40-szt-taca\/#breadcrumb\"},\"inLanguage\":\"pl-PL\",\"potentialAction\":[{\"@type\":\"ReadAction\",\"target\":[\"https:\/\/bobimarket.pl\/index.php\/produkt\/doniczka-wielodoniczka-do-siewu-rozsad-40-szt-taca\/\"]}]},{\"@type\":\"BreadcrumbList\",\"@id\":\"https:\/\/bobimarket.pl\/index.php\/produkt\/doniczka-wielodoniczka-do-siewu-rozsad-40-szt-taca\/#breadcrumb\",\"itemListElement\":[{\"@type\":\"ListItem\",\"position\":1,\"name\":\"Strona g\u0142\u00f3wna\",\"item\":\"https:\/\/bobimarket.pl\/\"},{\"@type\":\"ListItem\",\"position\":2,\"name\":\"Sklep\",\"item\":\"https:\/\/bobimarket.pl\/index.php\/shop\/\"},{\"@type\":\"ListItem\",\"position\":3,\"name\":\"DONICZKA WIELODONICZKA DO SIEWU ROZSAD 40 szt TACA\"}]},{\"@type\":\"WebSite\",\"@id\":\"https:\/\/bobimarket.pl\/#website\",\"url\":\"https:\/\/bobimarket.pl\/\",\"name\":\"BOBIMARKET.pl - Remontuj i urz\u0105dzaj z nami\",\"description\":\"Remontuj i urz\u0105dzaj z nami\",\"publisher\":{\"@id\":\"https:\/\/bobimarket.pl\/#organization\"},\"potentialAction\":[{\"@type\":\"SearchAction\",\"target\":{\"@type\":\"EntryPoint\",\"urlTemplate\":\"https:\/\/bobimarket.pl\/?s={search_term_string}\"},\"query-input\":\"required name=search_term_string\"}],\"inLanguage\":\"pl-PL\"},{\"@type\":\"Organization\",\"@id\":\"https:\/\/bobimarket.pl\/#organization\",\"name\":\"BOBIMARKET.pl\",\"url\":\"https:\/\/bobimarket.pl\/\",\"logo\":{\"@type\":\"ImageObject\",\"inLanguage\":\"pl-PL\",\"@id\":\"https:\/\/bobimarket.pl\/#\/schema\/logo\/image\/\",\"url\":\"https:\/\/bobimarket.pl\/wp-content\/uploads\/2021\/11\/slogan.png\",\"contentUrl\":\"https:\/\/bobimarket.pl\/wp-content\/uploads\/2021\/11\/slogan.png\",\"width\":2000,\"height\":384,\"caption\":\"BOBIMARKET.pl\"},\"image\":{\"@id\":\"https:\/\/bobimarket.pl\/#\/schema\/logo\/image\/\"}}]}<\/script>\n<!-- \/ Yoast SEO plugin. -->","yoast_head_json":{"title":"DONICZKA WIELODONICZKA DO SIEWU ROZSAD 40 szt TACA - BOBIMARKET.pl - Remontuj i urz\u0105dzaj z nami","robots":{"index":"index","follow":"follow","max-snippet":"max-snippet:-1","max-image-preview":"max-image-preview:large","max-video-preview":"max-video-preview:-1"},"canonical":"https:\/\/bobimarket.pl\/index.php\/produkt\/doniczka-wielodoniczka-do-siewu-rozsad-40-szt-taca\/","og_locale":"pl_PL","og_type":"article","og_title":"DONICZKA WIELODONICZKA DO SIEWU ROZSAD 40 szt TACA - BOBIMARKET.pl - Remontuj i urz\u0105dzaj z nami","og_description":"DONICZKA WIELODONICZKA DO SIEWU ROZSAD 40 szt TACA Informacje og\u00f3lne: Szeroko\u015b\u0107 ca\u0142kowita wielodoniczki: 13 cm D\u0142ugo\u015b\u0107 ca\u0142kowita wielodoniczki: 28 cm Wysoko\u015b\u0107 ca\u0142kowita wielodoniczki: 6 cm Materia\u0142: polistyren Kszta\u0142t podstawy: prostok\u0105t Ilo\u015b\u0107 kom\u00f3r w wielodoniczce: 10 kom\u00f3r Ilo\u015b\u0107 sztuk w zestawie: 4 wielodoniczek Wymiary pojedynczej komory: Szeroko\u015b\u0107: 4,5 cm D\u0142ugo\u015b\u0107: 5,5 cm Wysoko\u015b\u0107: 6 cm Wymiary     Czytaj wi\u0119cej \"DONICZKA WIELODONICZKA DO SIEWU ROZSAD 40 szt TACA\"","og_url":"https:\/\/bobimarket.pl\/index.php\/produkt\/doniczka-wielodoniczka-do-siewu-rozsad-40-szt-taca\/","og_site_name":"BOBIMARKET.pl - Remontuj i urz\u0105dzaj z nami","article_modified_time":"2025-02-27T16:19:00+00:00","og_image":[{"url":"https:\/\/upload.cdn.baselinker.com\/products\/14476\/e07958401b0267dac2d68aebbec603f3.jpg"}],"twitter_card":"summary_large_image","twitter_misc":{"Szacowany czas czytania":"3 minuty"},"schema":{"@context":"https:\/\/schema.org","@graph":[{"@type":"WebPage","@id":"https:\/\/bobimarket.pl\/index.php\/produkt\/doniczka-wielodoniczka-do-siewu-rozsad-40-szt-taca\/","url":"https:\/\/bobimarket.pl\/index.php\/produkt\/doniczka-wielodoniczka-do-siewu-rozsad-40-szt-taca\/","name":"DONICZKA WIELODONICZKA DO SIEWU ROZSAD 40 szt TACA - BOBIMARKET.pl - Remontuj i urz\u0105dzaj z nami","isPartOf":{"@id":"https:\/\/bobimarket.pl\/#website"},"datePublished":"2023-08-30T10:38:44+00:00","dateModified":"2025-02-27T16:19:00+00:00","breadcrumb":{"@id":"https:\/\/bobimarket.pl\/index.php\/produkt\/doniczka-wielodoniczka-do-siewu-rozsad-40-szt-taca\/#breadcrumb"},"inLanguage":"pl-PL","potentialAction":[{"@type":"ReadAction","target":["https:\/\/bobimarket.pl\/index.php\/produkt\/doniczka-wielodoniczka-do-siewu-rozsad-40-szt-taca\/"]}]},{"@type":"BreadcrumbList","@id":"https:\/\/bobimarket.pl\/index.php\/produkt\/doniczka-wielodoniczka-do-siewu-rozsad-40-szt-taca\/#breadcrumb","itemListElement":[{"@type":"ListItem","position":1,"name":"Strona g\u0142\u00f3wna","item":"https:\/\/bobimarket.pl\/"},{"@type":"ListItem","position":2,"name":"Sklep","item":"https:\/\/bobimarket.pl\/index.php\/shop\/"},{"@type":"ListItem","position":3,"name":"DONICZKA WIELODONICZKA DO SIEWU ROZSAD 40 szt TACA"}]},{"@type":"WebSite","@id":"https:\/\/bobimarket.pl\/#website","url":"https:\/\/bobimarket.pl\/","name":"BOBIMARKET.pl - Remontuj i urz\u0105dzaj z nami","description":"Remontuj i urz\u0105dzaj z nami","publisher":{"@id":"https:\/\/bobimarket.pl\/#organization"},"potentialAction":[{"@type":"SearchAction","target":{"@type":"EntryPoint","urlTemplate":"https:\/\/bobimarket.pl\/?s={search_term_string}"},"query-input":"required name=search_term_string"}],"inLanguage":"pl-PL"},{"@type":"Organization","@id":"https:\/\/bobimarket.pl\/#organization","name":"BOBIMARKET.pl","url":"https:\/\/bobimarket.pl\/","logo":{"@type":"ImageObject","inLanguage":"pl-PL","@id":"https:\/\/bobimarket.pl\/#\/schema\/logo\/image\/","url":"https:\/\/bobimarket.pl\/wp-content\/uploads\/2021\/11\/slogan.png","contentUrl":"https:\/\/bobimarket.pl\/wp-content\/uploads\/2021\/11\/slogan.png","width":2000,"height":384,"caption":"BOBIMARKET.pl"},"image":{"@id":"https:\/\/bobimarket.pl\/#\/schema\/logo\/image\/"}}]}},"_links":{"self":[{"href":"https:\/\/bobimarket.pl\/index.php\/wp-json\/wp\/v2\/product\/95562"}],"collection":[{"href":"https:\/\/bobimarket.pl\/index.php\/wp-json\/wp\/v2\/product"}],"about":[{"href":"https:\/\/bobimarket.pl\/index.php\/wp-json\/wp\/v2\/types\/product"}],"wp:featuredmedia":[{"embeddable":true,"href":"https:\/\/bobimarket.pl\/index.php\/wp-json\/wp\/v2\/media\/95549"}],"wp:attachment":[{"href":"https:\/\/bobimarket.pl\/index.php\/wp-json\/wp\/v2\/media?parent=95562"}],"wp:term":[{"taxonomy":"product_cat","embeddable":true,"href":"https:\/\/bobimarket.pl\/index.php\/wp-json\/wp\/v2\/product_cat?post=95562"},{"taxonomy":"product_tag","embeddable":true,"href":"https:\/\/bobimarket.pl\/index.php\/wp-json\/wp\/v2\/product_tag?post=95562"}],"curies":[{"name":"wp","href":"https:\/\/api.w.org\/{rel}","templated":true}]}}