{"id":95613,"date":"2023-08-30T10:42:37","date_gmt":"2023-08-30T10:42:37","guid":{"rendered":"https:\/\/bobimarket.pl\/index.php\/produkt\/bazylia-wlasciwa-zielona-genovese-nasiona-bez-gmo\/"},"modified":"2025-02-27T16:19:15","modified_gmt":"2025-02-27T16:19:15","slug":"bazylia-wlasciwa-zielona-genovese-nasiona-bez-gmo","status":"publish","type":"product","link":"https:\/\/bobimarket.pl\/index.php\/produkt\/bazylia-wlasciwa-zielona-genovese-nasiona-bez-gmo\/","title":{"rendered":"BAZYLIA W\u0141A\u015aCIWA ZIELONA GENOVESE NASIONA BEZ GMO"},"content":{"rendered":"<section class=\"section\">\n<div class=\"item item-12\">\n<section class=\"text-item\">\n<h2>BAZYLIA W\u0141A\u015aCIWA ZIELONA GENOVESE NASIONA BEZ GMO<\/h2>\n<p><b>\u2705 Informacje og\u00f3lne:<\/b><\/p>\n<ul>\n<li>Gatunek: <b>Bazylia w\u0142a\u015bciwa zielona GENOVESE<\/b><\/li>\n<li>Liczba nasion: <b>600 szt. w gramie <\/b><\/li>\n<li>Opakowanie: <b>1 g<\/b><\/li>\n<\/ul>\n<h2>Stw\u00f3rz swoj\u0105 zio\u0142ow\u0105 rabat\u0119 i wype\u0142nij sw\u00f3j ogr\u00f3d aromatem zi\u00f3\u0142!<\/h2>\n<\/section><\/div>\n<\/section>\n<section class=\"section\">\n<div class=\"item item-12\">\n<section class=\"image-item\">\n            <img decoding=\"async\" src=\"https:\/\/upload.cdn.baselinker.com\/products\/14476\/c81b460f41b2023c9591cf15c3059e6e.jpg\" \/><br \/>\n        <\/section>\n<\/p><\/div>\n<\/section>\n<section class=\"section\">\n<div class=\"item item-12\">\n<section class=\"text-item\">\n<h2>BAZYLIA W\u0141A\u015aCIWA ZIELONA GENOVESE- nasiona<\/h2>\n<p>Bazylia &#8222;GENOVESE&#8221; to <b>ro\u015blina jednoroczna.<\/b> Uprawia si\u0119 j\u0105 z rozsady lub z siewu wprost <b>do gruntu<\/b>. \u015awietnie nadaje si\u0119 do uprawy<b> na domowym parapecie<\/b>. Surowcem przyprawowym jest jej ziele w stanie \u015bwie\u017cym lub suszonym &#8211; zbieranie w pe\u0142ni kwitnienia.<\/p>\n<ul>\n<li>Ro\u015blina wymaga ciep\u0142ego, os\u0142oni\u0119tego i\u00a0dobrze nas\u0142onecznionego stanowiska oraz \u017cyznej, przepuszczalnej, pr\u00f3chniczej i\u00a0stale wilgotnej gleby. Nietolerancyjna na susz\u0119, zalewanie, zachwaszczenie i\u00a0przeci\u0105gi.<\/li>\n<li>Nie jest te\u017c odporna na nisk\u0105 temperatur\u0119 i\u00a0nawet najmniejszy przymrozek jest dla niej zab\u00f3jczy. Z\u00a0tego wzgl\u0119du wysiew lub sadzenie bazylii w\u00a0ogrodzie s\u0105 mo\u017cliwe dopiero w\u00a0drugiej po\u0142owie maja.<\/li>\n<\/ul>\n<p><b>\u2705 Cechy og\u00f3lne odmiany: <\/b><\/p>\n<p>bazylia zielona GENOVESE ma wzniesiony pokr\u00f3j, jej proste, nagie, czworok\u0105tne \u0142odygi rozga\u0142\u0119ziaj\u0105 si\u0119 u\u00a0podstawy. Li\u015bcie bazylii s\u0105 jajowate, lekko b\u0142yszcz\u0105ce, o\u00a0d\u0142ugo\u015bci do 5cm. Na spodniej stronie li\u015bci znajduj\u0105 si\u0119 gruczo\u0142ki zawieraj\u0105ce olejki eteryczne.<\/p>\n<ul>\n<li>Odmiana ta stanowi <b>doskona\u0142\u0105 przypraw\u0119<\/b> do sa\u0142atek, pizz, zup, sos\u00f3w, drobiu, ryb i pomidor\u00f3w.<\/li>\n<li><b>Poprawia trawienie<\/b>, zapobiega wzd\u0119ciom, pobudza wydzielanie sok\u00f3w trawiennych, dzia\u0142a przeciwbakteryjnie i przeciwzapalnie.<\/li>\n<li>Ma r\u00f3wnie\u017c dzia\u0142anie przeciwdepresyjne, uspokajaj\u0105ce, pomaga zwalczy\u0107 bezsenno\u015b\u0107, zmniejsza nadpobudliwo\u015b\u0107. Dzia\u0142a podobnie jak melisa.<\/li>\n<li>Olejki eteryczne takie jak estragol, linalol, cyneol, eugenol, sabinene, mircen i\u00a0limonen maj\u0105 dzia\u0142anie bakteriob\u00f3jcze (nawet wobec bakterii antybiotykoopornych).<\/li>\n<\/ul>\n<\/section><\/div>\n<\/section>\n<section class=\"section\">\n<div class=\"item item-12\">\n<section class=\"image-item\">\n            <img decoding=\"async\" src=\"https:\/\/upload.cdn.baselinker.com\/products\/14476\/60f2d2064a6bf402900fc8757897b08b.jpg\" \/><br \/>\n        <\/section>\n<\/p><\/div>\n<\/section>\n<section class=\"section\">\n<div class=\"item item-12\">\n<section class=\"text-item\">\n<h2>\u2705 Kupuj\u0105c u nas zyskujesz wi\u0119cej nasion!<\/h2>\n<p>Zwr\u00f3ci\u0107 uwag\u0119 na mas\u0119 nasion w torebce! Cz\u0119sto ta\u0144sze oferty zawieraj\u0105 jedynie kilka nasion, dlatego bardziej op\u0142acalny jest zakup wi\u0119kszej masy nasion w opakowaniu, kt\u00f3re w przeliczeniu ceny i wagi mog\u0105 okaza\u0107 si\u0119 tak naprawd\u0119 ta\u0144sze!<\/p>\n<ul>\n<li>Kupuj\u0105c wi\u0119ksze opakowanie z<b> jednej paczuszki mo\u017cesz uzyska\u0107 wi\u0119ksz\u0105 liczb\u0119 rozsad<\/b>, przy mniejszym nak\u0142adzie finansowym!<\/li>\n<\/ul>\n<\/section><\/div>\n<\/section>\n<section class=\"section\">\n<div class=\"item item-12\">\n<section class=\"text-item\">\n<h1>WI\u0118KSZE OPAKOWANIE = WI\u0118CEJ NASION = LEPSZA CENA<\/h1>\n<\/section><\/div>\n<\/section>\n<section class=\"section\">\n<div class=\"item item-12\">\n<section class=\"image-item\">\n            <img decoding=\"async\" src=\"https:\/\/upload.cdn.baselinker.com\/products\/14476\/9baf6b49d74640d24b9727d1166be95b.jpg\" \/><br \/>\n        <\/section>\n<\/p><\/div>\n<\/section>\n<section class=\"section\">\n<div class=\"item item-12\">\n<section class=\"text-item\">\n<h1>Kup sprawdzone nasiona!<\/h1>\n<ul>\n<li>Nasiona renomowanego<b> POLSKIEGO PRODUCENTA<\/b>!<\/li>\n<li>Sklep wpisany do rejestru i podlegaj\u0105cy pod Wojew\u00f3dzki Inspektorat Ochrony Ro\u015blin i Nasiennictwa.<\/li>\n<li>Ka\u017cda torebka nasion posiada <b>PASZPORT RO\u015aLINY, <\/b>kt\u00f3ry jest gwarancj\u0105, \u017ce nasiona zosta\u0142y skontrolowane\u00a0 i s\u0105 wolne od organizm\u00f3w szkodliwych.<\/li>\n<li>Nasiona, z kt\u00f3rych wyrosn\u0105 Twoje ro\u015bliny powsta\u0142y w tradycyjnej hodowli <b>bez udzia\u0142u genetycznej modyfikacji (BEZ GMO!!! ).<\/b><\/li>\n<\/ul>\n<\/section><\/div>\n<\/section>\n<section class=\"section\">\n<div class=\"item item-12\">\n<section class=\"image-item\">\n            <img decoding=\"async\" src=\"https:\/\/upload.cdn.baselinker.com\/products\/14476\/b0bfb4a2720ae03af2186dbcc7322ae5.png\" \/><br \/>\n        <\/section>\n<\/p><\/div>\n<\/section>\n<section class=\"section\">\n<div class=\"item item-12\">\n<section class=\"text-item\">\n<h1>Ju\u017c nied\u0142ugo puste grz\u0105dki zape\u0142ni\u0105 si\u0119 aromatycznymi zio\u0142ami!<\/h1>\n<p>\u2705 <b>Wyhoduj w\u0142asne zio\u0142a<\/b>, kt\u00f3re b\u0119d\u0105 zdrowe i ekologiczne. Spraw, \u017ce z ka\u017cdego nasionka wyro\u015bnie upragnione ro\u015blina. Zio\u0142a b\u0119d\u0105 Ci s\u0142u\u017cy\u0107 jako <b>dodatek do potraw lub element domowej apteczki.<\/b><\/p>\n<p>\u2705 Samodzielna uprawa zi\u00f3\u0142 to<b> gwarancja, \u017ce ro\u015bliny s\u0105 zdrowe<\/b>, nie zawieraj\u0105 pestycyd\u00f3w ani innych szkodliwych zwi\u0105zk\u00f3w chemicznych.<\/p>\n<\/section><\/div>\n<\/section>\n<section class=\"section\">\n<div class=\"item item-12\">\n<section class=\"image-item\">\n            <img decoding=\"async\" src=\"https:\/\/upload.cdn.baselinker.com\/products\/14476\/a9f0d9ff6fed9a12c69f7c126034a769.jpg\" \/><br \/>\n        <\/section>\n<\/p><\/div>\n<\/section>\n","protected":false},"excerpt":{"rendered":"<p>BAZYLIA W\u0141A\u015aCIWA ZIELONA GENOVESE NASIONA BEZ GMO \u2705 Informacje og\u00f3lne: Gatunek: Bazylia w\u0142a\u015bciwa zielona GENOVESE Liczba nasion: 600 szt. w gramie Opakowanie: 1 g Stw\u00f3rz swoj\u0105 zio\u0142ow\u0105 rabat\u0119 i wype\u0142nij sw\u00f3j ogr\u00f3d aromatem zi\u00f3\u0142! BAZYLIA W\u0141A\u015aCIWA ZIELONA GENOVESE- nasiona Bazylia &#8222;GENOVESE&#8221; to ro\u015blina jednoroczna. Uprawia si\u0119 j\u0105 z rozsady lub z siewu wprost do gruntu.<br \/><a class=\"more-link\" href=\"https:\/\/bobimarket.pl\/index.php\/produkt\/bazylia-wlasciwa-zielona-genovese-nasiona-bez-gmo\/\"><br \/>\n        Czytaj wi\u0119cej<span class=\"screen-reader-text\"> &#8222;BAZYLIA W\u0141A\u015aCIWA ZIELONA GENOVESE NASIONA BEZ GMO&#8221;<\/span><\/a><\/p>\n","protected":false},"featured_media":95601,"template":"","meta":[],"product_cat":[8342],"product_tag":[],"yoast_head":"<!-- This site is optimized with the Yoast SEO plugin v21.0 - https:\/\/yoast.com\/wordpress\/plugins\/seo\/ -->\n<title>BAZYLIA W\u0141A\u015aCIWA ZIELONA GENOVESE NASIONA BEZ GMO - BOBIMARKET.pl - Remontuj i urz\u0105dzaj z nami<\/title>\n<meta name=\"robots\" content=\"index, follow, max-snippet:-1, max-image-preview:large, max-video-preview:-1\" \/>\n<link rel=\"canonical\" href=\"https:\/\/bobimarket.pl\/index.php\/produkt\/bazylia-wlasciwa-zielona-genovese-nasiona-bez-gmo\/\" \/>\n<meta property=\"og:locale\" content=\"pl_PL\" \/>\n<meta property=\"og:type\" content=\"article\" \/>\n<meta property=\"og:title\" content=\"BAZYLIA W\u0141A\u015aCIWA ZIELONA GENOVESE NASIONA BEZ GMO - BOBIMARKET.pl - Remontuj i urz\u0105dzaj z nami\" \/>\n<meta property=\"og:description\" content=\"BAZYLIA W\u0141A\u015aCIWA ZIELONA GENOVESE NASIONA BEZ GMO \u2705 Informacje og\u00f3lne: Gatunek: Bazylia w\u0142a\u015bciwa zielona GENOVESE Liczba nasion: 600 szt. w gramie Opakowanie: 1 g Stw\u00f3rz swoj\u0105 zio\u0142ow\u0105 rabat\u0119 i wype\u0142nij sw\u00f3j ogr\u00f3d aromatem zi\u00f3\u0142! BAZYLIA W\u0141A\u015aCIWA ZIELONA GENOVESE- nasiona Bazylia &#8222;GENOVESE&#8221; to ro\u015blina jednoroczna. Uprawia si\u0119 j\u0105 z rozsady lub z siewu wprost do gruntu.     Czytaj wi\u0119cej &quot;BAZYLIA W\u0141A\u015aCIWA ZIELONA GENOVESE NASIONA BEZ GMO&quot;\" \/>\n<meta property=\"og:url\" content=\"https:\/\/bobimarket.pl\/index.php\/produkt\/bazylia-wlasciwa-zielona-genovese-nasiona-bez-gmo\/\" \/>\n<meta property=\"og:site_name\" content=\"BOBIMARKET.pl - Remontuj i urz\u0105dzaj z nami\" \/>\n<meta property=\"article:modified_time\" content=\"2025-02-27T16:19:15+00:00\" \/>\n<meta property=\"og:image\" content=\"https:\/\/upload.cdn.baselinker.com\/products\/14476\/c81b460f41b2023c9591cf15c3059e6e.jpg\" \/>\n<meta name=\"twitter:card\" content=\"summary_large_image\" \/>\n<meta name=\"twitter:label1\" content=\"Szacowany czas czytania\" \/>\n\t<meta name=\"twitter:data1\" content=\"2 minuty\" \/>\n<script type=\"application\/ld+json\" class=\"yoast-schema-graph\">{\"@context\":\"https:\/\/schema.org\",\"@graph\":[{\"@type\":\"WebPage\",\"@id\":\"https:\/\/bobimarket.pl\/index.php\/produkt\/bazylia-wlasciwa-zielona-genovese-nasiona-bez-gmo\/\",\"url\":\"https:\/\/bobimarket.pl\/index.php\/produkt\/bazylia-wlasciwa-zielona-genovese-nasiona-bez-gmo\/\",\"name\":\"BAZYLIA W\u0141A\u015aCIWA ZIELONA GENOVESE NASIONA BEZ GMO - BOBIMARKET.pl - Remontuj i urz\u0105dzaj z nami\",\"isPartOf\":{\"@id\":\"https:\/\/bobimarket.pl\/#website\"},\"datePublished\":\"2023-08-30T10:42:37+00:00\",\"dateModified\":\"2025-02-27T16:19:15+00:00\",\"breadcrumb\":{\"@id\":\"https:\/\/bobimarket.pl\/index.php\/produkt\/bazylia-wlasciwa-zielona-genovese-nasiona-bez-gmo\/#breadcrumb\"},\"inLanguage\":\"pl-PL\",\"potentialAction\":[{\"@type\":\"ReadAction\",\"target\":[\"https:\/\/bobimarket.pl\/index.php\/produkt\/bazylia-wlasciwa-zielona-genovese-nasiona-bez-gmo\/\"]}]},{\"@type\":\"BreadcrumbList\",\"@id\":\"https:\/\/bobimarket.pl\/index.php\/produkt\/bazylia-wlasciwa-zielona-genovese-nasiona-bez-gmo\/#breadcrumb\",\"itemListElement\":[{\"@type\":\"ListItem\",\"position\":1,\"name\":\"Strona g\u0142\u00f3wna\",\"item\":\"https:\/\/bobimarket.pl\/\"},{\"@type\":\"ListItem\",\"position\":2,\"name\":\"Sklep\",\"item\":\"https:\/\/bobimarket.pl\/index.php\/shop\/\"},{\"@type\":\"ListItem\",\"position\":3,\"name\":\"BAZYLIA W\u0141A\u015aCIWA ZIELONA GENOVESE NASIONA BEZ GMO\"}]},{\"@type\":\"WebSite\",\"@id\":\"https:\/\/bobimarket.pl\/#website\",\"url\":\"https:\/\/bobimarket.pl\/\",\"name\":\"BOBIMARKET.pl - Remontuj i urz\u0105dzaj z nami\",\"description\":\"Remontuj i urz\u0105dzaj z nami\",\"publisher\":{\"@id\":\"https:\/\/bobimarket.pl\/#organization\"},\"potentialAction\":[{\"@type\":\"SearchAction\",\"target\":{\"@type\":\"EntryPoint\",\"urlTemplate\":\"https:\/\/bobimarket.pl\/?s={search_term_string}\"},\"query-input\":\"required name=search_term_string\"}],\"inLanguage\":\"pl-PL\"},{\"@type\":\"Organization\",\"@id\":\"https:\/\/bobimarket.pl\/#organization\",\"name\":\"BOBIMARKET.pl\",\"url\":\"https:\/\/bobimarket.pl\/\",\"logo\":{\"@type\":\"ImageObject\",\"inLanguage\":\"pl-PL\",\"@id\":\"https:\/\/bobimarket.pl\/#\/schema\/logo\/image\/\",\"url\":\"https:\/\/bobimarket.pl\/wp-content\/uploads\/2021\/11\/slogan.png\",\"contentUrl\":\"https:\/\/bobimarket.pl\/wp-content\/uploads\/2021\/11\/slogan.png\",\"width\":2000,\"height\":384,\"caption\":\"BOBIMARKET.pl\"},\"image\":{\"@id\":\"https:\/\/bobimarket.pl\/#\/schema\/logo\/image\/\"}}]}<\/script>\n<!-- \/ Yoast SEO plugin. -->","yoast_head_json":{"title":"BAZYLIA W\u0141A\u015aCIWA ZIELONA GENOVESE NASIONA BEZ GMO - BOBIMARKET.pl - Remontuj i urz\u0105dzaj z nami","robots":{"index":"index","follow":"follow","max-snippet":"max-snippet:-1","max-image-preview":"max-image-preview:large","max-video-preview":"max-video-preview:-1"},"canonical":"https:\/\/bobimarket.pl\/index.php\/produkt\/bazylia-wlasciwa-zielona-genovese-nasiona-bez-gmo\/","og_locale":"pl_PL","og_type":"article","og_title":"BAZYLIA W\u0141A\u015aCIWA ZIELONA GENOVESE NASIONA BEZ GMO - BOBIMARKET.pl - Remontuj i urz\u0105dzaj z nami","og_description":"BAZYLIA W\u0141A\u015aCIWA ZIELONA GENOVESE NASIONA BEZ GMO \u2705 Informacje og\u00f3lne: Gatunek: Bazylia w\u0142a\u015bciwa zielona GENOVESE Liczba nasion: 600 szt. w gramie Opakowanie: 1 g Stw\u00f3rz swoj\u0105 zio\u0142ow\u0105 rabat\u0119 i wype\u0142nij sw\u00f3j ogr\u00f3d aromatem zi\u00f3\u0142! BAZYLIA W\u0141A\u015aCIWA ZIELONA GENOVESE- nasiona Bazylia &#8222;GENOVESE&#8221; to ro\u015blina jednoroczna. Uprawia si\u0119 j\u0105 z rozsady lub z siewu wprost do gruntu.     Czytaj wi\u0119cej \"BAZYLIA W\u0141A\u015aCIWA ZIELONA GENOVESE NASIONA BEZ GMO\"","og_url":"https:\/\/bobimarket.pl\/index.php\/produkt\/bazylia-wlasciwa-zielona-genovese-nasiona-bez-gmo\/","og_site_name":"BOBIMARKET.pl - Remontuj i urz\u0105dzaj z nami","article_modified_time":"2025-02-27T16:19:15+00:00","og_image":[{"url":"https:\/\/upload.cdn.baselinker.com\/products\/14476\/c81b460f41b2023c9591cf15c3059e6e.jpg"}],"twitter_card":"summary_large_image","twitter_misc":{"Szacowany czas czytania":"2 minuty"},"schema":{"@context":"https:\/\/schema.org","@graph":[{"@type":"WebPage","@id":"https:\/\/bobimarket.pl\/index.php\/produkt\/bazylia-wlasciwa-zielona-genovese-nasiona-bez-gmo\/","url":"https:\/\/bobimarket.pl\/index.php\/produkt\/bazylia-wlasciwa-zielona-genovese-nasiona-bez-gmo\/","name":"BAZYLIA W\u0141A\u015aCIWA ZIELONA GENOVESE NASIONA BEZ GMO - BOBIMARKET.pl - Remontuj i urz\u0105dzaj z nami","isPartOf":{"@id":"https:\/\/bobimarket.pl\/#website"},"datePublished":"2023-08-30T10:42:37+00:00","dateModified":"2025-02-27T16:19:15+00:00","breadcrumb":{"@id":"https:\/\/bobimarket.pl\/index.php\/produkt\/bazylia-wlasciwa-zielona-genovese-nasiona-bez-gmo\/#breadcrumb"},"inLanguage":"pl-PL","potentialAction":[{"@type":"ReadAction","target":["https:\/\/bobimarket.pl\/index.php\/produkt\/bazylia-wlasciwa-zielona-genovese-nasiona-bez-gmo\/"]}]},{"@type":"BreadcrumbList","@id":"https:\/\/bobimarket.pl\/index.php\/produkt\/bazylia-wlasciwa-zielona-genovese-nasiona-bez-gmo\/#breadcrumb","itemListElement":[{"@type":"ListItem","position":1,"name":"Strona g\u0142\u00f3wna","item":"https:\/\/bobimarket.pl\/"},{"@type":"ListItem","position":2,"name":"Sklep","item":"https:\/\/bobimarket.pl\/index.php\/shop\/"},{"@type":"ListItem","position":3,"name":"BAZYLIA W\u0141A\u015aCIWA ZIELONA GENOVESE NASIONA BEZ GMO"}]},{"@type":"WebSite","@id":"https:\/\/bobimarket.pl\/#website","url":"https:\/\/bobimarket.pl\/","name":"BOBIMARKET.pl - Remontuj i urz\u0105dzaj z nami","description":"Remontuj i urz\u0105dzaj z nami","publisher":{"@id":"https:\/\/bobimarket.pl\/#organization"},"potentialAction":[{"@type":"SearchAction","target":{"@type":"EntryPoint","urlTemplate":"https:\/\/bobimarket.pl\/?s={search_term_string}"},"query-input":"required name=search_term_string"}],"inLanguage":"pl-PL"},{"@type":"Organization","@id":"https:\/\/bobimarket.pl\/#organization","name":"BOBIMARKET.pl","url":"https:\/\/bobimarket.pl\/","logo":{"@type":"ImageObject","inLanguage":"pl-PL","@id":"https:\/\/bobimarket.pl\/#\/schema\/logo\/image\/","url":"https:\/\/bobimarket.pl\/wp-content\/uploads\/2021\/11\/slogan.png","contentUrl":"https:\/\/bobimarket.pl\/wp-content\/uploads\/2021\/11\/slogan.png","width":2000,"height":384,"caption":"BOBIMARKET.pl"},"image":{"@id":"https:\/\/bobimarket.pl\/#\/schema\/logo\/image\/"}}]}},"_links":{"self":[{"href":"https:\/\/bobimarket.pl\/index.php\/wp-json\/wp\/v2\/product\/95613"}],"collection":[{"href":"https:\/\/bobimarket.pl\/index.php\/wp-json\/wp\/v2\/product"}],"about":[{"href":"https:\/\/bobimarket.pl\/index.php\/wp-json\/wp\/v2\/types\/product"}],"wp:featuredmedia":[{"embeddable":true,"href":"https:\/\/bobimarket.pl\/index.php\/wp-json\/wp\/v2\/media\/95601"}],"wp:attachment":[{"href":"https:\/\/bobimarket.pl\/index.php\/wp-json\/wp\/v2\/media?parent=95613"}],"wp:term":[{"taxonomy":"product_cat","embeddable":true,"href":"https:\/\/bobimarket.pl\/index.php\/wp-json\/wp\/v2\/product_cat?post=95613"},{"taxonomy":"product_tag","embeddable":true,"href":"https:\/\/bobimarket.pl\/index.php\/wp-json\/wp\/v2\/product_tag?post=95613"}],"curies":[{"name":"wp","href":"https:\/\/api.w.org\/{rel}","templated":true}]}}