{"id":95626,"date":"2023-08-30T10:43:40","date_gmt":"2023-08-30T10:43:40","guid":{"rendered":"https:\/\/bobimarket.pl\/index.php\/produkt\/czaber-ogrodowy-1g-wzbogaca-smak-nasiona-bez-gmo\/"},"modified":"2025-02-27T16:19:19","modified_gmt":"2025-02-27T16:19:19","slug":"czaber-ogrodowy-1g-wzbogaca-smak-nasiona-bez-gmo","status":"publish","type":"product","link":"https:\/\/bobimarket.pl\/index.php\/produkt\/czaber-ogrodowy-1g-wzbogaca-smak-nasiona-bez-gmo\/","title":{"rendered":"CZ\u0104BER OGRODOWY 1g WZBOGACA SMAK NASIONA BEZ GMO"},"content":{"rendered":"<section class=\"section\">\n<div class=\"item item-12\">\n<section class=\"text-item\">\n<h2>CZ\u0104BER OGRODOWY 1g WZBOGACA SMAK NASIONA BEZ GMO<\/h2>\n<p><b>\u2705 Informacje og\u00f3lne:<\/b><\/p>\n<ul>\n<li>Gatunek: <b>cz\u0105ber ogrodowy<\/b><\/li>\n<li>Liczba nasion: <b>1500 szt. w gramie <\/b><\/li>\n<li>Opakowanie: <b>1g<\/b><\/li>\n<\/ul>\n<h2>Stw\u00f3rz swoj\u0105 zio\u0142ow\u0105 rabat\u0119 i wype\u0142nij sw\u00f3j ogr\u00f3d aromatem zi\u00f3\u0142!<\/h2>\n<\/section><\/div>\n<\/section>\n<section class=\"section\">\n<div class=\"item item-12\">\n<section class=\"image-item\">\n            <img decoding=\"async\" src=\"https:\/\/upload.cdn.baselinker.com\/products\/14476\/934ba90c89acbcd2a73387bacb7bd9b2.jpg\" \/><br \/>\n        <\/section>\n<\/p><\/div>\n<\/section>\n<section class=\"section\">\n<div class=\"item item-12\">\n<section class=\"text-item\">\n<h2>CZ\u0104BER OGRODOWY- nasiona<\/h2>\n<p>Cz\u0105ber to ro\u015blina jednoroczna. Surowcem przyprawowym jest jej <b>ziele o silnym, korzennym zapachu i cierpkim smaku<\/b> &#8211; w stanie \u015bwie\u017cym i suszonym. Uprawiana z siewu p\u0142ytkiego wprost <b>do gruntu.<\/b> Nadaje si\u0119 do uprawy <b>na domowym parapecie. <\/b>Ro\u015blina po\u017cyteczna dla pszcz\u00f3\u0142.<\/p>\n<p><b>\u2705 Cechy og\u00f3lne odmiany: <\/b><\/p>\n<p>Ro\u015blina osi\u0105gaj\u0105ca wysoko\u015b\u0107 do 25cm, o\u00a0rozga\u0142\u0119zionym systemie korzeni i\u00a0krzaczastych, delikatnie kosmatych \u0142odygach. Ca\u0142a ro\u015blina jest wysoce aromatyczna. Surowcem jest jej ziele o\u00a0silnym, korzennym zapachu i\u00a0cierpkim smaku \u2013\u00a0w stanie \u015bwie\u017cym i\u00a0suszonym. Ziele zawiera 0,8-1,5% olejku lotnego, z\u0142o\u017conego z\u00a0karwakrolu i\u00a0cymenu oraz garbniki, \u017cywice i\u00a0\u015bluzy.<\/p>\n<ul>\n<li>Ma niewielkie wymagania klimatyczne.<\/li>\n<li>Potrzebuje gleb \u017cyznych.<\/li>\n<li>Lubi s\u0142oneczne stanowiska.<\/li>\n<\/ul>\n<p><b>\u2705 W\u0142a\u015bciwo\u015bci odmiany: <\/b><\/p>\n<ul>\n<li>Idealna do potraw z warzyw str\u0105czkowych, do zup, t\u0142ustych mi\u0119s i marynat.<\/li>\n<li>Wspomaga trawienie, dzia\u0142a bakteriob\u00f3jczo.<\/li>\n<li>Nawet dzisiaj, z\u00a0powodu jego ostrych olej\u00f3w, jest powszechnie stosowany w\u00a0pastach do z\u0119b\u00f3w i\u00a0myd\u0142ach.<\/li>\n<\/ul>\n<\/section><\/div>\n<\/section>\n<section class=\"section\">\n<div class=\"item item-12\">\n<section class=\"image-item\">\n            <img decoding=\"async\" src=\"https:\/\/upload.cdn.baselinker.com\/products\/14476\/de1a7c7f91205dc66d7653e02122f55f.jpg\" \/><br \/>\n        <\/section>\n<\/p><\/div>\n<\/section>\n<section class=\"section\">\n<div class=\"item item-12\">\n<section class=\"text-item\">\n<h2>\u2705 Kupuj\u0105c u nas zyskujesz wi\u0119cej nasion!<\/h2>\n<p>Zwr\u00f3ci\u0107 uwag\u0119 na mas\u0119 nasion w torebce! Cz\u0119sto ta\u0144sze oferty zawieraj\u0105 jedynie kilka nasion, dlatego bardziej op\u0142acalny jest zakup wi\u0119kszej masy nasion w opakowaniu, kt\u00f3re w przeliczeniu ceny i wagi mog\u0105 okaza\u0107 si\u0119 tak naprawd\u0119 ta\u0144sze!<\/p>\n<ul>\n<li>Kupuj\u0105c wi\u0119ksze opakowanie z<b> jednej paczuszki mo\u017cesz uzyska\u0107 wi\u0119ksz\u0105 liczb\u0119 rozsad<\/b>, przy mniejszym nak\u0142adzie finansowym!<\/li>\n<\/ul>\n<\/section><\/div>\n<\/section>\n<section class=\"section\">\n<div class=\"item item-12\">\n<section class=\"text-item\">\n<h1>WI\u0118KSZE OPAKOWANIE = WI\u0118CEJ NASION = LEPSZA CENA<\/h1>\n<\/section><\/div>\n<\/section>\n<section class=\"section\">\n<div class=\"item item-12\">\n<section class=\"image-item\">\n            <img decoding=\"async\" src=\"https:\/\/upload.cdn.baselinker.com\/products\/14476\/dfdb993930b43f7d1ffaf7a67a38fc10.jpg\" \/><br \/>\n        <\/section>\n<\/p><\/div>\n<\/section>\n<section class=\"section\">\n<div class=\"item item-12\">\n<section class=\"text-item\">\n<h1>Kup sprawdzone nasiona!<\/h1>\n<ul>\n<li>Nasiona renomowanego<b> POLSKIEGO PRODUCENTA<\/b>!<\/li>\n<li>Sklep wpisany do rejestru i podlegaj\u0105cy pod Wojew\u00f3dzki Inspektorat Ochrony Ro\u015blin i Nasiennictwa.<\/li>\n<li>Ka\u017cda torebka nasion posiada <b>PASZPORT RO\u015aLINY, <\/b>kt\u00f3ry jest gwarancj\u0105, \u017ce nasiona zosta\u0142y skontrolowane\u00a0 i s\u0105 wolne od organizm\u00f3w szkodliwych.<\/li>\n<li>Nasiona, z kt\u00f3rych wyrosn\u0105 Twoje ro\u015bliny powsta\u0142y w tradycyjnej hodowli <b>bez udzia\u0142u genetycznej modyfikacji (BEZ GMO!!! ).<\/b><\/li>\n<\/ul>\n<\/section><\/div>\n<\/section>\n<section class=\"section\">\n<div class=\"item item-12\">\n<section class=\"image-item\">\n            <img decoding=\"async\" src=\"https:\/\/upload.cdn.baselinker.com\/products\/14476\/79ccf2a5d9eb13ceb09b7df90d536b20.png\" \/><br \/>\n        <\/section>\n<\/p><\/div>\n<\/section>\n<section class=\"section\">\n<div class=\"item item-12\">\n<section class=\"text-item\">\n<h1>Ju\u017c nied\u0142ugo puste grz\u0105dki zape\u0142ni\u0105 si\u0119 aromatycznymi zio\u0142ami!<\/h1>\n<p>\u2705 <b>Wyhoduj w\u0142asne zio\u0142a<\/b>, kt\u00f3re b\u0119d\u0105 zdrowe i ekologiczne. Spraw, \u017ce z ka\u017cdego nasionka wyro\u015bnie upragnione ro\u015blina. Zio\u0142a b\u0119d\u0105 Ci s\u0142u\u017cy\u0107 jako <b>dodatek do potraw lub element domowej apteczki.<\/b><\/p>\n<p>\u2705 Samodzielna uprawa zi\u00f3\u0142 to<b> gwarancja, \u017ce ro\u015bliny s\u0105 zdrowe<\/b>, nie zawieraj\u0105 pestycyd\u00f3w ani innych szkodliwych zwi\u0105zk\u00f3w chemicznych.<\/p>\n<\/section><\/div>\n<\/section>\n<section class=\"section\">\n<div class=\"item item-12\">\n<section class=\"image-item\">\n            <img decoding=\"async\" src=\"https:\/\/upload.cdn.baselinker.com\/products\/14476\/d6f1a785121b71dbfc70f74ddcf62eaf.jpg\" \/><br \/>\n        <\/section>\n<\/p><\/div>\n<\/section>\n","protected":false},"excerpt":{"rendered":"<p>CZ\u0104BER OGRODOWY 1g WZBOGACA SMAK NASIONA BEZ GMO \u2705 Informacje og\u00f3lne: Gatunek: cz\u0105ber ogrodowy Liczba nasion: 1500 szt. w gramie Opakowanie: 1g Stw\u00f3rz swoj\u0105 zio\u0142ow\u0105 rabat\u0119 i wype\u0142nij sw\u00f3j ogr\u00f3d aromatem zi\u00f3\u0142! CZ\u0104BER OGRODOWY- nasiona Cz\u0105ber to ro\u015blina jednoroczna. Surowcem przyprawowym jest jej ziele o silnym, korzennym zapachu i cierpkim smaku &#8211; w stanie \u015bwie\u017cym<br \/><a class=\"more-link\" href=\"https:\/\/bobimarket.pl\/index.php\/produkt\/czaber-ogrodowy-1g-wzbogaca-smak-nasiona-bez-gmo\/\"><br \/>\n        Czytaj wi\u0119cej<span class=\"screen-reader-text\"> &#8222;CZ\u0104BER OGRODOWY 1g WZBOGACA SMAK NASIONA BEZ GMO&#8221;<\/span><\/a><\/p>\n","protected":false},"featured_media":95614,"template":"","meta":[],"product_cat":[8342],"product_tag":[],"yoast_head":"<!-- This site is optimized with the Yoast SEO plugin v21.0 - https:\/\/yoast.com\/wordpress\/plugins\/seo\/ -->\n<title>CZ\u0104BER OGRODOWY 1g WZBOGACA SMAK NASIONA BEZ GMO - BOBIMARKET.pl - Remontuj i urz\u0105dzaj z nami<\/title>\n<meta name=\"robots\" content=\"index, follow, max-snippet:-1, max-image-preview:large, max-video-preview:-1\" \/>\n<link rel=\"canonical\" href=\"https:\/\/bobimarket.pl\/index.php\/produkt\/czaber-ogrodowy-1g-wzbogaca-smak-nasiona-bez-gmo\/\" \/>\n<meta property=\"og:locale\" content=\"pl_PL\" \/>\n<meta property=\"og:type\" content=\"article\" \/>\n<meta property=\"og:title\" content=\"CZ\u0104BER OGRODOWY 1g WZBOGACA SMAK NASIONA BEZ GMO - BOBIMARKET.pl - Remontuj i urz\u0105dzaj z nami\" \/>\n<meta property=\"og:description\" content=\"CZ\u0104BER OGRODOWY 1g WZBOGACA SMAK NASIONA BEZ GMO \u2705 Informacje og\u00f3lne: Gatunek: cz\u0105ber ogrodowy Liczba nasion: 1500 szt. w gramie Opakowanie: 1g Stw\u00f3rz swoj\u0105 zio\u0142ow\u0105 rabat\u0119 i wype\u0142nij sw\u00f3j ogr\u00f3d aromatem zi\u00f3\u0142! CZ\u0104BER OGRODOWY- nasiona Cz\u0105ber to ro\u015blina jednoroczna. Surowcem przyprawowym jest jej ziele o silnym, korzennym zapachu i cierpkim smaku &#8211; w stanie \u015bwie\u017cym     Czytaj wi\u0119cej &quot;CZ\u0104BER OGRODOWY 1g WZBOGACA SMAK NASIONA BEZ GMO&quot;\" \/>\n<meta property=\"og:url\" content=\"https:\/\/bobimarket.pl\/index.php\/produkt\/czaber-ogrodowy-1g-wzbogaca-smak-nasiona-bez-gmo\/\" \/>\n<meta property=\"og:site_name\" content=\"BOBIMARKET.pl - Remontuj i urz\u0105dzaj z nami\" \/>\n<meta property=\"article:modified_time\" content=\"2025-02-27T16:19:19+00:00\" \/>\n<meta property=\"og:image\" content=\"https:\/\/upload.cdn.baselinker.com\/products\/14476\/934ba90c89acbcd2a73387bacb7bd9b2.jpg\" \/>\n<meta name=\"twitter:card\" content=\"summary_large_image\" \/>\n<meta name=\"twitter:label1\" content=\"Szacowany czas czytania\" \/>\n\t<meta name=\"twitter:data1\" content=\"2 minuty\" \/>\n<script type=\"application\/ld+json\" class=\"yoast-schema-graph\">{\"@context\":\"https:\/\/schema.org\",\"@graph\":[{\"@type\":\"WebPage\",\"@id\":\"https:\/\/bobimarket.pl\/index.php\/produkt\/czaber-ogrodowy-1g-wzbogaca-smak-nasiona-bez-gmo\/\",\"url\":\"https:\/\/bobimarket.pl\/index.php\/produkt\/czaber-ogrodowy-1g-wzbogaca-smak-nasiona-bez-gmo\/\",\"name\":\"CZ\u0104BER OGRODOWY 1g WZBOGACA SMAK NASIONA BEZ GMO - BOBIMARKET.pl - Remontuj i urz\u0105dzaj z nami\",\"isPartOf\":{\"@id\":\"https:\/\/bobimarket.pl\/#website\"},\"datePublished\":\"2023-08-30T10:43:40+00:00\",\"dateModified\":\"2025-02-27T16:19:19+00:00\",\"breadcrumb\":{\"@id\":\"https:\/\/bobimarket.pl\/index.php\/produkt\/czaber-ogrodowy-1g-wzbogaca-smak-nasiona-bez-gmo\/#breadcrumb\"},\"inLanguage\":\"pl-PL\",\"potentialAction\":[{\"@type\":\"ReadAction\",\"target\":[\"https:\/\/bobimarket.pl\/index.php\/produkt\/czaber-ogrodowy-1g-wzbogaca-smak-nasiona-bez-gmo\/\"]}]},{\"@type\":\"BreadcrumbList\",\"@id\":\"https:\/\/bobimarket.pl\/index.php\/produkt\/czaber-ogrodowy-1g-wzbogaca-smak-nasiona-bez-gmo\/#breadcrumb\",\"itemListElement\":[{\"@type\":\"ListItem\",\"position\":1,\"name\":\"Strona g\u0142\u00f3wna\",\"item\":\"https:\/\/bobimarket.pl\/\"},{\"@type\":\"ListItem\",\"position\":2,\"name\":\"Sklep\",\"item\":\"https:\/\/bobimarket.pl\/index.php\/shop\/\"},{\"@type\":\"ListItem\",\"position\":3,\"name\":\"CZ\u0104BER OGRODOWY 1g WZBOGACA SMAK NASIONA BEZ GMO\"}]},{\"@type\":\"WebSite\",\"@id\":\"https:\/\/bobimarket.pl\/#website\",\"url\":\"https:\/\/bobimarket.pl\/\",\"name\":\"BOBIMARKET.pl - Remontuj i urz\u0105dzaj z nami\",\"description\":\"Remontuj i urz\u0105dzaj z nami\",\"publisher\":{\"@id\":\"https:\/\/bobimarket.pl\/#organization\"},\"potentialAction\":[{\"@type\":\"SearchAction\",\"target\":{\"@type\":\"EntryPoint\",\"urlTemplate\":\"https:\/\/bobimarket.pl\/?s={search_term_string}\"},\"query-input\":\"required name=search_term_string\"}],\"inLanguage\":\"pl-PL\"},{\"@type\":\"Organization\",\"@id\":\"https:\/\/bobimarket.pl\/#organization\",\"name\":\"BOBIMARKET.pl\",\"url\":\"https:\/\/bobimarket.pl\/\",\"logo\":{\"@type\":\"ImageObject\",\"inLanguage\":\"pl-PL\",\"@id\":\"https:\/\/bobimarket.pl\/#\/schema\/logo\/image\/\",\"url\":\"https:\/\/bobimarket.pl\/wp-content\/uploads\/2021\/11\/slogan.png\",\"contentUrl\":\"https:\/\/bobimarket.pl\/wp-content\/uploads\/2021\/11\/slogan.png\",\"width\":2000,\"height\":384,\"caption\":\"BOBIMARKET.pl\"},\"image\":{\"@id\":\"https:\/\/bobimarket.pl\/#\/schema\/logo\/image\/\"}}]}<\/script>\n<!-- \/ Yoast SEO plugin. -->","yoast_head_json":{"title":"CZ\u0104BER OGRODOWY 1g WZBOGACA SMAK NASIONA BEZ GMO - BOBIMARKET.pl - Remontuj i urz\u0105dzaj z nami","robots":{"index":"index","follow":"follow","max-snippet":"max-snippet:-1","max-image-preview":"max-image-preview:large","max-video-preview":"max-video-preview:-1"},"canonical":"https:\/\/bobimarket.pl\/index.php\/produkt\/czaber-ogrodowy-1g-wzbogaca-smak-nasiona-bez-gmo\/","og_locale":"pl_PL","og_type":"article","og_title":"CZ\u0104BER OGRODOWY 1g WZBOGACA SMAK NASIONA BEZ GMO - BOBIMARKET.pl - Remontuj i urz\u0105dzaj z nami","og_description":"CZ\u0104BER OGRODOWY 1g WZBOGACA SMAK NASIONA BEZ GMO \u2705 Informacje og\u00f3lne: Gatunek: cz\u0105ber ogrodowy Liczba nasion: 1500 szt. w gramie Opakowanie: 1g Stw\u00f3rz swoj\u0105 zio\u0142ow\u0105 rabat\u0119 i wype\u0142nij sw\u00f3j ogr\u00f3d aromatem zi\u00f3\u0142! CZ\u0104BER OGRODOWY- nasiona Cz\u0105ber to ro\u015blina jednoroczna. Surowcem przyprawowym jest jej ziele o silnym, korzennym zapachu i cierpkim smaku &#8211; w stanie \u015bwie\u017cym     Czytaj wi\u0119cej \"CZ\u0104BER OGRODOWY 1g WZBOGACA SMAK NASIONA BEZ GMO\"","og_url":"https:\/\/bobimarket.pl\/index.php\/produkt\/czaber-ogrodowy-1g-wzbogaca-smak-nasiona-bez-gmo\/","og_site_name":"BOBIMARKET.pl - Remontuj i urz\u0105dzaj z nami","article_modified_time":"2025-02-27T16:19:19+00:00","og_image":[{"url":"https:\/\/upload.cdn.baselinker.com\/products\/14476\/934ba90c89acbcd2a73387bacb7bd9b2.jpg"}],"twitter_card":"summary_large_image","twitter_misc":{"Szacowany czas czytania":"2 minuty"},"schema":{"@context":"https:\/\/schema.org","@graph":[{"@type":"WebPage","@id":"https:\/\/bobimarket.pl\/index.php\/produkt\/czaber-ogrodowy-1g-wzbogaca-smak-nasiona-bez-gmo\/","url":"https:\/\/bobimarket.pl\/index.php\/produkt\/czaber-ogrodowy-1g-wzbogaca-smak-nasiona-bez-gmo\/","name":"CZ\u0104BER OGRODOWY 1g WZBOGACA SMAK NASIONA BEZ GMO - BOBIMARKET.pl - Remontuj i urz\u0105dzaj z nami","isPartOf":{"@id":"https:\/\/bobimarket.pl\/#website"},"datePublished":"2023-08-30T10:43:40+00:00","dateModified":"2025-02-27T16:19:19+00:00","breadcrumb":{"@id":"https:\/\/bobimarket.pl\/index.php\/produkt\/czaber-ogrodowy-1g-wzbogaca-smak-nasiona-bez-gmo\/#breadcrumb"},"inLanguage":"pl-PL","potentialAction":[{"@type":"ReadAction","target":["https:\/\/bobimarket.pl\/index.php\/produkt\/czaber-ogrodowy-1g-wzbogaca-smak-nasiona-bez-gmo\/"]}]},{"@type":"BreadcrumbList","@id":"https:\/\/bobimarket.pl\/index.php\/produkt\/czaber-ogrodowy-1g-wzbogaca-smak-nasiona-bez-gmo\/#breadcrumb","itemListElement":[{"@type":"ListItem","position":1,"name":"Strona g\u0142\u00f3wna","item":"https:\/\/bobimarket.pl\/"},{"@type":"ListItem","position":2,"name":"Sklep","item":"https:\/\/bobimarket.pl\/index.php\/shop\/"},{"@type":"ListItem","position":3,"name":"CZ\u0104BER OGRODOWY 1g WZBOGACA SMAK NASIONA BEZ GMO"}]},{"@type":"WebSite","@id":"https:\/\/bobimarket.pl\/#website","url":"https:\/\/bobimarket.pl\/","name":"BOBIMARKET.pl - Remontuj i urz\u0105dzaj z nami","description":"Remontuj i urz\u0105dzaj z nami","publisher":{"@id":"https:\/\/bobimarket.pl\/#organization"},"potentialAction":[{"@type":"SearchAction","target":{"@type":"EntryPoint","urlTemplate":"https:\/\/bobimarket.pl\/?s={search_term_string}"},"query-input":"required name=search_term_string"}],"inLanguage":"pl-PL"},{"@type":"Organization","@id":"https:\/\/bobimarket.pl\/#organization","name":"BOBIMARKET.pl","url":"https:\/\/bobimarket.pl\/","logo":{"@type":"ImageObject","inLanguage":"pl-PL","@id":"https:\/\/bobimarket.pl\/#\/schema\/logo\/image\/","url":"https:\/\/bobimarket.pl\/wp-content\/uploads\/2021\/11\/slogan.png","contentUrl":"https:\/\/bobimarket.pl\/wp-content\/uploads\/2021\/11\/slogan.png","width":2000,"height":384,"caption":"BOBIMARKET.pl"},"image":{"@id":"https:\/\/bobimarket.pl\/#\/schema\/logo\/image\/"}}]}},"_links":{"self":[{"href":"https:\/\/bobimarket.pl\/index.php\/wp-json\/wp\/v2\/product\/95626"}],"collection":[{"href":"https:\/\/bobimarket.pl\/index.php\/wp-json\/wp\/v2\/product"}],"about":[{"href":"https:\/\/bobimarket.pl\/index.php\/wp-json\/wp\/v2\/types\/product"}],"wp:featuredmedia":[{"embeddable":true,"href":"https:\/\/bobimarket.pl\/index.php\/wp-json\/wp\/v2\/media\/95614"}],"wp:attachment":[{"href":"https:\/\/bobimarket.pl\/index.php\/wp-json\/wp\/v2\/media?parent=95626"}],"wp:term":[{"taxonomy":"product_cat","embeddable":true,"href":"https:\/\/bobimarket.pl\/index.php\/wp-json\/wp\/v2\/product_cat?post=95626"},{"taxonomy":"product_tag","embeddable":true,"href":"https:\/\/bobimarket.pl\/index.php\/wp-json\/wp\/v2\/product_tag?post=95626"}],"curies":[{"name":"wp","href":"https:\/\/api.w.org\/{rel}","templated":true}]}}