{"id":95885,"date":"2023-08-30T11:03:08","date_gmt":"2023-08-30T11:03:08","guid":{"rendered":"https:\/\/bobimarket.pl\/index.php\/produkt\/zestaw-narzedzi-ogrodowych-do-roslin\/"},"modified":"2025-05-25T10:07:47","modified_gmt":"2025-05-25T10:07:47","slug":"zestaw-narzedzi-ogrodowych-do-roslin","status":"publish","type":"product","link":"https:\/\/bobimarket.pl\/index.php\/produkt\/zestaw-narzedzi-ogrodowych-do-roslin\/","title":{"rendered":"ZESTAW NARZ\u0118DZI OGRODOWYCH DO RO\u015aLIN"},"content":{"rendered":"<section class=\"section\">\n<div class=\"item item-12\">\n<section class=\"text-item\">\n<h1>ZESTAW NARZ\u0118DZI OGRODOWYCH DO RO\u015aLIN<\/h1>\n<p><b>Informacje og\u00f3lne:<\/b><\/p>\n<ul>\n<li>Materia\u0142:<b> tworzywo sztuczne<\/b><\/li>\n<li>Ilo\u015b\u0107 element\u00f3w w zestawie:<b> 54 elementy<\/b><\/li>\n<li>Sk\u0142ad kompletu: <b>pikownik i wide\u0142ki, drut ogrodniczy, tabliczki do oznaczania roslin i r\u00f3\u017cnego rodzaju opaski <\/b><\/li>\n<\/ul>\n<\/section><\/div>\n<\/section>\n<section class=\"section\">\n<div class=\"item item-12\">\n<section class=\"image-item\">\n            <img decoding=\"async\" src=\"https:\/\/upload.cdn.baselinker.com\/products\/14476\/eb0faf35b9156866da4d8c72dc4c4e72.jpg\" \/><br \/>\n        <\/section>\n<\/p><\/div>\n<\/section>\n<section class=\"section\">\n<div class=\"item item-12\">\n<section class=\"text-item\">\n<h2>Doskona\u0142y komplet mini gad\u017cet\u00f3w do pikowania i sadzenia ro\u015blin!<\/h2>\n<p>Zestaw <b>usprawni Twoj\u0105 prac\u0119<\/b> i sprawi, \u017ce wykonasz wszystkie czynno\u015bci sprawniej i szybciej. B\u0119dzie idealny do os\u00f3b, kt\u00f3re samodzielnie wysiewaj\u0105 nasiona i produkuj\u0105 rozsady na swoje rabatek. Narz\u0119dzie sprawdz\u0105 si\u0119 podczas <b>wysiewu nasion, pikowania oraz sadzenia ro\u015blin. <\/b>Opaski i drut ogrodniczy sprawdz\u0105 si\u0119 w p\u00f3\u017aniejszej piel\u0119gnacji ro\u015blin.<\/p>\n<p>Z pomoc\u0105 narz\u0119dzi <b>prace wymagaj\u0105ce du\u017cej precyzji i delikatno\u015bci wykonamy szybko i sprawnie<\/b>, nie brudz\u0105c sobie przy tym r\u0105k. Pikownik oraz wide\u0142ki u\u0142atwi\u0105 wykonywanie otwor\u00f3w w pod\u0142o\u017cu, przenoszenie, pikowanie i przysypywanie ziemi\u0105 sadzonek. Dzi\u0119ki r\u00f3\u017cnego rodzaju spink\u0105 przymocujesz ro\u015blin\u0119 do tyczki, pergoli, lub podp\u00f3rki, a tabliczki w \u0142atwy spos\u00f3b pomog\u0105 w rozpoznaniu gdzie zosta\u0142a posadzona jaka ro\u015blina.<\/p>\n<p><b>\u2705 Zestaw wykonany zosta\u0142 z wysokiej jako\u015bci tworzywa sztucznego, dzi\u0119ki czemu jest trwa\u0142y i b\u0119dzie nam dobrze s\u0142u\u017cy\u0107 przez lata.<\/b><\/p>\n<ul>\n<li>Poszczeg\u00f3lne elementy zestawu zosta\u0142y wykonane z solidnego tworzywa. Narz\u0119dzi s\u0105 trwa\u0142e i b\u0119d\u0105 nam s\u0142u\u017cy\u0107 kilka sezon\u00f3w.<\/li>\n<li>Zestaw jest prosty, ale przy tym bardzo funkcjonalny. Zawiera wszystko co b\u0119dzie potrzebne do wysiewu nasiona oraz przesadzania delikatnych sadzonek.<\/li>\n<li>Zestaw jest \u0142atwy w czyszczeniu. Mo\u017cna go umy\u0107 pod bie\u017c\u0105c\u0105 wod\u0105 i pozby\u0107 si\u0119 resztek ziemi.<\/li>\n<\/ul>\n<\/section><\/div>\n<\/section>\n<section class=\"section\">\n<div class=\"item item-6\">\n<section class=\"image-item\">\n            <img decoding=\"async\" src=\"https:\/\/upload.cdn.baselinker.com\/products\/14476\/185da689a1f78220cfd6d4aff0a00597.jpg\" \/><br \/>\n        <\/section>\n<\/p><\/div>\n<div class=\"item item-6\">\n<section class=\"image-item\">\n            <img decoding=\"async\" src=\"https:\/\/upload.cdn.baselinker.com\/products\/14476\/8fd280f88a80c8b8ced4be87c9830bfd.jpg\" \/><br \/>\n        <\/section>\n<\/p><\/div>\n<\/section>\n<section class=\"section\">\n<div class=\"item item-12\">\n<section class=\"text-item\">\n<h2>Tej wiosny zadbaj o swoje ro\u015bliny z zestawem narz\u0119dzi ogrodowych!<\/h2>\n<p><b>\u2705<\/b> Z pomoc\u0105 <b>pikownikowi<\/b> szybko i sprawnie wykonasz do\u0142ki w ziemi. W wykonanych otworach z \u0142atwo\u015bci\u0105 zasadzisz delikatne sadzonki kwiat\u00f3w, warzyw lub krzew\u00f3w. <b>Wide\u0142ki z \u0142opatka<\/b> przydadz\u0105 si\u0119 natomiast przy przenoszeniu delikatnych sadzonek z doniczek do gruntu. Bez obaw przesadzi\u0107 sadzonki i ich nie uszkodzisz.<\/p>\n<p><b>\u2705<\/b> Uniwersalny drut i spinki ogrodowe doskonale nadaj\u0105 si\u0119 do podtrzymywania\u00a0<b>r\u00f3\u017cnego rodzaju\u00a0ro\u015blin i warzyw<\/b> hodowanych w ogrodach, na dzia\u0142kach itp..\u00a0Przydatna do uprawy ro\u015blin maj\u0105cych tendencj\u0119 do krzywienie si\u0119. <b>Chroni\u0105 delikatne p\u0119dy przed uszkodzeniem<\/b> jednocze\u015bnie pe\u0142ni\u0105c funkcj\u0119 dekoracyjn\u0105.Sprawdz\u0105 si\u0119 <b>w okresie wczesnego wzrostu<\/b> <b>ro\u015blin<\/b> lub aby pom\u00f3c im utrzyma\u0107 si\u0119 w stabilnej pozycji.<\/p>\n<\/section><\/div>\n<\/section>\n<section class=\"section\">\n<div class=\"item item-12\">\n<section class=\"image-item\">\n            <img decoding=\"async\" src=\"https:\/\/upload.cdn.baselinker.com\/products\/14476\/791a6e6416a13fe97f2aa25f438e908e.jpg\" \/><br \/>\n        <\/section>\n<\/p><\/div>\n<\/section>\n<section class=\"section\">\n<div class=\"item item-12\">\n<section class=\"text-item\">\n<p><b>\u2705 <\/b>Zlokalizuj konkretn\u0105 ro\u015blin\u0119 w Twoim ogrodzie za pomoc\u0105 tabliczki! Tabliczki do <b>opisywania w estetyczny spos\u00f3b<\/b> pozwalaj\u0105 uporz\u0105dkowa\u0107 uprawy kwiat\u00f3w, warzyw i zi\u00f3\u0142. Etykiety przeznaczone do naniesienia informacji o wysadzonych do gruntu lub doniczek ro\u015blinach. Informacje mo\u017cna na nich umieszcza\u0107 za pomoc\u0105 \u201emi\u0119kkiego\u201d o\u0142\u00f3wka zwyk\u0142ego, albo za pomoc\u0105 markera alkoholowego. Mo\u017cna r\u00f3wnie\u017c u\u017cy\u0107 naklejek samoprzylepnych o odpowiedniej wielko\u015bci.<\/p>\n<\/section><\/div>\n<\/section>\n<section class=\"section\">\n<div class=\"item item-12\">\n<section class=\"image-item\">\n            <img decoding=\"async\" src=\"https:\/\/upload.cdn.baselinker.com\/products\/14476\/2f6c9f7c9440e2d3ca762dc0d6b3a9ac.jpg\" \/><br \/>\n        <\/section>\n<\/p><\/div>\n<\/section>\n","protected":false},"excerpt":{"rendered":"<p>ZESTAW NARZ\u0118DZI OGRODOWYCH DO RO\u015aLIN Informacje og\u00f3lne: Materia\u0142: tworzywo sztuczne Ilo\u015b\u0107 element\u00f3w w zestawie: 54 elementy Sk\u0142ad kompletu: pikownik i wide\u0142ki, drut ogrodniczy, tabliczki do oznaczania roslin i r\u00f3\u017cnego rodzaju opaski Doskona\u0142y komplet mini gad\u017cet\u00f3w do pikowania i sadzenia ro\u015blin! Zestaw usprawni Twoj\u0105 prac\u0119 i sprawi, \u017ce wykonasz wszystkie czynno\u015bci sprawniej i szybciej. B\u0119dzie idealny<br \/><a class=\"more-link\" href=\"https:\/\/bobimarket.pl\/index.php\/produkt\/zestaw-narzedzi-ogrodowych-do-roslin\/\"><br \/>\n        Czytaj wi\u0119cej<span class=\"screen-reader-text\"> &#8222;ZESTAW NARZ\u0118DZI OGRODOWYCH DO RO\u015aLIN&#8221;<\/span><\/a><\/p>\n","protected":false},"featured_media":95877,"template":"","meta":[],"product_cat":[8306],"product_tag":[],"yoast_head":"<!-- This site is optimized with the Yoast SEO plugin v21.0 - https:\/\/yoast.com\/wordpress\/plugins\/seo\/ -->\n<title>ZESTAW NARZ\u0118DZI OGRODOWYCH DO RO\u015aLIN - BOBIMARKET.pl - Remontuj i urz\u0105dzaj z nami<\/title>\n<meta name=\"robots\" content=\"index, follow, max-snippet:-1, max-image-preview:large, max-video-preview:-1\" \/>\n<link rel=\"canonical\" href=\"https:\/\/bobimarket.pl\/index.php\/produkt\/zestaw-narzedzi-ogrodowych-do-roslin\/\" \/>\n<meta property=\"og:locale\" content=\"pl_PL\" \/>\n<meta property=\"og:type\" content=\"article\" \/>\n<meta property=\"og:title\" content=\"ZESTAW NARZ\u0118DZI OGRODOWYCH DO RO\u015aLIN - BOBIMARKET.pl - Remontuj i urz\u0105dzaj z nami\" \/>\n<meta property=\"og:description\" content=\"ZESTAW NARZ\u0118DZI OGRODOWYCH DO RO\u015aLIN Informacje og\u00f3lne: Materia\u0142: tworzywo sztuczne Ilo\u015b\u0107 element\u00f3w w zestawie: 54 elementy Sk\u0142ad kompletu: pikownik i wide\u0142ki, drut ogrodniczy, tabliczki do oznaczania roslin i r\u00f3\u017cnego rodzaju opaski Doskona\u0142y komplet mini gad\u017cet\u00f3w do pikowania i sadzenia ro\u015blin! Zestaw usprawni Twoj\u0105 prac\u0119 i sprawi, \u017ce wykonasz wszystkie czynno\u015bci sprawniej i szybciej. B\u0119dzie idealny     Czytaj wi\u0119cej &quot;ZESTAW NARZ\u0118DZI OGRODOWYCH DO RO\u015aLIN&quot;\" \/>\n<meta property=\"og:url\" content=\"https:\/\/bobimarket.pl\/index.php\/produkt\/zestaw-narzedzi-ogrodowych-do-roslin\/\" \/>\n<meta property=\"og:site_name\" content=\"BOBIMARKET.pl - Remontuj i urz\u0105dzaj z nami\" \/>\n<meta property=\"article:modified_time\" content=\"2025-05-25T10:07:47+00:00\" \/>\n<meta property=\"og:image\" content=\"https:\/\/upload.cdn.baselinker.com\/products\/14476\/eb0faf35b9156866da4d8c72dc4c4e72.jpg\" \/>\n<meta name=\"twitter:card\" content=\"summary_large_image\" \/>\n<meta name=\"twitter:label1\" content=\"Szacowany czas czytania\" \/>\n\t<meta name=\"twitter:data1\" content=\"2 minuty\" \/>\n<script type=\"application\/ld+json\" class=\"yoast-schema-graph\">{\"@context\":\"https:\/\/schema.org\",\"@graph\":[{\"@type\":\"WebPage\",\"@id\":\"https:\/\/bobimarket.pl\/index.php\/produkt\/zestaw-narzedzi-ogrodowych-do-roslin\/\",\"url\":\"https:\/\/bobimarket.pl\/index.php\/produkt\/zestaw-narzedzi-ogrodowych-do-roslin\/\",\"name\":\"ZESTAW NARZ\u0118DZI OGRODOWYCH DO RO\u015aLIN - BOBIMARKET.pl - Remontuj i urz\u0105dzaj z nami\",\"isPartOf\":{\"@id\":\"https:\/\/bobimarket.pl\/#website\"},\"datePublished\":\"2023-08-30T11:03:08+00:00\",\"dateModified\":\"2025-05-25T10:07:47+00:00\",\"breadcrumb\":{\"@id\":\"https:\/\/bobimarket.pl\/index.php\/produkt\/zestaw-narzedzi-ogrodowych-do-roslin\/#breadcrumb\"},\"inLanguage\":\"pl-PL\",\"potentialAction\":[{\"@type\":\"ReadAction\",\"target\":[\"https:\/\/bobimarket.pl\/index.php\/produkt\/zestaw-narzedzi-ogrodowych-do-roslin\/\"]}]},{\"@type\":\"BreadcrumbList\",\"@id\":\"https:\/\/bobimarket.pl\/index.php\/produkt\/zestaw-narzedzi-ogrodowych-do-roslin\/#breadcrumb\",\"itemListElement\":[{\"@type\":\"ListItem\",\"position\":1,\"name\":\"Strona g\u0142\u00f3wna\",\"item\":\"https:\/\/bobimarket.pl\/\"},{\"@type\":\"ListItem\",\"position\":2,\"name\":\"Sklep\",\"item\":\"https:\/\/bobimarket.pl\/index.php\/shop\/\"},{\"@type\":\"ListItem\",\"position\":3,\"name\":\"ZESTAW NARZ\u0118DZI OGRODOWYCH DO RO\u015aLIN\"}]},{\"@type\":\"WebSite\",\"@id\":\"https:\/\/bobimarket.pl\/#website\",\"url\":\"https:\/\/bobimarket.pl\/\",\"name\":\"BOBIMARKET.pl - Remontuj i urz\u0105dzaj z nami\",\"description\":\"Remontuj i urz\u0105dzaj z nami\",\"publisher\":{\"@id\":\"https:\/\/bobimarket.pl\/#organization\"},\"potentialAction\":[{\"@type\":\"SearchAction\",\"target\":{\"@type\":\"EntryPoint\",\"urlTemplate\":\"https:\/\/bobimarket.pl\/?s={search_term_string}\"},\"query-input\":\"required name=search_term_string\"}],\"inLanguage\":\"pl-PL\"},{\"@type\":\"Organization\",\"@id\":\"https:\/\/bobimarket.pl\/#organization\",\"name\":\"BOBIMARKET.pl\",\"url\":\"https:\/\/bobimarket.pl\/\",\"logo\":{\"@type\":\"ImageObject\",\"inLanguage\":\"pl-PL\",\"@id\":\"https:\/\/bobimarket.pl\/#\/schema\/logo\/image\/\",\"url\":\"https:\/\/bobimarket.pl\/wp-content\/uploads\/2021\/11\/slogan.png\",\"contentUrl\":\"https:\/\/bobimarket.pl\/wp-content\/uploads\/2021\/11\/slogan.png\",\"width\":2000,\"height\":384,\"caption\":\"BOBIMARKET.pl\"},\"image\":{\"@id\":\"https:\/\/bobimarket.pl\/#\/schema\/logo\/image\/\"}}]}<\/script>\n<!-- \/ Yoast SEO plugin. -->","yoast_head_json":{"title":"ZESTAW NARZ\u0118DZI OGRODOWYCH DO RO\u015aLIN - BOBIMARKET.pl - Remontuj i urz\u0105dzaj z nami","robots":{"index":"index","follow":"follow","max-snippet":"max-snippet:-1","max-image-preview":"max-image-preview:large","max-video-preview":"max-video-preview:-1"},"canonical":"https:\/\/bobimarket.pl\/index.php\/produkt\/zestaw-narzedzi-ogrodowych-do-roslin\/","og_locale":"pl_PL","og_type":"article","og_title":"ZESTAW NARZ\u0118DZI OGRODOWYCH DO RO\u015aLIN - BOBIMARKET.pl - Remontuj i urz\u0105dzaj z nami","og_description":"ZESTAW NARZ\u0118DZI OGRODOWYCH DO RO\u015aLIN Informacje og\u00f3lne: Materia\u0142: tworzywo sztuczne Ilo\u015b\u0107 element\u00f3w w zestawie: 54 elementy Sk\u0142ad kompletu: pikownik i wide\u0142ki, drut ogrodniczy, tabliczki do oznaczania roslin i r\u00f3\u017cnego rodzaju opaski Doskona\u0142y komplet mini gad\u017cet\u00f3w do pikowania i sadzenia ro\u015blin! Zestaw usprawni Twoj\u0105 prac\u0119 i sprawi, \u017ce wykonasz wszystkie czynno\u015bci sprawniej i szybciej. B\u0119dzie idealny     Czytaj wi\u0119cej \"ZESTAW NARZ\u0118DZI OGRODOWYCH DO RO\u015aLIN\"","og_url":"https:\/\/bobimarket.pl\/index.php\/produkt\/zestaw-narzedzi-ogrodowych-do-roslin\/","og_site_name":"BOBIMARKET.pl - Remontuj i urz\u0105dzaj z nami","article_modified_time":"2025-05-25T10:07:47+00:00","og_image":[{"url":"https:\/\/upload.cdn.baselinker.com\/products\/14476\/eb0faf35b9156866da4d8c72dc4c4e72.jpg"}],"twitter_card":"summary_large_image","twitter_misc":{"Szacowany czas czytania":"2 minuty"},"schema":{"@context":"https:\/\/schema.org","@graph":[{"@type":"WebPage","@id":"https:\/\/bobimarket.pl\/index.php\/produkt\/zestaw-narzedzi-ogrodowych-do-roslin\/","url":"https:\/\/bobimarket.pl\/index.php\/produkt\/zestaw-narzedzi-ogrodowych-do-roslin\/","name":"ZESTAW NARZ\u0118DZI OGRODOWYCH DO RO\u015aLIN - BOBIMARKET.pl - Remontuj i urz\u0105dzaj z nami","isPartOf":{"@id":"https:\/\/bobimarket.pl\/#website"},"datePublished":"2023-08-30T11:03:08+00:00","dateModified":"2025-05-25T10:07:47+00:00","breadcrumb":{"@id":"https:\/\/bobimarket.pl\/index.php\/produkt\/zestaw-narzedzi-ogrodowych-do-roslin\/#breadcrumb"},"inLanguage":"pl-PL","potentialAction":[{"@type":"ReadAction","target":["https:\/\/bobimarket.pl\/index.php\/produkt\/zestaw-narzedzi-ogrodowych-do-roslin\/"]}]},{"@type":"BreadcrumbList","@id":"https:\/\/bobimarket.pl\/index.php\/produkt\/zestaw-narzedzi-ogrodowych-do-roslin\/#breadcrumb","itemListElement":[{"@type":"ListItem","position":1,"name":"Strona g\u0142\u00f3wna","item":"https:\/\/bobimarket.pl\/"},{"@type":"ListItem","position":2,"name":"Sklep","item":"https:\/\/bobimarket.pl\/index.php\/shop\/"},{"@type":"ListItem","position":3,"name":"ZESTAW NARZ\u0118DZI OGRODOWYCH DO RO\u015aLIN"}]},{"@type":"WebSite","@id":"https:\/\/bobimarket.pl\/#website","url":"https:\/\/bobimarket.pl\/","name":"BOBIMARKET.pl - Remontuj i urz\u0105dzaj z nami","description":"Remontuj i urz\u0105dzaj z nami","publisher":{"@id":"https:\/\/bobimarket.pl\/#organization"},"potentialAction":[{"@type":"SearchAction","target":{"@type":"EntryPoint","urlTemplate":"https:\/\/bobimarket.pl\/?s={search_term_string}"},"query-input":"required name=search_term_string"}],"inLanguage":"pl-PL"},{"@type":"Organization","@id":"https:\/\/bobimarket.pl\/#organization","name":"BOBIMARKET.pl","url":"https:\/\/bobimarket.pl\/","logo":{"@type":"ImageObject","inLanguage":"pl-PL","@id":"https:\/\/bobimarket.pl\/#\/schema\/logo\/image\/","url":"https:\/\/bobimarket.pl\/wp-content\/uploads\/2021\/11\/slogan.png","contentUrl":"https:\/\/bobimarket.pl\/wp-content\/uploads\/2021\/11\/slogan.png","width":2000,"height":384,"caption":"BOBIMARKET.pl"},"image":{"@id":"https:\/\/bobimarket.pl\/#\/schema\/logo\/image\/"}}]}},"_links":{"self":[{"href":"https:\/\/bobimarket.pl\/index.php\/wp-json\/wp\/v2\/product\/95885"}],"collection":[{"href":"https:\/\/bobimarket.pl\/index.php\/wp-json\/wp\/v2\/product"}],"about":[{"href":"https:\/\/bobimarket.pl\/index.php\/wp-json\/wp\/v2\/types\/product"}],"wp:featuredmedia":[{"embeddable":true,"href":"https:\/\/bobimarket.pl\/index.php\/wp-json\/wp\/v2\/media\/95877"}],"wp:attachment":[{"href":"https:\/\/bobimarket.pl\/index.php\/wp-json\/wp\/v2\/media?parent=95885"}],"wp:term":[{"taxonomy":"product_cat","embeddable":true,"href":"https:\/\/bobimarket.pl\/index.php\/wp-json\/wp\/v2\/product_cat?post=95885"},{"taxonomy":"product_tag","embeddable":true,"href":"https:\/\/bobimarket.pl\/index.php\/wp-json\/wp\/v2\/product_tag?post=95885"}],"curies":[{"name":"wp","href":"https:\/\/api.w.org\/{rel}","templated":true}]}}