{"id":95910,"date":"2023-08-30T11:04:30","date_gmt":"2023-08-30T11:04:30","guid":{"rendered":"https:\/\/bobimarket.pl\/index.php\/produkt\/prowadnica-do-koronek-otwornic-przyssawki-przymiar\/"},"modified":"2025-02-27T16:21:22","modified_gmt":"2025-02-27T16:21:22","slug":"prowadnica-do-koronek-otwornic-przyssawki-przymiar","status":"publish","type":"product","link":"https:\/\/bobimarket.pl\/index.php\/produkt\/prowadnica-do-koronek-otwornic-przyssawki-przymiar\/","title":{"rendered":"PROWADNICA DO KORONEK OTWORNIC  PRZYSSAWKI PRZYMIAR"},"content":{"rendered":"<section class=\"section\">\n<div class=\"item item-12\">\n<section class=\"text-item\">\n<h2>PROWADNICA DO KORONEK OTWORNIC\u00a0 PRZYSSAWKA PRZYMIAR<\/h2>\n<p><b>Informacje og\u00f3lne:<\/b><\/p>\n<ul>\n<li>Zakres rozmiary otwornic: <b>22-80 mm<\/b><\/li>\n<li>Rodzaj:<b> prowadnica do otwornic diamentowych <\/b><\/li>\n<li><b>4 \u0142o\u017cyska <\/b><\/li>\n<li><b>1 przyssawka mocuj\u0105ca <\/b><\/li>\n<\/ul>\n<\/section><\/div>\n<\/section>\n<section class=\"section\">\n<div class=\"item item-12\">\n<section class=\"image-item\">\n            <img decoding=\"async\" src=\"https:\/\/upload.cdn.baselinker.com\/products\/14476\/a6771157ad3b639afe80dfe7cb57b329.jpg\" \/><br \/>\n        <\/section>\n<\/p><\/div>\n<\/section>\n<section class=\"section\">\n<div class=\"item item-12\">\n<section class=\"text-item\">\n<h2>Przydatny element podczas pracy z koronkami diamentowymi!<\/h2>\n<p>Solidna i praktyczna prowadnica do otwornic. Zabezpiecza przed po\u015blizgiem otwornicy na powierzchni, gdzie wykonywany jest otw\u00f3r.Narz\u0119dzie u\u0142atwia wykonywanie otwor\u00f3w\u00a0za pomoc\u0105 otwornic w <b>p\u0142ytkach ceramicznych, gresie, glazurze, szkle, metalu i innych materia\u0142ach. <\/b>Praca z prowadnic\u0105 jest<b> prosta i przyjemna &#8211;<\/b> \u0142atwe i szybkie ustawienie rozmiaru wiert\u0142a ( instrukcja do\u0142\u0105czona za zestawu).<\/p>\n<ul>\n<li>Prowadnica wyposa\u017cone w\u00a0<b>cztery w pe\u0142ni regulowane, niezale\u017cne \u0142o\u017cyska. <\/b><\/li>\n<li>Przystosowane do pracy z otwornicami w zakresie <b>22 mm &#8211; 80 mm.<\/b><\/li>\n<li><b>Mocna przyssawka stabilnie mocuje si\u0119 do urz\u0105dzenie do powierzchni. Mocowanie zaw\u00f3rno w <\/b>pozycji pionowej jak i poziomej.<\/li>\n<\/ul>\n<\/section><\/div>\n<\/section>\n<section class=\"section\">\n<div class=\"item item-12\">\n<section class=\"image-item\">\n            <img decoding=\"async\" src=\"https:\/\/upload.cdn.baselinker.com\/products\/14476\/98d5f39ff7b56c4c7eaae2f63ee98156.jpg\" \/><br \/>\n        <\/section>\n<\/p><\/div>\n<\/section>\n<section class=\"section\">\n<div class=\"item item-12\">\n<section class=\"image-item\">\n            <img decoding=\"async\" src=\"https:\/\/upload.cdn.baselinker.com\/products\/14476\/bc4c709c2062e9a511a8a22caf6da31e.jpg\" \/><br \/>\n        <\/section>\n<\/p><\/div>\n<\/section>\n<section class=\"section\">\n<div class=\"item item-12\">\n<section class=\"image-item\">\n            <img decoding=\"async\" src=\"https:\/\/upload.cdn.baselinker.com\/products\/14476\/af1bdea782251ea25dc9a5cc82817b2a.jpg\" \/><br \/>\n        <\/section>\n<\/p><\/div>\n<\/section>\n","protected":false},"excerpt":{"rendered":"<p>PROWADNICA DO KORONEK OTWORNIC\u00a0 PRZYSSAWKA PRZYMIAR Informacje og\u00f3lne: Zakres rozmiary otwornic: 22-80 mm Rodzaj: prowadnica do otwornic diamentowych 4 \u0142o\u017cyska 1 przyssawka mocuj\u0105ca Przydatny element podczas pracy z koronkami diamentowymi! Solidna i praktyczna prowadnica do otwornic. Zabezpiecza przed po\u015blizgiem otwornicy na powierzchni, gdzie wykonywany jest otw\u00f3r.Narz\u0119dzie u\u0142atwia wykonywanie otwor\u00f3w\u00a0za pomoc\u0105 otwornic w p\u0142ytkach ceramicznych, gresie,<br \/><a class=\"more-link\" href=\"https:\/\/bobimarket.pl\/index.php\/produkt\/prowadnica-do-koronek-otwornic-przyssawki-przymiar\/\"><br \/>\n        Czytaj wi\u0119cej<span class=\"screen-reader-text\"> &#8222;PROWADNICA DO KORONEK OTWORNIC  PRZYSSAWKI PRZYMIAR&#8221;<\/span><\/a><\/p>\n","protected":false},"featured_media":95903,"template":"","meta":[],"product_cat":[8107],"product_tag":[],"yoast_head":"<!-- This site is optimized with the Yoast SEO plugin v21.0 - https:\/\/yoast.com\/wordpress\/plugins\/seo\/ -->\n<title>PROWADNICA DO KORONEK OTWORNIC PRZYSSAWKI PRZYMIAR - BOBIMARKET.pl - Remontuj i urz\u0105dzaj z nami<\/title>\n<meta name=\"robots\" content=\"index, follow, max-snippet:-1, max-image-preview:large, max-video-preview:-1\" \/>\n<link rel=\"canonical\" href=\"https:\/\/bobimarket.pl\/index.php\/produkt\/prowadnica-do-koronek-otwornic-przyssawki-przymiar\/\" \/>\n<meta property=\"og:locale\" content=\"pl_PL\" \/>\n<meta property=\"og:type\" content=\"article\" \/>\n<meta property=\"og:title\" content=\"PROWADNICA DO KORONEK OTWORNIC PRZYSSAWKI PRZYMIAR - BOBIMARKET.pl - Remontuj i urz\u0105dzaj z nami\" \/>\n<meta property=\"og:description\" content=\"PROWADNICA DO KORONEK OTWORNIC\u00a0 PRZYSSAWKA PRZYMIAR Informacje og\u00f3lne: Zakres rozmiary otwornic: 22-80 mm Rodzaj: prowadnica do otwornic diamentowych 4 \u0142o\u017cyska 1 przyssawka mocuj\u0105ca Przydatny element podczas pracy z koronkami diamentowymi! Solidna i praktyczna prowadnica do otwornic. Zabezpiecza przed po\u015blizgiem otwornicy na powierzchni, gdzie wykonywany jest otw\u00f3r.Narz\u0119dzie u\u0142atwia wykonywanie otwor\u00f3w\u00a0za pomoc\u0105 otwornic w p\u0142ytkach ceramicznych, gresie,     Czytaj wi\u0119cej &quot;PROWADNICA DO KORONEK OTWORNIC PRZYSSAWKI PRZYMIAR&quot;\" \/>\n<meta property=\"og:url\" content=\"https:\/\/bobimarket.pl\/index.php\/produkt\/prowadnica-do-koronek-otwornic-przyssawki-przymiar\/\" \/>\n<meta property=\"og:site_name\" content=\"BOBIMARKET.pl - Remontuj i urz\u0105dzaj z nami\" \/>\n<meta property=\"article:modified_time\" content=\"2025-02-27T16:21:22+00:00\" \/>\n<meta property=\"og:image\" content=\"https:\/\/upload.cdn.baselinker.com\/products\/14476\/a6771157ad3b639afe80dfe7cb57b329.jpg\" \/>\n<meta name=\"twitter:card\" content=\"summary_large_image\" \/>\n<meta name=\"twitter:label1\" content=\"Szacowany czas czytania\" \/>\n\t<meta name=\"twitter:data1\" content=\"1 minuta\" \/>\n<script type=\"application\/ld+json\" class=\"yoast-schema-graph\">{\"@context\":\"https:\/\/schema.org\",\"@graph\":[{\"@type\":\"WebPage\",\"@id\":\"https:\/\/bobimarket.pl\/index.php\/produkt\/prowadnica-do-koronek-otwornic-przyssawki-przymiar\/\",\"url\":\"https:\/\/bobimarket.pl\/index.php\/produkt\/prowadnica-do-koronek-otwornic-przyssawki-przymiar\/\",\"name\":\"PROWADNICA DO KORONEK OTWORNIC PRZYSSAWKI PRZYMIAR - BOBIMARKET.pl - Remontuj i urz\u0105dzaj z nami\",\"isPartOf\":{\"@id\":\"https:\/\/bobimarket.pl\/#website\"},\"datePublished\":\"2023-08-30T11:04:30+00:00\",\"dateModified\":\"2025-02-27T16:21:22+00:00\",\"breadcrumb\":{\"@id\":\"https:\/\/bobimarket.pl\/index.php\/produkt\/prowadnica-do-koronek-otwornic-przyssawki-przymiar\/#breadcrumb\"},\"inLanguage\":\"pl-PL\",\"potentialAction\":[{\"@type\":\"ReadAction\",\"target\":[\"https:\/\/bobimarket.pl\/index.php\/produkt\/prowadnica-do-koronek-otwornic-przyssawki-przymiar\/\"]}]},{\"@type\":\"BreadcrumbList\",\"@id\":\"https:\/\/bobimarket.pl\/index.php\/produkt\/prowadnica-do-koronek-otwornic-przyssawki-przymiar\/#breadcrumb\",\"itemListElement\":[{\"@type\":\"ListItem\",\"position\":1,\"name\":\"Strona g\u0142\u00f3wna\",\"item\":\"https:\/\/bobimarket.pl\/\"},{\"@type\":\"ListItem\",\"position\":2,\"name\":\"Sklep\",\"item\":\"https:\/\/bobimarket.pl\/index.php\/shop\/\"},{\"@type\":\"ListItem\",\"position\":3,\"name\":\"PROWADNICA DO KORONEK OTWORNIC PRZYSSAWKI PRZYMIAR\"}]},{\"@type\":\"WebSite\",\"@id\":\"https:\/\/bobimarket.pl\/#website\",\"url\":\"https:\/\/bobimarket.pl\/\",\"name\":\"BOBIMARKET.pl - Remontuj i urz\u0105dzaj z nami\",\"description\":\"Remontuj i urz\u0105dzaj z nami\",\"publisher\":{\"@id\":\"https:\/\/bobimarket.pl\/#organization\"},\"potentialAction\":[{\"@type\":\"SearchAction\",\"target\":{\"@type\":\"EntryPoint\",\"urlTemplate\":\"https:\/\/bobimarket.pl\/?s={search_term_string}\"},\"query-input\":\"required name=search_term_string\"}],\"inLanguage\":\"pl-PL\"},{\"@type\":\"Organization\",\"@id\":\"https:\/\/bobimarket.pl\/#organization\",\"name\":\"BOBIMARKET.pl\",\"url\":\"https:\/\/bobimarket.pl\/\",\"logo\":{\"@type\":\"ImageObject\",\"inLanguage\":\"pl-PL\",\"@id\":\"https:\/\/bobimarket.pl\/#\/schema\/logo\/image\/\",\"url\":\"https:\/\/bobimarket.pl\/wp-content\/uploads\/2021\/11\/slogan.png\",\"contentUrl\":\"https:\/\/bobimarket.pl\/wp-content\/uploads\/2021\/11\/slogan.png\",\"width\":2000,\"height\":384,\"caption\":\"BOBIMARKET.pl\"},\"image\":{\"@id\":\"https:\/\/bobimarket.pl\/#\/schema\/logo\/image\/\"}}]}<\/script>\n<!-- \/ Yoast SEO plugin. -->","yoast_head_json":{"title":"PROWADNICA DO KORONEK OTWORNIC PRZYSSAWKI PRZYMIAR - BOBIMARKET.pl - Remontuj i urz\u0105dzaj z nami","robots":{"index":"index","follow":"follow","max-snippet":"max-snippet:-1","max-image-preview":"max-image-preview:large","max-video-preview":"max-video-preview:-1"},"canonical":"https:\/\/bobimarket.pl\/index.php\/produkt\/prowadnica-do-koronek-otwornic-przyssawki-przymiar\/","og_locale":"pl_PL","og_type":"article","og_title":"PROWADNICA DO KORONEK OTWORNIC PRZYSSAWKI PRZYMIAR - BOBIMARKET.pl - Remontuj i urz\u0105dzaj z nami","og_description":"PROWADNICA DO KORONEK OTWORNIC\u00a0 PRZYSSAWKA PRZYMIAR Informacje og\u00f3lne: Zakres rozmiary otwornic: 22-80 mm Rodzaj: prowadnica do otwornic diamentowych 4 \u0142o\u017cyska 1 przyssawka mocuj\u0105ca Przydatny element podczas pracy z koronkami diamentowymi! Solidna i praktyczna prowadnica do otwornic. Zabezpiecza przed po\u015blizgiem otwornicy na powierzchni, gdzie wykonywany jest otw\u00f3r.Narz\u0119dzie u\u0142atwia wykonywanie otwor\u00f3w\u00a0za pomoc\u0105 otwornic w p\u0142ytkach ceramicznych, gresie,     Czytaj wi\u0119cej \"PROWADNICA DO KORONEK OTWORNIC PRZYSSAWKI PRZYMIAR\"","og_url":"https:\/\/bobimarket.pl\/index.php\/produkt\/prowadnica-do-koronek-otwornic-przyssawki-przymiar\/","og_site_name":"BOBIMARKET.pl - Remontuj i urz\u0105dzaj z nami","article_modified_time":"2025-02-27T16:21:22+00:00","og_image":[{"url":"https:\/\/upload.cdn.baselinker.com\/products\/14476\/a6771157ad3b639afe80dfe7cb57b329.jpg"}],"twitter_card":"summary_large_image","twitter_misc":{"Szacowany czas czytania":"1 minuta"},"schema":{"@context":"https:\/\/schema.org","@graph":[{"@type":"WebPage","@id":"https:\/\/bobimarket.pl\/index.php\/produkt\/prowadnica-do-koronek-otwornic-przyssawki-przymiar\/","url":"https:\/\/bobimarket.pl\/index.php\/produkt\/prowadnica-do-koronek-otwornic-przyssawki-przymiar\/","name":"PROWADNICA DO KORONEK OTWORNIC PRZYSSAWKI PRZYMIAR - BOBIMARKET.pl - Remontuj i urz\u0105dzaj z nami","isPartOf":{"@id":"https:\/\/bobimarket.pl\/#website"},"datePublished":"2023-08-30T11:04:30+00:00","dateModified":"2025-02-27T16:21:22+00:00","breadcrumb":{"@id":"https:\/\/bobimarket.pl\/index.php\/produkt\/prowadnica-do-koronek-otwornic-przyssawki-przymiar\/#breadcrumb"},"inLanguage":"pl-PL","potentialAction":[{"@type":"ReadAction","target":["https:\/\/bobimarket.pl\/index.php\/produkt\/prowadnica-do-koronek-otwornic-przyssawki-przymiar\/"]}]},{"@type":"BreadcrumbList","@id":"https:\/\/bobimarket.pl\/index.php\/produkt\/prowadnica-do-koronek-otwornic-przyssawki-przymiar\/#breadcrumb","itemListElement":[{"@type":"ListItem","position":1,"name":"Strona g\u0142\u00f3wna","item":"https:\/\/bobimarket.pl\/"},{"@type":"ListItem","position":2,"name":"Sklep","item":"https:\/\/bobimarket.pl\/index.php\/shop\/"},{"@type":"ListItem","position":3,"name":"PROWADNICA DO KORONEK OTWORNIC PRZYSSAWKI PRZYMIAR"}]},{"@type":"WebSite","@id":"https:\/\/bobimarket.pl\/#website","url":"https:\/\/bobimarket.pl\/","name":"BOBIMARKET.pl - Remontuj i urz\u0105dzaj z nami","description":"Remontuj i urz\u0105dzaj z nami","publisher":{"@id":"https:\/\/bobimarket.pl\/#organization"},"potentialAction":[{"@type":"SearchAction","target":{"@type":"EntryPoint","urlTemplate":"https:\/\/bobimarket.pl\/?s={search_term_string}"},"query-input":"required name=search_term_string"}],"inLanguage":"pl-PL"},{"@type":"Organization","@id":"https:\/\/bobimarket.pl\/#organization","name":"BOBIMARKET.pl","url":"https:\/\/bobimarket.pl\/","logo":{"@type":"ImageObject","inLanguage":"pl-PL","@id":"https:\/\/bobimarket.pl\/#\/schema\/logo\/image\/","url":"https:\/\/bobimarket.pl\/wp-content\/uploads\/2021\/11\/slogan.png","contentUrl":"https:\/\/bobimarket.pl\/wp-content\/uploads\/2021\/11\/slogan.png","width":2000,"height":384,"caption":"BOBIMARKET.pl"},"image":{"@id":"https:\/\/bobimarket.pl\/#\/schema\/logo\/image\/"}}]}},"_links":{"self":[{"href":"https:\/\/bobimarket.pl\/index.php\/wp-json\/wp\/v2\/product\/95910"}],"collection":[{"href":"https:\/\/bobimarket.pl\/index.php\/wp-json\/wp\/v2\/product"}],"about":[{"href":"https:\/\/bobimarket.pl\/index.php\/wp-json\/wp\/v2\/types\/product"}],"wp:featuredmedia":[{"embeddable":true,"href":"https:\/\/bobimarket.pl\/index.php\/wp-json\/wp\/v2\/media\/95903"}],"wp:attachment":[{"href":"https:\/\/bobimarket.pl\/index.php\/wp-json\/wp\/v2\/media?parent=95910"}],"wp:term":[{"taxonomy":"product_cat","embeddable":true,"href":"https:\/\/bobimarket.pl\/index.php\/wp-json\/wp\/v2\/product_cat?post=95910"},{"taxonomy":"product_tag","embeddable":true,"href":"https:\/\/bobimarket.pl\/index.php\/wp-json\/wp\/v2\/product_tag?post=95910"}],"curies":[{"name":"wp","href":"https:\/\/api.w.org\/{rel}","templated":true}]}}