{"id":95930,"date":"2023-08-30T11:05:23","date_gmt":"2023-08-30T11:05:23","guid":{"rendered":"https:\/\/bobimarket.pl\/index.php\/produkt\/zestaw-uchwyt-do-brzeszczotu-3-ostrza-150mm\/"},"modified":"2025-02-27T16:21:39","modified_gmt":"2025-02-27T16:21:39","slug":"zestaw-uchwyt-do-brzeszczotu-3-ostrza-150mm","status":"publish","type":"product","link":"https:\/\/bobimarket.pl\/index.php\/produkt\/zestaw-uchwyt-do-brzeszczotu-3-ostrza-150mm\/","title":{"rendered":"ZESTAW UCHWYT DO  BRZESZCZOTU 3 OSTRZA 150mm"},"content":{"rendered":"<section class=\"section\">\n<div class=\"item item-12\">\n<section class=\"text-item\">\n<h2>ZESTAW UCHWYT DO BRZESZCZOT\u00d3W 3 OSTRZA 150mm<\/h2>\n<p><b>Dane techniczne:<\/b><\/p>\n<ul>\n<li>Typ uchwytu:<b> \u02ddS\u02dd<\/b><\/li>\n<li>Materia\u0142 brzeszczot\u00f3w do metalu, plastiku:<b> BIM<\/b><\/li>\n<li>Materia\u0142 brzeszczot\u00f3w do drewna:<b> HCS<\/b><\/li>\n<li>Przeznaczenie: <b>uniwersalne ( drewno, metal, plastik)<\/b><\/li>\n<li>Liczba w zestawie:<b> 4 ( uchwyt + 3 brzeszczoty)<\/b><\/li>\n<\/ul>\n<p><b>Komplet sk\u0142ada si\u0119 z 3 brzeszczot\u00f3w o r\u00f3\u017cnych parametrach technicznych.\u00a0<\/b><\/p>\n<ul>\n<li>Brzeszczot do drewna: 150 mm\/6&#8242;, 6TPI, HCS<\/li>\n<li>Brzeszczot do plastiku\/metalu: 150 mm\/6&#8242;, 18TPI, BIM<\/li>\n<li>Brzeszczot do metalu: 150 mm\/6&#8242;, 24 TPI, BIM<\/li>\n<\/ul>\n<\/section><\/div>\n<\/section>\n<section class=\"section\">\n<div class=\"item item-12\">\n<section class=\"image-item\">\n            <img decoding=\"async\" src=\"https:\/\/upload.cdn.baselinker.com\/products\/14476\/ba58589d7ff8911452457d987816bb36.jpg\" \/><br \/>\n        <\/section>\n<\/p><\/div>\n<\/section>\n<section class=\"section\">\n<div class=\"item item-12\">\n<section class=\"text-item\">\n<h2>Uchwyt do brzeszczot\u00f3w z 3 ostrzami!<\/h2>\n<p><b>Uchwyt do brzeszczot\u00f3w typ S<\/b> (do pi\u0142y szablastej) wraz z 3 brzeszczotami. Uchwyt i brzeszczoty zosta\u0142y wposa\u017cone w popularny <b>uchwyt typu &#8222;S&#8221;. <\/b>Narz\u0119dzie pozwala na doj\u015bcie do miejsc, kt\u00f3re s\u0105 ci\u0119\u017ckodost\u0119pne dla elektronarz\u0119dzia. Szybka wymiana brzeszczotu zapewnia komfort pracy.<\/p>\n<ul>\n<li>Uchwyt jest odpowiedni dla wszystkich rodzaj\u00f3w brzeszczot\u00f3w szablastych ze standardowym mocowaniem.<\/li>\n<li>Szybko zatrzaskowe mocowanie ostrzy oraz metalowy uchwyt, pokryty antypo\u015blizgowym materia\u0142em.<\/li>\n<li>Znajduj\u0105ce si\u0119 w zestawie brzeszczoty pozwalaj\u0105 na obr\u00f3bk\u0119 drewna, metalu i plastiku.<\/li>\n<\/ul>\n<\/section><\/div>\n<\/section>\n<section class=\"section\">\n<div class=\"item item-12\">\n<section class=\"image-item\">\n            <img decoding=\"async\" src=\"https:\/\/upload.cdn.baselinker.com\/products\/14476\/0717aed325b124c27ff5ed740e587ea0.jpg\" \/><br \/>\n        <\/section>\n<\/p><\/div>\n<\/section>\n<section class=\"section\">\n<div class=\"item item-12\">\n<section class=\"text-item\">\n<h2>\u2705 Komplet sk\u0142ada si\u0119 z uchwytu i\u00a0 3 brzeszczot\u00f3w o r\u00f3\u017cnych parametrach technicznych.\u00a0<\/h2>\n<ul>\n<li><b>Brzeszczot do drewna: 150 mm\/6&#8242;, 6TPI, HCS<\/b><\/li>\n<\/ul>\n<p>Brzeszczot zosta\u0142 wykonany ze stali narz\u0119dziowej przeznaczonej do obr\u00f3bki materia\u0142\u00f3w mi\u0119kkich. Pozwala na ci\u0119cie r\u00f3\u017cnego rodzaju listew, p\u0142yt,sklejek i materia\u0142\u00f3w drewnopochodnych<\/p>\n<ul>\n<li><b>Brzeszczot do plastiku\/metalu: 150 mm\/6&#8242;, 18TPI, BIM<\/b><\/li>\n<\/ul>\n<p>Brzeszczot wykonany ze stali narz\u0119dziowej szybkotn\u0105cej. S\u0142u\u017cy do ci\u0119cia r\u00f3\u017cnego rodzaju tworzyw sztucznych PVC oraz metali rur, pr\u0119t\u00f3w, p\u0142yt<\/p>\n<ul>\n<li><b>Brzeszczot do metalu: 150 mm\/6&#8242;, 24 TPI, BIM<\/b><\/li>\n<\/ul>\n<p>Brzeszczot wykonany ze stali narz\u0119dziowej szybkotn\u0105cej, przeznaczony do ci\u0119cie r\u00f3\u017cnego rodzaju\u00a0 element\u00f3w metalowych, profili, rur, pr\u0119t\u00f3w.<\/p>\n<\/section><\/div>\n<\/section>\n<section class=\"section\">\n<div class=\"item item-12\">\n<section class=\"image-item\">\n            <img decoding=\"async\" src=\"https:\/\/upload.cdn.baselinker.com\/products\/14476\/2ee808fa939d6a9c9aaeafe51d378c5a.jpg\" \/><br \/>\n        <\/section>\n<\/p><\/div>\n<\/section>\n","protected":false},"excerpt":{"rendered":"<p>ZESTAW UCHWYT DO BRZESZCZOT\u00d3W 3 OSTRZA 150mm Dane techniczne: Typ uchwytu: \u02ddS\u02dd Materia\u0142 brzeszczot\u00f3w do metalu, plastiku: BIM Materia\u0142 brzeszczot\u00f3w do drewna: HCS Przeznaczenie: uniwersalne ( drewno, metal, plastik) Liczba w zestawie: 4 ( uchwyt + 3 brzeszczoty) Komplet sk\u0142ada si\u0119 z 3 brzeszczot\u00f3w o r\u00f3\u017cnych parametrach technicznych.\u00a0 Brzeszczot do drewna: 150 mm\/6&#8242;, 6TPI, HCS<br \/><a class=\"more-link\" href=\"https:\/\/bobimarket.pl\/index.php\/produkt\/zestaw-uchwyt-do-brzeszczotu-3-ostrza-150mm\/\"><br \/>\n        Czytaj wi\u0119cej<span class=\"screen-reader-text\"> &#8222;ZESTAW UCHWYT DO  BRZESZCZOTU 3 OSTRZA 150mm&#8221;<\/span><\/a><\/p>\n","protected":false},"featured_media":95922,"template":"","meta":[],"product_cat":[8165],"product_tag":[],"yoast_head":"<!-- This site is optimized with the Yoast SEO plugin v21.0 - https:\/\/yoast.com\/wordpress\/plugins\/seo\/ -->\n<title>ZESTAW UCHWYT DO BRZESZCZOTU 3 OSTRZA 150mm - BOBIMARKET.pl - Remontuj i urz\u0105dzaj z nami<\/title>\n<meta name=\"robots\" content=\"index, follow, max-snippet:-1, max-image-preview:large, max-video-preview:-1\" \/>\n<link rel=\"canonical\" href=\"https:\/\/bobimarket.pl\/index.php\/produkt\/zestaw-uchwyt-do-brzeszczotu-3-ostrza-150mm\/\" \/>\n<meta property=\"og:locale\" content=\"pl_PL\" \/>\n<meta property=\"og:type\" content=\"article\" \/>\n<meta property=\"og:title\" content=\"ZESTAW UCHWYT DO BRZESZCZOTU 3 OSTRZA 150mm - BOBIMARKET.pl - Remontuj i urz\u0105dzaj z nami\" \/>\n<meta property=\"og:description\" content=\"ZESTAW UCHWYT DO BRZESZCZOT\u00d3W 3 OSTRZA 150mm Dane techniczne: Typ uchwytu: \u02ddS\u02dd Materia\u0142 brzeszczot\u00f3w do metalu, plastiku: BIM Materia\u0142 brzeszczot\u00f3w do drewna: HCS Przeznaczenie: uniwersalne ( drewno, metal, plastik) Liczba w zestawie: 4 ( uchwyt + 3 brzeszczoty) Komplet sk\u0142ada si\u0119 z 3 brzeszczot\u00f3w o r\u00f3\u017cnych parametrach technicznych.\u00a0 Brzeszczot do drewna: 150 mm\/6&#8242;, 6TPI, HCS     Czytaj wi\u0119cej &quot;ZESTAW UCHWYT DO BRZESZCZOTU 3 OSTRZA 150mm&quot;\" \/>\n<meta property=\"og:url\" content=\"https:\/\/bobimarket.pl\/index.php\/produkt\/zestaw-uchwyt-do-brzeszczotu-3-ostrza-150mm\/\" \/>\n<meta property=\"og:site_name\" content=\"BOBIMARKET.pl - Remontuj i urz\u0105dzaj z nami\" \/>\n<meta property=\"article:modified_time\" content=\"2025-02-27T16:21:39+00:00\" \/>\n<meta property=\"og:image\" content=\"https:\/\/upload.cdn.baselinker.com\/products\/14476\/ba58589d7ff8911452457d987816bb36.jpg\" \/>\n<meta name=\"twitter:card\" content=\"summary_large_image\" \/>\n<meta name=\"twitter:label1\" content=\"Szacowany czas czytania\" \/>\n\t<meta name=\"twitter:data1\" content=\"1 minuta\" \/>\n<script type=\"application\/ld+json\" class=\"yoast-schema-graph\">{\"@context\":\"https:\/\/schema.org\",\"@graph\":[{\"@type\":\"WebPage\",\"@id\":\"https:\/\/bobimarket.pl\/index.php\/produkt\/zestaw-uchwyt-do-brzeszczotu-3-ostrza-150mm\/\",\"url\":\"https:\/\/bobimarket.pl\/index.php\/produkt\/zestaw-uchwyt-do-brzeszczotu-3-ostrza-150mm\/\",\"name\":\"ZESTAW UCHWYT DO BRZESZCZOTU 3 OSTRZA 150mm - BOBIMARKET.pl - Remontuj i urz\u0105dzaj z nami\",\"isPartOf\":{\"@id\":\"https:\/\/bobimarket.pl\/#website\"},\"datePublished\":\"2023-08-30T11:05:23+00:00\",\"dateModified\":\"2025-02-27T16:21:39+00:00\",\"breadcrumb\":{\"@id\":\"https:\/\/bobimarket.pl\/index.php\/produkt\/zestaw-uchwyt-do-brzeszczotu-3-ostrza-150mm\/#breadcrumb\"},\"inLanguage\":\"pl-PL\",\"potentialAction\":[{\"@type\":\"ReadAction\",\"target\":[\"https:\/\/bobimarket.pl\/index.php\/produkt\/zestaw-uchwyt-do-brzeszczotu-3-ostrza-150mm\/\"]}]},{\"@type\":\"BreadcrumbList\",\"@id\":\"https:\/\/bobimarket.pl\/index.php\/produkt\/zestaw-uchwyt-do-brzeszczotu-3-ostrza-150mm\/#breadcrumb\",\"itemListElement\":[{\"@type\":\"ListItem\",\"position\":1,\"name\":\"Strona g\u0142\u00f3wna\",\"item\":\"https:\/\/bobimarket.pl\/\"},{\"@type\":\"ListItem\",\"position\":2,\"name\":\"Sklep\",\"item\":\"https:\/\/bobimarket.pl\/index.php\/shop\/\"},{\"@type\":\"ListItem\",\"position\":3,\"name\":\"ZESTAW UCHWYT DO BRZESZCZOTU 3 OSTRZA 150mm\"}]},{\"@type\":\"WebSite\",\"@id\":\"https:\/\/bobimarket.pl\/#website\",\"url\":\"https:\/\/bobimarket.pl\/\",\"name\":\"BOBIMARKET.pl - Remontuj i urz\u0105dzaj z nami\",\"description\":\"Remontuj i urz\u0105dzaj z nami\",\"publisher\":{\"@id\":\"https:\/\/bobimarket.pl\/#organization\"},\"potentialAction\":[{\"@type\":\"SearchAction\",\"target\":{\"@type\":\"EntryPoint\",\"urlTemplate\":\"https:\/\/bobimarket.pl\/?s={search_term_string}\"},\"query-input\":\"required name=search_term_string\"}],\"inLanguage\":\"pl-PL\"},{\"@type\":\"Organization\",\"@id\":\"https:\/\/bobimarket.pl\/#organization\",\"name\":\"BOBIMARKET.pl\",\"url\":\"https:\/\/bobimarket.pl\/\",\"logo\":{\"@type\":\"ImageObject\",\"inLanguage\":\"pl-PL\",\"@id\":\"https:\/\/bobimarket.pl\/#\/schema\/logo\/image\/\",\"url\":\"https:\/\/bobimarket.pl\/wp-content\/uploads\/2021\/11\/slogan.png\",\"contentUrl\":\"https:\/\/bobimarket.pl\/wp-content\/uploads\/2021\/11\/slogan.png\",\"width\":2000,\"height\":384,\"caption\":\"BOBIMARKET.pl\"},\"image\":{\"@id\":\"https:\/\/bobimarket.pl\/#\/schema\/logo\/image\/\"}}]}<\/script>\n<!-- \/ Yoast SEO plugin. -->","yoast_head_json":{"title":"ZESTAW UCHWYT DO BRZESZCZOTU 3 OSTRZA 150mm - BOBIMARKET.pl - Remontuj i urz\u0105dzaj z nami","robots":{"index":"index","follow":"follow","max-snippet":"max-snippet:-1","max-image-preview":"max-image-preview:large","max-video-preview":"max-video-preview:-1"},"canonical":"https:\/\/bobimarket.pl\/index.php\/produkt\/zestaw-uchwyt-do-brzeszczotu-3-ostrza-150mm\/","og_locale":"pl_PL","og_type":"article","og_title":"ZESTAW UCHWYT DO BRZESZCZOTU 3 OSTRZA 150mm - BOBIMARKET.pl - Remontuj i urz\u0105dzaj z nami","og_description":"ZESTAW UCHWYT DO BRZESZCZOT\u00d3W 3 OSTRZA 150mm Dane techniczne: Typ uchwytu: \u02ddS\u02dd Materia\u0142 brzeszczot\u00f3w do metalu, plastiku: BIM Materia\u0142 brzeszczot\u00f3w do drewna: HCS Przeznaczenie: uniwersalne ( drewno, metal, plastik) Liczba w zestawie: 4 ( uchwyt + 3 brzeszczoty) Komplet sk\u0142ada si\u0119 z 3 brzeszczot\u00f3w o r\u00f3\u017cnych parametrach technicznych.\u00a0 Brzeszczot do drewna: 150 mm\/6&#8242;, 6TPI, HCS     Czytaj wi\u0119cej \"ZESTAW UCHWYT DO BRZESZCZOTU 3 OSTRZA 150mm\"","og_url":"https:\/\/bobimarket.pl\/index.php\/produkt\/zestaw-uchwyt-do-brzeszczotu-3-ostrza-150mm\/","og_site_name":"BOBIMARKET.pl - Remontuj i urz\u0105dzaj z nami","article_modified_time":"2025-02-27T16:21:39+00:00","og_image":[{"url":"https:\/\/upload.cdn.baselinker.com\/products\/14476\/ba58589d7ff8911452457d987816bb36.jpg"}],"twitter_card":"summary_large_image","twitter_misc":{"Szacowany czas czytania":"1 minuta"},"schema":{"@context":"https:\/\/schema.org","@graph":[{"@type":"WebPage","@id":"https:\/\/bobimarket.pl\/index.php\/produkt\/zestaw-uchwyt-do-brzeszczotu-3-ostrza-150mm\/","url":"https:\/\/bobimarket.pl\/index.php\/produkt\/zestaw-uchwyt-do-brzeszczotu-3-ostrza-150mm\/","name":"ZESTAW UCHWYT DO BRZESZCZOTU 3 OSTRZA 150mm - BOBIMARKET.pl - Remontuj i urz\u0105dzaj z nami","isPartOf":{"@id":"https:\/\/bobimarket.pl\/#website"},"datePublished":"2023-08-30T11:05:23+00:00","dateModified":"2025-02-27T16:21:39+00:00","breadcrumb":{"@id":"https:\/\/bobimarket.pl\/index.php\/produkt\/zestaw-uchwyt-do-brzeszczotu-3-ostrza-150mm\/#breadcrumb"},"inLanguage":"pl-PL","potentialAction":[{"@type":"ReadAction","target":["https:\/\/bobimarket.pl\/index.php\/produkt\/zestaw-uchwyt-do-brzeszczotu-3-ostrza-150mm\/"]}]},{"@type":"BreadcrumbList","@id":"https:\/\/bobimarket.pl\/index.php\/produkt\/zestaw-uchwyt-do-brzeszczotu-3-ostrza-150mm\/#breadcrumb","itemListElement":[{"@type":"ListItem","position":1,"name":"Strona g\u0142\u00f3wna","item":"https:\/\/bobimarket.pl\/"},{"@type":"ListItem","position":2,"name":"Sklep","item":"https:\/\/bobimarket.pl\/index.php\/shop\/"},{"@type":"ListItem","position":3,"name":"ZESTAW UCHWYT DO BRZESZCZOTU 3 OSTRZA 150mm"}]},{"@type":"WebSite","@id":"https:\/\/bobimarket.pl\/#website","url":"https:\/\/bobimarket.pl\/","name":"BOBIMARKET.pl - Remontuj i urz\u0105dzaj z nami","description":"Remontuj i urz\u0105dzaj z nami","publisher":{"@id":"https:\/\/bobimarket.pl\/#organization"},"potentialAction":[{"@type":"SearchAction","target":{"@type":"EntryPoint","urlTemplate":"https:\/\/bobimarket.pl\/?s={search_term_string}"},"query-input":"required name=search_term_string"}],"inLanguage":"pl-PL"},{"@type":"Organization","@id":"https:\/\/bobimarket.pl\/#organization","name":"BOBIMARKET.pl","url":"https:\/\/bobimarket.pl\/","logo":{"@type":"ImageObject","inLanguage":"pl-PL","@id":"https:\/\/bobimarket.pl\/#\/schema\/logo\/image\/","url":"https:\/\/bobimarket.pl\/wp-content\/uploads\/2021\/11\/slogan.png","contentUrl":"https:\/\/bobimarket.pl\/wp-content\/uploads\/2021\/11\/slogan.png","width":2000,"height":384,"caption":"BOBIMARKET.pl"},"image":{"@id":"https:\/\/bobimarket.pl\/#\/schema\/logo\/image\/"}}]}},"_links":{"self":[{"href":"https:\/\/bobimarket.pl\/index.php\/wp-json\/wp\/v2\/product\/95930"}],"collection":[{"href":"https:\/\/bobimarket.pl\/index.php\/wp-json\/wp\/v2\/product"}],"about":[{"href":"https:\/\/bobimarket.pl\/index.php\/wp-json\/wp\/v2\/types\/product"}],"wp:featuredmedia":[{"embeddable":true,"href":"https:\/\/bobimarket.pl\/index.php\/wp-json\/wp\/v2\/media\/95922"}],"wp:attachment":[{"href":"https:\/\/bobimarket.pl\/index.php\/wp-json\/wp\/v2\/media?parent=95930"}],"wp:term":[{"taxonomy":"product_cat","embeddable":true,"href":"https:\/\/bobimarket.pl\/index.php\/wp-json\/wp\/v2\/product_cat?post=95930"},{"taxonomy":"product_tag","embeddable":true,"href":"https:\/\/bobimarket.pl\/index.php\/wp-json\/wp\/v2\/product_tag?post=95930"}],"curies":[{"name":"wp","href":"https:\/\/api.w.org\/{rel}","templated":true}]}}