{"id":95935,"date":"2023-08-30T11:05:36","date_gmt":"2023-08-30T11:05:36","guid":{"rendered":"https:\/\/bobimarket.pl\/index.php\/produkt\/miara-skladana-drewniana-metrowka-miara-2m\/"},"modified":"2025-02-27T16:47:57","modified_gmt":"2025-02-27T16:47:57","slug":"miara-skladana-drewniana-metrowka-miara-2m","status":"publish","type":"product","link":"https:\/\/bobimarket.pl\/index.php\/produkt\/miara-skladana-drewniana-metrowka-miara-2m\/","title":{"rendered":"MIARA SK\u0141ADANA DREWNIANA METR\u00d3WKA MIARA 2m"},"content":{"rendered":"<section class=\"section\">\n<div class=\"item item-12\">\n<section class=\"text-item\">\n<h2>MIARA SK\u0141ADANA DREWNIANA METR\u00d3WKA MIARA 2m<\/h2>\n<p><b>Informacje og\u00f3lne:<\/b><\/p>\n<ul>\n<li>D\u0142ugo\u015b\u0107:<b> 2 m<\/b><\/li>\n<li>Materia\u0142:<b> drewno<\/b><\/li>\n<li>Rodzaj:<b> miara sk\u0142adana <\/b><\/li>\n<li>Skala dok\u0142adno\u015b\u0107:<b> III <\/b><\/li>\n<li>Obustronna podzia\u0142ka w mm i cm<\/li>\n<\/ul>\n<\/section><\/div>\n<\/section>\n<section class=\"section\">\n<div class=\"item item-12\">\n<section class=\"image-item\">\n            <img decoding=\"async\" src=\"https:\/\/upload.cdn.baselinker.com\/products\/14476\/2643f488a440c1bcfefaacc670c3eb8d.jpg\" \/><br \/>\n        <\/section>\n<\/p><\/div>\n<\/section>\n<section class=\"section\">\n<div class=\"item item-12\">\n<section class=\"text-item\">\n<h2>Przydatny narz\u0119dzie na placu budowy!<\/h2>\n<p>Praktyczna sk\u0142adana drewniana miara o d\u0142ugo\u015bci 2 m. Podstawowym zadaniem narz\u0119dzia jest dok\u0142adne odczytywanie jak i nanoszenie pomiar\u00f3w. Miara jest wykonana z drewna bukowego o grubo\u015bci 2,85 mm Podw\u00f3jne lakierowanie chroni podzia\u0142k\u0119 przed s\u0142o\u0144cem, wilgoci\u0105 i \u015bcieraniem mechaniczny. narz\u0119dzie sk\u0142ada si\u0119 z dziesi\u0119ciu segment\u00f3w o grubo\u015bci 3mm po\u0142\u0105czonych nitem na mocnym stalowym przegubie i zakutych ko\u0144c\u00f3wkach.<\/p>\n<ul>\n<li><b>Podzia\u0142ka<\/b> naniesiona na obu kraw\u0119dziach narz\u0119dzia, co u\u0142atwia dokonywanie oblicze\u0144.<\/li>\n<li><b>Czarna skala<\/b> wyra\u017anie odznacza si\u0119 na bia\u0142o-\u017c\u00f3\u0142tej powierzchni, z \u0142atwo\u015bci\u0105 odczytasz pomiar.<\/li>\n<li>Miara jest lekka i por\u0119czna. Po z\u0142o\u017ceniu zajmuje ma\u0142o miejsca, z \u0142atwo\u015bci\u0105 zmie\u015bci si\u0119 w skrzynce z narz\u0119dziami.<\/li>\n<\/ul>\n<p><b>\u2705 ZASTOSOWANIE:<\/b><\/p>\n<ul>\n<li>Sprawdzi si\u0119 w sytuacjach, gdy potrzebujesz <b>dokona\u0107 precyzyjnych pomiar\u00f3w<\/b> podczas wykonywanych prac.<\/li>\n<li>Przydatny jako <b>narz\u0119dzie pomocnicze<\/b> do wyznaczania na r\u00f3\u017cnych powierzchniach okre\u015blonych linii.<\/li>\n<\/ul>\n<ul>\n<li>Nadaje si\u0119 do wyznaczania punkt\u00f3w elektrycznych.<\/li>\n<\/ul>\n<\/section><\/div>\n<\/section>\n<section class=\"section\">\n<div class=\"item item-12\">\n<section class=\"image-item\">\n            <img decoding=\"async\" src=\"https:\/\/upload.cdn.baselinker.com\/products\/14476\/384c1afc49d81956ce8a2cd5eabef64b.jpg\" \/><br \/>\n        <\/section>\n<\/p><\/div>\n<\/section>\n<section class=\"section\">\n<div class=\"item item-12\">\n<section class=\"text-item\">\n<p><b>\u2705 Dla kogo ?<\/b><\/p>\n<p>Dla wszystkich, kt\u00f3rzy ceni\u0105 sobie wygod\u0119 i lubi\u0105 sprawnie i w kr\u00f3tkim czasie wykonywa\u0107 prace.<\/p>\n<ul>\n<li>Nieodzowne narz\u0119dzie ka\u017cdego rzemie\u015blnika, budowla\u0144ca i majsterkowicza.<\/li>\n<li>Przydatny r\u00f3wnie\u017c podczas wykonywania prac stolarskich i \u015blusarskich.<\/li>\n<\/ul>\n<p><b>\u2705 Najwa\u017cniejsze zalety produktu: <\/b><\/p>\n<ul>\n<li>Solidnie wykonany<\/li>\n<li>Czytelna podzia\u0142ka<\/li>\n<li>Praktyczny i wielofunkcyjny<\/li>\n<li>\u0141atwy i prosty w u\u017cytkowaniu<\/li>\n<\/ul>\n<\/section><\/div>\n<\/section>\n<section class=\"section\">\n<div class=\"item item-12\">\n<section class=\"image-item\">\n            <img decoding=\"async\" src=\"https:\/\/upload.cdn.baselinker.com\/products\/14476\/d156f6bf88cd93eac14889c1d0ed023a.jpg\" \/><br \/>\n        <\/section>\n<\/p><\/div>\n<\/section>\n","protected":false},"excerpt":{"rendered":"<p>MIARA SK\u0141ADANA DREWNIANA METR\u00d3WKA MIARA 2m Informacje og\u00f3lne: D\u0142ugo\u015b\u0107: 2 m Materia\u0142: drewno Rodzaj: miara sk\u0142adana Skala dok\u0142adno\u015b\u0107: III Obustronna podzia\u0142ka w mm i cm Przydatny narz\u0119dzie na placu budowy! Praktyczna sk\u0142adana drewniana miara o d\u0142ugo\u015bci 2 m. Podstawowym zadaniem narz\u0119dzia jest dok\u0142adne odczytywanie jak i nanoszenie pomiar\u00f3w. Miara jest wykonana z drewna bukowego o<br \/><a class=\"more-link\" href=\"https:\/\/bobimarket.pl\/index.php\/produkt\/miara-skladana-drewniana-metrowka-miara-2m\/\"><br \/>\n        Czytaj wi\u0119cej<span class=\"screen-reader-text\"> &#8222;MIARA SK\u0141ADANA DREWNIANA METR\u00d3WKA MIARA 2m&#8221;<\/span><\/a><\/p>\n","protected":false},"featured_media":95931,"template":"","meta":[],"product_cat":[8078],"product_tag":[],"yoast_head":"<!-- This site is optimized with the Yoast SEO plugin v21.0 - https:\/\/yoast.com\/wordpress\/plugins\/seo\/ -->\n<title>MIARA SK\u0141ADANA DREWNIANA METR\u00d3WKA MIARA 2m - BOBIMARKET.pl - Remontuj i urz\u0105dzaj z nami<\/title>\n<meta name=\"robots\" content=\"index, follow, max-snippet:-1, max-image-preview:large, max-video-preview:-1\" \/>\n<link rel=\"canonical\" href=\"https:\/\/bobimarket.pl\/index.php\/produkt\/miara-skladana-drewniana-metrowka-miara-2m\/\" \/>\n<meta property=\"og:locale\" content=\"pl_PL\" \/>\n<meta property=\"og:type\" content=\"article\" \/>\n<meta property=\"og:title\" content=\"MIARA SK\u0141ADANA DREWNIANA METR\u00d3WKA MIARA 2m - BOBIMARKET.pl - Remontuj i urz\u0105dzaj z nami\" \/>\n<meta property=\"og:description\" content=\"MIARA SK\u0141ADANA DREWNIANA METR\u00d3WKA MIARA 2m Informacje og\u00f3lne: D\u0142ugo\u015b\u0107: 2 m Materia\u0142: drewno Rodzaj: miara sk\u0142adana Skala dok\u0142adno\u015b\u0107: III Obustronna podzia\u0142ka w mm i cm Przydatny narz\u0119dzie na placu budowy! Praktyczna sk\u0142adana drewniana miara o d\u0142ugo\u015bci 2 m. Podstawowym zadaniem narz\u0119dzia jest dok\u0142adne odczytywanie jak i nanoszenie pomiar\u00f3w. Miara jest wykonana z drewna bukowego o     Czytaj wi\u0119cej &quot;MIARA SK\u0141ADANA DREWNIANA METR\u00d3WKA MIARA 2m&quot;\" \/>\n<meta property=\"og:url\" content=\"https:\/\/bobimarket.pl\/index.php\/produkt\/miara-skladana-drewniana-metrowka-miara-2m\/\" \/>\n<meta property=\"og:site_name\" content=\"BOBIMARKET.pl - Remontuj i urz\u0105dzaj z nami\" \/>\n<meta property=\"article:modified_time\" content=\"2025-02-27T16:47:57+00:00\" \/>\n<meta property=\"og:image\" content=\"https:\/\/upload.cdn.baselinker.com\/products\/14476\/2643f488a440c1bcfefaacc670c3eb8d.jpg\" \/>\n<meta name=\"twitter:card\" content=\"summary_large_image\" \/>\n<meta name=\"twitter:label1\" content=\"Szacowany czas czytania\" \/>\n\t<meta name=\"twitter:data1\" content=\"1 minuta\" \/>\n<script type=\"application\/ld+json\" class=\"yoast-schema-graph\">{\"@context\":\"https:\/\/schema.org\",\"@graph\":[{\"@type\":\"WebPage\",\"@id\":\"https:\/\/bobimarket.pl\/index.php\/produkt\/miara-skladana-drewniana-metrowka-miara-2m\/\",\"url\":\"https:\/\/bobimarket.pl\/index.php\/produkt\/miara-skladana-drewniana-metrowka-miara-2m\/\",\"name\":\"MIARA SK\u0141ADANA DREWNIANA METR\u00d3WKA MIARA 2m - BOBIMARKET.pl - Remontuj i urz\u0105dzaj z nami\",\"isPartOf\":{\"@id\":\"https:\/\/bobimarket.pl\/#website\"},\"datePublished\":\"2023-08-30T11:05:36+00:00\",\"dateModified\":\"2025-02-27T16:47:57+00:00\",\"breadcrumb\":{\"@id\":\"https:\/\/bobimarket.pl\/index.php\/produkt\/miara-skladana-drewniana-metrowka-miara-2m\/#breadcrumb\"},\"inLanguage\":\"pl-PL\",\"potentialAction\":[{\"@type\":\"ReadAction\",\"target\":[\"https:\/\/bobimarket.pl\/index.php\/produkt\/miara-skladana-drewniana-metrowka-miara-2m\/\"]}]},{\"@type\":\"BreadcrumbList\",\"@id\":\"https:\/\/bobimarket.pl\/index.php\/produkt\/miara-skladana-drewniana-metrowka-miara-2m\/#breadcrumb\",\"itemListElement\":[{\"@type\":\"ListItem\",\"position\":1,\"name\":\"Strona g\u0142\u00f3wna\",\"item\":\"https:\/\/bobimarket.pl\/\"},{\"@type\":\"ListItem\",\"position\":2,\"name\":\"Sklep\",\"item\":\"https:\/\/bobimarket.pl\/index.php\/shop\/\"},{\"@type\":\"ListItem\",\"position\":3,\"name\":\"MIARA SK\u0141ADANA DREWNIANA METR\u00d3WKA MIARA 2m\"}]},{\"@type\":\"WebSite\",\"@id\":\"https:\/\/bobimarket.pl\/#website\",\"url\":\"https:\/\/bobimarket.pl\/\",\"name\":\"BOBIMARKET.pl - Remontuj i urz\u0105dzaj z nami\",\"description\":\"Remontuj i urz\u0105dzaj z nami\",\"publisher\":{\"@id\":\"https:\/\/bobimarket.pl\/#organization\"},\"potentialAction\":[{\"@type\":\"SearchAction\",\"target\":{\"@type\":\"EntryPoint\",\"urlTemplate\":\"https:\/\/bobimarket.pl\/?s={search_term_string}\"},\"query-input\":\"required name=search_term_string\"}],\"inLanguage\":\"pl-PL\"},{\"@type\":\"Organization\",\"@id\":\"https:\/\/bobimarket.pl\/#organization\",\"name\":\"BOBIMARKET.pl\",\"url\":\"https:\/\/bobimarket.pl\/\",\"logo\":{\"@type\":\"ImageObject\",\"inLanguage\":\"pl-PL\",\"@id\":\"https:\/\/bobimarket.pl\/#\/schema\/logo\/image\/\",\"url\":\"https:\/\/bobimarket.pl\/wp-content\/uploads\/2021\/11\/slogan.png\",\"contentUrl\":\"https:\/\/bobimarket.pl\/wp-content\/uploads\/2021\/11\/slogan.png\",\"width\":2000,\"height\":384,\"caption\":\"BOBIMARKET.pl\"},\"image\":{\"@id\":\"https:\/\/bobimarket.pl\/#\/schema\/logo\/image\/\"}}]}<\/script>\n<!-- \/ Yoast SEO plugin. -->","yoast_head_json":{"title":"MIARA SK\u0141ADANA DREWNIANA METR\u00d3WKA MIARA 2m - BOBIMARKET.pl - Remontuj i urz\u0105dzaj z nami","robots":{"index":"index","follow":"follow","max-snippet":"max-snippet:-1","max-image-preview":"max-image-preview:large","max-video-preview":"max-video-preview:-1"},"canonical":"https:\/\/bobimarket.pl\/index.php\/produkt\/miara-skladana-drewniana-metrowka-miara-2m\/","og_locale":"pl_PL","og_type":"article","og_title":"MIARA SK\u0141ADANA DREWNIANA METR\u00d3WKA MIARA 2m - BOBIMARKET.pl - Remontuj i urz\u0105dzaj z nami","og_description":"MIARA SK\u0141ADANA DREWNIANA METR\u00d3WKA MIARA 2m Informacje og\u00f3lne: D\u0142ugo\u015b\u0107: 2 m Materia\u0142: drewno Rodzaj: miara sk\u0142adana Skala dok\u0142adno\u015b\u0107: III Obustronna podzia\u0142ka w mm i cm Przydatny narz\u0119dzie na placu budowy! Praktyczna sk\u0142adana drewniana miara o d\u0142ugo\u015bci 2 m. Podstawowym zadaniem narz\u0119dzia jest dok\u0142adne odczytywanie jak i nanoszenie pomiar\u00f3w. Miara jest wykonana z drewna bukowego o     Czytaj wi\u0119cej \"MIARA SK\u0141ADANA DREWNIANA METR\u00d3WKA MIARA 2m\"","og_url":"https:\/\/bobimarket.pl\/index.php\/produkt\/miara-skladana-drewniana-metrowka-miara-2m\/","og_site_name":"BOBIMARKET.pl - Remontuj i urz\u0105dzaj z nami","article_modified_time":"2025-02-27T16:47:57+00:00","og_image":[{"url":"https:\/\/upload.cdn.baselinker.com\/products\/14476\/2643f488a440c1bcfefaacc670c3eb8d.jpg"}],"twitter_card":"summary_large_image","twitter_misc":{"Szacowany czas czytania":"1 minuta"},"schema":{"@context":"https:\/\/schema.org","@graph":[{"@type":"WebPage","@id":"https:\/\/bobimarket.pl\/index.php\/produkt\/miara-skladana-drewniana-metrowka-miara-2m\/","url":"https:\/\/bobimarket.pl\/index.php\/produkt\/miara-skladana-drewniana-metrowka-miara-2m\/","name":"MIARA SK\u0141ADANA DREWNIANA METR\u00d3WKA MIARA 2m - BOBIMARKET.pl - Remontuj i urz\u0105dzaj z nami","isPartOf":{"@id":"https:\/\/bobimarket.pl\/#website"},"datePublished":"2023-08-30T11:05:36+00:00","dateModified":"2025-02-27T16:47:57+00:00","breadcrumb":{"@id":"https:\/\/bobimarket.pl\/index.php\/produkt\/miara-skladana-drewniana-metrowka-miara-2m\/#breadcrumb"},"inLanguage":"pl-PL","potentialAction":[{"@type":"ReadAction","target":["https:\/\/bobimarket.pl\/index.php\/produkt\/miara-skladana-drewniana-metrowka-miara-2m\/"]}]},{"@type":"BreadcrumbList","@id":"https:\/\/bobimarket.pl\/index.php\/produkt\/miara-skladana-drewniana-metrowka-miara-2m\/#breadcrumb","itemListElement":[{"@type":"ListItem","position":1,"name":"Strona g\u0142\u00f3wna","item":"https:\/\/bobimarket.pl\/"},{"@type":"ListItem","position":2,"name":"Sklep","item":"https:\/\/bobimarket.pl\/index.php\/shop\/"},{"@type":"ListItem","position":3,"name":"MIARA SK\u0141ADANA DREWNIANA METR\u00d3WKA MIARA 2m"}]},{"@type":"WebSite","@id":"https:\/\/bobimarket.pl\/#website","url":"https:\/\/bobimarket.pl\/","name":"BOBIMARKET.pl - Remontuj i urz\u0105dzaj z nami","description":"Remontuj i urz\u0105dzaj z nami","publisher":{"@id":"https:\/\/bobimarket.pl\/#organization"},"potentialAction":[{"@type":"SearchAction","target":{"@type":"EntryPoint","urlTemplate":"https:\/\/bobimarket.pl\/?s={search_term_string}"},"query-input":"required name=search_term_string"}],"inLanguage":"pl-PL"},{"@type":"Organization","@id":"https:\/\/bobimarket.pl\/#organization","name":"BOBIMARKET.pl","url":"https:\/\/bobimarket.pl\/","logo":{"@type":"ImageObject","inLanguage":"pl-PL","@id":"https:\/\/bobimarket.pl\/#\/schema\/logo\/image\/","url":"https:\/\/bobimarket.pl\/wp-content\/uploads\/2021\/11\/slogan.png","contentUrl":"https:\/\/bobimarket.pl\/wp-content\/uploads\/2021\/11\/slogan.png","width":2000,"height":384,"caption":"BOBIMARKET.pl"},"image":{"@id":"https:\/\/bobimarket.pl\/#\/schema\/logo\/image\/"}}]}},"_links":{"self":[{"href":"https:\/\/bobimarket.pl\/index.php\/wp-json\/wp\/v2\/product\/95935"}],"collection":[{"href":"https:\/\/bobimarket.pl\/index.php\/wp-json\/wp\/v2\/product"}],"about":[{"href":"https:\/\/bobimarket.pl\/index.php\/wp-json\/wp\/v2\/types\/product"}],"wp:featuredmedia":[{"embeddable":true,"href":"https:\/\/bobimarket.pl\/index.php\/wp-json\/wp\/v2\/media\/95931"}],"wp:attachment":[{"href":"https:\/\/bobimarket.pl\/index.php\/wp-json\/wp\/v2\/media?parent=95935"}],"wp:term":[{"taxonomy":"product_cat","embeddable":true,"href":"https:\/\/bobimarket.pl\/index.php\/wp-json\/wp\/v2\/product_cat?post=95935"},{"taxonomy":"product_tag","embeddable":true,"href":"https:\/\/bobimarket.pl\/index.php\/wp-json\/wp\/v2\/product_tag?post=95935"}],"curies":[{"name":"wp","href":"https:\/\/api.w.org\/{rel}","templated":true}]}}