{"id":95947,"date":"2023-08-30T11:06:24","date_gmt":"2023-08-30T11:06:24","guid":{"rendered":"https:\/\/bobimarket.pl\/index.php\/produkt\/zestaw-lazienkowy-kosz-mydelniczka-5-szt\/"},"modified":"2025-02-27T16:22:09","modified_gmt":"2025-02-27T16:22:09","slug":"zestaw-lazienkowy-kosz-mydelniczka-5-szt","status":"publish","type":"product","link":"https:\/\/bobimarket.pl\/index.php\/produkt\/zestaw-lazienkowy-kosz-mydelniczka-5-szt\/","title":{"rendered":"ZESTAW \u0141AZIENKOWY KOSZ MYDELNICZKA 5 szt."},"content":{"rendered":"<section class=\"section\">\n<div class=\"item item-12\">\n<section class=\"text-item\">\n<h2>ZESTAW \u0141AZIENKOWY KOSZ MYDELNICZKA 5 szt.<\/h2>\n<p><b>Informacje og\u00f3lne: <\/b><\/p>\n<ul>\n<li>Wymiar kosz na \u015bmieci:<b>19&#215;22,3 cm<\/b><\/li>\n<li>Wymiar szczotka toaletowa: <b>10,2&#215;34,2 cm<\/b><\/li>\n<li>Wymiar dozownik myd\u0142a: <b>8&#215;15,8 cm<\/b><\/li>\n<li>Wymiar kubek na szczoteczk\u0119: <b>7&#215;7 H:9,5 cm<\/b><\/li>\n<li>Wymiar mydelniczka: <b>12,6x9x2,7 cm<\/b><\/li>\n<li>Kolor:<b> czarny ze z\u0142otymi wstawkami <\/b><\/li>\n<li>Liczba element\u00f3w w zestawie:<b> 5 <\/b><\/li>\n<\/ul>\n<\/section><\/div>\n<\/section>\n<section class=\"section\">\n<div class=\"item item-12\">\n<section class=\"image-item\">\n            <img decoding=\"async\" src=\"https:\/\/upload.cdn.baselinker.com\/products\/14476\/9c4c1ef10b29254905005e9b7252dbcc.jpg\" \/><br \/>\n        <\/section>\n<\/p><\/div>\n<\/section>\n<section class=\"section\">\n<div class=\"item item-12\">\n<section class=\"text-item\">\n<h2>Wszystko co jest potrzebne do \u0142azienki w jednym komplecie!\u00a0<\/h2>\n<p>Je\u017celi lubisz porz\u0105dek i u\u017cyteczne akcesoria\u00a0 domowe to ten zestaw jest idealny dla Ciebie. Elegancki i praktyczny elegancki\u00a0 zestaw \u0142azienkowy. Komplet sk\u0142ada si\u0119 <b>z 5 funkcjonalnych element\u00f3w<\/b> przeznaczonych do zastosowania w \u0142azience<\/p>\n<ul>\n<li>Specjalnie przygotowany zestaw sk\u0142adaj\u0105cy si\u0119 z 5 element\u00f3w. W sk\u0142ad komplety wchodz\u0105: <b>kosz na \u015bmieci, szczotka toaletowa, dozownik na myd\u0142o, mydelniczka i kubek na szczoteczk\u0119. <\/b><\/li>\n<li>Elementu zestawu wykonano wytrzyma\u0142ego tworzywa sztucznego w czarnym kolorze. Zestaw jest <b>praktyczny i jednocze\u015bnie elegancki<\/b>.<\/li>\n<\/ul>\n<\/section><\/div>\n<\/section>\n<section class=\"section\">\n<div class=\"item item-12\">\n<section class=\"image-item\">\n            <img decoding=\"async\" src=\"https:\/\/upload.cdn.baselinker.com\/products\/14476\/866b54beabd0c89bcb42de12527ee744.jpg\" \/><br \/>\n        <\/section>\n<\/p><\/div>\n<\/section>\n<section class=\"section\">\n<div class=\"item item-12\">\n<section class=\"text-item\">\n<h2>Dobra organizacja to podstawa!<\/h2>\n<p>Je\u017celi chcesz zapanowa\u0107 na chaosem w \u0142azience to zestaw jest idealny dla Ciebie! Pozwoli Ci w \u0142atwy spos\u00f3b zadba\u0107 o porz\u0105dek oraz uzupe\u0142ni wystr\u00f3j wn\u0119trza. Minimalistyczny i estetyczny design sprawi, \u017ce pasuje do wielu pomieszcze\u0144. Jest wielofunkcyjny, zawiera wszystkie potrzebne w \u0142azience akcesori i \u0142atwy do utrzymania w czysto\u015bci.<\/p>\n<h2>Ka\u017cdy z element\u00f3w zestawu ma inne zostawanie!<\/h2>\n<p><b>\u2705 Kosz na \u015bmieci<\/b><\/p>\n<ul>\n<li>Kosz na \u015bmieci, kt\u00f3ry zajmuje ma\u0142o miejsca. Mo\u017cna go ustawi\u0107 w dowolnie wybranym punkcie w \u0142azience.<\/li>\n<\/ul>\n<p><b>\u2705 Szczotka do WC<\/b><\/p>\n<ul>\n<li>Estetycznie wykonana i praktyczna szczotka do WC.. Ponadto jest \u0142atwa do utrzymaniu w czysto\u015bci. Szczotka posiada por\u0119czny i wygodny uchwyt.<\/li>\n<\/ul>\n<p><b>\u2705 Pojemnik na szczoteczki do z\u0119b\u00f3w<\/b><\/p>\n<ul>\n<li>Pojemnik pozwoli Ci w \u0142atwy spos\u00f3b zadba\u0107 o porz\u0105dek. Z nim szczoteczki i pasta do z\u0119b\u00f3w b\u0119d\u0105 mia\u0142y swoje wyznaczone miejsce.<\/li>\n<\/ul>\n<p><b>\u2705 Dozownik do myd\u0142a<\/b><\/p>\n<ul>\n<li>Dozownik wyposa\u017cony w pompk\u0105, kt\u00f3ry jest wygodny w u\u017cyciu.<\/li>\n<\/ul>\n<p><b>\u2705 Mydelniczka<\/b><\/p>\n<ul>\n<li>Mydelniczka czyli niezb\u0119dny i praktyczny element wyposa\u017cenia ka\u017cdej \u0142azienki.<\/li>\n<\/ul>\n<\/section><\/div>\n<\/section>\n<section class=\"section\">\n<div class=\"item item-12\">\n<section class=\"image-item\">\n            <img decoding=\"async\" src=\"https:\/\/upload.cdn.baselinker.com\/products\/14476\/9c4c1ef10b29254905005e9b7252dbcc.jpg\" \/><br \/>\n        <\/section>\n<\/p><\/div>\n<\/section>\n","protected":false},"excerpt":{"rendered":"<p>ZESTAW \u0141AZIENKOWY KOSZ MYDELNICZKA 5 szt. Informacje og\u00f3lne: Wymiar kosz na \u015bmieci:19&#215;22,3 cm Wymiar szczotka toaletowa: 10,2&#215;34,2 cm Wymiar dozownik myd\u0142a: 8&#215;15,8 cm Wymiar kubek na szczoteczk\u0119: 7&#215;7 H:9,5 cm Wymiar mydelniczka: 12,6x9x2,7 cm Kolor: czarny ze z\u0142otymi wstawkami Liczba element\u00f3w w zestawie: 5 Wszystko co jest potrzebne do \u0142azienki w jednym komplecie!\u00a0 Je\u017celi lubisz<br \/><a class=\"more-link\" href=\"https:\/\/bobimarket.pl\/index.php\/produkt\/zestaw-lazienkowy-kosz-mydelniczka-5-szt\/\"><br \/>\n        Czytaj wi\u0119cej<span class=\"screen-reader-text\"> &#8222;ZESTAW \u0141AZIENKOWY KOSZ MYDELNICZKA 5 szt.&#8221;<\/span><\/a><\/p>\n","protected":false},"featured_media":95945,"template":"","meta":[],"product_cat":[8096],"product_tag":[],"yoast_head":"<!-- This site is optimized with the Yoast SEO plugin v21.0 - https:\/\/yoast.com\/wordpress\/plugins\/seo\/ -->\n<title>ZESTAW \u0141AZIENKOWY KOSZ MYDELNICZKA 5 szt. - BOBIMARKET.pl - Remontuj i urz\u0105dzaj z nami<\/title>\n<meta name=\"robots\" content=\"index, follow, max-snippet:-1, max-image-preview:large, max-video-preview:-1\" \/>\n<link rel=\"canonical\" href=\"https:\/\/bobimarket.pl\/index.php\/produkt\/zestaw-lazienkowy-kosz-mydelniczka-5-szt\/\" \/>\n<meta property=\"og:locale\" content=\"pl_PL\" \/>\n<meta property=\"og:type\" content=\"article\" \/>\n<meta property=\"og:title\" content=\"ZESTAW \u0141AZIENKOWY KOSZ MYDELNICZKA 5 szt. - BOBIMARKET.pl - Remontuj i urz\u0105dzaj z nami\" \/>\n<meta property=\"og:description\" content=\"ZESTAW \u0141AZIENKOWY KOSZ MYDELNICZKA 5 szt. Informacje og\u00f3lne: Wymiar kosz na \u015bmieci:19&#215;22,3 cm Wymiar szczotka toaletowa: 10,2&#215;34,2 cm Wymiar dozownik myd\u0142a: 8&#215;15,8 cm Wymiar kubek na szczoteczk\u0119: 7&#215;7 H:9,5 cm Wymiar mydelniczka: 12,6x9x2,7 cm Kolor: czarny ze z\u0142otymi wstawkami Liczba element\u00f3w w zestawie: 5 Wszystko co jest potrzebne do \u0142azienki w jednym komplecie!\u00a0 Je\u017celi lubisz     Czytaj wi\u0119cej &quot;ZESTAW \u0141AZIENKOWY KOSZ MYDELNICZKA 5 szt.&quot;\" \/>\n<meta property=\"og:url\" content=\"https:\/\/bobimarket.pl\/index.php\/produkt\/zestaw-lazienkowy-kosz-mydelniczka-5-szt\/\" \/>\n<meta property=\"og:site_name\" content=\"BOBIMARKET.pl - Remontuj i urz\u0105dzaj z nami\" \/>\n<meta property=\"article:modified_time\" content=\"2025-02-27T16:22:09+00:00\" \/>\n<meta property=\"og:image\" content=\"https:\/\/upload.cdn.baselinker.com\/products\/14476\/9c4c1ef10b29254905005e9b7252dbcc.jpg\" \/>\n<meta name=\"twitter:card\" content=\"summary_large_image\" \/>\n<meta name=\"twitter:label1\" content=\"Szacowany czas czytania\" \/>\n\t<meta name=\"twitter:data1\" content=\"2 minuty\" \/>\n<script type=\"application\/ld+json\" class=\"yoast-schema-graph\">{\"@context\":\"https:\/\/schema.org\",\"@graph\":[{\"@type\":\"WebPage\",\"@id\":\"https:\/\/bobimarket.pl\/index.php\/produkt\/zestaw-lazienkowy-kosz-mydelniczka-5-szt\/\",\"url\":\"https:\/\/bobimarket.pl\/index.php\/produkt\/zestaw-lazienkowy-kosz-mydelniczka-5-szt\/\",\"name\":\"ZESTAW \u0141AZIENKOWY KOSZ MYDELNICZKA 5 szt. - BOBIMARKET.pl - Remontuj i urz\u0105dzaj z nami\",\"isPartOf\":{\"@id\":\"https:\/\/bobimarket.pl\/#website\"},\"datePublished\":\"2023-08-30T11:06:24+00:00\",\"dateModified\":\"2025-02-27T16:22:09+00:00\",\"breadcrumb\":{\"@id\":\"https:\/\/bobimarket.pl\/index.php\/produkt\/zestaw-lazienkowy-kosz-mydelniczka-5-szt\/#breadcrumb\"},\"inLanguage\":\"pl-PL\",\"potentialAction\":[{\"@type\":\"ReadAction\",\"target\":[\"https:\/\/bobimarket.pl\/index.php\/produkt\/zestaw-lazienkowy-kosz-mydelniczka-5-szt\/\"]}]},{\"@type\":\"BreadcrumbList\",\"@id\":\"https:\/\/bobimarket.pl\/index.php\/produkt\/zestaw-lazienkowy-kosz-mydelniczka-5-szt\/#breadcrumb\",\"itemListElement\":[{\"@type\":\"ListItem\",\"position\":1,\"name\":\"Strona g\u0142\u00f3wna\",\"item\":\"https:\/\/bobimarket.pl\/\"},{\"@type\":\"ListItem\",\"position\":2,\"name\":\"Sklep\",\"item\":\"https:\/\/bobimarket.pl\/index.php\/shop\/\"},{\"@type\":\"ListItem\",\"position\":3,\"name\":\"ZESTAW \u0141AZIENKOWY KOSZ MYDELNICZKA 5 szt.\"}]},{\"@type\":\"WebSite\",\"@id\":\"https:\/\/bobimarket.pl\/#website\",\"url\":\"https:\/\/bobimarket.pl\/\",\"name\":\"BOBIMARKET.pl - Remontuj i urz\u0105dzaj z nami\",\"description\":\"Remontuj i urz\u0105dzaj z nami\",\"publisher\":{\"@id\":\"https:\/\/bobimarket.pl\/#organization\"},\"potentialAction\":[{\"@type\":\"SearchAction\",\"target\":{\"@type\":\"EntryPoint\",\"urlTemplate\":\"https:\/\/bobimarket.pl\/?s={search_term_string}\"},\"query-input\":\"required name=search_term_string\"}],\"inLanguage\":\"pl-PL\"},{\"@type\":\"Organization\",\"@id\":\"https:\/\/bobimarket.pl\/#organization\",\"name\":\"BOBIMARKET.pl\",\"url\":\"https:\/\/bobimarket.pl\/\",\"logo\":{\"@type\":\"ImageObject\",\"inLanguage\":\"pl-PL\",\"@id\":\"https:\/\/bobimarket.pl\/#\/schema\/logo\/image\/\",\"url\":\"https:\/\/bobimarket.pl\/wp-content\/uploads\/2021\/11\/slogan.png\",\"contentUrl\":\"https:\/\/bobimarket.pl\/wp-content\/uploads\/2021\/11\/slogan.png\",\"width\":2000,\"height\":384,\"caption\":\"BOBIMARKET.pl\"},\"image\":{\"@id\":\"https:\/\/bobimarket.pl\/#\/schema\/logo\/image\/\"}}]}<\/script>\n<!-- \/ Yoast SEO plugin. -->","yoast_head_json":{"title":"ZESTAW \u0141AZIENKOWY KOSZ MYDELNICZKA 5 szt. - BOBIMARKET.pl - Remontuj i urz\u0105dzaj z nami","robots":{"index":"index","follow":"follow","max-snippet":"max-snippet:-1","max-image-preview":"max-image-preview:large","max-video-preview":"max-video-preview:-1"},"canonical":"https:\/\/bobimarket.pl\/index.php\/produkt\/zestaw-lazienkowy-kosz-mydelniczka-5-szt\/","og_locale":"pl_PL","og_type":"article","og_title":"ZESTAW \u0141AZIENKOWY KOSZ MYDELNICZKA 5 szt. - BOBIMARKET.pl - Remontuj i urz\u0105dzaj z nami","og_description":"ZESTAW \u0141AZIENKOWY KOSZ MYDELNICZKA 5 szt. Informacje og\u00f3lne: Wymiar kosz na \u015bmieci:19&#215;22,3 cm Wymiar szczotka toaletowa: 10,2&#215;34,2 cm Wymiar dozownik myd\u0142a: 8&#215;15,8 cm Wymiar kubek na szczoteczk\u0119: 7&#215;7 H:9,5 cm Wymiar mydelniczka: 12,6x9x2,7 cm Kolor: czarny ze z\u0142otymi wstawkami Liczba element\u00f3w w zestawie: 5 Wszystko co jest potrzebne do \u0142azienki w jednym komplecie!\u00a0 Je\u017celi lubisz     Czytaj wi\u0119cej \"ZESTAW \u0141AZIENKOWY KOSZ MYDELNICZKA 5 szt.\"","og_url":"https:\/\/bobimarket.pl\/index.php\/produkt\/zestaw-lazienkowy-kosz-mydelniczka-5-szt\/","og_site_name":"BOBIMARKET.pl - Remontuj i urz\u0105dzaj z nami","article_modified_time":"2025-02-27T16:22:09+00:00","og_image":[{"url":"https:\/\/upload.cdn.baselinker.com\/products\/14476\/9c4c1ef10b29254905005e9b7252dbcc.jpg"}],"twitter_card":"summary_large_image","twitter_misc":{"Szacowany czas czytania":"2 minuty"},"schema":{"@context":"https:\/\/schema.org","@graph":[{"@type":"WebPage","@id":"https:\/\/bobimarket.pl\/index.php\/produkt\/zestaw-lazienkowy-kosz-mydelniczka-5-szt\/","url":"https:\/\/bobimarket.pl\/index.php\/produkt\/zestaw-lazienkowy-kosz-mydelniczka-5-szt\/","name":"ZESTAW \u0141AZIENKOWY KOSZ MYDELNICZKA 5 szt. - BOBIMARKET.pl - Remontuj i urz\u0105dzaj z nami","isPartOf":{"@id":"https:\/\/bobimarket.pl\/#website"},"datePublished":"2023-08-30T11:06:24+00:00","dateModified":"2025-02-27T16:22:09+00:00","breadcrumb":{"@id":"https:\/\/bobimarket.pl\/index.php\/produkt\/zestaw-lazienkowy-kosz-mydelniczka-5-szt\/#breadcrumb"},"inLanguage":"pl-PL","potentialAction":[{"@type":"ReadAction","target":["https:\/\/bobimarket.pl\/index.php\/produkt\/zestaw-lazienkowy-kosz-mydelniczka-5-szt\/"]}]},{"@type":"BreadcrumbList","@id":"https:\/\/bobimarket.pl\/index.php\/produkt\/zestaw-lazienkowy-kosz-mydelniczka-5-szt\/#breadcrumb","itemListElement":[{"@type":"ListItem","position":1,"name":"Strona g\u0142\u00f3wna","item":"https:\/\/bobimarket.pl\/"},{"@type":"ListItem","position":2,"name":"Sklep","item":"https:\/\/bobimarket.pl\/index.php\/shop\/"},{"@type":"ListItem","position":3,"name":"ZESTAW \u0141AZIENKOWY KOSZ MYDELNICZKA 5 szt."}]},{"@type":"WebSite","@id":"https:\/\/bobimarket.pl\/#website","url":"https:\/\/bobimarket.pl\/","name":"BOBIMARKET.pl - Remontuj i urz\u0105dzaj z nami","description":"Remontuj i urz\u0105dzaj z nami","publisher":{"@id":"https:\/\/bobimarket.pl\/#organization"},"potentialAction":[{"@type":"SearchAction","target":{"@type":"EntryPoint","urlTemplate":"https:\/\/bobimarket.pl\/?s={search_term_string}"},"query-input":"required name=search_term_string"}],"inLanguage":"pl-PL"},{"@type":"Organization","@id":"https:\/\/bobimarket.pl\/#organization","name":"BOBIMARKET.pl","url":"https:\/\/bobimarket.pl\/","logo":{"@type":"ImageObject","inLanguage":"pl-PL","@id":"https:\/\/bobimarket.pl\/#\/schema\/logo\/image\/","url":"https:\/\/bobimarket.pl\/wp-content\/uploads\/2021\/11\/slogan.png","contentUrl":"https:\/\/bobimarket.pl\/wp-content\/uploads\/2021\/11\/slogan.png","width":2000,"height":384,"caption":"BOBIMARKET.pl"},"image":{"@id":"https:\/\/bobimarket.pl\/#\/schema\/logo\/image\/"}}]}},"_links":{"self":[{"href":"https:\/\/bobimarket.pl\/index.php\/wp-json\/wp\/v2\/product\/95947"}],"collection":[{"href":"https:\/\/bobimarket.pl\/index.php\/wp-json\/wp\/v2\/product"}],"about":[{"href":"https:\/\/bobimarket.pl\/index.php\/wp-json\/wp\/v2\/types\/product"}],"wp:featuredmedia":[{"embeddable":true,"href":"https:\/\/bobimarket.pl\/index.php\/wp-json\/wp\/v2\/media\/95945"}],"wp:attachment":[{"href":"https:\/\/bobimarket.pl\/index.php\/wp-json\/wp\/v2\/media?parent=95947"}],"wp:term":[{"taxonomy":"product_cat","embeddable":true,"href":"https:\/\/bobimarket.pl\/index.php\/wp-json\/wp\/v2\/product_cat?post=95947"},{"taxonomy":"product_tag","embeddable":true,"href":"https:\/\/bobimarket.pl\/index.php\/wp-json\/wp\/v2\/product_tag?post=95947"}],"curies":[{"name":"wp","href":"https:\/\/api.w.org\/{rel}","templated":true}]}}