{"id":95951,"date":"2023-08-30T11:06:36","date_gmt":"2023-08-30T11:06:36","guid":{"rendered":"https:\/\/bobimarket.pl\/index.php\/produkt\/klucz-do-skrzynek-szafek-szaf-elektrycznych\/"},"modified":"2025-02-27T16:22:13","modified_gmt":"2025-02-27T16:22:13","slug":"klucz-do-skrzynek-szafek-szaf-elektrycznych","status":"publish","type":"product","link":"https:\/\/bobimarket.pl\/index.php\/produkt\/klucz-do-skrzynek-szafek-szaf-elektrycznych\/","title":{"rendered":"KLUCZ DO SKRZYNEK SZAFEK SZAF  ELEKTRYCZNYCH"},"content":{"rendered":"<section class=\"section\">\n<div class=\"item item-12\">\n<section class=\"text-item\">\n<h2>KLUCZ DO SKRZYNEK SZAFEK SZAF\u00a0 ELEKTRYCZNYCH<\/h2>\n<p><b>Dane techniczne:<\/b><\/p>\n<ul>\n<li>Wymiary produktu:<b> 72 x 72 mm<\/b><\/li>\n<li>Ko\u0144c\u00f3wki o profilach: kwadrat 6 mm; kwadrat 8 mm;\u00a0 tr\u00f3jk\u0105t 10 mm;\u00a0 ko\u0142o ze skrzyde\u0142kami \u015brednica 6 mm<\/li>\n<li>Rodzaj:<b> klucz do skrzynek <\/b><\/li>\n<li>4 ko\u0144c\u00f3wki o r\u00f3\u017cnych profilach<\/li>\n<\/ul>\n<\/section><\/div>\n<\/section>\n<section class=\"section\">\n<div class=\"item item-12\">\n<section class=\"image-item\">\n<\/section><\/div>\n<\/section>\n<section class=\"section\">\n<div class=\"item item-12\">\n<section class=\"text-item\">\n<p><b>Klucz uniwersalny do skrzynek,\u00a0 kt\u00f3ry u\u0142atwi Twoj\u0105 prac\u0119! <\/b><\/p>\n<p>Uniwersalny klucz do do otwierania najpopularniejszych zamk\u00f3w w skrzynkach z licznikami gazu, pr\u0105du, wody i do szaf sterowniczych. Klucze zawarte w komplecie wyr\u00f3\u017cniaj\u0105 si\u0119 4 ko\u0144c\u00f3wkami o r\u00f3\u017cnych profilach.\u00a0 KLucz zosta\u0142 wyonany z solidnych materia\u0142\u00f3w, dzieki czemu jets odporny na uszkodzenia mechaniczne\u00a0<\/p>\n<ul>\n<li>Bardzo praktyczny i wygodny w u\u017cytkowaniu dzi\u0119ki niewielkiej wadze i rozmiarowi.<\/li>\n<\/ul>\n<p><b>\u2705 Zastosowanie:<\/b><\/p>\n<p>R\u00f3\u017cne ko\u0144c\u00f3wki sprawiaj\u0105, \u017ce narz\u0119dzie to jest wielofunkcyjne i mo\u017ce zosta\u0107 wykorzystane podczas pracy z systemami grzewczymi, szafami sterowniczymi itp.. Bardzo praktyczny i wygodny w u\u017cytkowaniu dzi\u0119ki niewielkiej wadze i rozmiarowi.<\/p>\n<p><b>Klucz o nast\u0119puj\u0105cych profilach:<\/b><\/p>\n<ul>\n<li>kwadrat 6 mm<\/li>\n<li>kwadrat 8 mm<\/li>\n<li>tr\u00f3jk\u0105t 10 mm<\/li>\n<li>ko\u0142o ze skrzyde\u0142kami \u015brednica 6 mm<\/li>\n<\/ul>\n<\/section><\/div>\n<\/section>\n<section class=\"section\">\n<div class=\"item item-12\">\n<section class=\"image-item\">\n<\/section><\/div>\n<\/section>\n<section class=\"section\">\n<div class=\"item item-12\">\n<section class=\"image-item\">\n<\/section><\/div>\n<\/section>\n","protected":false},"excerpt":{"rendered":"<p>KLUCZ DO SKRZYNEK SZAFEK SZAF\u00a0 ELEKTRYCZNYCH Dane techniczne: Wymiary produktu: 72 x 72 mm Ko\u0144c\u00f3wki o profilach: kwadrat 6 mm; kwadrat 8 mm;\u00a0 tr\u00f3jk\u0105t 10 mm;\u00a0 ko\u0142o ze skrzyde\u0142kami \u015brednica 6 mm Rodzaj: klucz do skrzynek 4 ko\u0144c\u00f3wki o r\u00f3\u017cnych profilach Klucz uniwersalny do skrzynek,\u00a0 kt\u00f3ry u\u0142atwi Twoj\u0105 prac\u0119! Uniwersalny klucz do do otwierania najpopularniejszych<br \/><a class=\"more-link\" href=\"https:\/\/bobimarket.pl\/index.php\/produkt\/klucz-do-skrzynek-szafek-szaf-elektrycznych\/\"><br \/>\n        Czytaj wi\u0119cej<span class=\"screen-reader-text\"> &#8222;KLUCZ DO SKRZYNEK SZAFEK SZAF  ELEKTRYCZNYCH&#8221;<\/span><\/a><\/p>\n","protected":false},"featured_media":95948,"template":"","meta":[],"product_cat":[8142],"product_tag":[],"yoast_head":"<!-- This site is optimized with the Yoast SEO plugin v21.0 - https:\/\/yoast.com\/wordpress\/plugins\/seo\/ -->\n<title>KLUCZ DO SKRZYNEK SZAFEK SZAF ELEKTRYCZNYCH - BOBIMARKET.pl - Remontuj i urz\u0105dzaj z nami<\/title>\n<meta name=\"robots\" content=\"index, follow, max-snippet:-1, max-image-preview:large, max-video-preview:-1\" \/>\n<link rel=\"canonical\" href=\"https:\/\/bobimarket.pl\/index.php\/produkt\/klucz-do-skrzynek-szafek-szaf-elektrycznych\/\" \/>\n<meta property=\"og:locale\" content=\"pl_PL\" \/>\n<meta property=\"og:type\" content=\"article\" \/>\n<meta property=\"og:title\" content=\"KLUCZ DO SKRZYNEK SZAFEK SZAF ELEKTRYCZNYCH - BOBIMARKET.pl - Remontuj i urz\u0105dzaj z nami\" \/>\n<meta property=\"og:description\" content=\"KLUCZ DO SKRZYNEK SZAFEK SZAF\u00a0 ELEKTRYCZNYCH Dane techniczne: Wymiary produktu: 72 x 72 mm Ko\u0144c\u00f3wki o profilach: kwadrat 6 mm; kwadrat 8 mm;\u00a0 tr\u00f3jk\u0105t 10 mm;\u00a0 ko\u0142o ze skrzyde\u0142kami \u015brednica 6 mm Rodzaj: klucz do skrzynek 4 ko\u0144c\u00f3wki o r\u00f3\u017cnych profilach Klucz uniwersalny do skrzynek,\u00a0 kt\u00f3ry u\u0142atwi Twoj\u0105 prac\u0119! Uniwersalny klucz do do otwierania najpopularniejszych     Czytaj wi\u0119cej &quot;KLUCZ DO SKRZYNEK SZAFEK SZAF ELEKTRYCZNYCH&quot;\" \/>\n<meta property=\"og:url\" content=\"https:\/\/bobimarket.pl\/index.php\/produkt\/klucz-do-skrzynek-szafek-szaf-elektrycznych\/\" \/>\n<meta property=\"og:site_name\" content=\"BOBIMARKET.pl - Remontuj i urz\u0105dzaj z nami\" \/>\n<meta property=\"article:modified_time\" content=\"2025-02-27T16:22:13+00:00\" \/>\n<meta property=\"og:image\" content=\"https:\/\/bobimarket.pl\/wp-content\/uploads\/2021\/11\/slogan.png\" \/>\n\t<meta property=\"og:image:width\" content=\"2000\" \/>\n\t<meta property=\"og:image:height\" content=\"384\" \/>\n\t<meta property=\"og:image:type\" content=\"image\/png\" \/>\n<meta name=\"twitter:card\" content=\"summary_large_image\" \/>\n<meta name=\"twitter:label1\" content=\"Szacowany czas czytania\" \/>\n\t<meta name=\"twitter:data1\" content=\"1 minuta\" \/>\n<script type=\"application\/ld+json\" class=\"yoast-schema-graph\">{\"@context\":\"https:\/\/schema.org\",\"@graph\":[{\"@type\":\"WebPage\",\"@id\":\"https:\/\/bobimarket.pl\/index.php\/produkt\/klucz-do-skrzynek-szafek-szaf-elektrycznych\/\",\"url\":\"https:\/\/bobimarket.pl\/index.php\/produkt\/klucz-do-skrzynek-szafek-szaf-elektrycznych\/\",\"name\":\"KLUCZ DO SKRZYNEK SZAFEK SZAF ELEKTRYCZNYCH - BOBIMARKET.pl - Remontuj i urz\u0105dzaj z nami\",\"isPartOf\":{\"@id\":\"https:\/\/bobimarket.pl\/#website\"},\"datePublished\":\"2023-08-30T11:06:36+00:00\",\"dateModified\":\"2025-02-27T16:22:13+00:00\",\"breadcrumb\":{\"@id\":\"https:\/\/bobimarket.pl\/index.php\/produkt\/klucz-do-skrzynek-szafek-szaf-elektrycznych\/#breadcrumb\"},\"inLanguage\":\"pl-PL\",\"potentialAction\":[{\"@type\":\"ReadAction\",\"target\":[\"https:\/\/bobimarket.pl\/index.php\/produkt\/klucz-do-skrzynek-szafek-szaf-elektrycznych\/\"]}]},{\"@type\":\"BreadcrumbList\",\"@id\":\"https:\/\/bobimarket.pl\/index.php\/produkt\/klucz-do-skrzynek-szafek-szaf-elektrycznych\/#breadcrumb\",\"itemListElement\":[{\"@type\":\"ListItem\",\"position\":1,\"name\":\"Strona g\u0142\u00f3wna\",\"item\":\"https:\/\/bobimarket.pl\/\"},{\"@type\":\"ListItem\",\"position\":2,\"name\":\"Sklep\",\"item\":\"https:\/\/bobimarket.pl\/index.php\/shop\/\"},{\"@type\":\"ListItem\",\"position\":3,\"name\":\"KLUCZ DO SKRZYNEK SZAFEK SZAF ELEKTRYCZNYCH\"}]},{\"@type\":\"WebSite\",\"@id\":\"https:\/\/bobimarket.pl\/#website\",\"url\":\"https:\/\/bobimarket.pl\/\",\"name\":\"BOBIMARKET.pl - Remontuj i urz\u0105dzaj z nami\",\"description\":\"Remontuj i urz\u0105dzaj z nami\",\"publisher\":{\"@id\":\"https:\/\/bobimarket.pl\/#organization\"},\"potentialAction\":[{\"@type\":\"SearchAction\",\"target\":{\"@type\":\"EntryPoint\",\"urlTemplate\":\"https:\/\/bobimarket.pl\/?s={search_term_string}\"},\"query-input\":\"required name=search_term_string\"}],\"inLanguage\":\"pl-PL\"},{\"@type\":\"Organization\",\"@id\":\"https:\/\/bobimarket.pl\/#organization\",\"name\":\"BOBIMARKET.pl\",\"url\":\"https:\/\/bobimarket.pl\/\",\"logo\":{\"@type\":\"ImageObject\",\"inLanguage\":\"pl-PL\",\"@id\":\"https:\/\/bobimarket.pl\/#\/schema\/logo\/image\/\",\"url\":\"https:\/\/bobimarket.pl\/wp-content\/uploads\/2021\/11\/slogan.png\",\"contentUrl\":\"https:\/\/bobimarket.pl\/wp-content\/uploads\/2021\/11\/slogan.png\",\"width\":2000,\"height\":384,\"caption\":\"BOBIMARKET.pl\"},\"image\":{\"@id\":\"https:\/\/bobimarket.pl\/#\/schema\/logo\/image\/\"}}]}<\/script>\n<!-- \/ Yoast SEO plugin. -->","yoast_head_json":{"title":"KLUCZ DO SKRZYNEK SZAFEK SZAF ELEKTRYCZNYCH - BOBIMARKET.pl - Remontuj i urz\u0105dzaj z nami","robots":{"index":"index","follow":"follow","max-snippet":"max-snippet:-1","max-image-preview":"max-image-preview:large","max-video-preview":"max-video-preview:-1"},"canonical":"https:\/\/bobimarket.pl\/index.php\/produkt\/klucz-do-skrzynek-szafek-szaf-elektrycznych\/","og_locale":"pl_PL","og_type":"article","og_title":"KLUCZ DO SKRZYNEK SZAFEK SZAF ELEKTRYCZNYCH - BOBIMARKET.pl - Remontuj i urz\u0105dzaj z nami","og_description":"KLUCZ DO SKRZYNEK SZAFEK SZAF\u00a0 ELEKTRYCZNYCH Dane techniczne: Wymiary produktu: 72 x 72 mm Ko\u0144c\u00f3wki o profilach: kwadrat 6 mm; kwadrat 8 mm;\u00a0 tr\u00f3jk\u0105t 10 mm;\u00a0 ko\u0142o ze skrzyde\u0142kami \u015brednica 6 mm Rodzaj: klucz do skrzynek 4 ko\u0144c\u00f3wki o r\u00f3\u017cnych profilach Klucz uniwersalny do skrzynek,\u00a0 kt\u00f3ry u\u0142atwi Twoj\u0105 prac\u0119! Uniwersalny klucz do do otwierania najpopularniejszych     Czytaj wi\u0119cej \"KLUCZ DO SKRZYNEK SZAFEK SZAF ELEKTRYCZNYCH\"","og_url":"https:\/\/bobimarket.pl\/index.php\/produkt\/klucz-do-skrzynek-szafek-szaf-elektrycznych\/","og_site_name":"BOBIMARKET.pl - Remontuj i urz\u0105dzaj z nami","article_modified_time":"2025-02-27T16:22:13+00:00","og_image":[{"width":2000,"height":384,"url":"https:\/\/bobimarket.pl\/wp-content\/uploads\/2021\/11\/slogan.png","type":"image\/png"}],"twitter_card":"summary_large_image","twitter_misc":{"Szacowany czas czytania":"1 minuta"},"schema":{"@context":"https:\/\/schema.org","@graph":[{"@type":"WebPage","@id":"https:\/\/bobimarket.pl\/index.php\/produkt\/klucz-do-skrzynek-szafek-szaf-elektrycznych\/","url":"https:\/\/bobimarket.pl\/index.php\/produkt\/klucz-do-skrzynek-szafek-szaf-elektrycznych\/","name":"KLUCZ DO SKRZYNEK SZAFEK SZAF ELEKTRYCZNYCH - BOBIMARKET.pl - Remontuj i urz\u0105dzaj z nami","isPartOf":{"@id":"https:\/\/bobimarket.pl\/#website"},"datePublished":"2023-08-30T11:06:36+00:00","dateModified":"2025-02-27T16:22:13+00:00","breadcrumb":{"@id":"https:\/\/bobimarket.pl\/index.php\/produkt\/klucz-do-skrzynek-szafek-szaf-elektrycznych\/#breadcrumb"},"inLanguage":"pl-PL","potentialAction":[{"@type":"ReadAction","target":["https:\/\/bobimarket.pl\/index.php\/produkt\/klucz-do-skrzynek-szafek-szaf-elektrycznych\/"]}]},{"@type":"BreadcrumbList","@id":"https:\/\/bobimarket.pl\/index.php\/produkt\/klucz-do-skrzynek-szafek-szaf-elektrycznych\/#breadcrumb","itemListElement":[{"@type":"ListItem","position":1,"name":"Strona g\u0142\u00f3wna","item":"https:\/\/bobimarket.pl\/"},{"@type":"ListItem","position":2,"name":"Sklep","item":"https:\/\/bobimarket.pl\/index.php\/shop\/"},{"@type":"ListItem","position":3,"name":"KLUCZ DO SKRZYNEK SZAFEK SZAF ELEKTRYCZNYCH"}]},{"@type":"WebSite","@id":"https:\/\/bobimarket.pl\/#website","url":"https:\/\/bobimarket.pl\/","name":"BOBIMARKET.pl - Remontuj i urz\u0105dzaj z nami","description":"Remontuj i urz\u0105dzaj z nami","publisher":{"@id":"https:\/\/bobimarket.pl\/#organization"},"potentialAction":[{"@type":"SearchAction","target":{"@type":"EntryPoint","urlTemplate":"https:\/\/bobimarket.pl\/?s={search_term_string}"},"query-input":"required name=search_term_string"}],"inLanguage":"pl-PL"},{"@type":"Organization","@id":"https:\/\/bobimarket.pl\/#organization","name":"BOBIMARKET.pl","url":"https:\/\/bobimarket.pl\/","logo":{"@type":"ImageObject","inLanguage":"pl-PL","@id":"https:\/\/bobimarket.pl\/#\/schema\/logo\/image\/","url":"https:\/\/bobimarket.pl\/wp-content\/uploads\/2021\/11\/slogan.png","contentUrl":"https:\/\/bobimarket.pl\/wp-content\/uploads\/2021\/11\/slogan.png","width":2000,"height":384,"caption":"BOBIMARKET.pl"},"image":{"@id":"https:\/\/bobimarket.pl\/#\/schema\/logo\/image\/"}}]}},"_links":{"self":[{"href":"https:\/\/bobimarket.pl\/index.php\/wp-json\/wp\/v2\/product\/95951"}],"collection":[{"href":"https:\/\/bobimarket.pl\/index.php\/wp-json\/wp\/v2\/product"}],"about":[{"href":"https:\/\/bobimarket.pl\/index.php\/wp-json\/wp\/v2\/types\/product"}],"wp:featuredmedia":[{"embeddable":true,"href":"https:\/\/bobimarket.pl\/index.php\/wp-json\/wp\/v2\/media\/95948"}],"wp:attachment":[{"href":"https:\/\/bobimarket.pl\/index.php\/wp-json\/wp\/v2\/media?parent=95951"}],"wp:term":[{"taxonomy":"product_cat","embeddable":true,"href":"https:\/\/bobimarket.pl\/index.php\/wp-json\/wp\/v2\/product_cat?post=95951"},{"taxonomy":"product_tag","embeddable":true,"href":"https:\/\/bobimarket.pl\/index.php\/wp-json\/wp\/v2\/product_tag?post=95951"}],"curies":[{"name":"wp","href":"https:\/\/api.w.org\/{rel}","templated":true}]}}