{"id":96209,"date":"2023-08-30T11:23:01","date_gmt":"2023-08-30T11:23:01","guid":{"rendered":"https:\/\/bobimarket.pl\/index.php\/produkt\/przegub-cardana-nasadka-klucz-1-2\/"},"modified":"2025-02-27T16:23:59","modified_gmt":"2025-02-27T16:23:59","slug":"przegub-cardana-nasadka-klucz-1-2","status":"publish","type":"product","link":"https:\/\/bobimarket.pl\/index.php\/produkt\/przegub-cardana-nasadka-klucz-1-2\/","title":{"rendered":"PRZEGUB CARDANA NASADKA KLUCZ  1\/2"},"content":{"rendered":"<section class=\"section\">\n<div class=\"item item-12\">\n<section class=\"text-item\">\n<h2>PRZEGUB CARDANA NASADKA KLUCZ\u00a0 1\/2&#8243;<\/h2>\n<p><b>Informacje og\u00f3lne: <\/b><\/p>\n<ul>\n<li>Materia\u0142:<b> stal CrV ( stal chromowo-wanadowa)<\/b><\/li>\n<li>Rozmiar:<b> 1\/2&#8243;<\/b><\/li>\n<\/ul>\n<\/section><\/div>\n<\/section>\n<section class=\"section\">\n<div class=\"item item-12\">\n<section class=\"image-item\">\n            <img decoding=\"async\" src=\"https:\/\/upload.cdn.baselinker.com\/products\/14476\/d30839f9bd51e7d55e9ca0873ad8cde9.jpg\" \/><br \/>\n        <\/section>\n<\/p><\/div>\n<\/section>\n<section class=\"section\">\n<div class=\"item item-12\">\n<section class=\"text-item\">\n<h2>Element, w kt\u00f3ry warto wyposa\u017cy\u0107 swoj\u0105 skrzynk\u0119 narz\u0119dziow\u0105!<\/h2>\n<p>Nasadka wykonana ze stali chromowo-wanadowej. Trwa\u0142a pow\u0142oka chromowa zabezpieczaj\u0105ca przed korozj\u0105. Przegub Cardana s\u0142u\u017cy do odkr\u0119cania i dokr\u0119canie trudno dost\u0119pnych element\u00f3w. Narz\u0119dzie to wykorzystuje ruch obrotowy pomi\u0119dzy dwoma elementami (pokr\u0119t\u0142em i \u015brub\u0105) o pochylonych osiach. Ten klucz nasadowy umo\u017cliwia odkr\u0119canie \u015bruby, kt\u00f3ra nie jest dost\u0119pna pod k\u0105tem prostym.<\/p>\n<ul>\n<li>Mo\u017cliwo\u015b\u0107 przenoszenia du\u017cego momentu obrotowego.<\/li>\n<li>Przystosowana do wsp\u00f3\u0142pracy z pokr\u0119t\u0142ami, nasadkami, przed\u0142u\u017ckami 1\/2&#8243;.<\/li>\n<\/ul>\n<\/section><\/div>\n<\/section>\n","protected":false},"excerpt":{"rendered":"<p>PRZEGUB CARDANA NASADKA KLUCZ\u00a0 1\/2&#8243; Informacje og\u00f3lne: Materia\u0142: stal CrV ( stal chromowo-wanadowa) Rozmiar: 1\/2&#8243; Element, w kt\u00f3ry warto wyposa\u017cy\u0107 swoj\u0105 skrzynk\u0119 narz\u0119dziow\u0105! Nasadka wykonana ze stali chromowo-wanadowej. Trwa\u0142a pow\u0142oka chromowa zabezpieczaj\u0105ca przed korozj\u0105. Przegub Cardana s\u0142u\u017cy do odkr\u0119cania i dokr\u0119canie trudno dost\u0119pnych element\u00f3w. Narz\u0119dzie to wykorzystuje ruch obrotowy pomi\u0119dzy dwoma elementami (pokr\u0119t\u0142em i \u015brub\u0105)<br \/><a class=\"more-link\" href=\"https:\/\/bobimarket.pl\/index.php\/produkt\/przegub-cardana-nasadka-klucz-1-2\/\"><br \/>\n        Czytaj wi\u0119cej<span class=\"screen-reader-text\"> &#8222;PRZEGUB CARDANA NASADKA KLUCZ  1\/2&#8221;<\/span><\/a><\/p>\n","protected":false},"featured_media":96206,"template":"","meta":[],"product_cat":[8142],"product_tag":[],"yoast_head":"<!-- This site is optimized with the Yoast SEO plugin v21.0 - https:\/\/yoast.com\/wordpress\/plugins\/seo\/ -->\n<title>PRZEGUB CARDANA NASADKA KLUCZ 1\/2 - BOBIMARKET.pl - Remontuj i urz\u0105dzaj z nami<\/title>\n<meta name=\"robots\" content=\"index, follow, max-snippet:-1, max-image-preview:large, max-video-preview:-1\" \/>\n<link rel=\"canonical\" href=\"https:\/\/bobimarket.pl\/index.php\/produkt\/przegub-cardana-nasadka-klucz-1-2\/\" \/>\n<meta property=\"og:locale\" content=\"pl_PL\" \/>\n<meta property=\"og:type\" content=\"article\" \/>\n<meta property=\"og:title\" content=\"PRZEGUB CARDANA NASADKA KLUCZ 1\/2 - BOBIMARKET.pl - Remontuj i urz\u0105dzaj z nami\" \/>\n<meta property=\"og:description\" content=\"PRZEGUB CARDANA NASADKA KLUCZ\u00a0 1\/2&#8243; Informacje og\u00f3lne: Materia\u0142: stal CrV ( stal chromowo-wanadowa) Rozmiar: 1\/2&#8243; Element, w kt\u00f3ry warto wyposa\u017cy\u0107 swoj\u0105 skrzynk\u0119 narz\u0119dziow\u0105! Nasadka wykonana ze stali chromowo-wanadowej. Trwa\u0142a pow\u0142oka chromowa zabezpieczaj\u0105ca przed korozj\u0105. Przegub Cardana s\u0142u\u017cy do odkr\u0119cania i dokr\u0119canie trudno dost\u0119pnych element\u00f3w. Narz\u0119dzie to wykorzystuje ruch obrotowy pomi\u0119dzy dwoma elementami (pokr\u0119t\u0142em i \u015brub\u0105)     Czytaj wi\u0119cej &quot;PRZEGUB CARDANA NASADKA KLUCZ 1\/2&quot;\" \/>\n<meta property=\"og:url\" content=\"https:\/\/bobimarket.pl\/index.php\/produkt\/przegub-cardana-nasadka-klucz-1-2\/\" \/>\n<meta property=\"og:site_name\" content=\"BOBIMARKET.pl - Remontuj i urz\u0105dzaj z nami\" \/>\n<meta property=\"article:modified_time\" content=\"2025-02-27T16:23:59+00:00\" \/>\n<meta property=\"og:image\" content=\"https:\/\/upload.cdn.baselinker.com\/products\/14476\/d30839f9bd51e7d55e9ca0873ad8cde9.jpg\" \/>\n<meta name=\"twitter:card\" content=\"summary_large_image\" \/>\n<meta name=\"twitter:label1\" content=\"Szacowany czas czytania\" \/>\n\t<meta name=\"twitter:data1\" content=\"1 minuta\" \/>\n<script type=\"application\/ld+json\" class=\"yoast-schema-graph\">{\"@context\":\"https:\/\/schema.org\",\"@graph\":[{\"@type\":\"WebPage\",\"@id\":\"https:\/\/bobimarket.pl\/index.php\/produkt\/przegub-cardana-nasadka-klucz-1-2\/\",\"url\":\"https:\/\/bobimarket.pl\/index.php\/produkt\/przegub-cardana-nasadka-klucz-1-2\/\",\"name\":\"PRZEGUB CARDANA NASADKA KLUCZ 1\/2 - BOBIMARKET.pl - Remontuj i urz\u0105dzaj z nami\",\"isPartOf\":{\"@id\":\"https:\/\/bobimarket.pl\/#website\"},\"datePublished\":\"2023-08-30T11:23:01+00:00\",\"dateModified\":\"2025-02-27T16:23:59+00:00\",\"breadcrumb\":{\"@id\":\"https:\/\/bobimarket.pl\/index.php\/produkt\/przegub-cardana-nasadka-klucz-1-2\/#breadcrumb\"},\"inLanguage\":\"pl-PL\",\"potentialAction\":[{\"@type\":\"ReadAction\",\"target\":[\"https:\/\/bobimarket.pl\/index.php\/produkt\/przegub-cardana-nasadka-klucz-1-2\/\"]}]},{\"@type\":\"BreadcrumbList\",\"@id\":\"https:\/\/bobimarket.pl\/index.php\/produkt\/przegub-cardana-nasadka-klucz-1-2\/#breadcrumb\",\"itemListElement\":[{\"@type\":\"ListItem\",\"position\":1,\"name\":\"Strona g\u0142\u00f3wna\",\"item\":\"https:\/\/bobimarket.pl\/\"},{\"@type\":\"ListItem\",\"position\":2,\"name\":\"Sklep\",\"item\":\"https:\/\/bobimarket.pl\/index.php\/shop\/\"},{\"@type\":\"ListItem\",\"position\":3,\"name\":\"PRZEGUB CARDANA NASADKA KLUCZ 1\/2\"}]},{\"@type\":\"WebSite\",\"@id\":\"https:\/\/bobimarket.pl\/#website\",\"url\":\"https:\/\/bobimarket.pl\/\",\"name\":\"BOBIMARKET.pl - Remontuj i urz\u0105dzaj z nami\",\"description\":\"Remontuj i urz\u0105dzaj z nami\",\"publisher\":{\"@id\":\"https:\/\/bobimarket.pl\/#organization\"},\"potentialAction\":[{\"@type\":\"SearchAction\",\"target\":{\"@type\":\"EntryPoint\",\"urlTemplate\":\"https:\/\/bobimarket.pl\/?s={search_term_string}\"},\"query-input\":\"required name=search_term_string\"}],\"inLanguage\":\"pl-PL\"},{\"@type\":\"Organization\",\"@id\":\"https:\/\/bobimarket.pl\/#organization\",\"name\":\"BOBIMARKET.pl\",\"url\":\"https:\/\/bobimarket.pl\/\",\"logo\":{\"@type\":\"ImageObject\",\"inLanguage\":\"pl-PL\",\"@id\":\"https:\/\/bobimarket.pl\/#\/schema\/logo\/image\/\",\"url\":\"https:\/\/bobimarket.pl\/wp-content\/uploads\/2021\/11\/slogan.png\",\"contentUrl\":\"https:\/\/bobimarket.pl\/wp-content\/uploads\/2021\/11\/slogan.png\",\"width\":2000,\"height\":384,\"caption\":\"BOBIMARKET.pl\"},\"image\":{\"@id\":\"https:\/\/bobimarket.pl\/#\/schema\/logo\/image\/\"}}]}<\/script>\n<!-- \/ Yoast SEO plugin. -->","yoast_head_json":{"title":"PRZEGUB CARDANA NASADKA KLUCZ 1\/2 - BOBIMARKET.pl - Remontuj i urz\u0105dzaj z nami","robots":{"index":"index","follow":"follow","max-snippet":"max-snippet:-1","max-image-preview":"max-image-preview:large","max-video-preview":"max-video-preview:-1"},"canonical":"https:\/\/bobimarket.pl\/index.php\/produkt\/przegub-cardana-nasadka-klucz-1-2\/","og_locale":"pl_PL","og_type":"article","og_title":"PRZEGUB CARDANA NASADKA KLUCZ 1\/2 - BOBIMARKET.pl - Remontuj i urz\u0105dzaj z nami","og_description":"PRZEGUB CARDANA NASADKA KLUCZ\u00a0 1\/2&#8243; Informacje og\u00f3lne: Materia\u0142: stal CrV ( stal chromowo-wanadowa) Rozmiar: 1\/2&#8243; Element, w kt\u00f3ry warto wyposa\u017cy\u0107 swoj\u0105 skrzynk\u0119 narz\u0119dziow\u0105! Nasadka wykonana ze stali chromowo-wanadowej. Trwa\u0142a pow\u0142oka chromowa zabezpieczaj\u0105ca przed korozj\u0105. Przegub Cardana s\u0142u\u017cy do odkr\u0119cania i dokr\u0119canie trudno dost\u0119pnych element\u00f3w. Narz\u0119dzie to wykorzystuje ruch obrotowy pomi\u0119dzy dwoma elementami (pokr\u0119t\u0142em i \u015brub\u0105)     Czytaj wi\u0119cej \"PRZEGUB CARDANA NASADKA KLUCZ 1\/2\"","og_url":"https:\/\/bobimarket.pl\/index.php\/produkt\/przegub-cardana-nasadka-klucz-1-2\/","og_site_name":"BOBIMARKET.pl - Remontuj i urz\u0105dzaj z nami","article_modified_time":"2025-02-27T16:23:59+00:00","og_image":[{"url":"https:\/\/upload.cdn.baselinker.com\/products\/14476\/d30839f9bd51e7d55e9ca0873ad8cde9.jpg"}],"twitter_card":"summary_large_image","twitter_misc":{"Szacowany czas czytania":"1 minuta"},"schema":{"@context":"https:\/\/schema.org","@graph":[{"@type":"WebPage","@id":"https:\/\/bobimarket.pl\/index.php\/produkt\/przegub-cardana-nasadka-klucz-1-2\/","url":"https:\/\/bobimarket.pl\/index.php\/produkt\/przegub-cardana-nasadka-klucz-1-2\/","name":"PRZEGUB CARDANA NASADKA KLUCZ 1\/2 - BOBIMARKET.pl - Remontuj i urz\u0105dzaj z nami","isPartOf":{"@id":"https:\/\/bobimarket.pl\/#website"},"datePublished":"2023-08-30T11:23:01+00:00","dateModified":"2025-02-27T16:23:59+00:00","breadcrumb":{"@id":"https:\/\/bobimarket.pl\/index.php\/produkt\/przegub-cardana-nasadka-klucz-1-2\/#breadcrumb"},"inLanguage":"pl-PL","potentialAction":[{"@type":"ReadAction","target":["https:\/\/bobimarket.pl\/index.php\/produkt\/przegub-cardana-nasadka-klucz-1-2\/"]}]},{"@type":"BreadcrumbList","@id":"https:\/\/bobimarket.pl\/index.php\/produkt\/przegub-cardana-nasadka-klucz-1-2\/#breadcrumb","itemListElement":[{"@type":"ListItem","position":1,"name":"Strona g\u0142\u00f3wna","item":"https:\/\/bobimarket.pl\/"},{"@type":"ListItem","position":2,"name":"Sklep","item":"https:\/\/bobimarket.pl\/index.php\/shop\/"},{"@type":"ListItem","position":3,"name":"PRZEGUB CARDANA NASADKA KLUCZ 1\/2"}]},{"@type":"WebSite","@id":"https:\/\/bobimarket.pl\/#website","url":"https:\/\/bobimarket.pl\/","name":"BOBIMARKET.pl - Remontuj i urz\u0105dzaj z nami","description":"Remontuj i urz\u0105dzaj z nami","publisher":{"@id":"https:\/\/bobimarket.pl\/#organization"},"potentialAction":[{"@type":"SearchAction","target":{"@type":"EntryPoint","urlTemplate":"https:\/\/bobimarket.pl\/?s={search_term_string}"},"query-input":"required name=search_term_string"}],"inLanguage":"pl-PL"},{"@type":"Organization","@id":"https:\/\/bobimarket.pl\/#organization","name":"BOBIMARKET.pl","url":"https:\/\/bobimarket.pl\/","logo":{"@type":"ImageObject","inLanguage":"pl-PL","@id":"https:\/\/bobimarket.pl\/#\/schema\/logo\/image\/","url":"https:\/\/bobimarket.pl\/wp-content\/uploads\/2021\/11\/slogan.png","contentUrl":"https:\/\/bobimarket.pl\/wp-content\/uploads\/2021\/11\/slogan.png","width":2000,"height":384,"caption":"BOBIMARKET.pl"},"image":{"@id":"https:\/\/bobimarket.pl\/#\/schema\/logo\/image\/"}}]}},"_links":{"self":[{"href":"https:\/\/bobimarket.pl\/index.php\/wp-json\/wp\/v2\/product\/96209"}],"collection":[{"href":"https:\/\/bobimarket.pl\/index.php\/wp-json\/wp\/v2\/product"}],"about":[{"href":"https:\/\/bobimarket.pl\/index.php\/wp-json\/wp\/v2\/types\/product"}],"wp:featuredmedia":[{"embeddable":true,"href":"https:\/\/bobimarket.pl\/index.php\/wp-json\/wp\/v2\/media\/96206"}],"wp:attachment":[{"href":"https:\/\/bobimarket.pl\/index.php\/wp-json\/wp\/v2\/media?parent=96209"}],"wp:term":[{"taxonomy":"product_cat","embeddable":true,"href":"https:\/\/bobimarket.pl\/index.php\/wp-json\/wp\/v2\/product_cat?post=96209"},{"taxonomy":"product_tag","embeddable":true,"href":"https:\/\/bobimarket.pl\/index.php\/wp-json\/wp\/v2\/product_tag?post=96209"}],"curies":[{"name":"wp","href":"https:\/\/api.w.org\/{rel}","templated":true}]}}